{"id":8531,"date":"2025-05-19T20:31:46","date_gmt":"2025-05-19T20:31:46","guid":{"rendered":"https:\/\/electricstore.eu\/product\/uncategorized\/kukirin-g2-pro-electric-scooter-600w48v15-6ah\/"},"modified":"2025-05-20T13:07:25","modified_gmt":"2025-05-20T13:07:25","slug":"kukirin-g2-pro-electric-scooter-600w48v15-6ah","status":"publish","type":"product","link":"https:\/\/www.electricstore.eu\/fr\/p\/scooters\/electric-off-road-scooter\/kukirin-g2-pro-electric-scooter-600w48v15-6ah\/","title":{"rendered":"Trottinette \u00e9lectrique pliable Kukirin G2 Pro 600 W 48 V 15,6 Ah 45 km\/h 60-80 km 9 pouces"},"content":{"rendered":"<div class=\"product-specs-list-container\">\n<ul class=\"product-specs-list util-clearfix\">\n<li class=\"product-prop line-limit-length\"><span\n                                        class=\"property-title\">Num\u00e9ro de mod\u00e8le :&nbsp;<\/span><span\n                                        class=\"property-desc line-limit-length\">G2 Pro<\/span>\n                            <\/li>\n<li class=\"product-prop line-limit-length\"><span\n                                        class=\"property-title\">Cat\u00e9gorie:&nbsp;<\/span><span\n                                        class=\"property-desc line-limit-length\">Scooter \u00e0 deux roues<\/span>\n                            <\/li>\n<li class=\"product-prop line-limit-length\"><span\n                                        class=\"property-title\">Personnes concern\u00e9es :&nbsp;<\/span><span\n                                        class=\"property-desc line-limit-length\">Unisexe<\/span>\n                            <\/li>\n<li class=\"product-prop line-limit-length\"><span\n                                        class=\"property-title\">Autonomie par charge :&nbsp;<\/span><span\n                                        class=\"property-desc line-limit-length\">60-80 km<\/span>\n                            <\/li>\n<li class=\"product-prop line-limit-length\"><span\n                                        class=\"property-title\">Temps de charge :&nbsp;<\/span><span\n                                        class=\"property-desc line-limit-length\">6-8h<\/span>\n                            <\/li>\n<li class=\"product-prop line-limit-length\"><span\n                                        class=\"property-title\">tension:&nbsp;<\/span><span\n                                        class=\"property-desc line-limit-length\">48v<\/span>\n                            <\/li>\n<li class=\"product-prop line-limit-length\"><span\n                                        class=\"property-title\">Pli\u00e9 :&nbsp;<\/span><span\n                                        class=\"property-desc line-limit-length\">OUI<\/span>\n                            <\/li>\n<li class=\"product-prop line-limit-length\"><span\n                                        class=\"property-title\">Origine:&nbsp;<\/span><span\n                                        class=\"property-desc line-limit-length\">Chine continentale<\/span>\n                            <\/li>\n<li class=\"product-prop line-limit-length\"><span\n                                        class=\"property-title\">Puissance (W) :&nbsp;<\/span><span\n                                        class=\"property-desc line-limit-length\">501-1000w<\/span>\n                            <\/li>\n<li class=\"product-prop line-limit-length\"><span\n                                        class=\"property-title\">Lieu d&#039;origine :&nbsp;<\/span><span\n                                        class=\"property-desc line-limit-length\">Guangdong, Chine<\/span>\n                            <\/li>\n<li class=\"product-prop line-limit-length\"><span\n                                        class=\"property-title\">Marque:&nbsp;<\/span><span\n                                        class=\"property-desc line-limit-length\">Kukirin<\/span>\n                            <\/li>\n<li class=\"product-prop line-limit-length\"><span\n                                        class=\"property-title\">Num\u00e9ro de mod\u00e8le :&nbsp;<\/span><span\n                                        class=\"property-desc line-limit-length\">Kukirin G2 Pro<\/span>\n                            <\/li>\n<li class=\"product-prop line-limit-length\"><span\n                                        class=\"property-title\">Temps de charge :&nbsp;<\/span><span\n                                        class=\"property-desc line-limit-length\">7 \u00e0 8 heures<\/span>\n                            <\/li>\n<li class=\"product-prop line-limit-length\"><span\n                                        class=\"property-title\">Pliable :&nbsp;<\/span><span\n                                        class=\"property-desc line-limit-length\">Oui<\/span>\n                            <\/li>\n<li class=\"product-prop line-limit-length\"><span\n                                        class=\"property-title\">Autonomie par charge :&nbsp;<\/span><span\n                                        class=\"property-desc line-limit-length\">\u226458 km<\/span>\n                            <\/li>\n<li class=\"product-prop line-limit-length\"><span\n                                        class=\"property-title\">Vitesse maximale :&nbsp;<\/span><span\n                                        class=\"property-desc line-limit-length\">Autre<\/span>\n                            <\/li>\n<li class=\"product-prop line-limit-length\"><span\n                                        class=\"property-title\">Cat\u00e9gorie:&nbsp;<\/span><span\n                                        class=\"property-desc line-limit-length\">Scooter \u00e0 deux roues<\/span>\n                            <\/li>\n<li class=\"product-prop line-limit-length\"><span\n                                        class=\"property-title\">Applicable \u00e0 la foule :&nbsp;<\/span><span\n                                        class=\"property-desc line-limit-length\">Unisexe<\/span>\n                            <\/li>\n<li class=\"product-prop line-limit-length\"><span\n                                        class=\"property-title\">Type intelligent :&nbsp;<\/span><span\n                                        class=\"property-desc line-limit-length\">\u00c9lectronique<\/span>\n                            <\/li>\n<li class=\"product-prop line-limit-length\"><span\n                                        class=\"property-title\">Capacit\u00e9 de la batterie :&nbsp;<\/span><span\n                                        class=\"property-desc line-limit-length\">15,6 Ah<\/span>\n                            <\/li>\n<li class=\"product-prop line-limit-length\"><span\n                                        class=\"property-title\">moteur:&nbsp;<\/span><span\n                                        class=\"property-desc line-limit-length\">Sans balais<\/span>\n                            <\/li>\n<li class=\"product-prop line-limit-length\"><span\n                                        class=\"property-title\">\u00c9tanche:&nbsp;<\/span><span\n                                        class=\"property-desc line-limit-length\">\u00c9tanche<\/span>\n                            <\/li>\n<li class=\"product-prop line-limit-length\"><span\n                                        class=\"property-title\">Puissance du moteur :&nbsp;<\/span><span\n                                        class=\"property-desc line-limit-length\">600 W<\/span>\n                            <\/li>\n<li class=\"product-prop line-limit-length\"><span\n                                        class=\"property-title\">Type de prise :&nbsp;<\/span><span\n                                        class=\"property-desc line-limit-length\">prise europ\u00e9enne<\/span>\n                            <\/li>\n<li class=\"product-prop line-limit-length\"><span\n                                        class=\"property-title\">Type de suspension :&nbsp;<\/span><span\n                                        class=\"property-desc line-limit-length\">Suspension double<\/span>\n                            <\/li>\n<li class=\"product-prop line-limit-length\"><span\n                                        class=\"property-title\">charge maximale\u00a0:&nbsp;<\/span><span\n                                        class=\"property-desc line-limit-length\">120 kg<\/span>\n                            <\/li>\n<li class=\"product-prop line-limit-length\"><span\n                                        class=\"property-title\">Type de batterie :&nbsp;<\/span><span\n                                        class=\"property-desc line-limit-length\">batterie au lithium<\/span>\n                            <\/li>\n<li class=\"product-prop line-limit-length\"><span\n                                        class=\"property-title\">Mat\u00e9riel:&nbsp;<\/span><span\n                                        class=\"property-desc line-limit-length\">Aluminium<\/span>\n                            <\/li>\n<li class=\"product-prop line-limit-length\"><span\n                                        class=\"property-title\">Syst\u00e8me de freinage :&nbsp;<\/span><span\n                                        class=\"property-desc line-limit-length\">Disque<\/span>\n                            <\/li>\n<li class=\"product-prop line-limit-length\"><span\n                                        class=\"property-title\">fonctionnalit\u00e9:&nbsp;<\/span><span\n                                        class=\"property-desc line-limit-length\">Pliable<\/span>\n                            <\/li>\n<li class=\"product-prop line-limit-length\"><span\n                                        class=\"property-title\">Hauteur de l&#039;article (de la base au sommet) :&nbsp;<\/span><span\n                                        class=\"property-desc line-limit-length\">119 cm<\/span>\n                            <\/li>\n<li class=\"product-prop line-limit-length\"><span\n                                        class=\"property-title\">Certificat:&nbsp;<\/span><span\n                                        class=\"property-desc line-limit-length\"><\/span>\n                            <\/li>\n<\/ul><\/div>\n<div class=\"detailmodule_html\">\n<div class=\"detail-desc-decorate-richtext\">\n<div id=\"detail_decorate_root\">\n<div>&nbsp;<\/div>\n<div class=\"J_module\">\n<div class=\"magic-1\" id=\"ali-anchor-AliMagic-7257t5\">Description des produits<\/div>\n<\/div>\n<div class=\"J_module\">\n<div class=\"detail-decorate-json-renderer-container\">\n<div class=\"magic-2\">\n<div class=\"magic-3\">\n<div class=\"magic-4\">\n<div class=\"magic-5\">\n<div class=\"magic-6\"><strong class=\"magic-7\">Trottinette \u00e9lectrique pliable Kukirin G2 Pro, nouvelle version 2024 <\/strong><\/div>\n<div class=\"magic-9\">&nbsp;<\/div>\n<div><strong>* En stock en Europe, pr\u00eat \u00e0 \u00eatre exp\u00e9di\u00e9 vers tous les pays de l&#039;Union europ\u00e9enne, quantit\u00e9 minimale de commande\u00a0: 1 pi\u00e8ce. <\/strong><\/p>\n<p><strong>* Livraison gratuite et rapide, 3 \u00e0 7 jours ouvrables.<\/strong><\/div>\n<\/div>\n<\/div>\n<\/div>\n<\/div>\n<\/div>\n<\/div>\n<div class=\"J_module\">\n<div class=\"magic-1\" id=\"ali-anchor-AliMagic-2jrzdx\">Param\u00e8tres du produit<\/div>\n<\/div>\n<div class=\"J_module\">\n<div class=\"ife-detail-decorate-table\">\n<table class=\"all magic-14\" style=\"border-collapse:collapse\">\n<tbody>\n<tr>\n<td colspan=\"1\" rowspan=\"1\">\n<div class=\"magic-15\">Nom du mod\u00e8le<\/div>\n<\/td>\n<td colspan=\"1\" rowspan=\"1\">\n<div class=\"magic-16\">Kugookirin G2 Pro<\/div>\n<\/td>\n<td class=\"magic-17\" rowspan=\"0\">\n<div class=\"magic-18\">54V<\/div>\n<\/td>\n<\/tr>\n<tr>\n<td colspan=\"1\" rowspan=\"1\">\n<div class=\"magic-19\">Moteur<\/div>\n<\/td>\n<td colspan=\"1\" rowspan=\"1\">\n<div class=\"magic-16\">600 W<\/div>\n<\/td>\n<td class=\"magic-17\" rowspan=\"0\">\n<div class=\"magic-18\">8 heures<\/div>\n<\/td>\n<\/tr>\n<tr>\n<td colspan=\"1\" rowspan=\"1\">\n<div class=\"magic-15\">Batterie de tension<\/div>\n<\/td>\n<td colspan=\"1\" rowspan=\"1\">\n<div class=\"magic-16\">48V<\/div>\n<\/td>\n<td class=\"magic-17\" rowspan=\"0\">\n<div class=\"magic-18\">Frein \u00e0 disque, frein \u00e0 coupure d&#039;alimentation<\/div>\n<\/td>\n<\/tr>\n<tr>\n<td colspan=\"1\" rowspan=\"1\">\n<div class=\"magic-19\">Batterie<\/div>\n<\/td>\n<td colspan=\"1\" rowspan=\"1\">\n<div class=\"magic-16\">15 Ah<\/div>\n<\/td>\n<td class=\"magic-17\" rowspan=\"0\">\n<div class=\"magic-18\">4 m<\/div>\n<\/td>\n<\/tr>\n<tr>\n<td colspan=\"1\" rowspan=\"1\">\n<div class=\"magic-15\">Vitesse maximale<\/div>\n<\/td>\n<td colspan=\"1\" rowspan=\"1\">\n<div class=\"magic-16\">45 km\/h&nbsp;<\/div>\n<\/td>\n<td class=\"magic-17\" rowspan=\"0\">\n<div class=\"magic-18\">DIRIG\u00c9&nbsp;<\/div>\n<\/td>\n<\/tr>\n<tr>\n<td colspan=\"1\" rowspan=\"1\">\n<div class=\"magic-19\">Gamme<\/div>\n<\/td>\n<td colspan=\"1\" rowspan=\"1\">\n<div class=\"magic-16\">55 km<\/div>\n<\/td>\n<td class=\"magic-17\" rowspan=\"0\">\n<div class=\"magic-18\">Objectif\/Phares de conduite\/Avertisseur sonore<\/div>\n<\/td>\n<\/tr>\n<tr>\n<td colspan=\"1\" rowspan=\"1\">\n<div class=\"magic-19\">Charge maximale<\/div>\n<\/td>\n<td colspan=\"1\" rowspan=\"1\">\n<div class=\"magic-16\">120 kg<\/div>\n<\/td>\n<td class=\"magic-17\" rowspan=\"0\">\n<div class=\"magic-18\">IED\/Feux de route\/Feux de freinage<\/div>\n<\/td>\n<\/tr>\n<tr>\n<td colspan=\"1\" rowspan=\"1\">\n<div class=\"magic-19\">Pneu<\/div>\n<\/td>\n<td colspan=\"1\" rowspan=\"1\">\n<div class=\"magic-16\">Pneus sous vide de 9 pouces<\/div>\n<\/td>\n<td class=\"magic-17\" rowspan=\"0\">\n<div class=\"magic-18\">IED\/Clignotant\/Feu stop<\/div>\n<\/td>\n<\/tr>\n<\/tbody>\n<\/table>\n<\/div>\n<\/div>\n<div class=\"J_module\">\n<div class=\"magic-1\" id=\"ali-anchor-AliMagic-zvspms\">Images d\u00e9taill\u00e9es<\/div>\n<\/div>\n<div class=\"J_module\">\n<div class=\"icbu-pc-detailManyImage magic-20\">\n<div class=\"magic-21\"><img decoding=\"async\" class=\"magic-22\" slate-data-type=\"image\" src=\"https:\/\/ae01.alicdn.com\/kf\/S1e5b2a7c31394fd99237297aba3bc062z.jpg?width=1920&#038;height=1111&#038;hash=3031\"><\/div>\n<div class=\"magic-21\"><img decoding=\"async\" class=\"magic-22\" slate-data-type=\"image\" src=\"https:\/\/ae01.alicdn.com\/kf\/S60f67cc9e9a64745a6f3da2dbe315ed8E.jpg?width=1920&#038;height=945&#038;hash=2865\"><\/div>\n<div class=\"magic-21\"><img decoding=\"async\" class=\"magic-22\" slate-data-type=\"image\" src=\"https:\/\/ae01.alicdn.com\/kf\/Se9ddc69769db4e709c472f8a5703c5744.jpg?width=1920&#038;height=1059&#038;hash=2979\"><\/div>\n<div class=\"magic-21\"><img decoding=\"async\" class=\"magic-22\" slate-data-type=\"image\" src=\"https:\/\/ae01.alicdn.com\/kf\/S0092512e5b804e1d912386a8428b6f71w.jpg?width=1920&#038;height=1043&#038;hash=2963\"><\/div>\n<div class=\"magic-21\"><img decoding=\"async\" class=\"magic-22\" slate-data-type=\"image\" src=\"https:\/\/ae01.alicdn.com\/kf\/Sa682584db55346918a2577a6c18b666fn.jpg?width=1920&#038;height=935&#038;hash=2855\"><\/div>\n<div class=\"magic-21\"><img decoding=\"async\" class=\"magic-22\" slate-data-type=\"image\" src=\"https:\/\/ae01.alicdn.com\/kf\/S681fdec82afd4762be79d13ee2cf198eS.jpg?width=1920&#038;height=935&#038;hash=2855\"><\/div>\n<div class=\"magic-21\"><img decoding=\"async\" class=\"magic-22\" slate-data-type=\"image\" src=\"https:\/\/ae01.alicdn.com\/kf\/S670dc4d7700c4f3cbd1d5b37ec5957078.jpg?width=1920&#038;height=999&#038;hash=2919\"><\/div>\n<div class=\"magic-21\"><img decoding=\"async\" class=\"magic-22\" slate-data-type=\"image\" src=\"https:\/\/ae01.alicdn.com\/kf\/S7335a97eed26422eb0db9cb4f6bc8047g.jpg?width=1920&#038;height=933&#038;hash=2853\"><\/div>\n<div class=\"magic-21\"><img decoding=\"async\" class=\"magic-22\" slate-data-type=\"image\" src=\"https:\/\/ae01.alicdn.com\/kf\/Sd6c364403d1644ad92f05491dd570524g.jpg?width=1920&#038;height=943&#038;hash=2863\"><\/div>\n<\/div>\n<\/div>\n<div class=\"J_module\">\n<div class=\"icbu-pc-images magic-23\">\n<div>\n<div class=\"flex-layout-v\">\n<div class=\"flex-layout-h magic-23\">\n<div class=\"magic-24\"><img decoding=\"async\" class=\"magic-25\" slate-data-type=\"image\" src=\"https:\/\/ae01.alicdn.com\/kf\/S9ba9bdf7f91b45019f8e5372f534e19bB.jpg?width=1920&#038;height=995&#038;hash=2915\"><\/div>\n<\/div>\n<\/div>\n<\/div>\n<\/div>\n<\/div>\n<div class=\"J_module\">\n<div class=\"icbu-pc-images magic-23\">\n<div>\n<div class=\"flex-layout-v\">\n<div class=\"flex-layout-h magic-23\">\n<div class=\"magic-26\"><img decoding=\"async\" class=\"magic-27\" slate-data-type=\"image\" src=\"https:\/\/ae01.alicdn.com\/kf\/S9ba23bf0d8d64660a83fdb742fcbd35ds.jpg?width=1920&#038;height=981&#038;hash=2901\"><\/div>\n<\/div>\n<\/div>\n<\/div>\n<\/div>\n<\/div>\n<div class=\"J_module\">\n<div class=\"icbu-pc-images magic-23\">\n<div>\n<div class=\"flex-layout-v\">\n<div class=\"flex-layout-h magic-23\">\n<div class=\"magic-28\"><img decoding=\"async\" class=\"magic-29\" slate-data-type=\"image\" src=\"https:\/\/ae01.alicdn.com\/kf\/Sec9d00db1617456caf22453100de61dbS.jpg?width=1920&#038;height=1756&#038;hash=3676\"><\/div>\n<\/div>\n<\/div>\n<\/div>\n<\/div>\n<\/div>\n<div class=\"J_module\">\n<div class=\"icbu-pc-images magic-23\">\n<div>\n<div class=\"flex-layout-v\">\n<div class=\"flex-layout-h magic-23\">\n<div class=\"magic-30\"><img decoding=\"async\" class=\"magic-31\" slate-data-type=\"image\" src=\"https:\/\/ae01.alicdn.com\/kf\/Sd34abf816441484cbccb5db87e483d82h.jpg?width=1920&#038;height=1773&#038;hash=3693\"><\/div>\n<\/div>\n<\/div>\n<\/div>\n<\/div>\n<\/div>\n<div class=\"J_module\">\n<div class=\"icbu-pc-images magic-23\">\n<div>\n<div class=\"flex-layout-v\">\n<div class=\"flex-layout-h magic-23\">\n<div class=\"magic-32\"><img decoding=\"async\" class=\"magic-33\" slate-data-type=\"image\" src=\"https:\/\/ae01.alicdn.com\/kf\/Sf1926362825346a5b79f8c8ca398ae96y.jpg?width=1920&#038;height=3830&#038;hash=5750\"><\/div>\n<\/div>\n<\/div>\n<\/div>\n<\/div>\n<\/div>\n<div class=\"J_module\">\n<div class=\"icbu-pc-images magic-23\">\n<div>\n<div class=\"flex-layout-v\">\n<div class=\"flex-layout-h magic-23\">\n<div class=\"magic-34\"><img decoding=\"async\" class=\"magic-35\" slate-data-type=\"image\" src=\"https:\/\/ae01.alicdn.com\/kf\/S37c86b077e8e42d8a4db8bb07d8c0f9aD.jpg?width=1920&#038;height=986&#038;hash=2906\"><\/div>\n<\/div>\n<\/div>\n<\/div>\n<\/div>\n<\/div>\n<div class=\"J_module\">\n<div class=\"icbu-pc-images magic-23\">\n<div>\n<div class=\"flex-layout-v\">\n<div class=\"flex-layout-h magic-23\">\n<div class=\"magic-36\"><img decoding=\"async\" class=\"magic-37\" slate-data-type=\"image\" src=\"https:\/\/ae01.alicdn.com\/kf\/S35b01c98b9244382bb4049d0fd637f67G.jpg?width=1920&#038;height=2745&#038;hash=4665\"><\/div>\n<\/div>\n<\/div>\n<\/div>\n<\/div>\n<\/div>\n<div class=\"J_module\">\n<div class=\"icbu-pc-images magic-23\">\n<div>\n<div class=\"flex-layout-v\">\n<div class=\"flex-layout-h magic-23\">\n<div class=\"magic-38\"><img decoding=\"async\" class=\"magic-39\" slate-data-type=\"image\" src=\"https:\/\/ae01.alicdn.com\/kf\/Sa7a6ec1618fe41478f65e80d7e722b477.jpg?width=1920&#038;height=1076&#038;hash=2996\"><\/div>\n<\/div>\n<\/div>\n<\/div>\n<\/div>\n<\/div>\n<div class=\"J_module\">\n<div class=\"magic-1\" id=\"ali-anchor-AliMagic-w1kzr8\">Pourquoi nous choisir ?<\/div>\n<\/div>\n<div class=\"J_module\">\n<div class=\"icbu-pc-images magic-23\">\n<div>\n<div class=\"flex-layout-v\">\n<div class=\"flex-layout-h magic-23\">\n<div class=\"magic-40\"><img decoding=\"async\" class=\"magic-41\" slate-data-type=\"image\" src=\"https:\/\/ae01.alicdn.com\/kf\/S27ae9ce82ae741139944b93eba0f6f39n.jpg?width=750&#038;height=571&#038;hash=1321\"><\/div>\n<\/div>\n<\/div>\n<\/div>\n<\/div>\n<\/div>\n<div class=\"J_module\">\n<div class=\"icbu-pc-images magic-23\">\n<div>\n<div class=\"flex-layout-v\">\n<div class=\"flex-layout-h magic-23\">\n<div class=\"magic-42\"><img decoding=\"async\" class=\"magic-43\" slate-data-type=\"image\" src=\"https:\/\/ae01.alicdn.com\/kf\/Sa12f41e1baad428b8107b5af09ffa675C.jpg?width=750&#038;height=655&#038;hash=1405\"><\/div>\n<\/div>\n<\/div>\n<\/div>\n<\/div>\n<\/div>\n<div class=\"J_module\">\n<div class=\"magic-1\" id=\"ali-anchor-AliMagic-2yuxvy\">Entrep\u00f4t europ\u00e9en<\/div>\n<\/div>\n<div class=\"J_module\">\n<div class=\"icbu-pc-images magic-23\">\n<div>\n<div class=\"flex-layout-v\">\n<div class=\"flex-layout-h magic-23\">\n<div class=\"magic-44\"><img decoding=\"async\" class=\"magic-45\" slate-data-type=\"image\" src=\"https:\/\/ae01.alicdn.com\/kf\/Sdc0c972ec92f4eae9c37e60a99497c47X.jpg?width=750&#038;height=1109&#038;hash=1859\"><\/div>\n<\/div>\n<\/div>\n<\/div>\n<\/div>\n<\/div>\n<div class=\"J_module\">\n<div class=\"icbu-pc-images magic-23\">\n<div>\n<div class=\"flex-layout-v\">\n<div class=\"flex-layout-h magic-23\">\n<div class=\"magic-46\"><img decoding=\"async\" class=\"magic-47\" slate-data-type=\"image\" src=\"https:\/\/ae01.alicdn.com\/kf\/Se569c5fcbb134d88a8111b73ba330050b.jpg?width=750&#038;height=709&#038;hash=1459\"><\/div>\n<\/div>\n<\/div>\n<\/div>\n<\/div>\n<\/div>\n<div class=\"J_module\">\n<div class=\"icbu-pc-images magic-23\">\n<div>\n<div class=\"flex-layout-v\">\n<div class=\"flex-layout-h magic-23\">\n<div class=\"magic-48\"><img decoding=\"async\" class=\"magic-49\" slate-data-type=\"image\" src=\"https:\/\/ae01.alicdn.com\/kf\/S0c59973d3f3549439484d6d02885f886c.jpg?width=750&#038;height=554&#038;hash=1304\"><\/div>\n<\/div>\n<\/div>\n<\/div>\n<\/div>\n<\/div>\n<div class=\"J_module\">\n<div class=\"magic-1\" id=\"ali-anchor-AliMagic-h5expe\">FAQ<\/div>\n<\/div>\n<div class=\"J_module\">\n<div class=\"icbu-pc-images magic-23\">\n<div>\n<div class=\"flex-layout-v\">\n<div class=\"flex-layout-h magic-23\">\n<div class=\"magic-50\"><img decoding=\"async\" class=\"magic-51\" slate-data-type=\"image\" src=\"https:\/\/ae01.alicdn.com\/kf\/S9d4825ca785e4e648d35c4053b2760f8b.jpg?width=750&#038;height=601&#038;hash=1351\"><\/div>\n<\/div>\n<\/div>\n<\/div>\n<\/div>\n<\/div>\n<div class=\"J_module\">\n<div class=\"magic-1\" id=\"ali-anchor-AliMagic-ap4bcw\">Contactez-nous<\/div>\n<\/div>\n<div class=\"J_module\">\n<div class=\"icbu-pc-images magic-23\">\n<div>\n<div class=\"flex-layout-v\">\n<div class=\"flex-layout-h magic-23\">\n<div class=\"magic-52\"><img decoding=\"async\" class=\"magic-53\" slate-data-type=\"image\" src=\"https:\/\/ae01.alicdn.com\/kf\/Sd5e5db0f7b3042a491b974f77e225fa5a.jpg?width=750&#038;height=518&#038;hash=1268\" usemap=\"#2-d9-9ea-5c2c\"><\/p>\n<map name=\"2-d9-9ea-5c2c\">\n<area coords=\"29,224,214,326\" href=\"https:\/\/sedatop.en.alibaba.com\/contactinfo.html\" shape=\"rect\" target=\"_blank\">\n<area coords=\"228,268,666,429\" href=\"https:\/\/sedatop.en.alibaba.com\/\" shape=\"rect\" target=\"_blank\"><\/map>\n<\/div>\n<\/div>\n<\/div>\n<\/div>\n<\/div>\n<\/div>\n<\/div>\n<\/div>\n<\/div>","protected":false},"excerpt":{"rendered":"<p>Model Number:&nbsp;G2 Pro Category:&nbsp;Two-wheel Scooter Applicable People:&nbsp;Unisex Range Per Charge:&nbsp;60-80km Charging Time:&nbsp;6-8h Voltage:&nbsp;48v Folded:&nbsp;YES Origin:&nbsp;Mainland China Power (W):&nbsp;501-1000w Place of Origin:&nbsp;Guangdong, China Brand:&nbsp;Kukirin Model Number:&nbsp;Kukirin G2 Pro Charging Time:&nbsp;7-8hours Foldable:&nbsp;Yes<\/p>","protected":false},"featured_media":8532,"comment_status":"open","ping_status":"closed","template":"","meta":{"_acf_changed":false},"product_brand":[],"product_cat":[468,297],"product_tag":[],"class_list":{"0":"post-8531","1":"product","2":"type-product","3":"status-publish","4":"has-post-thumbnail","6":"product_cat-electric-off-road-scooter","7":"product_cat-scooters","9":"first","10":"instock","11":"shipping-taxable","12":"purchasable","13":"product-type-simple"},"acf":[],"_links":{"self":[{"href":"https:\/\/www.electricstore.eu\/fr\/wp-json\/wp\/v2\/product\/8531","targetHints":{"allow":["GET"]}}],"collection":[{"href":"https:\/\/www.electricstore.eu\/fr\/wp-json\/wp\/v2\/product"}],"about":[{"href":"https:\/\/www.electricstore.eu\/fr\/wp-json\/wp\/v2\/types\/product"}],"replies":[{"embeddable":true,"href":"https:\/\/www.electricstore.eu\/fr\/wp-json\/wp\/v2\/comments?post=8531"}],"wp:featuredmedia":[{"embeddable":true,"href":"https:\/\/www.electricstore.eu\/fr\/wp-json\/wp\/v2\/media\/8532"}],"wp:attachment":[{"href":"https:\/\/www.electricstore.eu\/fr\/wp-json\/wp\/v2\/media?parent=8531"}],"wp:term":[{"taxonomy":"product_brand","embeddable":true,"href":"https:\/\/www.electricstore.eu\/fr\/wp-json\/wp\/v2\/product_brand?post=8531"},{"taxonomy":"product_cat","embeddable":true,"href":"https:\/\/www.electricstore.eu\/fr\/wp-json\/wp\/v2\/product_cat?post=8531"},{"taxonomy":"product_tag","embeddable":true,"href":"https:\/\/www.electricstore.eu\/fr\/wp-json\/wp\/v2\/product_tag?post=8531"}],"curies":[{"name":"wp","href":"https:\/\/api.w.org\/{rel}","templated":true}]}}