{"id":8517,"date":"2025-05-19T20:31:39","date_gmt":"2025-05-19T20:31:39","guid":{"rendered":"https:\/\/electricstore.eu\/product\/uncategorized\/x10-electric-scooter-off-road-scooter-11-inch-60v-6000w-dual-motor-40ah\/"},"modified":"2025-05-20T13:07:32","modified_gmt":"2025-05-20T13:07:32","slug":"x10-electric-scooter-off-road-scooter-11-inch-60v-6000w-dual-motor-40ah","status":"publish","type":"product","link":"https:\/\/www.electricstore.eu\/fr\/p\/scooters\/electric-off-road-scooter\/x10-electric-scooter-off-road-scooter-11-inch-60v-6000w-dual-motor-40ah\/","title":{"rendered":"Trottinette \u00e9lectrique tout-terrain X10, 6000 W, 60 V, 40 Ah, 75-85 km\/h, 60-100 km, 11 pouces"},"content":{"rendered":"<div class=\"product-specs-list-container\">\n<ul class=\"product-specs-list util-clearfix\">\n<li class=\"product-prop line-limit-length\"><span\n                                        class=\"property-title\">Taille des pneus :&nbsp;<\/span><span\n                                        class=\"property-desc line-limit-length\">11 pouces<\/span>\n                            <\/li>\n<li class=\"product-prop line-limit-length\"><span\n                                        class=\"property-title\">Num\u00e9ro de mod\u00e8le :&nbsp;<\/span><span\n                                        class=\"property-desc line-limit-length\">X10<\/span>\n                            <\/li>\n<li class=\"product-prop line-limit-length\"><span\n                                        class=\"property-title\">Cat\u00e9gorie:&nbsp;<\/span><span\n                                        class=\"property-desc line-limit-length\">Scooter \u00e0 deux roues<\/span>\n                            <\/li>\n<li class=\"product-prop line-limit-length\"><span\n                                        class=\"property-title\">Personnes concern\u00e9es :&nbsp;<\/span><span\n                                        class=\"property-desc line-limit-length\">Unisexe<\/span>\n                            <\/li>\n<li class=\"product-prop line-limit-length\"><span\n                                        class=\"property-title\">Autonomie par charge :&nbsp;<\/span><span\n                                        class=\"property-desc line-limit-length\">60-80 km<\/span>\n                            <\/li>\n<li class=\"product-prop line-limit-length\"><span\n                                        class=\"property-title\">Temps de charge :&nbsp;<\/span><span\n                                        class=\"property-desc line-limit-length\">8-10h<\/span>\n                            <\/li>\n<li class=\"product-prop line-limit-length\"><span\n                                        class=\"property-title\">tension:&nbsp;<\/span><span\n                                        class=\"property-desc line-limit-length\">60v<\/span>\n                            <\/li>\n<li class=\"product-prop line-limit-length\"><span\n                                        class=\"property-title\">Pli\u00e9 :&nbsp;<\/span><span\n                                        class=\"property-desc line-limit-length\">OUI<\/span>\n                            <\/li>\n<li class=\"product-prop line-limit-length\"><span\n                                        class=\"property-title\">Origine:&nbsp;<\/span><span\n                                        class=\"property-desc line-limit-length\">Chine continentale<\/span>\n                            <\/li>\n<li class=\"product-prop line-limit-length\"><span\n                                        class=\"property-title\">Puissance (W) :&nbsp;<\/span><span\n                                        class=\"property-desc line-limit-length\">1001-2000w<\/span>\n                            <\/li>\n<li class=\"product-prop line-limit-length\"><span\n                                        class=\"property-title\">Lieu d&#039;origine :&nbsp;<\/span><span\n                                        class=\"property-desc line-limit-length\">Jiangsu, Chine<\/span>\n                            <\/li>\n<li class=\"product-prop line-limit-length\"><span\n                                        class=\"property-title\">Marque:&nbsp;<\/span><span\n                                        class=\"property-desc line-limit-length\">combats g\u00e9ographiques<\/span>\n                            <\/li>\n<li class=\"product-prop line-limit-length\"><span\n                                        class=\"property-title\">Num\u00e9ro de mod\u00e8le :&nbsp;<\/span><span\n                                        class=\"property-desc line-limit-length\">X10<\/span>\n                            <\/li>\n<li class=\"product-prop line-limit-length\"><span\n                                        class=\"property-title\">Temps de charge :&nbsp;<\/span><span\n                                        class=\"property-desc line-limit-length\">6-8h<\/span>\n                            <\/li>\n<li class=\"product-prop line-limit-length\"><span\n                                        class=\"property-title\">Pliable :&nbsp;<\/span><span\n                                        class=\"property-desc line-limit-length\">Oui<\/span>\n                            <\/li>\n<li class=\"product-prop line-limit-length\"><span\n                                        class=\"property-title\">Autonomie par charge :&nbsp;<\/span><span\n                                        class=\"property-desc line-limit-length\">80-100 km<\/span>\n                            <\/li>\n<li class=\"product-prop line-limit-length\"><span\n                                        class=\"property-title\">Vitesse maximale :&nbsp;<\/span><span\n                                        class=\"property-desc line-limit-length\">75-85 KM\/H<\/span>\n                            <\/li>\n<li class=\"product-prop line-limit-length\"><span\n                                        class=\"property-title\">Cat\u00e9gorie:&nbsp;<\/span><span\n                                        class=\"property-desc line-limit-length\">Trottinette \u00e9lectrique<\/span>\n                            <\/li>\n<li class=\"product-prop line-limit-length\"><span\n                                        class=\"property-title\">Applicable \u00e0 la foule :&nbsp;<\/span><span\n                                        class=\"property-desc line-limit-length\">Unisexe<\/span>\n                            <\/li>\n<li class=\"product-prop line-limit-length\"><span\n                                        class=\"property-title\">Type intelligent :&nbsp;<\/span><span\n                                        class=\"property-desc line-limit-length\">\u00c9lectronique<\/span>\n                            <\/li>\n<li class=\"product-prop line-limit-length\"><span\n                                        class=\"property-title\">Capacit\u00e9 de la batterie :&nbsp;<\/span><span\n                                        class=\"property-desc line-limit-length\">35AH<\/span>\n                            <\/li>\n<li class=\"product-prop line-limit-length\"><span\n                                        class=\"property-title\">Taille de d\u00e9veloppement :&nbsp;<\/span><span\n                                        class=\"property-desc line-limit-length\">140*28*64CM<\/span>\n                            <\/li>\n<li class=\"product-prop line-limit-length\"><span\n                                        class=\"property-title\">Mat\u00e9riel:&nbsp;<\/span><span\n                                        class=\"property-desc line-limit-length\">Alliage de fer renforc\u00e9 + aluminium<\/span>\n                            <\/li>\n<li class=\"product-prop line-limit-length\"><span\n                                        class=\"property-title\">Taille de l&#039;emballage:&nbsp;<\/span><span\n                                        class=\"property-desc line-limit-length\">130*33*64CM<\/span>\n                            <\/li>\n<li class=\"product-prop line-limit-length\"><span\n                                        class=\"property-title\">Poids corporel :&nbsp;<\/span><span\n                                        class=\"property-desc line-limit-length\">47 kg<\/span>\n                            <\/li>\n<li class=\"product-prop line-limit-length\"><span\n                                        class=\"property-title\">Taille des pneus :&nbsp;<\/span><span\n                                        class=\"property-desc line-limit-length\">Pneus tout-terrain de 11 pouces<\/span>\n                            <\/li>\n<li class=\"product-prop line-limit-length\"><span\n                                        class=\"property-title\">Moteur:&nbsp;<\/span><span\n                                        class=\"property-desc line-limit-length\">6000 W<\/span>\n                            <\/li>\n<li class=\"product-prop line-limit-length\"><span\n                                        class=\"property-title\">Frein:&nbsp;<\/span><span\n                                        class=\"property-desc line-limit-length\">Frein \u00e0 huile CNC avant et arri\u00e8re<\/span>\n                            <\/li>\n<li class=\"product-prop line-limit-length\"><span\n                                        class=\"property-title\">Capacit\u00e9 de la batterie :&nbsp;<\/span><span\n                                        class=\"property-desc line-limit-length\">35ah<\/span>\n                            <\/li>\n<li class=\"product-prop line-limit-length\"><span\n                                        class=\"property-title\">Certification:&nbsp;<\/span><span\n                                        class=\"property-desc line-limit-length\">CE<\/span>\n                            <\/li>\n<li class=\"product-prop line-limit-length\"><span\n                                        class=\"property-title\">Charge maximale :&nbsp;<\/span><span\n                                        class=\"property-desc line-limit-length\">150 kg<\/span>\n                            <\/li>\n<li class=\"product-prop line-limit-length\"><span\n                                        class=\"property-title\">Certificat:&nbsp;<\/span><span\n                                        class=\"property-desc line-limit-length\"><\/span>\n                            <\/li>\n<\/ul><\/div>\n<div class=\"detailmodule_html\">\n<div class=\"detail-desc-decorate-richtext\">\n<div id=\"detail_decorate_root\">\n<div>&nbsp;<\/div>\n<div>\n<div>\n<div>\n<h3 class=\"magic-4\"><span>Trottinette \u00e9lectrique rapide \u00e0 double moteur de 11 pouces, 6000 W, 60 V, avec si\u00e8ge<\/span><\/h3>\n<div>\n<div>\n<div><strong>Puissance\u951b\ufffd<\/strong>6000 W (3000 W * 2 moteurs doubles)<br \/>\n<strong>Taille des pneus :<\/strong>Pneus tout-terrain de 11 pouces<br \/>\n<strong>Capacit\u00e9 de la batterie : <\/strong>Batterie 60V 38ah<br \/>\n<strong>Gamme: <\/strong>75-105 km (45-60 miles) ;<\/div>\n<\/div>\n<\/div>\n<\/div>\n<\/div>\n<\/div>\n<div>&nbsp;<\/div>\n<div>\n<div>\n<div>\n<div>\n<div>\n<div>\n<div><a href=\"\" target=\"_blank\"><span class=\"magic-12\"><strong class=\"magic-13\">Vous voulez cette lumi\u00e8re cool, laissez-moi des messages s&#039;il vous pla\u00eet<\/strong><\/span><\/a><\/div>\n<\/div>\n<\/div>\n<\/div>\n<\/div>\n<\/div>\n<\/div>\n<div>\n<div id=\"ali-anchor-AliMagic-hpbqty\">Description des produits<\/div>\n<\/div>\n<div>\n<div>\n<div>\n<div>\n<div>\n<div>\n<div><strong class=\"magic-12\"><span>trottinettes longue port\u00e9e et trottinettes \u00e9lectriques adultes avec si\u00e8ge pour adultes<\/span><\/strong><\/div>\n<\/div>\n<\/div>\n<\/div>\n<\/div>\n<\/div>\n<\/div>\n<div>\n<div>\n<table class=\"hight-light-first-column all magic-15\" style=\"border-collapse:collapse\">\n<tbody>\n<tr>\n<td colspan=\"1\" rowspan=\"1\">\n<div>\n<div><strong>Taille du corps<\/strong><\/div>\n<\/div>\n<\/td>\n<td colspan=\"4\" rowspan=\"1\">\n<div>128*28*140CM<\/div>\n<\/td>\n<td class=\"magic-19\" rowspan=\"0\">\n<div>&nbsp;<\/div>\n<\/td>\n<td class=\"magic-19\" rowspan=\"0\">\n<div>&nbsp;<\/div>\n<\/td>\n<td class=\"magic-19\" rowspan=\"0\">\n<div>&nbsp;<\/div>\n<\/td>\n<\/tr>\n<tr>\n<td colspan=\"1\" rowspan=\"1\">\n<div>\n<div><strong>Poids corporel<\/strong><\/div>\n<\/div>\n<\/td>\n<td colspan=\"4\" rowspan=\"1\">\n<div>35 kg<\/div>\n<\/td>\n<td class=\"magic-19\" rowspan=\"0\">\n<div>&nbsp;<\/div>\n<\/td>\n<td class=\"magic-19\" rowspan=\"0\">\n<div>&nbsp;<\/div>\n<\/td>\n<td class=\"magic-19\" rowspan=\"0\">\n<div>&nbsp;<\/div>\n<\/td>\n<\/tr>\n<tr>\n<td colspan=\"1\" rowspan=\"1\">\n<div>\n<div><strong>Mat\u00e9riel<\/strong><\/div>\n<\/div>\n<\/td>\n<td colspan=\"4\" rowspan=\"1\">\n<div>Alliage de fer renforc\u00e9 + aluminium<\/div>\n<\/td>\n<td class=\"magic-19\" rowspan=\"0\">\n<div>&nbsp;<\/div>\n<\/td>\n<td class=\"magic-19\" rowspan=\"0\">\n<div>&nbsp;<\/div>\n<\/td>\n<td class=\"magic-19\" rowspan=\"0\">\n<div>&nbsp;<\/div>\n<\/td>\n<\/tr>\n<tr>\n<td colspan=\"1\" rowspan=\"1\">\n<div>\n<div><strong>Charge maximale<\/strong><\/div>\n<\/div>\n<\/td>\n<td colspan=\"4\" rowspan=\"1\">\n<div>400 kg<\/div>\n<\/td>\n<td class=\"magic-19\" rowspan=\"0\">\n<div>&nbsp;<\/div>\n<\/td>\n<td class=\"magic-19\" rowspan=\"0\">\n<div>&nbsp;<\/div>\n<\/td>\n<td class=\"magic-19\" rowspan=\"0\">\n<div>&nbsp;<\/div>\n<\/td>\n<\/tr>\n<tr>\n<td colspan=\"1\" rowspan=\"1\">\n<div>\n<div><strong>Taille des pneus<\/strong><\/div>\n<\/div>\n<\/td>\n<td colspan=\"4\" rowspan=\"1\">\n<div>11 d\u00e9jeuners<\/div>\n<\/td>\n<td class=\"magic-19\" rowspan=\"0\">\n<div>&nbsp;<\/div>\n<\/td>\n<td class=\"magic-19\" rowspan=\"0\">\n<div>&nbsp;<\/div>\n<\/td>\n<td class=\"magic-19\" rowspan=\"0\">\n<div>&nbsp;<\/div>\n<\/td>\n<\/tr>\n<tr>\n<td colspan=\"1\" rowspan=\"1\">\n<div>\n<div><strong>Frein<\/strong><\/div>\n<\/div>\n<\/td>\n<td colspan=\"4\" rowspan=\"1\">\n<div>Frein \u00e0 huile CNC avant et arri\u00e8re<\/div>\n<\/td>\n<td class=\"magic-19\" rowspan=\"0\">\n<div>&nbsp;<\/div>\n<\/td>\n<td class=\"magic-19\" rowspan=\"0\">\n<div>&nbsp;<\/div>\n<\/td>\n<td class=\"magic-19\" rowspan=\"0\">\n<div>&nbsp;<\/div>\n<\/td>\n<\/tr>\n<tr>\n<td colspan=\"1\" rowspan=\"1\">\n<div>\n<div><strong>Temps de charge<\/strong><\/div>\n<\/div>\n<\/td>\n<td colspan=\"4\" rowspan=\"1\">\n<div>5-6H<\/div>\n<\/td>\n<td class=\"magic-19\" rowspan=\"0\">\n<div>&nbsp;<\/div>\n<\/td>\n<td class=\"magic-19\" rowspan=\"0\">\n<div>&nbsp;<\/div>\n<\/td>\n<td class=\"magic-19\" rowspan=\"0\">\n<div>&nbsp;<\/div>\n<\/td>\n<\/tr>\n<tr>\n<td colspan=\"1\" rowspan=\"1\">\n<div>\n<div><strong>Absorption des chocs<\/strong><\/div>\n<\/div>\n<\/td>\n<td colspan=\"4\" rowspan=\"1\">\n<div>Amortissement \u00e0 double ressort stable \u00e0 l&#039;avant + amortissement \u00e0 ressort simple \u00e0 l&#039;arri\u00e8re<\/div>\n<\/td>\n<td class=\"magic-19\" rowspan=\"0\">\n<div>&nbsp;<\/div>\n<\/td>\n<td class=\"magic-19\" rowspan=\"0\">\n<div>&nbsp;<\/div>\n<\/td>\n<td class=\"magic-19\" rowspan=\"0\">\n<div>&nbsp;<\/div>\n<\/td>\n<\/tr>\n<\/tbody>\n<\/table>\n<\/div>\n<\/div>\n<div>\n<div>\n<div>\n<div>\n<div>\n<div>\n<div><strong><span>Mise \u00e0 niveau de la super puissance, double frein \u00e0 huile sensible<\/span><\/strong><\/div>\n<\/div>\n<\/div>\n<\/div>\n<\/div>\n<\/div>\n<\/div>\n<div>\n<div>\n<div>\n<div>\n<div>\n<div>\n<div>\n<div><strong class=\"magic-13\">\u00ab\u00a0ce scooter a un <\/strong> <span class=\"magic-13\"><strong>alliage tout aluminium<\/strong><\/span> <strong class=\"magic-13\"> cadre. Diff\u00e9rent du cadre en fer du march\u00e9. <\/strong><\/div>\n<div><strong class=\"magic-13\">Nos cadres sont peints par oxydation. Contrairement aux cadres en fer, il s&#039;agit d&#039;une peinture en a\u00e9rosol ordinaire, qui peut donc facilement se d\u00e9tacher en cas de collision.<br \/>\nEt nos cadres en aluminium ne rouillent pas.<br \/>\nNous utilisons une batterie Panasonic 21700<br \/>\nNous faisons mieux dans les d\u00e9tails des produits<\/strong><\/div>\n<\/div>\n<\/div>\n<\/div>\n<div>\n<div><img decoding=\"async\" class=\"magic-28\" slate-data-type=\"image\" src=\"https:\/\/ae01.alicdn.com\/kf\/S824348223c104f2ebf2471cea476f9f81.jpg?width=3024&#038;height=3024&#038;hash=6048\"><\/div>\n<\/div>\n<\/div>\n<\/div>\n<\/div>\n<\/div>\n<div>\n<div>&nbsp;<\/div>\n<div>\n<div>\n<div>\n<div><strong>1.<\/strong> <strong><span class=\"magic-30\">6000 W<\/span><\/strong> <strong> Moteur sans balais haute puissance \u2013 Avec un moteur double 3000 W plus puissant qui va jusqu&#039;\u00e0 50 mph et une pente 50% (charge maximale<br \/>\n440 livres). <\/strong><\/div>\n<div><strong>Pneu large de 2,11 pouces \u2013 Adapt\u00e9 aux routes tout-terrain. Vous pouvez l&#039;utiliser pour vos d\u00e9placements quotidiens, la chasse, les courses de vitesse ou les sorties en plein air. De plus, il est pliable et prend moins de place une fois pli\u00e9. 3. Batterie au lithium, longue autonomie. Personnalisation possible.<br \/>\nselon vos besoins.<\/strong><\/div>\n<\/div>\n<\/div>\n<\/div>\n<\/div>\n<div>\n<div>\n<div>\n<div>\n<div>\n<div><img decoding=\"async\" class=\"magic-32\" slate-data-type=\"image\" src=\"https:\/\/ae01.alicdn.com\/kf\/S85db0a1499e9410abc213e958354922e5.jpg?width=752&#038;height=1046&#038;hash=1798\"><\/div>\n<\/div>\n<\/div>\n<\/div>\n<\/div>\n<\/div>\n<div>\n<div>\n<div>\n<div>\n<div>\n<div><img decoding=\"async\" class=\"magic-34\" slate-data-type=\"image\" src=\"https:\/\/ae01.alicdn.com\/kf\/Sdf52c8e236184985871fe13a0729bd73J.jpg?width=752&#038;height=995&#038;hash=1747\"><\/div>\n<\/div>\n<\/div>\n<\/div>\n<\/div>\n<\/div>\n<div>\n<div>\n<div>\n<div>\n<div>\n<div><img decoding=\"async\" class=\"magic-36\" slate-data-type=\"image\" src=\"https:\/\/ae01.alicdn.com\/kf\/Sbf8478ad384544239859f998e3760556u.jpg?width=718&#038;height=928&#038;hash=1646\"><\/div>\n<\/div>\n<\/div>\n<\/div>\n<\/div>\n<\/div>\n<div>\n<div>\n<div>\n<div>\n<div>\n<div><img decoding=\"async\" class=\"magic-38\" slate-data-type=\"image\" src=\"https:\/\/ae01.alicdn.com\/kf\/S134143afbedb4611bb4261609d1afd15O.jpg?width=718&#038;height=912&#038;hash=1630\"><\/div>\n<\/div>\n<\/div>\n<\/div>\n<\/div>\n<\/div>\n<div>\n<div>\n<div>\n<div>\n<div>\n<div><img decoding=\"async\" class=\"magic-40\" slate-data-type=\"image\" src=\"https:\/\/ae01.alicdn.com\/kf\/Sf7d4d63f85c448d08ff3e7aad90eeca8L.jpg?width=664&#038;height=1136&#038;hash=1800\"><\/div>\n<\/div>\n<\/div>\n<\/div>\n<\/div>\n<\/div>\n<div>\n<div>\n<div>\n<div>\n<div>\n<div><img decoding=\"async\" class=\"magic-42\" slate-data-type=\"image\" src=\"https:\/\/ae01.alicdn.com\/kf\/Scea370ce52af471cb06f64bd6478af326.jpg?width=790&#038;height=1451&#038;hash=2241\"><\/div>\n<\/div>\n<\/div>\n<\/div>\n<\/div>\n<\/div>\n<div>\n<div>\n<div>\n<div>\n<div>\n<div><strong>D\u00e9tails de pliage<\/strong><\/div>\n<\/div>\n<\/div>\n<\/div>\n<\/div>\n<\/div>\n<div>\n<div>\n<div>\n<div>\n<div>\n<div><img decoding=\"async\" class=\"magic-44\" slate-data-type=\"image\" src=\"https:\/\/ae01.alicdn.com\/kf\/S285ad5ab65cb4bc7856364d0221e9e41A.jpg?width=476&#038;height=460&#038;hash=936\"><\/div>\n<div><img decoding=\"async\" class=\"magic-46\" slate-data-type=\"image\" src=\"https:\/\/ae01.alicdn.com\/kf\/Sab77106c630b48d7bccfbf13e9b25b3by.jpg?width=476&#038;height=507&#038;hash=983\"><\/div>\n<\/div>\n<\/div>\n<\/div>\n<\/div>\n<\/div>\n<div>\n<div>\n<div>\n<h3 class=\"magic-4\">&nbsp;<\/h3>\n<div>\n<div>\n<div><strong><span>Commentaires des clients<\/span><\/strong><\/div>\n<\/div>\n<\/div>\n<\/div>\n<\/div>\n<\/div>\n<div>\n<div>\n<div>\n<div>\n<div>\n<div><img decoding=\"async\" class=\"magic-48\" slate-data-type=\"image\" src=\"https:\/\/ae01.alicdn.com\/kf\/S4064f1924e3740a2be7bb532e50bad4b3.jpg?width=540&#038;height=1200&#038;hash=1740\"><\/div>\n<div><img decoding=\"async\" class=\"magic-48\" slate-data-type=\"image\" src=\"https:\/\/ae01.alicdn.com\/kf\/Sd1227447f1fb41a8806364479aaf7273d.jpg?width=1080&#038;height=2400&#038;hash=3480\"><\/div>\n<\/div>\n<\/div>\n<\/div>\n<\/div>\n<\/div>\n<div>\n<div>\n<div>\n<div>\n<div>\n<div><img decoding=\"async\" class=\"magic-51\" slate-data-type=\"image\" src=\"https:\/\/ae01.alicdn.com\/kf\/Sb2947600e10746a592b59dfdcae41c7f8.jpg?width=525&#038;height=355&#038;hash=880\"><\/div>\n<div><img decoding=\"async\" class=\"magic-53\" slate-data-type=\"image\" src=\"https:\/\/ae01.alicdn.com\/kf\/S6d9fde792670452593ff1680dc28a41fG.jpg?width=553&#038;height=341&#038;hash=894\"><\/div>\n<\/div>\n<\/div>\n<\/div>\n<\/div>\n<\/div>\n<div>\n<div>\n<div>\n<div>\n<div>\n<div><strong>Pr\u00eat \u00e0 \u00eatre exp\u00e9di\u00e9<\/strong><\/div>\n<\/div>\n<\/div>\n<\/div>\n<\/div>\n<\/div>\n<div>\n<div>\n<div>\n<div>\n<div>\n<div><img decoding=\"async\" class=\"magic-55\" slate-data-type=\"image\" src=\"https:\/\/ae01.alicdn.com\/kf\/S4bfc9e7f2abf44568d895ce20ae48f29H.jpg?width=790&#038;height=642&#038;hash=1432\"><\/div>\n<div><img decoding=\"async\" class=\"magic-57\" slate-data-type=\"image\" src=\"https:\/\/ae01.alicdn.com\/kf\/S2b60eeace5e640b18d2bf55250817ad5P.jpg?width=760&#038;height=826&#038;hash=1586\"><\/div>\n<\/div>\n<\/div>\n<\/div>\n<\/div>\n<\/div>\n<div>\n<div id=\"ali-anchor-AliMagic-flw5dt\">Produits recommand\u00e9s<\/div>\n<\/div>\n<div>&nbsp;<\/div>\n<div>\n<div id=\"ali-anchor-AliMagic-fnihlt\">Profil de l&#039;entreprise<\/div>\n<\/div>\n<div>\n<div>\n<div>\n<div>\n<div>\n<div><img decoding=\"async\" class=\"magic-59\" slate-data-type=\"image\" src=\"https:\/\/ae01.alicdn.com\/kf\/Sdc0a94a4c561474bbea9063d559b98986.jpg?width=750&#038;height=594&#038;hash=1344\"><\/div>\n<\/div>\n<\/div>\n<\/div>\n<\/div>\n<\/div>\n<div>\n<div id=\"ali-anchor-AliMagic-lq4sta\">Certifications<\/div>\n<\/div>\n<div>\n<div>\n<div>\n<div>\n<div>\n<div><img decoding=\"async\" class=\"magic-61\" slate-data-type=\"image\" src=\"https:\/\/ae01.alicdn.com\/kf\/S258c5264ede447a9a113b1cc9babdeafJ.jpg?width=741&#038;height=243&#038;hash=984\"><\/div>\n<\/div>\n<\/div>\n<\/div>\n<\/div>\n<\/div>\n<div>\n<div id=\"ali-anchor-AliMagic-2l23ma\">Emballage et exp\u00e9dition<\/div>\n<\/div>\n<div>\n<div>\n<div>\n<div>\n<div>\n<div><img decoding=\"async\" class=\"magic-63\" slate-data-type=\"image\" src=\"https:\/\/ae01.alicdn.com\/kf\/Sa38e98837f77475084395011507cabe4L.jpg?width=1440&#038;height=1080&#038;hash=2520\"><\/div>\n<\/div>\n<\/div>\n<\/div>\n<\/div>\n<\/div>\n<div>\n<div id=\"ali-anchor-AliMagic-qh0aoq\">FAQ<\/div>\n<\/div>\n<div>\n<div>\n<div>\n<div>\n<div>\n<div>\n<div><span><strong>1. Pourquoi nous choisir ?<\/strong><\/span> <span><br \/>\nVendeurs professionnels et \u00e9quipe de recherche ;<br \/>\nAccepter l\u2019ordre d\u2019assurance commerciale pour prot\u00e9ger l\u2019acheteur\u00a0;<br \/>\nNous pouvons fabriquer des produits OEM\/ODM ;<br \/>\nLivraison \u00e0 temps.<\/span><br \/>\n<span><strong>2. Comment obtenir un \u00e9chantillon et \u00e9conomiser le co\u00fbt ?<\/strong><\/span> <span><br \/>\nUne carte d&#039;\u00e9chantillon peut \u00eatre fournie gratuitement, seuls les frais de transport sont \u00e0 pr\u00e9voir.<br \/>\nPour un \u00e9chantillon personnalis\u00e9, veuillez nous contacter pour le co\u00fbt de l&#039;\u00e9chantillon.<br \/>\nSi vous passez commande directement, nous pouvons vous fournir un \u00e9chantillon gratuit pour v\u00e9rifier la qualit\u00e9.<\/span><br \/>\n<span><strong>3.Quelle est votre dur\u00e9e de paiement ?<\/strong><\/span> <span><br \/>\nD\u00e9p\u00f4t 30% et paiement du solde 70%.<\/span><br \/>\n<span><strong>4. Comment se d\u00e9roule votre contr\u00f4le qualit\u00e9 ?<\/strong><\/span> <span><br \/>\nNous avons une \u00e9quipe de contr\u00f4le qualit\u00e9 professionnelle, nous contr\u00f4lerons la qualit\u00e9 des marchandises pendant toute la production de masse.<\/span><br \/>\n<span><strong>5. Si nous n&#039;avons pas de transitaire en Chine, pourriez-vous le faire pour nous ?<\/strong><\/span> <span><br \/>\nNous avons de tr\u00e8s bonnes relations avec la soci\u00e9t\u00e9 de transport, nous pouvons vous envoyer le meilleur prix d&#039;exp\u00e9dition et un excellent service.<\/span><\/div>\n<div><span><strong>Si vous avez des besoins, veuillez nous contacter imm\u00e9diatement, nous vous fournirons un service plus parfait.<\/strong><\/span><\/div>\n<\/div>\n<\/div>\n<\/div>\n<\/div>\n<\/div>\n<\/div>\n<div>\n<div>\n<div>\n<div>\n<div>\n<div><span class=\"magic-25\">Si vous \u00eates int\u00e9ress\u00e9 par un mod\u00e8le, veuillez nous envoyer vos informations par courriel ou en ligne. Nous vous proposerons le meilleur prix gr\u00e2ce \u00e0 notre expertise de pointe. Nous invitons chaleureusement nos clients du monde entier \u00e0 visiter nos usines. Envoyez votre demande ci-dessous en cliquant sur \u00ab\u00a0\u00ab\u00a0\u00bb\u00a0\u00bb.<\/span> <a href=\"\" target=\"_blank\">Contacter le fournisseur<\/a> <span class=\"magic-25\">\u00ab\u00a0Maintenant\u00a0! Cliquez ici pour revenir\u00a0\u00bb<\/span> <a href=\"\" target=\"_blank\">MAISON<\/a> <span class=\"magic-25\">&#8220;<\/span><\/div>\n<\/div>\n<\/div>\n<\/div>\n<\/div>\n<\/div>\n<\/div>\n<\/div>\n<\/div>","protected":false},"excerpt":{"rendered":"<p>Tire Size:&nbsp;11 inch Model Number:&nbsp;X10 Category:&nbsp;Two-wheel Scooter Applicable People:&nbsp;Unisex Range Per Charge:&nbsp;60-80km Charging Time:&nbsp;8-10h Voltage:&nbsp;60v Folded:&nbsp;YES Origin:&nbsp;Mainland China Power (W):&nbsp;1001-2000w Place of Origin:&nbsp;Jiangsu, China Brand:&nbsp;geofought Model Number:&nbsp;X10 Charging Time:&nbsp;6-8h Foldable:&nbsp;Yes<\/p>","protected":false},"featured_media":8519,"comment_status":"open","ping_status":"closed","template":"","meta":{"_acf_changed":false},"product_brand":[],"product_cat":[468,297],"product_tag":[],"class_list":{"0":"post-8517","1":"product","2":"type-product","3":"status-publish","4":"has-post-thumbnail","6":"product_cat-electric-off-road-scooter","7":"product_cat-scooters","9":"first","10":"instock","11":"shipping-taxable","12":"purchasable","13":"product-type-simple"},"acf":[],"_links":{"self":[{"href":"https:\/\/www.electricstore.eu\/fr\/wp-json\/wp\/v2\/product\/8517","targetHints":{"allow":["GET"]}}],"collection":[{"href":"https:\/\/www.electricstore.eu\/fr\/wp-json\/wp\/v2\/product"}],"about":[{"href":"https:\/\/www.electricstore.eu\/fr\/wp-json\/wp\/v2\/types\/product"}],"replies":[{"embeddable":true,"href":"https:\/\/www.electricstore.eu\/fr\/wp-json\/wp\/v2\/comments?post=8517"}],"wp:featuredmedia":[{"embeddable":true,"href":"https:\/\/www.electricstore.eu\/fr\/wp-json\/wp\/v2\/media\/8519"}],"wp:attachment":[{"href":"https:\/\/www.electricstore.eu\/fr\/wp-json\/wp\/v2\/media?parent=8517"}],"wp:term":[{"taxonomy":"product_brand","embeddable":true,"href":"https:\/\/www.electricstore.eu\/fr\/wp-json\/wp\/v2\/product_brand?post=8517"},{"taxonomy":"product_cat","embeddable":true,"href":"https:\/\/www.electricstore.eu\/fr\/wp-json\/wp\/v2\/product_cat?post=8517"},{"taxonomy":"product_tag","embeddable":true,"href":"https:\/\/www.electricstore.eu\/fr\/wp-json\/wp\/v2\/product_tag?post=8517"}],"curies":[{"name":"wp","href":"https:\/\/api.w.org\/{rel}","templated":true}]}}