{"id":8492,"date":"2025-05-19T20:31:29","date_gmt":"2025-05-19T20:31:29","guid":{"rendered":"https:\/\/electricstore.eu\/product\/uncategorized\/n3max-n3lma-electric-scooter-48v-15ah-50km\/"},"modified":"2025-05-21T05:41:27","modified_gmt":"2025-05-21T05:41:27","slug":"n3max-n3lma-electric-scooter-48v-15ah-50km","status":"publish","type":"product","link":"https:\/\/www.electricstore.eu\/fr\/p\/scooters\/electric-off-road-scooter\/n3max-n3lma-electric-scooter-48v-15ah-50km\/","title":{"rendered":"Trottinette \u00e9lectrique deux roues SUNNIGOO N3MAX 800 W 48 V 15 Ah 50 km\/h 40-60 km 10 pouces"},"content":{"rendered":"<div class=\"product-specs-list-container\">\n<ul class=\"product-specs-list util-clearfix\">\n<li class=\"product-prop line-limit-length\"><span\n                                        class=\"property-title\">Taille des pneus :&nbsp;<\/span><span\n                                        class=\"property-desc line-limit-length\">10 pouces<\/span>\n                            <\/li>\n<li class=\"product-prop line-limit-length\"><span\n                                        class=\"property-title\">Num\u00e9ro de mod\u00e8le :&nbsp;<\/span><span\n                                        class=\"property-desc line-limit-length\">N3MAX<\/span>\n                            <\/li>\n<li class=\"product-prop line-limit-length\"><span\n                                        class=\"property-title\">Cat\u00e9gorie:&nbsp;<\/span><span\n                                        class=\"property-desc line-limit-length\">Scooter \u00e0 deux roues<\/span>\n                            <\/li>\n<li class=\"product-prop line-limit-length\"><span\n                                        class=\"property-title\">Personnes concern\u00e9es :&nbsp;<\/span><span\n                                        class=\"property-desc line-limit-length\">Unisexe<\/span>\n                            <\/li>\n<li class=\"product-prop line-limit-length\"><span\n                                        class=\"property-title\">Autonomie par charge :&nbsp;<\/span><span\n                                        class=\"property-desc line-limit-length\">40-60 km<\/span>\n                            <\/li>\n<li class=\"product-prop line-limit-length\"><span\n                                        class=\"property-title\">Temps de charge :&nbsp;<\/span><span\n                                        class=\"property-desc line-limit-length\">6-8h<\/span>\n                            <\/li>\n<li class=\"product-prop line-limit-length\"><span\n                                        class=\"property-title\">tension:&nbsp;<\/span><span\n                                        class=\"property-desc line-limit-length\">48v<\/span>\n                            <\/li>\n<li class=\"product-prop line-limit-length\"><span\n                                        class=\"property-title\">Pli\u00e9 :&nbsp;<\/span><span\n                                        class=\"property-desc line-limit-length\">OUI<\/span>\n                            <\/li>\n<li class=\"product-prop line-limit-length\"><span\n                                        class=\"property-title\">Puissance (W) :&nbsp;<\/span><span\n                                        class=\"property-desc line-limit-length\">501-1000w<\/span>\n                            <\/li>\n<li class=\"product-prop line-limit-length\"><span\n                                        class=\"property-title\">Origine:&nbsp;<\/span><span\n                                        class=\"property-desc line-limit-length\">Chine continentale<\/span>\n                            <\/li>\n<li class=\"product-prop line-limit-length\"><span\n                                        class=\"property-title\">Nom de marque :&nbsp;<\/span><span\n                                        class=\"property-desc line-limit-length\">SUNNIGOO<\/span>\n                            <\/li>\n<li class=\"product-prop line-limit-length\"><span\n                                        class=\"property-title\">Moteur::&nbsp;<\/span><span\n                                        class=\"property-desc line-limit-length\">800 W<\/span>\n                            <\/li>\n<li class=\"product-prop line-limit-length\"><span\n                                        class=\"property-title\">Batterie::&nbsp;<\/span><span\n                                        class=\"property-desc line-limit-length\">48V 15Ah<\/span>\n                            <\/li>\n<li class=\"product-prop line-limit-length\"><span\n                                        class=\"property-title\">Vitesse maximale::&nbsp;<\/span><span\n                                        class=\"property-desc line-limit-length\">50 km\/h<\/span>\n                            <\/li>\n<li class=\"product-prop line-limit-length\"><span\n                                        class=\"property-title\">Kilom\u00e9trage maximal\u00a0::&nbsp;<\/span><span\n                                        class=\"property-desc line-limit-length\">40-50 km<\/span>\n                            <\/li>\n<li class=\"product-prop line-limit-length\"><span\n                                        class=\"property-title\">Certificat:&nbsp;<\/span><span\n                                        class=\"property-desc line-limit-length\"><\/span>\n                            <\/li>\n<\/ul><\/div>\n<div class=\"detailmodule_html\">\n<div class=\"detail-desc-decorate-richtext\">\n<ul>\n<li>\n<p style=\"text-align:left\" class=\"MsoNormal\" align=\"left\"><span style=\"font-size:20px;font-family:arial, helvetica, sans-serif\">Mod\u00e8le : N3MAX\/N3LMAX<\/span><\/p>\n<\/li>\n<li>\n<p style=\"text-align:left\" class=\"MsoNormal\" align=\"left\"><span style=\"font-size:20px;font-family:arial, helvetica, sans-serif\">Moteur max : 800 W<\/span><\/p>\n<\/li>\n<li>\n<p style=\"text-align:left\" class=\"MsoNormal\" align=\"left\"><span style=\"font-size:20px;font-family:arial, helvetica, sans-serif\">Puissance du moteur : 500 W<\/span><\/p>\n<\/li>\n<li>\n<p style=\"text-align:left\" class=\"MsoNormal\" align=\"left\"><span style=\"font-size:20px;font-family:arial, helvetica, sans-serif\">Batterie : batterie au lithium 48v 13ah\/15ah<\/span><\/p>\n<\/li>\n<li>\n<p style=\"text-align:left\" class=\"MsoNormal\" align=\"left\"><span style=\"font-size:20px;font-family:arial, helvetica, sans-serif\">Vitesse maximale : 45 km\/h<\/span><\/p>\n<\/li>\n<li>\n<p style=\"text-align:left\" class=\"MsoNormal\" align=\"left\"><span style=\"font-size:20px;font-family:arial, helvetica, sans-serif\">Kilom\u00e9trage maximal : 40-50 km<\/span><\/p>\n<\/li>\n<li>\n<p style=\"text-align:left\" class=\"MsoNormal\" align=\"left\"><span style=\"font-size:20px;font-family:arial, helvetica, sans-serif\">Pneus : pneus tout-terrain de 10 pouces<\/span><\/p>\n<\/li>\n<li>\n<p style=\"text-align:left\" class=\"MsoNormal\" align=\"left\"><span style=\"font-size:20px;font-family:arial, helvetica, sans-serif\">Capacit\u00e9 d&#039;escalade : 30 degr\u00e9s<\/span><\/p>\n<\/li>\n<li>\n<p style=\"text-align:left\" class=\"MsoNormal\" align=\"left\"><span style=\"font-size:20px;font-family:arial, helvetica, sans-serif\">Charge maximale : 150 kg<\/span><\/p>\n<\/li>\n<li>\n<p style=\"text-align:left\" class=\"MsoNormal\" align=\"left\"><span style=\"font-size:20px;font-family:arial, helvetica, sans-serif\">Poteau r\u00e9glable : Oui<\/span><\/p>\n<\/li>\n<li>\n<p style=\"text-align:left\" class=\"MsoNormal\" align=\"left\"><span style=\"font-size:20px;font-family:arial, helvetica, sans-serif\">Si\u00e8ge amovible : Oui<\/span><\/p>\n<\/li>\n<li>\n<p style=\"text-align:left\" class=\"MsoNormal\" align=\"left\"><span style=\"font-size:20px;font-family:arial, helvetica, sans-serif\">Pliable : Oui<\/span><\/p>\n<\/li>\n<li>\n<p><span style=\"font-size:20px\">Le puissant moteur de 800 W offre des vitesses allant jusqu&#039;\u00e0 50 km\/h, ce qui en fait une option rapide et efficace pour les adultes qui cherchent \u00e0 se d\u00e9placer rapidement.<\/span><\/p>\n<\/li>\n<li>\n<p><span style=\"font-size:20px\">Avec une batterie 48V 15Ah, ce scooter \u00e9lectrique a une charge longue dur\u00e9e qui peut vous emmener jusqu&#039;\u00e0 40-50 km sur une seule charge.<\/span><\/p>\n<\/li>\n<li>\n<p><span style=\"font-size:20px\">Le si\u00e8ge confortable rend ce scooter id\u00e9al pour les longs trajets, que vous vous rendiez au travail ou que vous exploriez la ville.<\/span><\/p>\n<\/li>\n<li>\n<p><span style=\"font-size:20px\">\u00c9quip\u00e9 d&#039;un verrou d&#039;avertissement pour plus de s\u00e9curit\u00e9, vous pouvez \u00eatre assur\u00e9 que votre scooter sera en s\u00e9curit\u00e9 lorsque vous ne l&#039;utilisez pas.<\/span><\/p>\n<\/li>\n<li>\n<p><span style=\"font-size:20px\">Ce scooter \u00e9lectrique est con\u00e7u pour les adultes et offre une conduite douce et stable, ce qui en fait une excellente alternative aux cyclomoteurs traditionnels ou aux scooters motoris\u00e9s.<\/span><\/p>\n<\/li>\n<\/ul>\n<p><img decoding=\"async\" src=\"https:\/\/ae01.alicdn.com\/kf\/S48bacb96d88f42d989289caa57c65310P.jpg?width=1600&amp;height=1600&amp;hash=3200\" slate-data-type=\"image\"\/><img decoding=\"async\" src=\"https:\/\/ae01.alicdn.com\/kf\/S240ad97dcd9940fc88456a678fb656a8U.jpg?width=1600&amp;height=1600&amp;hash=3200\" slate-data-type=\"image\"\/><img decoding=\"async\" src=\"https:\/\/ae01.alicdn.com\/kf\/S6ad8341033134d508b4873a0f713d4bbL.jpg?width=1600&amp;height=1600&amp;hash=3200\" slate-data-type=\"image\"\/><img decoding=\"async\" src=\"https:\/\/ae01.alicdn.com\/kf\/Sca136d6f0a1f41458224acfa2b7fe9bau.jpg?width=1600&amp;height=1600&amp;hash=3200\" slate-data-type=\"image\"\/><img decoding=\"async\" src=\"https:\/\/ae01.alicdn.com\/kf\/S6b1388fee51348e5af6f0915d477c1f1N.jpg?width=1600&amp;height=1600&amp;hash=3200\" slate-data-type=\"image\"\/><\/p>\n<p><img decoding=\"async\" src=\"https:\/\/ae01.alicdn.com\/kf\/S320c5848070a4ca0a903a6e7d55fea7eh.jpg?width=1000&amp;height=1000&amp;hash=2000\" slate-data-type=\"image\"\/><\/p>\n<p><img decoding=\"async\" src=\"https:\/\/ae01.alicdn.com\/kf\/Sbc9529add48343f980cf13de98b399653.jpg?width=1200&amp;height=1200&amp;hash=2400\" slate-data-type=\"image\"\/><\/p>\n<p><img decoding=\"async\" src=\"https:\/\/ae01.alicdn.com\/kf\/S10822e61fb034cf786a669ad0ee5e3e9v.jpg?width=1200&amp;height=1200&amp;hash=2400\" slate-data-type=\"image\"\/><\/p>\n<div><\/div>\n<\/div>\n<\/div>\n<p><\/p>","protected":false},"excerpt":{"rendered":"<p>Tire Size:&nbsp;10 inch Model Number:&nbsp;N3MAX Category:&nbsp;Two-wheel Scooter Applicable People:&nbsp;Unisex Range Per Charge:&nbsp;40-60km Charging Time:&nbsp;6-8h Voltage:&nbsp;48v Folded:&nbsp;YES Power (W):&nbsp;501-1000w Origin:&nbsp;Mainland China Brand Name:&nbsp;SUNNIGOO Motor::&nbsp;800W Battery::&nbsp;48V 15Ah Max speed::&nbsp;50km\/h Max mileage::&nbsp;40-50km Certificate:&nbsp;<\/p>","protected":false},"featured_media":8494,"comment_status":"open","ping_status":"closed","template":"","meta":{"_acf_changed":false},"product_brand":[],"product_cat":[468,297],"product_tag":[],"class_list":{"0":"post-8492","1":"product","2":"type-product","3":"status-publish","4":"has-post-thumbnail","6":"product_cat-electric-off-road-scooter","7":"product_cat-scooters","9":"first","10":"instock","11":"shipping-taxable","12":"purchasable","13":"product-type-variable"},"acf":[],"_links":{"self":[{"href":"https:\/\/www.electricstore.eu\/fr\/wp-json\/wp\/v2\/product\/8492","targetHints":{"allow":["GET"]}}],"collection":[{"href":"https:\/\/www.electricstore.eu\/fr\/wp-json\/wp\/v2\/product"}],"about":[{"href":"https:\/\/www.electricstore.eu\/fr\/wp-json\/wp\/v2\/types\/product"}],"replies":[{"embeddable":true,"href":"https:\/\/www.electricstore.eu\/fr\/wp-json\/wp\/v2\/comments?post=8492"}],"wp:featuredmedia":[{"embeddable":true,"href":"https:\/\/www.electricstore.eu\/fr\/wp-json\/wp\/v2\/media\/8494"}],"wp:attachment":[{"href":"https:\/\/www.electricstore.eu\/fr\/wp-json\/wp\/v2\/media?parent=8492"}],"wp:term":[{"taxonomy":"product_brand","embeddable":true,"href":"https:\/\/www.electricstore.eu\/fr\/wp-json\/wp\/v2\/product_brand?post=8492"},{"taxonomy":"product_cat","embeddable":true,"href":"https:\/\/www.electricstore.eu\/fr\/wp-json\/wp\/v2\/product_cat?post=8492"},{"taxonomy":"product_tag","embeddable":true,"href":"https:\/\/www.electricstore.eu\/fr\/wp-json\/wp\/v2\/product_tag?post=8492"}],"curies":[{"name":"wp","href":"https:\/\/api.w.org\/{rel}","templated":true}]}}