{"id":8441,"date":"2025-05-19T20:30:58","date_gmt":"2025-05-19T20:30:58","guid":{"rendered":"https:\/\/electricstore.eu\/product\/uncategorized\/l12-48v-max-speed-45-mph-range-35-45-km-electric-scooter\/"},"modified":"2025-05-21T05:41:28","modified_gmt":"2025-05-21T05:41:28","slug":"l12-48v-max-speed-45-mph-range-35-45-km-electric-scooter","status":"publish","type":"product","link":"https:\/\/www.electricstore.eu\/fr\/p\/scooters\/electric-off-road-scooter\/l12-48v-max-speed-45-mph-range-35-45-km-electric-scooter\/","title":{"rendered":"Trottinette \u00e9lectrique Geofought L12 500 W 48 V 13 Ah 45 km\/h 35-45 km 10 pouces"},"content":{"rendered":"<div class=\"product-specs-list-container\">\n<ul class=\"product-specs-list util-clearfix\">\n<li class=\"product-prop line-limit-length\"><span\n                                        class=\"property-title\">Taille des pneus :&nbsp;<\/span><span\n                                        class=\"property-desc line-limit-length\">10 pouces<\/span>\n                            <\/li>\n<li class=\"product-prop line-limit-length\"><span\n                                        class=\"property-title\">Num\u00e9ro de mod\u00e8le :&nbsp;<\/span><span\n                                        class=\"property-desc line-limit-length\">L12<\/span>\n                            <\/li>\n<li class=\"product-prop line-limit-length\"><span\n                                        class=\"property-title\">Cat\u00e9gorie:&nbsp;<\/span><span\n                                        class=\"property-desc line-limit-length\">Scooter \u00e0 deux roues<\/span>\n                            <\/li>\n<li class=\"product-prop line-limit-length\"><span\n                                        class=\"property-title\">Personnes concern\u00e9es :&nbsp;<\/span><span\n                                        class=\"property-desc line-limit-length\">Unisexe<\/span>\n                            <\/li>\n<li class=\"product-prop line-limit-length\"><span\n                                        class=\"property-title\">Autonomie par charge :&nbsp;<\/span><span\n                                        class=\"property-desc line-limit-length\">40-60 km<\/span>\n                            <\/li>\n<li class=\"product-prop line-limit-length\"><span\n                                        class=\"property-title\">Temps de charge :&nbsp;<\/span><span\n                                        class=\"property-desc line-limit-length\">6-8h<\/span>\n                            <\/li>\n<li class=\"product-prop line-limit-length\"><span\n                                        class=\"property-title\">tension:&nbsp;<\/span><span\n                                        class=\"property-desc line-limit-length\">48v<\/span>\n                            <\/li>\n<li class=\"product-prop line-limit-length\"><span\n                                        class=\"property-title\">Pli\u00e9 :&nbsp;<\/span><span\n                                        class=\"property-desc line-limit-length\">OUI<\/span>\n                            <\/li>\n<li class=\"product-prop line-limit-length\"><span\n                                        class=\"property-title\">Origine:&nbsp;<\/span><span\n                                        class=\"property-desc line-limit-length\">Chine continentale<\/span>\n                            <\/li>\n<li class=\"product-prop line-limit-length\"><span\n                                        class=\"property-title\">Puissance (W) :&nbsp;<\/span><span\n                                        class=\"property-desc line-limit-length\">201-500W<\/span>\n                            <\/li>\n<li class=\"product-prop line-limit-length\"><span\n                                        class=\"property-title\">Lieu d&#039;origine :&nbsp;<\/span><span\n                                        class=\"property-desc line-limit-length\">Jiangsu, Chine<\/span>\n                            <\/li>\n<li class=\"product-prop line-limit-length\"><span\n                                        class=\"property-title\">Marque:&nbsp;<\/span><span\n                                        class=\"property-desc line-limit-length\">Geofought<\/span>\n                            <\/li>\n<li class=\"product-prop line-limit-length\"><span\n                                        class=\"property-title\">Num\u00e9ro de mod\u00e8le :&nbsp;<\/span><span\n                                        class=\"property-desc line-limit-length\">L12<\/span>\n                            <\/li>\n<li class=\"product-prop line-limit-length\"><span\n                                        class=\"property-title\">Pouvoir:&nbsp;<\/span><span\n                                        class=\"property-desc line-limit-length\">500W, 500w motor<\/span>\n                            <\/li>\n<li class=\"product-prop line-limit-length\"><span\n                                        class=\"property-title\">tension:&nbsp;<\/span><span\n                                        class=\"property-desc line-limit-length\">48V<\/span>\n                            <\/li>\n<li class=\"product-prop line-limit-length\"><span\n                                        class=\"property-title\">Temps de charge :&nbsp;<\/span><span\n                                        class=\"property-desc line-limit-length\">6-10h<\/span>\n                            <\/li>\n<li class=\"product-prop line-limit-length\"><span\n                                        class=\"property-title\">Pliable :&nbsp;<\/span><span\n                                        class=\"property-desc line-limit-length\">Oui<\/span>\n                            <\/li>\n<li class=\"product-prop line-limit-length\"><span\n                                        class=\"property-title\">Autonomie par charge :&nbsp;<\/span><span\n                                        class=\"property-desc line-limit-length\">35-45KM<\/span>\n                            <\/li>\n<li class=\"product-prop line-limit-length\"><span\n                                        class=\"property-title\">Vitesse maximale :&nbsp;<\/span><span\n                                        class=\"property-desc line-limit-length\">41-50km\/h, 45km\/h<\/span>\n                            <\/li>\n<li class=\"product-prop line-limit-length\"><span\n                                        class=\"property-title\">Cat\u00e9gorie:&nbsp;<\/span><span\n                                        class=\"property-desc line-limit-length\">Scooter \u00e0 deux roues<\/span>\n                            <\/li>\n<li class=\"product-prop line-limit-length\"><span\n                                        class=\"property-title\">Applicable \u00e0 la foule :&nbsp;<\/span><span\n                                        class=\"property-desc line-limit-length\">Unisexe<\/span>\n                            <\/li>\n<li class=\"product-prop line-limit-length\"><span\n                                        class=\"property-title\">Type intelligent :&nbsp;<\/span><span\n                                        class=\"property-desc line-limit-length\">\u00c9lectronique<\/span>\n                            <\/li>\n<li class=\"product-prop line-limit-length\"><span\n                                        class=\"property-title\">Capacit\u00e9 de la batterie :&nbsp;<\/span><span\n                                        class=\"property-desc line-limit-length\">13AH<\/span>\n                            <\/li>\n<li class=\"product-prop line-limit-length\"><span\n                                        class=\"property-title\">Nom de marque :&nbsp;<\/span><span\n                                        class=\"property-desc line-limit-length\">Geofought scooter<\/span>\n                            <\/li>\n<li class=\"product-prop line-limit-length\"><span\n                                        class=\"property-title\">Pneu:&nbsp;<\/span><span\n                                        class=\"property-desc line-limit-length\">10 pouces<\/span>\n                            <\/li>\n<li class=\"product-prop line-limit-length\"><span\n                                        class=\"property-title\">Gamme:&nbsp;<\/span><span\n                                        class=\"property-desc line-limit-length\">35-45km<\/span>\n                            <\/li>\n<li class=\"product-prop line-limit-length\"><span\n                                        class=\"property-title\">Type de batterie :&nbsp;<\/span><span\n                                        class=\"property-desc line-limit-length\">Lithium battery<\/span>\n                            <\/li>\n<li class=\"product-prop line-limit-length\"><span\n                                        class=\"property-title\">Batterie:&nbsp;<\/span><span\n                                        class=\"property-desc line-limit-length\">13ah<\/span>\n                            <\/li>\n<li class=\"product-prop line-limit-length\"><span\n                                        class=\"property-title\">Max. Loading (KG):&nbsp;<\/span><span\n                                        class=\"property-desc line-limit-length\">150 kg<\/span>\n                            <\/li>\n<li class=\"product-prop line-limit-length\"><span\n                                        class=\"property-title\">Gear:&nbsp;<\/span><span\n                                        class=\"property-desc line-limit-length\">3 gears<\/span>\n                            <\/li>\n<li class=\"product-prop line-limit-length\"><span\n                                        class=\"property-title\">Taille de l&#039;emballage:&nbsp;<\/span><span\n                                        class=\"property-desc line-limit-length\">128*28*52cm<\/span>\n                            <\/li>\n<li class=\"product-prop line-limit-length\"><span\n                                        class=\"property-title\">Certificat:&nbsp;<\/span><span\n                                        class=\"property-desc line-limit-length\"><\/span>\n                            <\/li>\n<\/ul><\/div>\n<div class=\"detailmodule_html\">\n<div class=\"detail-desc-decorate-richtext\">\n<div id=\"detail_decorate_root\">\n<div>\u00a0<\/div>\n<div>\n<div id=\"ali-anchor-AliMagic-gzf72v\">Description des produits<\/div>\n<\/div>\n<div>\n<div>\n<div>\n<div>\n<div>\n<div>\n<div><strong>EU in Stock Electric Step Elektrick Scooter 10inch 500w 45kmh max speed Replace Battery Electric Scooter <\/strong><\/div>\n<div>\n<div><span>48v 500w sigle motor <\/span><\/div>\n<div><span>Type:10inch road tyre Battery Capacity : 48v 13ah Speed:45km\/h, 3 gear Range:35-45km<\/span><\/div>\n<\/div>\n<\/div>\n<\/div>\n<\/div>\n<\/div>\n<\/div>\n<\/div>\n<div>\n<div>\n<div>\n<div>\n<div>\n<div><img decoding=\"async\" class=\"magic-8\" src=\"https:\/\/ae01.alicdn.com\/kf\/S4ed53e5dfba1433584b8e0b9c189dd85b.jpg?width=1000&amp;height=1000&amp;hash=2000\" slate-data-type=\"image\"\/><\/div>\n<\/div>\n<\/div>\n<\/div>\n<\/div>\n<\/div>\n<div>\u00a0<\/div>\n<div>\n<div>\n<table style=\"border-collapse:collapse\" class=\"has-title all magic-10\">\n<tbody>\n<tr>\n<td rowspan=\"1\" colspan=\"1\">\n<div>product name<\/div>\n<\/td>\n<td rowspan=\"1\" colspan=\"1\">\n<div>Geofought L12<\/div>\n<\/td>\n<\/tr>\n<tr>\n<td rowspan=\"1\" colspan=\"1\">\n<div>Motor rated power<\/div>\n<\/td>\n<td rowspan=\"1\" colspan=\"1\">\n<div>500 W<\/div>\n<\/td>\n<\/tr>\n<tr>\n<td rowspan=\"1\" colspan=\"1\">\n<div>Range (KM)<\/div>\n<\/td>\n<td rowspan=\"1\" colspan=\"1\">\n<div>35-45km<\/div>\n<\/td>\n<\/tr>\n<tr>\n<td rowspan=\"1\" colspan=\"1\">\n<div>Battery type<\/div>\n<\/td>\n<td rowspan=\"1\" colspan=\"1\">\n<div>Lithium battery<\/div>\n<\/td>\n<\/tr>\n<tr>\n<td rowspan=\"1\" colspan=\"1\">\n<div>Battery capacity (AH)<\/div>\n<\/td>\n<td rowspan=\"1\" colspan=\"1\">\n<div><span class=\"magic-13\">48v 13ah<\/span><\/div>\n<\/td>\n<\/tr>\n<tr>\n<td rowspan=\"1\" colspan=\"1\">\n<div>Top speed (KM\/H)<\/div>\n<\/td>\n<td rowspan=\"1\" colspan=\"1\">\n<div>45 km\/h<\/div>\n<\/td>\n<\/tr>\n<tr>\n<td rowspan=\"1\" colspan=\"1\">\n<div>Max. Loading (KG)<\/div>\n<\/td>\n<td rowspan=\"1\" colspan=\"1\">\n<div>150 kg<\/div>\n<\/td>\n<\/tr>\n<tr>\n<td rowspan=\"1\" colspan=\"1\">\n<div>Taille des pneus<\/div>\n<\/td>\n<td rowspan=\"1\" colspan=\"1\">\n<div>10 pouces\u00a0<\/div>\n<\/td>\n<\/tr>\n<tr>\n<td rowspan=\"1\" colspan=\"1\">\n<div>Frein<\/div>\n<\/td>\n<td rowspan=\"1\" colspan=\"1\">\n<div>Disc brake\u00a0<\/div>\n<\/td>\n<\/tr>\n<tr>\n<td rowspan=\"1\" colspan=\"1\">\n<div>Taille du corps<\/div>\n<\/td>\n<td rowspan=\"1\" colspan=\"1\">\n<div>128*28*54<\/div>\n<\/td>\n<\/tr>\n<\/tbody>\n<\/table>\n<\/div>\n<\/div>\n<div>\n<div>\n<div>\n<div>\n<div>\n<div><span><strong>Detail picture<\/strong><\/span><\/div>\n<\/div>\n<\/div>\n<\/div>\n<\/div>\n<\/div>\n<div>\n<div>\n<div>\n<div>\n<div>\n<div><img decoding=\"async\" class=\"magic-16\" src=\"https:\/\/ae01.alicdn.com\/kf\/S970ee5b33c4e4b25b4f65a171e7a61d0j.jpg?width=750&amp;height=1200&amp;hash=1950\" slate-data-type=\"image\"\/><\/div>\n<\/div>\n<\/div>\n<\/div>\n<\/div>\n<\/div>\n<div>\n<div>\n<div>\n<div>\n<div>\n<div><img decoding=\"async\" class=\"magic-18\" src=\"https:\/\/ae01.alicdn.com\/kf\/S8e522b3a41da4fbb8c4e70ba1661bfecg.jpg?width=750&amp;height=1258&amp;hash=2008\" slate-data-type=\"image\"\/><\/div>\n<\/div>\n<\/div>\n<\/div>\n<\/div>\n<\/div>\n<div>\n<div>\n<div>\n<div>\n<div>\n<div><img decoding=\"async\" class=\"magic-20\" src=\"https:\/\/ae01.alicdn.com\/kf\/Sf29a88e4a8e14e70b8483e0da7d6f2d0I.jpg?width=1920&amp;height=1080&amp;hash=3000\" slate-data-type=\"image\"\/><\/div>\n<\/div>\n<\/div>\n<\/div>\n<\/div>\n<\/div>\n<div>\n<div>\n<div>\n<div>\n<div>\n<div><img decoding=\"async\" class=\"magic-22\" src=\"https:\/\/ae01.alicdn.com\/kf\/Sf6c9e27028b348259cbfb3c3a96b0483V.jpg?width=1440&amp;height=1080&amp;hash=2520\" slate-data-type=\"image\"\/><\/div>\n<\/div>\n<\/div>\n<\/div>\n<\/div>\n<\/div>\n<div>\n<div id=\"ali-anchor-AliMagic-s22dnq\">Commentaires des clients<\/div>\n<\/div>\n<div>\n<div>\n<div>\n<div>\n<div>\n<div><img decoding=\"async\" class=\"magic-24\" src=\"https:\/\/ae01.alicdn.com\/kf\/Sdc13db1a3ab74cf2904abd72c61d48d0b.jpg?width=540&amp;height=1200&amp;hash=1740\" slate-data-type=\"image\"\/><\/div>\n<div><img decoding=\"async\" class=\"magic-24\" src=\"https:\/\/ae01.alicdn.com\/kf\/S1fbc61221bd5448684f23007acd22025B.jpg?width=1080&amp;height=2400&amp;hash=3480\" slate-data-type=\"image\"\/><\/div>\n<\/div>\n<\/div>\n<\/div>\n<\/div>\n<\/div>\n<div>\n<div>\n<div>\n<div>\n<div>\n<div><img decoding=\"async\" class=\"magic-27\" src=\"https:\/\/ae01.alicdn.com\/kf\/S474162c8d33c4784b28148568327068fj.jpg?width=476&amp;height=460&amp;hash=936\" slate-data-type=\"image\"\/><\/div>\n<div><img decoding=\"async\" class=\"magic-29\" src=\"https:\/\/ae01.alicdn.com\/kf\/S6e9edb81d801437597dd48b431b84fe51.jpg?width=476&amp;height=507&amp;hash=983\" slate-data-type=\"image\"\/><\/div>\n<\/div>\n<\/div>\n<\/div>\n<\/div>\n<\/div>\n<div>\n<div id=\"ali-anchor-AliMagic-xj7rlm\">Pr\u00eat \u00e0 \u00eatre exp\u00e9di\u00e9<\/div>\n<\/div>\n<div>\n<div>\n<div>\n<div>\n<div>\n<div><img decoding=\"async\" class=\"magic-31\" src=\"https:\/\/ae01.alicdn.com\/kf\/S41cc3d7521dc45a8ab8bc2f34ed014b4o.jpg?width=3648&amp;height=2736&amp;hash=6384\" slate-data-type=\"image\"\/><\/div>\n<div><img decoding=\"async\" class=\"magic-31\" src=\"https:\/\/ae01.alicdn.com\/kf\/S4bd2163e88934eebaefd9184ac0cba08s.jpg?width=1440&amp;height=1080&amp;hash=2520\" slate-data-type=\"image\"\/><\/div>\n<\/div>\n<\/div>\n<\/div>\n<\/div>\n<\/div>\n<div>\n<div>\n<div>\n<div>\n<div>\n<div><img decoding=\"async\" class=\"magic-31\" src=\"https:\/\/ae01.alicdn.com\/kf\/S59de090934e04fed9d5b5067d3b1ed3ah.jpg?width=1440&amp;height=1080&amp;hash=2520\" slate-data-type=\"image\"\/><\/div>\n<div><img decoding=\"async\" class=\"magic-31\" src=\"https:\/\/ae01.alicdn.com\/kf\/S2717488a6b454b5f87641267fe8ae193q.jpg?width=1440&amp;height=1080&amp;hash=2520\" slate-data-type=\"image\"\/><\/div>\n<\/div>\n<\/div>\n<\/div>\n<\/div>\n<\/div>\n<div>\n<div id=\"ali-anchor-AliMagic-vgy8yv\">Produits recommand\u00e9s<\/div>\n<\/div>\n<div>\u00a0<\/div>\n<div>\n<div id=\"ali-anchor-AliMagic-iwf6hj\">Profil de l&#039;entreprise<\/div>\n<\/div>\n<div>\n<div>\n<div>\n<div>\n<div>\n<div><img decoding=\"async\" class=\"magic-20\" src=\"https:\/\/ae01.alicdn.com\/kf\/S4458afffa07b45e3a37be52dc76765019.jpg?width=1920&amp;height=1080&amp;hash=3000\" slate-data-type=\"image\"\/><\/div>\n<\/div>\n<\/div>\n<\/div>\n<\/div>\n<\/div>\n<div>\n<div>\n<div>\n<div>\n<div>\n<div><img decoding=\"async\" class=\"magic-34\" src=\"https:\/\/ae01.alicdn.com\/kf\/S827d20bb45af402db729719212895de1T.jpg?width=830&amp;height=499&amp;hash=1329\" slate-data-type=\"image\"\/><\/div>\n<\/div>\n<\/div>\n<\/div>\n<\/div>\n<\/div>\n<div>\n<div>\n<div>\n<div>\n<div>\n<div><img decoding=\"async\" class=\"magic-36\" src=\"https:\/\/ae01.alicdn.com\/kf\/Sf500f1b955ea40ee95c2d3210f14e325d.jpg?width=750&amp;height=810&amp;hash=1560\" slate-data-type=\"image\"\/><\/div>\n<\/div>\n<\/div>\n<\/div>\n<\/div>\n<\/div>\n<div>\n<div id=\"ali-anchor-AliMagic-09s5h7\">Emballage du produit<\/div>\n<\/div>\n<div>\n<div>\n<div>\n<div>\n<div>\n<div><img decoding=\"async\" class=\"magic-31\" src=\"https:\/\/ae01.alicdn.com\/kf\/S29723daf908b4c4f9e710b391df94ab3x.jpg?width=1440&amp;height=1080&amp;hash=2520\" slate-data-type=\"image\"\/><\/div>\n<div><img decoding=\"async\" class=\"magic-31\" src=\"https:\/\/ae01.alicdn.com\/kf\/Sd54e04ecd11c410ba1e8766bc0bc9767R.jpg?width=1440&amp;height=1080&amp;hash=2520\" slate-data-type=\"image\"\/><\/div>\n<\/div>\n<\/div>\n<\/div>\n<\/div>\n<\/div>\n<div>\n<div id=\"ali-anchor-AliMagic-nsikbv\">FAQ<\/div>\n<\/div>\n<div>\n<div>\n<div>\n<div>\n<div>\n<div>\n<div><span><strong>1. Pourquoi nous choisir ?<\/strong><\/span> <span><br \/>Vendeurs professionnels et \u00e9quipe de recherche ;<br \/>Accepter l\u2019ordre d\u2019assurance commerciale pour prot\u00e9ger l\u2019acheteur\u00a0;<br \/>Nous pouvons fabriquer des produits OEM\/ODM ;<br \/>Livraison \u00e0 temps.<\/span><br \/><span><strong>2. Comment obtenir un \u00e9chantillon et \u00e9conomiser le co\u00fbt ?<\/strong><\/span> <span><br \/>Une carte d&#039;\u00e9chantillon peut \u00eatre fournie gratuitement, seuls les frais de transport sont \u00e0 pr\u00e9voir.<br \/>Pour un \u00e9chantillon personnalis\u00e9, veuillez nous contacter pour le co\u00fbt de l&#039;\u00e9chantillon.<br \/>Si vous passez commande directement, nous pouvons vous fournir un \u00e9chantillon gratuit pour v\u00e9rifier la qualit\u00e9.<\/span><br \/><span><strong>3\u9286\u4e44hat&#x27;s your payment term?<\/strong><\/span> <span><br \/>D\u00e9p\u00f4t 30% et paiement du solde 70%.<\/span><br \/><span><strong>4. Comment se d\u00e9roule votre contr\u00f4le qualit\u00e9 ?<\/strong><\/span> <span><br \/>Nous avons une \u00e9quipe de contr\u00f4le qualit\u00e9 professionnelle, nous contr\u00f4lerons la qualit\u00e9 des marchandises pendant toute la production de masse.<\/span><br \/><span><strong>5\u9286\u4e21f we don&#x27;t have any shipping forwarder in China, could you do this for us?<\/strong><\/span> <span><br \/>Nous avons de tr\u00e8s bonnes relations avec la soci\u00e9t\u00e9 de transport, nous pouvons vous envoyer le meilleur prix d&#039;exp\u00e9dition et un excellent service.<\/span><\/div>\n<div><span>If you are interested in any type, please send the details to us by email or online. We will quote you the best price with the<br \/>superior standardknowledge. And we warmly welcome friends from all over the world to visit our factories for business. <\/span><\/div>\n<\/div>\n<\/div>\n<\/div>\n<\/div>\n<\/div>\n<\/div>\n<\/div>\n<\/div>\n<\/div>\n<p><\/p>","protected":false},"excerpt":{"rendered":"<p>Tire Size:&nbsp;10 inch Model Number:&nbsp;L12 Category:&nbsp;Two-wheel Scooter Applicable People:&nbsp;Unisex Range Per Charge:&nbsp;40-60km Charging Time:&nbsp;6-8h Voltage:&nbsp;48v Folded:&nbsp;YES Origin:&nbsp;Mainland China Power (W):&nbsp;201-500W Place of Origin:&nbsp;Jiangsu, China Brand:&nbsp;Geofought Model Number:&nbsp;L12 Power:&nbsp;500W, 500w motor<\/p>","protected":false},"featured_media":8442,"comment_status":"open","ping_status":"closed","template":"","meta":{"_acf_changed":false},"product_brand":[],"product_cat":[468,297],"product_tag":[],"class_list":{"0":"post-8441","1":"product","2":"type-product","3":"status-publish","4":"has-post-thumbnail","6":"product_cat-electric-off-road-scooter","7":"product_cat-scooters","9":"first","10":"instock","11":"shipping-taxable","12":"purchasable","13":"product-type-variable"},"acf":[],"_links":{"self":[{"href":"https:\/\/www.electricstore.eu\/fr\/wp-json\/wp\/v2\/product\/8441","targetHints":{"allow":["GET"]}}],"collection":[{"href":"https:\/\/www.electricstore.eu\/fr\/wp-json\/wp\/v2\/product"}],"about":[{"href":"https:\/\/www.electricstore.eu\/fr\/wp-json\/wp\/v2\/types\/product"}],"replies":[{"embeddable":true,"href":"https:\/\/www.electricstore.eu\/fr\/wp-json\/wp\/v2\/comments?post=8441"}],"wp:featuredmedia":[{"embeddable":true,"href":"https:\/\/www.electricstore.eu\/fr\/wp-json\/wp\/v2\/media\/8442"}],"wp:attachment":[{"href":"https:\/\/www.electricstore.eu\/fr\/wp-json\/wp\/v2\/media?parent=8441"}],"wp:term":[{"taxonomy":"product_brand","embeddable":true,"href":"https:\/\/www.electricstore.eu\/fr\/wp-json\/wp\/v2\/product_brand?post=8441"},{"taxonomy":"product_cat","embeddable":true,"href":"https:\/\/www.electricstore.eu\/fr\/wp-json\/wp\/v2\/product_cat?post=8441"},{"taxonomy":"product_tag","embeddable":true,"href":"https:\/\/www.electricstore.eu\/fr\/wp-json\/wp\/v2\/product_tag?post=8441"}],"curies":[{"name":"wp","href":"https:\/\/api.w.org\/{rel}","templated":true}]}}