{"id":8401,"date":"2025-05-19T20:30:33","date_gmt":"2025-05-19T20:30:33","guid":{"rendered":"https:\/\/electricstore.eu\/product\/uncategorized\/humsienk-lifepo4-lithium-battery-24v-100ah\/"},"modified":"2025-05-20T13:37:37","modified_gmt":"2025-05-20T13:37:37","slug":"humsienk-lifepo4-lithium-battery-24v-100ah","status":"publish","type":"product","link":"https:\/\/www.electricstore.eu\/fr\/p\/batteries\/lifepo4-batteries\/100-200ah-lifepo4-batteries\/humsienk-lifepo4-lithium-battery-24v-100ah\/","title":{"rendered":"Batterie LiFePO4 Humsienk 100 Ah 24 V"},"content":{"rendered":"<div class=\"product-specs-list-container\">\n<ul class=\"product-specs-list util-clearfix\">\n<li class=\"product-prop line-limit-length\"><span\n                                        class=\"property-title\">Produits chimiques hautement pr\u00e9occupants :&nbsp;<\/span><span\n                                        class=\"property-desc line-limit-length\">Aucun<\/span>\n                            <\/li>\n<li class=\"product-prop line-limit-length\"><span\n                                        class=\"property-title\">Capacit\u00e9 nominale :&nbsp;<\/span><span\n                                        class=\"property-desc line-limit-length\">100 Ah<\/span>\n                            <\/li>\n<li class=\"product-prop line-limit-length\"><span\n                                        class=\"property-title\">Poids:&nbsp;<\/span><span\n                                        class=\"property-desc line-limit-length\">44,0 lb \/ 19,96 kg<\/span>\n                            <\/li>\n<li class=\"product-prop line-limit-length\"><span\n                                        class=\"property-title\">tension:&nbsp;<\/span><span\n                                        class=\"property-desc line-limit-length\">24 V<\/span>\n                            <\/li>\n<li class=\"product-prop line-limit-length\"><span\n                                        class=\"property-title\">Taille:&nbsp;<\/span><span\n                                        class=\"property-desc line-limit-length\">21,8 x 9,4 x 11,8 pouces<\/span>\n                            <\/li>\n<li class=\"product-prop line-limit-length\"><span\n                                        class=\"property-title\">Application:&nbsp;<\/span><span\n                                        class=\"property-desc line-limit-length\">Alimentation \u00e9lectrique ext\u00e9rieure<\/span>\n                            <\/li>\n<li class=\"product-prop line-limit-length\"><span\n                                        class=\"property-title\">Num\u00e9ro de mod\u00e8le :&nbsp;<\/span><span\n                                        class=\"property-desc line-limit-length\">24V 100Ah<\/span>\n                            <\/li>\n<li class=\"product-prop line-limit-length\"><span\n                                        class=\"property-title\">Taper:&nbsp;<\/span><span\n                                        class=\"property-desc line-limit-length\">LiFePO4<\/span>\n                            <\/li>\n<li class=\"product-prop line-limit-length\"><span\n                                        class=\"property-title\">Nom de marque :&nbsp;<\/span><span\n                                        class=\"property-desc line-limit-length\">Humsienk<\/span>\n                            <\/li>\n<li class=\"product-prop line-limit-length\"><span\n                                        class=\"property-title\">Origine:&nbsp;<\/span><span\n                                        class=\"property-desc line-limit-length\">Chine continentale<\/span>\n                            <\/li>\n<li class=\"product-prop line-limit-length\"><span\n                                        class=\"property-title\">Tension nominale :&nbsp;<\/span><span\n                                        class=\"property-desc line-limit-length\">Autres<\/span>\n                            <\/li>\n<li class=\"product-prop line-limit-length\"><span\n                                        class=\"property-title\">\u00c9tanche:&nbsp;<\/span><span\n                                        class=\"property-desc line-limit-length\">IP65<\/span>\n                            <\/li>\n<li class=\"product-prop line-limit-length\"><span\n                                        class=\"property-title\">Caract\u00e9ristiques:&nbsp;<\/span><span\n                                        class=\"property-desc line-limit-length\">Portable Efficacit\u00e9 Plus s\u00fbr Durable \u00c9cologique Polyvalent<\/span>\n                            <\/li>\n<\/ul><\/div>\n<p><strong><span style=\"font-size:18px;font-family:arial, helvetica, sans-serif\">Cellules automobiles de cat\u00e9gorie A+ : <\/span><\/strong><\/p>\n<p><span style=\"font-size:18px;font-family:arial, helvetica, sans-serif\">La batterie Humsienk LiFePO4 24 V 100 Ah est \u00e9quip\u00e9e de cellules LiFePO4 automobiles de grade A+, garantissant une s\u00e9curit\u00e9, une densit\u00e9 \u00e9nerg\u00e9tique, une puissance et une stabilit\u00e9 optimales. Cette batterie offre une alimentation fiable et durable avec un taux d&#039;autod\u00e9charge minimal de seulement 31 TP7T par mois. Elle b\u00e9n\u00e9ficie d&#039;une protection robuste contre les surcharges, les d\u00e9charges excessives, les surintensit\u00e9s et les courts-circuits, pour une tranquillit\u00e9 d&#039;esprit et des performances fiables.<\/span><\/p>\n<p><\/p>\n<p><strong><span style=\"font-size:18px;font-family:arial, helvetica, sans-serif\">BMS intelligent :<\/span><\/strong><\/p>\n<p><span style=\"font-size:18px;font-family:arial, helvetica, sans-serif\">Il est \u00e9quip\u00e9 d&#039;un syst\u00e8me de gestion de batterie (BMS) haute performance de 100 A, qui g\u00e8re les cycles de charge et de d\u00e9charge tout en prot\u00e9geant la batterie contre les surcharges, les d\u00e9charges excessives et les courts-circuits. Ce BMS avanc\u00e9 am\u00e9liore \u00e0 la fois la s\u00e9curit\u00e9 et l&#039;efficacit\u00e9.<\/span><\/p>\n<p><\/p>\n<p><strong><span style=\"font-size:18px;font-family:arial, helvetica, sans-serif\">Long\u00e9vit\u00e9: <\/span><\/strong><\/p>\n<p><span style=\"font-size:18px;font-family:arial, helvetica, sans-serif\">Avec une dur\u00e9e de vie allant jusqu&#039;\u00e0 10 ans et entre 5\u00a0000 et 15\u00a0000 cycles de charge, cette batterie produit un total de 12\u00a0800 kWh d&#039;\u00e9nergie sur toute sa dur\u00e9e de vie (2\u00a0560 Wh x 5\u00a0000 cycles). Cette long\u00e9vit\u00e9 se traduit par des \u00e9conomies d&#039;\u00e9nergie significatives, permettant jusqu&#039;\u00e0 50% d&#039;\u00e9conomies par rapport au r\u00e9seau \u00e9lectrique.<\/span><\/p>\n<p><\/p>\n<p><strong><span style=\"font-size:18px;font-family:arial, helvetica, sans-serif\">Rentable : <\/span><\/strong><\/p>\n<p><span style=\"font-size:18px;font-family:arial, helvetica, sans-serif\">La batterie WattCycle 24 V 100 Ah est \u00e9galement \u00e9conomique et offre un stockage d&#039;\u00e9nergie performant pour les camping-cars, les applications marines ou les utilisations hors r\u00e9seau. L\u00e9g\u00e8re, elle ne p\u00e8se que 20 kg.<\/span><\/p>\n<p><\/p>\n<p><strong><span style=\"font-size:18px;font-family:arial, helvetica, sans-serif\">L\u00e9ger: <\/span><\/strong><\/p>\n<p><span style=\"font-size:18px;font-family:arial, helvetica, sans-serif\">La batterie au lithium 24 V 100 Ah ne p\u00e8se que 1\/3 d&#039;une batterie plomb-acide comparable avec la m\u00eame capacit\u00e9, un peu plus l\u00e9g\u00e8re qu&#039;un pack de 2 batteries LiFePO4 WattCycle 12 V 100 Ah.<\/span><\/p>\n<p><\/p>\n<p><strong><span style=\"font-size:18px;font-family:arial, helvetica, sans-serif\">Haute densit\u00e9 \u00e9nerg\u00e9tique : <\/span><\/strong><\/p>\n<p><span style=\"font-size:18px;font-family:arial, helvetica, sans-serif\">La batterie b\u00e9n\u00e9ficie d&#039;une densit\u00e9 \u00e9nerg\u00e9tique \u00e9lev\u00e9e de 60 Wh\/lb (2560 Wh \/ 44 lb \u2248 58 Wh\/lb).<\/span><\/p>\n<p><\/p>\n<p><strong><span style=\"font-size:18px;font-family:arial, helvetica, sans-serif\">Capacit\u00e9s de charge rapide : <\/span><\/strong><\/p>\n<p><span style=\"font-size:18px;font-family:arial, helvetica, sans-serif\">Il prend en charge la charge rapide, permettant des d\u00e9lais d&#039;ex\u00e9cution plus rapides et minimisant les temps d&#039;arr\u00eat entre les utilisations.<\/span><\/p>\n<p><img decoding=\"async\" src=\"https:\/\/ae01.alicdn.com\/kf\/S919f57880b3a4421a3befbed3acce9410.jpg\" slate-data-type=\"image\"\/><img decoding=\"async\" src=\"https:\/\/ae01.alicdn.com\/kf\/Sd5ba8ef3527a4510bc9efcf32b8eb861V.jpg\" slate-data-type=\"image\"\/><img decoding=\"async\" src=\"https:\/\/ae01.alicdn.com\/kf\/S33645654898f4b5bb389c1657e83b85ct.jpg\" slate-data-type=\"image\"\/><img decoding=\"async\" src=\"https:\/\/ae01.alicdn.com\/kf\/S3452eb79bd874b4a8e1784c7bfa4eaee0.jpg\" slate-data-type=\"image\"\/><img decoding=\"async\" src=\"https:\/\/ae01.alicdn.com\/kf\/S22323eb9d9aa4931b005adb08bee883cO.jpg\" slate-data-type=\"image\"\/><img decoding=\"async\" src=\"https:\/\/ae01.alicdn.com\/kf\/S68d6d344d5c54aa0833e3e993ed0b15c8.jpg\" slate-data-type=\"image\"\/><\/p>","protected":false},"excerpt":{"rendered":"<p>Hign-concerned Chemical:&nbsp;None Nominal Capacity:&nbsp;100Ah Weight:&nbsp;44.0 lbs \/ 19.96kg Voltage:&nbsp;24V Size:&nbsp;21.8 x 9.4 x 11.8 inches Application:&nbsp;Outdoor Power Supply Model Number:&nbsp;24V 100Ah Type:&nbsp;LiFePO4 Brand Name:&nbsp;Humsienk Origin:&nbsp;Mainland China Rated Voltage:&nbsp;Others Waterproof:&nbsp;IP65 Features:&nbsp;Portable<\/p>","protected":false},"featured_media":8402,"comment_status":"open","ping_status":"closed","template":"","meta":{"_acf_changed":false},"product_brand":[],"product_cat":[237],"product_tag":[],"class_list":{"0":"post-8401","1":"product","2":"type-product","3":"status-publish","4":"has-post-thumbnail","6":"product_cat-100-200ah-lifepo4-batteries","8":"first","9":"instock","10":"shipping-taxable","11":"purchasable","12":"product-type-simple"},"acf":[],"_links":{"self":[{"href":"https:\/\/www.electricstore.eu\/fr\/wp-json\/wp\/v2\/product\/8401","targetHints":{"allow":["GET"]}}],"collection":[{"href":"https:\/\/www.electricstore.eu\/fr\/wp-json\/wp\/v2\/product"}],"about":[{"href":"https:\/\/www.electricstore.eu\/fr\/wp-json\/wp\/v2\/types\/product"}],"replies":[{"embeddable":true,"href":"https:\/\/www.electricstore.eu\/fr\/wp-json\/wp\/v2\/comments?post=8401"}],"wp:featuredmedia":[{"embeddable":true,"href":"https:\/\/www.electricstore.eu\/fr\/wp-json\/wp\/v2\/media\/8402"}],"wp:attachment":[{"href":"https:\/\/www.electricstore.eu\/fr\/wp-json\/wp\/v2\/media?parent=8401"}],"wp:term":[{"taxonomy":"product_brand","embeddable":true,"href":"https:\/\/www.electricstore.eu\/fr\/wp-json\/wp\/v2\/product_brand?post=8401"},{"taxonomy":"product_cat","embeddable":true,"href":"https:\/\/www.electricstore.eu\/fr\/wp-json\/wp\/v2\/product_cat?post=8401"},{"taxonomy":"product_tag","embeddable":true,"href":"https:\/\/www.electricstore.eu\/fr\/wp-json\/wp\/v2\/product_tag?post=8401"}],"curies":[{"name":"wp","href":"https:\/\/api.w.org\/{rel}","templated":true}]}}