{"id":8357,"date":"2025-05-19T20:30:14","date_gmt":"2025-05-19T20:30:14","guid":{"rendered":"https:\/\/electricstore.eu\/product\/uncategorized\/humsienk-12v-100ah\/"},"modified":"2025-05-21T05:39:57","modified_gmt":"2025-05-21T05:39:57","slug":"humsienk-12v-100ah","status":"publish","type":"product","link":"https:\/\/www.electricstore.eu\/fr\/p\/batteries\/lifepo4-batteries\/100-200ah-lifepo4-batteries\/humsienk-12v-100ah\/","title":{"rendered":"Batterie LiFePO4 Humsienk 100 Ah 12 V"},"content":{"rendered":"<div class=\"product-specs-list-container\">\n<ul class=\"product-specs-list util-clearfix\">\n<li class=\"product-prop line-limit-length\"><span\n                                        class=\"property-title\">Produits chimiques hautement pr\u00e9occupants :&nbsp;<\/span><span\n                                        class=\"property-desc line-limit-length\">Aucun<\/span>\n                            <\/li>\n<li class=\"product-prop line-limit-length\"><span\n                                        class=\"property-title\">Capacit\u00e9 nominale :&nbsp;<\/span><span\n                                        class=\"property-desc line-limit-length\">100 Ah<\/span>\n                            <\/li>\n<li class=\"product-prop line-limit-length\"><span\n                                        class=\"property-title\">Poids:&nbsp;<\/span><span\n                                        class=\"property-desc line-limit-length\">23.0lbs \/ 10.5kg<\/span>\n                            <\/li>\n<li class=\"product-prop line-limit-length\"><span\n                                        class=\"property-title\">tension:&nbsp;<\/span><span\n                                        class=\"property-desc line-limit-length\">12,8 V<\/span>\n                            <\/li>\n<li class=\"product-prop line-limit-length\"><span\n                                        class=\"property-title\">Taille:&nbsp;<\/span><span\n                                        class=\"property-desc line-limit-length\">10.2 x 6.6 x 8.2 inches<\/span>\n                            <\/li>\n<li class=\"product-prop line-limit-length\"><span\n                                        class=\"property-title\">Application:&nbsp;<\/span><span\n                                        class=\"property-desc line-limit-length\">Alimentation \u00e9lectrique ext\u00e9rieure<\/span>\n                            <\/li>\n<li class=\"product-prop line-limit-length\"><span\n                                        class=\"property-title\">Num\u00e9ro de mod\u00e8le :&nbsp;<\/span><span\n                                        class=\"property-desc line-limit-length\">12V100Ah<\/span>\n                            <\/li>\n<li class=\"product-prop line-limit-length\"><span\n                                        class=\"property-title\">Taper:&nbsp;<\/span><span\n                                        class=\"property-desc line-limit-length\">LiFePO4<\/span>\n                            <\/li>\n<li class=\"product-prop line-limit-length\"><span\n                                        class=\"property-title\">Nom de marque :&nbsp;<\/span><span\n                                        class=\"property-desc line-limit-length\">Humsienk<\/span>\n                            <\/li>\n<li class=\"product-prop line-limit-length\"><span\n                                        class=\"property-title\">Origine:&nbsp;<\/span><span\n                                        class=\"property-desc line-limit-length\">Chine continentale<\/span>\n                            <\/li>\n<li class=\"product-prop line-limit-length\"><span\n                                        class=\"property-title\">Tension nominale :&nbsp;<\/span><span\n                                        class=\"property-desc line-limit-length\">Autres<\/span>\n                            <\/li>\n<li class=\"product-prop line-limit-length\"><span\n                                        class=\"property-title\">Garantie:&nbsp;<\/span><span\n                                        class=\"property-desc line-limit-length\">5 ans<\/span>\n                            <\/li>\n<li class=\"product-prop line-limit-length\"><span\n                                        class=\"property-title\">Indice d&#039;\u00e9tanch\u00e9it\u00e9 :&nbsp;<\/span><span\n                                        class=\"property-desc line-limit-length\">IP65<\/span>\n                            <\/li>\n<\/ul><\/div>\n<p style=\"font-family:&quot;TT Norms Pro&quot;, &quot;Open Sans&quot;, Roboto, Arial, Helvetica, sans-serif, SimSun;font-size:14px;font-weight:400;letter-spacing:normal;line-height:inherit;text-align:start;white-space:normal;color:rgb(34, 34, 34);margin:0px;margin-bottom:0px;margin-top:0px;margin-left:0px;margin-right:0px;padding:0px;padding-bottom:0px;padding-top:0px;padding-left:0px;padding-right:0px;box-sizing:border-box\" align=\"start\"><span style=\"color:rgb(244, 78, 59);font-size:22px;font-family:arial, helvetica, sans-serif\"><strong>Veuillez noter:<\/strong><\/span><\/p>\n<p style=\"font-family:&quot;TT Norms Pro&quot;, &quot;Open Sans&quot;, Roboto, Arial, Helvetica, sans-serif, SimSun;font-size:14px;font-weight:400;letter-spacing:normal;line-height:inherit;text-align:start;white-space:normal;color:rgb(34, 34, 34);margin:0px;margin-bottom:0px;margin-top:0px;margin-left:0px;margin-right:0px;padding:0px;padding-bottom:0px;padding-top:0px;padding-left:0px;padding-right:0px;box-sizing:border-box\" align=\"start\"><span style=\"color:rgb(244, 78, 59);font-size:22px;font-family:arial, helvetica, sans-serif\"><strong>Actuellement, nous n&#039;exp\u00e9dions PAS vers l&#039;Alaska, Hawa\u00ef et Porto Rico\u00a0!!<\/strong><\/span><\/p>\n<p><\/p>\n<p><strong><span style=\"color:rgb(77, 77, 77);font-size:20px;font-family:arial, helvetica, sans-serif\">Haute performance : <\/span><\/strong><\/p>\n<p><span style=\"color:rgb(77, 77, 77);font-size:20px;font-family:arial, helvetica, sans-serif\">La batterie LiFePO4 Humsienk offre une capacit\u00e9 de 100 Ah et une tension standard de 12,8 V. Dot\u00e9e de cellules de classe A+, elle b\u00e9n\u00e9ficie d&#039;une dur\u00e9e de vie impressionnante pouvant atteindre 20\u00a0000 cycles. Les certifications SDS\/UN38.3\/FCC\/CE\/ROHS garantissent sa qualit\u00e9 et sa s\u00e9curit\u00e9.<\/span><\/p>\n<p><\/p>\n<p><strong><span style=\"color:rgb(77, 77, 77);font-size:20px;font-family:arial, helvetica, sans-serif\">Protection BMS int\u00e9gr\u00e9e\u00a0: <\/span><\/strong><\/p>\n<p><span style=\"color:rgb(77, 77, 77);font-size:20px;font-family:arial, helvetica, sans-serif\">Ces batteries au lithium sont dot\u00e9es d&#039;une plaque de protection BMS 100A int\u00e9gr\u00e9e qui se d\u00e9connecte automatiquement si le courant de d\u00e9charge d\u00e9passe 300\u00b150A, offrant une s\u00e9curit\u00e9 renforc\u00e9e.<\/span><\/p>\n<p><\/p>\n<p><strong><span style=\"color:rgb(77, 77, 77);font-size:20px;font-family:arial, helvetica, sans-serif\">Conception compacte : <\/span><\/strong><\/p>\n<p><span style=\"color:rgb(77, 77, 77);font-size:20px;font-family:arial, helvetica, sans-serif\">Mesurant 26 x 17 x 21 cm (10,2 x 6,6 x 8,2 pouces) et pesant 10,5 kg (23,2 lb), notre batterie maximise sa densit\u00e9 \u00e9nerg\u00e9tique tout en pr\u00e9servant ses performances. Son format compact permet un gain de place et une grande flexibilit\u00e9 d&#039;installation.<\/span><\/p>\n<p><\/p>\n<p><strong><span style=\"color:rgb(77, 77, 77);font-size:20px;font-family:arial, helvetica, sans-serif\">R\u00e9silience \u00e0 la temp\u00e9rature : <\/span><\/strong><\/p>\n<p><span style=\"color:rgb(77, 77, 77);font-size:20px;font-family:arial, helvetica, sans-serif\">Fonctionnant sans probl\u00e8me de -4\u00b0F (-20\u00b0C) \u00e0 158\u00b0F (70\u00b0C), la batterie comprend un arr\u00eat automatique en dessous de -4\u00b0F (-20\u00b0C) pour une protection et une long\u00e9vit\u00e9 accrues.<\/span><\/p>\n<p><\/p>\n<p><strong><span style=\"color:rgb(77, 77, 77);font-size:20px;font-family:arial, helvetica, sans-serif\">Connexion en s\u00e9rie ou en parall\u00e8le : <\/span><\/strong><\/p>\n<p><span style=\"color:rgb(77, 77, 77);font-size:20px;font-family:arial, helvetica, sans-serif\">Connectez facilement jusqu&#039;\u00e0 4 batteries en s\u00e9rie ou en parall\u00e8le, pour une capacit\u00e9 totale allant jusqu&#039;\u00e0 20,48 kWh. Personnalisez votre solution d&#039;alimentation selon vos besoins.<\/span><\/p>\n<p><\/p>\n<p><strong><span style=\"color:rgb(77, 77, 77);font-size:20px;font-family:arial, helvetica, sans-serif\">Ajustement parfait : <\/span><\/strong><\/p>\n<p><span style=\"color:rgb(77, 77, 77);font-size:20px;font-family:arial, helvetica, sans-serif\">Con\u00e7ue pour s&#039;adapter parfaitement au bo\u00eetier de batterie du groupe 24, notre batterie LiFePO4 100 Ah \u00e9limine le besoin d&#039;un bo\u00eetier plus grand, simplifiant ainsi l&#039;installation.<\/span><\/p>\n<p><\/p>\n<p><strong><span style=\"color:rgb(77, 77, 77);font-size:20px;font-family:arial, helvetica, sans-serif\">Garantie et assistance de 5 ans : <\/span><\/strong><\/p>\n<p><span style=\"color:rgb(77, 77, 77);font-size:20px;font-family:arial, helvetica, sans-serif\">Votre satisfaction est notre priorit\u00e9. N&#039;h\u00e9sitez pas \u00e0 nous contacter pour toute question ou pr\u00e9occupation. Nos produits sont garantis 5 ans pour votre tranquillit\u00e9 d&#039;esprit.<\/span><\/p>\n<p style=\"font-family:&quot;TT Norms Pro&quot;, &quot;Open Sans&quot;, Roboto, Arial, Helvetica, sans-serif, SimSun;font-size:14px;font-weight:400;letter-spacing:normal;line-height:inherit;text-align:start;white-space:normal;color:rgb(34, 34, 34);margin:0px;margin-bottom:0px;margin-top:0px;margin-left:0px;margin-right:0px;padding:0px;padding-bottom:0px;padding-top:0px;padding-left:0px;padding-right:0px;box-sizing:border-box\" align=\"start\"><img decoding=\"async\" src=\"https:\/\/ae01.alicdn.com\/kf\/S3b6622bab01844e0924121e3a713e4ea8.jpg\" slate-data-type=\"image\"\/><img decoding=\"async\" src=\"https:\/\/ae01.alicdn.com\/kf\/Se276861c5c014f5db652d77b80308820I.jpg\" slate-data-type=\"image\"\/><img decoding=\"async\" src=\"https:\/\/ae01.alicdn.com\/kf\/S9f6e8c9325bc4db4a7947b814463ba3dm.jpg\" slate-data-type=\"image\"\/><img decoding=\"async\" src=\"https:\/\/ae01.alicdn.com\/kf\/See756a9d533c405887c6d54e059141018.jpg\" slate-data-type=\"image\"\/><img decoding=\"async\" src=\"https:\/\/ae01.alicdn.com\/kf\/S86c50d43cb6f4fa8b0a4c03f0805605bF.jpg\" slate-data-type=\"image\"\/><img decoding=\"async\" src=\"https:\/\/ae01.alicdn.com\/kf\/S74dfb4cac7b24c16805630ae37131e458.jpg\" slate-data-type=\"image\"\/><img decoding=\"async\" src=\"https:\/\/ae01.alicdn.com\/kf\/S32a87e08ad9f46929d2b701e5f64b2dfX.jpg\" slate-data-type=\"image\"\/><img decoding=\"async\" src=\"https:\/\/ae01.alicdn.com\/kf\/S5b546ce1fd314df69dd77ea09c507c968.jpg\" slate-data-type=\"image\"\/><img decoding=\"async\" src=\"https:\/\/ae01.alicdn.com\/kf\/S85ecc7bddd764db88a94e084f04a45559.jpg\" slate-data-type=\"image\"\/><\/p>","protected":false},"excerpt":{"rendered":"<p>Hign-concerned Chemical:&nbsp;None Nominal Capacity:&nbsp;100Ah Weight:&nbsp;23.0lbs \/ 10.5kg Voltage:&nbsp;12.8V Size:&nbsp;10.2 x 6.6 x 8.2 inches Application:&nbsp;Outdoor Power Supply Model Number:&nbsp;12V100Ah Type:&nbsp;LiFePO4 Brand Name:&nbsp;Humsienk Origin:&nbsp;Mainland China Rated Voltage:&nbsp;Others Warranty:&nbsp;5 years Waterproof Rating:&nbsp;IP65<\/p>","protected":false},"featured_media":8358,"comment_status":"open","ping_status":"closed","template":"","meta":{"_acf_changed":false},"product_brand":[],"product_cat":[237],"product_tag":[],"class_list":{"0":"post-8357","1":"product","2":"type-product","3":"status-publish","4":"has-post-thumbnail","6":"product_cat-100-200ah-lifepo4-batteries","8":"first","9":"instock","10":"shipping-taxable","11":"purchasable","12":"product-type-variable"},"acf":[],"_links":{"self":[{"href":"https:\/\/www.electricstore.eu\/fr\/wp-json\/wp\/v2\/product\/8357","targetHints":{"allow":["GET"]}}],"collection":[{"href":"https:\/\/www.electricstore.eu\/fr\/wp-json\/wp\/v2\/product"}],"about":[{"href":"https:\/\/www.electricstore.eu\/fr\/wp-json\/wp\/v2\/types\/product"}],"replies":[{"embeddable":true,"href":"https:\/\/www.electricstore.eu\/fr\/wp-json\/wp\/v2\/comments?post=8357"}],"wp:featuredmedia":[{"embeddable":true,"href":"https:\/\/www.electricstore.eu\/fr\/wp-json\/wp\/v2\/media\/8358"}],"wp:attachment":[{"href":"https:\/\/www.electricstore.eu\/fr\/wp-json\/wp\/v2\/media?parent=8357"}],"wp:term":[{"taxonomy":"product_brand","embeddable":true,"href":"https:\/\/www.electricstore.eu\/fr\/wp-json\/wp\/v2\/product_brand?post=8357"},{"taxonomy":"product_cat","embeddable":true,"href":"https:\/\/www.electricstore.eu\/fr\/wp-json\/wp\/v2\/product_cat?post=8357"},{"taxonomy":"product_tag","embeddable":true,"href":"https:\/\/www.electricstore.eu\/fr\/wp-json\/wp\/v2\/product_tag?post=8357"}],"curies":[{"name":"wp","href":"https:\/\/api.w.org\/{rel}","templated":true}]}}