{"id":8246,"date":"2025-05-19T20:29:32","date_gmt":"2025-05-19T20:29:32","guid":{"rendered":"https:\/\/electricstore.eu\/product\/uncategorized\/gaiaray-lifepo4-eve-3-2v-314-320ah-battery\/"},"modified":"2025-05-21T05:40:01","modified_gmt":"2025-05-21T05:40:01","slug":"gaiaray-lifepo4-eve-3-2v-314-320ah-battery","status":"publish","type":"product","link":"https:\/\/www.electricstore.eu\/fr\/p\/batteries\/lifepo4-batteries\/lifepo4-battery-cells\/gaiaray-lifepo4-eve-3-2v-314-320ah-battery\/","title":{"rendered":"Batterie LiFePO4 Gaiaray 320 Ah 3,2 V"},"content":{"rendered":"<div class=\"product-specs-list-container\">\n<ul class=\"product-specs-list util-clearfix\">\n<li class=\"product-prop line-limit-length\"><span\n                                        class=\"property-title\">Produits chimiques hautement pr\u00e9occupants :&nbsp;<\/span><span\n                                        class=\"property-desc line-limit-length\">Aucun<\/span>\n                            <\/li>\n<li class=\"product-prop line-limit-length\"><span\n                                        class=\"property-title\">Capacit\u00e9 nominale :&nbsp;<\/span><span\n                                        class=\"property-desc line-limit-length\">320AH<\/span>\n                            <\/li>\n<li class=\"product-prop line-limit-length\"><span\n                                        class=\"property-title\">Poids:&nbsp;<\/span><span\n                                        class=\"property-desc line-limit-length\">5,7 kg<\/span>\n                            <\/li>\n<li class=\"product-prop line-limit-length\"><span\n                                        class=\"property-title\">tension:&nbsp;<\/span><span\n                                        class=\"property-desc line-limit-length\">3,2 V<\/span>\n                            <\/li>\n<li class=\"product-prop line-limit-length\"><span\n                                        class=\"property-title\">Taille:&nbsp;<\/span><span\n                                        class=\"property-desc line-limit-length\">173*71*204mm<\/span>\n                            <\/li>\n<li class=\"product-prop line-limit-length\"><span\n                                        class=\"property-title\">Num\u00e9ro de mod\u00e8le :&nbsp;<\/span><span\n                                        class=\"property-desc line-limit-length\">314-320<\/span>\n                            <\/li>\n<li class=\"product-prop line-limit-length\"><span\n                                        class=\"property-title\">Taper:&nbsp;<\/span><span\n                                        class=\"property-desc line-limit-length\">LiFePO4<\/span>\n                            <\/li>\n<li class=\"product-prop line-limit-length\"><span\n                                        class=\"property-title\">Nom de marque :&nbsp;<\/span><span\n                                        class=\"property-desc line-limit-length\">GaiaRay<\/span>\n                            <\/li>\n<li class=\"product-prop line-limit-length\"><span\n                                        class=\"property-title\">Origine:&nbsp;<\/span><span\n                                        class=\"property-desc line-limit-length\">Chine continentale<\/span>\n                            <\/li>\n<li class=\"product-prop line-limit-length\"><span\n                                        class=\"property-title\">Tension nominale :&nbsp;<\/span><span\n                                        class=\"property-desc line-limit-length\">Autres<\/span>\n                            <\/li>\n<li class=\"product-prop line-limit-length\"><span\n                                        class=\"property-title\">Capacit\u00e9 nominale :&nbsp;<\/span><span\n                                        class=\"property-desc line-limit-length\">320AH<\/span>\n                            <\/li>\n<li class=\"product-prop line-limit-length\"><span\n                                        class=\"property-title\">Poids:&nbsp;<\/span><span\n                                        class=\"property-desc line-limit-length\">5,7 kg<\/span>\n                            <\/li>\n<li class=\"product-prop line-limit-length\"><span\n                                        class=\"property-title\">Dimension:&nbsp;<\/span><span\n                                        class=\"property-desc line-limit-length\">173*71*204mm<\/span>\n                            <\/li>\n<li class=\"product-prop line-limit-length\"><span\n                                        class=\"property-title\">Tension de coupure de charge\/d\u00e9charge\u00a0::&nbsp;<\/span><span\n                                        class=\"property-desc line-limit-length\">3,65 V\/2,5 V<\/span>\n                            <\/li>\n<li class=\"product-prop line-limit-length\"><span\n                                        class=\"property-title\">Taille de la vis :&nbsp;<\/span><span\n                                        class=\"property-desc line-limit-length\">M6<\/span>\n                            <\/li>\n<li class=\"product-prop line-limit-length\"><span\n                                        class=\"property-title\">Dur\u00e9e de vie du cycle :&nbsp;<\/span><span\n                                        class=\"property-desc line-limit-length\">8000 cycles<\/span>\n                            <\/li>\n<li class=\"product-prop line-limit-length\"><span\n                                        class=\"property-title\">Convient au syst\u00e8me :&nbsp;<\/span><span\n                                        class=\"property-desc line-limit-length\">Syst\u00e8me de stockage d&#039;\u00e9nergie solaire 12 V, 24 V, 48 V, 72 V, 96 V, 108 V<\/span>\n                            <\/li>\n<li class=\"product-prop line-limit-length\"><span\n                                        class=\"property-title\">Demande :&nbsp;<\/span><span\n                                        class=\"property-desc line-limit-length\">Camping-cars, fourgonnettes, camping-cars, bateaux \u00e9lectriques, yachts, voiturettes de golf, chariots \u00e9l\u00e9vateurs, batteries solaires<\/span>\n                            <\/li>\n<\/ul><\/div>\n<div class=\"detailmodule_text\">\n<p style=\"text-align:center;color:rgb(144, 19, 254);display:block;width:100%\" align=\"center\"><span style=\"font-size:28px\">[Description]<\/span><\/p>\n<p><span style=\"font-size:20px\"><strong>Description du produit<br \/>Apexium REPT 314AH lifepo4 Battery Pack<br \/>Actual capacity 314AH<br \/>Tension nominale 3,2 V<br \/>Esp\u00e9rance de vie \u00e9lev\u00e9e 8000 cycles<br \/>Tension de charge maximale 3,65 V<br \/>R\u00e9sistance CA 0,25 mOhm<br \/>Temp\u00e9rature de charge -5-60 \u00b0C<br \/>Poids 5,7 kg<br \/>Dimensions 202*172*72 mm<\/strong><\/span><\/p>\n<p><strong><span style=\"background-color:rgb(247, 247, 247);color:rgb(17, 17, 17);font-size:24px;font-family:Roboto, sans-serif\">Ukraine can be sent from Polish warehouses, and it can be arrived in 3-7 days after purchase<\/span><\/strong><\/p>\n<div><\/div>\n<p><img decoding=\"async\" src=\"https:\/\/ae01.alicdn.com\/kf\/S9ecd6cccf952482cbff40e3d530a1576R.jpg\" slate-data-type=\"image\"\/><\/p>\n<\/div>\n<div class=\"detailmodule_image\"><\/div>\n<div class=\"detailmodule_text\">\n<p><span style=\"background-color:rgb(255, 255, 255);color:rgb(0, 0, 0);font-size:15px;font-family:&quot;TT Norms Pro&quot;, &quot;Open Sans&quot;, Roboto, Arial, Helvetica, sans-serif, SimSun\">Batterie Gaiaray Grade A 3,2 V 320 Ah LiFePO4 lithium fer phosphate pour syst\u00e8me de stockage d&#039;\u00e9nergie solaire 12 V 24 V 4S pour scooter \u00e9lectrique RV<\/span><\/p>\n<p style=\"font-family:OpenSans;font-size:14px;font-weight:300;line-height:20px;text-align:left;white-space:pre-wrap;color:rgb(0, 0, 0);margin-bottom:12px\" class=\"detail-desc-decorate-content\" align=\"left\"><span style=\"font-size:28px\"><strong>Nous disposons d&#039;entrep\u00f4ts en Pologne et en Ukraine. Les livraisons vers les pays europ\u00e9ens peuvent prendre entre 3 et 7 jours.<\/strong><\/span><\/p>\n<\/div>\n<div class=\"detailmodule_text\">\n<p style=\"font-family:OpenSans;font-size:14px;font-weight:300;line-height:20px;text-align:left;white-space:pre-wrap;color:rgb(0, 0, 0);margin-bottom:12px\" class=\"detail-desc-decorate-content\" align=\"left\"><span style=\"font-size:28px\"><strong>Choisissez d&#039;exp\u00e9dier depuis la Chine sans payer de taxes<\/strong><\/span><\/p>\n<\/div>\n<div class=\"detailmodule_text\">\n<p style=\"font-family:OpenSans;font-size:14px;font-weight:300;line-height:20px;text-align:left;white-space:pre-wrap;color:rgb(0, 0, 0);margin-bottom:12px\" class=\"detail-desc-decorate-content\" align=\"left\"><span style=\"font-size:28px\"><strong>D\u00e9lai de livraison<\/strong><\/span><\/p>\n<\/div>\n<div class=\"detailmodule_text\">\n<p style=\"font-family:OpenSans;font-size:14px;font-weight:300;line-height:20px;text-align:left;white-space:pre-wrap;color:rgb(0, 0, 0);margin-bottom:12px\" class=\"detail-desc-decorate-content\" align=\"left\"><span style=\"font-size:28px\"><strong>Chine vers Europe : 50 \u00e0 60 jours<\/strong><\/span><\/p>\n<\/div>\n<div class=\"detailmodule_text\">\n<p style=\"font-family:OpenSans;font-size:14px;font-weight:300;line-height:20px;text-align:left;white-space:pre-wrap;color:rgb(0, 0, 0);margin-bottom:12px\" class=\"detail-desc-decorate-content\" align=\"left\"><span style=\"font-size:28px\"><strong>Japon : 7 \u00e0 15 jours<\/strong><\/span><\/p>\n<\/div>\n<div class=\"detailmodule_text\">\n<p style=\"font-family:OpenSans;font-size:14px;font-weight:300;line-height:20px;text-align:left;white-space:pre-wrap;color:rgb(0, 0, 0);margin-bottom:12px\" class=\"detail-desc-decorate-content\" align=\"left\"><span style=\"font-size:28px\"><strong>Cor\u00e9e : 7 \u00e0 15 jours<\/strong><\/span><\/p>\n<\/div>\n<div class=\"detailmodule_text\">\n<p style=\"font-family:OpenSans;font-size:14px;font-weight:300;line-height:20px;text-align:left;white-space:pre-wrap;color:rgb(0, 0, 0);margin-bottom:12px\" class=\"detail-desc-decorate-content\" align=\"left\"><span style=\"font-size:28px\"><strong>Russie : 40-50 jours<\/strong><\/span><\/p>\n<\/div>\n<div class=\"detailmodule_text\">\n<p style=\"font-family:OpenSans;font-size:14px;font-weight:300;line-height:20px;text-align:left;white-space:pre-wrap;color:rgb(0, 0, 0);margin-bottom:12px\" class=\"detail-desc-decorate-content\" align=\"left\"><span style=\"font-size:28px\"><strong>\u00c9tats-Unis : 50 \u00e0 60 jours<\/strong><\/span><\/p>\n<\/div>\n<div class=\"detailmodule_text\">\n<p style=\"font-family:OpenSans;font-size:14px;font-weight:300;line-height:20px;text-align:left;white-space:pre-wrap;color:rgb(0, 0, 0);margin-bottom:12px\" class=\"detail-desc-decorate-content\" align=\"left\"><span style=\"font-size:28px\"><strong>Canada Canada : 50-60 jours<\/strong><\/span><\/p>\n<\/div>\n<div class=\"detailmodule_text\">\n<p style=\"font-family:OpenSans;font-size:14px;font-weight:300;line-height:20px;text-align:left;white-space:pre-wrap;color:rgb(0, 0, 0);margin-bottom:12px\" class=\"detail-desc-decorate-content\" align=\"left\"><span style=\"font-size:28px\"><strong>Australie : 50 \u00e0 60 jours<\/strong><\/span><\/p>\n<\/div>\n<div class=\"detailmodule_text\">\n<p style=\"font-family:OpenSans;font-size:14px;font-weight:300;line-height:20px;text-align:left;white-space:pre-wrap;color:rgb(0, 0, 0);margin-bottom:12px\" class=\"detail-desc-decorate-content\" align=\"left\"><span style=\"font-size:28px\"><strong>Ukraine : 60-70 jours<\/strong><\/span><\/p>\n<\/div>\n<div class=\"detailmodule_text\">\n<p style=\"font-family:OpenSans;font-size:14px;font-weight:300;line-height:20px;text-align:left;white-space:pre-wrap;color:rgb(0, 0, 0);margin-bottom:12px\" class=\"detail-desc-decorate-content\" align=\"left\"><span style=\"font-size:28px\"><strong>Conseils chaleureux : l&#039;Ukraine choisit le transport a\u00e9rien 7 \u00e0 15 jours pour arriver !<\/strong><\/span><\/p>\n<\/div>\n<div style=\"text-align:left\" class=\"detailmodule_image\" align=\"left\"><img decoding=\"async\" class=\"detail-desc-decorate-image\" src=\"https:\/\/ae01.alicdn.com\/kf\/S2c55404059a1490896241d537b7f052ar.jpg\" slate-data-type=\"image\"\/><\/div>\n<div class=\"detailmodule_text\">\n<div style=\"text-align:center\" class=\"detailmodule_image\" align=\"center\"><span style=\"color:rgb(123, 100, 255);font-size:32px\"><strong>[\u00c0 propos du probl\u00e8me]<\/strong><\/span><\/div>\n<div style=\"text-align:left\" class=\"detailmodule_image\" align=\"left\"><span style=\"font-size:26px\">Q : Pourquoi n&#039;ai-je re\u00e7u que les accessoires et pas la batterie ?<br \/>Da : Cher acheteur, conform\u00e9ment \u00e0 la r\u00e9glementation de Speedway, les marchandises ukrainiennes ne peuvent \u00eatre envoy\u00e9es qu&#039;\u00e0 partir de la logistique en ligne, mais la logistique en ligne ne peut pas envoyer les batteries.<\/span><\/div>\n<\/div>\n<div class=\"detailmodule_text\">\n<div style=\"text-align:left\" class=\"detailmodule_image\" align=\"left\"><span style=\"font-size:26px\">Applications Syst\u00e8me d&#039;alimentation \u00e9lectrique, appareils \u00e9lectrom\u00e9nagers, voitures \u00e9lectriques, voiturettes de golf, scooters \u00e9lectriques, v\u00e9los \u00e9lectriques, voitures d&#039;occasion, etc.<\/span><\/div>\n<\/div>\n<div class=\"detailmodule_image\"><img decoding=\"async\" src=\"https:\/\/ae01.alicdn.com\/kf\/S4e2029ad3dab484abd879007280ac077u.jpg\" slate-data-type=\"image\"\/><\/div>\n<div class=\"detailmodule_image\"><img decoding=\"async\" src=\"https:\/\/ae01.alicdn.com\/kf\/Sd013774921e845a4b4586bfc5e71f676I.jpg\" slate-data-type=\"image\"\/><\/div>\n<p><img decoding=\"async\" width=\"1000\" height=\"auto\" src=\"https:\/\/ae01.alicdn.com\/kf\/S040e56f5cace4c0ab14852b338d3b7ban.jpg\" slate-data-type=\"image\"\/><\/p>\n<div class=\"detailmodule_image\"><img decoding=\"async\" src=\"https:\/\/ae01.alicdn.com\/kf\/Sf1e1fc0d53664845ae05fbd93a369acd2.jpg\" slate-data-type=\"image\"\/><\/div>\n<div style=\"text-align:center\" class=\"detailmodule_image\" align=\"center\"><img decoding=\"async\" style=\"margin-bottom:10px\" class=\"detail-desc-decorate-image\" src=\"https:\/\/ae01.alicdn.com\/kf\/S3f16c1c71264487ca375043e8f58b075d.jpg\" slate-data-type=\"image\"\/><span style=\"color:rgb(123, 100, 255);font-size:32px\">&lt;Application&gt;<\/span><\/div>\n<div><span style=\"font-size:28px\"><strong>\u2022 Alimentation \u00e9lectrique pour VR<\/strong><\/span><\/div>\n<div><span style=\"font-size:28px\"><strong>\u2022 Alimentation \u00e9lectrique offshore<\/strong><\/span><\/div>\n<div><span style=\"font-size:28px\"><strong>\u2022 Stockage d&#039;\u00e9nergie domestique<\/strong><\/span><\/div>\n<div><span style=\"font-size:28px\"><strong>\u2022 Alimentation de secours<\/strong><\/span><\/div>\n<div><span style=\"font-size:28px\"><strong>\u2022 Alimentation \u00e9lectrique ext\u00e9rieure<\/strong><\/span><\/div>\n<div><span style=\"font-size:28px\"><strong>\u2022 Alimentation \u00e9lectrique pour chariot \u00e9l\u00e9vateur<\/strong><\/span><\/div>\n<div><img decoding=\"async\" src=\"https:\/\/ae01.alicdn.com\/kf\/S3bd9415f10ea4faab1a0d7813692f4d6P.jpg\" slate-data-type=\"image\"\/><\/div>\n<div class=\"detailmodule_image\"><\/div>\n<p><img decoding=\"async\" width=\"1000\" height=\"auto\" src=\"https:\/\/ae01.alicdn.com\/kf\/S7eb61724b1ff49c2837aa087741e5718i.jpg\" slate-data-type=\"image\"\/><\/p>\n<p><img decoding=\"async\" src=\"https:\/\/ae01.alicdn.com\/kf\/S3af62ed51a6c4c9aaf6b1a74f942731d7.jpg\" slate-data-type=\"image\"\/><img decoding=\"async\" src=\"https:\/\/ae01.alicdn.com\/kf\/Sa525f81f13fa45d5a4d28e743ba1abd0r.jpg\" slate-data-type=\"image\"\/><img decoding=\"async\" src=\"https:\/\/ae01.alicdn.com\/kf\/Sd38090f9a3a04d9cbe8750c62a40b127u.jpg\" slate-data-type=\"image\"\/><\/p>\n<div class=\"detailmodule_image\"><\/div>\n<p><\/p>\n<div class=\"detailmodule_image\"><img decoding=\"async\" style=\"margin-bottom:10px\" class=\"detail-desc-decorate-image\" src=\"https:\/\/ae01.alicdn.com\/kf\/Sc1f01b78a31c4945a44765c40f701120P.jpg\" slate-data-type=\"image\"\/><\/div>\n<div class=\"detailmodule_image\"><img decoding=\"async\" style=\"margin-bottom:10px\" class=\"detail-desc-decorate-image\" src=\"https:\/\/ae01.alicdn.com\/kf\/S2fd873fa2d0647c38d6b0b7c2e150b78d.jpg\" slate-data-type=\"image\"\/><\/div>\n<p><\/p>","protected":false},"excerpt":{"rendered":"<p>Hign-concerned Chemical:&nbsp;None Nominal Capacity:&nbsp;320AH Weight:&nbsp;5.7KG Voltage:&nbsp;3.2v Size:&nbsp;173*71*204mm Model Number:&nbsp;314-320 Type:&nbsp;LiFePO4 Brand Name:&nbsp;GaiaRay Origin:&nbsp;Mainland China Rated Voltage:&nbsp;Others Nominal Capacity:&nbsp;320AH Weight:&nbsp;5.7KG Dimension:&nbsp;173*71*204mm Charge\/discharge cut-off voltage::&nbsp;3.65 V\/2.5 V Screw Size:&nbsp;M6 Cycle life:&nbsp;8000 Cycle<\/p>","protected":false},"featured_media":8247,"comment_status":"open","ping_status":"closed","template":"","meta":{"_acf_changed":false},"product_brand":[],"product_cat":[235],"product_tag":[],"class_list":{"0":"post-8246","1":"product","2":"type-product","3":"status-publish","4":"has-post-thumbnail","6":"product_cat-lifepo4-battery-cells","8":"first","9":"instock","10":"shipping-taxable","11":"purchasable","12":"product-type-variable"},"acf":[],"_links":{"self":[{"href":"https:\/\/www.electricstore.eu\/fr\/wp-json\/wp\/v2\/product\/8246","targetHints":{"allow":["GET"]}}],"collection":[{"href":"https:\/\/www.electricstore.eu\/fr\/wp-json\/wp\/v2\/product"}],"about":[{"href":"https:\/\/www.electricstore.eu\/fr\/wp-json\/wp\/v2\/types\/product"}],"replies":[{"embeddable":true,"href":"https:\/\/www.electricstore.eu\/fr\/wp-json\/wp\/v2\/comments?post=8246"}],"wp:featuredmedia":[{"embeddable":true,"href":"https:\/\/www.electricstore.eu\/fr\/wp-json\/wp\/v2\/media\/8247"}],"wp:attachment":[{"href":"https:\/\/www.electricstore.eu\/fr\/wp-json\/wp\/v2\/media?parent=8246"}],"wp:term":[{"taxonomy":"product_brand","embeddable":true,"href":"https:\/\/www.electricstore.eu\/fr\/wp-json\/wp\/v2\/product_brand?post=8246"},{"taxonomy":"product_cat","embeddable":true,"href":"https:\/\/www.electricstore.eu\/fr\/wp-json\/wp\/v2\/product_cat?post=8246"},{"taxonomy":"product_tag","embeddable":true,"href":"https:\/\/www.electricstore.eu\/fr\/wp-json\/wp\/v2\/product_tag?post=8246"}],"curies":[{"name":"wp","href":"https:\/\/api.w.org\/{rel}","templated":true}]}}