{"id":8228,"date":"2025-05-19T20:29:21","date_gmt":"2025-05-19T20:29:21","guid":{"rendered":"https:\/\/electricstore.eu\/product\/uncategorized\/qs-motor-qs138-3000w-v1-mid-drive-motor-72v100kph-electric-motorcycle\/"},"modified":"2025-05-20T13:09:49","modified_gmt":"2025-05-20T13:09:49","slug":"qs-motor-qs138-3000w-v1-mid-drive-motor-72v100kph-electric-motorcycle","status":"publish","type":"product","link":"https:\/\/www.electricstore.eu\/fr\/p\/o\/qs-motor-qs138-3000w-v1-mid-drive-motor-72v100kph-electric-motorcycle\/","title":{"rendered":"Moteur \u00e9lectrique QS MOTOR QS138 3000 W 72 V 13,6 Ah 100 km\/h pour moto"},"content":{"rendered":"<div class=\"product-specs-list-container\">\n<ul class=\"product-specs-list util-clearfix\">\n<li class=\"product-prop line-limit-length\"><span\n                                        class=\"property-title\">Produits chimiques hautement pr\u00e9occupants :&nbsp;<\/span><span\n                                        class=\"property-desc line-limit-length\">Aucun<\/span>\n                            <\/li>\n<li class=\"product-prop line-limit-length\"><span\n                                        class=\"property-title\">Autre num\u00e9ro de pi\u00e8ce\u00a0:&nbsp;<\/span><span\n                                        class=\"property-desc line-limit-length\">un<\/span>\n                            <\/li>\n<li class=\"product-prop line-limit-length\"><span\n                                        class=\"property-title\">Emplacement sur le v\u00e9hicule :&nbsp;<\/span><span\n                                        class=\"property-desc line-limit-length\">ARRI\u00c8RE<\/span>\n                            <\/li>\n<li class=\"product-prop line-limit-length\"><span\n                                        class=\"property-title\">Pays\/R\u00e9gion de fabrication :&nbsp;<\/span><span\n                                        class=\"property-desc line-limit-length\">Chine<\/span>\n                            <\/li>\n<li class=\"product-prop line-limit-length\"><span\n                                        class=\"property-title\">Num\u00e9ro de pi\u00e8ce interchangeable\u00a0:&nbsp;<\/span><span\n                                        class=\"property-desc line-limit-length\">un<\/span>\n                            <\/li>\n<li class=\"product-prop line-limit-length\"><span\n                                        class=\"property-title\">Caract\u00e9ristiques sp\u00e9ciales :&nbsp;<\/span><span\n                                        class=\"property-desc line-limit-length\">Conduite<\/span>\n                            <\/li>\n<li class=\"product-prop line-limit-length\"><span\n                                        class=\"property-title\">Poids de l&#039;article\u00a0:&nbsp;<\/span><span\n                                        class=\"property-desc line-limit-length\">13.7<\/span>\n                            <\/li>\n<li class=\"product-prop line-limit-length\"><span\n                                        class=\"property-title\">Hauteur de l&#039;article\u00a0:&nbsp;<\/span><span\n                                        class=\"property-desc line-limit-length\">32<\/span>\n                            <\/li>\n<li class=\"product-prop line-limit-length\"><span\n                                        class=\"property-title\">Largeur de l&#039;article :&nbsp;<\/span><span\n                                        class=\"property-desc line-limit-length\">31.5<\/span>\n                            <\/li>\n<li class=\"product-prop line-limit-length\"><span\n                                        class=\"property-title\">Longueur de l&#039;article\u00a0:&nbsp;<\/span><span\n                                        class=\"property-desc line-limit-length\">31.5<\/span>\n                            <\/li>\n<li class=\"product-prop line-limit-length\"><span\n                                        class=\"property-title\">Num\u00e9ro de pi\u00e8ce du fabricant\u00a0:&nbsp;<\/span><span\n                                        class=\"property-desc line-limit-length\">un<\/span>\n                            <\/li>\n<li class=\"product-prop line-limit-length\"><span\n                                        class=\"property-title\">Origine:&nbsp;<\/span><span\n                                        class=\"property-desc line-limit-length\">Chine continentale<\/span>\n                            <\/li>\n<li class=\"product-prop line-limit-length\"><span\n                                        class=\"property-title\">Moteur:&nbsp;<\/span><span\n                                        class=\"property-desc line-limit-length\">Moteur \u00e0 courant continu<\/span>\n                            <\/li>\n<li class=\"product-prop line-limit-length\"><span\n                                        class=\"property-title\">Mat\u00e9riel:&nbsp;<\/span><span\n                                        class=\"property-desc line-limit-length\">Aluminium<\/span>\n                            <\/li>\n<\/ul><\/div>\n<div>\n<div><kse:widget data-widget-type=\"customText\" id=\"1005000001338413\" type=\"relation\"><\/kse:widget><\/div>\n<div><strong><span style=\"font-size:22px;font-family:&quot;lucida sans unicode&quot;, &quot;lucida grande&quot;, sans-serif\">Moteur central QS 138 3000W V1 72V 100KPH (ancien mod\u00e8le) pour moto \u00e9lectrique l\u00e9g\u00e8re<\/span><\/strong><\/div>\n<div class=\"detailmodule_text-image\">\n<div><\/div>\n<p style=\"color:rgb(208, 2, 27)\"><span style=\"font-family:&quot;lucida sans unicode&quot;, &quot;lucida grande&quot;, sans-serif\">Pour un moteur central de 138 3000W, il pourrait \u00eatre utilis\u00e9 pour une moto \u00e9lectrique l\u00e9g\u00e8re, qui pourrait \u00eatre de 72V 100KPH.<br \/>De plus, nous fournissons les adaptateurs de pignon de cha\u00eene par d\u00e9faut.<br \/>P.S. Si vous avez des questions concernant les frais de livraison, n&#039;h\u00e9sitez pas \u00e0 nous contacter.<br \/>Vous pouvez aussi passer commande sans payer tout de suite, nous pourrons alors ajuster le prix.<\/span><\/p>\n<div><\/div>\n<div class=\"detailmodule_image\"><strong><span class=\"15\" style=\"color:rgb(211, 49, 21);font-size:12pt;font-family:&quot;Lucida Sans Unicode&quot;\">Note: <\/span><\/strong><\/div>\n<p style=\"line-height:13.5pt;margin:0pt;margin-bottom:0pt;margin-top:0pt;margin-left:0pt;margin-right:0pt;padding:0pt;padding-bottom:0pt;padding-top:0pt;padding-left:0em;padding-right:0pt\" class=\"p\"><strong><span class=\"15\" style=\"color:rgb(211, 49, 21);font-size:12pt;font-family:&quot;Lucida Sans Unicode&quot;\">Il s&#039;agit d&#039;un article livr\u00e9 depuis un entrep\u00f4t europ\u00e9en.<\/span><\/strong><\/p>\n<p class=\"MsoNormal\"><strong><span class=\"15\" style=\"color:rgb(211, 49, 21);font-size:12pt;font-family:&quot;Lucida Sans Unicode&quot;\">Les produits sont exp\u00e9di\u00e9s depuis notre entrep\u00f4t en Pologne et ne peuvent \u00eatre livr\u00e9s qu&#039;en Pologne et dans les pays europ\u00e9ens suivants\u00a0: Allemagne, France, Italie, Autriche, Pays-Bas, Finlande, Belgique, Danemark, Espagne, Bulgarie, Portugal, R\u00e9publique tch\u00e8que, Su\u00e8de, Hongrie, Slovaquie, Lituanie, Lettonie, Luxembourg, Slov\u00e9nie, Estonie, Croatie, Gr\u00e8ce, Roumanie, Irlande et Chypre. Veuillez en prendre note.<\/span><\/strong><span style=\"color:rgb(211, 49, 21);font-size:16px;font-family:&quot;lucida sans unicode&quot;, &quot;lucida grande&quot;, sans-serif\"><strong>\u00a0<\/strong><\/span><\/p>\n<div>\n<p><\/div>\n<div>\u00a0<\/div>\n<\/div>\n<div class=\"detailmodule_text-image\">\n<div><\/div>\n<p style=\"font-family:OpenSans;font-size:20px;font-weight:900;line-height:28px;text-align:left;white-space:pre-wrap;color:rgb(0, 0, 0);margin-bottom:12px\" class=\"detail-desc-decorate-title\" align=\"left\"><span style=\"background-color:rgb(164, 221, 0);font-size:16px;font-family:&quot;lucida sans unicode&quot;, &quot;lucida grande&quot;, sans-serif\">Un ensemble comprenant les kits ci-dessous<\/span><\/p>\n<p style=\"font-family:OpenSans;font-size:14px;font-weight:300;line-height:20px;white-space:pre-wrap;color:rgb(0, 0, 0);margin-bottom:12px\" class=\"detail-desc-decorate-content\"><span style=\"font-size:14px;font-family:&quot;lucida sans unicode&quot;, &quot;lucida grande&quot;, sans-serif\"><br \/>1,1 pi\u00e8ce x 138 Moteur central 3000W V1 avec adaptateur de pignon 428 14T<\/span><\/p>\n<div><\/div>\n<\/div>\n<div class=\"detailmodule_text\">\n<p style=\"font-family:OpenSans;font-size:20px;font-weight:900;line-height:28px;white-space:pre-wrap;color:rgb(0, 0, 0);margin-bottom:12px\" class=\"detail-desc-decorate-title\"><span style=\"background-color:rgb(164, 221, 0);font-size:16px\">Caract\u00e9ristiques principales<\/span><\/p>\n<p style=\"font-family:OpenSans;font-size:14px;font-weight:300;line-height:20px;white-space:pre-wrap;color:rgb(0, 0, 0);margin-bottom:12px\" class=\"detail-desc-decorate-content\"><span style=\"font-family:&quot;lucida sans unicode&quot;, &quot;lucida grande&quot;, sans-serif\">1) L\u00e9ger et compact compar\u00e9 \u00e0 un moteur de moyeu<br \/>2) Les hautes performances b\u00e9n\u00e9ficient de l&#039;affaiblissement du flux<br \/>3) Haute efficacit\u00e9 en mont\u00e9e et meilleure acc\u00e9l\u00e9ration<br \/>4) Favoriser le freinage r\u00e9g\u00e9n\u00e9ratif<\/span><\/p>\n<p style=\"font-family:OpenSans;font-size:14px;font-weight:300;line-height:20px;white-space:pre-wrap;color:rgb(0, 0, 0);margin-bottom:12px\" class=\"detail-desc-decorate-content\"><img decoding=\"async\" src=\"https:\/\/ae01.alicdn.com\/kf\/S6946e94503f34fc08a6a3d129a0ed4b2X.jpg\" slate-data-type=\"image\"\/><\/p>\n<div><\/div>\n<\/div>\n<div class=\"detailmodule_text-image\">\n<p style=\"font-family:OpenSans;font-size:20px;font-weight:900;line-height:28px;white-space:pre-wrap;color:rgb(0, 0, 0);margin-bottom:12px\" class=\"detail-desc-decorate-title\"><span style=\"background-color:rgb(164, 221, 0);font-size:16px\">Description du produit<\/span><\/p>\n<div><img decoding=\"async\" src=\"https:\/\/ae01.alicdn.com\/kf\/Sea562be3849f43eea009178791b4954aT.jpg\" slate-data-type=\"image\"\/><\/div>\n<\/div>\n<div class=\"detailmodule_text-image\">\n<div><\/div>\n<p style=\"font-family:OpenSans;font-size:20px;font-weight:900;line-height:28px;white-space:pre-wrap;color:rgb(0, 0, 0);margin-bottom:12px\" class=\"detail-desc-decorate-title\"><span style=\"background-color:rgb(244, 78, 59);font-size:16px;font-family:&quot;lucida sans unicode&quot;, &quot;lucida grande&quot;, sans-serif\">Dessin<\/span><\/p>\n<p style=\"font-family:OpenSans;font-size:14px;font-weight:300;line-height:20px;white-space:pre-wrap;color:rgb(0, 0, 0);margin-bottom:12px\" class=\"detail-desc-decorate-content\"><span style=\"font-size:14px;font-family:&quot;lucida sans unicode&quot;, &quot;lucida grande&quot;, sans-serif\">Se r\u00e9f\u00e9rer au moteur central 138 3000W V1 avec conception de courroie<\/span><\/p>\n<div><img fetchpriority=\"high\" decoding=\"async\" class=\"detail-desc-decorate-image\" width=\"800\" height=\"657\" src=\"https:\/\/ae01.alicdn.com\/kf\/Hd34d04446c1d4eb7a30f0162b3895e68m.jpg\" slate-data-type=\"image\"\/><\/div>\n<\/div>\n<div class=\"detailmodule_text-image\">\n<div><\/div>\n<p style=\"font-family:OpenSans;font-size:20px;font-weight:900;line-height:28px;white-space:pre-wrap;color:rgb(0, 0, 0);margin-bottom:12px\" class=\"detail-desc-decorate-title\"><span style=\"background-color:rgb(244, 78, 59);font-size:16px;font-family:&quot;lucida sans unicode&quot;, &quot;lucida grande&quot;, sans-serif\">Rapport de test<\/span><\/p>\n<div><img decoding=\"async\" class=\"detail-desc-decorate-image\" width=\"800\" height=\"486\" src=\"https:\/\/ae01.alicdn.com\/kf\/H68d41373bb1940fb8a933fe6dc560366K.jpg\" slate-data-type=\"image\"\/><\/div>\n<\/div>\n<div class=\"detailmodule_text-image\">\n<div><\/div>\n<p class=\"MsoNormal\"><span style=\"color:rgb(255, 0, 0)\">Note concernant le moteur \u00e0 pignon<\/span><\/p>\n<p class=\"MsoNormal\"><span style=\"color:rgb(255, 0, 0)\">Nous allons progressivement passer d&#039;une taille d&#039;arbre cannel\u00e9 de 6-4 \u00e0 6-5.<\/span><\/p>\n<p class=\"MsoNormal\"><span style=\"color:rgb(255, 0, 0)\">Parce que le 6-5 est plus r\u00e9sistant \u00e0 l&#039;usure et plus compatible<\/span><\/p>\n<p class=\"MsoNormal\"><span style=\"color:rgb(255, 0, 0)\">Le contraste entre 6-4 et 6-5 est le suivant\u00a0:<\/span><\/p>\n<div><\/div>\n<p class=\"MsoNormal\"><img decoding=\"async\" width=\"800\" height=\"560\" src=\"https:\/\/ae01.alicdn.com\/kf\/H92532228f9054498b4de99b8855756a1U.jpg\" slate-data-type=\"image\"\/><\/p>\n<div><\/div>\n<p style=\"font-family:OpenSans;font-size:20px;font-weight:900;line-height:28px;white-space:pre-wrap;color:rgb(0, 0, 0);margin-bottom:12px\" class=\"detail-desc-decorate-title\"><span style=\"background-color:rgb(164, 221, 0);font-size:14px;font-family:&quot;lucida sans unicode&quot;, &quot;lucida grande&quot;, sans-serif\">Kits de conversion<\/span><\/p>\n<p style=\"color:rgb(208, 2, 27)\"><span style=\"font-size:14px;font-family:&quot;lucida sans unicode&quot;, &quot;lucida grande&quot;, sans-serif\">Si ces kits de conversion vous int\u00e9ressent, vous pouvez cliquer sur l&#039;image ci-jointe.<\/span><\/p>\n<div><\/div>\n<p style=\"color:rgb(208, 2, 27)\"><a href=\"https:\/\/www.aliexpress.com\/item\/4000003502810.html?spm=a2g0o.store_pc_groupList.8148356.40.58677d39u2VsRZ\" target=\"_self\" class=\"\"><img loading=\"lazy\" decoding=\"async\" width=\"285\" height=\"272\" src=\"https:\/\/ae01.alicdn.com\/kf\/H92409da29169482bb5733c44ef2fb23cC.jpg\" slate-data-type=\"image\"\/><\/a><\/p>\n<div><\/div>\n<\/div>\n<div class=\"detailmodule_text-image\">\n<p style=\"font-family:OpenSans;font-size:20px;font-weight:900;line-height:28px;white-space:pre-wrap;color:rgb(0, 0, 0);margin-bottom:12px\" class=\"detail-desc-decorate-title\"><span style=\"background-color:rgb(164, 221, 0);font-size:16px;font-family:&quot;lucida sans unicode&quot;, &quot;lucida grande&quot;, sans-serif\">Application<\/span><\/p>\n<div><img decoding=\"async\" src=\"https:\/\/ae01.alicdn.com\/kf\/Sa12d2bcf8be845799786dd0294876ed4U.jpg\" slate-data-type=\"image\"\/><\/div>\n<\/div>\n<div><\/div>\n<\/div>\n<div>\u00a0<\/div>\n<p><span style=\"font-size:16px;font-family:&quot;lucida sans unicode&quot;, &quot;lucida grande&quot;, sans-serif\"><strong><span style=\"font-family:&quot;lucida sans unicode&quot;, &quot;lucida grande&quot;, sans-serif\"><span style=\"background-color:rgb(255, 255, 0);font-family:&quot;lucida sans unicode&quot;, &quot;lucida grande&quot;, sans-serif\"><span style=\"color:rgb(0, 0, 0);font-family:&quot;lucida sans unicode&quot;, &quot;lucida grande&quot;, sans-serif\">Logiciel programmable et manuel d&#039;utilisation (avant la r\u00e9ception du contr\u00f4leur)\u00a0<\/span><\/span><\/span><\/strong><\/span><\/p>\n<p><\/p>\n<p style=\"font-family:&quot;open sans&quot;, roboto, arial, helvetica, sans-serif, simsun;font-size:14px;font-weight:400;letter-spacing:normal;line-height:inherit;text-align:start;white-space:normal;color:rgb(0, 0, 0);background-color:rgb(255, 255, 255);margin:0px;margin-bottom:0px;margin-top:0px;margin-left:0px;margin-right:0px;padding:0px;padding-bottom:0px;padding-top:0px;padding-left:0px;padding-right:0px;box-sizing:border-box\" align=\"start\"><span style=\"color:rgb(0, 0, 0);font-size:14px;font-family:&quot;lucida sans unicode&quot;, &quot;lucida grande&quot;, sans-serif\">Veuillez contacter le service commercial pour obtenir le lien et le mot de passe permettant de t\u00e9l\u00e9charger les manuels et le logiciel avant\/lorsque vous recevrez les manettes.<\/span><\/p>\n<p style=\"font-family:&quot;open sans&quot;, roboto, arial, helvetica, sans-serif, simsun;font-size:14px;font-weight:400;letter-spacing:normal;line-height:inherit;text-align:start;white-space:normal;color:rgb(0, 0, 0);background-color:rgb(255, 255, 255);margin:0px;margin-bottom:0px;margin-top:0px;margin-left:0px;margin-right:0px;padding:0px;padding-bottom:0px;padding-top:0px;padding-left:0px;padding-right:0px;box-sizing:border-box\" align=\"start\"><\/p>\n<p style=\"font-family:&quot;open sans&quot;, roboto, arial, helvetica, sans-serif, simsun;font-size:14px;font-weight:400;letter-spacing:normal;line-height:inherit;text-align:start;white-space:normal;color:rgb(0, 0, 0);background-color:rgb(255, 255, 255);margin:0px;margin-bottom:0px;margin-top:0px;margin-left:0px;margin-right:0px;padding:0px;padding-bottom:0px;padding-top:0px;padding-left:0px;padding-right:0px;box-sizing:border-box\" align=\"start\"><kse:widget data-widget-type=\"customText\" id=\"1005000000987255\" type=\"custom\"><\/kse:widget><\/p>\n<p><\/p>","protected":false},"excerpt":{"rendered":"<p>Hign-concerned Chemical:&nbsp;None Other Part Number:&nbsp;a Placement on Vehicle:&nbsp;REAR Country\/Region of Manufacture:&nbsp;China Interchange Part Number:&nbsp;a Special Features:&nbsp;Driving Item Weight:&nbsp;13.7 Item Height:&nbsp;32 Item Width:&nbsp;31.5 Item Length:&nbsp;31.5 Manufacturer Part Number:&nbsp;a Origin:&nbsp;Mainland China Motor:&nbsp;DC<\/p>","protected":false},"featured_media":8229,"comment_status":"open","ping_status":"closed","template":"","meta":{"_acf_changed":false},"product_brand":[],"product_cat":[15,232],"product_tag":[],"class_list":{"0":"post-8228","1":"product","2":"type-product","3":"status-publish","4":"has-post-thumbnail","6":"product_cat-o","7":"product_cat-motorbikes","9":"first","10":"instock","11":"shipping-taxable","12":"purchasable","13":"product-type-simple"},"acf":[],"_links":{"self":[{"href":"https:\/\/www.electricstore.eu\/fr\/wp-json\/wp\/v2\/product\/8228","targetHints":{"allow":["GET"]}}],"collection":[{"href":"https:\/\/www.electricstore.eu\/fr\/wp-json\/wp\/v2\/product"}],"about":[{"href":"https:\/\/www.electricstore.eu\/fr\/wp-json\/wp\/v2\/types\/product"}],"replies":[{"embeddable":true,"href":"https:\/\/www.electricstore.eu\/fr\/wp-json\/wp\/v2\/comments?post=8228"}],"wp:featuredmedia":[{"embeddable":true,"href":"https:\/\/www.electricstore.eu\/fr\/wp-json\/wp\/v2\/media\/8229"}],"wp:attachment":[{"href":"https:\/\/www.electricstore.eu\/fr\/wp-json\/wp\/v2\/media?parent=8228"}],"wp:term":[{"taxonomy":"product_brand","embeddable":true,"href":"https:\/\/www.electricstore.eu\/fr\/wp-json\/wp\/v2\/product_brand?post=8228"},{"taxonomy":"product_cat","embeddable":true,"href":"https:\/\/www.electricstore.eu\/fr\/wp-json\/wp\/v2\/product_cat?post=8228"},{"taxonomy":"product_tag","embeddable":true,"href":"https:\/\/www.electricstore.eu\/fr\/wp-json\/wp\/v2\/product_tag?post=8228"}],"curies":[{"name":"wp","href":"https:\/\/api.w.org\/{rel}","templated":true}]}}