{"id":7792,"date":"2025-05-15T19:57:33","date_gmt":"2025-05-15T19:57:33","guid":{"rendered":"https:\/\/electricstore.eu\/product\/evercross-tech-ev12m-300w-25-km-h-15-km12-children-electric-motorbike\/"},"modified":"2025-05-21T05:40:08","modified_gmt":"2025-05-21T05:40:08","slug":"evercross-tech-ev12m-300w-25-km-h-15-km12-children-electric-motorbike","status":"publish","type":"product","link":"https:\/\/www.electricstore.eu\/fr\/p\/motorbikes\/electric-children-motorbikes\/evercross-tech-ev12m-300w-25-km-h-15-km12-children-electric-motorbike\/","title":{"rendered":"Moto \u00e9lectrique pour enfants EVERCROSS TECH EV12M 300 W 36 V 4 Ah 25 km\/h 15 km 12 pouces"},"content":{"rendered":"<div class=\"product-specs-list-container\">\n<ul class=\"product-specs-list util-clearfix\">\n<li class=\"product-prop line-limit-length\"><span\n                                        class=\"property-title\">Num\u00e9ro de mod\u00e8le :&nbsp;<\/span><span\n                                        class=\"property-desc line-limit-length\">EV12M<\/span>\n                            <\/li>\n<li class=\"product-prop line-limit-length\"><span\n                                        class=\"property-title\">Capacit\u00e9 nominale de passagers :&nbsp;<\/span><span\n                                        class=\"property-desc line-limit-length\">Un si\u00e8ge<\/span>\n                            <\/li>\n<li class=\"product-prop line-limit-length\"><span\n                                        class=\"property-title\">Style:&nbsp;<\/span><span\n                                        class=\"property-desc line-limit-length\">Type standard<\/span>\n                            <\/li>\n<li class=\"product-prop line-limit-length\"><span\n                                        class=\"property-title\">Vitesse maximale :&nbsp;<\/span><span\n                                        class=\"property-desc line-limit-length\">&lt;25 km\/h<\/span>\n                            <\/li>\n<li class=\"product-prop line-limit-length\"><span\n                                        class=\"property-title\">Port\u00e9e par puissance :&nbsp;<\/span><span\n                                        class=\"property-desc line-limit-length\">10 \u2013 30 km<\/span>\n                            <\/li>\n<li class=\"product-prop line-limit-length\"><span\n                                        class=\"property-title\">Puissance :&nbsp;<\/span><span\n                                        class=\"property-desc line-limit-length\">200 \u2013 250 W<\/span>\n                            <\/li>\n<li class=\"product-prop line-limit-length\"><span\n                                        class=\"property-title\">Alimentation \u00e9lectrique :&nbsp;<\/span><span\n                                        class=\"property-desc line-limit-length\">batterie au lithium<\/span>\n                            <\/li>\n<li class=\"product-prop line-limit-length\"><span\n                                        class=\"property-title\">tension:&nbsp;<\/span><span\n                                        class=\"property-desc line-limit-length\">36V<\/span>\n                            <\/li>\n<li class=\"product-prop line-limit-length\"><span\n                                        class=\"property-title\">Nom de marque :&nbsp;<\/span><span\n                                        class=\"property-desc line-limit-length\">EVERCROSS TECH<\/span>\n                            <\/li>\n<li class=\"product-prop line-limit-length\"><span\n                                        class=\"property-title\">Source d&#039;alimentation :&nbsp;<\/span><span\n                                        class=\"property-desc line-limit-length\">batterie au lithium<\/span>\n                            <\/li>\n<li class=\"product-prop line-limit-length\"><span\n                                        class=\"property-title\">Origine:&nbsp;<\/span><span\n                                        class=\"property-desc line-limit-length\">Chine continentale<\/span>\n                            <\/li>\n<\/ul><\/div>\n<div class=\"detailmodule_html\">\n<div class=\"detail-desc-decorate-richtext\">\n<p><strong><span class=\"15\" style=\"font-family:Calibri\">CONSEIL DE S\u00c9CURIT\u00c9<\/span><\/strong><\/p>\n<p><strong><span class=\"15\" style=\"font-family:Calibri\">La moto \u00e9lectrique pour enfants EV12M est robuste et stable. Nous recommandons un montage soign\u00e9 par deux adultes. Avant chaque utilisation, v\u00e9rifiez que toutes les pi\u00e8ces sont bien fix\u00e9es. Le moteur simule un bruit r\u00e9aliste pour une exp\u00e9rience de conduite amusante. Moteur puissant de 300 W.<\/span><\/strong><\/p>\n<p><strong><span class=\"15\" style=\"font-family:Calibri\">Dot\u00e9e d&#039;un moteur de 300 W, cette moto atteint une vitesse maximale de 25 km\/h. Adapt\u00e9e aux enfants de 3 \u00e0 12 ans, elle supporte une charge maximale de 65 kg, id\u00e9ale pour des aventures riches en sensations. Batterie longue dur\u00e9e et modes de vitesse.<\/span><\/strong><\/p>\n<p><strong><span class=\"15\" style=\"font-family:Calibri\">Avec une batterie de 36 V 4 Ah, profitez d&#039;une autonomie jusqu&#039;\u00e0 15 km par charge compl\u00e8te. Les trois modes de vitesse (8 km\/h, 12 km\/h, 25 km\/h) offrent s\u00e9curit\u00e9 et plaisir personnalis\u00e9s. CONFORT ET S\u00c9CURIT\u00c9<\/span><\/strong><\/p>\n<p><strong><span class=\"15\" style=\"font-family:Calibri\">Suspension haute performance et pneus en caoutchouc de 12 pouces pour une conduite souple, m\u00eame sur terrain accident\u00e9. Freins \u00e0 tambour pour une s\u00e9curit\u00e9 optimale \u00e0 chaque trajet. CADEAU ID\u00c9AL POUR LES ENFANTS<\/span><\/strong><\/p>\n<p><strong><span class=\"15\" style=\"font-family:Calibri\">Cette moto \u00e9lectrique est le cadeau id\u00e9al pour les petites aventures. Elle favorise le courage, la coordination et le d\u00e9veloppement du sens de la conduite\u00a0: une exp\u00e9rience inoubliable pour des enfants exceptionnels\u00a0!<\/span><\/strong><\/p>\n<\/div>\n<\/div>","protected":false},"excerpt":{"rendered":"<p>Model Number:&nbsp;EV12M Rated Passenger Capacity:&nbsp;One Seat Style:&nbsp;Standard Type Max Speed:&nbsp;&lt;25km\/h Range per Power:&nbsp;10 &#8211; 30 km Wattage:&nbsp;200 &#8211; 250w Power Supply:&nbsp;lithium battery Voltage:&nbsp;36V Brand Name:&nbsp;EVERCROSS TECH Power Source:&nbsp;lithium battery Origin:&nbsp;Mainland<\/p>","protected":false},"featured_media":7793,"comment_status":"open","ping_status":"closed","template":"","meta":{"_acf_changed":false},"product_brand":[],"product_cat":[313],"product_tag":[327],"class_list":{"0":"post-7792","1":"product","2":"type-product","3":"status-publish","4":"has-post-thumbnail","6":"product_cat-electric-children-motorbikes","7":"product_tag-evercross","9":"first","10":"instock","11":"shipping-taxable","12":"purchasable","13":"product-type-variable"},"acf":[],"_links":{"self":[{"href":"https:\/\/www.electricstore.eu\/fr\/wp-json\/wp\/v2\/product\/7792","targetHints":{"allow":["GET"]}}],"collection":[{"href":"https:\/\/www.electricstore.eu\/fr\/wp-json\/wp\/v2\/product"}],"about":[{"href":"https:\/\/www.electricstore.eu\/fr\/wp-json\/wp\/v2\/types\/product"}],"replies":[{"embeddable":true,"href":"https:\/\/www.electricstore.eu\/fr\/wp-json\/wp\/v2\/comments?post=7792"}],"wp:featuredmedia":[{"embeddable":true,"href":"https:\/\/www.electricstore.eu\/fr\/wp-json\/wp\/v2\/media\/7793"}],"wp:attachment":[{"href":"https:\/\/www.electricstore.eu\/fr\/wp-json\/wp\/v2\/media?parent=7792"}],"wp:term":[{"taxonomy":"product_brand","embeddable":true,"href":"https:\/\/www.electricstore.eu\/fr\/wp-json\/wp\/v2\/product_brand?post=7792"},{"taxonomy":"product_cat","embeddable":true,"href":"https:\/\/www.electricstore.eu\/fr\/wp-json\/wp\/v2\/product_cat?post=7792"},{"taxonomy":"product_tag","embeddable":true,"href":"https:\/\/www.electricstore.eu\/fr\/wp-json\/wp\/v2\/product_tag?post=7792"}],"curies":[{"name":"wp","href":"https:\/\/api.w.org\/{rel}","templated":true}]}}