{"id":7574,"date":"2025-05-15T19:32:53","date_gmt":"2025-05-15T19:32:53","guid":{"rendered":"https:\/\/electricstore.eu\/product\/usamr-500ah-12v-lifepo4-battery\/"},"modified":"2025-05-20T13:42:13","modified_gmt":"2025-05-20T13:42:13","slug":"usamr-500ah-12v-lifepo4-battery","status":"publish","type":"product","link":"https:\/\/www.electricstore.eu\/fr\/p\/batteries\/lifepo4-batteries\/200ah-lifepo4-batteries\/usamr-500ah-12v-lifepo4-battery\/","title":{"rendered":"Batterie USAMR 500 Ah 12 V LiFePO4"},"content":{"rendered":"<div class=\"product-specs-list-container\">\n<ul class=\"product-specs-list util-clearfix\">\n<li class=\"product-prop line-limit-length\"><span class=\"property-title\">Capacit\u00e9 nominale :\u00a0<\/span><span class=\"property-desc line-limit-length\">500AH<\/span><\/li>\n<li class=\"product-prop line-limit-length\"><span class=\"property-title\">Poids:\u00a0<\/span><span class=\"property-desc line-limit-length\">About 39.3kg<\/span><\/li>\n<li class=\"product-prop line-limit-length\"><span class=\"property-title\">tension:\u00a0<\/span><span class=\"property-desc line-limit-length\">12V<\/span><\/li>\n<li class=\"product-prop line-limit-length\"><span class=\"property-title\">Taille:\u00a0<\/span><span class=\"property-desc line-limit-length\">430x240x270mm<\/span><\/li>\n<li class=\"product-prop line-limit-length\"><span class=\"property-title\">Num\u00e9ro de mod\u00e8le :\u00a0<\/span><span class=\"property-desc line-limit-length\">Batterie Lifepo4 12 V<\/span><\/li>\n<li class=\"product-prop line-limit-length\"><span class=\"property-title\">Taper:\u00a0<\/span><span class=\"property-desc line-limit-length\">LiFePO4<\/span><\/li>\n<li class=\"product-prop line-limit-length\"><span class=\"property-title\">Nom de marque :\u00a0<\/span><span class=\"property-desc line-limit-length\">Likctt<\/span><\/li>\n<li class=\"product-prop line-limit-length\"><span class=\"property-title\">Origine:\u00a0<\/span><span class=\"property-desc line-limit-length\">Chine continentale<\/span><\/li>\n<\/ul>\n<\/div>\n<div class=\"detailmodule_html\">\n<div class=\"detail-desc-decorate-richtext\">\n<p style=\"text-align: left; color: #ff0000; font-size: 20px; font-weight: bold;\">Transport dans l&#039;Union europ\u00e9enne, au Royaume-Uni, aux \u00c9tats-Unis, au Canada et en Asie SANS TAXE.<\/p>\n<p style=\"text-align: left; color: #434649; font-size: 13px;\">L&#039;entrep\u00f4t de l&#039;UE (entrep\u00f4t polonais) est arriv\u00e9. Si vous en avez besoin, vous pouvez passer commande d\u00e8s maintenant. Commencez par commander et organiser l&#039;exp\u00e9dition. Vous recevrez vos marchandises sous 3 \u00e0 7 jours apr\u00e8s l&#039;exp\u00e9dition.<br \/>Type de batterie :<br \/>Battery capacity:500ah<br \/>Battery size:430*240*270mm (+\/-10mm)<br \/>Weight:39.3kg(+\/-0.5kg)<br \/>Int\u00e9gr\u00e9 : Batterie LiFePO4 3,2 V<br \/>Tension nominale : 12,8 V<br \/>Courant de charge maximal : 50 A<br \/>Courant de d\u00e9charge instantan\u00e9 : 200 A<br \/>Courant de d\u00e9charge continu : 100 A<br \/>Dur\u00e9e de vie : 6\u00a0000 cycles ou plus<br \/>Mat\u00e9riau du bo\u00eetier : M\u00e9tal<br \/>Temp\u00e9rature de charge : 0~45\u00b0C<br \/>Temp\u00e9rature de d\u00e9charge : -20~60\u00b0C<br \/>Temp\u00e9rature de stockage : -20~65 \u00b0C<br \/>Plage de tension de fonctionnement : 8,0 V-14,6 V<br \/>Tension de protection contre les surcharges : 14,6 V \u00b1 0,05 V<br \/>Tension de protection contre les surcharges : 8,0 V \u00b1 0,05 V<br \/>Prot\u00e9ger la temp\u00e9rature de la batterie : 60 \u00b0C plus 5 \u00b0C<br \/>Sortie et param\u00e8tres : colonne de connexion positive\/n\u00e9gative \u00e0 courant \u00e9lev\u00e9 (rouge positif, noir n\u00e9gatif)<\/p>\n<p><img fetchpriority=\"high\" decoding=\"async\" style=\"width: 100%; height: auto; vertical-align: middle;\" src=\"https:\/\/ae01.alicdn.com\/kf\/Sd877e7644c8f4d3196748c53f5a8741dn.jpg\" width=\"1000\" height=\"1000\" \/><img decoding=\"async\" style=\"width: 100%; height: auto; vertical-align: middle;\" src=\"https:\/\/ae01.alicdn.com\/kf\/S9058fa1bec344b5f8240fb6ca48808f5w.jpg\" width=\"1000\" height=\"1000\" \/><img decoding=\"async\" style=\"width: 100%; height: auto; vertical-align: middle;\" src=\"https:\/\/ae01.alicdn.com\/kf\/S8545d111efbb41beba9ccb647eb2e0bbP.jpg\" width=\"1000\" height=\"1000\" \/><img loading=\"lazy\" decoding=\"async\" style=\"width: 100%; height: auto; vertical-align: middle;\" src=\"https:\/\/ae01.alicdn.com\/kf\/S1c9bd8397329465d9023bf1d760e5aadC.jpg?width=1000&amp;height=1000&amp;hash=2000\" width=\"1000\" height=\"1000\" \/><img loading=\"lazy\" decoding=\"async\" style=\"width: 100%; height: auto; vertical-align: middle;\" src=\"https:\/\/ae01.alicdn.com\/kf\/S489c689a043243cbac59ce467d13df0dv.jpg?width=1000&amp;height=1000&amp;hash=2000\" width=\"1000\" height=\"1000\" \/><img loading=\"lazy\" decoding=\"async\" style=\"width: 100%; height: auto; vertical-align: middle;\" src=\"https:\/\/ae01.alicdn.com\/kf\/Sad30417a2ed1492fb8f6200b937e0895L.jpg?width=1000&amp;height=1000&amp;hash=2000\" width=\"1000\" height=\"1000\" \/><img loading=\"lazy\" decoding=\"async\" style=\"width: 100%; height: auto; vertical-align: middle;\" src=\"https:\/\/ae01.alicdn.com\/kf\/S37076c5d5a274f3a9518a80bfa2013ad8.jpg?width=1000&amp;height=1000&amp;hash=2000\" width=\"1000\" height=\"1000\" \/><img loading=\"lazy\" decoding=\"async\" style=\"width: 100%; height: auto; vertical-align: middle;\" src=\"https:\/\/ae01.alicdn.com\/kf\/Sad01bdea2fc94119be5345b9d347c59e1.jpg?width=1000&amp;height=1000&amp;hash=2000\" width=\"1000\" height=\"1000\" \/><img loading=\"lazy\" decoding=\"async\" style=\"width: 100%; height: auto; vertical-align: middle;\" src=\"https:\/\/ae01.alicdn.com\/kf\/S5eecd84a030b4a388a6911fdf21988b5u.jpg?width=1000&amp;height=1000&amp;hash=2000\" width=\"1000\" height=\"1000\" \/><\/p>\n<p style=\"text-align: left; color: #434649; font-size: 13px;\">Application de l&#039;\u00e9nergie \u00e9lectrique<\/p>\n<p style=\"text-align: left; color: #434649; font-size: 13px;\">\u25cfD\u00e9marrer le moteur de la batterie<\/p>\n<p style=\"text-align: left; color: #434649; font-size: 13px;\">\u25cf Autobus commerciaux et bus :<\/p>\n<p style=\"text-align: left; color: #434649; font-size: 13px;\">Voitures \u00e9lectriques, bus \u00e9lectriques, voiturettes de golf\/v\u00e9los \u00e9lectriques, scooters, camping-cars, AGV, Marines, autocars, caravanes, fauteuils roulants,<\/p>\n<p style=\"text-align: left; color: #434649; font-size: 13px;\">Camions \u00e9lectroniques, balayeuses \u00e9lectroniques, nettoyeurs de sol, d\u00e9ambulateurs \u00e9lectroniques, etc.<\/p>\n<p style=\"text-align: left; color: #434649; font-size: 13px;\">\u25cf Robot intelligent<\/p>\n<p style=\"text-align: left; color: #434649; font-size: 13px;\">\u25cf Outils \u00e9lectriques : perceuses \u00e9lectriques, jouets<\/p>\n<p style=\"text-align: left; color: #434649; font-size: 13px;\">Stockage d&#039;\u00e9nergie<\/p>\n<p style=\"text-align: left; color: #434649; font-size: 13px;\">\u25cf Syst\u00e8me d&#039;\u00e9nergie \u00e9olienne solaire<\/p>\n<p style=\"text-align: left; color: #434649; font-size: 13px;\">\u25cf R\u00e9seau urbain (activ\u00e9\/d\u00e9sactiv\u00e9)<\/p>\n<p style=\"text-align: left; color: #434649; font-size: 13px;\">Syst\u00e8me de sauvegarde et onduleur<\/p>\n<p style=\"text-align: left; color: #434649; font-size: 13px;\">\u25cf Base de t\u00e9l\u00e9communication, syst\u00e8me de t\u00e9l\u00e9vision par c\u00e2ble, centre de serveurs informatiques, \u00e9quipement m\u00e9dical, \u00e9quipement militaire<\/p>\n<p style=\"text-align: left; color: #434649; font-size: 13px;\">autres applications<\/p>\n<p style=\"text-align: left; color: #434649; font-size: 13px;\">\u25cf S\u00e9curit\u00e9 et \u00e9lectronique, point de vente mobile, \u00e9clairage minier \/ lampe de poche \/ lumi\u00e8res LED \/ lumi\u00e8res de secours<\/p>\n<p style=\"text-align: left; color: #434649; font-size: 13px;\">Avantages du produit :<\/p>\n<p style=\"text-align: left; color: #434649; font-size: 13px;\">Facile \u00e0 transporter, grande capacit\u00e9, plate-forme de lib\u00e9ration \u00e9lev\u00e9e, longues heures de travail, longue dur\u00e9e de vie, s\u00e9curit\u00e9 et protection de l&#039;environnement<\/p>\n<p><img loading=\"lazy\" decoding=\"async\" style=\"width: 100%; height: auto; vertical-align: middle;\" src=\"https:\/\/ae01.alicdn.com\/kf\/S27b23c2fe70a4c37899b54c92940cb610.jpg\" width=\"1000\" height=\"1000\" \/><\/p>\n<\/div>\n<\/div>","protected":false},"excerpt":{"rendered":"<p>Nominal Capacity:\u00a0500AH Weight:\u00a0About 39.3kg Voltage:\u00a012V Size:\u00a0430x240x270mm Model Number:\u00a012V Liferpo4 Battery Type:\u00a0LiFePO4 Brand Name:\u00a0Likctt Origin:\u00a0Mainland China Transportation in the European Union, United Kingdom,the United States, Canada, and Asian TAX FREE. The<\/p>","protected":false},"featured_media":7575,"comment_status":"open","ping_status":"closed","template":"","meta":{"_acf_changed":false},"product_brand":[],"product_cat":[238],"product_tag":[243],"class_list":{"0":"post-7574","1":"product","2":"type-product","3":"status-publish","4":"has-post-thumbnail","6":"product_cat-200ah-lifepo4-batteries","7":"product_tag-usamr","9":"first","10":"instock","11":"shipping-taxable","12":"purchasable","13":"product-type-simple"},"acf":[],"_links":{"self":[{"href":"https:\/\/www.electricstore.eu\/fr\/wp-json\/wp\/v2\/product\/7574","targetHints":{"allow":["GET"]}}],"collection":[{"href":"https:\/\/www.electricstore.eu\/fr\/wp-json\/wp\/v2\/product"}],"about":[{"href":"https:\/\/www.electricstore.eu\/fr\/wp-json\/wp\/v2\/types\/product"}],"replies":[{"embeddable":true,"href":"https:\/\/www.electricstore.eu\/fr\/wp-json\/wp\/v2\/comments?post=7574"}],"wp:featuredmedia":[{"embeddable":true,"href":"https:\/\/www.electricstore.eu\/fr\/wp-json\/wp\/v2\/media\/7575"}],"wp:attachment":[{"href":"https:\/\/www.electricstore.eu\/fr\/wp-json\/wp\/v2\/media?parent=7574"}],"wp:term":[{"taxonomy":"product_brand","embeddable":true,"href":"https:\/\/www.electricstore.eu\/fr\/wp-json\/wp\/v2\/product_brand?post=7574"},{"taxonomy":"product_cat","embeddable":true,"href":"https:\/\/www.electricstore.eu\/fr\/wp-json\/wp\/v2\/product_cat?post=7574"},{"taxonomy":"product_tag","embeddable":true,"href":"https:\/\/www.electricstore.eu\/fr\/wp-json\/wp\/v2\/product_tag?post=7574"}],"curies":[{"name":"wp","href":"https:\/\/api.w.org\/{rel}","templated":true}]}}