{"id":7568,"date":"2025-05-15T19:32:45","date_gmt":"2025-05-15T19:32:45","guid":{"rendered":"https:\/\/electricstore.eu\/product\/usamr-50ah-12v-lifepo4-battery-4\/"},"modified":"2025-05-20T13:35:38","modified_gmt":"2025-05-20T13:35:38","slug":"usamr-50ah-12v-lifepo4-battery-4","status":"publish","type":"product","link":"https:\/\/www.electricstore.eu\/fr\/p\/batteries\/lifepo4-batteries\/100ah\/usamr-50ah-12v-lifepo4-battery-4\/","title":{"rendered":"Batterie LiFePO4 USAMR 50 Ah 12 V"},"content":{"rendered":"<div class=\"product-specs-list-container\">\n<ul class=\"product-specs-list util-clearfix\">\n<li class=\"product-prop line-limit-length\"><span\n                                        class=\"property-title\">Capacit\u00e9 nominale :&nbsp;<\/span><span\n                                        class=\"property-desc line-limit-length\">50AH<\/span>\n                            <\/li>\n<li class=\"product-prop line-limit-length\"><span\n                                        class=\"property-title\">Poids:&nbsp;<\/span><span\n                                        class=\"property-desc line-limit-length\">About 7.2kg<\/span>\n                            <\/li>\n<li class=\"product-prop line-limit-length\"><span\n                                        class=\"property-title\">Taille:&nbsp;<\/span><span\n                                        class=\"property-desc line-limit-length\">230*230*180mm<\/span>\n                            <\/li>\n<li class=\"product-prop line-limit-length\"><span\n                                        class=\"property-title\">Application:&nbsp;<\/span><span\n                                        class=\"property-desc line-limit-length\">V\u00e9hicules \u00e9lectriques, camping-cars, bateaux, moteurs \u00e9lectriques, \u00e9nergie domestique, stockage d&#039;\u00e9nergie solaire, syst\u00e8mes d&#039;\u00e9nergie solaire hors r\u00e9seau, autres<\/span>\n                            <\/li>\n<li class=\"product-prop line-limit-length\"><span\n                                        class=\"property-title\">Num\u00e9ro de mod\u00e8le :&nbsp;<\/span><span\n                                        class=\"property-desc line-limit-length\">Batterie Lifepo4 12 V<\/span>\n                            <\/li>\n<li class=\"product-prop line-limit-length\"><span\n                                        class=\"property-title\">Taper:&nbsp;<\/span><span\n                                        class=\"property-desc line-limit-length\">LiFePO4<\/span>\n                            <\/li>\n<li class=\"product-prop line-limit-length\"><span\n                                        class=\"property-title\">Nom de marque :&nbsp;<\/span><span\n                                        class=\"property-desc line-limit-length\">Likctt<\/span>\n                            <\/li>\n<li class=\"product-prop line-limit-length\"><span\n                                        class=\"property-title\">Origine:&nbsp;<\/span><span\n                                        class=\"property-desc line-limit-length\">Chine continentale<\/span>\n                            <\/li>\n<\/ul><\/div>\n<div class=\"detailmodule_html\">\n<div class=\"detail-desc-decorate-richtext\">\n<p class=\"word-break white-space mt-10\" style=\"color:#ff0000;\">Transport dans l&#039;Union europ\u00e9enne, au Royaume-Uni, aux \u00c9tats-Unis, au Canada et en Asie SANS TAXE.<\/p>\n<p class=\"word-break white-space mt-10\" style=\"color:#434649;\">L&#039;entrep\u00f4t de l&#039;UE (entrep\u00f4t polonais) est arriv\u00e9. Si vous en avez besoin, vous pouvez passer commande d\u00e8s maintenant. Commencez par commander et organiser l&#039;exp\u00e9dition. Vous recevrez vos marchandises sous 3 \u00e0 7 jours apr\u00e8s l&#039;exp\u00e9dition.<\/p>\n<p class=\"word-break white-space mt-10\" style=\"color:#434649;\">Type de batterie :<\/p>\n<p class=\"word-break white-space mt-10\" style=\"color:#434649;\">Battery capacity:50ah<\/p>\n<p class=\"word-break white-space mt-10\" style=\"color:#434649;\">Battery size:230*230*180mm (+\/-10mm)<\/p>\n<p class=\"word-break white-space mt-10\" style=\"color:#434649;\">Weight:7.2kg(+\/-0.5kg)<\/p>\n<p class=\"word-break white-space mt-10\" style=\"color:#434649;\">Int\u00e9gr\u00e9 : Batterie LiFePO4 3,2 V<\/p>\n<p class=\"word-break white-space mt-10\" style=\"color:#434649;\">Tension nominale : 12,8 V<\/p>\n<p class=\"word-break white-space mt-10\" style=\"color:#434649;\">Courant de charge maximal : 50 A<\/p>\n<p class=\"word-break white-space mt-10\" style=\"color:#434649;\">Courant de d\u00e9charge instantan\u00e9 : 200 A<\/p>\n<p class=\"word-break white-space mt-10\" style=\"color:#434649;\">Courant de d\u00e9charge continu : 100 A<\/p>\n<p class=\"word-break white-space mt-10\" style=\"color:#434649;\">Dur\u00e9e de vie : 6\u00a0000 cycles ou plus<\/p>\n<p class=\"word-break white-space mt-10\" style=\"color:#434649;\">Temp\u00e9rature de charge : 0~45\u00b0C<\/p>\n<p class=\"word-break white-space mt-10\" style=\"color:#434649;\">Temp\u00e9rature de d\u00e9charge : -20~60\u00b0C<\/p>\n<p class=\"word-break white-space mt-10\" style=\"color:#434649;\">Temp\u00e9rature de stockage : -20~65 \u00b0C<\/p>\n<p class=\"word-break white-space mt-10\" style=\"color:#434649;\">Plage de tension de fonctionnement : 8,0 V-14,6 V<\/p>\n<p class=\"word-break white-space mt-10\" style=\"color:#434649;\">Tension de protection contre les surcharges : 14,6 V \u00b1 0,05 V<\/p>\n<p class=\"word-break white-space mt-10\" style=\"color:#434649;\">Tension de protection contre les surcharges : 8,0 V \u00b1 0,05 V<\/p>\n<p class=\"word-break white-space mt-10\" style=\"color:#434649;\">Prot\u00e9ger la temp\u00e9rature de la batterie : 60 \u00b0C plus 5 \u00b0C<\/p>\n<p class=\"word-break white-space mt-10\" style=\"color:#434649;\">Sortie et param\u00e8tres : colonne de connexion positive\/n\u00e9gative \u00e0 courant \u00e9lev\u00e9 (rouge positif, noir n\u00e9gatif)<\/p>\n<p><img fetchpriority=\"high\" decoding=\"async\" height=\"1000\" referrerpolicy=\"no-referrer\" src=\"https:\/\/ae01.alicdn.com\/kf\/S2301656b5dd049e7a08e32f18f1204ddr.jpg\" style=\"width: 100%; height: auto; vertical-align: middle;\" width=\"1000\"><img decoding=\"async\" height=\"1000\" referrerpolicy=\"no-referrer\" src=\"https:\/\/ae01.alicdn.com\/kf\/S06751bbb6cc94d5d946b6a0377d9331fB.jpg\" style=\"width: 100%; height: auto; vertical-align: middle;\" width=\"1000\"><img decoding=\"async\" height=\"1000\" referrerpolicy=\"no-referrer\" src=\"https:\/\/ae01.alicdn.com\/kf\/Sc43a2401998244018007a4057009178eR.jpg\" style=\"width: 100%; height: auto; vertical-align: middle;\" width=\"1000\"><img loading=\"lazy\" decoding=\"async\" height=\"1000\" referrerpolicy=\"no-referrer\" src=\"https:\/\/ae01.alicdn.com\/kf\/S5f6d67cfda8c4b5584d60924cb75c9cej.jpg\" style=\"width: 100%; height: auto; vertical-align: middle;\" width=\"1000\"><img loading=\"lazy\" decoding=\"async\" height=\"1000\" referrerpolicy=\"no-referrer\" src=\"https:\/\/ae01.alicdn.com\/kf\/Sb950945b25a6469cafda2a1c53f8af15D.jpg?width=1000&#038;height=1000&#038;hash=2000\" style=\"width: 100%; height: auto; vertical-align: middle;\" width=\"1000\"><img loading=\"lazy\" decoding=\"async\" height=\"1000\" referrerpolicy=\"no-referrer\" src=\"https:\/\/ae01.alicdn.com\/kf\/S774256bcdfd3468191fc071a8668305di.jpg?width=1000&#038;height=1000&#038;hash=2000\" style=\"width: 100%; height: auto; vertical-align: middle;\" width=\"1000\"><img loading=\"lazy\" decoding=\"async\" height=\"1000\" referrerpolicy=\"no-referrer\" src=\"https:\/\/ae01.alicdn.com\/kf\/S5b7f424d17354aa2a6edb8abb5fa29847.jpg?width=1000&#038;height=1000&#038;hash=2000\" style=\"width: 100%; height: auto; vertical-align: middle;\" width=\"1000\"><img loading=\"lazy\" decoding=\"async\" height=\"1000\" referrerpolicy=\"no-referrer\" src=\"https:\/\/ae01.alicdn.com\/kf\/S0ca327f7a9f443f69d010c0b2d57b949o.jpg?width=1000&#038;height=1000&#038;hash=2000\" style=\"width: 100%; height: auto; vertical-align: middle;\" width=\"1000\"><img loading=\"lazy\" decoding=\"async\" height=\"1000\" referrerpolicy=\"no-referrer\" src=\"https:\/\/ae01.alicdn.com\/kf\/Sc9cb5ec845ca4ff6a9c59a067bde0419Y.jpg?width=1000&#038;height=1000&#038;hash=2000\" style=\"width: 100%; height: auto; vertical-align: middle;\" width=\"1000\"><\/p>\n<p class=\"word-break white-space mt-10\" style=\"color:#434649;\">Application de l&#039;\u00e9nergie \u00e9lectrique<\/p>\n<p class=\"word-break white-space mt-10\" style=\"color:#434649;\">\u25cfD\u00e9marrer le moteur de la batterie<\/p>\n<p class=\"word-break white-space mt-10\" style=\"color:#434649;\">\u25cf Autobus commerciaux et bus :<\/p>\n<p class=\"word-break white-space mt-10\" style=\"color:#434649;\">Voitures \u00e9lectriques, bus \u00e9lectriques, voiturettes de golf\/v\u00e9los \u00e9lectriques, scooters, camping-cars, AGV, Marines, autocars, caravanes, fauteuils roulants,<\/p>\n<p class=\"word-break white-space mt-10\" style=\"color:#434649;\">Camions \u00e9lectroniques, balayeuses \u00e9lectroniques, nettoyeurs de sol, d\u00e9ambulateurs \u00e9lectroniques, etc.<\/p>\n<p class=\"word-break white-space mt-10\" style=\"color:#434649;\">\u25cf Robot intelligent<\/p>\n<p class=\"word-break white-space mt-10\" style=\"color:#434649;\">\u25cf Outils \u00e9lectriques : perceuses \u00e9lectriques, jouets<\/p>\n<p class=\"word-break white-space mt-10\" style=\"color:#434649;\">Stockage d&#039;\u00e9nergie<\/p>\n<p class=\"word-break white-space mt-10\" style=\"color:#434649;\">\u25cf Syst\u00e8me d&#039;\u00e9nergie \u00e9olienne solaire<\/p>\n<p class=\"word-break white-space mt-10\" style=\"color:#434649;\">\u25cf R\u00e9seau urbain (activ\u00e9\/d\u00e9sactiv\u00e9)<\/p>\n<p class=\"word-break white-space mt-10\" style=\"color:#434649;\">Syst\u00e8me de sauvegarde et onduleur<\/p>\n<p class=\"word-break white-space mt-10\" style=\"color:#434649;\">\u25cf Base de t\u00e9l\u00e9communication, syst\u00e8me de t\u00e9l\u00e9vision par c\u00e2ble, centre de serveurs informatiques, \u00e9quipement m\u00e9dical, \u00e9quipement militaire<\/p>\n<p class=\"word-break white-space mt-10\" style=\"color:#434649;\">\u25cf S\u00e9curit\u00e9 et \u00e9lectronique, point de vente mobile, \u00e9clairage minier \/ lampe de poche \/ lumi\u00e8res LED \/ lumi\u00e8res de secours<\/p>\n<p class=\"word-break white-space mt-10\" style=\"color:#434649;\">Avantages du produit :<\/p>\n<p class=\"word-break white-space mt-10\" style=\"color:#434649;\">Facile \u00e0 transporter, grande capacit\u00e9, plate-forme de lib\u00e9ration \u00e9lev\u00e9e, longues heures de travail, longue dur\u00e9e de vie, s\u00e9curit\u00e9 et protection de l&#039;environnement<\/p>\n<p><img loading=\"lazy\" decoding=\"async\" height=\"1000\" referrerpolicy=\"no-referrer\" src=\"https:\/\/ae01.alicdn.com\/kf\/S27b23c2fe70a4c37899b54c92940cb610.jpg\" style=\"width: 100%; height: auto; vertical-align: middle;\" width=\"1000\"><\/div>\n<\/div>","protected":false},"excerpt":{"rendered":"<p>Nominal Capacity:&nbsp;50AH Weight:&nbsp;About 7.2kg Size:&nbsp;230*230*180mm Application:&nbsp;EV,RV,Marine Boat,Trolling Motor,Home Energy,Solar Power Storage,Off-Grid Solar Power System,Others Model Number:&nbsp;12V Liferpo4 Battery Type:&nbsp;LiFePO4 Brand Name:&nbsp;Likctt Origin:&nbsp;Mainland China Transportation in the European Union, United Kingdom,the<\/p>","protected":false},"featured_media":7533,"comment_status":"open","ping_status":"closed","template":"","meta":{"_acf_changed":false},"product_brand":[],"product_cat":[236],"product_tag":[243],"class_list":{"0":"post-7568","1":"product","2":"type-product","3":"status-publish","4":"has-post-thumbnail","6":"product_cat-100ah","7":"product_tag-usamr","9":"first","10":"instock","11":"shipping-taxable","12":"purchasable","13":"product-type-simple"},"acf":[],"_links":{"self":[{"href":"https:\/\/www.electricstore.eu\/fr\/wp-json\/wp\/v2\/product\/7568","targetHints":{"allow":["GET"]}}],"collection":[{"href":"https:\/\/www.electricstore.eu\/fr\/wp-json\/wp\/v2\/product"}],"about":[{"href":"https:\/\/www.electricstore.eu\/fr\/wp-json\/wp\/v2\/types\/product"}],"replies":[{"embeddable":true,"href":"https:\/\/www.electricstore.eu\/fr\/wp-json\/wp\/v2\/comments?post=7568"}],"wp:featuredmedia":[{"embeddable":true,"href":"https:\/\/www.electricstore.eu\/fr\/wp-json\/wp\/v2\/media\/7533"}],"wp:attachment":[{"href":"https:\/\/www.electricstore.eu\/fr\/wp-json\/wp\/v2\/media?parent=7568"}],"wp:term":[{"taxonomy":"product_brand","embeddable":true,"href":"https:\/\/www.electricstore.eu\/fr\/wp-json\/wp\/v2\/product_brand?post=7568"},{"taxonomy":"product_cat","embeddable":true,"href":"https:\/\/www.electricstore.eu\/fr\/wp-json\/wp\/v2\/product_cat?post=7568"},{"taxonomy":"product_tag","embeddable":true,"href":"https:\/\/www.electricstore.eu\/fr\/wp-json\/wp\/v2\/product_tag?post=7568"}],"curies":[{"name":"wp","href":"https:\/\/api.w.org\/{rel}","templated":true}]}}