{"id":7485,"date":"2025-05-15T19:31:50","date_gmt":"2025-05-15T19:31:50","guid":{"rendered":"https:\/\/electricstore.eu\/product\/usamr-4pcs-3-2v-320ah-lifepo4-battery-cells\/"},"modified":"2025-05-20T13:34:07","modified_gmt":"2025-05-20T13:34:07","slug":"usamr-4pcs-3-2v-320ah-lifepo4-battery-cells","status":"publish","type":"product","link":"https:\/\/www.electricstore.eu\/fr\/p\/batteries\/lifepo4-batteries\/lifepo4-battery-cells\/usamr-4pcs-3-2v-320ah-lifepo4-battery-cells\/","title":{"rendered":"Cellules de batterie LiFePO4 Likctt 320 Ah 3,2 V"},"content":{"rendered":"<div class=\"product-specs-list-container\">\n<ul class=\"product-specs-list util-clearfix\">\n<li class=\"product-prop line-limit-length\"><span\n                                        class=\"property-title\">Capacit\u00e9 nominale :&nbsp;<\/span><span\n                                        class=\"property-desc line-limit-length\">320AH<\/span>\n                            <\/li>\n<li class=\"product-prop line-limit-length\"><span\n                                        class=\"property-title\">Poids:&nbsp;<\/span><span\n                                        class=\"property-desc line-limit-length\">About 5.5KG<\/span>\n                            <\/li>\n<li class=\"product-prop line-limit-length\"><span\n                                        class=\"property-title\">Taille:&nbsp;<\/span><span\n                                        class=\"property-desc line-limit-length\">174*72*207mm<\/span>\n                            <\/li>\n<li class=\"product-prop line-limit-length\"><span\n                                        class=\"property-title\">Application:&nbsp;<\/span><span\n                                        class=\"property-desc line-limit-length\">V\u00e9hicules \u00e9lectriques, camping-cars, bateaux, moteurs \u00e9lectriques, \u00e9nergie domestique, stockage d&#039;\u00e9nergie solaire, syst\u00e8mes d&#039;\u00e9nergie solaire hors r\u00e9seau, autres<\/span>\n                            <\/li>\n<li class=\"product-prop line-limit-length\"><span\n                                        class=\"property-title\">Num\u00e9ro de mod\u00e8le :&nbsp;<\/span><span\n                                        class=\"property-desc line-limit-length\">3.2V Liferpo4 Battery<\/span>\n                            <\/li>\n<li class=\"product-prop line-limit-length\"><span\n                                        class=\"property-title\">Taper:&nbsp;<\/span><span\n                                        class=\"property-desc line-limit-length\">LiFePO4<\/span>\n                            <\/li>\n<li class=\"product-prop line-limit-length\"><span\n                                        class=\"property-title\">Nom de marque :&nbsp;<\/span><span\n                                        class=\"property-desc line-limit-length\">Likctt<\/span>\n                            <\/li>\n<li class=\"product-prop line-limit-length\"><span\n                                        class=\"property-title\">Origine:&nbsp;<\/span><span\n                                        class=\"property-desc line-limit-length\">Chine continentale<\/span>\n                            <\/li>\n<\/ul><\/div>\n<div class=\"detailmodule_html\">\n<div class=\"detail-desc-decorate-richtext\">\n<p class=\"word-break white-space mt-10\" style=\"color:#ff0000;font-size:16px;font-weight:bold;\">Note: This battery has two styles, we will ship them randomly, if you mind, please contact us, thank you<\/p>\n<p><img fetchpriority=\"high\" decoding=\"async\" height=\"1000\" referrerpolicy=\"no-referrer\" src=\"https:\/\/ae01.alicdn.com\/kf\/Sf583fc62b6c04f8994a48d26fe5868beZ.jpg\" style=\"width: 100%; height: auto; vertical-align: middle;\" width=\"1000\"><\/p>\n<p class=\"word-break white-space mt-10\" style=\"color:#434649;font-size:16px;font-weight:bold;\">The EU warehouse(German warehouse)has arrived (320AH) 200pcs. Friends who need it can place an order now. First place the order and arrange the shipment first. You can receive the goods within 3-7 days after the shipment.<\/p>\n<p class=\"word-break white-space mt-10\" style=\"text-align:left;color:#434649;font-size:16px;font-weight:bold;\">Product specifications<\/p>\n<p class=\"word-break white-space mt-10\" style=\"text-align:left;color:#434649;font-size:16px;font-weight:bold;\">Product name: Lithium phosphate iron<\/p>\n<p class=\"word-break white-space mt-10\" style=\"text-align:left;color:#434649;font-size:16px;font-weight:bold;\">Grade: Grade A<\/p>\n<p class=\"word-break white-space mt-10\" style=\"text-align:left;color:#434649;font-size:16px;font-weight:bold;\">Quality: brand new<\/p>\n<p class=\"word-break white-space mt-10\" style=\"text-align:left;color:#434649;font-size:16px;font-weight:bold;\">Material: Aluminum<\/p>\n<p class=\"word-break white-space mt-10\" style=\"text-align:left;color:#434649;font-size:16px;font-weight:bold;\">Rated capacity: 320Ah<\/p>\n<p class=\"word-break white-space mt-10\" style=\"text-align:left;color:#434649;font-size:16px;font-weight:bold;\">Minimum capacity: 320Ah<\/p>\n<p class=\"word-break white-space mt-10\" style=\"text-align:left;color:#434649;font-size:16px;font-weight:bold;\">Internal impedance: 0.1~0.5m\u03a9<\/p>\n<p class=\"word-break white-space mt-10\" style=\"text-align:left;color:#434649;font-size:16px;font-weight:bold;\">Rated voltage: 3.2V<\/p>\n<p class=\"word-break white-space mt-10\" style=\"text-align:left;color:#434649;font-size:16px;font-weight:bold;\">Size (L * W * H): 174*72*207mm(+\/-10mm)<\/p>\n<p class=\"word-break white-space mt-10\" style=\"text-align:left;color:#434649;font-size:16px;font-weight:bold;\">Battery weight: About 5.5KG<\/p>\n<p class=\"word-break white-space mt-10\" style=\"text-align:left;color:#434649;font-size:16px;font-weight:bold;\">Recommended current constant: 320A (1C)<\/p>\n<p class=\"word-break white-space mt-10\" style=\"text-align:left;color:#434649;font-size:16px;font-weight:bold;\">Discharge termination voltage: 2.5V<\/p>\n<p class=\"word-break white-space mt-10\" style=\"text-align:left;color:#434649;font-size:16px;font-weight:bold;\">Recommended constant current: 320A (1C)<\/p>\n<p class=\"word-break white-space mt-10\" style=\"text-align:left;color:#434649;font-size:16px;font-weight:bold;\">Charging voltage: 3.65V<\/p>\n<p class=\"word-break white-space mt-10\" style=\"text-align:left;color:#434649;font-size:16px;font-weight:bold;\">Maximum continuous discharge current: 320A (1C)<\/p>\n<p class=\"word-break white-space mt-10\" style=\"text-align:left;color:#434649;font-size:16px;font-weight:bold;\">Life cycle (90% DOD): 6000<\/p>\n<p class=\"word-break white-space mt-10\" style=\"text-align:left;color:#434649;font-size:16px;font-weight:bold;\">Charging temperature: -5~60\u00b0C<\/p>\n<p class=\"word-break white-space mt-10\" style=\"text-align:left;color:#434649;font-size:16px;font-weight:bold;\">Discharge temperature: -30~60\u00b0C<\/p>\n<p class=\"word-break white-space mt-10\" style=\"text-align:left;color:#434649;font-size:16px;font-weight:bold;\">About DIY: Because DIY uses laser to weld the positive and negative poles of the battery, there are some welding traces in some welding points, which will not affect the use of the battery. Please be familiar with it.<\/p>\n<p class=\"word-break white-space mt-10\" style=\"text-align:left;color:#434649;font-size:16px;font-weight:bold;\">Application field:Engine start batteries, electric bicycles \/ motorcycles \/ scooters, golf carts \/ trolleys, power tools \/ Solar and wind energy systems, motor homes, caravans\/Backup system and UPS.<\/p>\n<p class=\"word-break white-space mt-10\" style=\"text-align:left;color:#434649;font-size:16px;font-weight:bold;\">Note: Each battery provides 1 metal connector + 2 metal nuts + 2 flat washers for free<\/p>\n<p><img decoding=\"async\" height=\"1000\" referrerpolicy=\"no-referrer\" src=\"https:\/\/ae01.alicdn.com\/kf\/S751d77b84d4a4bac83373bc65265adaeF.jpg\" style=\"width: 100%; height: auto; vertical-align: middle;\" width=\"1000\"><img decoding=\"async\" height=\"1000\" referrerpolicy=\"no-referrer\" src=\"https:\/\/ae01.alicdn.com\/kf\/S6b605ea3983242a5b5da21c305dc9939K.jpg\" style=\"width: 100%; height: auto; vertical-align: middle;\" width=\"1000\"><img loading=\"lazy\" decoding=\"async\" height=\"1000\" referrerpolicy=\"no-referrer\" src=\"https:\/\/ae01.alicdn.com\/kf\/Sa4e7d72620f34358ac25dc3ea7ace9b26.jpg\" style=\"width: 100%; height: auto; vertical-align: middle;\" width=\"1000\"><img loading=\"lazy\" decoding=\"async\" height=\"1000\" referrerpolicy=\"no-referrer\" src=\"https:\/\/ae01.alicdn.com\/kf\/S4a735b32a23749ee9ec1305516f08915I.jpg?width=1000&amp;height=1000&amp;hash=2000\" style=\"width: 100%; height: auto; vertical-align: middle;\" width=\"1000\"><img loading=\"lazy\" decoding=\"async\" height=\"1000\" referrerpolicy=\"no-referrer\" src=\"https:\/\/ae01.alicdn.com\/kf\/S13f9643d37524d8597b1a08fca750c54e.jpg?width=1000&amp;height=1000&amp;hash=2000\" style=\"width: 100%; height: auto; vertical-align: middle;\" width=\"1000\"><img loading=\"lazy\" decoding=\"async\" height=\"1000\" referrerpolicy=\"no-referrer\" src=\"https:\/\/ae01.alicdn.com\/kf\/Se41027738ecc4f1c8352c36e6da525940.jpg?width=1000&amp;height=1000&amp;hash=2000\" style=\"width: 100%; height: auto; vertical-align: middle;\" width=\"1000\"><img loading=\"lazy\" decoding=\"async\" height=\"1000\" referrerpolicy=\"no-referrer\" src=\"https:\/\/ae01.alicdn.com\/kf\/Sd6a7eaf9ca264368bcd0d53d3117f931F.jpg?width=1000&amp;height=1000&amp;hash=2000\" style=\"width: 100%; height: auto; vertical-align: middle;\" width=\"1000\"><img loading=\"lazy\" decoding=\"async\" height=\"1000\" referrerpolicy=\"no-referrer\" src=\"https:\/\/ae01.alicdn.com\/kf\/Scf8f9ea17a284df5a1e180603fd7337bh.jpg?width=1000&amp;height=1000&amp;hash=2000\" style=\"width: 100%; height: auto; vertical-align: middle;\" width=\"1000\"><img loading=\"lazy\" decoding=\"async\" height=\"1000\" referrerpolicy=\"no-referrer\" src=\"https:\/\/ae01.alicdn.com\/kf\/S0221f3593c3f4ad4916e99e02182e8b8e.jpg?width=1000&amp;height=1000&amp;hash=2000\" style=\"width: 100%; height: auto; vertical-align: middle;\" width=\"1000\"><img loading=\"lazy\" decoding=\"async\" height=\"1000\" referrerpolicy=\"no-referrer\" src=\"https:\/\/ae01.alicdn.com\/kf\/Sd42558d4bf844282becdb25c00d53620a.jpg?width=1000&amp;height=1000&amp;hash=2000\" style=\"width: 100%; height: auto; vertical-align: middle;\" width=\"1000\"><img loading=\"lazy\" decoding=\"async\" height=\"1000\" referrerpolicy=\"no-referrer\" src=\"https:\/\/ae01.alicdn.com\/kf\/Sc23d822cf837475c93208c8d5a3bf8c7N.jpg?width=1000&amp;height=1000&amp;hash=2000\" style=\"width: 100%; height: auto; vertical-align: middle;\" width=\"1000\"><img loading=\"lazy\" decoding=\"async\" height=\"1000\" referrerpolicy=\"no-referrer\" src=\"https:\/\/ae01.alicdn.com\/kf\/Sf1bd0f1069b3461a9cfa5fc74c72aa73L.jpg?width=1000&amp;height=1000&amp;hash=2000\" style=\"width: 100%; height: auto; vertical-align: middle;\" width=\"1000\"><img loading=\"lazy\" decoding=\"async\" height=\"1000\" referrerpolicy=\"no-referrer\" src=\"https:\/\/ae01.alicdn.com\/kf\/Sa1c91d12a6cd442bb27532d300ec322e7.jpg?width=1000&amp;height=1000&amp;hash=2000\" style=\"width: 100%; height: auto; vertical-align: middle;\" width=\"1000\"><\/div>\n<\/div>","protected":false},"excerpt":{"rendered":"<p>Nominal Capacity:&nbsp;320AH Weight:&nbsp;About 5.5KG Size:&nbsp;174*72*207mm Application:&nbsp;EV,RV,Marine Boat,Trolling Motor,Home Energy,Solar Power Storage,Off-Grid Solar Power System,Others Model Number:&nbsp;3.2V Liferpo4 Battery Type:&nbsp;LiFePO4 Brand Name:&nbsp;Likctt Origin:&nbsp;Mainland China Note: This battery has two styles, we<\/p>","protected":false},"featured_media":7486,"comment_status":"open","ping_status":"closed","template":"","meta":{"_acf_changed":false},"product_brand":[],"product_cat":[235],"product_tag":[243],"class_list":{"0":"post-7485","1":"product","2":"type-product","3":"status-publish","4":"has-post-thumbnail","6":"product_cat-lifepo4-battery-cells","7":"product_tag-usamr","9":"first","10":"instock","11":"shipping-taxable","12":"purchasable","13":"product-type-simple"},"acf":[],"_links":{"self":[{"href":"https:\/\/www.electricstore.eu\/fr\/wp-json\/wp\/v2\/product\/7485","targetHints":{"allow":["GET"]}}],"collection":[{"href":"https:\/\/www.electricstore.eu\/fr\/wp-json\/wp\/v2\/product"}],"about":[{"href":"https:\/\/www.electricstore.eu\/fr\/wp-json\/wp\/v2\/types\/product"}],"replies":[{"embeddable":true,"href":"https:\/\/www.electricstore.eu\/fr\/wp-json\/wp\/v2\/comments?post=7485"}],"wp:featuredmedia":[{"embeddable":true,"href":"https:\/\/www.electricstore.eu\/fr\/wp-json\/wp\/v2\/media\/7486"}],"wp:attachment":[{"href":"https:\/\/www.electricstore.eu\/fr\/wp-json\/wp\/v2\/media?parent=7485"}],"wp:term":[{"taxonomy":"product_brand","embeddable":true,"href":"https:\/\/www.electricstore.eu\/fr\/wp-json\/wp\/v2\/product_brand?post=7485"},{"taxonomy":"product_cat","embeddable":true,"href":"https:\/\/www.electricstore.eu\/fr\/wp-json\/wp\/v2\/product_cat?post=7485"},{"taxonomy":"product_tag","embeddable":true,"href":"https:\/\/www.electricstore.eu\/fr\/wp-json\/wp\/v2\/product_tag?post=7485"}],"curies":[{"name":"wp","href":"https:\/\/api.w.org\/{rel}","templated":true}]}}