{"id":25714,"date":"2025-05-20T19:00:43","date_gmt":"2025-05-20T19:00:43","guid":{"rendered":"https:\/\/electricstore.eu\/p\/uncategorized\/hyper-go-mjx-genuine-license-16208-16210-1-16-4wd-rc-car-55km-h-brushless-rc-racing-car-remote-control-cars-off-road-truck-toys\/"},"modified":"2025-05-20T19:06:11","modified_gmt":"2025-05-20T19:06:11","slug":"hyper-go-mjx-genuine-license-16208-16210-1-16-4wd-rc-car-55km-h-brushless-rc-racing-car-remote-control-cars-off-road-truck-toys","status":"publish","type":"product","link":"https:\/\/www.electricstore.eu\/fr\/p\/rc\/rc-cars\/hyper-go-mjx-genuine-license-16208-16210-1-16-4wd-rc-car-55km-h-brushless-rc-racing-car-remote-control-cars-off-road-truck-toys\/","title":{"rendered":"Hyper Go MJX sous licence officielle 16208 16210 Voiture RC 4x4 1\/16, 55 km\/h, moteur brushless, voiture de course t\u00e9l\u00e9command\u00e9e, jouet tout-terrain"},"content":{"rendered":"<div class=\"product-specs-list-container\">\n<ul class=\"product-specs-list util-clearfix\">\n<li class=\"product-prop line-limit-length\"><span\n                                        class=\"property-title\">Produits chimiques hautement pr\u00e9occupants :&nbsp;<\/span><span\n                                        class=\"property-desc line-limit-length\">Aucun<\/span>\n                            <\/li>\n<li class=\"product-prop line-limit-length\"><span\n                                        class=\"property-title\">CE :&nbsp;<\/span><span\n                                        class=\"property-desc line-limit-length\">Certificat<\/span>\n                            <\/li>\n<li class=\"product-prop line-limit-length\"><span\n                                        class=\"property-title\">Est \u00e9lectrique :&nbsp;<\/span><span\n                                        class=\"property-desc line-limit-length\">batterie au lithium<\/span>\n                            <\/li>\n<li class=\"product-prop line-limit-length\"><span\n                                        class=\"property-title\">Code-barres\u00a0:&nbsp;<\/span><span\n                                        class=\"property-desc line-limit-length\">Non<\/span>\n                            <\/li>\n<li class=\"product-prop line-limit-length\"><span\n                                        class=\"property-title\">Servomoteur d&#039;acc\u00e9l\u00e9rateur :&nbsp;<\/span><span\n                                        class=\"property-desc line-limit-length\">servo num\u00e9rique 17g<\/span>\n                            <\/li>\n<li class=\"product-prop line-limit-length\"><span\n                                        class=\"property-title\">servo de direction :&nbsp;<\/span><span\n                                        class=\"property-desc line-limit-length\">servo num\u00e9rique 17g<\/span>\n                            <\/li>\n<li class=\"product-prop line-limit-length\"><span\n                                        class=\"property-title\">\u00c9tat de l&#039;Assembl\u00e9e :&nbsp;<\/span><span\n                                        class=\"property-desc line-limit-length\">Pr\u00eat \u00e0 partir<\/span>\n                            <\/li>\n<li class=\"product-prop line-limit-length\"><span\n                                        class=\"property-title\">Dur\u00e9e du vol :&nbsp;<\/span><span\n                                        class=\"property-desc line-limit-length\">12,5 min<\/span>\n                            <\/li>\n<li class=\"product-prop line-limit-length\"><span\n                                        class=\"property-title\">Trace de pneu :&nbsp;<\/span><span\n                                        class=\"property-desc line-limit-length\">182 mm<\/span>\n                            <\/li>\n<li class=\"product-prop line-limit-length\"><span\n                                        class=\"property-title\">Empattement :&nbsp;<\/span><span\n                                        class=\"property-desc line-limit-length\">175 mm<\/span>\n                            <\/li>\n<li class=\"product-prop line-limit-length\"><span\n                                        class=\"property-title\">Distance \u00e0 distance :&nbsp;<\/span><span\n                                        class=\"property-desc line-limit-length\">60-80 m<\/span>\n                            <\/li>\n<li class=\"product-prop line-limit-length\"><span\n                                        class=\"property-title\">Garantie:&nbsp;<\/span><span\n                                        class=\"property-desc line-limit-length\">Aucun<\/span>\n                            <\/li>\n<li class=\"product-prop line-limit-length\"><span\n                                        class=\"property-title\">\u00c9chelle:&nbsp;<\/span><span\n                                        class=\"property-desc line-limit-length\">1:16<\/span>\n                            <\/li>\n<li class=\"product-prop line-limit-length\"><span\n                                        class=\"property-title\">Dimensions:&nbsp;<\/span><span\n                                        class=\"property-desc line-limit-length\">25,2 x 20,5 x 10 cm<\/span>\n                            <\/li>\n<li class=\"product-prop line-limit-length\"><span\n                                        class=\"property-title\">Couple:&nbsp;<\/span><span\n                                        class=\"property-desc line-limit-length\">Comme le montre<\/span>\n                            <\/li>\n<li class=\"product-prop line-limit-length\"><span\n                                        class=\"property-title\">Num\u00e9ro de mod\u00e8le :&nbsp;<\/span><span\n                                        class=\"property-desc line-limit-length\">MJX Hyper Go 16207 16208 16210 16210<\/span>\n                            <\/li>\n<li class=\"product-prop line-limit-length\"><span\n                                        class=\"property-title\">Le paquet comprend\u00a0:&nbsp;<\/span><span\n                                        class=\"property-desc line-limit-length\">Bo\u00eete d&#039;origine, piles, mode d&#039;emploi, chargeur, t\u00e9l\u00e9commande, c\u00e2ble USB<\/span>\n                            <\/li>\n<li class=\"product-prop line-limit-length\"><span\n                                        class=\"property-title\">Canaux de contr\u00f4le\u00a0:&nbsp;<\/span><span\n                                        class=\"property-desc line-limit-length\">4 canaux<\/span>\n                            <\/li>\n<li class=\"product-prop line-limit-length\"><span\n                                        class=\"property-title\">Mode manette :&nbsp;<\/span><span\n                                        class=\"property-desc line-limit-length\">MODE2<\/span>\n                            <\/li>\n<li class=\"product-prop line-limit-length\"><span\n                                        class=\"property-title\">Tension de charge :&nbsp;<\/span><span\n                                        class=\"property-desc line-limit-length\">11,1 V 1050 mAh<\/span>\n                            <\/li>\n<li class=\"product-prop line-limit-length\"><span\n                                        class=\"property-title\">T\u00e9l\u00e9commande:&nbsp;<\/span><span\n                                        class=\"property-desc line-limit-length\">Oui<\/span>\n                            <\/li>\n<li class=\"product-prop line-limit-length\"><span\n                                        class=\"property-title\">Mat\u00e9riel:&nbsp;<\/span><span\n                                        class=\"property-desc line-limit-length\">M\u00e9tal, plastique, caoutchouc<\/span>\n                            <\/li>\n<li class=\"product-prop line-limit-length\"><span\n                                        class=\"property-title\">Nom de marque :&nbsp;<\/span><span\n                                        class=\"property-desc line-limit-length\">WDSZKMYF<\/span>\n                            <\/li>\n<li class=\"product-prop line-limit-length\"><span\n                                        class=\"property-title\">\u00c2ge recommand\u00e9\u00a0:&nbsp;<\/span><span\n                                        class=\"property-desc line-limit-length\">14 ans et plus<\/span>\n                            <\/li>\n<li class=\"product-prop line-limit-length\"><span\n                                        class=\"property-title\">Origine:&nbsp;<\/span><span\n                                        class=\"property-desc line-limit-length\">Chine continentale<\/span>\n                            <\/li>\n<li class=\"product-prop line-limit-length\"><span\n                                        class=\"property-title\">Conception:&nbsp;<\/span><span\n                                        class=\"property-desc line-limit-length\">Moto tout-terrain<\/span>\n                            <\/li>\n<li class=\"product-prop line-limit-length\"><span\n                                        class=\"property-title\">Taper:&nbsp;<\/span><span\n                                        class=\"property-desc line-limit-length\">Voiture<\/span>\n                            <\/li>\n<li class=\"product-prop line-limit-length\"><span\n                                        class=\"property-title\">Caract\u00e9ristiques:&nbsp;<\/span><span\n                                        class=\"property-desc line-limit-length\">T\u00c9L\u00c9COMMANDE<\/span>\n                            <\/li>\n<\/ul><\/div>\n<p><\/p>\n<div class=\"detailmodule_html\">\n<div class=\"detail-desc-decorate-richtext\">\n<p><span style=\"color:rgb(244, 78, 59);font-size:16px\"><strong>Note:<\/strong><\/span><\/p>\n<p><span style=\"color:rgb(244, 78, 59);font-size:16px\">1. La vitesse de 70 km\/h de la voiture miniature correspond \u00e0 sa vitesse de ralenti dans des conditions id\u00e9ales, et la vitesse r\u00e9elle de la voiture est influenc\u00e9e par d&#039;autres facteurs tels que le lieu.<\/span><\/p>\n<p><span style=\"color:rgb(244, 78, 59);font-size:16px\">2. Le mod\u00e8le 16207 fonctionne uniquement avec une batterie 3S, tandis que les mod\u00e8les 16208 et 16210 peuvent fonctionner avec des batteries 2S et 3S.<\/span><\/p>\n<p><span style=\"color:rgb(244, 78, 59);font-size:16px\">3.16208, 16209, 16210 Apr\u00e8s le remplacement de la batterie 3S, la vitesse maximale atteint 70 km\/h et l&#039;autonomie d\u00e9passe 20 minutes. Cette batterie 3S est une batterie modifi\u00e9e et son temps de charge est d&#039;environ 4 heures.<\/span><\/p>\n<p><span style=\"color:rgb(244, 78, 59);font-size:16px\"><\/span><\/p>\n<div class=\"detailmodule_media\">\n<div class=\"video-container-5000210508095\">\n<div class=\"detail-video\" id=\"5000210508095\" data-previewurl=\"https:\/\/ae01.alicdn.com\/kf\/Sdb446eb188794ab7a48383720b5b791aP.jpg\"><\/div>\n<\/div>\n<\/div>\n<p><span style=\"color:rgb(244, 78, 59);font-size:16px\"><\/span><\/p>\n<div>\n<div><span style=\"font-size:20px\"><strong>Hyper Go MJX sous licence officielle 16208 16210 Voiture RC 4x4 1\/16, 55 km\/h, moteur brushless, voiture de course t\u00e9l\u00e9command\u00e9e, jouet tout-terrain<\/strong><\/span><\/div>\n<\/div>\n<p><strong><span style=\"color:rgb(0, 0, 0);font-size:16px\">Veuillez noter lors de l&#039;utilisation de la batterie\u00a0:<\/span><\/strong><\/p>\n<p><span style=\"color:rgb(0, 0, 0);font-size:16px\">1. Lorsque la batterie est d\u00e9charg\u00e9e, il est imp\u00e9ratif de la recharger rapidement afin de lui assurer une r\u00e9serve d&#039;\u00e9nergie. Si la batterie est compl\u00e8tement vide, elle ne pourra pas \u00eatre recharg\u00e9e.<\/span><\/p>\n<p><span style=\"color:rgb(0, 0, 0);font-size:16px\">2. Lors de la charge de la batterie, d\u00e9branchez le c\u00e2ble de la voiture t\u00e9l\u00e9command\u00e9e. Veillez \u00e0 retirer la batterie pour la charger s\u00e9par\u00e9ment.<\/span><\/p>\n<p><span style=\"color:rgb(0, 0, 0);font-size:16px\">3. Si vous n&#039;utilisez pas la voiture t\u00e9l\u00e9command\u00e9e, veuillez d\u00e9brancher la batterie du c\u00e2ble de la t\u00e9l\u00e9commande. Ne la rebranchez surtout pas et chargez-la compl\u00e8tement, sinon vous risquez de l&#039;endommager.<\/span><\/p>\n<p><strong><span style=\"color:rgb(0, 0, 0);font-size:16px\">MJX 16207 16208 16210 Voiture t\u00e9l\u00e9command\u00e9e sans balais 4x4 \u00e9lectrique haute vitesse tout-terrain Drift Monster Truck pour enfants<\/span><\/strong><\/p>\n<p><span style=\"color:rgb(0, 0, 0);font-size:16px\">Remarque\u00a0: Veuillez prendre note du mod\u00e8le avant de passer votre commande. Les param\u00e8tres du mod\u00e8le sont les suivants\u00a0:<\/span><\/p>\n<p><span style=\"color:rgb(0, 0, 0);font-size:16px\">1.<\/span><\/p>\n<p><span style=\"color:rgb(0, 0, 0);font-size:16px\">Nom du produit : 16207<\/span><\/p>\n<p><span style=\"color:rgb(0, 0, 0);font-size:16px\">Dimensions : 25,2 x 20,5 x 10 cm<\/span><\/p>\n<p><span style=\"color:rgb(0, 0, 0);font-size:16px\">Vitesse maximale : 70 km\/h<\/span><\/p>\n<p><span style=\"color:rgb(0, 0, 0);font-size:16px\">Batterie\u00a0: 3S 11,1\u00a0V 1050\u00a0mAh<\/span><\/p>\n<p><span style=\"color:rgb(0, 0, 0);font-size:16px\">Moteur d&#039;entra\u00eenement : moteur sans balais \u00e0 quatre p\u00f4les 2845<\/span><\/p>\n<p><span style=\"color:rgb(0, 0, 0);font-size:16px\">Poids : 1030 g<\/span><\/p>\n<p><span style=\"color:rgb(0, 0, 0);font-size:16px\">Dur\u00e9e de travail : 12,5 minutes<\/span><\/p>\n<p><span style=\"color:rgb(0, 0, 0);font-size:16px\">2.<\/span><\/p>\n<p><span style=\"color:rgb(0, 0, 0);font-size:16px\">Nom du produit : 16708<\/span><\/p>\n<p><span style=\"color:rgb(0, 0, 0);font-size:16px\">Dimensions : 31 x 22,2 x 13 cm<\/span><\/p>\n<p><span style=\"color:rgb(0, 0, 0);font-size:16px\">Vitesse maximale : 55 km\/h<\/span><\/p>\n<p><span style=\"color:rgb(0, 0, 0);font-size:16px\">Batterie : 2S 7,4 V 1050 mAh<\/span><\/p>\n<p><span style=\"color:rgb(0, 0, 0);font-size:16px\">Moteur d&#039;entra\u00eenement : moteur sans balais \u00e0 quatre p\u00f4les 2845<\/span><\/p>\n<p><span style=\"color:rgb(0, 0, 0);font-size:16px\">Poids : 1070 g<\/span><\/p>\n<p><span style=\"color:rgb(0, 0, 0);font-size:16px\">Dur\u00e9e de fonctionnement : 10 minutes<\/span><\/p>\n<p><span style=\"color:rgb(0, 0, 0);font-size:16px\">3.<\/span><\/p>\n<p><span style=\"color:rgb(0, 0, 0);font-size:16px\">Nom du produit : 16210<\/span><\/p>\n<p><span style=\"color:rgb(0, 0, 0);font-size:16px\">Dimensions : 31 x 22,2 x 11 cm<\/span><\/p>\n<p><span style=\"color:rgb(0, 0, 0);font-size:16px\">Vitesse maximale : 55 km\/h<\/span><\/p>\n<p><span style=\"color:rgb(0, 0, 0);font-size:16px\">Batterie : 2S 7,4 V 1050 mAh<\/span><\/p>\n<p><span style=\"color:rgb(0, 0, 0);font-size:16px\">Moteur d&#039;entra\u00eenement : moteur sans balais \u00e0 quatre p\u00f4les 2845<\/span><\/p>\n<p><span style=\"color:rgb(0, 0, 0);font-size:16px\">Poids : 1030 g<\/span><\/p>\n<p><span style=\"color:rgb(0, 0, 0);font-size:16px\">Dur\u00e9e de fonctionnement : 10 minutes<\/span><\/p>\n<p><strong><span style=\"color:rgb(0, 0, 0);font-size:16px\">Caract\u00e9ristiques<\/span><\/strong><\/p>\n<p><span style=\"color:rgb(0, 0, 0);font-size:16px\">1. Amortisseur hydraulique enti\u00e8rement m\u00e9tallique ;<\/span><\/p>\n<p><span style=\"color:rgb(0, 0, 0);font-size:16px\">2. Batterie standard 3S 65 km\/h<\/span><\/p>\n<p><span style=\"color:rgb(0, 0, 0);font-size:16px\">3. ESC sans balais ind\u00e9pendant 45A + moteur sans balais \u00e0 quatre p\u00f4les 2845\u00a0;<\/span><\/p>\n<p><span style=\"color:rgb(0, 0, 0);font-size:16px\">4. T\u00eate anti-collision en m\u00e9tal ;<\/span><\/p>\n<p><span style=\"color:rgb(0, 0, 0);font-size:16px\">5. Syst\u00e8me de transmission enti\u00e8rement m\u00e9tallique (diff\u00e9rentiel \u00e0 engrenages m\u00e9talliques) ;<\/span><\/p>\n<p><span style=\"color:rgb(0, 0, 0);font-size:16px\">6. R\u00e9cepteur ind\u00e9pendant standard, facile \u00e0 modifier.<\/span><\/p>\n<p><img decoding=\"async\" src=\"https:\/\/ae01.alicdn.com\/kf\/S9873c018f78e447aa5ff885e1955d332y.jpg\" slate-data-type=\"image\"\/><img decoding=\"async\" src=\"https:\/\/ae01.alicdn.com\/kf\/S7acc5a7aa71d4704a6056ffc85c520c02.jpg\" slate-data-type=\"image\"\/><img decoding=\"async\" src=\"https:\/\/ae01.alicdn.com\/kf\/Sd9273ce101384bbca7e6b58d757da007b.jpg\" slate-data-type=\"image\"\/><img decoding=\"async\" src=\"https:\/\/ae01.alicdn.com\/kf\/Se054621738da4d049d194d1f391227b7H.jpg\" slate-data-type=\"image\"\/><img decoding=\"async\" src=\"https:\/\/ae01.alicdn.com\/kf\/S033dbd62692d46d0a50a52ca9affdef9o.jpg\" slate-data-type=\"image\"\/><img decoding=\"async\" src=\"https:\/\/ae01.alicdn.com\/kf\/Scb37f1d083e44e73bca9fda8d9670d3f7.jpg\" slate-data-type=\"image\"\/><\/p>\n<div>\n<\/div>\n<\/div>\n<\/div>\n<p><\/p>","protected":false},"excerpt":{"rendered":"<p>Hign-concerned Chemical:&nbsp;None CE:&nbsp;Certificate Is Electric:&nbsp;lithium battery Barcode:&nbsp;No Throttle servo:&nbsp;17g digital servo Steering servo:&nbsp;17g digital servo State of Assembly:&nbsp;Ready-to-Go Flight Time:&nbsp;12.5min Tire Track:&nbsp;182mm Wheelbase:&nbsp;175mm Remote Distance:&nbsp;60-80m Warranty:&nbsp;None Scale:&nbsp;1:16 Dimensions:&nbsp;25.2*20.5*10cm Torque:&nbsp;As Show<\/p>","protected":false},"featured_media":25715,"comment_status":"open","ping_status":"closed","template":"","meta":{"_acf_changed":false},"product_brand":[],"product_cat":[519],"product_tag":[],"class_list":{"0":"post-25714","1":"product","2":"type-product","3":"status-publish","4":"has-post-thumbnail","6":"product_cat-rc-cars","8":"first","9":"instock","10":"shipping-taxable","11":"purchasable","12":"product-type-variable"},"acf":[],"_links":{"self":[{"href":"https:\/\/www.electricstore.eu\/fr\/wp-json\/wp\/v2\/product\/25714","targetHints":{"allow":["GET"]}}],"collection":[{"href":"https:\/\/www.electricstore.eu\/fr\/wp-json\/wp\/v2\/product"}],"about":[{"href":"https:\/\/www.electricstore.eu\/fr\/wp-json\/wp\/v2\/types\/product"}],"replies":[{"embeddable":true,"href":"https:\/\/www.electricstore.eu\/fr\/wp-json\/wp\/v2\/comments?post=25714"}],"wp:featuredmedia":[{"embeddable":true,"href":"https:\/\/www.electricstore.eu\/fr\/wp-json\/wp\/v2\/media\/25715"}],"wp:attachment":[{"href":"https:\/\/www.electricstore.eu\/fr\/wp-json\/wp\/v2\/media?parent=25714"}],"wp:term":[{"taxonomy":"product_brand","embeddable":true,"href":"https:\/\/www.electricstore.eu\/fr\/wp-json\/wp\/v2\/product_brand?post=25714"},{"taxonomy":"product_cat","embeddable":true,"href":"https:\/\/www.electricstore.eu\/fr\/wp-json\/wp\/v2\/product_cat?post=25714"},{"taxonomy":"product_tag","embeddable":true,"href":"https:\/\/www.electricstore.eu\/fr\/wp-json\/wp\/v2\/product_tag?post=25714"}],"curies":[{"name":"wp","href":"https:\/\/api.w.org\/{rel}","templated":true}]}}