{"id":25654,"date":"2025-05-20T19:00:27","date_gmt":"2025-05-20T19:00:27","guid":{"rendered":"https:\/\/electricstore.eu\/p\/uncategorized\/wltoys-16101-pro-116-75km-h-4wd-rc-car-with-led-light-2-4g-remote-control-cars-high-speed-drift-monster-truck-for-children-gift\/"},"modified":"2025-05-20T19:05:50","modified_gmt":"2025-05-20T19:05:50","slug":"wltoys-16101-pro-116-75km-h-4wd-rc-car-with-led-light-2-4g-remote-control-cars-high-speed-drift-monster-truck-for-children-gift","status":"publish","type":"product","link":"https:\/\/www.electricstore.eu\/fr\/p\/rc\/rc-cars\/wltoys-16101-pro-116-75km-h-4wd-rc-car-with-led-light-2-4g-remote-control-cars-high-speed-drift-monster-truck-for-children-gift\/","title":{"rendered":"Voiture t\u00e9l\u00e9command\u00e9e WLtoys 16101 Pro 1:16 75 km\/h 4x4 avec lumi\u00e8res LED, t\u00e9l\u00e9commande 2,4 GHz, monster truck drift haute vitesse, cadeau id\u00e9al pour les enfants."},"content":{"rendered":"<div class=\"product-specs-list-container\">\n<ul class=\"product-specs-list util-clearfix\">\n<li class=\"product-prop line-limit-length\"><span\n                                        class=\"property-title\">Produits chimiques hautement pr\u00e9occupants :&nbsp;<\/span><span\n                                        class=\"property-desc line-limit-length\">Aucun<\/span>\n                            <\/li>\n<li class=\"product-prop line-limit-length\"><span\n                                        class=\"property-title\">Num\u00e9ro de certificat :&nbsp;<\/span><span\n                                        class=\"property-desc line-limit-length\">Comme le montre<\/span>\n                            <\/li>\n<li class=\"product-prop line-limit-length\"><span\n                                        class=\"property-title\">CE :&nbsp;<\/span><span\n                                        class=\"property-desc line-limit-length\">Certificat<\/span>\n                            <\/li>\n<li class=\"product-prop line-limit-length\"><span\n                                        class=\"property-title\">Est \u00e9lectrique :&nbsp;<\/span><span\n                                        class=\"property-desc line-limit-length\">batterie au lithium<\/span>\n                            <\/li>\n<li class=\"product-prop line-limit-length\"><span\n                                        class=\"property-title\">Code-barres\u00a0:&nbsp;<\/span><span\n                                        class=\"property-desc line-limit-length\">Non<\/span>\n                            <\/li>\n<li class=\"product-prop line-limit-length\"><span\n                                        class=\"property-title\">Servomoteur d&#039;acc\u00e9l\u00e9rateur :&nbsp;<\/span><span\n                                        class=\"property-desc line-limit-length\">Moteur sans balais 2840<\/span>\n                            <\/li>\n<li class=\"product-prop line-limit-length\"><span\n                                        class=\"property-title\">servo de direction :&nbsp;<\/span><span\n                                        class=\"property-desc line-limit-length\">servo num\u00e9rique 17G \u00e0 trois fils<\/span>\n                            <\/li>\n<li class=\"product-prop line-limit-length\"><span\n                                        class=\"property-title\">Pouvoir:&nbsp;<\/span><span\n                                        class=\"property-desc line-limit-length\">70 km\/h<\/span>\n                            <\/li>\n<li class=\"product-prop line-limit-length\"><span\n                                        class=\"property-title\">\u00c9tat de l&#039;Assembl\u00e9e :&nbsp;<\/span><span\n                                        class=\"property-desc line-limit-length\">Pr\u00eat \u00e0 partir<\/span>\n                            <\/li>\n<li class=\"product-prop line-limit-length\"><span\n                                        class=\"property-title\">Dur\u00e9e du vol :&nbsp;<\/span><span\n                                        class=\"property-desc line-limit-length\">15-18 min<\/span>\n                            <\/li>\n<li class=\"product-prop line-limit-length\"><span\n                                        class=\"property-title\">Trace de pneu :&nbsp;<\/span><span\n                                        class=\"property-desc line-limit-length\">188 mm<\/span>\n                            <\/li>\n<li class=\"product-prop line-limit-length\"><span\n                                        class=\"property-title\">Empattement :&nbsp;<\/span><span\n                                        class=\"property-desc line-limit-length\">185 mm<\/span>\n                            <\/li>\n<li class=\"product-prop line-limit-length\"><span\n                                        class=\"property-title\">Avertissement:&nbsp;<\/span><span\n                                        class=\"property-desc line-limit-length\">Aucun<\/span>\n                            <\/li>\n<li class=\"product-prop line-limit-length\"><span\n                                        class=\"property-title\">Distance \u00e0 distance :&nbsp;<\/span><span\n                                        class=\"property-desc line-limit-length\">120 m<\/span>\n                            <\/li>\n<li class=\"product-prop line-limit-length\"><span\n                                        class=\"property-title\">Garantie:&nbsp;<\/span><span\n                                        class=\"property-desc line-limit-length\">Aucun<\/span>\n                            <\/li>\n<li class=\"product-prop line-limit-length\"><span\n                                        class=\"property-title\">\u00c9chelle:&nbsp;<\/span><span\n                                        class=\"property-desc line-limit-length\">1:16<\/span>\n                            <\/li>\n<li class=\"product-prop line-limit-length\"><span\n                                        class=\"property-title\">Dimensions:&nbsp;<\/span><span\n                                        class=\"property-desc line-limit-length\">30*23*11,5 cm<\/span>\n                            <\/li>\n<li class=\"product-prop line-limit-length\"><span\n                                        class=\"property-title\">Couple:&nbsp;<\/span><span\n                                        class=\"property-desc line-limit-length\">Comme le montre<\/span>\n                            <\/li>\n<li class=\"product-prop line-limit-length\"><span\n                                        class=\"property-title\">Num\u00e9ro de mod\u00e8le :&nbsp;<\/span><span\n                                        class=\"property-desc line-limit-length\">S196<\/span>\n                            <\/li>\n<li class=\"product-prop line-limit-length\"><span\n                                        class=\"property-title\">Le paquet comprend\u00a0:&nbsp;<\/span><span\n                                        class=\"property-desc line-limit-length\">Bo\u00eete d&#039;origine, piles, mode d&#039;emploi, t\u00e9l\u00e9commande, c\u00e2ble USB<\/span>\n                            <\/li>\n<li class=\"product-prop line-limit-length\"><span\n                                        class=\"property-title\">Canaux de contr\u00f4le\u00a0:&nbsp;<\/span><span\n                                        class=\"property-desc line-limit-length\">4 canaux<\/span>\n                            <\/li>\n<li class=\"product-prop line-limit-length\"><span\n                                        class=\"property-title\">Mode manette :&nbsp;<\/span><span\n                                        class=\"property-desc line-limit-length\">MODE1<\/span>\n                            <\/li>\n<li class=\"product-prop line-limit-length\"><span\n                                        class=\"property-title\">Tension de charge :&nbsp;<\/span><span\n                                        class=\"property-desc line-limit-length\">7,4 V 1500 mAh<\/span>\n                            <\/li>\n<li class=\"product-prop line-limit-length\"><span\n                                        class=\"property-title\">T\u00e9l\u00e9commande:&nbsp;<\/span><span\n                                        class=\"property-desc line-limit-length\">Oui<\/span>\n                            <\/li>\n<li class=\"product-prop line-limit-length\"><span\n                                        class=\"property-title\">Mat\u00e9riel:&nbsp;<\/span><span\n                                        class=\"property-desc line-limit-length\">M\u00e9tal, plastique<\/span>\n                            <\/li>\n<li class=\"product-prop line-limit-length\"><span\n                                        class=\"property-title\">Nom de marque :&nbsp;<\/span><span\n                                        class=\"property-desc line-limit-length\">WDSZKMYF<\/span>\n                            <\/li>\n<li class=\"product-prop line-limit-length\"><span\n                                        class=\"property-title\">\u00c2ge recommand\u00e9\u00a0:&nbsp;<\/span><span\n                                        class=\"property-desc line-limit-length\">14 ans et plus<\/span>\n                            <\/li>\n<li class=\"product-prop line-limit-length\"><span\n                                        class=\"property-title\">Origine:&nbsp;<\/span><span\n                                        class=\"property-desc line-limit-length\">Chine continentale<\/span>\n                            <\/li>\n<li class=\"product-prop line-limit-length\"><span\n                                        class=\"property-title\">Conception:&nbsp;<\/span><span\n                                        class=\"property-desc line-limit-length\">Moto tout-terrain<\/span>\n                            <\/li>\n<li class=\"product-prop line-limit-length\"><span\n                                        class=\"property-title\">Taper:&nbsp;<\/span><span\n                                        class=\"property-desc line-limit-length\">Voiture<\/span>\n                            <\/li>\n<li class=\"product-prop line-limit-length\"><span\n                                        class=\"property-title\">Caract\u00e9ristiques:&nbsp;<\/span><span\n                                        class=\"property-desc line-limit-length\">T\u00c9L\u00c9COMMANDE<\/span>\n                            <\/li>\n<\/ul><\/div>\n<div class=\"detailmodule_html\">\n<div class=\"detail-desc-decorate-richtext\">\n<p><span style=\"background-color:rgb(252, 220, 0);color:rgb(244, 78, 59);font-size:18px\">Note:<\/span><\/p>\n<p><span style=\"color:rgb(244, 78, 59);font-size:18px\">1. Cette voiture t\u00e9l\u00e9command\u00e9e est con\u00e7ue pour une utilisation \u00e0 grande vitesse. Le bruit inhabituel du g\u00e9n\u00e9rateur \u00e0 basse vitesse est normal et ne constitue pas un d\u00e9faut.<\/span><\/p>\n<p><span style=\"color:rgb(244, 78, 59);font-size:18px\">2. La coque de la voiture t\u00e9l\u00e9command\u00e9e est recouverte d&#039;un film protecteur ; si la coque pr\u00e9sente des rayures, vous pouvez retirer le film.<\/span><\/p>\n<p><span style=\"color:rgb(244, 78, 59);font-size:18px\">3. Nous utilisons la bo\u00eete d&#039;origine pour la livraison. Durant le transport, il est possible que la bo\u00eete soit l\u00e9g\u00e8rement endommag\u00e9e\u00a0; c&#039;est un ph\u00e9nom\u00e8ne normal. Si vous ne pouvez pas accepter que la bo\u00eete soit endommag\u00e9e, je vous recommande de suivre ce lien pour acheter un emballage en mousse.<\/span><\/p>\n<p><span style=\"background-color:rgb(255, 255, 255);color:rgb(0, 0, 0);font-size:20px\"><strong>Questions et r\u00e9ponses sur la voiture radiocommand\u00e9e 16101PRO<\/strong><\/span><\/p>\n<p style=\"font-family:&quot;Open Sans&quot;, Roboto, Arial, Helvetica, sans-serif, SimSun;font-size:14px;font-weight:400;letter-spacing:normal;line-height:inherit;text-align:start;white-space:normal;color:rgb(34, 34, 34);background-color:rgb(255, 255, 255);margin:0px;margin-bottom:0px;margin-top:0px;margin-left:0px;margin-right:0px;padding:0px;padding-bottom:0px;padding-top:0px;padding-left:0px;padding-right:0px;box-sizing:border-box\" align=\"start\"><span style=\"background-color:rgb(255, 255, 255);color:rgb(0, 0, 0);font-size:16px\">Q1 : Pourquoi les pneus de la voiture t\u00e9l\u00e9command\u00e9e sont-ils expos\u00e9s ?<\/span><\/p>\n<p style=\"font-family:&quot;Open Sans&quot;, Roboto, Arial, Helvetica, sans-serif, SimSun;font-size:14px;font-weight:400;letter-spacing:normal;line-height:inherit;text-align:start;white-space:normal;color:rgb(34, 34, 34);background-color:rgb(255, 255, 255);margin:0px;margin-bottom:0px;margin-top:0px;margin-left:0px;margin-right:0px;padding:0px;padding-bottom:0px;padding-top:0px;padding-left:0px;padding-right:0px;box-sizing:border-box\" align=\"start\"><span style=\"background-color:rgb(255, 255, 255);color:rgb(0, 0, 0);font-size:16px\">A : [Conception sp\u00e9ciale] L&#039;adh\u00e9rence des orteils est forte et ne glisse pas facilement, ce qui contribue \u00e0 am\u00e9liorer la stabilit\u00e9 du corps et l&#039;adh\u00e9rence du pneu dans les virages.<\/span><\/p>\n<p style=\"font-family:&quot;Open Sans&quot;, Roboto, Arial, Helvetica, sans-serif, SimSun;font-size:14px;font-weight:400;letter-spacing:normal;line-height:inherit;text-align:start;white-space:normal;color:rgb(34, 34, 34);background-color:rgb(255, 255, 255);margin:0px;margin-bottom:0px;margin-top:0px;margin-left:0px;margin-right:0px;padding:0px;padding-bottom:0px;padding-top:0px;padding-left:0px;padding-right:0px;box-sizing:border-box\" align=\"start\"><span style=\"background-color:rgb(255, 255, 255);color:rgb(0, 0, 0);font-size:16px\">Q2 : Comment r\u00e9gler l&#039;inclinaison des pneus de la voiture t\u00e9l\u00e9command\u00e9e ?<\/span><\/p>\n<p style=\"font-family:&quot;Open Sans&quot;, Roboto, Arial, Helvetica, sans-serif, SimSun;font-size:14px;font-weight:400;letter-spacing:normal;line-height:inherit;text-align:start;white-space:normal;color:rgb(34, 34, 34);background-color:rgb(255, 255, 255);margin:0px;margin-bottom:0px;margin-top:0px;margin-left:0px;margin-right:0px;padding:0px;padding-bottom:0px;padding-top:0px;padding-left:0px;padding-right:0px;box-sizing:border-box\" align=\"start\"><span style=\"background-color:rgb(255, 255, 255);color:rgb(0, 0, 0);font-size:16px\">A : Il peut \u00eatre r\u00e9gl\u00e9 \u00e0 l&#039;aide des boutons de r\u00e9glage fin et de r\u00e9glage fin des gaz de la t\u00e9l\u00e9commande.<\/span><\/p>\n<p style=\"font-family:&quot;Open Sans&quot;, Roboto, Arial, Helvetica, sans-serif, SimSun;font-size:14px;font-weight:400;letter-spacing:normal;line-height:inherit;text-align:start;white-space:normal;color:rgb(34, 34, 34);background-color:rgb(255, 255, 255);margin:0px;margin-bottom:0px;margin-top:0px;margin-left:0px;margin-right:0px;padding:0px;padding-bottom:0px;padding-top:0px;padding-left:0px;padding-right:0px;box-sizing:border-box\" align=\"start\"><span style=\"background-color:rgb(255, 255, 255);color:rgb(0, 0, 0);font-size:16px\">Q3\u00a0: Que dois-je faire si je ne trouve pas mes accessoires\u00a0?<\/span><\/p>\n<p style=\"font-family:&quot;Open Sans&quot;, Roboto, Arial, Helvetica, sans-serif, SimSun;font-size:14px;font-weight:400;letter-spacing:normal;line-height:inherit;text-align:start;white-space:normal;color:rgb(34, 34, 34);background-color:rgb(255, 255, 255);margin:0px;margin-bottom:0px;margin-top:0px;margin-left:0px;margin-right:0px;padding:0px;padding-bottom:0px;padding-top:0px;padding-left:0px;padding-right:0px;box-sizing:border-box\" align=\"start\"><span style=\"background-color:rgb(255, 255, 255);color:rgb(0, 0, 0);font-size:16px\">A : Veuillez d&#039;abord v\u00e9rifier attentivement le colis ; si vous ne le trouvez pas, veuillez nous fournir une vid\u00e9o compl\u00e8te du d\u00e9ballage et nous v\u00e9rifierons ce probl\u00e8me aupr\u00e8s de notre entrep\u00f4t et vous proposerons une solution appropri\u00e9e.<\/span><\/p>\n<p style=\"font-family:&quot;Open Sans&quot;, Roboto, Arial, Helvetica, sans-serif, SimSun;font-size:14px;font-weight:400;letter-spacing:normal;line-height:inherit;text-align:start;white-space:normal;color:rgb(34, 34, 34);background-color:rgb(255, 255, 255);margin:0px;margin-bottom:0px;margin-top:0px;margin-left:0px;margin-right:0px;padding:0px;padding-bottom:0px;padding-top:0px;padding-left:0px;padding-right:0px;box-sizing:border-box\" align=\"start\"><span style=\"background-color:rgb(255, 255, 255);color:rgb(0, 0, 0);font-size:16px\">Q4\u00a0: Que dois-je faire lorsque ma t\u00e9l\u00e9commande ne peut pas \u00eatre connect\u00e9e au r\u00e9cepteur RC\u00a0?<\/span><\/p>\n<p style=\"font-family:&quot;Open Sans&quot;, Roboto, Arial, Helvetica, sans-serif, SimSun;font-size:14px;font-weight:400;letter-spacing:normal;line-height:inherit;text-align:start;white-space:normal;color:rgb(34, 34, 34);background-color:rgb(255, 255, 255);margin:0px;margin-bottom:0px;margin-top:0px;margin-left:0px;margin-right:0px;padding:0px;padding-bottom:0px;padding-top:0px;padding-left:0px;padding-right:0px;box-sizing:border-box\" align=\"start\"><span style=\"background-color:rgb(255, 255, 255);color:rgb(0, 0, 0);font-size:16px\">A : Veuillez vous assurer que la batterie est compl\u00e8tement charg\u00e9e. Ensuite, appairez manuellement la voiture miniature et la t\u00e9l\u00e9commande. Vous pouvez \u00e9galement consulter le manuel d&#039;utilisation pour plus de d\u00e9tails sur l&#039;appairage de la voiture miniature. Vous pouvez tester la tension de la carte m\u00e8re afin d&#039;analyser le probl\u00e8me.<\/span><\/p>\n<p style=\"font-family:&quot;Open Sans&quot;, Roboto, Arial, Helvetica, sans-serif, SimSun;font-size:14px;font-weight:400;letter-spacing:normal;line-height:inherit;text-align:start;white-space:normal;color:rgb(34, 34, 34);background-color:rgb(255, 255, 255);margin:0px;margin-bottom:0px;margin-top:0px;margin-left:0px;margin-right:0px;padding:0px;padding-bottom:0px;padding-top:0px;padding-left:0px;padding-right:0px;box-sizing:border-box\" align=\"start\"><span style=\"background-color:rgb(255, 255, 255);color:rgb(0, 0, 0);font-size:16px\">Q5\u00a0: Que dois-je faire lorsque la voiture jouet peut tourner mais ne peut ni avancer ni reculer apr\u00e8s que ma t\u00e9l\u00e9commande soit connect\u00e9e au r\u00e9cepteur RC\u00a0?<\/span><\/p>\n<p style=\"font-family:&quot;Open Sans&quot;, Roboto, Arial, Helvetica, sans-serif, SimSun;font-size:14px;font-weight:400;letter-spacing:normal;line-height:inherit;text-align:start;white-space:normal;color:rgb(34, 34, 34);background-color:rgb(255, 255, 255);margin:0px;margin-bottom:0px;margin-top:0px;margin-left:0px;margin-right:0px;padding:0px;padding-bottom:0px;padding-top:0px;padding-left:0px;padding-right:0px;box-sizing:border-box\" align=\"start\"><span style=\"background-color:rgb(255, 255, 255);color:rgb(0, 0, 0);font-size:16px\">A : Veuillez d&#039;abord v\u00e9rifier si la batterie est compl\u00e8tement charg\u00e9e, puis tester la tension de la carte m\u00e8re et du moteur afin de pouvoir analyser le probl\u00e8me.<\/span><\/p>\n<div><span style=\"background-color:rgb(255, 255, 255);color:rgb(34, 34, 34);font-size:20px;font-family:&quot;Open Sans&quot;, Roboto, Arial, Helvetica, sans-serif, SimSun\"><strong>Voiture t\u00e9l\u00e9command\u00e9e SCY 16101PRO 16102PRO 16103PRO 1:16 70 km\/h 4x4 avec phares LED, monster truck drift haute vitesse pour enfants (contre Wltoys 144001).<\/strong><\/span><\/div>\n<p><strong>Veuillez noter lors de l&#039;utilisation de la batterie\u00a0:<\/strong><\/p>\n<p>1. Lorsque la batterie est d\u00e9charg\u00e9e, il est imp\u00e9ratif de la recharger rapidement afin de lui assurer une r\u00e9serve d&#039;\u00e9nergie. Si la batterie est compl\u00e8tement vide, elle ne pourra pas \u00eatre recharg\u00e9e.<\/p>\n<p>2. Lors de la charge de la batterie, d\u00e9branchez le c\u00e2ble de la voiture t\u00e9l\u00e9command\u00e9e. Veillez \u00e0 retirer la batterie pour la charger s\u00e9par\u00e9ment.<\/p>\n<p>3. Si vous n&#039;utilisez pas la voiture t\u00e9l\u00e9command\u00e9e, veuillez d\u00e9brancher la batterie du c\u00e2ble de la t\u00e9l\u00e9commande. Ne la rebranchez surtout pas et chargez-la compl\u00e8tement, sinon vous risquez de l&#039;endommager.<\/p>\n<p><strong>Caract\u00e9ristiques:<\/strong><\/p>\n<ol>\n<li>\n<p>L&#039;utilisation d&#039;une conception de structure de simulation, avec une sensation de contr\u00f4le proche de celle d&#039;une vraie voiture, permet d&#039;obtenir une vitesse progressive \u00e0 grande \u00e9chelle, une conduite \u00e0 grande vitesse, une acc\u00e9l\u00e9ration rapide, une d\u00e9c\u00e9l\u00e9ration, un freinage, une marche arri\u00e8re, un virage \u00e0 gauche, un virage \u00e0 droite.<\/p>\n<\/li>\n<li>\n<p>Terrains adapt\u00e9s : plat, sable, boue, herbe.<\/p>\n<\/li>\n<li>\n<p>Transmission int\u00e9grale : amortissement par ressorts verticaux avant et arri\u00e8re, syst\u00e8me de suspension ind\u00e9pendante \u00e0 double triangulation.<\/p>\n<\/li>\n<li>\n<p>Syst\u00e8me de t\u00e9l\u00e9commande synchronis\u00e9e enti\u00e8rement proportionnelle 2,4 GHz. Acc\u00e9l\u00e9rateur\/direction enti\u00e8rement proportionnels.<\/p>\n<\/li>\n<li>\n<p>Diff\u00e9rentiel m\u00e9tallique, coupelle de diff\u00e9rentiel m\u00e9tallique, engrenage plan\u00e9taire \u00e0 poudre, engrenage actif \u00e0 poudre, engrenage principal \u00e0 poudre.<\/p>\n<\/li>\n<li>\n<p>Arbre de transmission avant CVD en m\u00e9tal, cardans arri\u00e8re en m\u00e9tal, cuvettes de roue en m\u00e9tal.<\/p>\n<\/li>\n<li>\n<p>Servo num\u00e9rique 17G \u00e0 trois fils.<\/p>\n<\/li>\n<li>\n<p>Batterie Li-ion 7,4 V, 18650-1500 mAh (prise T), multiplicateur de d\u00e9charge 15C.<\/p>\n<\/li>\n<li>\n<p>Nouvelle fonction du panneau de commande \u00e0 distance\u00a0: r\u00e9glage du volume du gouvernail.<\/p>\n<\/li>\n<li>\n<p>16 roulements \u00e0 billes pour l&#039;ensemble du v\u00e9hicule.<\/p>\n<\/li>\n<li>\n<p>Plaque de plancher secondaire en m\u00e9tal, code de bras avant et arri\u00e8re en m\u00e9tal, arbre de transmission central en m\u00e9tal.<\/p>\n<\/li>\n<li>\n<p>La carrosserie de la voiture est en PVC haute r\u00e9sistance et antid\u00e9flagrant.<\/p>\n<\/li>\n<li>\n<p>\u00c9quip\u00e9 de phares \u00e0 DEL ; (trois modes : lumi\u00e8re constante, clignotement lent, clignotement rapide)<\/p>\n<\/li>\n<li>\n<p>\u00c9quip\u00e9 d&#039;un volant \u00e0 affichage t\u00eate haute.<\/p>\n<\/li>\n<li>\n<p>Simulation de pneus Bigfoot, forte adh\u00e9rence<\/p>\n<\/li>\n<\/ol>\n<p><strong>Description:<\/strong><\/p>\n<p><span style=\"background-color:rgb(255, 255, 255);color:rgb(34, 34, 34);font-size:14px;font-family:&quot;Open Sans&quot;, Roboto, Arial, Helvetica, sans-serif, SimSun\">Nom de l&#039;article: 16101PRO, 16102PRO, 16103PRO<\/span><\/p>\n<p>100% tout neuf, de haute qualit\u00e9.<\/p>\n<p>Dimensions du camion \u00e0 l&#039;\u00e9chelle 1:16\u00a0: 30\u00a0\u00d7\u00a023\u00a0\u00d7\u00a011,5\u00a0cm<\/p>\n<p>Dur\u00e9e de jeu : 15-18 min (course continue \u00e0 pleine vitesse)<\/p>\n<p>Temps de charge\u00a0: 3 \u00e0 3,5 heures<\/p>\n<p>Port\u00e9e de contr\u00f4le : 120 m<\/p>\n<p>Batterie de voiture incluse<\/p>\n<p>T\u00e9l\u00e9commande : 3 piles AA (non incluses)<\/p>\n<p><span style=\"color:rgb(244, 78, 59)\"><strong>Note:<\/strong><\/span><\/p>\n<p><strong><span style=\"color:rgb(244, 78, 59)\">1 : Protection contre la surcharge : charge \u00e9quilibr\u00e9e \u00e0 courant constant et \u00e0 tension constante, fonction de protection contre la surcharge et la surintensit\u00e9 de la batterie.<\/span><\/strong><\/p>\n<p><strong><span style=\"color:rgb(244, 78, 59)\">2 : Protection anti-grippage du moteur : en cas de surcharge, le moteur s&#039;arr\u00eate.<\/span><\/strong><\/p>\n<p><strong><span style=\"color:rgb(244, 78, 59)\">3 : Protection contre les hautes temp\u00e9ratures : lorsque la temp\u00e9rature de fonctionnement est sup\u00e9rieure \u00e0 la situation d\u00e9finie, le circuit de commande du variateur s&#039;arr\u00eate de fonctionner, puis reprend le fonctionnement une fois que la temp\u00e9rature est redescendue \u00e0 une valeur s\u00fbre.<\/span><\/strong><\/p>\n<p><strong><span style=\"color:rgb(244, 78, 59)\">4 : Fonction d&#039;arr\u00eat automatique du contr\u00f4leur de vitesse \u00e9lectronique (ESC) en cas de tension basse. Lorsque la tension de la batterie descend en dessous de 6,3-6,4 V environ, l&#039;arr\u00eat automatique prot\u00e8ge la batterie contre les d\u00e9charges excessives.<\/span><\/strong><span style=\"color:rgb(244, 78, 59)\">.<\/span><img decoding=\"async\" src=\"https:\/\/ae01.alicdn.com\/kf\/Sdd01a7240c584b16b1a8a122c3c835ae2.jpg?width=1000&amp;height=5215&amp;hash=6215\" slate-data-type=\"image\"\/><\/p>\n<p><img decoding=\"async\" src=\"https:\/\/ae01.alicdn.com\/kf\/Sdedb2089b3ea41abb30373347f69d567d.jpg?width=1000&amp;height=6204&amp;hash=7204\" slate-data-type=\"image\"\/><img decoding=\"async\" src=\"https:\/\/ae01.alicdn.com\/kf\/Sf42b7fff22fb4dfea370c9431c033a0ex.jpg?width=1000&amp;height=5161&amp;hash=6161\" slate-data-type=\"image\"\/><\/p>\n<div>\n<\/div>\n<div><\/div>\n<\/div>\n<\/div>\n<p><\/p>","protected":false},"excerpt":{"rendered":"<p>Hign-concerned Chemical:&nbsp;None Certificate Number:&nbsp;As Show CE:&nbsp;Certificate Is Electric:&nbsp;lithium battery Barcode:&nbsp;No Throttle servo:&nbsp;2840 Brushless motor Steering servo:&nbsp;Three-wire 17G digital servo Power:&nbsp;70 km\/h State of Assembly:&nbsp;Ready-to-Go Flight Time:&nbsp;15-18 min Tire Track:&nbsp;188mm Wheelbase:&nbsp;185<\/p>","protected":false},"featured_media":25655,"comment_status":"open","ping_status":"closed","template":"","meta":{"_acf_changed":false},"product_brand":[],"product_cat":[519],"product_tag":[],"class_list":{"0":"post-25654","1":"product","2":"type-product","3":"status-publish","4":"has-post-thumbnail","6":"product_cat-rc-cars","8":"first","9":"instock","10":"shipping-taxable","11":"purchasable","12":"product-type-variable"},"acf":[],"_links":{"self":[{"href":"https:\/\/www.electricstore.eu\/fr\/wp-json\/wp\/v2\/product\/25654","targetHints":{"allow":["GET"]}}],"collection":[{"href":"https:\/\/www.electricstore.eu\/fr\/wp-json\/wp\/v2\/product"}],"about":[{"href":"https:\/\/www.electricstore.eu\/fr\/wp-json\/wp\/v2\/types\/product"}],"replies":[{"embeddable":true,"href":"https:\/\/www.electricstore.eu\/fr\/wp-json\/wp\/v2\/comments?post=25654"}],"wp:featuredmedia":[{"embeddable":true,"href":"https:\/\/www.electricstore.eu\/fr\/wp-json\/wp\/v2\/media\/25655"}],"wp:attachment":[{"href":"https:\/\/www.electricstore.eu\/fr\/wp-json\/wp\/v2\/media?parent=25654"}],"wp:term":[{"taxonomy":"product_brand","embeddable":true,"href":"https:\/\/www.electricstore.eu\/fr\/wp-json\/wp\/v2\/product_brand?post=25654"},{"taxonomy":"product_cat","embeddable":true,"href":"https:\/\/www.electricstore.eu\/fr\/wp-json\/wp\/v2\/product_cat?post=25654"},{"taxonomy":"product_tag","embeddable":true,"href":"https:\/\/www.electricstore.eu\/fr\/wp-json\/wp\/v2\/product_tag?post=25654"}],"curies":[{"name":"wp","href":"https:\/\/api.w.org\/{rel}","templated":true}]}}