{"id":25631,"date":"2025-05-20T19:00:19","date_gmt":"2025-05-20T19:00:19","guid":{"rendered":"https:\/\/electricstore.eu\/p\/uncategorized\/wltoys-116-scale-large-rc-car-50km-h-high-speed-4wd-children-toy-for-boys-remote-control-car-2-4g-off-road-monster-truck-rc-toy\/"},"modified":"2025-05-20T19:05:28","modified_gmt":"2025-05-20T19:05:28","slug":"wltoys-116-scale-large-rc-car-50km-h-high-speed-4wd-children-toy-for-boys-remote-control-car-2-4g-off-road-monster-truck-rc-toy","status":"publish","type":"product","link":"https:\/\/www.electricstore.eu\/fr\/p\/rc\/rc-cars\/wltoys-116-scale-large-rc-car-50km-h-high-speed-4wd-children-toy-for-boys-remote-control-car-2-4g-off-road-monster-truck-rc-toy\/","title":{"rendered":"Voiture t\u00e9l\u00e9command\u00e9e WLtoys \u00e0 l&#039;\u00e9chelle 1:16, grande taille, 4x4, vitesse maximale de 50 km\/h, jouet pour enfants (gar\u00e7ons), voiture tout-terrain 2,4 GHz, monster truck t\u00e9l\u00e9command\u00e9."},"content":{"rendered":"<div class=\"product-specs-list-container\">\n<ul class=\"product-specs-list util-clearfix\">\n<li class=\"product-prop line-limit-length\"><span\n                                        class=\"property-title\">Produits chimiques hautement pr\u00e9occupants :&nbsp;<\/span><span\n                                        class=\"property-desc line-limit-length\">Aucun<\/span>\n                            <\/li>\n<li class=\"product-prop line-limit-length\"><span\n                                        class=\"property-title\">Num\u00e9ro de certificat :&nbsp;<\/span><span\n                                        class=\"property-desc line-limit-length\">Comme le montre<\/span>\n                            <\/li>\n<li class=\"product-prop line-limit-length\"><span\n                                        class=\"property-title\">CE :&nbsp;<\/span><span\n                                        class=\"property-desc line-limit-length\">Certificat<\/span>\n                            <\/li>\n<li class=\"product-prop line-limit-length\"><span\n                                        class=\"property-title\">Est \u00e9lectrique :&nbsp;<\/span><span\n                                        class=\"property-desc line-limit-length\">batterie au lithium<\/span>\n                            <\/li>\n<li class=\"product-prop line-limit-length\"><span\n                                        class=\"property-title\">Code-barres\u00a0:&nbsp;<\/span><span\n                                        class=\"property-desc line-limit-length\">Non<\/span>\n                            <\/li>\n<li class=\"product-prop line-limit-length\"><span\n                                        class=\"property-title\">Servomoteur d&#039;acc\u00e9l\u00e9rateur :&nbsp;<\/span><span\n                                        class=\"property-desc line-limit-length\">Comme le montre<\/span>\n                            <\/li>\n<li class=\"product-prop line-limit-length\"><span\n                                        class=\"property-title\">servo de direction :&nbsp;<\/span><span\n                                        class=\"property-desc line-limit-length\">Comme le montre<\/span>\n                            <\/li>\n<li class=\"product-prop line-limit-length\"><span\n                                        class=\"property-title\">Pouvoir:&nbsp;<\/span><span\n                                        class=\"property-desc line-limit-length\">Comme le montre<\/span>\n                            <\/li>\n<li class=\"product-prop line-limit-length\"><span\n                                        class=\"property-title\">\u00c9tat de l&#039;Assembl\u00e9e :&nbsp;<\/span><span\n                                        class=\"property-desc line-limit-length\">Pr\u00eat \u00e0 partir<\/span>\n                            <\/li>\n<li class=\"product-prop line-limit-length\"><span\n                                        class=\"property-title\">Dur\u00e9e du vol :&nbsp;<\/span><span\n                                        class=\"property-desc line-limit-length\">20 min<\/span>\n                            <\/li>\n<li class=\"product-prop line-limit-length\"><span\n                                        class=\"property-title\">Trace de pneu :&nbsp;<\/span><span\n                                        class=\"property-desc line-limit-length\">185 mm<\/span>\n                            <\/li>\n<li class=\"product-prop line-limit-length\"><span\n                                        class=\"property-title\">Empattement :&nbsp;<\/span><span\n                                        class=\"property-desc line-limit-length\">188 mm<\/span>\n                            <\/li>\n<li class=\"product-prop line-limit-length\"><span\n                                        class=\"property-title\">Avertissement:&nbsp;<\/span><span\n                                        class=\"property-desc line-limit-length\">\u00c0 l&#039;\u00e9cart du feu<\/span>\n                            <\/li>\n<li class=\"product-prop line-limit-length\"><span\n                                        class=\"property-title\">Distance \u00e0 distance :&nbsp;<\/span><span\n                                        class=\"property-desc line-limit-length\">50 m<\/span>\n                            <\/li>\n<li class=\"product-prop line-limit-length\"><span\n                                        class=\"property-title\">Garantie:&nbsp;<\/span><span\n                                        class=\"property-desc line-limit-length\">Comme le montre<\/span>\n                            <\/li>\n<li class=\"product-prop line-limit-length\"><span\n                                        class=\"property-title\">\u00c9chelle:&nbsp;<\/span><span\n                                        class=\"property-desc line-limit-length\">1:16<\/span>\n                            <\/li>\n<li class=\"product-prop line-limit-length\"><span\n                                        class=\"property-title\">Dimensions:&nbsp;<\/span><span\n                                        class=\"property-desc line-limit-length\">30 x 23 x 11,5 cm<\/span>\n                            <\/li>\n<li class=\"product-prop line-limit-length\"><span\n                                        class=\"property-title\">Couple:&nbsp;<\/span><span\n                                        class=\"property-desc line-limit-length\">Comme le montre<\/span>\n                            <\/li>\n<li class=\"product-prop line-limit-length\"><span\n                                        class=\"property-title\">Num\u00e9ro de mod\u00e8le :&nbsp;<\/span><span\n                                        class=\"property-desc line-limit-length\">S140<\/span>\n                            <\/li>\n<li class=\"product-prop line-limit-length\"><span\n                                        class=\"property-title\">Le paquet comprend\u00a0:&nbsp;<\/span><span\n                                        class=\"property-desc line-limit-length\">T\u00e9l\u00e9commande, c\u00e2ble USB<\/span>\n                            <\/li>\n<li class=\"product-prop line-limit-length\"><span\n                                        class=\"property-title\">Canaux de contr\u00f4le\u00a0:&nbsp;<\/span><span\n                                        class=\"property-desc line-limit-length\">4 canaux<\/span>\n                            <\/li>\n<li class=\"product-prop line-limit-length\"><span\n                                        class=\"property-title\">Mode manette :&nbsp;<\/span><span\n                                        class=\"property-desc line-limit-length\">MODE1<\/span>\n                            <\/li>\n<li class=\"product-prop line-limit-length\"><span\n                                        class=\"property-title\">Tension de charge :&nbsp;<\/span><span\n                                        class=\"property-desc line-limit-length\">5V<\/span>\n                            <\/li>\n<li class=\"product-prop line-limit-length\"><span\n                                        class=\"property-title\">T\u00e9l\u00e9commande:&nbsp;<\/span><span\n                                        class=\"property-desc line-limit-length\">Oui<\/span>\n                            <\/li>\n<li class=\"product-prop line-limit-length\"><span\n                                        class=\"property-title\">Mat\u00e9riel:&nbsp;<\/span><span\n                                        class=\"property-desc line-limit-length\">Plastique, PVC<\/span>\n                            <\/li>\n<li class=\"product-prop line-limit-length\"><span\n                                        class=\"property-title\">Nom de marque :&nbsp;<\/span><span\n                                        class=\"property-desc line-limit-length\">WDSZKMYF<\/span>\n                            <\/li>\n<li class=\"product-prop line-limit-length\"><span\n                                        class=\"property-title\">\u00c2ge recommand\u00e9\u00a0:&nbsp;<\/span><span\n                                        class=\"property-desc line-limit-length\">14 ans et plus<\/span>\n                            <\/li>\n<li class=\"product-prop line-limit-length\"><span\n                                        class=\"property-title\">Origine:&nbsp;<\/span><span\n                                        class=\"property-desc line-limit-length\">Chine continentale<\/span>\n                            <\/li>\n<li class=\"product-prop line-limit-length\"><span\n                                        class=\"property-title\">Conception:&nbsp;<\/span><span\n                                        class=\"property-desc line-limit-length\">Moto tout-terrain<\/span>\n                            <\/li>\n<li class=\"product-prop line-limit-length\"><span\n                                        class=\"property-title\">Taper:&nbsp;<\/span><span\n                                        class=\"property-desc line-limit-length\">Voiture<\/span>\n                            <\/li>\n<li class=\"product-prop line-limit-length\"><span\n                                        class=\"property-title\">Caract\u00e9ristiques:&nbsp;<\/span><span\n                                        class=\"property-desc line-limit-length\">T\u00c9L\u00c9COMMANDE<\/span>\n                            <\/li>\n<\/ul><\/div>\n<div class=\"detailmodule_html\">\n<div class=\"detail-desc-decorate-richtext\">\n<div>\u00c0 propos de cet article\u00a0:<\/div>\n<div>\u3010Action extr\u00eame et pneus qui br\u00fblent\u3011 : Dot\u00e9s de puissants moteurs int\u00e9gr\u00e9s, nos camions radiocommand\u00e9s 4x4 tout-terrain \u00e9tanches sont livr\u00e9s enti\u00e8rement assembl\u00e9s et pr\u00eats \u00e0 rouler d\u00e8s leur sortie de la bo\u00eete. Ils atteignent une vitesse de 50 km\/h (31 mph), ce qui les rend plus rapides que les autres.<\/div>\n<p class=\"paragraph___1C-HL\">\u3010Conception de structure de simulation\u3011 : L&#039;utilisation d&#039;une conception de structure de simulation, avec la sensation de contr\u00f4le d&#039;une vraie voiture, permet d&#039;obtenir une vitesse progressive \u00e0 grande \u00e9chelle, une conduite \u00e0 grande vitesse, une acc\u00e9l\u00e9ration rapide, une d\u00e9c\u00e9l\u00e9ration, un freinage, une marche arri\u00e8re, un virage \u00e0 gauche, un virage \u00e0 droite.<\/p>\n<p class=\"paragraph___1C-HL\">\u3010T\u00e9l\u00e9commande 2,4 GHz\u3011\u00a0: La fr\u00e9quence 2,4 GHz offre une excellente r\u00e9sistance aux interf\u00e9rences et permet un contr\u00f4le pr\u00e9cis et complet. La port\u00e9e de la t\u00e9l\u00e9commande d\u00e9passe 80\u00a0m\u00e8tres, ce qui en fait un v\u00e9hicule tout-terrain id\u00e9al pour une utilisation en int\u00e9rieur comme en ext\u00e9rieur.<\/p>\n<p class=\"paragraph___1C-HL\">\u3010Drift Rapide\u3011 : Propuls\u00e9 par un puissant moteur RC390 et con\u00e7u avec un diff\u00e9rentiel plan\u00e9taire \u00e0 engrenages avant et arri\u00e8re unique, ce jouet de voiture de course peut drifter et atteindre une vitesse de 50 km\/h, vous offrant une exp\u00e9rience de drift palpitante.<\/p>\n<p class=\"paragraph___1C-HL\">\u3010Voiture tout-terrain tout-terrain\u3011 : Gr\u00e2ce \u00e0 son syst\u00e8me 4x4 et \u00e0 son excellente adh\u00e9rence, cette voiture t\u00e9l\u00e9command\u00e9e peut gravir des pentes jusqu&#039;\u00e0 45 degr\u00e9s et conqu\u00e9rir tous les terrains, comme l&#039;herbe, le sable, la boue, les rochers, etc. C&#039;est un cadeau id\u00e9al pour vos enfants ou vos amis.<\/p>\n<p class=\"paragraph___1C-HL\">\u3010Assistance en cas de collision\u3011 : Fabriqu\u00e9e avec une coque en PVC haute t\u00e9nacit\u00e9 et anti-explosion, la voiture RC adopte une conception \u00e0 ressorts verticaux avant et arri\u00e8re, et 4 amortisseurs ind\u00e9pendants plus grands, ce qui lui conf\u00e8re un excellent effet d&#039;assistance en cas de collision et lui permet de s&#039;adapter efficacement \u00e0 diverses sc\u00e8nes accident\u00e9es et \u00e0 fortes vibrations.<\/p>\n<p class=\"paragraph___1C-HL\">\u3010Batteries rechargeables haute capacit\u00e9 1300 mAh\u3011 Cette voiture tout-terrain est \u00e9quip\u00e9e de batteries Li-Po rechargeables 7,4 V 1300 mAh. Con\u00e7ue pour les enfants et les adultes, elle offre une autonomie de 10 \u00e0 15 minutes selon le mode de vitesse choisi. Profitez pleinement de vos courses RC gr\u00e2ce \u00e0 ses performances exceptionnelles.<\/p>\n<p><span style=\"color:rgb(244, 78, 59)\">Veuillez noter lors de l&#039;utilisation de la batterie\u00a0:<\/span><\/p>\n<p><span style=\"color:rgb(244, 78, 59)\">1. Lorsque la batterie est d\u00e9charg\u00e9e, il est imp\u00e9ratif de la recharger rapidement afin de lui assurer une r\u00e9serve d&#039;\u00e9nergie. Si la batterie est compl\u00e8tement vide, elle ne pourra pas \u00eatre recharg\u00e9e.<\/span><\/p>\n<p><span style=\"color:rgb(244, 78, 59)\">2. Lors de la charge de la batterie, d\u00e9branchez le c\u00e2ble de la voiture t\u00e9l\u00e9command\u00e9e. Veillez \u00e0 retirer la batterie pour la charger s\u00e9par\u00e9ment.<\/span><\/p>\n<p><span style=\"color:rgb(244, 78, 59)\">3. Si vous n&#039;utilisez pas la voiture t\u00e9l\u00e9command\u00e9e, veuillez d\u00e9brancher la batterie du c\u00e2ble de la t\u00e9l\u00e9commande. Ne la rebranchez surtout pas et chargez-la compl\u00e8tement, sinon vous risquez de l&#039;endommager.<\/span><\/p>\n<p class=\"paragraph___1C-HL\"><img decoding=\"async\" src=\"https:\/\/ae01.alicdn.com\/kf\/Sc7d8f1752eeb429cbcb49c0aea5bccc5O.jpg?width=1000&amp;height=1000&amp;hash=2000\" slate-data-type=\"image\"\/><img decoding=\"async\" src=\"https:\/\/ae01.alicdn.com\/kf\/S0538d3087c1c46d98d8ea6d73921502df.jpg?width=1000&amp;height=500&amp;hash=1500\" slate-data-type=\"image\"\/><img decoding=\"async\" src=\"https:\/\/ae01.alicdn.com\/kf\/Sa38b7df136814a38aa944342d3e82ebcb.jpg?width=1000&amp;height=1000&amp;hash=2000\" slate-data-type=\"image\"\/><img decoding=\"async\" src=\"https:\/\/ae01.alicdn.com\/kf\/S0a7289c8211d4a129312975daca49c5eK.jpg?width=1000&amp;height=1000&amp;hash=2000\" slate-data-type=\"image\"\/><img decoding=\"async\" src=\"https:\/\/ae01.alicdn.com\/kf\/S178b80007ce24fc8bc570c945a26b53by.jpg?width=1000&amp;height=1000&amp;hash=2000\" slate-data-type=\"image\"\/><img decoding=\"async\" src=\"https:\/\/ae01.alicdn.com\/kf\/S702086c0a0674b44868383d9048b2437T.jpg?width=1000&amp;height=1000&amp;hash=2000\" slate-data-type=\"image\"\/><img decoding=\"async\" src=\"https:\/\/ae01.alicdn.com\/kf\/S2859ddd4afcc4cacb58ba7b460b7b0cf0.jpg?width=1000&amp;height=1000&amp;hash=2000\" slate-data-type=\"image\"\/><img decoding=\"async\" src=\"https:\/\/ae01.alicdn.com\/kf\/Sa2fe2065268c4296a88f554e0853f64dJ.jpg?width=1000&amp;height=1000&amp;hash=2000\" slate-data-type=\"image\"\/><img decoding=\"async\" src=\"https:\/\/ae01.alicdn.com\/kf\/S6c861508a6bf463fab7480a07df383e8t.jpg?width=1000&amp;height=1000&amp;hash=2000\" slate-data-type=\"image\"\/><img decoding=\"async\" src=\"https:\/\/ae01.alicdn.com\/kf\/S1d5616a1786f41898797dc1b9593c1ea9.jpg?width=1000&amp;height=1000&amp;hash=2000\" slate-data-type=\"image\"\/><img decoding=\"async\" src=\"https:\/\/ae01.alicdn.com\/kf\/Sd8b948712cbd4c119217cfee121ec4daN.jpg?width=1000&amp;height=1000&amp;hash=2000\" slate-data-type=\"image\"\/><img decoding=\"async\" src=\"https:\/\/ae01.alicdn.com\/kf\/Sb46b5b3b77ab4516863741f1a7f0c9bdc.jpg?width=1000&amp;height=1000&amp;hash=2000\" slate-data-type=\"image\"\/><img decoding=\"async\" src=\"https:\/\/ae01.alicdn.com\/kf\/S7d3b899c240d4f79bd3deea2cbfaa03dh.jpg?width=1000&amp;height=1000&amp;hash=2000\" slate-data-type=\"image\"\/><img decoding=\"async\" src=\"https:\/\/ae01.alicdn.com\/kf\/Sed481e62dcd641959690a6be31d77e661.jpg?width=1000&amp;height=1000&amp;hash=2000\" slate-data-type=\"image\"\/><img decoding=\"async\" src=\"https:\/\/ae01.alicdn.com\/kf\/S34f8680be4ab48efa3b34f7e2f0acfbdh.jpg?width=1000&amp;height=1000&amp;hash=2000\" slate-data-type=\"image\"\/><img decoding=\"async\" src=\"https:\/\/ae01.alicdn.com\/kf\/Sd94f8033ef494b0b999bd1dc5b60829es.jpg?width=1000&amp;height=1000&amp;hash=2000\" slate-data-type=\"image\"\/><\/p>\n<div>\n<\/div>\n<div><\/div>\n<\/div>\n<\/div>\n<p><\/p>","protected":false},"excerpt":{"rendered":"<p>Hign-concerned Chemical:&nbsp;None Certificate Number:&nbsp;As Show CE:&nbsp;Certificate Is Electric:&nbsp;lithium battery Barcode:&nbsp;No Throttle servo:&nbsp;As Show Steering servo:&nbsp;As Show Power:&nbsp;As Show State of Assembly:&nbsp;Ready-to-Go Flight Time:&nbsp;20min Tire Track:&nbsp;185mm Wheelbase:&nbsp;188mm Warning:&nbsp;Away from fire Remote<\/p>","protected":false},"featured_media":25632,"comment_status":"open","ping_status":"closed","template":"","meta":{"_acf_changed":false},"product_brand":[],"product_cat":[519],"product_tag":[],"class_list":{"0":"post-25631","1":"product","2":"type-product","3":"status-publish","4":"has-post-thumbnail","6":"product_cat-rc-cars","8":"first","9":"instock","10":"shipping-taxable","11":"purchasable","12":"product-type-variable"},"acf":[],"_links":{"self":[{"href":"https:\/\/www.electricstore.eu\/fr\/wp-json\/wp\/v2\/product\/25631","targetHints":{"allow":["GET"]}}],"collection":[{"href":"https:\/\/www.electricstore.eu\/fr\/wp-json\/wp\/v2\/product"}],"about":[{"href":"https:\/\/www.electricstore.eu\/fr\/wp-json\/wp\/v2\/types\/product"}],"replies":[{"embeddable":true,"href":"https:\/\/www.electricstore.eu\/fr\/wp-json\/wp\/v2\/comments?post=25631"}],"wp:featuredmedia":[{"embeddable":true,"href":"https:\/\/www.electricstore.eu\/fr\/wp-json\/wp\/v2\/media\/25632"}],"wp:attachment":[{"href":"https:\/\/www.electricstore.eu\/fr\/wp-json\/wp\/v2\/media?parent=25631"}],"wp:term":[{"taxonomy":"product_brand","embeddable":true,"href":"https:\/\/www.electricstore.eu\/fr\/wp-json\/wp\/v2\/product_brand?post=25631"},{"taxonomy":"product_cat","embeddable":true,"href":"https:\/\/www.electricstore.eu\/fr\/wp-json\/wp\/v2\/product_cat?post=25631"},{"taxonomy":"product_tag","embeddable":true,"href":"https:\/\/www.electricstore.eu\/fr\/wp-json\/wp\/v2\/product_tag?post=25631"}],"curies":[{"name":"wp","href":"https:\/\/api.w.org\/{rel}","templated":true}]}}