{"id":25602,"date":"2025-05-20T19:00:09","date_gmt":"2025-05-20T19:00:09","guid":{"rendered":"https:\/\/electricstore.eu\/p\/uncategorized\/vevor-amphibious-rc-car-boat-2-4ghz-12-km-h-electric-remote-control-360-rotating-stunt-car-water-beach-pool-toys-boys-gifts\/"},"modified":"2025-05-20T19:05:06","modified_gmt":"2025-05-20T19:05:06","slug":"vevor-amphibious-rc-car-boat-2-4ghz-12-km-h-electric-remote-control-360-rotating-stunt-car-water-beach-pool-toys-boys-gifts","status":"publish","type":"product","link":"https:\/\/www.electricstore.eu\/fr\/p\/rc\/rc-cars\/vevor-amphibious-rc-car-boat-2-4ghz-12-km-h-electric-remote-control-360-rotating-stunt-car-water-beach-pool-toys-boys-gifts\/","title":{"rendered":"Voiture\/bateau amphibie radiocommand\u00e9 VEVOR 2,4 GHz, vitesse 12 km\/h, rotation \u00e0 360\u00b0, jouet aquatique pour la plage et la piscine, cadeau id\u00e9al pour les gar\u00e7ons."},"content":{"rendered":"<div class=\"product-specs-list-container\">\n<ul class=\"product-specs-list util-clearfix\">\n<li class=\"product-prop line-limit-length\"><span\n                                        class=\"property-title\">Produits chimiques hautement pr\u00e9occupants :&nbsp;<\/span><span\n                                        class=\"property-desc line-limit-length\">Aucun<\/span>\n                            <\/li>\n<li class=\"product-prop line-limit-length\"><span\n                                        class=\"property-title\">Est \u00e9lectrique :&nbsp;<\/span><span\n                                        class=\"property-desc line-limit-length\">Pas de batterie<\/span>\n                            <\/li>\n<li class=\"product-prop line-limit-length\"><span\n                                        class=\"property-title\">Code-barres\u00a0:&nbsp;<\/span><span\n                                        class=\"property-desc line-limit-length\">Non<\/span>\n                            <\/li>\n<li class=\"product-prop line-limit-length\"><span\n                                        class=\"property-title\">Source d&#039;alimentation :&nbsp;<\/span><span\n                                        class=\"property-desc line-limit-length\">\u00c9lectrique<\/span>\n                            <\/li>\n<li class=\"product-prop line-limit-length\"><span\n                                        class=\"property-title\">Num\u00e9ro de mod\u00e8le :&nbsp;<\/span><span\n                                        class=\"property-desc line-limit-length\">666-802<\/span>\n                            <\/li>\n<li class=\"product-prop line-limit-length\"><span\n                                        class=\"property-title\">Dur\u00e9e du vol :&nbsp;<\/span><span\n                                        class=\"property-desc line-limit-length\">20 min<\/span>\n                            <\/li>\n<li class=\"product-prop line-limit-length\"><span\n                                        class=\"property-title\">Distance \u00e0 distance :&nbsp;<\/span><span\n                                        class=\"property-desc line-limit-length\">131 pieds\/40 m<\/span>\n                            <\/li>\n<li class=\"product-prop line-limit-length\"><span\n                                        class=\"property-title\">Dimensions:&nbsp;<\/span><span\n                                        class=\"property-desc line-limit-length\">5,91 x 6,10 x 2,95 po \/ 150 x 155 x 75 mm<\/span>\n                            <\/li>\n<li class=\"product-prop line-limit-length\"><span\n                                        class=\"property-title\">Vitesse maximale :&nbsp;<\/span><span\n                                        class=\"property-desc line-limit-length\">12 km\/h<\/span>\n                            <\/li>\n<li class=\"product-prop line-limit-length\"><span\n                                        class=\"property-title\">\u00c9tat de l&#039;Assembl\u00e9e :&nbsp;<\/span><span\n                                        class=\"property-desc line-limit-length\">Pr\u00eat \u00e0 partir<\/span>\n                            <\/li>\n<li class=\"product-prop line-limit-length\"><span\n                                        class=\"property-title\">T\u00e9l\u00e9commande:&nbsp;<\/span><span\n                                        class=\"property-desc line-limit-length\">Oui<\/span>\n                            <\/li>\n<li class=\"product-prop line-limit-length\"><span\n                                        class=\"property-title\">Mat\u00e9riel:&nbsp;<\/span><span\n                                        class=\"property-desc line-limit-length\">Plastique<\/span>\n                            <\/li>\n<li class=\"product-prop line-limit-length\"><span\n                                        class=\"property-title\">\u00c2ge recommand\u00e9\u00a0:&nbsp;<\/span><span\n                                        class=\"property-desc line-limit-length\">6-12 ans<\/span>\n                            <\/li>\n<li class=\"product-prop line-limit-length\"><span\n                                        class=\"property-title\">Origine:&nbsp;<\/span><span\n                                        class=\"property-desc line-limit-length\">Chine continentale<\/span>\n                            <\/li>\n<li class=\"product-prop line-limit-length\"><span\n                                        class=\"property-title\">Taper:&nbsp;<\/span><span\n                                        class=\"property-desc line-limit-length\">Bateau et navire<\/span>\n                            <\/li>\n<li class=\"product-prop line-limit-length\"><span\n                                        class=\"property-title\">Caract\u00e9ristiques:&nbsp;<\/span><span\n                                        class=\"property-desc line-limit-length\">T\u00c9L\u00c9COMMANDE<\/span>\n                            <\/li>\n<\/ul><\/div>\n<div class=\"detailmodule_html\">\n<div class=\"detail-desc-decorate-richtext\">\n<p><\/p>\n<div style=\"font-family:&quot;Open sans&quot;, Arial, Helvetica, sans-serif\">\n<div>\n  <img decoding=\"async\" style=\"width:100%\" width=\"100%\" src=\"https:\/\/d2qc09rl1gfuof.cloudfront.net\/vevor\/boutique-banner\/pc\/banner-en.jpg\" slate-data-type=\"image\" \/>\n <\/div>\n<div>\n<div style=\"font-size:16px;font-weight:bold;text-align:center;color:rgb(34, 34, 34);margin:24px 0px;margin-bottom:24px;margin-top:24px;margin-left:0px;margin-right:0px\" align=\"center\">\n   Dominez les vagues, r\u00e9gnez sur les terres \u2014 Le bateau radiocommand\u00e9 VEVOR\n  <\/div>\n<div>\n   <img decoding=\"async\" style=\"width:100%\" width=\"100%\" src=\"https:\/\/d2qc09rl1gfuof.cloudfront.net\/product\/SLLQYKCQC1JZAI7C8\/rc-boat-a100-1.4.jpg\" slate-data-type=\"image\" \/>\n  <\/div>\n<div style=\"font-size:14px;text-align:center;color:rgb(34, 34, 34);margin:16px 0px 24px;margin-bottom:24px;margin-top:16px;margin-left:0px;margin-right:0px\" align=\"center\">\n   Vivez des figures acrobatiques, des vrilles et toutes sortes d&#039;acrobaties sur l&#039;eau comme sur terre\u00a0! Ce bateau-voiture radiocommand\u00e9 amphibie regorge de fonctionnalit\u00e9s passionnantes qui rendent chaque instant riche en action.\n  <\/div><\/div>\n<div>\n<div style=\"margin:8px 0px;margin-bottom:8px;margin-top:8px;margin-left:0px;margin-right:0px\">\n   <img decoding=\"async\" style=\"width:100%\" width=\"100%\" src=\"https:\/\/d2qc09rl1gfuof.cloudfront.net\/product\/SLLQYKCQC1JZAI7C8\/rc-boat-a100-2.2.jpg\" slate-data-type=\"image\" \/>\n  <\/div>\n<div style=\"font-size:14px;text-align:center;color:rgb(34, 34, 34);margin:16px 0px 24px;margin-bottom:24px;margin-top:16px;margin-left:0px;margin-right:0px\" align=\"center\">\n   Gr\u00e2ce \u00e0 ses quatre roues motrices, cette voiture amphibie acrobatique offre la puissance, la stabilit\u00e9 et la maniabilit\u00e9 n\u00e9cessaires pour la course et le drift. Avec une vitesse maximale de 12 km\/h, elle promet des sensations fortes et un plaisir de conduite in\u00e9gal\u00e9.\n  <\/div><\/div>\n<div>\n<div style=\"margin:8px 0px;margin-bottom:8px;margin-top:8px;margin-left:0px;margin-right:0px\">\n   <img decoding=\"async\" style=\"width:100%\" width=\"100%\" src=\"https:\/\/d2qc09rl1gfuof.cloudfront.net\/product\/SLLQYKCQC1JZAI7C8\/rc-boat-a100-2.3.jpg\" slate-data-type=\"image\" \/>\n  <\/div>\n<div style=\"font-size:14px;text-align:center;color:rgb(34, 34, 34);margin:16px 0px 24px;margin-bottom:24px;margin-top:16px;margin-left:0px;margin-right:0px\" align=\"center\">\n   Fabriqu\u00e9e en ABS r\u00e9sistant et enti\u00e8rement \u00e9tanche, cette voiture amphibie est pr\u00eate \u00e0 relever tous les d\u00e9fis, sur l&#039;eau comme sur terre. Con\u00e7ue pour durer, elle ne reculera devant rien.\n  <\/div><\/div>\n<div>\n<div style=\"margin:8px 0px;margin-bottom:8px;margin-top:8px;margin-left:0px;margin-right:0px\">\n   <img decoding=\"async\" style=\"width:100%\" width=\"100%\" src=\"https:\/\/d2qc09rl1gfuof.cloudfront.net\/product\/SLLQYKCQC1JZAI7C8\/rc-boat-a100-2.4.jpg\" slate-data-type=\"image\" \/>\n  <\/div>\n<div style=\"font-size:14px;text-align:center;color:rgb(34, 34, 34);margin:16px 0px 24px;margin-bottom:24px;margin-top:16px;margin-left:0px;margin-right:0px\" align=\"center\">\n   Gr\u00e2ce \u00e0 la technologie 2,4 GHz, vous pouvez contr\u00f4ler cette voiture de cascade jusqu&#039;\u00e0 40 m\u00e8tres de distance. Son signal puissant et r\u00e9sistant aux interf\u00e9rences vous permet de faire la course et de d\u00e9raper avec vos amis sans aucun probl\u00e8me, pour encore plus de plaisir.\n  <\/div><\/div>\n<div>\n<div style=\"margin:8px 0px;margin-bottom:8px;margin-top:8px;margin-left:0px;margin-right:0px\">\n   <img decoding=\"async\" style=\"width:100%\" width=\"100%\" src=\"https:\/\/d2qc09rl1gfuof.cloudfront.net\/product\/SLLQYKCQC1JZAI7C8\/rc-boat-a100-2.5.jpg\" slate-data-type=\"image\" \/>\n  <\/div>\n<div style=\"font-size:14px;text-align:center;color:rgb(34, 34, 34);margin:16px 0px 24px;margin-bottom:24px;margin-top:16px;margin-left:0px;margin-right:0px\" align=\"center\">\n   Gr\u00e2ce \u00e0 son chargement USB et \u00e0 son syst\u00e8me \u00e0 double batterie, ce bateau radiocommand\u00e9 offre plus de 40 minutes d&#039;autonomie. Emportez une batterie externe pour prolonger le plaisir lors de vos aventures en plein air.\n  <\/div><\/div>\n<div style=\"margin:16px 0px 24px;margin-bottom:24px;margin-top:16px;margin-left:0px;margin-right:0px\"><\/div>\n<div style=\"margin:24px 0px;margin-bottom:24px;margin-top:24px;margin-left:0px;margin-right:0px\">\n<div style=\"font-size:16px;font-weight:bold;color:rgb(34, 34, 34);margin:24px 0px 16px;margin-bottom:16px;margin-top:24px;margin-left:0px;margin-right:0px\">\n   Caract\u00e9ristiques et d\u00e9tails\n  <\/div>\n<ul style=\"margin:16px 0px 24px;margin-bottom:24px;margin-top:16px;margin-left:0px;margin-right:0px\">\n<li style=\"font-size:14px;color:rgb(34, 34, 34)\">\n<p>Cascades impressionnantes\u00a0: Pr\u00e9parez-vous \u00e0 l\u2019action avec des flips \u00e0 180\u00b0 et des rotations \u00e0 360\u00b0\u00a0! Ce bateau-voiture radiocommand\u00e9 amphibie offre des cascades spectaculaires et une exp\u00e9rience de conduite palpitante, que ce soit sur terre ou sur l\u2019eau.<\/p>\n<\/li>\n<li style=\"font-size:14px;color:rgb(34, 34, 34)\">\n<p>D\u00e9rapages contr\u00f4l\u00e9s : Atteignez une vitesse de pointe de 12 km\/h gr\u00e2ce \u00e0 ses performances exceptionnelles. Cette voiture acrobatique amphibie effectue des d\u00e9rapages fluides dans toutes les directions, offrant aux enfants une fa\u00e7on ludique et stimulante de profiter de la vitesse tout en d\u00e9veloppant leur coordination et leur r\u00e9flexion.<\/p>\n<\/li>\n<li style=\"font-size:14px;color:rgb(34, 34, 34)\">\n<p>Aventure tout-terrain\u00a0: Fabriqu\u00e9e en ABS robuste, cette voiture amphibie r\u00e9siste aux chocs et aux jeux les plus turbulents. Son design \u00e9tanche lui permet de se d\u00e9placer facilement sur le sable, les lacs, les piscines et l\u2019herbe, pour des aventures palpitantes et sans obstacles.<\/p>\n<\/li>\n<li style=\"font-size:14px;color:rgb(34, 34, 34)\">\n<p>T\u00e9l\u00e9commande 2,4 GHz\u00a0: Contr\u00f4lez l\u2019action jusqu\u2019\u00e0 40\u00a0m\u00e8tres de distance gr\u00e2ce \u00e0 une t\u00e9l\u00e9commande id\u00e9ale pour plusieurs joueurs. Parfaite pour s\u2019amuser en solo ou pour des courses entre amis, cette voiture acrobatique garantit des heures de plaisir sans interruption, un cadeau fantastique pour des moments de d\u00e9tente et d\u2019amiti\u00e9 inoubliables.<\/p>\n<\/li>\n<li style=\"font-size:14px;color:rgb(34, 34, 34)\">\n<p>Autonomie prolong\u00e9e\u00a0: Profitez jusqu\u2019\u00e0 40\u00a0minutes de jeu gr\u00e2ce \u00e0 un syst\u00e8me \u00e0 double batterie de 500\u00a0mAh et au chargement USB. La protection contre la surcharge et la d\u00e9charge excessive du bateau t\u00e9l\u00e9command\u00e9 garantit une utilisation en toute s\u00e9curit\u00e9. Id\u00e9al pour s\u2019amuser en plein air\u00a0: il suffit d\u2019emporter une batterie externe pour prolonger l\u2019aventure toute la journ\u00e9e\u00a0!<\/p>\n<\/li>\n<\/ul><\/div>\n<div>\n<div>\n<div style=\"margin:16px 0px 24px;margin-bottom:24px;margin-top:16px;margin-left:0px;margin-right:0px\">\n    <img decoding=\"async\" style=\"width:100%\" width=\"100%\" src=\"https:\/\/d2qc09rl1gfuof.cloudfront.net\/product\/SLLQYKCQC1JZAI7C8\/rc-boat-a100-1.11.jpg\" slate-data-type=\"image\" \/>\n   <\/div><\/div><\/div>\n<\/div>\n<p><\/p>\n<\/div>\n<\/div>","protected":false},"excerpt":{"rendered":"<p>Hign-concerned Chemical:&nbsp;None Is Electric:&nbsp;No battery Barcode:&nbsp;No Power Source:&nbsp;Electric Model Number:&nbsp;666-802 Flight Time:&nbsp;20min Remote Distance:&nbsp;131 ft\/40 m Dimensions:&nbsp;5.91 x 6.10 x 2.95 in\/150 x 155 x 75 mm Max Speed:&nbsp;12 km\/h<\/p>","protected":false},"featured_media":25603,"comment_status":"open","ping_status":"closed","template":"","meta":{"_acf_changed":false},"product_brand":[],"product_cat":[519],"product_tag":[],"class_list":{"0":"post-25602","1":"product","2":"type-product","3":"status-publish","4":"has-post-thumbnail","6":"product_cat-rc-cars","8":"first","9":"instock","10":"shipping-taxable","11":"purchasable","12":"product-type-variable"},"acf":[],"_links":{"self":[{"href":"https:\/\/www.electricstore.eu\/fr\/wp-json\/wp\/v2\/product\/25602","targetHints":{"allow":["GET"]}}],"collection":[{"href":"https:\/\/www.electricstore.eu\/fr\/wp-json\/wp\/v2\/product"}],"about":[{"href":"https:\/\/www.electricstore.eu\/fr\/wp-json\/wp\/v2\/types\/product"}],"replies":[{"embeddable":true,"href":"https:\/\/www.electricstore.eu\/fr\/wp-json\/wp\/v2\/comments?post=25602"}],"wp:featuredmedia":[{"embeddable":true,"href":"https:\/\/www.electricstore.eu\/fr\/wp-json\/wp\/v2\/media\/25603"}],"wp:attachment":[{"href":"https:\/\/www.electricstore.eu\/fr\/wp-json\/wp\/v2\/media?parent=25602"}],"wp:term":[{"taxonomy":"product_brand","embeddable":true,"href":"https:\/\/www.electricstore.eu\/fr\/wp-json\/wp\/v2\/product_brand?post=25602"},{"taxonomy":"product_cat","embeddable":true,"href":"https:\/\/www.electricstore.eu\/fr\/wp-json\/wp\/v2\/product_cat?post=25602"},{"taxonomy":"product_tag","embeddable":true,"href":"https:\/\/www.electricstore.eu\/fr\/wp-json\/wp\/v2\/product_tag?post=25602"}],"curies":[{"name":"wp","href":"https:\/\/api.w.org\/{rel}","templated":true}]}}