{"id":25566,"date":"2025-05-20T19:00:01","date_gmt":"2025-05-20T19:00:01","guid":{"rendered":"https:\/\/electricstore.eu\/p\/uncategorized\/vevor-100lbs-bike-cargo-trailer-foldable-bicycle-wagon-cart-with-waterproof-cover-safe-reflectors-fits-22-28-bike-wheel\/"},"modified":"2025-05-20T19:04:45","modified_gmt":"2025-05-20T19:04:45","slug":"vevor-100lbs-bike-cargo-trailer-foldable-bicycle-wagon-cart-with-waterproof-cover-safe-reflectors-fits-22-28-bike-wheel","status":"publish","type":"product","link":"https:\/\/www.electricstore.eu\/fr\/p\/o\/bike-trailers-and-wagons\/vevor-100lbs-bike-cargo-trailer-foldable-bicycle-wagon-cart-with-waterproof-cover-safe-reflectors-fits-22-28-bike-wheel\/","title":{"rendered":"Remorque de v\u00e9lo pliable VEVOR 45 kg avec housse imperm\u00e9able et r\u00e9flecteurs de s\u00e9curit\u00e9, compatible avec les roues de v\u00e9lo de 55 \u00e0 71 cm"},"content":{"rendered":"<div class=\"product-specs-list-container\">\n<ul class=\"product-specs-list util-clearfix\">\n<li class=\"product-prop line-limit-length\"><span\n                                        class=\"property-title\">Produits chimiques hautement pr\u00e9occupants :&nbsp;<\/span><span\n                                        class=\"property-desc line-limit-length\">Aucun<\/span>\n                            <\/li>\n<li class=\"product-prop line-limit-length\"><span\n                                        class=\"property-title\">Position du si\u00e8ge :&nbsp;<\/span><span\n                                        class=\"property-desc line-limit-length\">POSTE<\/span>\n                            <\/li>\n<li class=\"product-prop line-limit-length\"><span\n                                        class=\"property-title\">Mat\u00e9riel:&nbsp;<\/span><span\n                                        class=\"property-desc line-limit-length\">M\u00e9tal<\/span>\n                            <\/li>\n<li class=\"product-prop line-limit-length\"><span\n                                        class=\"property-title\">Tranche d&#039;\u00e2ge :&nbsp;<\/span><span\n                                        class=\"property-desc line-limit-length\">3-6 ans<\/span>\n                            <\/li>\n<li class=\"product-prop line-limit-length\"><span\n                                        class=\"property-title\">Origine:&nbsp;<\/span><span\n                                        class=\"property-desc line-limit-length\">Chine continentale<\/span>\n                            <\/li>\n<\/ul><\/div>\n<div class=\"detailmodule_html\">\n<div class=\"detail-desc-decorate-richtext\">\n<div style=\"font-family:&quot;Open sans&quot;, Arial, Helvetica, sans-serif\">\n<div><img decoding=\"async\" style=\"width:100%\" width=\"100%\" src=\"https:\/\/d2qc09rl1gfuof.cloudfront.net\/vevor\/boutique-banner\/pc\/banner-en.jpg\" slate-data-type=\"image\"\/><\/div>\n<div>\n<div style=\"font-size:16px;font-weight:bold;text-align:center;color:rgb(34, 34, 34);margin:24px 0px;margin-bottom:24px;margin-top:24px;margin-left:0px;margin-right:0px\" align=\"center\">Transportez plus, roulez plus loin avec la remorque \u00e0 v\u00e9lo cargo VEVOR<\/div>\n<div><img decoding=\"async\" style=\"width:100%\" width=\"100%\" src=\"https:\/\/d2qc09rl1gfuof.cloudfront.net\/product\/CGKHZHJG100BMFBKO\/cargo-trailer-a100-1.4.jpg\" slate-data-type=\"image\"\/><\/div>\n<div style=\"font-size:14px;text-align:center;color:rgb(34, 34, 34);margin:16px 0px 24px;margin-bottom:24px;margin-top:16px;margin-left:0px;margin-right:0px\" align=\"center\">Cette remorque cargo pour v\u00e9lo est le moyen id\u00e9al de transporter votre mat\u00e9riel, supportant jusqu&#039;\u00e0 45 kg. Du n\u00e9cessaire de camping \u00e0 vos affaires du quotidien, elle offre l&#039;espace n\u00e9cessaire. De plus, elle s&#039;adapte aux v\u00e9los avec des roues de 22 \u00e0 28 pouces, ce qui la rend polyvalente pour tous les types de trajets.<\/div>\n<\/div>\n<div>\n<div style=\"margin:8px 0px;margin-bottom:8px;margin-top:8px;margin-left:0px;margin-right:0px\"><img decoding=\"async\" style=\"width:100%\" width=\"100%\" src=\"https:\/\/d2qc09rl1gfuof.cloudfront.net\/product\/CGKHZHJG100BMFBKO\/cargo-trailer-a100-2.2.jpg\" slate-data-type=\"image\"\/><\/div>\n<div style=\"font-size:14px;text-align:center;color:rgb(34, 34, 34);margin:16px 0px 24px;margin-bottom:24px;margin-top:16px;margin-left:0px;margin-right:0px\" align=\"center\">Fabriqu\u00e9e en acier au carbone de qualit\u00e9 industrielle, cette remorque pour v\u00e9lo est \u00e0 la fois l\u00e9g\u00e8re et robuste. Gr\u00e2ce \u00e0 sa surface thermolaqu\u00e9e, aucun risque de rouille. Et gr\u00e2ce \u00e0 sa housse en tissu Oxford 420D, vos affaires restent au sec en toutes circonstances. Pr\u00eate pour toutes vos aventures, qu&#039;il pleuve ou qu&#039;il vente\u00a0!<\/div>\n<\/div>\n<div>\n<div style=\"margin:8px 0px;margin-bottom:8px;margin-top:8px;margin-left:0px;margin-right:0px\"><img decoding=\"async\" style=\"width:100%\" width=\"100%\" src=\"https:\/\/d2qc09rl1gfuof.cloudfront.net\/product\/CGKHZHJG100BMFBKO\/cargo-trailer-a100-2.3.jpg\" slate-data-type=\"image\"\/><\/div>\n<div style=\"font-size:14px;text-align:center;color:rgb(34, 34, 34);margin:16px 0px 24px;margin-bottom:24px;margin-top:16px;margin-left:0px;margin-right:0px\" align=\"center\">Avec ses pneus sport et ses moyeux en acier, cette remorque \u00e0 v\u00e9lo vous assure une stabilit\u00e9 optimale sur tous les terrains. Que vous rouliez sur la route ou sur les sentiers, vous resterez sur la bonne voie.<\/div>\n<\/div>\n<div>\n<div style=\"margin:8px 0px;margin-bottom:8px;margin-top:8px;margin-left:0px;margin-right:0px\"><img decoding=\"async\" style=\"width:100%\" width=\"100%\" src=\"https:\/\/d2qc09rl1gfuof.cloudfront.net\/product\/CGKHZHJG100BMFBKO\/cargo-trailer-a100-2.4.jpg\" slate-data-type=\"image\"\/><\/div>\n<div style=\"font-size:14px;text-align:center;color:rgb(34, 34, 34);margin:16px 0px 24px;margin-bottom:24px;margin-top:16px;margin-left:0px;margin-right:0px\" align=\"center\">L&#039;installation de ce porte-v\u00e9los est un jeu d&#039;enfant gr\u00e2ce \u00e0 son cadre pliable et son syst\u00e8me de fixation rapide. Compact et pratique, il est id\u00e9al pour les aventuriers nomades. De plus, ses autocollants r\u00e9fl\u00e9chissants ajoutent une touche de style tout en assurant votre s\u00e9curit\u00e9.<\/div>\n<\/div>\n<div>\n<div style=\"margin:8px 0px;margin-bottom:8px;margin-top:8px;margin-left:0px;margin-right:0px\"><img decoding=\"async\" style=\"width:100%\" width=\"100%\" src=\"https:\/\/d2qc09rl1gfuof.cloudfront.net\/product\/CGKHZHJG100BMFBKO\/cargo-trailer-a100-2.5.jpg\" slate-data-type=\"image\"\/><\/div>\n<div style=\"font-size:14px;text-align:center;color:rgb(34, 34, 34);margin:16px 0px 24px;margin-bottom:24px;margin-top:16px;margin-left:0px;margin-right:0px\" align=\"center\">Quel que soit votre type de v\u00e9lo \u2013 cruiser, VTT ou route \u2013 ce chariot \u00e0 v\u00e9lo est fait pour vous. Id\u00e9al pour toutes vos courses, des escapades de week-end aux escapades de week-end, c&#039;est votre compagnon de route id\u00e9al.<\/div>\n<\/div>\n<div style=\"margin:16px 0px 24px;margin-bottom:24px;margin-top:16px;margin-left:0px;margin-right:0px\"><\/div>\n<div style=\"margin:24px 0px;margin-bottom:24px;margin-top:24px;margin-left:0px;margin-right:0px\">\n<div style=\"font-size:16px;font-weight:bold;color:rgb(34, 34, 34);margin:24px 0px 16px;margin-bottom:16px;margin-top:24px;margin-left:0px;margin-right:0px\">Caract\u00e9ristiques et d\u00e9tails<\/div>\n<ul style=\"margin:16px 0px 24px;margin-bottom:24px;margin-top:16px;margin-left:0px;margin-right:0px\">\n<li style=\"font-size:14px;color:rgb(34, 34, 34)\">\n<p>Capacit\u00e9 de charge \u00e9lev\u00e9e de 45 kg\u00a0: Notre remorque \u00e0 v\u00e9lo est votre compagnon de voyage id\u00e9al. Sa construction robuste et son design spacieux lui permettent de supporter jusqu&#039;\u00e0 45 kg de charge. Parfaite pour toutes vos aventures en plein air, du camping aux pique-niques, elle est la solution id\u00e9ale pour transporter vos essentiels o\u00f9 que vous alliez.<\/p>\n<\/li>\n<li style=\"font-size:14px;color:rgb(34, 34, 34)\">\n<p>Mat\u00e9riau de qualit\u00e9 industrielle\u00a0: Cette remorque pour v\u00e9lo est dot\u00e9e d&#039;un cadre en acier robuste avec rev\u00eatement antirouille, garantissant durabilit\u00e9 et \u00e9l\u00e9gance. De plus, gr\u00e2ce \u00e0 sa housse de pluie en tissu Oxford 420D, votre \u00e9quipement est prot\u00e9g\u00e9 des intemp\u00e9ries, qu&#039;il pleuve ou qu&#039;il fasse beau.<\/p>\n<\/li>\n<li style=\"font-size:14px;color:rgb(34, 34, 34)\">\n<p>Pneus professionnels\u00a0: Roulez en douceur sur toutes les routes\u00a0! Notre remorque v\u00e9lo est \u00e9quip\u00e9e de pneus sport de 16\u00a0po x 1,75\u00a0po et de moyeux en fer, offrant une excellente stabilit\u00e9 et une excellente traction sur toutes les surfaces, que vous rouliez sur du b\u00e9ton, des chemins de gravier ou des sentiers sablonneux.<\/p>\n<\/li>\n<li style=\"font-size:14px;color:rgb(34, 34, 34)\">\n<p>Installation am\u00e9lior\u00e9e\u00a0: Installation facile, s\u00e9curit\u00e9 renforc\u00e9e\u00a0! L&#039;installation de notre chariot \u00e0 v\u00e9lo est un jeu d&#039;enfant gr\u00e2ce \u00e0 sa conception intuitive et \u00e0 son kit d&#039;installation complet. De plus, d\u00e9marquez-vous sur la route gr\u00e2ce au drapeau de s\u00e9curit\u00e9 orange et aux r\u00e9flecteurs de rayons dor\u00e9s, pour une visibilit\u00e9 optimale lors de vos d\u00e9placements nocturnes.<\/p>\n<\/li>\n<li style=\"font-size:14px;color:rgb(34, 34, 34)\">\n<p>Compatible avec plusieurs mod\u00e8les de v\u00e9los\u00a0: Compatible avec les v\u00e9los de 22 \u00e0 28\u00a0pouces, notre chariot se fixe facilement \u00e0 une vari\u00e9t\u00e9 de mod\u00e8les de v\u00e9los, y compris les v\u00e9los de loisirs, les v\u00e9los pour enfants, les VTT et les v\u00e9los de route. Id\u00e9al pour faire les courses, camper et pique-niquer. Remarque\u00a0: Ne convient pas aux animaux ni aux enfants.<\/p>\n<\/li>\n<\/ul>\n<\/div>\n<div>\n<div>\n<div style=\"margin:16px 0px 24px;margin-bottom:24px;margin-top:16px;margin-left:0px;margin-right:0px\"><img decoding=\"async\" style=\"width:100%\" width=\"100%\" src=\"https:\/\/d2qc09rl1gfuof.cloudfront.net\/product\/CGKHZHJG100BMFBKO\/cargo-trailer-a100-1.11.jpg\" slate-data-type=\"image\"\/><\/div>\n<\/div>\n<\/div>\n<\/div>\n<div><\/div>\n<\/div>\n<\/div>\n<p><\/p>","protected":false},"excerpt":{"rendered":"<p>Hign-concerned Chemical:&nbsp;None Seat position:&nbsp;POST Material:&nbsp;Metal Age Range:&nbsp;3-6Y Origin:&nbsp;Mainland China Carry More, Ride Farther with VEVOR Bike Cargo Trailer This bike cargo trailer is your ultimate gear hauler, supporting up to<\/p>","protected":false},"featured_media":25567,"comment_status":"open","ping_status":"closed","template":"","meta":{"_acf_changed":false},"product_brand":[],"product_cat":[523],"product_tag":[],"class_list":{"0":"post-25566","1":"product","2":"type-product","3":"status-publish","4":"has-post-thumbnail","6":"product_cat-bike-trailers-and-wagons","8":"first","9":"instock","10":"shipping-taxable","11":"purchasable","12":"product-type-variable"},"acf":[],"_links":{"self":[{"href":"https:\/\/www.electricstore.eu\/fr\/wp-json\/wp\/v2\/product\/25566","targetHints":{"allow":["GET"]}}],"collection":[{"href":"https:\/\/www.electricstore.eu\/fr\/wp-json\/wp\/v2\/product"}],"about":[{"href":"https:\/\/www.electricstore.eu\/fr\/wp-json\/wp\/v2\/types\/product"}],"replies":[{"embeddable":true,"href":"https:\/\/www.electricstore.eu\/fr\/wp-json\/wp\/v2\/comments?post=25566"}],"wp:featuredmedia":[{"embeddable":true,"href":"https:\/\/www.electricstore.eu\/fr\/wp-json\/wp\/v2\/media\/25567"}],"wp:attachment":[{"href":"https:\/\/www.electricstore.eu\/fr\/wp-json\/wp\/v2\/media?parent=25566"}],"wp:term":[{"taxonomy":"product_brand","embeddable":true,"href":"https:\/\/www.electricstore.eu\/fr\/wp-json\/wp\/v2\/product_brand?post=25566"},{"taxonomy":"product_cat","embeddable":true,"href":"https:\/\/www.electricstore.eu\/fr\/wp-json\/wp\/v2\/product_cat?post=25566"},{"taxonomy":"product_tag","embeddable":true,"href":"https:\/\/www.electricstore.eu\/fr\/wp-json\/wp\/v2\/product_tag?post=25566"}],"curies":[{"name":"wp","href":"https:\/\/api.w.org\/{rel}","templated":true}]}}