{"id":25471,"date":"2025-05-20T18:59:34","date_gmt":"2025-05-20T18:59:34","guid":{"rendered":"https:\/\/electricstore.eu\/p\/uncategorized\/vevor-88-100-lbs-child-bike-trailer-double-seat-carrier-converts-to-stroller-foldable-children-bicycle-trailer-for-toddlers-kids\/"},"modified":"2025-05-20T19:02:57","modified_gmt":"2025-05-20T19:02:57","slug":"vevor-88-100-lbs-child-bike-trailer-double-seat-carrier-converts-to-stroller-foldable-children-bicycle-trailer-for-toddlers-kids","status":"publish","type":"product","link":"https:\/\/www.electricstore.eu\/fr\/p\/o\/bike-trailers-and-wagons\/vevor-88-100-lbs-child-bike-trailer-double-seat-carrier-converts-to-stroller-foldable-children-bicycle-trailer-for-toddlers-kids\/","title":{"rendered":"Remorque v\u00e9lo enfant VEVOR 88\/100 lbs, double si\u00e8ge, transformable en poussette, pliable, pour tout-petits et enfants"},"content":{"rendered":"<div class=\"product-specs-list-container\">\n<ul class=\"product-specs-list util-clearfix\">\n<li class=\"product-prop line-limit-length\"><span\n                                        class=\"property-title\">Produits chimiques hautement pr\u00e9occupants :&nbsp;<\/span><span\n                                        class=\"property-desc line-limit-length\">Aucun<\/span>\n                            <\/li>\n<li class=\"product-prop line-limit-length\"><span\n                                        class=\"property-title\">Position du si\u00e8ge :&nbsp;<\/span><span\n                                        class=\"property-desc line-limit-length\">POSTE<\/span>\n                            <\/li>\n<li class=\"product-prop line-limit-length\"><span\n                                        class=\"property-title\">Mat\u00e9riel:&nbsp;<\/span><span\n                                        class=\"property-desc line-limit-length\">autres<\/span>\n                            <\/li>\n<li class=\"product-prop line-limit-length\"><span\n                                        class=\"property-title\">Num\u00e9ro de mod\u00e8le :&nbsp;<\/span><span\n                                        class=\"property-desc line-limit-length\">JBT03N1<\/span>\n                            <\/li>\n<li class=\"product-prop line-limit-length\"><span\n                                        class=\"property-title\">Tranche d&#039;\u00e2ge :&nbsp;<\/span><span\n                                        class=\"property-desc line-limit-length\">7-12 ans<\/span>\n                            <\/li>\n<li class=\"product-prop line-limit-length\"><span\n                                        class=\"property-title\">Origine:&nbsp;<\/span><span\n                                        class=\"property-desc line-limit-length\">Chine continentale<\/span>\n                            <\/li>\n<li class=\"product-prop line-limit-length\"><span\n                                        class=\"property-title\">Marque:&nbsp;<\/span><span\n                                        class=\"property-desc line-limit-length\">VEVOR<\/span>\n                            <\/li>\n<li class=\"product-prop line-limit-length\"><span\n                                        class=\"property-title\">Mat\u00e9riel:&nbsp;<\/span><span\n                                        class=\"property-desc line-limit-length\">Acier au carbone + tissu Oxford 600D + PP<\/span>\n                            <\/li>\n<li class=\"product-prop line-limit-length\"><span\n                                        class=\"property-title\">Taper:&nbsp;<\/span><span\n                                        class=\"property-desc line-limit-length\">Remorque\/poussette \u00e0 double usage<\/span>\n                            <\/li>\n<li class=\"product-prop line-limit-length\"><span\n                                        class=\"property-title\">Dimensions internes :&nbsp;<\/span><span\n                                        class=\"property-desc line-limit-length\">29,1 x 24,4 x 22 po \/ 740 x 620 x 560 mm<\/span>\n                            <\/li>\n<li class=\"product-prop line-limit-length\"><span\n                                        class=\"property-title\">Capacit\u00e9 de charge maximale :&nbsp;<\/span><span\n                                        class=\"property-desc line-limit-length\">88 lb\/110 lb<\/span>\n                            <\/li>\n<li class=\"product-prop line-limit-length\"><span\n                                        class=\"property-title\">Nombre de places assises :&nbsp;<\/span><span\n                                        class=\"property-desc line-limit-length\">2<\/span>\n                            <\/li>\n<\/ul><\/div>\n<div class=\"detailmodule_html\">\n<div class=\"detail-desc-decorate-richtext\">\n<div style=\"font-family:&quot;Open sans&quot;, Arial, Helvetica, sans-serif\">\n<div style=\"font-family:&quot;Open sans&quot;, Arial, Helvetica, sans-serif\">\n  <img decoding=\"async\" style=\"width:100%\" width=\"100%\" src=\"https:\/\/d2qc09rl1gfuof.cloudfront.net\/vevor\/boutique-banner\/pc\/banner-en.jpg\" slate-data-type=\"image\" \/>\n <\/div>\n<div style=\"font-family:&quot;Open sans&quot;, Arial, Helvetica, sans-serif\">\n<div style=\"font-size:16px;font-weight:bold;text-align:center;color:rgb(34, 34, 34);margin:24px 0px;margin-bottom:24px;margin-top:24px;margin-left:0px;margin-right:0px\" align=\"center\">\n   Remorque v\u00e9lo VEVOR pour enfants \u2013 Voici votre nouveau compagnon de v\u00e9lo !\n  <\/div>\n<div>\n   <img decoding=\"async\" style=\"width:100%\" width=\"100%\" src=\"https:\/\/d2qc09rl1gfuof.cloudfront.net\/product\/LYS100B1020ILJ9NW\/bike-trailer-a100-1.4.jpg\" slate-data-type=\"image\" \/>\n  <\/div>\n<div style=\"font-size:14px;text-align:center;color:rgb(34, 34, 34);margin:16px 0px 24px;margin-bottom:24px;margin-top:16px;margin-left:0px;margin-right:0px\" align=\"center\">\n   Glissez en toute fluidit\u00e9 gr\u00e2ce \u00e0 notre remorque \u00e0 v\u00e9lo robuste en acier alli\u00e9. Ses pneus en caoutchouc double couche assurent un confort de conduite optimal, en faisant un compagnon de voyage s\u00fbr et fiable pour tous vos d\u00e9placements.\n  <\/div><\/div>\n<div style=\"font-family:&quot;Open sans&quot;, Arial, Helvetica, sans-serif\">\n<div>\n   &nbsp;\n  <\/div>\n<div style=\"margin:8px 0px;margin-bottom:8px;margin-top:8px;margin-left:0px;margin-right:0px\">\n   <img decoding=\"async\" style=\"width:100%\" width=\"100%\" src=\"https:\/\/d2qc09rl1gfuof.cloudfront.net\/product\/LYS100B1020ILJ9NW\/bike-trailer-a100-2.2.jpg\" slate-data-type=\"image\" \/>\n  <\/div>\n<div style=\"font-size:14px;text-align:center;color:rgb(34, 34, 34);margin:16px 0px 24px;margin-bottom:24px;margin-top:16px;margin-left:0px;margin-right:0px\" align=\"center\">\n   Avec sa protection int\u00e9grale et son stationnement s\u00e9curis\u00e9, la remorque \u00e0 v\u00e9lo prot\u00e8ge vos pneus des dommages impr\u00e9vus. Ses r\u00e9flecteurs brillants assurent une meilleure visibilit\u00e9, pour des trajets \u00e0 la fois s\u00fbrs et \u00e9l\u00e9gants.\n  <\/div><\/div>\n<div style=\"font-family:&quot;Open sans&quot;, Arial, Helvetica, sans-serif\">\n<div>\n   &nbsp;\n  <\/div>\n<div style=\"margin:8px 0px;margin-bottom:8px;margin-top:8px;margin-left:0px;margin-right:0px\">\n   <img decoding=\"async\" style=\"width:100%\" width=\"100%\" src=\"https:\/\/d2qc09rl1gfuof.cloudfront.net\/product\/LYS100B1020ILJ9NW\/bike-trailer-a100-2.3.jpg\" slate-data-type=\"image\" \/>\n  <\/div>\n<div style=\"font-size:14px;text-align:center;color:rgb(34, 34, 34);margin:16px 0px 24px;margin-bottom:24px;margin-top:16px;margin-left:0px;margin-right:0px\" align=\"center\">\n   Gr\u00e2ce \u00e0 sa grande capacit\u00e9 de charge et \u00e0 sa conception confortable \u00e0 deux places, cette remorque v\u00e9lo pour enfant convient aux enfants de 18 mois \u00e0 5 ans. C&#039;est le compagnon id\u00e9al pour des balades en famille.\n  <\/div><\/div>\n<div style=\"font-family:&quot;Open sans&quot;, Arial, Helvetica, sans-serif\">\n<div>\n   &nbsp;\n  <\/div>\n<div style=\"margin:8px 0px;margin-bottom:8px;margin-top:8px;margin-left:0px;margin-right:0px\">\n   <img decoding=\"async\" style=\"width:100%\" width=\"100%\" src=\"https:\/\/d2qc09rl1gfuof.cloudfront.net\/product\/LYS100B1020ILJ9NW\/bike-trailer-a100-2.4.jpg\" slate-data-type=\"image\" \/>\n  <\/div>\n<div style=\"font-size:14px;text-align:center;color:rgb(34, 34, 34);margin:16px 0px 24px;margin-bottom:24px;margin-top:16px;margin-left:0px;margin-right:0px\" align=\"center\">\n   Montage ultra-simple\u00a0! Notre remorque v\u00e9lo pour enfants est dot\u00e9e d&#039;un syst\u00e8me de fixation rapide pour une installation et un d\u00e9montage faciles, la rendant ultra-portable. Son design combinant remorque et poussette rendra vos sorties encore plus amusantes.\n  <\/div><\/div>\n<div style=\"font-family:&quot;Open sans&quot;, Arial, Helvetica, sans-serif\">\n<div>\n   &nbsp;\n  <\/div>\n<div style=\"margin:8px 0px;margin-bottom:8px;margin-top:8px;margin-left:0px;margin-right:0px\">\n   <img decoding=\"async\" style=\"width:100%\" width=\"100%\" src=\"https:\/\/d2qc09rl1gfuof.cloudfront.net\/product\/LYS100B1020ILJ9NW\/bike-trailer-a100-2.5.jpg\" slate-data-type=\"image\" \/>\n  <\/div>\n<div style=\"font-size:14px;text-align:center;color:rgb(34, 34, 34);margin:16px 0px 24px;margin-bottom:24px;margin-top:16px;margin-left:0px;margin-right:0px\" align=\"center\">\n   Notre remorque v\u00e9lo pour b\u00e9b\u00e9 est \u00e9quip\u00e9e d&#039;une ceinture de s\u00e9curit\u00e9 de 76 cm pour un maintien optimal, d&#039;une fen\u00eatre lat\u00e9rale offrant une large vue et d&#039;une conception perfor\u00e9e \u00e0 l&#039;arri\u00e8re pour une ventilation parfaite. Le confort de votre enfant est notre priorit\u00e9 absolue.\n  <\/div><\/div>\n<div style=\"margin:16px 0px 24px;margin-bottom:24px;margin-top:16px;margin-left:0px;margin-right:0px\"><\/div>\n<div style=\"margin:24px 0px;margin-bottom:24px;margin-top:24px;margin-left:0px;margin-right:0px\">\n<div style=\"font-size:16px;font-weight:bold;color:rgb(34, 34, 34);margin:24px 0px 16px;margin-bottom:16px;margin-top:24px;margin-left:0px;margin-right:0px\">\n   Caract\u00e9ristiques et d\u00e9tails\n  <\/div>\n<ul style=\"margin:16px 0px 24px;margin-bottom:24px;margin-top:16px;margin-left:0px;margin-right:0px\">\n<li style=\"font-size:14px;color:rgb(34, 34, 34)\">\n<p>Construction robuste\u00a0: Notre remorque \u00e0 v\u00e9lo est dot\u00e9e d\u2019un cadre en acier r\u00e9sistant et de pneus pneumatiques double couche en caoutchouc robuste, vous assurant une s\u00e9curit\u00e9 optimale lors de vos d\u00e9placements. Quelles que soient les conditions routi\u00e8res, elle reste fiable et durable, garantissant un voyage en toute s\u00e9curit\u00e9.<\/p>\n<\/li>\n<li style=\"font-size:14px;color:rgb(34, 34, 34)\">\n<p>La s\u00e9curit\u00e9 avant tout\u00a0: notre remorque \u00e0 v\u00e9lo assure une protection compl\u00e8te gr\u00e2ce \u00e0 sa suspension \u00e0 ressorts int\u00e9gr\u00e9e au moyeu, qui absorbe efficacement les chocs. Le frein \u00e0 main de s\u00e9curit\u00e9 2 en 1 permet de ralentir en douceur et de se garer en toute s\u00e9curit\u00e9. De plus, les r\u00e9flecteurs lumineux garantissent votre visibilit\u00e9 pendant vos trajets, pour une s\u00e9curit\u00e9 accrue.<\/p>\n<\/li>\n<li style=\"font-size:14px;color:rgb(34, 34, 34)\">\n<p>Un plaisir polyvalent\u00a0: chargez-le\u00a0! Notre remorque v\u00e9lo enfant est pr\u00eate \u00e0 tout transporter gr\u00e2ce \u00e0 sa grande capacit\u00e9 de charge et sa conception \u00e0 deux si\u00e8ges. Id\u00e9ale pour des balades joyeuses avec votre petit. Sa compatibilit\u00e9 universelle s&#039;adapte \u00e0 diff\u00e9rents v\u00e9los, ce qui en fait un excellent choix pour vos sorties.<\/p>\n<\/li>\n<li style=\"font-size:14px;color:rgb(34, 34, 34)\">\n<p>Facile \u00e0 utiliser\u00a0: gr\u00e2ce \u00e0 son syst\u00e8me de fixation rapide, notre remorque v\u00e9lo pour enfants se monte et se d\u00e9monte en un clin d\u2019\u0153il. Partez \u00e0 l\u2019aventure sans attendre\u00a0! De plus, passez facilement de la remorque \u00e0 la poussette et pimentez vos sorties.<\/p>\n<\/li>\n<li style=\"font-size:14px;color:rgb(34, 34, 34)\">\n<p>Confortable et bienveillante\u00a0: notre remorque v\u00e9lo pour b\u00e9b\u00e9 prend soin de chaque d\u00e9tail lors de vos promenades. Une ceinture de s\u00e9curit\u00e9 confortable de 76\u00a0cm assure un confort optimal sans entraver votre enfant, tandis que le dossier perfor\u00e9 du si\u00e8ge favorise la ventilation et qu\u2019une fen\u00eatre lat\u00e9rale agr\u00e9mente le voyage, offrant ainsi une exp\u00e9rience de conduite confortable et s\u00e9curis\u00e9e \u00e0 votre enfant.<\/p>\n<\/li>\n<\/ul><\/div>\n<div>\n<div>\n   &nbsp;\n  <\/div>\n<div>\n<div>\n    &nbsp;\n   <\/div>\n<div style=\"margin:16px 0px 24px;margin-bottom:24px;margin-top:16px;margin-left:0px;margin-right:0px\">\n    <strong>59 x 34 x 37 po, 88 lb<\/strong>\n   <\/div>\n<div style=\"margin:16px 0px 24px;margin-bottom:24px;margin-top:16px;margin-left:0px;margin-right:0px\">\n    <img decoding=\"async\" style=\"width:100%\" width=\"100%\" src=\"https:\/\/d2qc09rl1gfuof.cloudfront.net\/product\/LYS100B1020ILJ9NW\/bike-trailer-a100-1.11.jpg\" slate-data-type=\"image\" \/><br \/>\n    <strong>59 x 34 x 37 pouces, 45 kg<\/strong>\n   <\/div><\/div><\/div>\n<div>\n<div>\n<div style=\"margin:16px 0px 24px;margin-bottom:24px;margin-top:16px;margin-left:0px;margin-right:0px\">\n    <img decoding=\"async\" style=\"width:100%\" width=\"100%\" src=\"https:\/\/d2qc09rl1gfuof.cloudfront.net\/product\/LYS2GHJG1220E5YTP\/bike-trailer-a100-1.11.jpg\" slate-data-type=\"image\" \/>\n   <\/div><\/div><\/div>\n<div style=\"font-family:&quot;Open sans&quot;, Arial, Helvetica, sans-serif\">\n<div>\n   &nbsp;\n  <\/div>\n<div>\n<div style=\"font-size:16px;font-weight:bold;color:rgb(34, 34, 34);margin:24px 0px 16px;margin-bottom:16px;margin-top:24px;margin-left:0px;margin-right:0px\">\n    &nbsp;61 x 31 x 37 pouces 45 kg\n   <\/div>\n<div style=\"margin:16px 0px 24px;margin-bottom:24px;margin-top:16px;margin-left:0px;margin-right:0px\">\n    <img decoding=\"async\" style=\"width:100%\" width=\"100%\" src=\"https:\/\/d2qc09rl1gfuof.cloudfront.net\/product\/LYS2GHJG820IRLD5R\/bike-trailer-a100-1.11.jpg\" slate-data-type=\"image\" \/>\n   <\/div><\/div><\/div>\n<\/div>\n<p><\/p>\n<\/div>\n<\/div>","protected":false},"excerpt":{"rendered":"<p>Hign-concerned Chemical:&nbsp;None Seat position:&nbsp;POST Material:&nbsp;others Model Number:&nbsp;JBT03N1 Age Range:&nbsp;7-12Y Origin:&nbsp;Mainland China Brand:&nbsp;VEVOR Material:&nbsp;Carbon Steel + 600D Oxford Cloth + PP Type:&nbsp;Trailer\/Stroller Dual-Use Internal Size:&nbsp;29.1 x 24.4 x 22 in\/740 x<\/p>","protected":false},"featured_media":25472,"comment_status":"open","ping_status":"closed","template":"","meta":{"_acf_changed":false},"product_brand":[],"product_cat":[523],"product_tag":[],"class_list":{"0":"post-25471","1":"product","2":"type-product","3":"status-publish","4":"has-post-thumbnail","6":"product_cat-bike-trailers-and-wagons","8":"first","9":"instock","10":"shipping-taxable","11":"purchasable","12":"product-type-variable"},"acf":[],"_links":{"self":[{"href":"https:\/\/www.electricstore.eu\/fr\/wp-json\/wp\/v2\/product\/25471","targetHints":{"allow":["GET"]}}],"collection":[{"href":"https:\/\/www.electricstore.eu\/fr\/wp-json\/wp\/v2\/product"}],"about":[{"href":"https:\/\/www.electricstore.eu\/fr\/wp-json\/wp\/v2\/types\/product"}],"replies":[{"embeddable":true,"href":"https:\/\/www.electricstore.eu\/fr\/wp-json\/wp\/v2\/comments?post=25471"}],"wp:featuredmedia":[{"embeddable":true,"href":"https:\/\/www.electricstore.eu\/fr\/wp-json\/wp\/v2\/media\/25472"}],"wp:attachment":[{"href":"https:\/\/www.electricstore.eu\/fr\/wp-json\/wp\/v2\/media?parent=25471"}],"wp:term":[{"taxonomy":"product_brand","embeddable":true,"href":"https:\/\/www.electricstore.eu\/fr\/wp-json\/wp\/v2\/product_brand?post=25471"},{"taxonomy":"product_cat","embeddable":true,"href":"https:\/\/www.electricstore.eu\/fr\/wp-json\/wp\/v2\/product_cat?post=25471"},{"taxonomy":"product_tag","embeddable":true,"href":"https:\/\/www.electricstore.eu\/fr\/wp-json\/wp\/v2\/product_tag?post=25471"}],"curies":[{"name":"wp","href":"https:\/\/api.w.org\/{rel}","templated":true}]}}