{"id":25454,"date":"2025-05-20T18:59:26","date_gmt":"2025-05-20T18:59:26","guid":{"rendered":"https:\/\/electricstore.eu\/p\/uncategorized\/vevor-12v-motorized-electric-trailer-mover-dolly-5000lbs-towing-capacity-adjustable-clamp-jockey-wheel-for-moving-caravan-boat\/"},"modified":"2025-05-20T19:02:35","modified_gmt":"2025-05-20T19:02:35","slug":"vevor-12v-motorized-electric-trailer-mover-dolly-5000lbs-towing-capacity-adjustable-clamp-jockey-wheel-for-moving-caravan-boat","status":"publish","type":"product","link":"https:\/\/www.electricstore.eu\/fr\/p\/a\/vevor-12v-motorized-electric-trailer-mover-dolly-5000lbs-towing-capacity-adjustable-clamp-jockey-wheel-for-moving-caravan-boat\/","title":{"rendered":"Chariot de d\u00e9placement de remorque \u00e9lectrique motoris\u00e9 VEVOR 12V, capacit\u00e9 de remorquage de 2268 kg (5000 lb), pince r\u00e9glable, roue jockey pour le d\u00e9placement de caravanes et bateaux."},"content":{"rendered":"<div class=\"product-specs-list-container\">\n<ul class=\"product-specs-list util-clearfix\">\n<li class=\"product-prop line-limit-length\"><span\n                                        class=\"property-title\">Produits chimiques hautement pr\u00e9occupants :&nbsp;<\/span><span\n                                        class=\"property-desc line-limit-length\">Aucun<\/span>\n                            <\/li>\n<li class=\"product-prop line-limit-length\"><span\n                                        class=\"property-title\">Origine:&nbsp;<\/span><span\n                                        class=\"property-desc line-limit-length\">Chine continentale<\/span>\n                            <\/li>\n<li class=\"product-prop line-limit-length\"><span\n                                        class=\"property-title\">Capacit\u00e9 de charge :&nbsp;<\/span><span\n                                        class=\"property-desc line-limit-length\">5000 livres<\/span>\n                            <\/li>\n<li class=\"product-prop line-limit-length\"><span\n                                        class=\"property-title\">Nom de marque :&nbsp;<\/span><span\n                                        class=\"property-desc line-limit-length\">VEVOR<\/span>\n                            <\/li>\n<\/ul><\/div>\n<div class=\"detailmodule_html\">\n<div class=\"detail-desc-decorate-richtext\">\n<div style=\"font-family:&quot;Open sans&quot;, Arial, Helvetica, sans-serif\">\n<div><img decoding=\"async\" style=\"width:100%\" width=\"100%\" src=\"https:\/\/d2qc09rl1gfuof.cloudfront.net\/vevor\/boutique-banner\/pc\/banner-en.jpg\" slate-data-type=\"image\"\/><\/div>\n<div>\n<div style=\"font-size:16px;font-weight:bold;text-align:center;color:rgb(34, 34, 34);margin:24px 0px;margin-bottom:24px;margin-top:24px;margin-left:0px;margin-right:0px\" align=\"center\">Dolly \u00e9lectrique 12V<\/div>\n<div><img decoding=\"async\" style=\"width:100%\" width=\"100%\" src=\"https:\/\/d2qc09rl1gfuof.cloudfront.net\/product\/YXDDQYCYSB500477A\/electric-trailer-dolly-a100-1.4.jpg\" slate-data-type=\"image\"\/><\/div>\n<div style=\"font-size:14px;text-align:center;color:rgb(34, 34, 34);margin:16px 0px 24px;margin-bottom:24px;margin-top:16px;margin-left:0px;margin-right:0px\" align=\"center\">Le support renforc\u00e9 et am\u00e9lior\u00e9 offre une capacit\u00e9 de charge plus stable, permettant de remorquer jusqu&#039;\u00e0 2\u00a0268 kg (5\u00a0000 lb), soit bien plus que les tracteurs similaires. De plus, sa simplicit\u00e9 d&#039;installation et de commande rend l&#039;utilisation de ces remorques robustes plus facile et moins exigeante en main-d&#039;\u0153uvre.<\/div>\n<\/div>\n<div>\n<div style=\"margin:8px 0px;margin-bottom:8px;margin-top:8px;margin-left:0px;margin-right:0px\"><img decoding=\"async\" style=\"width:100%\" width=\"100%\" src=\"https:\/\/d2qc09rl1gfuof.cloudfront.net\/product\/YXDDQYCYSB500477A\/electric-trailer-dolly-a100-1.12.jpg\" slate-data-type=\"image\"\/><\/div>\n<\/div>\n<div>\n<div style=\"margin:8px 0px;margin-bottom:8px;margin-top:8px;margin-left:0px;margin-right:0px\"><img decoding=\"async\" style=\"width:100%\" width=\"100%\" src=\"https:\/\/d2qc09rl1gfuof.cloudfront.net\/product\/YXDDQYCYSB500477A\/electric-trailer-dolly-a100-1.13.jpg\" slate-data-type=\"image\"\/><\/div>\n<\/div>\n<div>\n<div style=\"margin:8px 0px;margin-bottom:8px;margin-top:8px;margin-left:0px;margin-right:0px\"><img decoding=\"async\" style=\"width:100%\" width=\"100%\" src=\"https:\/\/d2qc09rl1gfuof.cloudfront.net\/product\/YXDDQYCYSB500477A\/electric-trailer-dolly-a100-1.16.jpg\" slate-data-type=\"image\"\/><\/div>\n<\/div>\n<div>\n<div style=\"margin:8px 0px;margin-bottom:8px;margin-top:8px;margin-left:0px;margin-right:0px\"><img decoding=\"async\" style=\"width:100%\" width=\"100%\" src=\"https:\/\/d2qc09rl1gfuof.cloudfront.net\/product\/YXDDQYCYSB500477A\/electric-trailer-dolly-a100-1.17.jpg\" slate-data-type=\"image\"\/><\/div>\n<\/div>\n<div>\n<div style=\"margin:8px 0px;margin-bottom:8px;margin-top:8px;margin-left:0px;margin-right:0px\"><img decoding=\"async\" style=\"width:100%\" width=\"100%\" src=\"https:\/\/d2qc09rl1gfuof.cloudfront.net\/product\/YXDDQYCYSB500477A\/electric-trailer-dolly-a100-1.18.jpg\" slate-data-type=\"image\"\/><\/div>\n<\/div>\n<div>\n<div style=\"margin:8px 0px;margin-bottom:8px;margin-top:8px;margin-left:0px;margin-right:0px\"><img decoding=\"async\" style=\"width:100%\" width=\"100%\" src=\"https:\/\/d2qc09rl1gfuof.cloudfront.net\/product\/YXDDQYCYSB500477A\/electric-trailer-dolly-a100-1.20.jpg\" slate-data-type=\"image\"\/><\/div>\n<\/div>\n<div>\n<div style=\"margin:8px 0px;margin-bottom:8px;margin-top:8px;margin-left:0px;margin-right:0px\"><img decoding=\"async\" style=\"width:100%\" width=\"100%\" src=\"https:\/\/d2qc09rl1gfuof.cloudfront.net\/product\/YXDDQYCYSB500477A\/electric-trailer-dolly-a100-1.21.jpg\" slate-data-type=\"image\"\/><\/div>\n<\/div>\n<div style=\"margin:16px 0px 24px;margin-bottom:24px;margin-top:16px;margin-left:0px;margin-right:0px\"><\/div>\n<div style=\"margin:24px 0px;margin-bottom:24px;margin-top:24px;margin-left:0px;margin-right:0px\">\n<div style=\"font-size:16px;font-weight:bold;color:rgb(34, 34, 34);margin:24px 0px 16px;margin-bottom:16px;margin-top:24px;margin-left:0px;margin-right:0px\">Caract\u00e9ristiques et d\u00e9tails<\/div>\n<ul style=\"margin:16px 0px 24px;margin-bottom:24px;margin-top:16px;margin-left:0px;margin-right:0px\">\n<li style=\"font-size:14px;color:rgb(34, 34, 34)\">\n<p>Un alli\u00e9 puissant pour le remorquage\u00a0: avec une capacit\u00e9 de charge de 272\u00a0kg, notre chariot de remorquage \u00e9lectrique peut d\u00e9placer sans effort des remorques jusqu\u2019\u00e0 2\u00a0268\u00a0kg. Compar\u00e9 aux chariots de remorquage classiques, ce mod\u00e8le est \u00e9quip\u00e9 d\u2019un moteur plus puissant, atteignant une vitesse de d\u00e9placement maximale de 6,7\u00a0m\/min.<\/p>\n<\/li>\n<li style=\"font-size:14px;color:rgb(34, 34, 34)\">\n<p>Installation simple\u00a0: le support de fixation est r\u00e9glable de 30,5 \u00e0 63\u00a0cm. Ajustez la hauteur de ce chariot de remorque sans effort en le relevant ou en l\u2019abaissant, pour un confort d\u2019utilisation optimal.<\/p>\n<\/li>\n<li style=\"font-size:14px;color:rgb(34, 34, 34)\">\n<p>D\u00e9placez-vous en toute simplicit\u00e9 : il est \u00e9quip\u00e9 d&#039;une roue en caoutchouc massif de 8 pouces, vous offrant un roulement fluide et une direction libre.<\/p>\n<\/li>\n<li style=\"font-size:14px;color:rgb(34, 34, 34)\">\n<p>Ma\u00eetrise totale\u00a0: La poign\u00e9e assure un contr\u00f4le stable et pr\u00e9cis, permettant de diriger facilement le chariot de d\u00e9placement de remorque dans toutes les directions. De plus, le chariot est \u00e9quip\u00e9 d\u2019un syst\u00e8me de freinage automatique.<\/p>\n<\/li>\n<li style=\"font-size:14px;color:rgb(34, 34, 34)\">\n<p>S\u00fbr et stable\u00a0: ce produit a obtenu la certification CE, garantissant une meilleure qualit\u00e9 pour une utilisation plus s\u00fbre et plus fiable. Remarque\u00a0: ce produit n\u2019est pas recommand\u00e9 pour une utilisation sur des rampes inclin\u00e9es \u00e0 plus de 5 degr\u00e9s, ni sur des chemins de terre ou de gravier.<\/p>\n<\/li>\n<\/ul>\n<\/div>\n<div>\n<div>\n<div style=\"margin:16px 0px 24px;margin-bottom:24px;margin-top:16px;margin-left:0px;margin-right:0px\"><img decoding=\"async\" style=\"width:100%\" width=\"100%\" src=\"https:\/\/d2qc09rl1gfuof.cloudfront.net\/product\/YXDDQYCYSB500477A\/electric-trailer-dolly-a100-1.11.jpg\" slate-data-type=\"image\"\/><\/div>\n<\/div>\n<\/div>\n<\/div>\n<\/div>\n<\/div>\n<p><\/p>","protected":false},"excerpt":{"rendered":"<p>Hign-concerned Chemical:&nbsp;None Origin:&nbsp;Mainland China Load Capacity:&nbsp;5000 lbs Brand Name:&nbsp;VEVOR 12V Electric Trailer Dolly The upgraded thickened bracket has a more stable load capacity, providing 5000 lbs towing capacity, much higher<\/p>","protected":false},"featured_media":25456,"comment_status":"open","ping_status":"closed","template":"","meta":{"_acf_changed":false},"product_brand":[],"product_cat":[525],"product_tag":[],"class_list":{"0":"post-25454","1":"product","2":"type-product","3":"status-publish","4":"has-post-thumbnail","6":"product_cat-a","8":"first","9":"instock","10":"shipping-taxable","11":"purchasable","12":"product-type-variable"},"acf":[],"_links":{"self":[{"href":"https:\/\/www.electricstore.eu\/fr\/wp-json\/wp\/v2\/product\/25454","targetHints":{"allow":["GET"]}}],"collection":[{"href":"https:\/\/www.electricstore.eu\/fr\/wp-json\/wp\/v2\/product"}],"about":[{"href":"https:\/\/www.electricstore.eu\/fr\/wp-json\/wp\/v2\/types\/product"}],"replies":[{"embeddable":true,"href":"https:\/\/www.electricstore.eu\/fr\/wp-json\/wp\/v2\/comments?post=25454"}],"wp:featuredmedia":[{"embeddable":true,"href":"https:\/\/www.electricstore.eu\/fr\/wp-json\/wp\/v2\/media\/25456"}],"wp:attachment":[{"href":"https:\/\/www.electricstore.eu\/fr\/wp-json\/wp\/v2\/media?parent=25454"}],"wp:term":[{"taxonomy":"product_brand","embeddable":true,"href":"https:\/\/www.electricstore.eu\/fr\/wp-json\/wp\/v2\/product_brand?post=25454"},{"taxonomy":"product_cat","embeddable":true,"href":"https:\/\/www.electricstore.eu\/fr\/wp-json\/wp\/v2\/product_cat?post=25454"},{"taxonomy":"product_tag","embeddable":true,"href":"https:\/\/www.electricstore.eu\/fr\/wp-json\/wp\/v2\/product_tag?post=25454"}],"curies":[{"name":"wp","href":"https:\/\/api.w.org\/{rel}","templated":true}]}}