{"id":25391,"date":"2025-05-20T18:59:01","date_gmt":"2025-05-20T18:59:01","guid":{"rendered":"https:\/\/electricstore.eu\/p\/uncategorized\/vevor-500lbs-beach-fishing-cart-marine-cart-with-four-13-big-wheels-6-rod-holders-aluminum-pier-wagon-trolley-for-sand-picnic\/"},"modified":"2025-05-20T19:00:58","modified_gmt":"2025-05-20T19:00:58","slug":"vevor-500lbs-beach-fishing-cart-marine-cart-with-four-13-big-wheels-6-rod-holders-aluminum-pier-wagon-trolley-for-sand-picnic","status":"publish","type":"product","link":"https:\/\/electricstore.eu\/fr\/p\/o\/bike-trailers-and-wagons\/vevor-500lbs-beach-fishing-cart-marine-cart-with-four-13-big-wheels-6-rod-holders-aluminum-pier-wagon-trolley-for-sand-picnic\/","title":{"rendered":"Chariot de p\u00eache de plage VEVOR 500 lb, chariot marin avec quatre grandes roues de 13 pouces, 6 supports de cannes, chariot de quai en aluminium pour pique-nique sur le sable"},"content":{"rendered":"<div class=\"product-specs-list-container\">\n<ul class=\"product-specs-list util-clearfix\">\n<li class=\"product-prop line-limit-length\"><span\n                                        class=\"property-title\">Produits chimiques hautement pr\u00e9occupants :&nbsp;<\/span><span\n                                        class=\"property-desc line-limit-length\">Aucun<\/span>\n                            <\/li>\n<li class=\"product-prop line-limit-length\"><span\n                                        class=\"property-title\">Origine:&nbsp;<\/span><span\n                                        class=\"property-desc line-limit-length\">Chine continentale<\/span>\n                            <\/li>\n<li class=\"product-prop line-limit-length\"><span\n                                        class=\"property-title\">Num\u00e9ro de mod\u00e8le :&nbsp;<\/span><span\n                                        class=\"property-desc line-limit-length\">YK-500<\/span>\n                            <\/li>\n<li class=\"product-prop line-limit-length\"><span\n                                        class=\"property-title\">Capacit\u00e9 de charge :&nbsp;<\/span><span\n                                        class=\"property-desc line-limit-length\">500 lb\/226,79 kg<\/span>\n                            <\/li>\n<li class=\"product-prop line-limit-length\"><span\n                                        class=\"property-title\">Nom de marque :&nbsp;<\/span><span\n                                        class=\"property-desc line-limit-length\">VEVOR<\/span>\n                            <\/li>\n<li class=\"product-prop line-limit-length\"><span\n                                        class=\"property-title\">Marque:&nbsp;<\/span><span\n                                        class=\"property-desc line-limit-length\">VEVOR<\/span>\n                            <\/li>\n<li class=\"product-prop line-limit-length\"><span\n                                        class=\"property-title\">Poids de l&#039;article\u00a0:&nbsp;<\/span><span\n                                        class=\"property-desc line-limit-length\">44,53 lbs\/20,2 kg<\/span>\n                            <\/li>\n<li class=\"product-prop line-limit-length\"><span\n                                        class=\"property-title\">Capacit\u00e9 de poids maximale :&nbsp;<\/span><span\n                                        class=\"property-desc line-limit-length\">500 lb\/226,79 kg<\/span>\n                            <\/li>\n<li class=\"product-prop line-limit-length\"><span\n                                        class=\"property-title\">Taille de la roue :&nbsp;<\/span><span\n                                        class=\"property-desc line-limit-length\">12 po\/305 mm (13 po\/330 mm apr\u00e8s gonflage)<\/span>\n                            <\/li>\n<li class=\"product-prop line-limit-length\"><span\n                                        class=\"property-title\">Dimensions du cadre int\u00e9rieur :&nbsp;<\/span><span\n                                        class=\"property-desc line-limit-length\">45,9 x 27 x 7,9 po \/ 1165 x 685 x 200 mm<\/span>\n                            <\/li>\n<li class=\"product-prop line-limit-length\"><span\n                                        class=\"property-title\">Taille du produit\u00a0:&nbsp;<\/span><span\n                                        class=\"property-desc line-limit-length\">53,14 x 31,1 x 38,58 po \/ 1350 x 790 x 980 mm<\/span>\n                            <\/li>\n<li class=\"product-prop line-limit-length\"><span\n                                        class=\"property-title\">Taper:&nbsp;<\/span><span\n                                        class=\"property-desc line-limit-length\">Chariot de p\u00eache de plage<\/span>\n                            <\/li>\n<\/ul><\/div>\n<div class=\"detailmodule_dynamic\"><kse:widget data-widget-type=\"customText\" id=\"1005000000821364\" type=\"relation\"><\/kse:widget><\/div>\n<div class=\"detailmodule_html\">\n<div class=\"detail-desc-decorate-richtext\">\n<div style=\"font-family:&quot;Open sans&quot;, Arial, Helvetica, sans-serif\">\n<div><img decoding=\"async\" style=\"width:100%\" width=\"100%\" src=\"https:\/\/d2qc09rl1gfuof.cloudfront.net\/vevor\/boutique-banner\/pc\/banner-en.jpg\" slate-data-type=\"image\"\/><\/div>\n<div>\n<div style=\"font-size:16px;font-weight:bold;text-align:center;color:rgb(34, 34, 34);margin:24px 0px;margin-bottom:24px;margin-top:24px;margin-left:0px;margin-right:0px\" align=\"center\">Chariot de p\u00eache de plage VEVOR : Votre compagnon fiable pour les activit\u00e9s de plein air<\/div>\n<div><img decoding=\"async\" style=\"width:100%\" width=\"100%\" src=\"https:\/\/d2qc09rl1gfuof.cloudfront.net\/product\/SLKYJCBKZD00X0T74\/fishing-cart-a100-1.4.jpg\" slate-data-type=\"image\"\/><\/div>\n<div style=\"font-size:14px;text-align:center;color:rgb(34, 34, 34);margin:16px 0px 24px;margin-bottom:24px;margin-top:16px;margin-left:0px;margin-right:0px\" align=\"center\">Imaginez : un chariot de p\u00eache avec un cadre robuste en aluminium, roulant en douceur gr\u00e2ce \u00e0 ses roues gonflables en polyur\u00e9thane de 33 cm. Mesurant 117 x 69 x 20 cm et capable de supporter jusqu&#039;\u00e0 227 kg avec ses 6 porte-cannes, il est le compagnon id\u00e9al pour vos sorties de p\u00eache.<\/div>\n<\/div>\n<div>\n<div style=\"margin:8px 0px;margin-bottom:8px;margin-top:8px;margin-left:0px;margin-right:0px\"><img decoding=\"async\" style=\"width:100%\" width=\"100%\" src=\"https:\/\/d2qc09rl1gfuof.cloudfront.net\/product\/SLKYJCBKZD00X0T74\/fishing-cart-a100-2.2.jpg\" slate-data-type=\"image\"\/><\/div>\n<div style=\"font-size:14px;text-align:center;color:rgb(34, 34, 34);margin:16px 0px 24px;margin-bottom:24px;margin-top:16px;margin-left:0px;margin-right:0px\" align=\"center\">Notre chariot de p\u00eache de plage est \u00e9quip\u00e9 de roues qui adorent les d\u00e9fis \u2013 qu&#039;il s&#039;agisse de plages de sable, de chemins rocailleux ou de champs herbeux, elles rendent chaque trajet fluide et sans effort.<\/div>\n<\/div>\n<div>\n<div style=\"margin:8px 0px;margin-bottom:8px;margin-top:8px;margin-left:0px;margin-right:0px\"><img decoding=\"async\" style=\"width:100%\" width=\"100%\" src=\"https:\/\/d2qc09rl1gfuof.cloudfront.net\/product\/SLKYJCBKZD00X0T74\/fishing-cart-a100-2.3.jpg\" slate-data-type=\"image\"\/><\/div>\n<div style=\"font-size:14px;text-align:center;color:rgb(34, 34, 34);margin:16px 0px 24px;margin-bottom:24px;margin-top:16px;margin-left:0px;margin-right:0px\" align=\"center\">Nous avons opt\u00e9 pour des boulons en acier inoxydable qui r\u00e9sistent au desserrage, \u00e0 la rouille et \u00e0 l&#039;usure, garantissant ainsi un chariot de p\u00eache de plage robuste et fiable qui conserve sa forme m\u00eame apr\u00e8s une utilisation prolong\u00e9e.<\/div>\n<\/div>\n<div>\n<div style=\"margin:8px 0px;margin-bottom:8px;margin-top:8px;margin-left:0px;margin-right:0px\"><img decoding=\"async\" style=\"width:100%\" width=\"100%\" src=\"https:\/\/d2qc09rl1gfuof.cloudfront.net\/product\/SLKYJCBKZD00X0T74\/fishing-cart-a100-2.4.jpg\" slate-data-type=\"image\"\/><\/div>\n<div style=\"font-size:14px;text-align:center;color:rgb(34, 34, 34);margin:16px 0px 24px;margin-bottom:24px;margin-top:16px;margin-left:0px;margin-right:0px\" align=\"center\">Dites adieu aux installations de roues fastidieuses. Notre chariot de quai est dot\u00e9 d&#039;un m\u00e9canisme \u00e0 goupille simple pour une fixation et un retrait rapides et faciles des roues, ainsi que d&#039;une goupille \u00e0 joint torique pour plus de s\u00e9curit\u00e9.<\/div>\n<\/div>\n<div>\n<div style=\"margin:8px 0px;margin-bottom:8px;margin-top:8px;margin-left:0px;margin-right:0px\"><img decoding=\"async\" style=\"width:100%\" width=\"100%\" src=\"https:\/\/d2qc09rl1gfuof.cloudfront.net\/product\/SLKYJCBKZD00X0T74\/fishing-cart-a100-2.5.jpg\" slate-data-type=\"image\"\/><\/div>\n<div style=\"font-size:14px;text-align:center;color:rgb(34, 34, 34);margin:16px 0px 24px;margin-bottom:24px;margin-top:16px;margin-left:0px;margin-right:0px\" align=\"center\">Bien plus qu&#039;un simple compagnon de p\u00eache ! Que ce soit pour la photographie en plein air, un pique-nique ou du camping, ce chariot de p\u00eache pour quai transporte tout votre \u00e9quipement avec facilit\u00e9, vous \u00e9vitant ainsi les allers-retours incessants.<\/div>\n<\/div>\n<div style=\"margin:16px 0px 24px;margin-bottom:24px;margin-top:16px;margin-left:0px;margin-right:0px\"><\/div>\n<div style=\"margin:24px 0px;margin-bottom:24px;margin-top:24px;margin-left:0px;margin-right:0px\">\n<div style=\"font-size:16px;font-weight:bold;color:rgb(34, 34, 34);margin:24px 0px 16px;margin-bottom:16px;margin-top:24px;margin-left:0px;margin-right:0px\">Caract\u00e9ristiques et d\u00e9tails<\/div>\n<ul style=\"margin:16px 0px 24px;margin-bottom:24px;margin-top:16px;margin-left:0px;margin-right:0px\">\n<li style=\"font-size:14px;color:rgb(34, 34, 34)\">\n<p>Cadre robuste\u00a0: D\u00e9couvrez le chariot de p\u00eache de plage VEVOR, fabriqu\u00e9 en aluminium de haute qualit\u00e9 pour un cadre non seulement r\u00e9sistant, mais aussi antirouille. C\u2019est comme avoir un compagnon de p\u00eache fiable qui ne vous laissera jamais tomber. De plus, il est l\u00e9ger\u00a0: vous pouvez ainsi vous concentrer sur la p\u00eache, et non sur le transport\u00a0!<\/p>\n<\/li>\n<li style=\"font-size:14px;color:rgb(34, 34, 34)\">\n<p>Roues pratiques en polyur\u00e9thane : Ce chariot de p\u00eache est \u00e9quip\u00e9 de roues gonflables en polyur\u00e9thane de 33 cm (13 pouces) qui glissent avec aisance sur le sable, la boue, le gravier et l&#039;herbe. Ces roues ne se contentent pas de transporter votre mat\u00e9riel ; elles rendent votre trajet jusqu&#039;au lieu de p\u00eache id\u00e9al aussi fluide que votre ligne pr\u00e9f\u00e9r\u00e9e.<\/p>\n<\/li>\n<li style=\"font-size:14px;color:rgb(34, 34, 34)\">\n<p>Grand espace de rangement\u00a0: Avec un cadre de 116,5\u00a0cm de long, 68,5\u00a0cm de large et 20\u00a0cm de haut, et des roues robustes de 33\u00a0cm, ce chariot de p\u00eache peut supporter jusqu\u2019\u00e0 227\u00a0kg. \u00c9quipement de surf, articles de plage, tout ce dont vous avez besoin\u00a0: rangez-le et partez l\u2019esprit tranquille\u00a0!<\/p>\n<\/li>\n<li style=\"font-size:14px;color:rgb(34, 34, 34)\">\n<p>Conception \u00e9tanche : fini les pertes d&#039;\u00e9quipement ! Notre chariot de p\u00eache sur jet\u00e9e est dot\u00e9 d&#039;un fond \u00e9tanche ing\u00e9nieusement con\u00e7u, qui maintient en place tout votre mat\u00e9riel, des plus petits aux plus gros \u00e9quipements. Pour des sorties de p\u00eache toujours propres et bien organis\u00e9es.<\/p>\n<\/li>\n<li style=\"font-size:14px;color:rgb(34, 34, 34)\">\n<p>Multifonctionnel et portable : \u00e9quip\u00e9 de 6 porte-cannes et d&#039;un syst\u00e8me d&#039;insertion rapide, ce chariot de quai r\u00e9volutionne la p\u00eache. Les supports de 5 cm de diam\u00e8tre accueillent diff\u00e9rentes cannes \u00e0 p\u00eache. Pratique et facile \u00e0 utiliser : prenez votre canne, lancez, et vous voil\u00e0 \u00e0 l&#039;eau en un clin d&#039;\u0153il !<\/p>\n<\/li>\n<\/ul>\n<\/div>\n<div>\n<div>\n<div style=\"margin:16px 0px 24px;margin-bottom:24px;margin-top:16px;margin-left:0px;margin-right:0px\"><img decoding=\"async\" style=\"width:100%\" width=\"100%\" src=\"https:\/\/d2qc09rl1gfuof.cloudfront.net\/product\/SLKYJCBKZD00X0T74\/fishing-cart-a100-1.11.jpg\" slate-data-type=\"image\"\/><\/div>\n<\/div>\n<\/div>\n<\/div>\n<\/div>\n<\/div>\n<div class=\"detailmodule_dynamic\"><kse:widget data-widget-type=\"customText\" id=\"1005000000397265\" type=\"custom\"><\/kse:widget><\/div>\n<p><\/p>","protected":false},"excerpt":{"rendered":"<p>Hign-concerned Chemical:&nbsp;None Origin:&nbsp;Mainland China Model Number:&nbsp;YK-500 Load Capacity:&nbsp;500 lbs\/226.79 kg Brand Name:&nbsp;VEVOR Brand:&nbsp;VEVOR Item Weight:&nbsp;44.53 lbs\/20.2 kg Maximum Weight Capacity:&nbsp;500 lbs\/226.79 kg Wheel Size:&nbsp;12 in\/305 mm (13 in\/330 mm after<\/p>","protected":false},"featured_media":25393,"comment_status":"open","ping_status":"closed","template":"","meta":{"_acf_changed":false},"product_brand":[],"product_cat":[523],"product_tag":[],"class_list":{"0":"post-25391","1":"product","2":"type-product","3":"status-publish","4":"has-post-thumbnail","6":"product_cat-bike-trailers-and-wagons","8":"first","9":"instock","10":"shipping-taxable","11":"purchasable","12":"product-type-simple"},"acf":[],"_links":{"self":[{"href":"https:\/\/electricstore.eu\/fr\/wp-json\/wp\/v2\/product\/25391","targetHints":{"allow":["GET"]}}],"collection":[{"href":"https:\/\/electricstore.eu\/fr\/wp-json\/wp\/v2\/product"}],"about":[{"href":"https:\/\/electricstore.eu\/fr\/wp-json\/wp\/v2\/types\/product"}],"replies":[{"embeddable":true,"href":"https:\/\/electricstore.eu\/fr\/wp-json\/wp\/v2\/comments?post=25391"}],"wp:featuredmedia":[{"embeddable":true,"href":"https:\/\/electricstore.eu\/fr\/wp-json\/wp\/v2\/media\/25393"}],"wp:attachment":[{"href":"https:\/\/electricstore.eu\/fr\/wp-json\/wp\/v2\/media?parent=25391"}],"wp:term":[{"taxonomy":"product_brand","embeddable":true,"href":"https:\/\/electricstore.eu\/fr\/wp-json\/wp\/v2\/product_brand?post=25391"},{"taxonomy":"product_cat","embeddable":true,"href":"https:\/\/electricstore.eu\/fr\/wp-json\/wp\/v2\/product_cat?post=25391"},{"taxonomy":"product_tag","embeddable":true,"href":"https:\/\/electricstore.eu\/fr\/wp-json\/wp\/v2\/product_tag?post=25391"}],"curies":[{"name":"wp","href":"https:\/\/api.w.org\/{rel}","templated":true}]}}