{"id":25366,"date":"2025-05-20T18:58:54","date_gmt":"2025-05-20T18:58:54","guid":{"rendered":"https:\/\/electricstore.eu\/p\/uncategorized\/vevor-4500lbs-atv-utv-electric-winch-nylon-steel-rope-winch-with-wireless-wired-remote-for-truck-car-towing-jeep-off-road-suv\/"},"modified":"2025-05-20T19:00:46","modified_gmt":"2025-05-20T19:00:46","slug":"vevor-4500lbs-atv-utv-electric-winch-nylon-steel-rope-winch-with-wireless-wired-remote-for-truck-car-towing-jeep-off-road-suv","status":"publish","type":"product","link":"https:\/\/www.electricstore.eu\/fr\/p\/o\/electric-winches\/vevor-4500lbs-atv-utv-electric-winch-nylon-steel-rope-winch-with-wireless-wired-remote-for-truck-car-towing-jeep-off-road-suv\/","title":{"rendered":"Treuil \u00e9lectrique VEVOR 4\u00a0500 lb pour VTT\/UTV, c\u00e2ble en nylon\/acier avec t\u00e9l\u00e9commande sans fil\/filaire pour remorquage de camion, voiture, Jeep, SUV tout-terrain"},"content":{"rendered":"<div class=\"product-specs-list-container\">\n<ul class=\"product-specs-list util-clearfix\">\n<li class=\"product-prop line-limit-length\"><span\n                                        class=\"property-title\">Produits chimiques hautement pr\u00e9occupants :&nbsp;<\/span><span\n                                        class=\"property-desc line-limit-length\">Aucun<\/span>\n                            <\/li>\n<li class=\"product-prop line-limit-length\"><span\n                                        class=\"property-title\">Origine:&nbsp;<\/span><span\n                                        class=\"property-desc line-limit-length\">Chine continentale<\/span>\n                            <\/li>\n<li class=\"product-prop line-limit-length\"><span\n                                        class=\"property-title\">Nom de marque :&nbsp;<\/span><span\n                                        class=\"property-desc line-limit-length\">VEVOR<\/span>\n                            <\/li>\n<li class=\"product-prop line-limit-length\"><span\n                                        class=\"property-title\">Taper:&nbsp;<\/span><span\n                                        class=\"property-desc line-limit-length\">Pouvoir<\/span>\n                            <\/li>\n<\/ul><\/div>\n<div class=\"detailmodule_html\">\n<div class=\"detail-desc-decorate-richtext\">\n<div><\/div>\n<div style=\"font-family:&quot;Open sans&quot;, Arial, Helvetica, sans-serif\">\n<div style=\"font-family:&quot;Open sans&quot;, Arial, Helvetica, sans-serif\"><img decoding=\"async\" style=\"width:100%\" width=\"100%\" src=\"https:\/\/d2qc09rl1gfuof.cloudfront.net\/vevor\/boutique-banner\/pc\/banner-en.jpg\" slate-data-type=\"image\"\/><\/div>\n<div style=\"font-family:&quot;Open sans&quot;, Arial, Helvetica, sans-serif\">\n<div style=\"font-size:16px;font-weight:bold;text-align:center;color:rgb(34, 34, 34);margin:24px 0px;margin-bottom:24px;margin-top:24px;margin-left:0px;margin-right:0px\" align=\"center\">Ne restez pas coinc\u00e9, procurez-vous un treuil \u00e9lectrique VEVOR !<\/div>\n<div><img decoding=\"async\" style=\"width:100%\" width=\"100%\" src=\"https:\/\/d2qc09rl1gfuof.cloudfront.net\/product\/HCSJPHCSYCYCA93Y0\/electric-winch-a100-1.4.jpg\" slate-data-type=\"image\"\/><\/div>\n<div style=\"font-size:14px;text-align:center;color:rgb(34, 34, 34);margin:16px 0px 24px;margin-bottom:24px;margin-top:16px;margin-left:0px;margin-right:0px\" align=\"center\">Notre treuil \u00e9lectrique est \u00e9quip\u00e9 d&#039;un moteur en cuivre haute puissance pour une performance fiable. Gr\u00e2ce \u00e0 sa t\u00e9l\u00e9commande sans fil, vous pouvez facilement le commander \u00e0 distance. Enti\u00e8rement \u00e9tanche, il est con\u00e7u pour une utilisation ext\u00e9rieure en toute s\u00e9r\u00e9nit\u00e9, et son c\u00e2ble de haute qualit\u00e9 lui assure une grande r\u00e9sistance.<\/div>\n<\/div>\n<div style=\"font-family:&quot;Open sans&quot;, Arial, Helvetica, sans-serif\">\n<div style=\"margin:8px 0px;margin-bottom:8px;margin-top:8px;margin-left:0px;margin-right:0px\"><img decoding=\"async\" style=\"width:100%\" width=\"100%\" src=\"https:\/\/d2qc09rl1gfuof.cloudfront.net\/product\/HCSJPHCSYCYCA93Y0\/electric-winch-a100-2.2.jpg\" slate-data-type=\"image\"\/><\/div>\n<div style=\"font-size:14px;text-align:center;color:rgb(34, 34, 34);margin:16px 0px 24px;margin-bottom:24px;margin-top:16px;margin-left:0px;margin-right:0px\" align=\"center\">Il est \u00e9quip\u00e9 d&#039;un moteur en cuivre pur haute performance de 12 V et d&#039;une puissance exceptionnelle, id\u00e9al pour les op\u00e9rations de sauvetage tout-terrain au quotidien. Son engrenage plan\u00e9taire pr\u00e9cis \u00e0 3 \u00e9tages assure un fonctionnement stable et durable, et il est \u00e9quip\u00e9 d&#039;un syst\u00e8me d&#039;embrayage \u00e0 enroulement libre.<\/div>\n<\/div>\n<div style=\"font-family:&quot;Open sans&quot;, Arial, Helvetica, sans-serif\">\n<div style=\"margin:8px 0px;margin-bottom:8px;margin-top:8px;margin-left:0px;margin-right:0px\"><img decoding=\"async\" style=\"width:100%\" width=\"100%\" src=\"https:\/\/d2qc09rl1gfuof.cloudfront.net\/product\/HCSJPHCSYCYCA93Y0\/electric-winch-a100-2.3.jpg\" slate-data-type=\"image\"\/><\/div>\n<div style=\"font-size:14px;text-align:center;color:rgb(34, 34, 34);margin:16px 0px 24px;margin-bottom:24px;margin-top:16px;margin-left:0px;margin-right:0px\" align=\"center\">Ce treuil \u00e9lectrique est \u00e9tanche et r\u00e9siste facilement aux conditions ext\u00e9rieures difficiles. Il r\u00e9siste \u00e0 la boue, \u00e0 la pluie et \u00e0 la neige.<\/div>\n<\/div>\n<div style=\"font-family:&quot;Open sans&quot;, Arial, Helvetica, sans-serif\">\n<div style=\"margin:8px 0px;margin-bottom:8px;margin-top:8px;margin-left:0px;margin-right:0px\"><img decoding=\"async\" style=\"width:100%\" width=\"100%\" src=\"https:\/\/d2qc09rl1gfuof.cloudfront.net\/product\/HCSJPHCSYCYCA93Y0\/electric-winch-a100-2.4.jpg\" slate-data-type=\"image\"\/><\/div>\n<div style=\"font-size:14px;text-align:center;color:rgb(34, 34, 34);margin:16px 0px 24px;margin-bottom:24px;margin-top:16px;margin-left:0px;margin-right:0px\" align=\"center\">Corde en nylon\u00a0: fabriqu\u00e9e en UHMWPE, 12\u00a0torons, l\u00e9g\u00e8re, ne coule pas dans l&#039;eau et ne blesse pas les mains. Des marquages rouges sur les 5\u00a0derniers tours sont facilement identifiables de loin.<\/div>\n<\/div>\n<div style=\"font-family:&quot;Open sans&quot;, Arial, Helvetica, sans-serif\">\n<div style=\"margin:8px 0px;margin-bottom:8px;margin-top:8px;margin-left:0px;margin-right:0px\"><img decoding=\"async\" style=\"width:100%\" width=\"100%\" src=\"https:\/\/d2qc09rl1gfuof.cloudfront.net\/product\/HCSJPHCSYCYCA93Y0\/electric-winch-a100-2.5.jpg\" slate-data-type=\"image\"\/><\/div>\n<div style=\"font-size:14px;text-align:center;color:rgb(34, 34, 34);margin:16px 0px 24px;margin-bottom:24px;margin-top:16px;margin-left:0px;margin-right:0px\" align=\"center\">Il convient aux VTT. Sa puissante force de traction assure la s\u00e9curit\u00e9 de tous vos d\u00e9placements.<\/div>\n<\/div>\n<div style=\"margin:16px 0px 24px;margin-bottom:24px;margin-top:16px;margin-left:0px;margin-right:0px\"><\/div>\n<div style=\"margin:24px 0px;margin-bottom:24px;margin-top:24px;margin-left:0px;margin-right:0px\">\n<div style=\"font-size:16px;font-weight:bold;color:rgb(34, 34, 34);margin:24px 0px 16px;margin-bottom:16px;margin-top:24px;margin-left:0px;margin-right:0px\">Caract\u00e9ristiques et d\u00e9tails<\/div>\n<ul style=\"margin:16px 0px 24px;margin-bottom:24px;margin-top:16px;margin-left:0px;margin-right:0px\">\n<li style=\"font-size:14px;color:rgb(34, 34, 34)\">\n<p>Moteur en cuivre pur\u00a0: Notre treuil \u00e9lectrique est \u00e9quip\u00e9 d&#039;un moteur en cuivre pur haute performance de 12\u00a0V et d&#039;une puissance exceptionnelle, id\u00e9al pour les op\u00e9rations de sauvetage tout-terrain au quotidien. De plus, son engrenage plan\u00e9taire pr\u00e9cis \u00e0 3\u00a0\u00e9tages assure un fonctionnement stable et durable.<\/p>\n<\/li>\n<li style=\"font-size:14px;color:rgb(34, 34, 34)\">\n<p>\u00c9tanch\u00e9it\u00e9 IP55\u00a0: Ce treuil est \u00e9tanche (IP55), ce qui lui permet de r\u00e9sister aux conditions ext\u00e9rieures les plus difficiles. Gr\u00e2ce \u00e0 cette caract\u00e9ristique, il est insensible \u00e0 la boue, aux orages et \u00e0 la neige.<\/p>\n<\/li>\n<li style=\"font-size:14px;color:rgb(34, 34, 34)\">\n<p>Adapt\u00e9 \u00e0 diff\u00e9rents types de v\u00e9hicules\u00a0: convient aux quads. Sa puissante force de traction assure la s\u00e9curit\u00e9 de tous vos d\u00e9placements.<\/p>\n<\/li>\n<li style=\"font-size:14px;color:rgb(34, 34, 34)\">\n<p>C\u00e2ble de qualit\u00e9 sup\u00e9rieure\u00a0: gr\u00e2ce \u00e0 son diam\u00e8tre important, vous n\u2019aurez plus \u00e0 craindre la rupture de ce c\u00e2ble long. De plus, les cinq derni\u00e8res spires du c\u00e2ble comportent des marquages rouges servant d\u2019avertissement de s\u00e9curit\u00e9, facilement rep\u00e9rables m\u00eame de loin.<\/p>\n<\/li>\n<li style=\"font-size:14px;color:rgb(34, 34, 34)\">\n<p>Commande sans fil\u00a0: Gr\u00e2ce \u00e0 sa fonction sans fil, elle n\u2019est pas g\u00ean\u00e9e par les c\u00e2bles. De plus, une seule personne peut l\u2019utiliser pour se sortir d\u2019affaire, m\u00eame dans un v\u00e9hicule enlis\u00e9e.<\/p>\n<\/li>\n<\/ul>\n<\/div>\n<div>\n<div>\u00a0<\/div>\n<div>\n<div><strong>corde en nylon<\/strong><\/div>\n<div style=\"margin:16px 0px 24px;margin-bottom:24px;margin-top:16px;margin-left:0px;margin-right:0px\"><img decoding=\"async\" style=\"width:100%\" width=\"100%\" src=\"https:\/\/d2qc09rl1gfuof.cloudfront.net\/product\/HCSJPHCSYCYCA93Y0\/electric-winch-a100-1.11.jpg\" slate-data-type=\"image\"\/><\/div>\n<\/div>\n<\/div>\n<div style=\"font-family:&quot;Open sans&quot;, Arial, Helvetica, sans-serif\">\n<div><strong>C\u00e2ble en acier<\/strong><\/div>\n<div>\n<div style=\"margin:16px 0px 24px;margin-bottom:24px;margin-top:16px;margin-left:0px;margin-right:0px\"><img decoding=\"async\" style=\"width:100%\" width=\"100%\" src=\"https:\/\/d2qc09rl1gfuof.cloudfront.net\/product\/GSSJPGSSYCYCAZZ41\/electric-winch-a100-1.11.jpg\" slate-data-type=\"image\"\/><\/div>\n<\/div>\n<\/div>\n<\/div>\n<div><\/div>\n<\/div>\n<\/div>\n<p><\/p>","protected":false},"excerpt":{"rendered":"<p>Hign-concerned Chemical:&nbsp;None Origin:&nbsp;Mainland China Brand Name:&nbsp;VEVOR Type:&nbsp;Power Don&#x27;t get stuck, get a VEVOR electric winch! Our electric winch features a high-power copper motor for reliable performance. With the wireless remote<\/p>","protected":false},"featured_media":25367,"comment_status":"open","ping_status":"closed","template":"","meta":{"_acf_changed":false},"product_brand":[],"product_cat":[522],"product_tag":[],"class_list":{"0":"post-25366","1":"product","2":"type-product","3":"status-publish","4":"has-post-thumbnail","6":"product_cat-electric-winches","8":"first","9":"instock","10":"shipping-taxable","11":"purchasable","12":"product-type-variable"},"acf":[],"_links":{"self":[{"href":"https:\/\/www.electricstore.eu\/fr\/wp-json\/wp\/v2\/product\/25366","targetHints":{"allow":["GET"]}}],"collection":[{"href":"https:\/\/www.electricstore.eu\/fr\/wp-json\/wp\/v2\/product"}],"about":[{"href":"https:\/\/www.electricstore.eu\/fr\/wp-json\/wp\/v2\/types\/product"}],"replies":[{"embeddable":true,"href":"https:\/\/www.electricstore.eu\/fr\/wp-json\/wp\/v2\/comments?post=25366"}],"wp:featuredmedia":[{"embeddable":true,"href":"https:\/\/www.electricstore.eu\/fr\/wp-json\/wp\/v2\/media\/25367"}],"wp:attachment":[{"href":"https:\/\/www.electricstore.eu\/fr\/wp-json\/wp\/v2\/media?parent=25366"}],"wp:term":[{"taxonomy":"product_brand","embeddable":true,"href":"https:\/\/www.electricstore.eu\/fr\/wp-json\/wp\/v2\/product_brand?post=25366"},{"taxonomy":"product_cat","embeddable":true,"href":"https:\/\/www.electricstore.eu\/fr\/wp-json\/wp\/v2\/product_cat?post=25366"},{"taxonomy":"product_tag","embeddable":true,"href":"https:\/\/www.electricstore.eu\/fr\/wp-json\/wp\/v2\/product_tag?post=25366"}],"curies":[{"name":"wp","href":"https:\/\/api.w.org\/{rel}","templated":true}]}}