{"id":25347,"date":"2025-05-20T18:58:45","date_gmt":"2025-05-20T18:58:45","guid":{"rendered":"https:\/\/electricstore.eu\/p\/uncategorized\/vevor-18000lbs-electric-winch-car-truck-steel-cable-winch-with-85ft-wire-rope-wireless-remote-control-for-towing-off-road-suv\/"},"modified":"2025-05-20T19:00:25","modified_gmt":"2025-05-20T19:00:25","slug":"vevor-18000lbs-electric-winch-car-truck-steel-cable-winch-with-85ft-wire-rope-wireless-remote-control-for-towing-off-road-suv","status":"publish","type":"product","link":"https:\/\/www.electricstore.eu\/fr\/p\/o\/electric-winches\/vevor-18000lbs-electric-winch-car-truck-steel-cable-winch-with-85ft-wire-rope-wireless-remote-control-for-towing-off-road-suv\/","title":{"rendered":"Treuil \u00e9lectrique VEVOR 18\u00a0000\u00a0lbs pour voiture, camion, c\u00e2ble en acier, avec c\u00e2ble m\u00e9tallique de 85\u00a0pieds, t\u00e9l\u00e9commande sans fil pour remorquage de SUV tout-terrain"},"content":{"rendered":"<div class=\"product-specs-list-container\">\n<ul class=\"product-specs-list util-clearfix\">\n<li class=\"product-prop line-limit-length\"><span\n                                        class=\"property-title\">Produits chimiques hautement pr\u00e9occupants :&nbsp;<\/span><span\n                                        class=\"property-desc line-limit-length\">Aucun<\/span>\n                            <\/li>\n<li class=\"product-prop line-limit-length\"><span\n                                        class=\"property-title\">Num\u00e9ro de mod\u00e8le :&nbsp;<\/span><span\n                                        class=\"property-desc line-limit-length\">SEC16800T<\/span>\n                            <\/li>\n<li class=\"product-prop line-limit-length\"><span\n                                        class=\"property-title\">Origine:&nbsp;<\/span><span\n                                        class=\"property-desc line-limit-length\">Chine continentale<\/span>\n                            <\/li>\n<li class=\"product-prop line-limit-length\"><span\n                                        class=\"property-title\">Nom de marque :&nbsp;<\/span><span\n                                        class=\"property-desc line-limit-length\">VEVOR<\/span>\n                            <\/li>\n<li class=\"product-prop line-limit-length\"><span\n                                        class=\"property-title\">Taper:&nbsp;<\/span><span\n                                        class=\"property-desc line-limit-length\">Pouvoir<\/span>\n                            <\/li>\n<li class=\"product-prop line-limit-length\"><span\n                                        class=\"property-title\">Marque:&nbsp;<\/span><span\n                                        class=\"property-desc line-limit-length\">VEVOR<\/span>\n                            <\/li>\n<li class=\"product-prop line-limit-length\"><span\n                                        class=\"property-title\">Mat\u00e9riel:&nbsp;<\/span><span\n                                        class=\"property-desc line-limit-length\">Alliage d&#039;aluminium, acier, cuivre, plastique (PPS et PA, etc.)<\/span>\n                            <\/li>\n<li class=\"product-prop line-limit-length\"><span\n                                        class=\"property-title\">Capacit\u00e9 nominale de traction de ligne :&nbsp;<\/span><span\n                                        class=\"property-desc line-limit-length\">18\u00a0000 livres<\/span>\n                            <\/li>\n<li class=\"product-prop line-limit-length\"><span\n                                        class=\"property-title\">Mat\u00e9riau du c\u00e2ble :&nbsp;<\/span><span\n                                        class=\"property-desc line-limit-length\">Acier, 19 torons<\/span>\n                            <\/li>\n<li class=\"product-prop line-limit-length\"><span\n                                        class=\"property-title\">Tension\/puissance :&nbsp;<\/span><span\n                                        class=\"property-desc line-limit-length\">12 V CC \/ 5,7 CV<\/span>\n                            <\/li>\n<li class=\"product-prop line-limit-length\"><span\n                                        class=\"property-title\">Poids net:&nbsp;<\/span><span\n                                        class=\"property-desc line-limit-length\">96,8 lbs\/43,9 kg<\/span>\n                            <\/li>\n<li class=\"product-prop line-limit-length\"><span\n                                        class=\"property-title\">Taper:&nbsp;<\/span><span\n                                        class=\"property-desc line-limit-length\">Treuil \u00e9lectrique<\/span>\n                            <\/li>\n<li class=\"product-prop line-limit-length\"><span\n                                        class=\"property-title\">T\u00e9l\u00e9commande:&nbsp;<\/span><span\n                                        class=\"property-desc line-limit-length\">T\u00e9l\u00e9commande sans fil et filaire<\/span>\n                            <\/li>\n<li class=\"product-prop line-limit-length\"><span\n                                        class=\"property-title\">Port\u00e9e de la t\u00e9l\u00e9commande sans fil\u00a0:&nbsp;<\/span><span\n                                        class=\"property-desc line-limit-length\">65,61 pieds\/20 m<\/span>\n                            <\/li>\n<li class=\"product-prop line-limit-length\"><span\n                                        class=\"property-title\">Sp\u00e9cifications du c\u00e2ble\u00a0:&nbsp;<\/span><span\n                                        class=\"property-desc line-limit-length\">7\/16 po x 85 pi \/ 1,1 x 2590,8 cm<\/span>\n                            <\/li>\n<\/ul><\/div>\n<div class=\"detailmodule_html\">\n<div class=\"detail-desc-decorate-richtext\">\n<div style=\"font-family:&quot;Open sans&quot;, Arial, Helvetica, sans-serif\">\n<div><img decoding=\"async\" style=\"width:100%\" width=\"100%\" src=\"https:\/\/d2qc09rl1gfuof.cloudfront.net\/vevor\/boutique-banner\/pc\/banner-en.jpg\" slate-data-type=\"image\"\/><\/div>\n<div>\n<div style=\"font-size:16px;font-weight:bold;text-align:center;color:rgb(34, 34, 34);margin:24px 0px;margin-bottom:24px;margin-top:24px;margin-left:0px;margin-right:0px\" align=\"center\">Treuil \u00e9lectrique de 8 165 kg (18 000 lb), partez \u00e0 l&#039;aventure hors route en toute confiance<\/div>\n<div><img decoding=\"async\" style=\"width:100%\" width=\"100%\" src=\"https:\/\/d2qc09rl1gfuof.cloudfront.net\/product\/DDGSSJPYXWXYMXBC5\/electric-winch-a100-1.4-pt.jpg\" slate-data-type=\"image\"\/><\/div>\n<div style=\"font-size:14px;text-align:center;color:rgb(34, 34, 34);margin:16px 0px 24px;margin-bottom:24px;margin-top:16px;margin-left:0px;margin-right:0px\" align=\"center\">Notre treuil pour camions poids lourds offre une capacit\u00e9 de traction de 8\u00a0165 kg et une \u00e9tanch\u00e9it\u00e9 IP55, id\u00e9al pour sortir votre 4x4 ou SUV des bourbiers ou des fortes pluies. Gr\u00e2ce \u00e0 son moteur en cuivre 12 V CC\/5,7 CV, son rapport de r\u00e9duction de 312,4:1 et son c\u00e2ble en acier, vous \u00eates toujours pr\u00eat \u00e0 affronter les situations les plus difficiles.<\/div>\n<\/div>\n<div>\n<div style=\"margin:8px 0px;margin-bottom:8px;margin-top:8px;margin-left:0px;margin-right:0px\"><img decoding=\"async\" style=\"width:100%\" width=\"100%\" src=\"https:\/\/d2qc09rl1gfuof.cloudfront.net\/product\/DDGSSJPYXWXYMXBC5\/electric-winch-a100-2.2-pt.jpg\" slate-data-type=\"image\"\/><\/div>\n<div style=\"font-size:14px;text-align:center;color:rgb(34, 34, 34);margin:16px 0px 24px;margin-bottom:24px;margin-top:16px;margin-left:0px;margin-right:0px\" align=\"center\">Notre treuil \u00e9lectrique est aliment\u00e9 par un moteur robuste en cuivre de 12 V CC\/5,7 CV, garantissant une puissance constante et efficace. Gr\u00e2ce \u00e0 son syst\u00e8me d&#039;engrenages plan\u00e9taires de pointe et \u00e0 son rapport de r\u00e9duction de 312,4:1, vous b\u00e9n\u00e9ficierez d&#039;une traction fluide et fiable, m\u00eame dans des conditions climatiques difficiles ou en pleine boue.<\/div>\n<\/div>\n<div>\n<div style=\"margin:8px 0px;margin-bottom:8px;margin-top:8px;margin-left:0px;margin-right:0px\"><img decoding=\"async\" style=\"width:100%\" width=\"100%\" src=\"https:\/\/d2qc09rl1gfuof.cloudfront.net\/product\/DDGSSJPYXWXYMXBC5\/electric-winch-a100-2.3-pt.jpg\" slate-data-type=\"image\"\/><\/div>\n<div style=\"font-size:14px;text-align:center;color:rgb(34, 34, 34);margin:16px 0px 24px;margin-bottom:24px;margin-top:16px;margin-left:0px;margin-right:0px\" align=\"center\">Notre treuil \u00e9lectrique pour camion est con\u00e7u avec un c\u00e2ble de haute qualit\u00e9 dot\u00e9 de marquages rouges sur les cinq derni\u00e8res spires pour une s\u00e9curit\u00e9 accrue. Gr\u00e2ce \u00e0 son indice d&#039;\u00e9tanch\u00e9it\u00e9 IP55 et \u00e0 sa robuste finition noire mate, il r\u00e9siste sans probl\u00e8me aux fortes pluies et aux conditions difficiles.<\/div>\n<\/div>\n<div>\n<div style=\"margin:8px 0px;margin-bottom:8px;margin-top:8px;margin-left:0px;margin-right:0px\"><img decoding=\"async\" style=\"width:100%\" width=\"100%\" src=\"https:\/\/d2qc09rl1gfuof.cloudfront.net\/product\/DDGSSJPYXWXYMXBC5\/electric-winch-a100-2.4-pt.jpg\" slate-data-type=\"image\"\/><\/div>\n<div style=\"font-size:14px;text-align:center;color:rgb(34, 34, 34);margin:16px 0px 24px;margin-bottom:24px;margin-top:16px;margin-left:0px;margin-right:0px\" align=\"center\">Con\u00e7u pour r\u00e9sister aux conditions les plus extr\u00eames, notre c\u00e2ble de treuil pour camion supporte les intemp\u00e9ries et les temp\u00e9ratures extr\u00eames, facilitant ainsi diverses op\u00e9rations de traction \u00e0 sa capacit\u00e9 nominale sans risque de rupture. De plus, gr\u00e2ce au marquage clair de la charge sur chaque couche, vous b\u00e9n\u00e9ficiez d&#039;une int\u00e9grit\u00e9 du mat\u00e9riau sup\u00e9rieure et d&#039;une s\u00e9curit\u00e9 de traction optimale.<\/div>\n<\/div>\n<div>\n<div style=\"margin:8px 0px;margin-bottom:8px;margin-top:8px;margin-left:0px;margin-right:0px\"><img decoding=\"async\" style=\"width:100%\" width=\"100%\" src=\"https:\/\/d2qc09rl1gfuof.cloudfront.net\/product\/DDGSSJPYXWXYMXBC5\/electric-winch-a100-2.5-pt.jpg\" slate-data-type=\"image\"\/><\/div>\n<div style=\"font-size:14px;text-align:center;color:rgb(34, 34, 34);margin:16px 0px 24px;margin-bottom:24px;margin-top:16px;margin-left:0px;margin-right:0px\" align=\"center\">Notre treuil 12 volts est \u00e9quip\u00e9 de c\u00e2bles d&#039;alimentation \u00e0 code couleur pour une installation rapide et sans erreur. Les t\u00e9l\u00e9commandes sans fil permettent de commander le syst\u00e8me d&#039;autod\u00e9sincarc\u00e9ration du v\u00e9hicule sans obstacle dans un rayon de 20 m. Une t\u00e9l\u00e9commande filaire est \u00e9galement disponible pour vous offrir un contr\u00f4le total.<\/div>\n<\/div>\n<div style=\"margin:16px 0px 24px;margin-bottom:24px;margin-top:16px;margin-left:0px;margin-right:0px\"><\/div>\n<div style=\"margin:24px 0px;margin-bottom:24px;margin-top:24px;margin-left:0px;margin-right:0px\">\n<div style=\"font-size:16px;font-weight:bold;color:rgb(34, 34, 34);margin:24px 0px 16px;margin-bottom:16px;margin-top:24px;margin-left:0px;margin-right:0px\">Caract\u00e9ristiques et d\u00e9tails<\/div>\n<ul style=\"margin:16px 0px 24px;margin-bottom:24px;margin-top:16px;margin-left:0px;margin-right:0px\">\n<li style=\"font-size:14px;color:rgb(34, 34, 34)\">\n<p>Puissance de secours pour votre v\u00e9hicule\u00a0: Con\u00e7u sp\u00e9cifiquement pour le d\u00e9pannage hors route, notre treuil \u00e9lectrique haute performance augmente la capacit\u00e9 de traction jusqu&#039;\u00e0 8\u00a0165\u00a0kg (18\u00a0000\u00a0lb). Si votre v\u00e9hicule est embourb\u00e9 ou pris sous une forte pluie, ce treuil vous fournit la puissance suppl\u00e9mentaire n\u00e9cessaire pour reprendre rapidement la route. Il convient non seulement aux v\u00e9hicules tout-terrain et aux VUS, mais aussi parfaitement au transport de charges lourdes comme le bois. Surmontez tous les obstacles avec confiance et puissance\u00a0!<\/p>\n<\/li>\n<li style=\"font-size:14px;color:rgb(34, 34, 34)\">\n<p>Une puissance \u00e0 toute \u00e9preuve\u00a0: notre treuil pour camion est \u00e9quip\u00e9 d&#039;un moteur en cuivre 12\u00a0V CC\/5,7\u00a0CV, fournissant une puissance constante au moment o\u00f9 vous en avez le plus besoin. Gr\u00e2ce \u00e0 son syst\u00e8me d&#039;engrenages plan\u00e9taires \u00e0 3\u00a0\u00e9tages et son rapport de r\u00e9duction de 312,4:1, ce treuil garantit une force de traction exceptionnelle, m\u00eame par mauvais temps et dans la boue profonde. Relevez tous les d\u00e9fis en toute confiance\u00a0!<\/p>\n<\/li>\n<li style=\"font-size:14px;color:rgb(34, 34, 34)\">\n<p>C\u00e2ble en acier haute r\u00e9sistance\u00a0: B\u00e9n\u00e9ficiez de performances \u00e0 toute \u00e9preuve gr\u00e2ce \u00e0 notre c\u00e2ble en acier haute r\u00e9sistance \u00e0 19 brins. Con\u00e7u pour r\u00e9sister aux intemp\u00e9ries et aux temp\u00e9ratures extr\u00eames, ce c\u00e2ble est suffisamment robuste pour relever tous les d\u00e9fis. De plus, les marquages rouges vifs sur les 5 derniers brins assurent une visibilit\u00e9 optimale, garantissant s\u00e9curit\u00e9 et durabilit\u00e9 m\u00eame dans les conditions les plus difficiles.<\/p>\n<\/li>\n<li style=\"font-size:14px;color:rgb(34, 34, 34)\">\n<p>Simplicit\u00e9 d&#039;utilisation et fonctionnement sans tracas\u00a0: notre treuil 12\u00a0volts offre des options de t\u00e9l\u00e9commande sans fil et filaire pour r\u00e9pondre \u00e0 vos besoins. La t\u00e9l\u00e9commande sans fil, facile \u00e0 utiliser, vous permet de r\u00e9cup\u00e9rer votre v\u00e9hicule sans effort dans un rayon de 20\u00a0m\u00e8tres, tandis que la t\u00e9l\u00e9commande filaire offre une alternative fiable pour un contr\u00f4le pr\u00e9cis et manuel. Profitez de la flexibilit\u00e9 et du confort des deux modes de commande pour une r\u00e9cup\u00e9ration de v\u00e9hicule aussi simple que possible.<\/p>\n<\/li>\n<li style=\"font-size:14px;color:rgb(34, 34, 34)\">\n<p>Remorquage en toute tranquillit\u00e9\u00a0: M\u00e9t\u00e9o capricieuse\u00a0? Aucun probl\u00e8me\u00a0! Notre treuil \u00e9lectrique est dot\u00e9 d&#039;un indice d&#039;\u00e9tanch\u00e9it\u00e9 IP55 et d&#039;une \u00e9l\u00e9gante finition noire mate qui renforce sa r\u00e9sistance \u00e0 la rouille et son isolation. Il est pr\u00eat \u00e0 affronter les fortes pluies, la boue et autres environnements difficiles. Gr\u00e2ce \u00e0 ses c\u00e2bles d&#039;alimentation \u00e0 code couleur et \u00e0 ses instructions faciles \u00e0 suivre, l&#039;installation se fait sans accroc et vous pouvez enfin profiter pleinement de votre voyage.<\/p>\n<\/li>\n<\/ul>\n<\/div>\n<div>\n<div>\n<div style=\"margin:16px 0px 24px;margin-bottom:24px;margin-top:16px;margin-left:0px;margin-right:0px\"><img decoding=\"async\" style=\"width:100%\" width=\"100%\" src=\"https:\/\/d2qc09rl1gfuof.cloudfront.net\/product\/DDGSSJPYXWXYMXBC5\/electric-winch-a100-1.11-pt.jpg\" slate-data-type=\"image\"\/><\/div>\n<\/div>\n<\/div>\n<\/div>\n<\/div>\n<\/div>\n<p><\/p>","protected":false},"excerpt":{"rendered":"<p>Hign-concerned Chemical:&nbsp;None Model Number:&nbsp;SEC16800T Origin:&nbsp;Mainland China Brand Name:&nbsp;VEVOR Type:&nbsp;Power Brand:&nbsp;VEVOR Material:&nbsp;Alloy Aluminum, Steel, Copper, Plastic (PPS and PA, etc.) Rated Line Pull Capacity:&nbsp;18000 lbs Cable Material:&nbsp;Steel, 19 Strands Voltage\/Horsepower:&nbsp;12V DC\/5.7<\/p>","protected":false},"featured_media":25348,"comment_status":"open","ping_status":"closed","template":"","meta":{"_acf_changed":false},"product_brand":[],"product_cat":[522],"product_tag":[],"class_list":{"0":"post-25347","1":"product","2":"type-product","3":"status-publish","4":"has-post-thumbnail","6":"product_cat-electric-winches","8":"first","9":"instock","10":"shipping-taxable","11":"purchasable","12":"product-type-variable"},"acf":[],"_links":{"self":[{"href":"https:\/\/www.electricstore.eu\/fr\/wp-json\/wp\/v2\/product\/25347","targetHints":{"allow":["GET"]}}],"collection":[{"href":"https:\/\/www.electricstore.eu\/fr\/wp-json\/wp\/v2\/product"}],"about":[{"href":"https:\/\/www.electricstore.eu\/fr\/wp-json\/wp\/v2\/types\/product"}],"replies":[{"embeddable":true,"href":"https:\/\/www.electricstore.eu\/fr\/wp-json\/wp\/v2\/comments?post=25347"}],"wp:featuredmedia":[{"embeddable":true,"href":"https:\/\/www.electricstore.eu\/fr\/wp-json\/wp\/v2\/media\/25348"}],"wp:attachment":[{"href":"https:\/\/www.electricstore.eu\/fr\/wp-json\/wp\/v2\/media?parent=25347"}],"wp:term":[{"taxonomy":"product_brand","embeddable":true,"href":"https:\/\/www.electricstore.eu\/fr\/wp-json\/wp\/v2\/product_brand?post=25347"},{"taxonomy":"product_cat","embeddable":true,"href":"https:\/\/www.electricstore.eu\/fr\/wp-json\/wp\/v2\/product_cat?post=25347"},{"taxonomy":"product_tag","embeddable":true,"href":"https:\/\/www.electricstore.eu\/fr\/wp-json\/wp\/v2\/product_tag?post=25347"}],"curies":[{"name":"wp","href":"https:\/\/api.w.org\/{rel}","templated":true}]}}