{"id":25319,"date":"2025-05-20T18:58:37","date_gmt":"2025-05-20T18:58:37","guid":{"rendered":"https:\/\/electricstore.eu\/p\/uncategorized\/vevor-1700lbs-2200lbs-wired-electric-hoist-crane-with-trolley-portable-lifter-overhead-winch-effort-elevator-for-garage-lifting\/"},"modified":"2025-05-20T18:59:43","modified_gmt":"2025-05-20T18:59:43","slug":"vevor-1700lbs-2200lbs-wired-electric-hoist-crane-with-trolley-portable-lifter-overhead-winch-effort-elevator-for-garage-lifting","status":"publish","type":"product","link":"https:\/\/electricstore.eu\/fr\/p\/o\/electric-lifting-hoists\/vevor-1700lbs-2200lbs-wired-electric-hoist-crane-with-trolley-portable-lifter-overhead-winch-effort-elevator-for-garage-lifting\/","title":{"rendered":"Grue de levage \u00e9lectrique filaire VEVOR 1700LBS\/2200LBS avec chariot, treuil de levage portable, ascenseur \u00e0 effort de levage pour garage"},"content":{"rendered":"<div class=\"product-specs-list-container\">\n<ul class=\"product-specs-list util-clearfix\">\n<li class=\"product-prop line-limit-length\"><span\n                                        class=\"property-title\">Produits chimiques hautement pr\u00e9occupants :&nbsp;<\/span><span\n                                        class=\"property-desc line-limit-length\">Aucun<\/span>\n                            <\/li>\n<li class=\"product-prop line-limit-length\"><span\n                                        class=\"property-title\">Origine:&nbsp;<\/span><span\n                                        class=\"property-desc line-limit-length\">Chine continentale<\/span>\n                            <\/li>\n<li class=\"product-prop line-limit-length\"><span\n                                        class=\"property-title\">Nom de marque :&nbsp;<\/span><span\n                                        class=\"property-desc line-limit-length\">VEVOR<\/span>\n                            <\/li>\n<li class=\"product-prop line-limit-length\"><span\n                                        class=\"property-title\">Capacit\u00e9 du c\u00e2ble simple\/double\u00a0:&nbsp;<\/span><span\n                                        class=\"property-desc line-limit-length\">1700 lb\/220 lb<\/span>\n                            <\/li>\n<li class=\"product-prop line-limit-length\"><span\n                                        class=\"property-title\">Puissance de 1700 livres :&nbsp;<\/span><span\n                                        class=\"property-desc line-limit-length\">1300W<\/span>\n                            <\/li>\n<li class=\"product-prop line-limit-length\"><span\n                                        class=\"property-title\">Puissance de 2200 livres :&nbsp;<\/span><span\n                                        class=\"property-desc line-limit-length\">1800W<\/span>\n                            <\/li>\n<li class=\"product-prop line-limit-length\"><span\n                                        class=\"property-title\">Mat\u00e9riel:&nbsp;<\/span><span\n                                        class=\"property-desc line-limit-length\">Acier, fonte et aluminium<\/span>\n                            <\/li>\n<\/ul><\/div>\n<div class=\"detailmodule_html\">\n<div class=\"detail-desc-decorate-richtext\"><\/p>\n<div class=\"detailmodule_html\">\n<div class=\"detail-desc-decorate-richtext\">\n<div style=\"padding:20px;padding-bottom:20px;padding-top:20px;padding-left:20px;padding-right:20px\">\n<div style=\"text-align:center;width:100%\" align=\"center\"><img decoding=\"async\" src=\"https:\/\/vevor-bmp-prm.s3.ap-east-1.amazonaws.com\/default\/vevor-1.png\" slate-data-type=\"image\"\/><\/div>\n<div style=\"font-size:16px;font-weight:bold;line-height:36px\">Description du produit<\/div>\n<div style=\"width:100%\"><img decoding=\"async\" src=\"https:\/\/d2qc09rl1gfuof.cloudfront.net\/product\/DDHL800KGXCZH0001\/lift-electric-hoist-a100-1.4.jpg\" slate-data-type=\"image\"\/><\/div>\n<div style=\"margin-top:15px;display:flex\">\n<div style=\"width:33%\"><img decoding=\"async\" style=\"width:100%\" width=\"100%\" src=\"https:\/\/d2qc09rl1gfuof.cloudfront.net\/product\/DDHL800KGXCZH0001\/lift-electric-hoist-x1.jpg\" slate-data-type=\"image\"\/><\/div>\n<div style=\"padding:0px 15px;padding-bottom:0px;padding-top:0px;padding-left:15px;padding-right:15px;width:33%\">\n<div style=\"font-size:16px;font-weight:bold;line-height:36px\">Palan \u00e9lectrique de 770 kg avec chariot<\/div>\n<div style=\"font-size:14px\"><\/div>\n<div style=\"font-size:14px\">Moteur en cuivre de 1300 W, c\u00e2ble en acier anti-rotation et haute s\u00e9curit\u00e9<\/div>\n<p>Ce palan \u00e9lectrique tout-en-un est con\u00e7u pour le levage et le d\u00e9placement de charges lourdes. Sa construction en acier et son moteur en cuivre pur lui conf\u00e8rent robustesse et haute efficacit\u00e9. La largeur du rail est r\u00e9glable gr\u00e2ce \u00e0 des rondelles et des \u00e9crous de haute qualit\u00e9. C&#039;est l&#039;outil de manutention id\u00e9al pour les usines, les mines, les quais, les entrep\u00f4ts, le levage de marchandises, les chantiers de construction et tous les lieux n\u00e9cessitant le levage et le d\u00e9placement de charges lourdes.<\/p>\n<ul style=\"font-size:14px;background-color:rgb(243, 243, 243);border:1px solid rgb(204, 204, 204);margin-top:8px;padding:10px 40px;padding-bottom:10px;padding-top:10px;padding-left:40px;padding-right:40px\">\n<li>\n<p>Note amicale<\/p>\n<\/li>\n<li>\n<p>Le palan \u00e9lectrique et le chariot peuvent \u00eatre emball\u00e9s s\u00e9par\u00e9ment et livr\u00e9s s\u00e9par\u00e9ment.<\/p>\n<\/li>\n<li>\n<p>N&#039;ayez crainte, vous recevrez tous vos colis dans les prochains jours suivant votre commande.<\/p>\n<\/li>\n<li>\n<p>Chariot de luxe<\/p>\n<\/li>\n<li>\n<p>Capacit\u00e9 de charge de 1700 lb<\/p>\n<\/li>\n<li>\n<p>Moteur puissant de 1300 W<\/p>\n<\/li>\n<li>\n<p>Cordon de commande de 1,4 m<\/p>\n<\/li>\n<li>\n<p>Structure s\u00e9curis\u00e9e<\/p>\n<\/li>\n<\/ul>\n<\/div>\n<div style=\"border-left:1px solid rgb(204, 204, 204);padding:0px 15px;padding-bottom:0px;padding-top:0px;padding-left:15px;padding-right:15px;width:33%\">\n<div> <\/div>\n<div style=\"padding:0px 15px;padding-bottom:0px;padding-top:0px;padding-left:15px;padding-right:15px\">\n<div><img decoding=\"async\" style=\"width:100%\" width=\"100%\" src=\"https:\/\/www.jinlantrade.com\/ebay\/VEVOR\/vevor-2.png\" slate-data-type=\"image\"\/><\/div>\n<div style=\"font-size:14px;font-weight:bold;line-height:24px\">\u00c9quipement et outils robustes, \u00e0 prix r\u00e9duit<\/div>\n<div style=\"font-size:12px;margin:8px 0px;margin-bottom:8px;margin-top:8px;margin-left:0px;margin-right:0px\">VEVOR est une marque leader sp\u00e9cialis\u00e9e dans les \u00e9quipements et l&#039;outillage. Forte de milliers d&#039;employ\u00e9s motiv\u00e9s, VEVOR s&#039;engage \u00e0 fournir \u00e0 ses clients des \u00e9quipements et des outils robustes \u00e0 des prix incroyablement bas. Aujourd&#039;hui, les produits VEVOR sont vendus dans plus de 200 pays et r\u00e9gions et comptent plus de 10 millions de membres \u00e0 travers le monde.<\/div>\n<div style=\"font-size:14px;font-weight:bold;line-height:24px\">Pourquoi choisir VEVOR ?<\/div>\n<ul style=\"font-size:14px;background-color:rgb(243, 243, 243);border:1px solid rgb(204, 204, 204);margin-top:8px;padding:10px 40px;padding-bottom:10px;padding-top:10px;padding-left:40px;padding-right:40px\">\n<li>\n<p>Qualit\u00e9 sup\u00e9rieure et robuste<\/p>\n<\/li>\n<li>\n<p>Prix incroyablement bas<\/p>\n<\/li>\n<li>\n<p>Livraison rapide et s\u00e9curis\u00e9e<\/p>\n<\/li>\n<li>\n<p>Retours gratuits sous 30 jours<\/p>\n<\/li>\n<li>\n<p>Service attentif 24h\/24 et 7j\/7<\/p>\n<\/li>\n<\/ul>\n<\/div>\n<\/div>\n<\/div>\n<div style=\"margin-top:30px\">\n<div style=\"font-size:16px;font-weight:bold;line-height:36px\">Caract\u00e9ristiques principales<\/div>\n<div style=\"padding:30px;padding-bottom:30px;padding-top:30px;padding-left:30px;padding-right:30px\">\n<div>\n<div style=\"margin-top:15px;padding:0px 15px;padding-bottom:0px;padding-top:0px;padding-left:15px;padding-right:15px;display:inline-block;width:33%;box-sizing:border-box\">\n<div><img decoding=\"async\" style=\"width:100%\" width=\"100%\" src=\"https:\/\/d2qc09rl1gfuof.cloudfront.net\/product\/DDHL800KGXCZH0001\/lift-electric-hoist-m100-2.jpg\" slate-data-type=\"image\"\/> <\/div>\n<div style=\"font-size:16px;font-weight:bold;line-height:36px\">Chariot \u00e0 haute efficacit\u00e9<\/div>\n<div style=\"font-size:14px\">Le chariot \u00e9lectrique est fourni avec plusieurs rondelles permettant d&#039;ajuster la largeur de la voie. Ses quatre roues renforc\u00e9es sont robustes et durables, et ses roulements \u00e9tanches garantissent une longue dur\u00e9e de vie et un entretien r\u00e9duit. La largeur de voie adapt\u00e9e est de 80 \u00e0 110 mm (3 \u00e0 4,3 pouces) et la vitesse de travail est de 13 m\/min (42,7 pi\/min).<\/div>\n<\/div>\n<div style=\"margin-top:15px;padding:0px 15px;padding-bottom:0px;padding-top:0px;padding-left:15px;padding-right:15px;display:inline-block;width:33%;box-sizing:border-box\">\n<div><img decoding=\"async\" style=\"width:100%\" width=\"100%\" src=\"https:\/\/d2qc09rl1gfuof.cloudfront.net\/product\/DDHL800KGXCZH0001\/lift-electric-hoist-m100-3.jpg\" slate-data-type=\"image\"\/> <\/div>\n<div style=\"font-size:16px;font-weight:bold;line-height:36px\">Moteur en cuivre pur<\/div>\n<div style=\"font-size:14px\">Dot\u00e9 de moteurs en cuivre de 1300 W, prot\u00e9g\u00e9s par un bo\u00eetier en alliage d&#039;aluminium robuste et anticorrosion, ce treuil offre un rendement \u00e9lev\u00e9 et un fonctionnement silencieux. De plus, sa dissipation rapide lui permet de fonctionner en continu pendant une longue p\u00e9riode.<\/div>\n<\/div>\n<div style=\"margin-top:15px;padding:0px 15px;padding-bottom:0px;padding-top:0px;padding-left:15px;padding-right:15px;display:inline-block;width:33%;box-sizing:border-box\">\n<div><img decoding=\"async\" style=\"width:100%\" width=\"100%\" src=\"https:\/\/d2qc09rl1gfuof.cloudfront.net\/product\/DDHL800KGXCZH0001\/lift-electric-hoist-m100-4.jpg\" slate-data-type=\"image\"\/> <\/div>\n<div style=\"font-size:16px;font-weight:bold;line-height:36px\">Grande capacit\u00e9 de charge<\/div>\n<div style=\"font-size:14px\">Notre palan \u00e9lectrique r\u00e9pond \u00e0 vos exigences les plus strictes en mati\u00e8re de robustesse et de fiabilit\u00e9. Sa capacit\u00e9 de charge est de 800 kg (1700 lb) et sa vitesse de levage de 400 kg (880 lb). Sa haute qualit\u00e9 vous garantit une solution adapt\u00e9e \u00e0 vos besoins.<\/div>\n<\/div>\n<div style=\"margin-top:15px;padding:0px 15px;padding-bottom:0px;padding-top:0px;padding-left:15px;padding-right:15px;display:inline-block;width:33%;box-sizing:border-box\">\n<div><img decoding=\"async\" style=\"width:100%\" width=\"100%\" src=\"https:\/\/d2qc09rl1gfuof.cloudfront.net\/product\/DDHL800KGXCZH0001\/lift-electric-hoist-m100-5.jpg\" slate-data-type=\"image\"\/> <\/div>\n<div style=\"font-size:16px;font-weight:bold;line-height:36px\">T\u00e9l\u00e9commande<\/div>\n<div style=\"font-size:14px\">La t\u00e9l\u00e9commande filaire est \u00e9quip\u00e9e de boutons de mont\u00e9e\/descente et de gauche\/droite permettant de commander le palan \u00e0 distance. De plus, un bouton d&#039;arr\u00eat d&#039;urgence a \u00e9t\u00e9 ajout\u00e9 pour une s\u00e9curit\u00e9 accrue pendant son utilisation.<\/div>\n<\/div>\n<div style=\"margin-top:15px;padding:0px 15px;padding-bottom:0px;padding-top:0px;padding-left:15px;padding-right:15px;display:inline-block;width:33%;box-sizing:border-box\">\n<div><img decoding=\"async\" style=\"width:100%\" width=\"100%\" src=\"https:\/\/d2qc09rl1gfuof.cloudfront.net\/product\/DDHL800KGXCZH0001\/lift-electric-hoist-m100-6.jpg\" slate-data-type=\"image\"\/> <\/div>\n<div style=\"font-size:16px;font-weight:bold;line-height:36px\">Conception de s\u00e9curit\u00e9<\/div>\n<div style=\"font-size:14px\">Un interrupteur de fin de course est install\u00e9 pour arr\u00eater automatiquement le moteur et emp\u00eacher le d\u00e9passement des cha\u00eenes, par mesure de s\u00e9curit\u00e9. Un crochet en acier au mangan\u00e8se avec loquet et un fil d&#039;acier galvanis\u00e9 assurent une double protection.<\/div>\n<\/div>\n<div style=\"margin-top:15px;padding:0px 15px;padding-bottom:0px;padding-top:0px;padding-left:15px;padding-right:15px;display:inline-block;width:33%;box-sizing:border-box\">\n<div><img decoding=\"async\" style=\"width:100%\" width=\"100%\" src=\"https:\/\/d2qc09rl1gfuof.cloudfront.net\/product\/DDHL800KGXCZH0001\/lift-electric-hoist-m100-7.jpg\" slate-data-type=\"image\"\/> <\/div>\n<div style=\"font-size:16px;font-weight:bold;line-height:36px\">Utilisations \u00e9tendues<\/div>\n<div style=\"font-size:14px\">Ce palan \u00e9lectrique est id\u00e9al pour soulever des objets de formes r\u00e9guli\u00e8res ou irr\u00e9guli\u00e8res tels que des pierres, des arbres, des tondeuses, des moteurs, etc. De ce fait, il est largement utilis\u00e9 dans l&#039;industrie automobile, sur les chantiers de construction, dans la logistique, les entrep\u00f4ts, etc.<\/div>\n<\/div>\n<\/div>\n<\/div>\n<\/div>\n<div style=\"margin-top:15px;display:flex\">\n<div style=\"width:33%\"><img decoding=\"async\" style=\"width:100%\" width=\"100%\" src=\"https:\/\/d2qc09rl1gfuof.cloudfront.net\/product\/DDHL800KGXCZH0001\/lift-electric-hoist-a100-2.jpg\" slate-data-type=\"image\"\/><\/div>\n<div style=\"padding:0px 15px;padding-bottom:0px;padding-top:0px;padding-left:15px;padding-right:15px;width:33%\">\n<div style=\"font-size:16px;font-weight:bold;line-height:36px\">Caract\u00e9ristiques<\/div>\n<ul style=\"font-size:14px;border:1px solid rgb(204, 204, 204);margin-top:8px;padding:10px 40px;padding-bottom:10px;padding-top:10px;padding-left:40px;padding-right:40px\">\n<li>\n<p>palan \u00e9lectrique<\/p>\n<\/li>\n<li>\n<p>Mod\u00e8le : PA800<\/p>\n<\/li>\n<li>\n<p>Mat\u00e9riaux : Fonte et aluminium<\/p>\n<\/li>\n<li>\n<p>Tension : 220 V \/ 50 Hz<\/p>\n<\/li>\n<li>\n<p>Puissance : 1300 W<\/p>\n<\/li>\n<li>\n<p>C\u00e2ble de la t\u00e9l\u00e9commande\u00a0: 1,4\u00a0m<\/p>\n<\/li>\n<li>\n<p>Diam\u00e8tre du fil : 0,2 po \/ 5,1 mm<\/p>\n<\/li>\n<li>\n<p>Longueur du c\u00e2ble\u00a0: 12\u00a0m (40\u00a0pi) ou 6\u00a0m (20\u00a0pi)<\/p>\n<\/li>\n<li>\n<p>Vitesse du c\u00e2ble\u00a0: 40 pi\/min (12 m\/min), 20 pi\/min (6 m\/min)<\/p>\n<\/li>\n<li>\n<p>Capacit\u00e9 de levage nominale\u00a0: double ligne 1700\u00a0lb \/ 800\u00a0kg, ligne simple 880\u00a0lb \/ 400\u00a0kg<\/p>\n<\/li>\n<li>\n<p>Dimensions du produit\u00a0: 15,8 x 6 x 13,8 po \/ 40 x 15 x 35 cm<\/p>\n<\/li>\n<li>\n<p>Poids net : 75 lb \/ 34 kg<\/p>\n<\/li>\n<li>\n<p>Chariot<\/p>\n<\/li>\n<li>\n<p>Charge nominale : 2200 lb \/ 1 tonne<\/p>\n<\/li>\n<li>\n<p>Vitesse de travail : 42,7 pi\/min (13 m\/min)<\/p>\n<\/li>\n<li>\n<p>Hauteur de fonctionnement standard : 3 m \/ 10 pi<\/p>\n<\/li>\n<li>\n<p>Largeur appropri\u00e9e : 3 \u00e0 4,3 pouces (80 \u00e0 110 mm)<\/p>\n<\/li>\n<\/ul>\n<\/div>\n<div style=\"border-left:1px solid rgb(204, 204, 204);padding:0px 15px;padding-bottom:0px;padding-top:0px;padding-left:15px;padding-right:15px;width:33%\">\n<div style=\"width:100%\"><img decoding=\"async\" style=\"width:100%\" width=\"100%\" src=\"https:\/\/d2qc09rl1gfuof.cloudfront.net\/product\/DDHL800KGXCZH0001\/lift-electric-hoist-a100-3.jpg\" slate-data-type=\"image\"\/><\/div>\n<div style=\"font-size:14px;font-weight:bold;line-height:24px\">Contenu de l&#039;emballage<\/div>\n<ul style=\"font-size:14px;background-color:rgb(243, 243, 243);border:1px solid rgb(204, 204, 204);margin-top:8px;padding:10px 40px;padding-bottom:10px;padding-top:10px;padding-left:40px;padding-right:40px\">\n<li>\n<p>1 x palan \u00e9lectrique<\/p>\n<\/li>\n<li>\n<p>1 x Chariot<\/p>\n<\/li>\n<\/ul>\n<\/div>\n<\/div>\n<div> <\/div>\n<div>\n<div style=\"font-size:16px;font-weight:bold;line-height:36px\">Caract\u00e9ristiques et d\u00e9tails<\/div>\n<ul style=\"font-size:14px;padding-left:40px\">\n<li>\n<p>Chariot haut de gamme\u00a0: Comprend un palan \u00e9lectrique et un chariot. Ce produit tout-en-un est id\u00e9al pour soulever des petits moteurs, des transmissions, de l\u2019outillage d\u2019atelier ou des mat\u00e9riaux de construction. Le chariot \u00e0 quatre roues est fabriqu\u00e9 en acier Q235, un mat\u00e9riau anticorrosion et tr\u00e8s robuste. La largeur de voie r\u00e9glable s\u2019adapte \u00e0 vos diff\u00e9rents besoins sans effort. La largeur optimale est de 80 \u00e0 110\u00a0mm (3 \u00e0 4,3\u00a0pouces).<\/p>\n<\/li>\n<li>\n<p>Capacit\u00e9 de charge de 770 kg\u00a0: Le chariot de levage poss\u00e8de une capacit\u00e9 suffisante pour soulever divers objets. Capacit\u00e9 en mode simple\u00a0: 400 kg, vitesse de levage\u00a0: 12 m\/min. Capacit\u00e9 en mode double\u00a0: 800 kg, vitesse de levage\u00a0: 6 m\/min. Le fin de course et le crochet en acier au mangan\u00e8se sont con\u00e7us pour \u00e9viter toute chute brutale. Capacit\u00e9 en mode double\u00a0: 800 kg\u00a0; capacit\u00e9 en mode simple\u00a0: 400 kg.<\/p>\n<\/li>\n<li>\n<p>Moteur puissant de 1\u00a0300 W\u00a0: Ce moteur en cuivre de haute qualit\u00e9 fournit une puissance de 1\u00a0800 W, capable de supporter des charges importantes sans se d\u00e9former ni s\u2019endommager. De plus, son grand ventilateur assure un refroidissement rapide de la machine, prot\u00e9g\u00e9 contre la surchauffe. Ainsi, ce moteur puissant garantit un fonctionnement silencieux et tr\u00e8s efficace.<\/p>\n<\/li>\n<li>\n<p>C\u00e2ble de commande de 1,4 m\u00a0: Notre palan \u00e9lectrique avec t\u00e9l\u00e9commande est \u00e9quip\u00e9 d&#039;une poign\u00e9e de commande. La longueur du c\u00e2ble est de 1,4 m. La commande \u00e0 distance s&#039;effectue gr\u00e2ce aux boutons de mont\u00e9e et de descente. De plus, cette poign\u00e9e est dot\u00e9e d&#039;un bouton d&#039;arr\u00eat d&#039;urgence pour une s\u00e9curit\u00e9 accrue.<\/p>\n<\/li>\n<li>\n<p>Structure robuste\u00a0: Ce treuil \u00e9lectrique est fabriqu\u00e9 avec un bo\u00eetier en alliage d&#039;aluminium et un c\u00e2ble en acier galvanis\u00e9, le prot\u00e9geant ainsi de la corrosion, de la rouille et des intemp\u00e9ries. Longueur du c\u00e2ble\u00a0: 30\u00a0m\u00a0; diam\u00e8tre\u00a0: 5,1\u00a0mm. Gr\u00e2ce \u00e0 sa conception robuste, vous pouvez utiliser la machine pendant une longue p\u00e9riode.<\/p>\n<\/li>\n<\/ul>\n<\/div>\n<\/div>\n<\/div>\n<\/div>\n<p><\/p>\n<\/div>\n<\/div>\n<p><\/p>","protected":false},"excerpt":{"rendered":"<p>Hign-concerned Chemical:&nbsp;None Origin:&nbsp;Mainland China Brand Name:&nbsp;VEVOR Capacity of Single\/Double Cable:&nbsp;1700 lbs\/220 LBS 1700 LBS Power:&nbsp;1300W 2200 LBS Power:&nbsp;1800W Material:&nbsp;Steel,Cast Iron &amp; Aluminum Product Description 1700lbs Electric Hoist With Trolley 1300W<\/p>","protected":false},"featured_media":25321,"comment_status":"open","ping_status":"closed","template":"","meta":{"_acf_changed":false},"product_brand":[],"product_cat":[517],"product_tag":[],"class_list":{"0":"post-25319","1":"product","2":"type-product","3":"status-publish","4":"has-post-thumbnail","6":"product_cat-electric-lifting-hoists","8":"first","9":"instock","10":"shipping-taxable","11":"purchasable","12":"product-type-variable"},"acf":[],"_links":{"self":[{"href":"https:\/\/electricstore.eu\/fr\/wp-json\/wp\/v2\/product\/25319","targetHints":{"allow":["GET"]}}],"collection":[{"href":"https:\/\/electricstore.eu\/fr\/wp-json\/wp\/v2\/product"}],"about":[{"href":"https:\/\/electricstore.eu\/fr\/wp-json\/wp\/v2\/types\/product"}],"replies":[{"embeddable":true,"href":"https:\/\/electricstore.eu\/fr\/wp-json\/wp\/v2\/comments?post=25319"}],"wp:featuredmedia":[{"embeddable":true,"href":"https:\/\/electricstore.eu\/fr\/wp-json\/wp\/v2\/media\/25321"}],"wp:attachment":[{"href":"https:\/\/electricstore.eu\/fr\/wp-json\/wp\/v2\/media?parent=25319"}],"wp:term":[{"taxonomy":"product_brand","embeddable":true,"href":"https:\/\/electricstore.eu\/fr\/wp-json\/wp\/v2\/product_brand?post=25319"},{"taxonomy":"product_cat","embeddable":true,"href":"https:\/\/electricstore.eu\/fr\/wp-json\/wp\/v2\/product_cat?post=25319"},{"taxonomy":"product_tag","embeddable":true,"href":"https:\/\/electricstore.eu\/fr\/wp-json\/wp\/v2\/product_tag?post=25319"}],"curies":[{"name":"wp","href":"https:\/\/api.w.org\/{rel}","templated":true}]}}