{"id":25283,"date":"2025-05-20T18:58:26","date_gmt":"2025-05-20T18:58:26","guid":{"rendered":"https:\/\/electricstore.eu\/p\/uncategorized\/vevor-300kg-electric-hoist-lifting-crane-cable-hoist-winch-for-boat-car-garage-elevator-with-wired-remote-control-lifter\/"},"modified":"2025-05-20T18:59:06","modified_gmt":"2025-05-20T18:59:06","slug":"vevor-300kg-electric-hoist-lifting-crane-cable-hoist-winch-for-boat-car-garage-elevator-with-wired-remote-control-lifter","status":"publish","type":"product","link":"https:\/\/www.electricstore.eu\/fr\/p\/o\/electric-lifting-hoists\/vevor-300kg-electric-hoist-lifting-crane-cable-hoist-winch-for-boat-car-garage-elevator-with-wired-remote-control-lifter\/","title":{"rendered":"Treuil de levage \u00e9lectrique VEVOR 300 kg avec commande \u00e0 distance filaire pour bateau, voiture, garage et ascenseur."},"content":{"rendered":"<div class=\"product-specs-list-container\">\n<ul class=\"product-specs-list util-clearfix\">\n<li class=\"product-prop line-limit-length\"><span\n                                        class=\"property-title\">Produits chimiques hautement pr\u00e9occupants :&nbsp;<\/span><span\n                                        class=\"property-desc line-limit-length\">Aucun<\/span>\n                            <\/li>\n<li class=\"product-prop line-limit-length\"><span\n                                        class=\"property-title\">Origine:&nbsp;<\/span><span\n                                        class=\"property-desc line-limit-length\">Chine continentale<\/span>\n                            <\/li>\n<li class=\"product-prop line-limit-length\"><span\n                                        class=\"property-title\">Nom de marque :&nbsp;<\/span><span\n                                        class=\"property-desc line-limit-length\">VEVOR<\/span>\n                            <\/li>\n<\/ul><\/div>\n<div class=\"detailmodule_dynamic\"><kse:widget data-widget-type=\"customText\" id=\"1005000000572806\" type=\"relation\"><\/kse:widget><\/div>\n<div class=\"detailmodule_html\">\n<div class=\"detail-desc-decorate-richtext\">\n<div style=\"padding:20px;padding-bottom:20px;padding-top:20px;padding-left:20px;padding-right:20px\">\n<div style=\"text-align:center;width:100%\" align=\"center\"><img decoding=\"async\" src=\"https:\/\/vevor-bmp-prm.s3.ap-east-1.amazonaws.com\/default\/vevor-1.png\" slate-data-type=\"image\"\/><\/div>\n<div style=\"font-size:16px;font-weight:bold;line-height:36px\">Description du produit<\/div>\n<div style=\"width:100%\"><img decoding=\"async\" src=\"https:\/\/d2qc09rl1gfuof.cloudfront.net\/product\/DDHLPA30000000001\/lift-electric-hoist-a100-1.4.jpg\" slate-data-type=\"image\"\/><\/div>\n<div style=\"margin-top:15px;display:flex\">\n<div style=\"width:33%\"><img decoding=\"async\" style=\"width:100%\" width=\"100%\" src=\"https:\/\/d2qc09rl1gfuof.cloudfront.net\/product\/DDHLPA30000000001\/lift-electric-hoist-x1.jpg\" slate-data-type=\"image\"\/><\/div>\n<div style=\"padding:0px 15px;padding-bottom:0px;padding-top:0px;padding-left:15px;padding-right:15px;width:33%\">\n<div style=\"font-size:16px;font-weight:bold;line-height:36px\">Palan \u00e9lectrique de levage de 660 livres<\/div>\n<div style=\"font-size:14px\"><\/div>\n<div style=\"font-size:14px\">Moteur en cuivre de 550 W, c\u00e2ble en acier anti-rotation et haute s\u00e9curit\u00e9<\/div>\n<ul style=\"font-size:14px;background-color:rgb(243, 243, 243);border:1px solid rgb(204, 204, 204);margin-top:8px;padding:10px 40px;padding-bottom:10px;padding-top:10px;padding-left:40px;padding-right:40px\">\n<li>\n<p>Ce palan \u00e9lectrique est con\u00e7u pour le levage et le d\u00e9placement de charges lourdes. Sa construction en acier et son moteur en cuivre pur lui conf\u00e8rent robustesse et haute performance. Il peut \u00eatre utilis\u00e9 avec un seul c\u00e2ble d&#039;une capacit\u00e9 de 150 kg (330 lbs) ou avec deux c\u00e2bles d&#039;une capacit\u00e9 de 300 kg (660 lbs). C&#039;est l&#039;outil de manutention id\u00e9al pour les usines, les quais, les entrep\u00f4ts, le levage de marchandises, les chantiers de construction et autres applications similaires.<\/p>\n<\/li>\n<li>\n<p>Capacit\u00e9 de charge de 660 livres<\/p>\n<\/li>\n<li>\n<p>Moteur puissant de 550 W<\/p>\n<\/li>\n<li>\n<p>Cordon de commande de 1,2 m<\/p>\n<\/li>\n<li>\n<p>Structure Premium<\/p>\n<\/li>\n<\/ul>\n<\/div>\n<div style=\"border-left:1px solid rgb(204, 204, 204);padding:0px 15px;padding-bottom:0px;padding-top:0px;padding-left:15px;padding-right:15px;width:33%\">\n<div>\u00a0<\/div>\n<div style=\"padding:0px 15px;padding-bottom:0px;padding-top:0px;padding-left:15px;padding-right:15px\">\n<div><img decoding=\"async\" style=\"width:100%\" width=\"100%\" src=\"https:\/\/vevor-bmp-prm.s3.ap-east-1.amazonaws.com\/default\/vevor-2.jpg\" slate-data-type=\"image\"\/><\/div>\n<div style=\"font-size:14px;font-weight:bold;line-height:24px\">\u00c9quipement et outils robustes, \u00e0 prix r\u00e9duit<\/div>\n<div style=\"font-size:12px;margin:8px 0px;margin-bottom:8px;margin-top:8px;margin-left:0px;margin-right:0px\">VEVOR est une marque leader sp\u00e9cialis\u00e9e dans les \u00e9quipements et l&#039;outillage. Forte de milliers d&#039;employ\u00e9s motiv\u00e9s, VEVOR s&#039;engage \u00e0 fournir \u00e0 ses clients des \u00e9quipements et des outils robustes \u00e0 des prix incroyablement bas. Aujourd&#039;hui, les produits VEVOR sont vendus dans plus de 200 pays et r\u00e9gions et comptent plus de 10 millions de membres \u00e0 travers le monde.<\/div>\n<div style=\"font-size:14px;font-weight:bold;line-height:24px\">Pourquoi choisir VEVOR ?<\/div>\n<ul style=\"font-size:14px;background-color:rgb(243, 243, 243);border:1px solid rgb(204, 204, 204);margin-top:8px;padding:10px 40px;padding-bottom:10px;padding-top:10px;padding-left:40px;padding-right:40px\">\n<li>\n<p>Qualit\u00e9 sup\u00e9rieure et robuste<\/p>\n<\/li>\n<li>\n<p>Prix incroyablement bas<\/p>\n<\/li>\n<li>\n<p>Livraison rapide et s\u00e9curis\u00e9e<\/p>\n<\/li>\n<li>\n<p>Retours gratuits sous 30 jours<\/p>\n<\/li>\n<li>\n<p>Service attentif 24h\/24 et 7j\/7<\/p>\n<\/li>\n<\/ul>\n<\/div>\n<\/div>\n<\/div>\n<div style=\"margin-top:30px\">\n<div style=\"font-size:16px;font-weight:bold;line-height:36px\">Caract\u00e9ristiques principales<\/div>\n<div style=\"padding:30px;padding-bottom:30px;padding-top:30px;padding-left:30px;padding-right:30px\">\n<div>\n<div style=\"margin-top:15px;padding:0px 15px;padding-bottom:0px;padding-top:0px;padding-left:15px;padding-right:15px;display:inline-block;width:33%;box-sizing:border-box\">\n<div><img decoding=\"async\" style=\"width:100%\" width=\"100%\" src=\"https:\/\/d2qc09rl1gfuof.cloudfront.net\/product\/DDHLPA30000000001\/lift-electric-hoist-m100-2.jpg\" slate-data-type=\"image\"\/><\/div>\n<div style=\"font-size:16px;font-weight:bold;line-height:36px\">Grande capacit\u00e9 de charge<\/div>\n<div style=\"font-size:14px\">Notre palan \u00e9lectrique r\u00e9pond \u00e0 vos exigences les plus strictes en mati\u00e8re de robustesse et de r\u00e9sistance. En configuration simple, sa capacit\u00e9 est de 150 kg (330 lb) et sa vitesse de 10 m\/min (32,8 pi\/min). En configuration double, sa capacit\u00e9 est de 300 kg (660 lb) et sa vitesse de 5 m\/min (16,4 pi\/min).<\/div>\n<\/div>\n<div style=\"margin-top:15px;padding:0px 15px;padding-bottom:0px;padding-top:0px;padding-left:15px;padding-right:15px;display:inline-block;width:33%;box-sizing:border-box\">\n<div><img decoding=\"async\" style=\"width:100%\" width=\"100%\" src=\"https:\/\/d2qc09rl1gfuof.cloudfront.net\/product\/DDHLPA30000000001\/lift-electric-hoist-m100-3.jpg\" slate-data-type=\"image\"\/><\/div>\n<div style=\"font-size:16px;font-weight:bold;line-height:36px\">Interrupteur \u00e0 poign\u00e9e<\/div>\n<div style=\"font-size:14px\">La t\u00e9l\u00e9commande filaire de ce palan s&#039;actionne via un interrupteur \u00e0 poign\u00e9e. Appuyer sur le bouton du haut permet de monter, et inversement de descendre. Le c\u00e2ble d&#039;environ 1,2 m (3,9 pi) offre une certaine distance de man\u0153uvre.<\/div>\n<\/div>\n<div style=\"margin-top:15px;padding:0px 15px;padding-bottom:0px;padding-top:0px;padding-left:15px;padding-right:15px;display:inline-block;width:33%;box-sizing:border-box\">\n<div><img decoding=\"async\" style=\"width:100%\" width=\"100%\" src=\"https:\/\/d2qc09rl1gfuof.cloudfront.net\/product\/DDHLPA30000000001\/lift-electric-hoist-m100-4.jpg\" slate-data-type=\"image\"\/><\/div>\n<div style=\"font-size:16px;font-weight:bold;line-height:36px\">Moteur en cuivre de haute qualit\u00e9<\/div>\n<div style=\"font-size:14px\">Le treuil \u00e9lectrique est \u00e9quip\u00e9 d&#039;un moteur de 550 W en cuivre pur, offrant un rendement \u00e9lev\u00e9 et un faible niveau sonore. De plus, gr\u00e2ce \u00e0 sa dissipation rapide de la chaleur, il peut fonctionner en continu pendant une longue p\u00e9riode.<\/div>\n<\/div>\n<div style=\"margin-top:15px;padding:0px 15px;padding-bottom:0px;padding-top:0px;padding-left:15px;padding-right:15px;display:inline-block;width:33%;box-sizing:border-box\">\n<div><img decoding=\"async\" style=\"width:100%\" width=\"100%\" src=\"https:\/\/d2qc09rl1gfuof.cloudfront.net\/product\/DDHLPA30000000001\/lift-electric-hoist-m100-5.jpg\" slate-data-type=\"image\"\/><\/div>\n<div style=\"font-size:16px;font-weight:bold;line-height:36px\">Conception de s\u00e9curit\u00e9<\/div>\n<div style=\"font-size:14px\">Lorsque le bloc rouge touche le contacteur de fin de course, le moteur s&#039;arr\u00eate automatiquement pour \u00e9viter toute surcharge des cha\u00eenes. De plus, le c\u00e2ble en acier galvanis\u00e9 et le crochet avec loquet assurent une double s\u00e9curit\u00e9.<\/div>\n<\/div>\n<div style=\"margin-top:15px;padding:0px 15px;padding-bottom:0px;padding-top:0px;padding-left:15px;padding-right:15px;display:inline-block;width:33%;box-sizing:border-box\">\n<div><img decoding=\"async\" style=\"width:100%\" width=\"100%\" src=\"https:\/\/d2qc09rl1gfuof.cloudfront.net\/product\/DDHLPA30000000001\/lift-electric-hoist-m100-6.jpg\" slate-data-type=\"image\"\/><\/div>\n<div style=\"font-size:16px;font-weight:bold;line-height:36px\">Facile \u00e0 installer<\/div>\n<div style=\"font-size:14px\">Pour r\u00e9pondre \u00e0 vos besoins, notre palan \u00e9lectrique est \u00e9quip\u00e9 d&#039;un anneau de fixation m\u00e9tallique facile \u00e0 installer. Veillez simplement \u00e0 ce que la largeur et la hauteur de la barre ne d\u00e9passent pas les dimensions int\u00e9rieures des supports de fixation. Largeur de l&#039;anneau\u00a0: 5\u00a0cm\u00a0; hauteur\u00a0: 4,5\u00a0cm.<\/div>\n<\/div>\n<div style=\"margin-top:15px;padding:0px 15px;padding-bottom:0px;padding-top:0px;padding-left:15px;padding-right:15px;display:inline-block;width:33%;box-sizing:border-box\">\n<div><img decoding=\"async\" style=\"width:100%\" width=\"100%\" src=\"https:\/\/d2qc09rl1gfuof.cloudfront.net\/product\/DDHLPA30000000001\/lift-electric-hoist-m100-7.jpg\" slate-data-type=\"image\"\/><\/div>\n<div style=\"font-size:16px;font-weight:bold;line-height:36px\">Utilisations \u00e9tendues<\/div>\n<div style=\"font-size:14px\">Ce palan \u00e9lectrique est id\u00e9al pour soulever des objets de formes r\u00e9guli\u00e8res ou irr\u00e9guli\u00e8res, tels que des pierres, des arbres, des tondeuses, des moteurs, etc. De ce fait, il est largement utilis\u00e9 dans l&#039;industrie automobile, sur les chantiers de construction, dans la logistique, les entrep\u00f4ts, etc.<\/div>\n<\/div>\n<\/div>\n<\/div>\n<\/div>\n<div style=\"margin-top:15px;display:flex\">\n<div style=\"width:33%\"><img decoding=\"async\" style=\"width:100%\" width=\"100%\" src=\"https:\/\/d2qc09rl1gfuof.cloudfront.net\/product\/DDHLPA30000000001\/lift-electric-hoist-a100-2.jpg\" slate-data-type=\"image\"\/><\/div>\n<div style=\"padding:0px 15px;padding-bottom:0px;padding-top:0px;padding-left:15px;padding-right:15px;width:33%\">\n<div style=\"font-size:16px;font-weight:bold;line-height:36px\">300 kg<\/div>\n<ul style=\"font-size:14px;border:1px solid rgb(204, 204, 204);margin-top:8px;padding:10px 40px;padding-bottom:10px;padding-top:10px;padding-left:40px;padding-right:40px\">\n<li>\n<p>Mod\u00e8le : PA300<\/p>\n<\/li>\n<li>\n<p>Mat\u00e9riaux : Alliage d&#039;aluminium et acier alli\u00e9<\/p>\n<\/li>\n<li>\n<p>Tension\u00a0: 110\u00a0V\/60\u00a0Hz<\/p>\n<\/li>\n<li>\n<p>Puissance : 550 W<\/p>\n<\/li>\n<li>\n<p>Capacit\u00e9 de charge : 150 kg (330 lb), 300 kg (660 lb)<\/p>\n<\/li>\n<li>\n<p>Hauteur de levage\u00a0: 12\u00a0m (39,4\u00a0pi), 6\u00a0m (19,7\u00a0pi)<\/p>\n<\/li>\n<li>\n<p>Vitesse de levage\u00a0: 32,8 pi\/min \/ 10 m\/min, 16,4 pi\/min \/ 5 m\/min<\/p>\n<\/li>\n<li>\n<p>Longueur du c\u00e2ble en acier : 12 m (39,4 pi)<\/p>\n<\/li>\n<li>\n<p>Longueur du cordon d&#039;alimentation\u00a0: 0,65\u00a0m (2,1\u00a0pi)<\/p>\n<\/li>\n<li>\n<p>Longueur du c\u00e2ble de la t\u00e9l\u00e9commande\u00a0: 1,2\u00a0m (3,9\u00a0pi)<\/p>\n<\/li>\n<li>\n<p>Largeur de l&#039;anneau : 2 po \/ 5 cm<\/p>\n<\/li>\n<li>\n<p>Hauteur de l&#039;anneau : 1,8 po \/ 4,5 cm<\/p>\n<\/li>\n<li>\n<p>Dimensions de l&#039;article\u00a0: 13,5 x 5,5 x 7,8 pouces \/ 34,3 x 14 x 19,8 cm<\/p>\n<\/li>\n<li>\n<p>Poids de l&#039;article : 24,3 lb \/ 11 kg<\/p>\n<\/li>\n<\/ul>\n<\/div>\n<div style=\"border-left:1px solid rgb(204, 204, 204);padding:0px 15px;padding-bottom:0px;padding-top:0px;padding-left:15px;padding-right:15px;width:33%\">\n<div style=\"width:100%\"><img decoding=\"async\" style=\"width:100%\" width=\"100%\" src=\"https:\/\/d2qc09rl1gfuof.cloudfront.net\/product\/DDHLPA30000000001\/lift-electric-hoist-a100-3.jpg\" slate-data-type=\"image\"\/><\/div>\n<div style=\"font-size:14px;font-weight:bold;line-height:24px\">Contenu de l&#039;emballage<\/div>\n<ul style=\"font-size:14px;background-color:rgb(243, 243, 243);border:1px solid rgb(204, 204, 204);margin-top:8px;padding:10px 40px;padding-bottom:10px;padding-top:10px;padding-left:40px;padding-right:40px\">\n<li>\n<p>1 x Treuil \u00e9lectrique<\/p>\n<\/li>\n<li>\n<p>2 x anneaux de levage<\/p>\n<\/li>\n<li>\n<p>1 x Poulie mobile<\/p>\n<\/li>\n<li>\n<p>1 sachet de vis<\/p>\n<\/li>\n<\/ul>\n<\/div>\n<\/div>\n<div style=\"margin-top:15px;display:flex\">\n<div style=\"width:33%\"><img decoding=\"async\" style=\"width:100%\" width=\"100%\" src=\"https:\/\/d2qc09rl1gfuof.cloudfront.net\/product\/DDHLPA25000000001\/lift-electric-hoist-a100-2.jpg\" slate-data-type=\"image\"\/><\/div>\n<div style=\"padding:0px 15px;padding-bottom:0px;padding-top:0px;padding-left:15px;padding-right:15px;width:33%\">\n<div style=\"font-size:16px;font-weight:bold;line-height:36px\">250 kg<\/div>\n<ul style=\"font-size:14px;border:1px solid rgb(204, 204, 204);margin-top:8px;padding:10px 40px;padding-bottom:10px;padding-top:10px;padding-left:40px;padding-right:40px\">\n<li>\n<p>Mod\u00e8le : PA250<\/p>\n<\/li>\n<li>\n<p>Mat\u00e9riaux : Alliage d&#039;aluminium et acier alli\u00e9<\/p>\n<\/li>\n<li>\n<p>Tension\u00a0: 110\u00a0V\/60\u00a0Hz<\/p>\n<\/li>\n<li>\n<p>Puissance : 500 W<\/p>\n<\/li>\n<li>\n<p>Capacit\u00e9 de charge : 125 kg (275 lb), 250 kg (550 lb)<\/p>\n<\/li>\n<li>\n<p>Hauteur de levage\u00a0: 12\u00a0m (39,4\u00a0pi), 6\u00a0m (19,7\u00a0pi)<\/p>\n<\/li>\n<li>\n<p>Vitesse de levage\u00a0: 32,8 pi\/min \/ 10 m\/min, 16,4 pi\/min \/ 5 m\/min<\/p>\n<\/li>\n<li>\n<p>Longueur du c\u00e2ble en acier : 12 m (39,4 pi)<\/p>\n<\/li>\n<li>\n<p>Longueur du cordon d&#039;alimentation\u00a0: 0,65\u00a0m (2,1\u00a0pi)<\/p>\n<\/li>\n<li>\n<p>Longueur du c\u00e2ble de la t\u00e9l\u00e9commande\u00a0: 1,5 m<\/p>\n<\/li>\n<li>\n<p>Largeur de l&#039;anneau : 2 po \/ 5 cm<\/p>\n<\/li>\n<li>\n<p>Hauteur de l&#039;anneau : 1,8 po \/ 4,5 cm<\/p>\n<\/li>\n<li>\n<p>Dimensions de l&#039;article\u00a0: 13,5 x 5,5 x 7,8 pouces \/ 34,3 x 14 x 19,8 cm<\/p>\n<\/li>\n<li>\n<p>Poids de l&#039;article : 24,3 lb \/ 11 kg<\/p>\n<\/li>\n<\/ul>\n<\/div>\n<div style=\"border-left:1px solid rgb(204, 204, 204);padding:0px 15px;padding-bottom:0px;padding-top:0px;padding-left:15px;padding-right:15px;width:33%\">\n<div style=\"width:100%\"><img decoding=\"async\" style=\"width:100%\" width=\"100%\" src=\"https:\/\/d2qc09rl1gfuof.cloudfront.net\/product\/DDHLPA25000000001\/lift-electric-hoist-a100-3.jpg\" slate-data-type=\"image\"\/><\/div>\n<div style=\"font-size:14px;font-weight:bold;line-height:24px\">Contenu de l&#039;emballage<\/div>\n<ul style=\"font-size:14px;background-color:rgb(243, 243, 243);border:1px solid rgb(204, 204, 204);margin-top:8px;padding:10px 40px;padding-bottom:10px;padding-top:10px;padding-left:40px;padding-right:40px\">\n<li>\n<p>1 x Treuil \u00e9lectrique<\/p>\n<\/li>\n<li>\n<p>2 x anneaux de levage<\/p>\n<\/li>\n<li>\n<p>1 x Poulie mobile<\/p>\n<\/li>\n<li>\n<p>1 sachet de vis<\/p>\n<\/li>\n<\/ul>\n<\/div>\n<\/div>\n<div style=\"margin-top:15px;display:flex\">\n<div style=\"width:33%\"><img decoding=\"async\" style=\"width:100%\" width=\"100%\" src=\"https:\/\/d2qc09rl1gfuof.cloudfront.net\/product\/DDHLPA50000000001\/lift-electric-hoist-a100-2.jpg\" slate-data-type=\"image\"\/><\/div>\n<div style=\"padding:0px 15px;padding-bottom:0px;padding-top:0px;padding-left:15px;padding-right:15px;width:33%\">\n<div style=\"font-size:16px;font-weight:bold;line-height:36px\">500 kg<\/div>\n<ul style=\"font-size:14px;border:1px solid rgb(204, 204, 204);margin-top:8px;padding:10px 40px;padding-bottom:10px;padding-top:10px;padding-left:40px;padding-right:40px\">\n<li>\n<p>Mod\u00e8le : PA500<\/p>\n<\/li>\n<li>\n<p>Mat\u00e9riaux : Alliage d&#039;aluminium et acier alli\u00e9<\/p>\n<\/li>\n<li>\n<p>Tension\u00a0: 110\u00a0V\/60\u00a0Hz<\/p>\n<\/li>\n<li>\n<p>Puissance : 900 W<\/p>\n<\/li>\n<li>\n<p>Capacit\u00e9 de charge : 550 lb \/ 250 kg, 1100 lb \/ 500 kg<\/p>\n<\/li>\n<li>\n<p>Hauteur de levage\u00a0: 12\u00a0m (39,4\u00a0pi), 6\u00a0m (19,7\u00a0pi)<\/p>\n<\/li>\n<li>\n<p>Vitesse de levage\u00a0: 32,8 pi\/min \/ 10 m\/min, 16,4 pi\/min \/ 5 m\/min<\/p>\n<\/li>\n<li>\n<p>Longueur du c\u00e2ble en acier : 12 m (39,4 pi)<\/p>\n<\/li>\n<li>\n<p>Longueur du cordon d&#039;alimentation\u00a0: 0,65\u00a0m (2,1\u00a0pi)<\/p>\n<\/li>\n<li>\n<p>Longueur du c\u00e2ble de la t\u00e9l\u00e9commande\u00a0: 1,3\u00a0m<\/p>\n<\/li>\n<li>\n<p>Largeur de l&#039;anneau\u00a0: 2,2 po \/ 5,5 cm<\/p>\n<\/li>\n<li>\n<p>Hauteur de l&#039;anneau : 2 po \/ 5 cm<\/p>\n<\/li>\n<li>\n<p>Dimensions de l&#039;article\u00a0: 15 x 5,7 x 9,1 po \/ 38 x 14 x 23 cm<\/p>\n<\/li>\n<li>\n<p>Poids de l&#039;article : 15 kg (33,1 lb)<\/p>\n<\/li>\n<\/ul>\n<\/div>\n<div style=\"border-left:1px solid rgb(204, 204, 204);padding:0px 15px;padding-bottom:0px;padding-top:0px;padding-left:15px;padding-right:15px;width:33%\">\n<div style=\"width:100%\"><img decoding=\"async\" style=\"width:100%\" width=\"100%\" src=\"https:\/\/d2qc09rl1gfuof.cloudfront.net\/product\/DDHLPA50000000001\/lift-electric-hoist-a100-3.jpg\" slate-data-type=\"image\"\/><\/div>\n<div style=\"font-size:14px;font-weight:bold;line-height:24px\">Contenu de l&#039;emballage<\/div>\n<ul style=\"font-size:14px;background-color:rgb(243, 243, 243);border:1px solid rgb(204, 204, 204);margin-top:8px;padding:10px 40px;padding-bottom:10px;padding-top:10px;padding-left:40px;padding-right:40px\">\n<li>\n<p>1 x Treuil \u00e9lectrique<\/p>\n<\/li>\n<li>\n<p>2 x anneaux de levage<\/p>\n<\/li>\n<li>\n<p>1 x Poulie mobile<\/p>\n<\/li>\n<li>\n<p>1 sachet de vis<\/p>\n<\/li>\n<\/ul>\n<\/div>\n<\/div>\n<div>\n<div style=\"font-size:16px;font-weight:bold;line-height:36px\">Caract\u00e9ristiques et d\u00e9tails<\/div>\n<ul style=\"font-size:14px;padding-left:40px\">\n<li>\n<p>Capacit\u00e9 de charge de 300 kg\u00a0: Ce palan \u00e9lectrique soul\u00e8ve facilement les petits moteurs, les transmissions ou les mat\u00e9riaux de construction. Il offre deux modes de levage et est \u00e9quip\u00e9 d&#039;un crochet de s\u00e9curit\u00e9 en acier. La capacit\u00e9 et la vitesse en mode simple sont de 150 kg \u00e0 10 m\/min. En mode double, la capacit\u00e9 et la vitesse sont de 300 kg \u00e0 5 m\/min.<\/p>\n<\/li>\n<li>\n<p>Moteur puissant de 550 W\u00a0: Ce moteur en cuivre de haute qualit\u00e9 fournit une puissance de 550 W, capable de supporter une force importante sans se d\u00e9former. De plus, son grand ventilateur assure un refroidissement rapide, prot\u00e9g\u00e9 contre la surchauffe. Ainsi, ce moteur puissant garantit un fonctionnement efficace et une consommation d&#039;\u00e9nergie r\u00e9duite.<\/p>\n<\/li>\n<li>\n<p>C\u00e2ble de commande de 1,2 m\u00a0: Notre palan \u00e9lectrique avec t\u00e9l\u00e9commande est \u00e9quip\u00e9 d&#039;une poign\u00e9e de commande install\u00e9e sur la machine pour une utilisation en toute s\u00e9curit\u00e9 \u00e0 distance. De plus, il est dot\u00e9 d&#039;un interrupteur de fin de course et d&#039;un ressort amortisseur pour un arr\u00eat automatique et pour \u00e9viter tout affaissement.<\/p>\n<\/li>\n<li>\n<p>Structure de qualit\u00e9 sup\u00e9rieure\u00a0: Ce treuil \u00e9lectrique est fabriqu\u00e9 avec une coque en alliage et un c\u00e2ble en acier galvanis\u00e9, le prot\u00e9geant ainsi de la corrosion, de la rouille et de la pluie. Longueur du c\u00e2ble\u00a0: 12\u00a0m (39,4\u00a0pi)\u00a0; diam\u00e8tre\u00a0: 3\u00a0mm (0,12\u00a0po). De plus, l\u2019anneau de fixation m\u00e9tallique est r\u00e9glable pour s\u2019adapter \u00e0 vos besoins et s\u2019installe facilement.<\/p>\n<\/li>\n<li>\n<p>Utilisation polyvalente\u00a0: Ce palan est adapt\u00e9 aux usines, entrep\u00f4ts, chantiers de construction, ateliers automobiles, chantiers ferroviaires, etc. C&#039;est l&#039;outil id\u00e9al pour travailler dans des environnements difficiles, en int\u00e9rieur comme en ext\u00e9rieur. Veuillez vous assurer que la largeur et la hauteur de la barre sont compatibles avec les dimensions int\u00e9rieures des supports de fixation.<\/p>\n<\/li>\n<\/ul>\n<\/div>\n<\/div>\n<div><\/div>\n<\/div>\n<\/div>\n<div class=\"detailmodule_dynamic\"><kse:widget data-widget-type=\"customText\" id=\"1005000000397265\" type=\"custom\"><\/kse:widget><\/div>\n<p><\/p>","protected":false},"excerpt":{"rendered":"<p>Hign-concerned Chemical:&nbsp;None Origin:&nbsp;Mainland China Brand Name:&nbsp;VEVOR Product Description 660LBS Lift Electric Hoist 550W Copper Motor &amp; Anti-Rotate Steel Wire &amp; High Security This lift electric hoist is designed for lifting<\/p>","protected":false},"featured_media":25285,"comment_status":"open","ping_status":"closed","template":"","meta":{"_acf_changed":false},"product_brand":[],"product_cat":[517],"product_tag":[],"class_list":{"0":"post-25283","1":"product","2":"type-product","3":"status-publish","4":"has-post-thumbnail","6":"product_cat-electric-lifting-hoists","8":"first","9":"instock","10":"shipping-taxable","11":"purchasable","12":"product-type-variable"},"acf":[],"_links":{"self":[{"href":"https:\/\/www.electricstore.eu\/fr\/wp-json\/wp\/v2\/product\/25283","targetHints":{"allow":["GET"]}}],"collection":[{"href":"https:\/\/www.electricstore.eu\/fr\/wp-json\/wp\/v2\/product"}],"about":[{"href":"https:\/\/www.electricstore.eu\/fr\/wp-json\/wp\/v2\/types\/product"}],"replies":[{"embeddable":true,"href":"https:\/\/www.electricstore.eu\/fr\/wp-json\/wp\/v2\/comments?post=25283"}],"wp:featuredmedia":[{"embeddable":true,"href":"https:\/\/www.electricstore.eu\/fr\/wp-json\/wp\/v2\/media\/25285"}],"wp:attachment":[{"href":"https:\/\/www.electricstore.eu\/fr\/wp-json\/wp\/v2\/media?parent=25283"}],"wp:term":[{"taxonomy":"product_brand","embeddable":true,"href":"https:\/\/www.electricstore.eu\/fr\/wp-json\/wp\/v2\/product_brand?post=25283"},{"taxonomy":"product_cat","embeddable":true,"href":"https:\/\/www.electricstore.eu\/fr\/wp-json\/wp\/v2\/product_cat?post=25283"},{"taxonomy":"product_tag","embeddable":true,"href":"https:\/\/www.electricstore.eu\/fr\/wp-json\/wp\/v2\/product_tag?post=25283"}],"curies":[{"name":"wp","href":"https:\/\/api.w.org\/{rel}","templated":true}]}}