{"id":25029,"date":"2025-05-20T18:44:02","date_gmt":"2025-05-20T18:44:02","guid":{"rendered":"https:\/\/electricstore.eu\/p\/uncategorized\/vevor-13500lbs-electric-winch-car-truck-winch-with-80ft-synthetic-rope-wireless-wired-remote-control-for-towing-off-road-suv\/"},"modified":"2025-05-20T18:47:45","modified_gmt":"2025-05-20T18:47:45","slug":"vevor-13500lbs-electric-winch-car-truck-winch-with-80ft-synthetic-rope-wireless-wired-remote-control-for-towing-off-road-suv","status":"publish","type":"product","link":"https:\/\/www.electricstore.eu\/fr\/p\/o\/electric-winches\/vevor-13500lbs-electric-winch-car-truck-winch-with-80ft-synthetic-rope-wireless-wired-remote-control-for-towing-off-road-suv\/","title":{"rendered":"Treuil \u00e9lectrique VEVOR 13\u00a0500 lb pour voiture et camion, avec c\u00e2ble synth\u00e9tique de 80 pieds, t\u00e9l\u00e9commande sans fil et filaire pour le remorquage de SUV tout-terrain"},"content":{"rendered":"<div class=\"product-specs-list-container\">\n<ul class=\"product-specs-list util-clearfix\">\n<li class=\"product-prop line-limit-length\"><span\n                                        class=\"property-title\">Produits chimiques hautement pr\u00e9occupants :&nbsp;<\/span><span\n                                        class=\"property-desc line-limit-length\">Aucun<\/span>\n                            <\/li>\n<li class=\"product-prop line-limit-length\"><span\n                                        class=\"property-title\">Origine:&nbsp;<\/span><span\n                                        class=\"property-desc line-limit-length\">Chine continentale<\/span>\n                            <\/li>\n<li class=\"product-prop line-limit-length\"><span\n                                        class=\"property-title\">Nom de marque :&nbsp;<\/span><span\n                                        class=\"property-desc line-limit-length\">VEVOR<\/span>\n                            <\/li>\n<li class=\"product-prop line-limit-length\"><span\n                                        class=\"property-title\">Taper:&nbsp;<\/span><span\n                                        class=\"property-desc line-limit-length\">Pouvoir<\/span>\n                            <\/li>\n<li class=\"product-prop line-limit-length\"><span\n                                        class=\"property-title\">Marque:&nbsp;<\/span><span\n                                        class=\"property-desc line-limit-length\">VEVOR<\/span>\n                            <\/li>\n<li class=\"product-prop line-limit-length\"><span\n                                        class=\"property-title\">Capacit\u00e9 nominale de traction de ligne :&nbsp;<\/span><span\n                                        class=\"property-desc line-limit-length\">13500 lbs\/6123 kg<\/span>\n                            <\/li>\n<li class=\"product-prop line-limit-length\"><span\n                                        class=\"property-title\">Mat\u00e9riau de la corde :&nbsp;<\/span><span\n                                        class=\"property-desc line-limit-length\">Poly\u00e9thyl\u00e8ne, 12 brins<\/span>\n                            <\/li>\n<li class=\"product-prop line-limit-length\"><span\n                                        class=\"property-title\">T\u00e9l\u00e9commande:&nbsp;<\/span><span\n                                        class=\"property-desc line-limit-length\">T\u00e9l\u00e9commande sans fil et filaire<\/span>\n                            <\/li>\n<li class=\"product-prop line-limit-length\"><span\n                                        class=\"property-title\">Tension\/puissance :&nbsp;<\/span><span\n                                        class=\"property-desc line-limit-length\">12V DC\/6.6 HP<\/span>\n                            <\/li>\n<li class=\"product-prop line-limit-length\"><span\n                                        class=\"property-title\">Rapport de transmission :&nbsp;<\/span><span\n                                        class=\"property-desc line-limit-length\">195.8:1<\/span>\n                            <\/li>\n<li class=\"product-prop line-limit-length\"><span\n                                        class=\"property-title\">Taper:&nbsp;<\/span><span\n                                        class=\"property-desc line-limit-length\">Treuil \u00e9lectrique<\/span>\n                            <\/li>\n<li class=\"product-prop line-limit-length\"><span\n                                        class=\"property-title\">Mat\u00e9riel:&nbsp;<\/span><span\n                                        class=\"property-desc line-limit-length\">Alliage d&#039;aluminium, acier, cuivre, plastique (PPS et PA, etc.)<\/span>\n                            <\/li>\n<li class=\"product-prop line-limit-length\"><span\n                                        class=\"property-title\">Port\u00e9e de la t\u00e9l\u00e9commande sans fil\u00a0:&nbsp;<\/span><span\n                                        class=\"property-desc line-limit-length\">65,61 pieds\/20 m<\/span>\n                            <\/li>\n<li class=\"product-prop line-limit-length\"><span\n                                        class=\"property-title\">Indice d&#039;\u00e9tanch\u00e9it\u00e9 :&nbsp;<\/span><span\n                                        class=\"property-desc line-limit-length\">IP55<\/span>\n                            <\/li>\n<li class=\"product-prop line-limit-length\"><span\n                                        class=\"property-title\">Sp\u00e9cifications de la corde\u00a0:&nbsp;<\/span><span\n                                        class=\"property-desc line-limit-length\">3\/8 in x 80 ft\/1.0 x 2438.4 cm<\/span>\n                            <\/li>\n<\/ul><\/div>\n<div class=\"detailmodule_dynamic\"><kse:widget data-widget-type=\"customText\" id=\"1005000000790434\" type=\"relation\"><\/kse:widget><\/div>\n<div class=\"detailmodule_html\">\n<div class=\"detail-desc-decorate-richtext\">\n<div style=\"font-family:&quot;Open sans&quot;, Arial, Helvetica, sans-serif\">\n<div><img decoding=\"async\" style=\"width:100%\" width=\"100%\" src=\"https:\/\/d2qc09rl1gfuof.cloudfront.net\/vevor\/boutique-banner\/pc\/banner-en.jpg\" slate-data-type=\"image\"\/><\/div>\n<div>\n<div style=\"font-size:16px;font-weight:bold;text-align:center;color:rgb(34, 34, 34);margin:24px 0px;margin-bottom:24px;margin-top:24px;margin-left:0px;margin-right:0px\" align=\"center\">13500 lbs Electric Winch, Tackle off-road adventure with confidence<\/div>\n<div><img decoding=\"async\" style=\"width:100%\" width=\"100%\" src=\"https:\/\/d2qc09rl1gfuof.cloudfront.net\/product\/DDHCSJPYXWXYBQ8X5\/electric-winch-a100-1.4-pt.jpg\" slate-data-type=\"image\"\/><\/div>\n<div style=\"font-size:14px;text-align:center;color:rgb(34, 34, 34);margin:16px 0px 24px;margin-bottom:24px;margin-top:16px;margin-left:0px;margin-right:0px\" align=\"center\">Our heavy-duty\u00a0truck winch features a 13500 lbs\u00a0line pull capacity\u00a0and an IP55 waterproof rating, perfect for freeing your off-road vehicles\u00a0or SUV from sticky mud pits or heavy rain. With a 12V DC\/6.6\u00a0HP copper motor, 195.8:1\u00a0gear ratio, and synthetic rope, you&#x27;re always prepared.<\/div>\n<\/div>\n<div>\n<div style=\"margin:8px 0px;margin-bottom:8px;margin-top:8px;margin-left:0px;margin-right:0px\"><img decoding=\"async\" style=\"width:100%\" width=\"100%\" src=\"https:\/\/d2qc09rl1gfuof.cloudfront.net\/product\/DDHCSJPYXWXYBQ8X5\/electric-winch-a100-2.2-pt.jpg\" slate-data-type=\"image\"\/><\/div>\n<div style=\"font-size:14px;text-align:center;color:rgb(34, 34, 34);margin:16px 0px 24px;margin-bottom:24px;margin-top:16px;margin-left:0px;margin-right:0px\" align=\"center\">Our electric winch\u00a0is powered\u00a0by a robust 12V DC\/6.6 HP copper motor, delivering consistent, efficient power every time. With an advanced planetary gear setup and a 195.8:1 gear ratio, you&#x27;ll enjoy smooth, reliable\u00a0line pull\u00a0capacity even in harsh weather conditions or deep mud.<\/div>\n<\/div>\n<div>\n<div style=\"margin:8px 0px;margin-bottom:8px;margin-top:8px;margin-left:0px;margin-right:0px\"><img decoding=\"async\" style=\"width:100%\" width=\"100%\" src=\"https:\/\/d2qc09rl1gfuof.cloudfront.net\/product\/DDHCSJPYXWXYBQ8X5\/electric-winch-a100-2.3-pt.jpg\" slate-data-type=\"image\"\/><\/div>\n<div style=\"font-size:14px;text-align:center;color:rgb(34, 34, 34);margin:16px 0px 24px;margin-bottom:24px;margin-top:16px;margin-left:0px;margin-right:0px\" align=\"center\">Notre treuil \u00e9lectrique pour camion est con\u00e7u avec un c\u00e2ble de haute qualit\u00e9 dot\u00e9 de marquages rouges sur les cinq derni\u00e8res spires pour une s\u00e9curit\u00e9 accrue. Gr\u00e2ce \u00e0 son indice d&#039;\u00e9tanch\u00e9it\u00e9 IP55 et \u00e0 sa robuste finition noire mate, il r\u00e9siste sans probl\u00e8me aux fortes pluies et aux conditions difficiles.<\/div>\n<\/div>\n<div>\n<div style=\"margin:8px 0px;margin-bottom:8px;margin-top:8px;margin-left:0px;margin-right:0px\"><img decoding=\"async\" style=\"width:100%\" width=\"100%\" src=\"https:\/\/d2qc09rl1gfuof.cloudfront.net\/product\/DDHCSJPYXWXYBQ8X5\/electric-winch-a100-2.4-pt.jpg\" slate-data-type=\"image\"\/><\/div>\n<div style=\"font-size:14px;text-align:center;color:rgb(34, 34, 34);margin:16px 0px 24px;margin-bottom:24px;margin-top:16px;margin-left:0px;margin-right:0px\" align=\"center\">Built to handle tough challenges, our truck winch rope resists harsh elements\u00a0and extreme temperatures, facilitating various pulling tasks at rated line pull capacity without breaking. Plus, with clear load markings on each layer, you get both superior material integrity and pulling\u00a0security.<\/div>\n<\/div>\n<div>\n<div style=\"margin:8px 0px;margin-bottom:8px;margin-top:8px;margin-left:0px;margin-right:0px\"><img decoding=\"async\" style=\"width:100%\" width=\"100%\" src=\"https:\/\/d2qc09rl1gfuof.cloudfront.net\/product\/DDHCSJPYXWXYBQ8X5\/electric-winch-a100-2.5-pt.jpg\" slate-data-type=\"image\"\/><\/div>\n<div style=\"font-size:14px;text-align:center;color:rgb(34, 34, 34);margin:16px 0px 24px;margin-bottom:24px;margin-top:16px;margin-left:0px;margin-right:0px\" align=\"center\">Notre treuil 12 volts est \u00e9quip\u00e9 de c\u00e2bles d&#039;alimentation \u00e0 code couleur pour une installation rapide et sans erreur. Les t\u00e9l\u00e9commandes sans fil permettent de commander le syst\u00e8me d&#039;autod\u00e9sincarc\u00e9ration du v\u00e9hicule sans obstacle dans un rayon de 20 m. Une t\u00e9l\u00e9commande filaire est \u00e9galement disponible pour vous offrir un contr\u00f4le total.<\/div>\n<\/div>\n<div style=\"margin:16px 0px 24px;margin-bottom:24px;margin-top:16px;margin-left:0px;margin-right:0px\"><\/div>\n<div style=\"margin:24px 0px;margin-bottom:24px;margin-top:24px;margin-left:0px;margin-right:0px\">\n<div style=\"font-size:16px;font-weight:bold;color:rgb(34, 34, 34);margin:24px 0px 16px;margin-bottom:16px;margin-top:24px;margin-left:0px;margin-right:0px\">Caract\u00e9ristiques et d\u00e9tails<\/div>\n<ul style=\"margin:16px 0px 24px;margin-bottom:24px;margin-top:16px;margin-left:0px;margin-right:0px\">\n<li style=\"font-size:14px;color:rgb(34, 34, 34)\">\n<p>Your Vehicle&#x27;s Backup Power: Designed specifically for off-road recovery, our heavy-duty electric winch upgrade the line pull capacity up to 13,500 lbs. When your vehicle gets stuck in mud or caught in a downpour, this winch provides the extra drive you need to get back on track quickly. It isn\u2019t just for off-road vehicle and SUV, but also great for hauling heavy loads like timber. Tackle any obstacle with confidence and power!<\/p>\n<\/li>\n<li style=\"font-size:14px;color:rgb(34, 34, 34)\">\n<p>Power that Gets You Out of Any Jam: Our truck winch is driven by a 12V DC\/6.6HP copper motor, delivering consistent power when you need it most. Featuring an advanced 3-stage planetary gear system and a 195.8:1 gear ratio, this winch ensures powerful pulling capacity, even in harsh weather and the deep mud. Get ready to tackle any challenge with confidence!<\/p>\n<\/li>\n<li style=\"font-size:14px;color:rgb(34, 34, 34)\">\n<p>Lightweight Synthetic Rope: Meet the ultimate in rope performance. Our winch for truck comes with a 12-strand high-density polyethylene rope that&#x27;s tough yet lightweight, making it perfect for any off-road adventure. It won&#x27;t sink in water and stands up to all kinds of outdoor abuse. Plus, bright red markings on the last 5 rolls for easy visibility, ensuring you&#x27;re always ready for action with both security and strength.<\/p>\n<\/li>\n<li style=\"font-size:14px;color:rgb(34, 34, 34)\">\n<p>Simplicit\u00e9 d&#039;utilisation et fonctionnement sans tracas\u00a0: notre treuil 12\u00a0volts offre des options de t\u00e9l\u00e9commande sans fil et filaire pour r\u00e9pondre \u00e0 vos besoins. La t\u00e9l\u00e9commande sans fil, facile \u00e0 utiliser, vous permet de r\u00e9cup\u00e9rer votre v\u00e9hicule sans effort dans un rayon de 20\u00a0m\u00e8tres, tandis que la t\u00e9l\u00e9commande filaire offre une alternative fiable pour un contr\u00f4le pr\u00e9cis et manuel. Profitez de la flexibilit\u00e9 et du confort des deux modes de commande pour une r\u00e9cup\u00e9ration de v\u00e9hicule aussi simple que possible.<\/p>\n<\/li>\n<li style=\"font-size:14px;color:rgb(34, 34, 34)\">\n<p>Remorquage en toute tranquillit\u00e9\u00a0: M\u00e9t\u00e9o capricieuse\u00a0? Aucun probl\u00e8me\u00a0! Notre treuil \u00e9lectrique est dot\u00e9 d&#039;un indice d&#039;\u00e9tanch\u00e9it\u00e9 IP55 et d&#039;une \u00e9l\u00e9gante finition noire mate qui renforce sa r\u00e9sistance \u00e0 la rouille et son isolation. Il est pr\u00eat \u00e0 affronter les fortes pluies, la boue et autres environnements difficiles. Gr\u00e2ce \u00e0 ses c\u00e2bles d&#039;alimentation \u00e0 code couleur et \u00e0 ses instructions faciles \u00e0 suivre, l&#039;installation se fait sans accroc et vous pouvez enfin profiter pleinement de votre voyage.<\/p>\n<\/li>\n<\/ul>\n<\/div>\n<div>\n<div>\n<div style=\"margin:16px 0px 24px;margin-bottom:24px;margin-top:16px;margin-left:0px;margin-right:0px\"><img decoding=\"async\" style=\"width:100%\" width=\"100%\" src=\"https:\/\/d2qc09rl1gfuof.cloudfront.net\/product\/DDHCSJPYXWXYBQ8X5\/electric-winch-a100-1.11-pt.jpg\" slate-data-type=\"image\"\/><\/div>\n<\/div>\n<\/div>\n<\/div>\n<div><\/div>\n<\/div>\n<\/div>\n<div class=\"detailmodule_dynamic\"><kse:widget data-widget-type=\"customText\" id=\"1005000000397265\" type=\"custom\"><\/kse:widget><\/div>\n<p><\/p>","protected":false},"excerpt":{"rendered":"<p>Hign-concerned Chemical:&nbsp;None Origin:&nbsp;Mainland China Brand Name:&nbsp;VEVOR Type:&nbsp;Power Brand:&nbsp;VEVOR Rated Line Pull Capacity:&nbsp;13500 lbs\/6123 kg Rope Material:&nbsp;Polyethylene, 12 Strands Remote Control:&nbsp;Wireless + Wired Remote Control Voltage\/Horsepower:&nbsp;12V DC\/6.6 HP Gear Ratio:&nbsp;195.8:1 Type:&nbsp;Electric<\/p>","protected":false},"featured_media":25030,"comment_status":"open","ping_status":"closed","template":"","meta":{"_acf_changed":false},"product_brand":[],"product_cat":[522],"product_tag":[],"class_list":{"0":"post-25029","1":"product","2":"type-product","3":"status-publish","4":"has-post-thumbnail","6":"product_cat-electric-winches","8":"first","9":"instock","10":"shipping-taxable","11":"purchasable","12":"product-type-variable"},"acf":[],"_links":{"self":[{"href":"https:\/\/www.electricstore.eu\/fr\/wp-json\/wp\/v2\/product\/25029","targetHints":{"allow":["GET"]}}],"collection":[{"href":"https:\/\/www.electricstore.eu\/fr\/wp-json\/wp\/v2\/product"}],"about":[{"href":"https:\/\/www.electricstore.eu\/fr\/wp-json\/wp\/v2\/types\/product"}],"replies":[{"embeddable":true,"href":"https:\/\/www.electricstore.eu\/fr\/wp-json\/wp\/v2\/comments?post=25029"}],"wp:featuredmedia":[{"embeddable":true,"href":"https:\/\/www.electricstore.eu\/fr\/wp-json\/wp\/v2\/media\/25030"}],"wp:attachment":[{"href":"https:\/\/www.electricstore.eu\/fr\/wp-json\/wp\/v2\/media?parent=25029"}],"wp:term":[{"taxonomy":"product_brand","embeddable":true,"href":"https:\/\/www.electricstore.eu\/fr\/wp-json\/wp\/v2\/product_brand?post=25029"},{"taxonomy":"product_cat","embeddable":true,"href":"https:\/\/www.electricstore.eu\/fr\/wp-json\/wp\/v2\/product_cat?post=25029"},{"taxonomy":"product_tag","embeddable":true,"href":"https:\/\/www.electricstore.eu\/fr\/wp-json\/wp\/v2\/product_tag?post=25029"}],"curies":[{"name":"wp","href":"https:\/\/api.w.org\/{rel}","templated":true}]}}