{"id":25000,"date":"2025-05-20T18:43:51","date_gmt":"2025-05-20T18:43:51","guid":{"rendered":"https:\/\/electricstore.eu\/p\/uncategorized\/vevor-2000lbs-electric-car-winch-atv-utv-steel-cable-winch-with-wired-remote-control-for-towing-off-road-vehicle-jeep-truck\/"},"modified":"2025-05-20T18:47:24","modified_gmt":"2025-05-20T18:47:24","slug":"vevor-2000lbs-electric-car-winch-atv-utv-steel-cable-winch-with-wired-remote-control-for-towing-off-road-vehicle-jeep-truck","status":"publish","type":"product","link":"https:\/\/www.electricstore.eu\/fr\/p\/o\/electric-winches\/vevor-2000lbs-electric-car-winch-atv-utv-steel-cable-winch-with-wired-remote-control-for-towing-off-road-vehicle-jeep-truck\/","title":{"rendered":"Treuil \u00e9lectrique VEVOR 2000 lb pour voiture, VTT\/SSV, c\u00e2ble en acier, t\u00e9l\u00e9commande filaire pour le remorquage de v\u00e9hicules tout-terrain (Jeep, camionnette, etc.)."},"content":{"rendered":"<div class=\"product-specs-list-container\">\n<ul class=\"product-specs-list util-clearfix\">\n<li class=\"product-prop line-limit-length\"><span\n                                        class=\"property-title\">Produits chimiques hautement pr\u00e9occupants :&nbsp;<\/span><span\n                                        class=\"property-desc line-limit-length\">Aucun<\/span>\n                            <\/li>\n<li class=\"product-prop line-limit-length\"><span\n                                        class=\"property-title\">Origine:&nbsp;<\/span><span\n                                        class=\"property-desc line-limit-length\">Chine continentale<\/span>\n                            <\/li>\n<li class=\"product-prop line-limit-length\"><span\n                                        class=\"property-title\">Nom de marque :&nbsp;<\/span><span\n                                        class=\"property-desc line-limit-length\">VEVOR<\/span>\n                            <\/li>\n<li class=\"product-prop line-limit-length\"><span\n                                        class=\"property-title\">Taper:&nbsp;<\/span><span\n                                        class=\"property-desc line-limit-length\">Pouvoir<\/span>\n                            <\/li>\n<li class=\"product-prop line-limit-length\"><span\n                                        class=\"property-title\">Marque:&nbsp;<\/span><span\n                                        class=\"property-desc line-limit-length\">VEVOR<\/span>\n                            <\/li>\n<li class=\"product-prop line-limit-length\"><span\n                                        class=\"property-title\">Capacit\u00e9 nominale de traction de ligne :&nbsp;<\/span><span\n                                        class=\"property-desc line-limit-length\">2000 lbs\/907 kg<\/span>\n                            <\/li>\n<li class=\"product-prop line-limit-length\"><span\n                                        class=\"property-title\">Mat\u00e9riau du c\u00e2ble :&nbsp;<\/span><span\n                                        class=\"property-desc line-limit-length\">Acier, 7 brins<\/span>\n                            <\/li>\n<li class=\"product-prop line-limit-length\"><span\n                                        class=\"property-title\">Mat\u00e9riel:&nbsp;<\/span><span\n                                        class=\"property-desc line-limit-length\">Alliage d&#039;aluminium, acier, cuivre, plastique (PPS et PA, etc.)<\/span>\n                            <\/li>\n<li class=\"product-prop line-limit-length\"><span\n                                        class=\"property-title\">Mode de contr\u00f4le \u00e0 distance :&nbsp;<\/span><span\n                                        class=\"property-desc line-limit-length\">T\u00e9l\u00e9commande filaire<\/span>\n                            <\/li>\n<li class=\"product-prop line-limit-length\"><span\n                                        class=\"property-title\">Indice d&#039;\u00e9tanch\u00e9it\u00e9 :&nbsp;<\/span><span\n                                        class=\"property-desc line-limit-length\">IP55<\/span>\n                            <\/li>\n<li class=\"product-prop line-limit-length\"><span\n                                        class=\"property-title\">Poids net:&nbsp;<\/span><span\n                                        class=\"property-desc line-limit-length\">16 lb\/7,26 kg<\/span>\n                            <\/li>\n<li class=\"product-prop line-limit-length\"><span\n                                        class=\"property-title\">Taper:&nbsp;<\/span><span\n                                        class=\"property-desc line-limit-length\">Treuil \u00e9lectrique<\/span>\n                            <\/li>\n<\/ul><\/div>\n<div class=\"detailmodule_html\">\n<div class=\"detail-desc-decorate-richtext\">\n<div style=\"font-family:&quot;Open sans&quot;, Arial, Helvetica, sans-serif\">\n<div><img decoding=\"async\" style=\"width:100%\" width=\"100%\" src=\"https:\/\/d2qc09rl1gfuof.cloudfront.net\/vevor\/boutique-banner\/pc\/banner-en.jpg\" slate-data-type=\"image\"\/><\/div>\n<div>\n<div style=\"font-size:16px;font-weight:bold;text-align:center;color:rgb(34, 34, 34);margin:24px 0px;margin-bottom:24px;margin-top:24px;margin-left:0px;margin-right:0px\" align=\"center\">Treuil \u00e9lectrique pour VTT de 907 kg (2000 lb), conqu\u00e9rez tous les terrains en toute confiance<\/div>\n<div><img decoding=\"async\" style=\"width:100%\" width=\"100%\" src=\"https:\/\/d2qc09rl1gfuof.cloudfront.net\/product\/ATVGSSJP2000PXII1\/electric-winch-a100-1.4-pt.jpg\" slate-data-type=\"image\"\/><\/div>\n<div style=\"font-size:14px;text-align:center;color:rgb(34, 34, 34);margin:16px 0px 24px;margin-bottom:24px;margin-top:16px;margin-left:0px;margin-right:0px\" align=\"center\">Notre treuil \u00e9lectrique robuste offre une capacit\u00e9 de traction de 907 kg (2\u00a0000 lb) et une \u00e9tanch\u00e9it\u00e9 IP55, id\u00e9al pour sortir votre VTT ou SSV des bourbiers. Gr\u00e2ce \u00e0 son moteur \u00e0 aimant permanent en cuivre de 12 V CC\/0,95 CV, son rapport de r\u00e9duction de 153:1 et son c\u00e2ble en acier, vous ne resterez jamais longtemps embourb\u00e9.<\/div>\n<\/div>\n<div>\n<div style=\"margin:8px 0px;margin-bottom:8px;margin-top:8px;margin-left:0px;margin-right:0px\"><img decoding=\"async\" style=\"width:100%\" width=\"100%\" src=\"https:\/\/d2qc09rl1gfuof.cloudfront.net\/product\/ATVGSSJP2000PXII1\/electric-winch-a100-2.2-pt.jpg\" slate-data-type=\"image\"\/><\/div>\n<div style=\"font-size:14px;text-align:center;color:rgb(34, 34, 34);margin:16px 0px 24px;margin-bottom:24px;margin-top:16px;margin-left:0px;margin-right:0px\" align=\"center\">Notre treuil \u00e9lectrique est aliment\u00e9 par un moteur robuste en cuivre de 12 V CC\/0,95 CV, garantissant une puissance constante et efficace. Gr\u00e2ce \u00e0 son syst\u00e8me d&#039;engrenages plan\u00e9taires de pointe et \u00e0 son rapport de r\u00e9duction de 153:1, vous b\u00e9n\u00e9ficierez d&#039;une traction fluide et fiable, m\u00eame dans des conditions climatiques difficiles ou dans la boue profonde.<\/div>\n<\/div>\n<div>\n<div style=\"margin:8px 0px;margin-bottom:8px;margin-top:8px;margin-left:0px;margin-right:0px\"><img decoding=\"async\" style=\"width:100%\" width=\"100%\" src=\"https:\/\/d2qc09rl1gfuof.cloudfront.net\/product\/ATVGSSJP2000PXII1\/electric-winch-a100-2.3-pt.jpg\" slate-data-type=\"image\"\/><\/div>\n<div style=\"font-size:14px;text-align:center;color:rgb(34, 34, 34);margin:16px 0px 24px;margin-bottom:24px;margin-top:16px;margin-left:0px;margin-right:0px\" align=\"center\">Notre treuil pour VTT est \u00e9quip\u00e9 d&#039;un c\u00e2ble de haute qualit\u00e9, dont les cinq derniers rouleaux sont marqu\u00e9s en rouge pour plus de s\u00e9curit\u00e9. Il b\u00e9n\u00e9ficie d&#039;un indice d&#039;\u00e9tanch\u00e9it\u00e9 IP55 et d&#039;une finition noire mate robuste, lui permettant de r\u00e9sister sans probl\u00e8me aux fortes pluies et aux conditions difficiles.<\/div>\n<\/div>\n<div>\n<div style=\"margin:8px 0px;margin-bottom:8px;margin-top:8px;margin-left:0px;margin-right:0px\"><img decoding=\"async\" style=\"width:100%\" width=\"100%\" src=\"https:\/\/d2qc09rl1gfuof.cloudfront.net\/product\/ATVGSSJP2000PXII1\/electric-winch-a100-2.4-pt.jpg\" slate-data-type=\"image\"\/><\/div>\n<div style=\"font-size:14px;text-align:center;color:rgb(34, 34, 34);margin:16px 0px 24px;margin-bottom:24px;margin-top:16px;margin-left:0px;margin-right:0px\" align=\"center\">Con\u00e7u pour relever les d\u00e9fis les plus difficiles, notre c\u00e2ble de treuil pour UTV r\u00e9siste aux intemp\u00e9ries et aux temp\u00e9ratures extr\u00eames, facilitant ainsi diverses t\u00e2ches de traction sans rupture, \u00e0 sa capacit\u00e9 nominale. De plus, gr\u00e2ce \u00e0 des marquages de charge clairs sur chaque couche, vous b\u00e9n\u00e9ficiez d&#039;une int\u00e9grit\u00e9 du mat\u00e9riau et d&#039;une s\u00e9curit\u00e9 de traction sup\u00e9rieures.<\/div>\n<\/div>\n<div>\n<div style=\"margin:8px 0px;margin-bottom:8px;margin-top:8px;margin-left:0px;margin-right:0px\"><img decoding=\"async\" style=\"width:100%\" width=\"100%\" src=\"https:\/\/d2qc09rl1gfuof.cloudfront.net\/product\/ATVGSSJP2000PXII1\/electric-winch-a100-2.5-pt.jpg\" slate-data-type=\"image\"\/><\/div>\n<div style=\"font-size:14px;text-align:center;color:rgb(34, 34, 34);margin:16px 0px 24px;margin-bottom:24px;margin-top:16px;margin-left:0px;margin-right:0px\" align=\"center\">Dites adieu aux c\u00e2bles encombrants\u00a0! Notre treuil 12\u00a0volts est \u00e9quip\u00e9 de c\u00e2bles d&#039;alimentation \u00e0 code couleur pour une installation rapide et sans erreur. Gr\u00e2ce \u00e0 la t\u00e9l\u00e9commande filaire, il suffit de brancher les c\u00e2bles d&#039;alimentation et vous \u00eates pr\u00eat pour une r\u00e9cup\u00e9ration fluide et efficace de votre v\u00e9hicule.<\/div>\n<\/div>\n<div style=\"margin:16px 0px 24px;margin-bottom:24px;margin-top:16px;margin-left:0px;margin-right:0px\"><\/div>\n<div style=\"margin:24px 0px;margin-bottom:24px;margin-top:24px;margin-left:0px;margin-right:0px\">\n<div style=\"font-size:16px;font-weight:bold;color:rgb(34, 34, 34);margin:24px 0px 16px;margin-bottom:16px;margin-top:24px;margin-left:0px;margin-right:0px\">Caract\u00e9ristiques et d\u00e9tails<\/div>\n<ul style=\"margin:16px 0px 24px;margin-bottom:24px;margin-top:16px;margin-left:0px;margin-right:0px\">\n<li style=\"font-size:14px;color:rgb(34, 34, 34)\">\n<p>Un atout de taille pour votre v\u00e9hicule\u00a0: con\u00e7u sp\u00e9cifiquement pour le d\u00e9pannage hors route, notre treuil \u00e9lectrique robuste offre une capacit\u00e9 de traction impressionnante de 907\u00a0kg (2\u00a0000\u00a0lb). Si votre v\u00e9hicule est embourb\u00e9 ou pris sous une averse, ce treuil vous fournit la puissance n\u00e9cessaire pour reprendre rapidement la route. Id\u00e9al pour le remorquage de petits v\u00e9hicules comme les quads et les SSV, il vous permet de poursuivre vos aventures sans interruption.<\/p>\n<\/li>\n<li style=\"font-size:14px;color:rgb(34, 34, 34)\">\n<p>Une puissance \u00e0 toute \u00e9preuve\u00a0: notre treuil pour VTT est \u00e9quip\u00e9 d&#039;un moteur robuste de 12\u00a0V CC\/0,95\u00a0CV \u00e0 aimant permanent en cuivre, fournissant une puissance continue et efficace lorsque vous en avez le plus besoin. Gr\u00e2ce \u00e0 son syst\u00e8me d&#039;engrenages plan\u00e9taires de pointe et son rapport de r\u00e9duction de 153:1, il garantit une force de traction fiable et puissante. Qu&#039;il s&#039;agisse d&#039;intemp\u00e9ries ou de boue profonde, ce treuil vous permettra de r\u00e9cup\u00e9rer votre v\u00e9hicule sans effort et en toute s\u00e9curit\u00e9.<\/p>\n<\/li>\n<li style=\"font-size:14px;color:rgb(34, 34, 34)\">\n<p>C\u00e2ble en acier robuste : Pr\u00e9parez-vous \u00e0 des performances robustes avec notre c\u00e2ble en acier robuste \u00e0 7 brins. Con\u00e7u pour r\u00e9sister aux conditions climatiques difficiles et aux temp\u00e9ratures extr\u00eames, ce c\u00e2ble en acier est robuste et r\u00e9sistera \u00e0 tous les d\u00e9fis. De plus, les marquages rouges vifs sur les 5 derniers rouleaux offrent une visibilit\u00e9 optimale, garantissant s\u00e9curit\u00e9 et durabilit\u00e9, quelle que soit la difficult\u00e9 du travail.<\/p>\n<\/li>\n<li style=\"font-size:14px;color:rgb(34, 34, 34)\">\n<p>Facilit\u00e9 d&#039;utilisation et fonctionnement sans souci\u00a0: Notre petit treuil est \u00e9quip\u00e9 d&#039;une t\u00e9l\u00e9commande filaire avec bo\u00eetier \u00e9tanche et r\u00e9sistant \u00e0 la corrosion, garantissant des performances fiables par tous les temps. Branchez simplement le cordon d&#039;alimentation et vous \u00eates pr\u00eat \u00e0 effectuer votre auto-sauvetage pour une utilisation sans obstacle. Contrairement aux t\u00e9l\u00e9commandes sans fil, vous n&#039;aurez plus \u00e0 vous soucier de la perte de piles, ce qui en fait un choix plus fiable pour le d\u00e9pannage en ext\u00e9rieur.<\/p>\n<\/li>\n<li style=\"font-size:14px;color:rgb(34, 34, 34)\">\n<p>Remorquage en toute tranquillit\u00e9\u00a0: M\u00e9t\u00e9o capricieuse\u00a0? Aucun probl\u00e8me\u00a0! Notre treuil \u00e9lectrique est dot\u00e9 d&#039;un indice d&#039;\u00e9tanch\u00e9it\u00e9 IP55 et d&#039;une \u00e9l\u00e9gante finition noire mate qui renforce sa r\u00e9sistance \u00e0 la rouille et son isolation. Il est pr\u00eat \u00e0 affronter les fortes pluies, la boue et autres environnements difficiles. Gr\u00e2ce \u00e0 ses c\u00e2bles d&#039;alimentation \u00e0 code couleur et \u00e0 ses instructions faciles \u00e0 suivre, l&#039;installation se fait sans accroc et vous pouvez enfin profiter pleinement de votre voyage.<\/p>\n<\/li>\n<\/ul>\n<\/div>\n<div>\n<div>\n<div style=\"margin:16px 0px 24px;margin-bottom:24px;margin-top:16px;margin-left:0px;margin-right:0px\"><img decoding=\"async\" style=\"width:100%\" width=\"100%\" src=\"https:\/\/d2qc09rl1gfuof.cloudfront.net\/product\/ATVGSSJP2000PXII1\/electric-winch-a100-1.11-pt.jpg\" slate-data-type=\"image\"\/><\/div>\n<\/div>\n<\/div>\n<\/div>\n<\/div>\n<\/div>\n<p><\/p>","protected":false},"excerpt":{"rendered":"<p>Hign-concerned Chemical:&nbsp;None Origin:&nbsp;Mainland China Brand Name:&nbsp;VEVOR Type:&nbsp;Power Brand:&nbsp;VEVOR Rated Line Pull Capacity:&nbsp;2000 lbs\/907 kg Cable Material:&nbsp;Steel, 7 Strands Material:&nbsp;Alloy Aluminum, Steel, Copper, Plastic (PPS and PA, etc.) Remote Control Mode:&nbsp;Wired<\/p>","protected":false},"featured_media":25001,"comment_status":"open","ping_status":"closed","template":"","meta":{"_acf_changed":false},"product_brand":[],"product_cat":[522],"product_tag":[],"class_list":{"0":"post-25000","1":"product","2":"type-product","3":"status-publish","4":"has-post-thumbnail","6":"product_cat-electric-winches","8":"first","9":"instock","10":"shipping-taxable","11":"purchasable","12":"product-type-variable"},"acf":[],"_links":{"self":[{"href":"https:\/\/www.electricstore.eu\/fr\/wp-json\/wp\/v2\/product\/25000","targetHints":{"allow":["GET"]}}],"collection":[{"href":"https:\/\/www.electricstore.eu\/fr\/wp-json\/wp\/v2\/product"}],"about":[{"href":"https:\/\/www.electricstore.eu\/fr\/wp-json\/wp\/v2\/types\/product"}],"replies":[{"embeddable":true,"href":"https:\/\/www.electricstore.eu\/fr\/wp-json\/wp\/v2\/comments?post=25000"}],"wp:featuredmedia":[{"embeddable":true,"href":"https:\/\/www.electricstore.eu\/fr\/wp-json\/wp\/v2\/media\/25001"}],"wp:attachment":[{"href":"https:\/\/www.electricstore.eu\/fr\/wp-json\/wp\/v2\/media?parent=25000"}],"wp:term":[{"taxonomy":"product_brand","embeddable":true,"href":"https:\/\/www.electricstore.eu\/fr\/wp-json\/wp\/v2\/product_brand?post=25000"},{"taxonomy":"product_cat","embeddable":true,"href":"https:\/\/www.electricstore.eu\/fr\/wp-json\/wp\/v2\/product_cat?post=25000"},{"taxonomy":"product_tag","embeddable":true,"href":"https:\/\/www.electricstore.eu\/fr\/wp-json\/wp\/v2\/product_tag?post=25000"}],"curies":[{"name":"wp","href":"https:\/\/api.w.org\/{rel}","templated":true}]}}