{"id":24992,"date":"2025-05-20T18:43:48","date_gmt":"2025-05-20T18:43:48","guid":{"rendered":"https:\/\/electricstore.eu\/p\/uncategorized\/vevor-2640lbs-electric-hoist-winch-230v-with-14ft-wired-remote-control-40ft-single-cable-lifting-height-lift-hoist-for-garage\/"},"modified":"2025-05-20T18:47:24","modified_gmt":"2025-05-20T18:47:24","slug":"vevor-2640lbs-electric-hoist-winch-230v-with-14ft-wired-remote-control-40ft-single-cable-lifting-height-lift-hoist-for-garage","status":"publish","type":"product","link":"https:\/\/www.electricstore.eu\/fr\/p\/o\/electric-lifting-hoists\/vevor-2640lbs-electric-hoist-winch-230v-with-14ft-wired-remote-control-40ft-single-cable-lifting-height-lift-hoist-for-garage\/","title":{"rendered":"Treuil de levage \u00e9lectrique VEVOR 2640 lb (1200 kg) 230 V avec t\u00e9l\u00e9commande filaire de 4,25 m, c\u00e2ble unique de 12 m, hauteur de levage maximale de 12 m, pour garage"},"content":{"rendered":"<div class=\"product-specs-list-container\">\n<ul class=\"product-specs-list util-clearfix\">\n<li class=\"product-prop line-limit-length\"><span\n                                        class=\"property-title\">Produits chimiques hautement pr\u00e9occupants :&nbsp;<\/span><span\n                                        class=\"property-desc line-limit-length\">Aucun<\/span>\n                            <\/li>\n<li class=\"product-prop line-limit-length\"><span\n                                        class=\"property-title\">Num\u00e9ro de mod\u00e8le :&nbsp;<\/span><span\n                                        class=\"property-desc line-limit-length\">PA1200<\/span>\n                            <\/li>\n<li class=\"product-prop line-limit-length\"><span\n                                        class=\"property-title\">Origine:&nbsp;<\/span><span\n                                        class=\"property-desc line-limit-length\">Chine continentale<\/span>\n                            <\/li>\n<li class=\"product-prop line-limit-length\"><span\n                                        class=\"property-title\">Nom de marque :&nbsp;<\/span><span\n                                        class=\"property-desc line-limit-length\">VEVOR<\/span>\n                            <\/li>\n<\/ul><\/div>\n<div class=\"detailmodule_html\">\n<div class=\"detail-desc-decorate-richtext\">\n<div style=\"font-family:&quot;Open sans&quot;, Arial, Helvetica, sans-serif\">\n<div><img decoding=\"async\" style=\"width:100%\" width=\"100%\" src=\"https:\/\/d2qc09rl1gfuof.cloudfront.net\/vevor\/boutique-banner\/pc\/banner-en.jpg\" slate-data-type=\"image\"\/><\/div>\n<div>\n<div style=\"font-size:16px;font-weight:bold;text-align:center;color:rgb(34, 34, 34);margin:24px 0px;margin-bottom:24px;margin-top:24px;margin-left:0px;margin-right:0px\" align=\"center\">Palan \u00e9lectrique VEVOR \u2013 Soulevez votre cargaison sans effort<\/div>\n<div><img decoding=\"async\" style=\"width:100%\" width=\"100%\" src=\"https:\/\/d2qc09rl1gfuof.cloudfront.net\/product\/DDGSSHLYXYKKENXQQ\/electric-hoist-a100-1.4.jpg\" slate-data-type=\"image\"\/><\/div>\n<div style=\"font-size:14px;text-align:center;color:rgb(34, 34, 34);margin:16px 0px 24px;margin-bottom:24px;margin-top:16px;margin-left:0px;margin-right:0px\" align=\"center\">VEVOR, votre expert exclusif en outillage. Ce palan \u00e9lectrique est \u00e9quip\u00e9 d&#039;un moteur en cuivre pur, offrant une capacit\u00e9 de charge \u00e9lev\u00e9e pour le levage d&#039;objets lourds. Son c\u00e2ble filaire de 4,27 m (14 pi) permet de le man\u0153uvrer en toute s\u00e9curit\u00e9.<\/div>\n<\/div>\n<div>\n<div style=\"margin:8px 0px;margin-bottom:8px;margin-top:8px;margin-left:0px;margin-right:0px\"><img decoding=\"async\" style=\"width:100%\" width=\"100%\" src=\"https:\/\/d2qc09rl1gfuof.cloudfront.net\/product\/DDGSSHLYXYKKENXQQ\/electric-hoist-a100-2.2.jpg\" slate-data-type=\"image\"\/><\/div>\n<div style=\"font-size:14px;text-align:center;color:rgb(34, 34, 34);margin:16px 0px 24px;margin-bottom:24px;margin-top:16px;margin-left:0px;margin-right:0px\" align=\"center\">Besoin de vitesse ou de puissance\u00a0? Basculez entre le mode monoc\u00e2ble pour des levages plus rapides avec des charges l\u00e9g\u00e8res et le mode bic\u00e2ble pour les travaux plus lourds. Notre treuil \u00e9lectrique est con\u00e7u pour relever tous les d\u00e9fis.<\/div>\n<\/div>\n<div>\n<div style=\"margin:8px 0px;margin-bottom:8px;margin-top:8px;margin-left:0px;margin-right:0px\"><img decoding=\"async\" style=\"width:100%\" width=\"100%\" src=\"https:\/\/d2qc09rl1gfuof.cloudfront.net\/product\/DDGSSHLYXYKKENXQQ\/electric-hoist-a100-2.3.jpg\" slate-data-type=\"image\"\/><\/div>\n<div style=\"font-size:14px;text-align:center;color:rgb(34, 34, 34);margin:16px 0px 24px;margin-bottom:24px;margin-top:16px;margin-left:0px;margin-right:0px\" align=\"center\">Que vous soyez pr\u00e8s ou loin, ce l\u00e8ve-personne de plafond est \u00e9quip\u00e9 d&#039;une t\u00e9l\u00e9commande filaire. Avec une port\u00e9e jusqu&#039;\u00e0 4,25 m et un arr\u00eat d&#039;urgence, il vous offre s\u00e9r\u00e9nit\u00e9 et flexibilit\u00e9 pour un travail impeccable.<\/div>\n<\/div>\n<div>\n<div style=\"margin:8px 0px;margin-bottom:8px;margin-top:8px;margin-left:0px;margin-right:0px\"><img decoding=\"async\" style=\"width:100%\" width=\"100%\" src=\"https:\/\/d2qc09rl1gfuof.cloudfront.net\/product\/DDGSSHLYXYKKENXQQ\/electric-hoist-a100-2.4.jpg\" slate-data-type=\"image\"\/><\/div>\n<div style=\"font-size:14px;text-align:center;color:rgb(34, 34, 34);margin:16px 0px 24px;margin-bottom:24px;margin-top:16px;margin-left:0px;margin-right:0px\" align=\"center\">Dot\u00e9 d&#039;un moteur en cuivre fiable \u00e0 refroidissement par air, ce palan de garage assure un levage facile et constant. Son syst\u00e8me de refroidissement et son ventilateur pr\u00e9viennent la surchauffe, vous permettant ainsi de travailler plus longtemps sans interruption.<\/div>\n<\/div>\n<div>\n<div style=\"margin:8px 0px;margin-bottom:8px;margin-top:8px;margin-left:0px;margin-right:0px\"><img decoding=\"async\" style=\"width:100%\" width=\"100%\" src=\"https:\/\/d2qc09rl1gfuof.cloudfront.net\/product\/DDGSSHLYXYKKENXQQ\/electric-hoist-a100-2.5.jpg\" slate-data-type=\"image\"\/><\/div>\n<div style=\"font-size:14px;text-align:center;color:rgb(34, 34, 34);margin:16px 0px 24px;margin-bottom:24px;margin-top:16px;margin-left:0px;margin-right:0px\" align=\"center\">Que vous travailliez dans votre garage, votre entrep\u00f4t ou votre atelier, ce palan \u00e0 c\u00e2ble \u00e9lectrique s&#039;adapte \u00e0 une vari\u00e9t\u00e9 de t\u00e2ches, ce qui en fait un outil id\u00e9al pour tout projet.<\/div>\n<\/div>\n<div style=\"margin:16px 0px 24px;margin-bottom:24px;margin-top:16px;margin-left:0px;margin-right:0px\"><\/div>\n<div style=\"margin:24px 0px;margin-bottom:24px;margin-top:24px;margin-left:0px;margin-right:0px\">\n<div style=\"font-size:16px;font-weight:bold;color:rgb(34, 34, 34);margin:24px 0px 16px;margin-bottom:16px;margin-top:24px;margin-left:0px;margin-right:0px\">Caract\u00e9ristiques et d\u00e9tails<\/div>\n<ul style=\"margin:16px 0px 24px;margin-bottom:24px;margin-top:16px;margin-left:0px;margin-right:0px\">\n<li style=\"font-size:14px;color:rgb(34, 34, 34)\">\n<p>Capacit\u00e9 de charge de 1\u00a0200 kg\u00a0: Ce palan \u00e9lectrique peut facilement soulever de petits moteurs, des transmissions, de gros outils d\u2019atelier ou des mat\u00e9riaux de construction. Capacit\u00e9 de levage\u00a0: 600 kg (c\u00e2ble simple), 1\u00a0200 kg (c\u00e2ble double).<\/p>\n<\/li>\n<li style=\"font-size:14px;color:rgb(34, 34, 34)\">\n<p>Moteur puissant\u00a0: Le moteur en cuivre de haute qualit\u00e9 offre une puissance \u00e9lev\u00e9e, capable de supporter des forces importantes sans d\u00e9former le treuil \u00e9lectrique. De plus, le grand ventilateur de refroidissement assure un refroidissement rapide de la machine afin d\u2019\u00e9viter toute surchauffe. Ainsi, ce moteur puissant garantit un fonctionnement efficace et vous permet de gagner du temps et de l\u2019\u00e9nergie.<\/p>\n<\/li>\n<li style=\"font-size:14px;color:rgb(34, 34, 34)\">\n<p>Installation facile\u00a0: notre palan de garage se fixe directement au plafond \u00e0 l\u2019aide de tasseaux m\u00e9talliques ou en bois massif. De plus, il est \u00e9quip\u00e9 d\u2019un arr\u00eat d\u2019urgence et d\u2019un syst\u00e8me de freinage \u00e9lectromagn\u00e9tique pour \u00e9viter tout glissement intempestif.<\/p>\n<\/li>\n<li style=\"font-size:14px;color:rgb(34, 34, 34)\">\n<p>T\u00e9l\u00e9commande\u00a0: La t\u00e9l\u00e9commande filaire s\u2019effectue gr\u00e2ce \u00e0 l\u2019interrupteur d\u2019une commande situ\u00e9e sur le c\u00e2ble install\u00e9 sur le l\u00e8ve-personne au plafond. La longueur du c\u00e2ble est d\u2019environ 4,25\u00a0m, ce qui vous permet de l\u2019utiliser \u00e0 distance en toute s\u00e9curit\u00e9.<\/p>\n<\/li>\n<li style=\"font-size:14px;color:rgb(34, 34, 34)\">\n<p>Utilisations multiples\u00a0: Ce palan \u00e9lectrique est largement utilis\u00e9 dans les garages, les usines, les entrep\u00f4ts et les foyers, aussi bien par les professionnels que par les amateurs. Il convient \u00e0 la r\u00e9paration de bateaux, de voitures, de tondeuses \u00e0 gazon, de voiturettes de golf, d\u2019\u00e9l\u00e9ments de d\u00e9coration, de moteurs, de rochers, d\u2019arbres, etc.<\/p>\n<\/li>\n<\/ul>\n<\/div>\n<div>\n<div>\n<div style=\"margin:16px 0px 24px;margin-bottom:24px;margin-top:16px;margin-left:0px;margin-right:0px\"><img decoding=\"async\" style=\"width:100%\" width=\"100%\" src=\"https:\/\/d2qc09rl1gfuof.cloudfront.net\/product\/DDGSSHLYXYKKENXQQ\/electric-hoist-a100-1.11.jpg\" slate-data-type=\"image\"\/><\/div>\n<\/div>\n<\/div>\n<\/div>\n<div><\/div>\n<\/div>\n<\/div>\n<p><\/p>","protected":false},"excerpt":{"rendered":"<p>Hign-concerned Chemical:&nbsp;None Model Number:&nbsp;PA1200 Origin:&nbsp;Mainland China Brand Name:&nbsp;VEVOR VEVOR Electric Hoist \u2013 Lift Your Cargo with No Effort VEVOR, your exclusive tool expert. This electric hoist features a pure copper<\/p>","protected":false},"featured_media":24993,"comment_status":"open","ping_status":"closed","template":"","meta":{"_acf_changed":false},"product_brand":[],"product_cat":[517],"product_tag":[],"class_list":{"0":"post-24992","1":"product","2":"type-product","3":"status-publish","4":"has-post-thumbnail","6":"product_cat-electric-lifting-hoists","8":"first","9":"instock","10":"shipping-taxable","11":"purchasable","12":"product-type-variable"},"acf":[],"_links":{"self":[{"href":"https:\/\/www.electricstore.eu\/fr\/wp-json\/wp\/v2\/product\/24992","targetHints":{"allow":["GET"]}}],"collection":[{"href":"https:\/\/www.electricstore.eu\/fr\/wp-json\/wp\/v2\/product"}],"about":[{"href":"https:\/\/www.electricstore.eu\/fr\/wp-json\/wp\/v2\/types\/product"}],"replies":[{"embeddable":true,"href":"https:\/\/www.electricstore.eu\/fr\/wp-json\/wp\/v2\/comments?post=24992"}],"wp:featuredmedia":[{"embeddable":true,"href":"https:\/\/www.electricstore.eu\/fr\/wp-json\/wp\/v2\/media\/24993"}],"wp:attachment":[{"href":"https:\/\/www.electricstore.eu\/fr\/wp-json\/wp\/v2\/media?parent=24992"}],"wp:term":[{"taxonomy":"product_brand","embeddable":true,"href":"https:\/\/www.electricstore.eu\/fr\/wp-json\/wp\/v2\/product_brand?post=24992"},{"taxonomy":"product_cat","embeddable":true,"href":"https:\/\/www.electricstore.eu\/fr\/wp-json\/wp\/v2\/product_cat?post=24992"},{"taxonomy":"product_tag","embeddable":true,"href":"https:\/\/www.electricstore.eu\/fr\/wp-json\/wp\/v2\/product_tag?post=24992"}],"curies":[{"name":"wp","href":"https:\/\/api.w.org\/{rel}","templated":true}]}}