{"id":24907,"date":"2025-05-20T18:43:23","date_gmt":"2025-05-20T18:43:23","guid":{"rendered":"https:\/\/electricstore.eu\/p\/uncategorized\/vevor-lifting-chain-sling-lifts-5-tonne-1-5m-3m-4m-x-5-16-inch-heavy-duty-with-4-legs-grade-hooks-and-adjuster-g80-alloy-steel\/"},"modified":"2025-05-20T18:45:47","modified_gmt":"2025-05-20T18:45:47","slug":"vevor-lifting-chain-sling-lifts-5-tonne-1-5m-3m-4m-x-5-16-inch-heavy-duty-with-4-legs-grade-hooks-and-adjuster-g80-alloy-steel","status":"publish","type":"product","link":"https:\/\/www.electricstore.eu\/fr\/p\/o\/electric-lifting-hoists\/vevor-lifting-chain-sling-lifts-5-tonne-1-5m-3m-4m-x-5-16-inch-heavy-duty-with-4-legs-grade-hooks-and-adjuster-g80-alloy-steel\/","title":{"rendered":"\u00c9lingue de levage \u00e0 cha\u00eene VEVOR de 5 tonnes, 1,5 m, 3 m, 4 m x 5\/16 po, robuste, avec crochets \u00e0 4 pattes et ajusteur, en acier alli\u00e9 G80"},"content":{"rendered":"<div class=\"product-specs-list-container\">\n<ul class=\"product-specs-list util-clearfix\">\n<li class=\"product-prop line-limit-length\"><span\n                                        class=\"property-title\">Produits chimiques hautement pr\u00e9occupants :&nbsp;<\/span><span\n                                        class=\"property-desc line-limit-length\">Aucun<\/span>\n                            <\/li>\n<li class=\"product-prop line-limit-length\"><span\n                                        class=\"property-title\">Origine:&nbsp;<\/span><span\n                                        class=\"property-desc line-limit-length\">Chine continentale<\/span>\n                            <\/li>\n<li class=\"product-prop line-limit-length\"><span\n                                        class=\"property-title\">Nom de marque :&nbsp;<\/span><span\n                                        class=\"property-desc line-limit-length\">VEVOR<\/span>\n                            <\/li>\n<\/ul><\/div>\n<p><\/p>\n<div class=\"detailmodule_html\">\n<div class=\"detail-desc-decorate-richtext\">\n<div>\n<\/div>\n<div style=\"padding:20px;padding-bottom:20px;padding-top:20px;padding-left:20px;padding-right:20px\">\n<div style=\"text-align:center;width:100%\" align=\"center\"><img decoding=\"async\" src=\"https:\/\/vevor-bmp-prm.s3.ap-east-1.amazonaws.com\/default\/vevor-1.png\" slate-data-type=\"image\"\/><\/div>\n<div style=\"font-size:16px;font-weight:bold;line-height:36px\">Description du produit<\/div>\n<div style=\"width:100%\"><img decoding=\"async\" src=\"https:\/\/d2qc09rl1gfuof.cloudfront.net\/product\/4MSGLT00000000001\/chain-slings-a100-1.4.jpg\" slate-data-type=\"image\"\/><\/div>\n<div style=\"margin-top:15px;display:flex\">\n<div style=\"width:33%\"><img decoding=\"async\" style=\"width:100%\" width=\"100%\" src=\"https:\/\/d2qc09rl1gfuof.cloudfront.net\/product\/4MSGLT00000000001\/four-leg-Lifting-Chain-x1.jpg\" slate-data-type=\"image\"\/><\/div>\n<div style=\"padding:0px 15px;padding-bottom:0px;padding-top:0px;padding-left:15px;padding-right:15px;width:33%\">\n<div style=\"font-size:16px;font-weight:bold;line-height:36px\">\u00c9lingue \u00e0 cha\u00eene 5\/16 po x 13 pi<\/div>\n<div style=\"font-size:14px\"><\/div>\n<div style=\"font-size:14px\">Cette \u00e9lingue \u00e0 quatre brins est compos\u00e9e d&#039;une cha\u00eene en acier au mangan\u00e8se G80 et d&#039;un crochet en acier alli\u00e9 \u00e0 rev\u00eatement en poudre, qui ne s&#039;allonge pas sous tension. R\u00e9sistante \u00e0 l&#039;usure et aux hautes temp\u00e9ratures, elle garantit une longue dur\u00e9e de vie et constitue un outil pr\u00e9cieux pour am\u00e9liorer l&#039;efficacit\u00e9 au travail.<\/div>\n<ul style=\"font-size:14px;background-color:rgb(243, 243, 243);border:1px solid rgb(204, 204, 204);margin-top:8px;padding:10px 40px;padding-bottom:10px;padding-top:10px;padding-left:40px;padding-right:40px\">\n<li>\n<p>Capacit\u00e9 de charge de 11\u00a0000 livres<\/p>\n<\/li>\n<li>\n<p>Construction en acier durable<\/p>\n<\/li>\n<li>\n<p>Cha\u00eenes et crochets robustes<\/p>\n<\/li>\n<li>\n<p>Pr\u00e9cautions d&#039;emploi<\/p>\n<\/li>\n<\/ul>\n<\/div>\n<div style=\"border-left:1px solid rgb(204, 204, 204);padding:0px 15px;padding-bottom:0px;padding-top:0px;padding-left:15px;padding-right:15px;width:33%\">\n<div>\u00a0<\/div>\n<div style=\"padding:0px 15px;padding-bottom:0px;padding-top:0px;padding-left:15px;padding-right:15px\">\n<div><img decoding=\"async\" style=\"width:100%\" width=\"100%\" src=\"https:\/\/www.jinlantrade.com\/ebay\/VEVOR\/vevor-2.png\" slate-data-type=\"image\"\/><\/div>\n<div style=\"font-size:14px;font-weight:bold;line-height:24px\">\u00c9quipement et outils robustes, \u00e0 prix r\u00e9duit<\/div>\n<div style=\"font-size:12px;margin:8px 0px;margin-bottom:8px;margin-top:8px;margin-left:0px;margin-right:0px\">VEVOR est une marque leader sp\u00e9cialis\u00e9e dans les \u00e9quipements et l&#039;outillage. Forte de milliers d&#039;employ\u00e9s motiv\u00e9s, VEVOR s&#039;engage \u00e0 fournir \u00e0 ses clients des \u00e9quipements et des outils robustes \u00e0 des prix incroyablement bas. Aujourd&#039;hui, les produits VEVOR sont vendus dans plus de 200 pays et r\u00e9gions et comptent plus de 10 millions de membres \u00e0 travers le monde.<\/div>\n<div style=\"font-size:14px;font-weight:bold;line-height:24px\">Pourquoi choisir VEVOR ?<\/div>\n<ul style=\"font-size:14px;background-color:rgb(243, 243, 243);border:1px solid rgb(204, 204, 204);margin-top:8px;padding:10px 40px;padding-bottom:10px;padding-top:10px;padding-left:40px;padding-right:40px\">\n<li>\n<p>Qualit\u00e9 sup\u00e9rieure et robuste<\/p>\n<\/li>\n<li>\n<p>Prix incroyablement bas<\/p>\n<\/li>\n<li>\n<p>Livraison rapide et s\u00e9curis\u00e9e<\/p>\n<\/li>\n<li>\n<p>Retours gratuits sous 30 jours<\/p>\n<\/li>\n<li>\n<p>Service attentif 24h\/24 et 7j\/7<\/p>\n<\/li>\n<\/ul>\n<\/div>\n<\/div>\n<\/div>\n<div style=\"margin-top:30px\">\n<div style=\"font-size:16px;font-weight:bold;line-height:36px\">Caract\u00e9ristiques principales<\/div>\n<div style=\"padding:30px;padding-bottom:30px;padding-top:30px;padding-left:30px;padding-right:30px\">\n<div>\n<div style=\"margin-top:15px;padding:0px 15px;padding-bottom:0px;padding-top:0px;padding-left:15px;padding-right:15px;display:inline-block;width:33%;box-sizing:border-box\">\n<div><img decoding=\"async\" style=\"width:100%\" width=\"100%\" src=\"https:\/\/d2qc09rl1gfuof.cloudfront.net\/product\/4MSGLT00000000001\/chain-slings-m100-2.jpg\" slate-data-type=\"image\"\/><\/div>\n<div style=\"font-size:16px;font-weight:bold;line-height:36px\">Grande capacit\u00e9 de chargement<\/div>\n<div style=\"font-size:14px\">Sa capacit\u00e9 nominale est de 11\u00a0000 livres et sa r\u00e9sistance \u00e0 la rupture est sup\u00e9rieure \u00e0 800 MPa. Elle doit \u00eatre utilis\u00e9e dans la plage de charge nominale.<\/div>\n<\/div>\n<div style=\"margin-top:15px;padding:0px 15px;padding-bottom:0px;padding-top:0px;padding-left:15px;padding-right:15px;display:inline-block;width:33%;box-sizing:border-box\">\n<div><img decoding=\"async\" style=\"width:100%\" width=\"100%\" src=\"https:\/\/d2qc09rl1gfuof.cloudfront.net\/product\/4MSGLT00000000001\/chain-slings-m100-3.jpg\" slate-data-type=\"image\"\/><\/div>\n<div style=\"font-size:16px;font-weight:bold;line-height:36px\">Structure robuste<\/div>\n<div style=\"font-size:14px\">L&#039;ensemble de la structure est fabriqu\u00e9 en acier de premi\u00e8re qualit\u00e9, offrant une meilleure r\u00e9sistance \u00e0 la corrosion, \u00e0 la rouille et \u00e0 l&#039;abrasion.<\/div>\n<\/div>\n<div style=\"margin-top:15px;padding:0px 15px;padding-bottom:0px;padding-top:0px;padding-left:15px;padding-right:15px;display:inline-block;width:33%;box-sizing:border-box\">\n<div><img decoding=\"async\" style=\"width:100%\" width=\"100%\" src=\"https:\/\/d2qc09rl1gfuof.cloudfront.net\/product\/4MSGLT00000000001\/chain-slings-m100-4.jpg\" slate-data-type=\"image\"\/><\/div>\n<div style=\"font-size:16px;font-weight:bold;line-height:36px\">Cha\u00eene robuste<\/div>\n<div style=\"font-size:14px\">Cette cha\u00eene de 5\/16 po x 13 pi est fabriqu\u00e9e en acier au mangan\u00e8se. Elle est r\u00e9sistante \u00e0 l&#039;usure et ne s&#039;allonge pas sous contrainte.<\/div>\n<\/div>\n<div style=\"margin-top:15px;padding:0px 15px;padding-bottom:0px;padding-top:0px;padding-left:15px;padding-right:15px;display:inline-block;width:33%;box-sizing:border-box\">\n<div><img decoding=\"async\" style=\"width:100%\" width=\"100%\" src=\"https:\/\/d2qc09rl1gfuof.cloudfront.net\/product\/4MSGLT00000000001\/chain-slings-m100-5.jpg\" slate-data-type=\"image\"\/><\/div>\n<div style=\"font-size:16px;font-weight:bold;line-height:36px\">Crochets autobloquants<\/div>\n<div style=\"font-size:14px\">Le crochet est fabriqu\u00e9 en acier alli\u00e9 pour r\u00e9pondre aux exigences de r\u00e9sistance et de duret\u00e9 et \u00e9viter tout glissement.<\/div>\n<\/div>\n<div style=\"margin-top:15px;padding:0px 15px;padding-bottom:0px;padding-top:0px;padding-left:15px;padding-right:15px;display:inline-block;width:33%;box-sizing:border-box\">\n<div><img decoding=\"async\" style=\"width:100%\" width=\"100%\" src=\"https:\/\/d2qc09rl1gfuof.cloudfront.net\/product\/4MSGLT00000000001\/chain-slings-m100-6.jpg\" slate-data-type=\"image\"\/><\/div>\n<div style=\"font-size:16px;font-weight:bold;line-height:36px\">Facile \u00e0 utiliser<\/div>\n<div style=\"font-size:14px\">Fixez l&#039;anneau de suspension \u00e0 votre appareil de levage, accrochez vos charges et vous \u00eates pr\u00eat \u00e0 commencer le levage.<\/div>\n<\/div>\n<div style=\"margin-top:15px;padding:0px 15px;padding-bottom:0px;padding-top:0px;padding-left:15px;padding-right:15px;display:inline-block;width:33%;box-sizing:border-box\">\n<div><img decoding=\"async\" style=\"width:100%\" width=\"100%\" src=\"https:\/\/d2qc09rl1gfuof.cloudfront.net\/product\/4MSGLT00000000001\/chain-slings-m100-7.jpg\" slate-data-type=\"image\"\/><\/div>\n<div style=\"font-size:16px;font-weight:bold;line-height:36px\">Largement utilis\u00e9<\/div>\n<div style=\"font-size:14px\">Adapt\u00e9 au levage ou au d\u00e9placement de charges dans divers secteurs d&#039;activit\u00e9, tels que les machines, les usines, les entrep\u00f4ts, les garages, etc.<\/div>\n<\/div>\n<\/div>\n<\/div>\n<\/div>\n<div style=\"margin-top:15px;display:flex\">\n<div style=\"width:33%\"><img decoding=\"async\" style=\"width:100%\" width=\"100%\" src=\"https:\/\/d2qc09rl1gfuof.cloudfront.net\/product\/4MSGLT00000000001\/chain-slings-a100-2.jpg\" slate-data-type=\"image\"\/><\/div>\n<div style=\"padding:0px 15px;padding-bottom:0px;padding-top:0px;padding-left:15px;padding-right:15px;width:33%\">\n<div style=\"font-size:16px;font-weight:bold;line-height:36px\">Caract\u00e9ristiques<\/div>\n<ul style=\"font-size:14px;border:1px solid rgb(204, 204, 204);margin-top:8px;padding:10px 40px;padding-bottom:10px;padding-top:10px;padding-left:40px;padding-right:40px\">\n<li>\n<p>Mat\u00e9riau : G80, acier alli\u00e9<\/p>\n<\/li>\n<li>\n<p>Racine de la cha\u00eene : 4<\/p>\n<\/li>\n<li>\n<p>Diam\u00e8tre de la cha\u00eene : 5\/16&quot;\/8 mm<\/p>\n<\/li>\n<li>\n<p>Longueur utile : 13 pi\/4 m<\/p>\n<\/li>\n<li>\n<p>Capacit\u00e9 de charge : 11\u00a0000 lb\/5 t<\/p>\n<\/li>\n<li>\n<p>Coefficient de s\u00e9curit\u00e9 : 4:1<\/p>\n<\/li>\n<\/ul>\n<\/div>\n<div style=\"border-left:1px solid rgb(204, 204, 204);padding:0px 15px;padding-bottom:0px;padding-top:0px;padding-left:15px;padding-right:15px;width:33%\">\n<div style=\"width:100%\"><img decoding=\"async\" style=\"width:100%\" width=\"100%\" src=\"https:\/\/d2qc09rl1gfuof.cloudfront.net\/product\/4MSGLT00000000001\/chain-slings-a100-3.jpg\" slate-data-type=\"image\"\/><\/div>\n<div style=\"font-size:14px;font-weight:bold;line-height:24px\">Contenu de l&#039;emballage<\/div>\n<ul style=\"font-size:14px;background-color:rgb(243, 243, 243);border:1px solid rgb(204, 204, 204);margin-top:8px;padding:10px 40px;padding-bottom:10px;padding-top:10px;padding-left:40px;padding-right:40px\">\n<li>\n<p>1 x \u00c9lingue \u00e0 cha\u00eenes<\/p>\n<\/li>\n<\/ul>\n<\/div>\n<\/div>\n<div>\u00a0<\/div>\n<div>\n<div style=\"font-size:16px;font-weight:bold;line-height:36px\">Caract\u00e9ristiques et d\u00e9tails<\/div>\n<ul style=\"font-size:14px;padding-left:40px\">\n<li>\n<p>\u3010CAPACIT\u00c9 DE CHARGE DE 5 000 KG\u3011 - Longueur de la cha\u00eene\u00a0: 4 m. Diam\u00e8tre de la cha\u00eene\u00a0: 8 mm. R\u00e9sistance \u00e0 la rupture sup\u00e9rieure \u00e0 800 MPa. Capacit\u00e9 de charge\u00a0: 5 000 kg. Ce produit offre une s\u00e9curit\u00e9 optimale et une utilisation en toute s\u00e9r\u00e9nit\u00e9.<\/p>\n<\/li>\n<li>\n<p>\u3010CONSTRUCTION EN ACIER DURABLE\u3011- Fabriqu\u00e9e en cha\u00eene d&#039;acier au mangan\u00e8se G80 et en crochet en acier alli\u00e9, notre \u00e9lingue \u00e0 cha\u00eene est dot\u00e9e d&#039;une technologie de soudage enti\u00e8rement automatique, con\u00e7ue pour une utilisation \u00e0 long terme.<\/p>\n<\/li>\n<li>\n<p>\u3010CHA\u00ceNE ET CROCHETS ROBUSTES\u3011 - La cha\u00eene de cette \u00e9lingue est en acier au mangan\u00e8se G80. Le maillon de levage et le crochet sont en acier alli\u00e9 avec rev\u00eatement en poudre. Ils r\u00e9sistent \u00e0 l&#039;usure et aux hautes temp\u00e9ratures.<\/p>\n<\/li>\n<li>\n<p>\u3010PR\u00c9CAUTIONS D&#039;UTILISATION\u3011 - Les objets doivent \u00eatre suspendus au centre du crochet. Ne pas suspendre le bord du crochet. L&#039;utilisation d&#039;une cha\u00eene d\u00e9form\u00e9e, retourn\u00e9e ou emm\u00eal\u00e9e est interdite.<\/p>\n<\/li>\n<li>\n<p>\u3010LARGE APPLICATION\u3011- Il est parfait pour diverses activit\u00e9s de levage et de manutention dans les usines, les chantiers de construction, les mines, les ports, les b\u00e2timents, etc. L&#039;\u00e9lingue \u00e0 cha\u00eene robuste est con\u00e7ue pour le remorquage et la manutention s\u00e9curis\u00e9s des marchandises.<\/p>\n<\/li>\n<li>\n<p>Utilisation de la cha\u00eene<\/p>\n<\/li>\n<li>\n<p>Si l&#039;un des \u00e9v\u00e9nements suivants se produit, l&#039;utilisation des \u00e9lingues \u00e0 cha\u00eenes doit \u00eatre imm\u00e9diatement arr\u00eat\u00e9e.<\/p>\n<\/li>\n<li>\n<p>A. Diam\u00e8tre endommag\u00e9 10% de l&#039;original\u00a0;<\/p>\n<\/li>\n<li>\n<p>B. La cha\u00eene pr\u00e9sente des fissures, se plie, se d\u00e9forme ou pr\u00e9sente des dommages de surface (ph\u00e9nom\u00e8ne) ;<\/p>\n<\/li>\n<li>\n<p>C. L&#039;allongement permanent de la cha\u00eene d\u00e9passe 5% de sa longueur r\u00e9elle.<\/p>\n<\/li>\n<li>\n<p>Attention<\/p>\n<\/li>\n<li>\n<p>Lors du levage d&#039;objets lourds, les utilisateurs doivent \u00e9viter de se tenir en dessous ou \u00e0 proximit\u00e9 de ces objets\u00a0;<\/p>\n<\/li>\n<li>\n<p>Les utilisateurs doivent v\u00e9rifier r\u00e9guli\u00e8rement l&#039;\u00e9tat des cordes afin de d\u00e9celer tout dommage visible, y compris les taches et les blessures cach\u00e9es qui pourraient compromettre la s\u00e9curit\u00e9 d&#039;utilisation du gr\u00e9ement.<\/p>\n<\/li>\n<\/ul>\n<\/div>\n<\/div>\n<\/div>\n<\/div>\n<p><\/p>","protected":false},"excerpt":{"rendered":"<p>Hign-concerned Chemical:&nbsp;None Origin:&nbsp;Mainland China Brand Name:&nbsp;VEVOR Product Description 5\/16&#x27;&#x27;x13&#x27; Chain Sling This Chain Sling of four legs is constructed of a G80 Mn-steel chain and alloy steel hook with powder<\/p>","protected":false},"featured_media":24908,"comment_status":"open","ping_status":"closed","template":"","meta":{"_acf_changed":false},"product_brand":[],"product_cat":[517],"product_tag":[],"class_list":{"0":"post-24907","1":"product","2":"type-product","3":"status-publish","4":"has-post-thumbnail","6":"product_cat-electric-lifting-hoists","8":"first","9":"instock","10":"shipping-taxable","11":"purchasable","12":"product-type-variable"},"acf":[],"_links":{"self":[{"href":"https:\/\/www.electricstore.eu\/fr\/wp-json\/wp\/v2\/product\/24907","targetHints":{"allow":["GET"]}}],"collection":[{"href":"https:\/\/www.electricstore.eu\/fr\/wp-json\/wp\/v2\/product"}],"about":[{"href":"https:\/\/www.electricstore.eu\/fr\/wp-json\/wp\/v2\/types\/product"}],"replies":[{"embeddable":true,"href":"https:\/\/www.electricstore.eu\/fr\/wp-json\/wp\/v2\/comments?post=24907"}],"wp:featuredmedia":[{"embeddable":true,"href":"https:\/\/www.electricstore.eu\/fr\/wp-json\/wp\/v2\/media\/24908"}],"wp:attachment":[{"href":"https:\/\/www.electricstore.eu\/fr\/wp-json\/wp\/v2\/media?parent=24907"}],"wp:term":[{"taxonomy":"product_brand","embeddable":true,"href":"https:\/\/www.electricstore.eu\/fr\/wp-json\/wp\/v2\/product_brand?post=24907"},{"taxonomy":"product_cat","embeddable":true,"href":"https:\/\/www.electricstore.eu\/fr\/wp-json\/wp\/v2\/product_cat?post=24907"},{"taxonomy":"product_tag","embeddable":true,"href":"https:\/\/www.electricstore.eu\/fr\/wp-json\/wp\/v2\/product_tag?post=24907"}],"curies":[{"name":"wp","href":"https:\/\/api.w.org\/{rel}","templated":true}]}}