{"id":24827,"date":"2025-05-20T18:43:04","date_gmt":"2025-05-20T18:43:04","guid":{"rendered":"https:\/\/electricstore.eu\/p\/uncategorized\/vevor-4500lbs-atv-utv-electric-winch-12v-dc-with-39-ft-synthetic-rope-wireless-wired-remote-control-ip55-waterproof-for-jeeps\/"},"modified":"2025-05-20T18:44:53","modified_gmt":"2025-05-20T18:44:53","slug":"vevor-4500lbs-atv-utv-electric-winch-12v-dc-with-39-ft-synthetic-rope-wireless-wired-remote-control-ip55-waterproof-for-jeeps","status":"publish","type":"product","link":"https:\/\/www.electricstore.eu\/fr\/p\/o\/electric-winches\/vevor-4500lbs-atv-utv-electric-winch-12v-dc-with-39-ft-synthetic-rope-wireless-wired-remote-control-ip55-waterproof-for-jeeps\/","title":{"rendered":"Treuil \u00e9lectrique VEVOR 4\u00a0500 lb pour VTT\/UTV 12 V CC avec c\u00e2ble synth\u00e9tique de 39 pi, t\u00e9l\u00e9commande sans fil et filaire, \u00e9tanche IP55 pour Jeeps"},"content":{"rendered":"<div class=\"product-specs-list-container\">\n<ul class=\"product-specs-list util-clearfix\">\n<li class=\"product-prop line-limit-length\"><span\n                                        class=\"property-title\">Produits chimiques hautement pr\u00e9occupants :&nbsp;<\/span><span\n                                        class=\"property-desc line-limit-length\">Aucun<\/span>\n                            <\/li>\n<li class=\"product-prop line-limit-length\"><span\n                                        class=\"property-title\">Origine:&nbsp;<\/span><span\n                                        class=\"property-desc line-limit-length\">Chine continentale<\/span>\n                            <\/li>\n<li class=\"product-prop line-limit-length\"><span\n                                        class=\"property-title\">Nom de marque :&nbsp;<\/span><span\n                                        class=\"property-desc line-limit-length\">VEVOR<\/span>\n                            <\/li>\n<li class=\"product-prop line-limit-length\"><span\n                                        class=\"property-title\">Marque:&nbsp;<\/span><span\n                                        class=\"property-desc line-limit-length\">VEVOR<\/span>\n                            <\/li>\n<li class=\"product-prop line-limit-length\"><span\n                                        class=\"property-title\">Capacit\u00e9 nominale de traction de ligne :&nbsp;<\/span><span\n                                        class=\"property-desc line-limit-length\">4500 lbs\/2041 kg<\/span>\n                            <\/li>\n<li class=\"product-prop line-limit-length\"><span\n                                        class=\"property-title\">Mat\u00e9riau de la corde :&nbsp;<\/span><span\n                                        class=\"property-desc line-limit-length\">Poly\u00e9thyl\u00e8ne, 12 brins<\/span>\n                            <\/li>\n<li class=\"product-prop line-limit-length\"><span\n                                        class=\"property-title\">T\u00e9l\u00e9commande:&nbsp;<\/span><span\n                                        class=\"property-desc line-limit-length\">T\u00e9l\u00e9commande sans fil et filaire<\/span>\n                            <\/li>\n<li class=\"product-prop line-limit-length\"><span\n                                        class=\"property-title\">Port\u00e9e de la t\u00e9l\u00e9commande sans fil\u00a0:&nbsp;<\/span><span\n                                        class=\"property-desc line-limit-length\">65,61 pieds\/20 m<\/span>\n                            <\/li>\n<li class=\"product-prop line-limit-length\"><span\n                                        class=\"property-title\">Tension\/puissance :&nbsp;<\/span><span\n                                        class=\"property-desc line-limit-length\">12 V CC \/ 2,2 CV<\/span>\n                            <\/li>\n<li class=\"product-prop line-limit-length\"><span\n                                        class=\"property-title\">Rapport de transmission :&nbsp;<\/span><span\n                                        class=\"property-desc line-limit-length\">128.2:1<\/span>\n                            <\/li>\n<li class=\"product-prop line-limit-length\"><span\n                                        class=\"property-title\">Sp\u00e9cifications de la corde\u00a0:&nbsp;<\/span><span\n                                        class=\"property-desc line-limit-length\">1\/4 po x 39 pi \/ 0,6 x 1188,7 cm<\/span>\n                            <\/li>\n<li class=\"product-prop line-limit-length\"><span\n                                        class=\"property-title\">Taper:&nbsp;<\/span><span\n                                        class=\"property-desc line-limit-length\">Treuil \u00e9lectrique<\/span>\n                            <\/li>\n<li class=\"product-prop line-limit-length\"><span\n                                        class=\"property-title\">Mat\u00e9riel:&nbsp;<\/span><span\n                                        class=\"property-desc line-limit-length\">Alliage d&#039;aluminium, acier, cuivre, plastique (PPS et PA, etc.)<\/span>\n                            <\/li>\n<\/ul><\/div>\n<div class=\"detailmodule_html\">\n<div class=\"detail-desc-decorate-richtext\">\n<div style=\"font-family:&quot;Open sans&quot;, Arial, Helvetica, sans-serif\">\n<div><img decoding=\"async\" style=\"width:100%\" width=\"100%\" src=\"https:\/\/d2qc09rl1gfuof.cloudfront.net\/vevor\/boutique-banner\/pc\/banner-en.jpg\" slate-data-type=\"image\"\/><\/div>\n<div>\n<div style=\"font-size:16px;font-weight:bold;text-align:center;color:rgb(34, 34, 34);margin:24px 0px;margin-bottom:24px;margin-top:24px;margin-left:0px;margin-right:0px\" align=\"center\">Treuil \u00e9lectrique pour VTT de 2 041 kg (4 500 lb), conqu\u00e9rez tous les terrains en toute confiance<\/div>\n<div><img decoding=\"async\" style=\"width:100%\" width=\"100%\" src=\"https:\/\/d2qc09rl1gfuof.cloudfront.net\/product\/ATVHCSJPYXWXMCF1O\/electric-winch-a100-1.4-pt.jpg\" slate-data-type=\"image\"\/><\/div>\n<div style=\"font-size:14px;text-align:center;color:rgb(34, 34, 34);margin:16px 0px 24px;margin-bottom:24px;margin-top:16px;margin-left:0px;margin-right:0px\" align=\"center\">Notre treuil \u00e9lectrique robuste offre une capacit\u00e9 de traction de 2 041 kg et une \u00e9tanch\u00e9it\u00e9 IP55, id\u00e9al pour sortir votre VTT ou SSV des bourbiers. Son moteur \u00e0 aimant permanent en cuivre de 12 V CC\/2,2 CV, son rapport de r\u00e9duction de 128,2:1 et son c\u00e2ble synth\u00e9tique vous garantissent un d\u00e9gagement optimal.<\/div>\n<\/div>\n<div>\n<div style=\"margin:8px 0px;margin-bottom:8px;margin-top:8px;margin-left:0px;margin-right:0px\"><img decoding=\"async\" style=\"width:100%\" width=\"100%\" src=\"https:\/\/d2qc09rl1gfuof.cloudfront.net\/product\/ATVHCSJPYXWXMCF1O\/electric-winch-a100-2.2-pt.jpg\" slate-data-type=\"image\"\/><\/div>\n<div style=\"font-size:14px;text-align:center;color:rgb(34, 34, 34);margin:16px 0px 24px;margin-bottom:24px;margin-top:16px;margin-left:0px;margin-right:0px\" align=\"center\">Notre treuil \u00e9lectrique est aliment\u00e9 par un moteur robuste en cuivre de 12 V CC\/2,2 CV, garantissant une puissance constante et efficace. Gr\u00e2ce \u00e0 son syst\u00e8me d&#039;engrenages plan\u00e9taires de pointe et \u00e0 son rapport de r\u00e9duction de 128,2:1, vous b\u00e9n\u00e9ficierez d&#039;une traction fluide et fiable, m\u00eame dans des conditions climatiques difficiles ou en pleine boue.<\/div>\n<\/div>\n<div>\n<div style=\"margin:8px 0px;margin-bottom:8px;margin-top:8px;margin-left:0px;margin-right:0px\"><img decoding=\"async\" style=\"width:100%\" width=\"100%\" src=\"https:\/\/d2qc09rl1gfuof.cloudfront.net\/product\/ATVHCSJPYXWXMCF1O\/electric-winch-a100-2.3-pt.jpg\" slate-data-type=\"image\"\/><\/div>\n<div style=\"font-size:14px;text-align:center;color:rgb(34, 34, 34);margin:16px 0px 24px;margin-bottom:24px;margin-top:16px;margin-left:0px;margin-right:0px\" align=\"center\">Notre treuil pour VTT est \u00e9quip\u00e9 d&#039;un c\u00e2ble de haute qualit\u00e9, dont les cinq derniers rouleaux sont marqu\u00e9s en rouge pour plus de s\u00e9curit\u00e9. Il b\u00e9n\u00e9ficie d&#039;un indice d&#039;\u00e9tanch\u00e9it\u00e9 IP55 et d&#039;une finition noire mate robuste, lui permettant de r\u00e9sister sans probl\u00e8me aux fortes pluies et aux conditions difficiles.<\/div>\n<\/div>\n<div>\n<div style=\"margin:8px 0px;margin-bottom:8px;margin-top:8px;margin-left:0px;margin-right:0px\"><img decoding=\"async\" style=\"width:100%\" width=\"100%\" src=\"https:\/\/d2qc09rl1gfuof.cloudfront.net\/product\/ATVHCSJPYXWXMCF1O\/electric-winch-a100-2.4-pt.jpg\" slate-data-type=\"image\"\/><\/div>\n<div style=\"font-size:14px;text-align:center;color:rgb(34, 34, 34);margin:16px 0px 24px;margin-bottom:24px;margin-top:16px;margin-left:0px;margin-right:0px\" align=\"center\">Con\u00e7ue pour r\u00e9sister aux conditions les plus extr\u00eames, notre corde de treuil pour VTT est r\u00e9sistante aux intemp\u00e9ries et aux temp\u00e9ratures extr\u00eames, permettant de r\u00e9aliser diverses t\u00e2ches de traction \u00e0 sa capacit\u00e9 nominale sans risque de rupture. De plus, gr\u00e2ce au marquage clair de la charge sur chaque couche, vous b\u00e9n\u00e9ficiez d&#039;une int\u00e9grit\u00e9 du mat\u00e9riau sup\u00e9rieure et d&#039;une s\u00e9curit\u00e9 de traction optimale.<\/div>\n<\/div>\n<div>\n<div style=\"margin:8px 0px;margin-bottom:8px;margin-top:8px;margin-left:0px;margin-right:0px\"><img decoding=\"async\" style=\"width:100%\" width=\"100%\" src=\"https:\/\/d2qc09rl1gfuof.cloudfront.net\/product\/ATVHCSJPYXWXMCF1O\/electric-winch-a100-2.5-pt.jpg\" slate-data-type=\"image\"\/><\/div>\n<div style=\"font-size:14px;text-align:center;color:rgb(34, 34, 34);margin:16px 0px 24px;margin-bottom:24px;margin-top:16px;margin-left:0px;margin-right:0px\" align=\"center\">Dites adieu aux c\u00e2bles encombrants\u00a0! Notre treuil 12\u00a0volts est \u00e9quip\u00e9 de c\u00e2bles d&#039;alimentation \u00e0 code couleur pour une installation rapide et sans erreur. Gr\u00e2ce \u00e0 la t\u00e9l\u00e9commande filaire, il suffit de brancher les c\u00e2bles d&#039;alimentation et vous \u00eates pr\u00eat pour une r\u00e9cup\u00e9ration fluide et efficace de votre v\u00e9hicule.<\/div>\n<\/div>\n<div style=\"margin:16px 0px 24px;margin-bottom:24px;margin-top:16px;margin-left:0px;margin-right:0px\"><\/div>\n<div style=\"margin:24px 0px;margin-bottom:24px;margin-top:24px;margin-left:0px;margin-right:0px\">\n<div style=\"font-size:16px;font-weight:bold;color:rgb(34, 34, 34);margin:24px 0px 16px;margin-bottom:16px;margin-top:24px;margin-left:0px;margin-right:0px\">Caract\u00e9ristiques et d\u00e9tails<\/div>\n<ul style=\"margin:16px 0px 24px;margin-bottom:24px;margin-top:16px;margin-left:0px;margin-right:0px\">\n<li style=\"font-size:14px;color:rgb(34, 34, 34)\">\n<p>Un atout de taille pour votre v\u00e9hicule\u00a0: con\u00e7u sp\u00e9cifiquement pour le d\u00e9pannage hors route, notre treuil \u00e9lectrique robuste offre une capacit\u00e9 de traction impressionnante de 2\u00a0041\u00a0kg (4\u00a0500\u00a0lb). Si votre v\u00e9hicule est embourb\u00e9 ou pris sous une averse torrentielle, ce treuil vous fournit la puissance n\u00e9cessaire pour reprendre rapidement la route. Id\u00e9al pour le remorquage de petits v\u00e9hicules comme les quads et les SSV, il vous permet de poursuivre vos aventures sans interruption.<\/p>\n<\/li>\n<li style=\"font-size:14px;color:rgb(34, 34, 34)\">\n<p>Une puissance \u00e0 toute \u00e9preuve\u00a0: notre treuil pour VTT est \u00e9quip\u00e9 d&#039;un moteur robuste de 12\u00a0V CC\/2,2\u00a0CV \u00e0 aimant permanent en cuivre, fournissant une puissance continue et efficace lorsque vous en avez le plus besoin. Gr\u00e2ce \u00e0 son syst\u00e8me d&#039;engrenages plan\u00e9taires de pointe et son rapport de r\u00e9duction de 128,2:1, il garantit une force de traction fiable et puissante. Qu&#039;il s&#039;agisse d&#039;intemp\u00e9ries ou de boue profonde, ce treuil est l\u00e0 pour vous, rendant le d\u00e9pannage de votre v\u00e9hicule facile et fiable.<\/p>\n<\/li>\n<li style=\"font-size:14px;color:rgb(34, 34, 34)\">\n<p>Corde synth\u00e9tique l\u00e9g\u00e8re\u00a0: D\u00e9couvrez le nec plus ultra en mati\u00e8re de performance. Notre treuil pour UTV est fourni avec une corde en poly\u00e9thyl\u00e8ne haute densit\u00e9 \u00e0 12 brins, \u00e0 la fois robuste et l\u00e9g\u00e8re, id\u00e9ale pour toutes vos aventures hors route. Elle est \u00e9tanche et r\u00e9siste aux conditions ext\u00e9rieures les plus extr\u00eames. De plus, les cinq derniers brins sont marqu\u00e9s en rouge vif pour une visibilit\u00e9 optimale, vous assurant d&#039;\u00eatre toujours pr\u00eat \u00e0 l&#039;action, en toute s\u00e9curit\u00e9 et avec une robustesse \u00e0 toute \u00e9preuve.<\/p>\n<\/li>\n<li style=\"font-size:14px;color:rgb(34, 34, 34)\">\n<p>Simplicit\u00e9 d&#039;utilisation et fonctionnement sans tracas\u00a0: notre petit treuil offre des options de t\u00e9l\u00e9commande sans fil et filaire pour r\u00e9pondre \u00e0 vos besoins. La t\u00e9l\u00e9commande sans fil, facile \u00e0 utiliser, vous permet de r\u00e9cup\u00e9rer votre v\u00e9hicule sans effort dans un rayon de 20\u00a0m, tandis que la t\u00e9l\u00e9commande filaire offre une alternative fiable pour un contr\u00f4le pr\u00e9cis et manuel. Profitez de la flexibilit\u00e9 et du confort des deux modes de commande pour une r\u00e9cup\u00e9ration de v\u00e9hicule aussi simple que possible.<\/p>\n<\/li>\n<li style=\"font-size:14px;color:rgb(34, 34, 34)\">\n<p>Remorquage en toute tranquillit\u00e9\u00a0: M\u00e9t\u00e9o capricieuse\u00a0? Aucun probl\u00e8me\u00a0! Notre treuil \u00e9lectrique est dot\u00e9 d&#039;un indice d&#039;\u00e9tanch\u00e9it\u00e9 IP55 et d&#039;une \u00e9l\u00e9gante finition noire mate qui renforce sa r\u00e9sistance \u00e0 la rouille et son isolation. Il est pr\u00eat \u00e0 affronter les fortes pluies, la boue et autres environnements difficiles. Gr\u00e2ce \u00e0 ses c\u00e2bles d&#039;alimentation \u00e0 code couleur et \u00e0 ses instructions faciles \u00e0 suivre, l&#039;installation se fait sans accroc et vous pouvez enfin profiter pleinement de votre voyage.<\/p>\n<\/li>\n<\/ul>\n<\/div>\n<div>\n<div>\n<div style=\"margin:16px 0px 24px;margin-bottom:24px;margin-top:16px;margin-left:0px;margin-right:0px\"><img decoding=\"async\" style=\"width:100%\" width=\"100%\" src=\"https:\/\/d2qc09rl1gfuof.cloudfront.net\/product\/ATVHCSJPYXWXMCF1O\/electric-winch-a100-1.11-pt.jpg\" slate-data-type=\"image\"\/><\/div>\n<\/div>\n<\/div>\n<\/div>\n<div><\/div>\n<\/div>\n<\/div>\n<p><\/p>","protected":false},"excerpt":{"rendered":"<p>Hign-concerned Chemical:&nbsp;None Origin:&nbsp;Mainland China Brand Name:&nbsp;VEVOR Brand:&nbsp;VEVOR Rated Line Pull Capacity:&nbsp;4500 lbs\/2041 kg Rope Material:&nbsp;Polyethylene, 12 Strands Remote Control:&nbsp;Wireless + Wired Remote Control Wireless Remote Control Distance:&nbsp;65.61 ft\/20 m Voltage\/Horsepower:&nbsp;12V<\/p>","protected":false},"featured_media":24828,"comment_status":"open","ping_status":"closed","template":"","meta":{"_acf_changed":false},"product_brand":[],"product_cat":[522],"product_tag":[],"class_list":{"0":"post-24827","1":"product","2":"type-product","3":"status-publish","4":"has-post-thumbnail","6":"product_cat-electric-winches","8":"first","9":"instock","10":"shipping-taxable","11":"purchasable","12":"product-type-variable"},"acf":[],"_links":{"self":[{"href":"https:\/\/www.electricstore.eu\/fr\/wp-json\/wp\/v2\/product\/24827","targetHints":{"allow":["GET"]}}],"collection":[{"href":"https:\/\/www.electricstore.eu\/fr\/wp-json\/wp\/v2\/product"}],"about":[{"href":"https:\/\/www.electricstore.eu\/fr\/wp-json\/wp\/v2\/types\/product"}],"replies":[{"embeddable":true,"href":"https:\/\/www.electricstore.eu\/fr\/wp-json\/wp\/v2\/comments?post=24827"}],"wp:featuredmedia":[{"embeddable":true,"href":"https:\/\/www.electricstore.eu\/fr\/wp-json\/wp\/v2\/media\/24828"}],"wp:attachment":[{"href":"https:\/\/www.electricstore.eu\/fr\/wp-json\/wp\/v2\/media?parent=24827"}],"wp:term":[{"taxonomy":"product_brand","embeddable":true,"href":"https:\/\/www.electricstore.eu\/fr\/wp-json\/wp\/v2\/product_brand?post=24827"},{"taxonomy":"product_cat","embeddable":true,"href":"https:\/\/www.electricstore.eu\/fr\/wp-json\/wp\/v2\/product_cat?post=24827"},{"taxonomy":"product_tag","embeddable":true,"href":"https:\/\/www.electricstore.eu\/fr\/wp-json\/wp\/v2\/product_tag?post=24827"}],"curies":[{"name":"wp","href":"https:\/\/api.w.org\/{rel}","templated":true}]}}