{"id":24801,"date":"2025-05-20T18:42:53","date_gmt":"2025-05-20T18:42:53","guid":{"rendered":"https:\/\/electricstore.eu\/p\/uncategorized\/vevor-4400lbs-electric-chain-hoist-21-6-ft-min-three-phase-overhead-crane-with-g100-chain-wireless-control-for-garage-litfing\/"},"modified":"2025-05-20T18:44:32","modified_gmt":"2025-05-20T18:44:32","slug":"vevor-4400lbs-electric-chain-hoist-21-6-ft-min-three-phase-overhead-crane-with-g100-chain-wireless-control-for-garage-litfing","status":"publish","type":"product","link":"https:\/\/www.electricstore.eu\/fr\/p\/o\/electric-lifting-hoists\/vevor-4400lbs-electric-chain-hoist-21-6-ft-min-three-phase-overhead-crane-with-g100-chain-wireless-control-for-garage-litfing\/","title":{"rendered":"Palan \u00e9lectrique \u00e0 cha\u00eene VEVOR 4400 lb, pont roulant triphas\u00e9 21,6 pi\/min avec cha\u00eene G100, commande sans fil pour \u00e9clairage de garage"},"content":{"rendered":"<div class=\"product-specs-list-container\">\n<ul class=\"product-specs-list util-clearfix\">\n<li class=\"product-prop line-limit-length\"><span\n                                        class=\"property-title\">Produits chimiques hautement pr\u00e9occupants :&nbsp;<\/span><span\n                                        class=\"property-desc line-limit-length\">Aucun<\/span>\n                            <\/li>\n<li class=\"product-prop line-limit-length\"><span\n                                        class=\"property-title\">Origine:&nbsp;<\/span><span\n                                        class=\"property-desc line-limit-length\">Chine continentale<\/span>\n                            <\/li>\n<li class=\"product-prop line-limit-length\"><span\n                                        class=\"property-title\">Nom de marque :&nbsp;<\/span><span\n                                        class=\"property-desc line-limit-length\">VEVOR<\/span>\n                            <\/li>\n<li class=\"product-prop line-limit-length\"><span\n                                        class=\"property-title\">Num\u00e9ro de mod\u00e8le de l&#039;article :&nbsp;<\/span><span\n                                        class=\"property-desc line-limit-length\">WX4400LBS-2<\/span>\n                            <\/li>\n<li class=\"product-prop line-limit-length\"><span\n                                        class=\"property-title\">Puissance de charge :&nbsp;<\/span><span\n                                        class=\"property-desc line-limit-length\">3,5 kW<\/span>\n                            <\/li>\n<li class=\"product-prop line-limit-length\"><span\n                                        class=\"property-title\">Charge de levage :&nbsp;<\/span><span\n                                        class=\"property-desc line-limit-length\">4400 lbs\/1996 kg<\/span>\n                            <\/li>\n<li class=\"product-prop line-limit-length\"><span\n                                        class=\"property-title\">Poids du produit :&nbsp;<\/span><span\n                                        class=\"property-desc line-limit-length\">226,4 lbs\/102,7 kg<\/span>\n                            <\/li>\n<li class=\"product-prop line-limit-length\"><span\n                                        class=\"property-title\">Mat\u00e9riau de la cha\u00eene :&nbsp;<\/span><span\n                                        class=\"property-desc line-limit-length\">Acier alli\u00e9 8620<\/span>\n                            <\/li>\n<li class=\"product-prop line-limit-length\"><span\n                                        class=\"property-title\">Taper:&nbsp;<\/span><span\n                                        class=\"property-desc line-limit-length\">Palan \u00e9lectrique \u00e0 cha\u00eene<\/span>\n                            <\/li>\n<\/ul><\/div>\n<div class=\"detailmodule_html\">\n<div class=\"detail-desc-decorate-richtext\">\n<div style=\"font-family:&quot;Open sans&quot;, Arial, Helvetica, sans-serif\">\n<div>\n  <img decoding=\"async\" style=\"width:100%\" width=\"100%\" src=\"https:\/\/d2qc09rl1gfuof.cloudfront.net\/vevor\/boutique-banner\/pc\/banner-en.jpg\" slate-data-type=\"image\" \/>\n <\/div>\n<div>\n<div style=\"font-size:16px;font-weight:bold;text-align:center;color:rgb(34, 34, 34);margin:24px 0px;margin-bottom:24px;margin-top:24px;margin-left:0px;margin-right:0px\" align=\"center\">\n   Palan \u00e9lectrique \u00e0 cha\u00eene VEVOR\u00a0: changez votre fa\u00e7on de voir le levage\n  <\/div>\n<div>\n   <img decoding=\"async\" style=\"width:100%\" width=\"100%\" src=\"https:\/\/d2qc09rl1gfuof.cloudfront.net\/product\/DDHLHLCS6MDDC52ZE\/chain-hoist-a100-1.4-pt.jpg\" slate-data-type=\"image\" \/>\n  <\/div>\n<div style=\"font-size:14px;text-align:center;color:rgb(34, 34, 34);margin:16px 0px 24px;margin-bottom:24px;margin-top:16px;margin-left:0px;margin-right:0px\" align=\"center\">\n   Notre palan \u00e9lectrique \u00e0 cha\u00eene offre une puissante capacit\u00e9 de levage, id\u00e9ale pour le levage d&#039;objets lourds dans les garages. Sa vitesse de levage \u00e9lev\u00e9e garantit un fonctionnement efficace et sans temps d&#039;attente prolong\u00e9.\n  <\/div><\/div>\n<div>\n<div style=\"margin:8px 0px;margin-bottom:8px;margin-top:8px;margin-left:0px;margin-right:0px\">\n   <img decoding=\"async\" style=\"width:100%\" width=\"100%\" src=\"https:\/\/d2qc09rl1gfuof.cloudfront.net\/product\/DDHLHLCS6MDDC52ZE\/chain-hoist-a100-2.2-pt.jpg\" slate-data-type=\"image\" \/>\n  <\/div>\n<div style=\"font-size:14px;text-align:center;color:rgb(34, 34, 34);margin:16px 0px 24px;margin-bottom:24px;margin-top:16px;margin-left:0px;margin-right:0px\" align=\"center\">\n   La cha\u00eene robuste all\u00e8ge le palan \u00e9lectrique \u00e0 cha\u00eene et lui conf\u00e8re une r\u00e9sistance accrue. Elle permet de transporter des charges lourdes tout en restant pratique.\n  <\/div><\/div>\n<div>\n<div style=\"margin:8px 0px;margin-bottom:8px;margin-top:8px;margin-left:0px;margin-right:0px\">\n   <img decoding=\"async\" style=\"width:100%\" width=\"100%\" src=\"https:\/\/d2qc09rl1gfuof.cloudfront.net\/product\/DDHLHLCS6MDDC52ZE\/chain-hoist-a100-2.3-pt.jpg\" slate-data-type=\"image\" \/>\n  <\/div>\n<div style=\"font-size:14px;text-align:center;color:rgb(34, 34, 34);margin:16px 0px 24px;margin-bottom:24px;margin-top:16px;margin-left:0px;margin-right:0px\" align=\"center\">\n   Ce palan \u00e9lectrique \u00e0 cha\u00eene est confortable et pratique, avec une \u00e9lingue de levage pour la manutention d&#039;objets lourds. La t\u00e9l\u00e9commande sensible permet un levage pr\u00e9cis et pratique.\n  <\/div><\/div>\n<div>\n<div style=\"margin:8px 0px;margin-bottom:8px;margin-top:8px;margin-left:0px;margin-right:0px\">\n   <img decoding=\"async\" style=\"width:100%\" width=\"100%\" src=\"https:\/\/d2qc09rl1gfuof.cloudfront.net\/product\/DDHLHLCS6MDDC52ZE\/chain-hoist-a100-2.4-pt.jpg\" slate-data-type=\"image\" \/>\n  <\/div>\n<div style=\"font-size:14px;text-align:center;color:rgb(34, 34, 34);margin:16px 0px 24px;margin-bottom:24px;margin-top:16px;margin-left:0px;margin-right:0px\" align=\"center\">\n   Le moteur en cuivre performant assure un levage stable et s\u00fbr des objets lourds. Dot\u00e9 d&#039;un syst\u00e8me de freinage d&#039;urgence et d&#039;un syst\u00e8me de refroidissement par air, ce palan \u00e9lectrique \u00e0 cha\u00eene est fiable et s\u00fbr \u00e0 utiliser.\n  <\/div><\/div>\n<div>\n<div style=\"margin:8px 0px;margin-bottom:8px;margin-top:8px;margin-left:0px;margin-right:0px\">\n   <img decoding=\"async\" style=\"width:100%\" width=\"100%\" src=\"https:\/\/d2qc09rl1gfuof.cloudfront.net\/product\/DDHLHLCS6MDDC52ZE\/chain-hoist-a100-2.5-pt.jpg\" slate-data-type=\"image\" \/>\n  <\/div>\n<div style=\"font-size:14px;text-align:center;color:rgb(34, 34, 34);margin:16px 0px 24px;margin-bottom:24px;margin-top:16px;margin-left:0px;margin-right:0px\" align=\"center\">\n   Notre palan \u00e0 cha\u00eene a \u00e9t\u00e9 optimis\u00e9 pour r\u00e9pondre \u00e0 des besoins de levage plus importants. Ses mat\u00e9riaux plus durables et robustes am\u00e9liorent sa dur\u00e9e de vie et sa stabilit\u00e9.\n  <\/div><\/div>\n<div style=\"margin:16px 0px 24px;margin-bottom:24px;margin-top:16px;margin-left:0px;margin-right:0px\"><\/div>\n<div style=\"margin:24px 0px;margin-bottom:24px;margin-top:24px;margin-left:0px;margin-right:0px\">\n<div style=\"font-size:16px;font-weight:bold;color:rgb(34, 34, 34);margin:24px 0px 16px;margin-bottom:16px;margin-top:24px;margin-left:0px;margin-right:0px\">\n   Caract\u00e9ristiques et d\u00e9tails\n  <\/div>\n<ul style=\"margin:16px 0px 24px;margin-bottom:24px;margin-top:16px;margin-left:0px;margin-right:0px\">\n<li style=\"font-size:14px;color:rgb(34, 34, 34)\">\n<p>Capacit\u00e9 de charge de 2\u00a0000 kg\u00a0: Notre palan \u00e9lectrique \u00e0 cha\u00eene est \u00e9quip\u00e9 d\u2019une cha\u00eene G100 offrant une capacit\u00e9 de levage s\u00e9curitaire de 2\u00a0000 kg (1\u00a0996 kg). Il peut soulever tous types d\u2019objets lourds \u00e0 une vitesse de 6,6 m\/min (21,6 pi\/min) et \u00e0 une hauteur de levage maximale de 6,096 m (20 pi).<\/p>\n<\/li>\n<li style=\"font-size:14px;color:rgb(34, 34, 34)\">\n<p>Moteur puissant\u00a0: Le moteur en cuivre de 3,5\u00a0kW permet de supporter des charges importantes sans se d\u00e9former. Le grand ventilateur de refroidissement assure une temp\u00e9rature optimale du palan \u00e9lectrique \u00e0 cha\u00eene, \u00e9vitant ainsi toute surchauffe. L\u2019ensemble de ces caract\u00e9ristiques garantit un travail efficace et vous permet de gagner du temps et de l\u2019\u00e9nergie.<\/p>\n<\/li>\n<li style=\"font-size:14px;color:rgb(34, 34, 34)\">\n<p>Installation rapide\u00a0: Notre palan \u00e9lectrique \u00e0 cha\u00eene est facile \u00e0 installer et peut \u00eatre directement suspendu au plafond \u00e0 l&#039;aide de bandes m\u00e9talliques ou de bois massif. Il est \u00e9quip\u00e9 d&#039;un interrupteur d&#039;arr\u00eat d&#039;urgence et d&#039;un syst\u00e8me de freinage \u00e9lectromagn\u00e9tique pour \u00e9viter tout glissement anormal.<\/p>\n<\/li>\n<li style=\"font-size:14px;color:rgb(34, 34, 34)\">\n<p>T\u00e9l\u00e9commande sans fil\u00a0: Le palan \u00e9lectrique \u00e0 cha\u00eene est \u00e9quip\u00e9 d\u2019une t\u00e9l\u00e9commande sans fil d\u2019une port\u00e9e maximale de 100\u00a0m (328\u00a0pi). Elle offre une fonction de commutation sensible et permet de man\u0153uvrer le palan d\u2019une seule main pour lever, positionner et abaisser l\u2019\u00e9quipement.<\/p>\n<\/li>\n<li style=\"font-size:14px;color:rgb(34, 34, 34)\">\n<p>Utilisation polyvalente\u00a0: Notre palan \u00e9lectrique \u00e0 cha\u00eene convient aux garages, magasins, h\u00f4tels et maisons, aussi bien aux professionnels qu&#039;aux amateurs. Il est id\u00e9al pour la r\u00e9paration de bateaux, de voitures, de tondeuses, de voiturettes de golf, de d\u00e9corations int\u00e9rieures, de moteurs, de rochers, d&#039;arbres, etc. C&#039;est une aide pr\u00e9cieuse pour soulever des machines et permet aux chasseurs de suspendre leurs proies.<\/p>\n<\/li>\n<\/ul><\/div>\n<div>\n<div>\n<div style=\"margin:16px 0px 24px;margin-bottom:24px;margin-top:16px;margin-left:0px;margin-right:0px\">\n    <img decoding=\"async\" style=\"width:100%\" width=\"100%\" src=\"https:\/\/d2qc09rl1gfuof.cloudfront.net\/product\/DDHLHLCS6MDDC52ZE\/chain-hoist-a100-1.11-pt.jpg\" slate-data-type=\"image\" \/>\n   <\/div><\/div><\/div>\n<\/div>\n<p><\/p>\n<\/div>\n<\/div>","protected":false},"excerpt":{"rendered":"<p>Hign-concerned Chemical:&nbsp;None Origin:&nbsp;Mainland China Brand Name:&nbsp;VEVOR Item Model Number:&nbsp;WX4400LBS-2 Load Power:&nbsp;3.5KW Lifting Load:&nbsp;4400 lbs\/1996 kg Product Weight:&nbsp;226.4 lbs\/102.7 kg Chain Material:&nbsp;8620 Alloy Steel Type:&nbsp;Electric Chain Hoist VEVOR Electric Chain Hoist<\/p>","protected":false},"featured_media":24802,"comment_status":"open","ping_status":"closed","template":"","meta":{"_acf_changed":false},"product_brand":[],"product_cat":[517],"product_tag":[],"class_list":{"0":"post-24801","1":"product","2":"type-product","3":"status-publish","4":"has-post-thumbnail","6":"product_cat-electric-lifting-hoists","8":"first","9":"instock","10":"shipping-taxable","11":"purchasable","12":"product-type-variable"},"acf":[],"_links":{"self":[{"href":"https:\/\/www.electricstore.eu\/fr\/wp-json\/wp\/v2\/product\/24801","targetHints":{"allow":["GET"]}}],"collection":[{"href":"https:\/\/www.electricstore.eu\/fr\/wp-json\/wp\/v2\/product"}],"about":[{"href":"https:\/\/www.electricstore.eu\/fr\/wp-json\/wp\/v2\/types\/product"}],"replies":[{"embeddable":true,"href":"https:\/\/www.electricstore.eu\/fr\/wp-json\/wp\/v2\/comments?post=24801"}],"wp:featuredmedia":[{"embeddable":true,"href":"https:\/\/www.electricstore.eu\/fr\/wp-json\/wp\/v2\/media\/24802"}],"wp:attachment":[{"href":"https:\/\/www.electricstore.eu\/fr\/wp-json\/wp\/v2\/media?parent=24801"}],"wp:term":[{"taxonomy":"product_brand","embeddable":true,"href":"https:\/\/www.electricstore.eu\/fr\/wp-json\/wp\/v2\/product_brand?post=24801"},{"taxonomy":"product_cat","embeddable":true,"href":"https:\/\/www.electricstore.eu\/fr\/wp-json\/wp\/v2\/product_cat?post=24801"},{"taxonomy":"product_tag","embeddable":true,"href":"https:\/\/www.electricstore.eu\/fr\/wp-json\/wp\/v2\/product_tag?post=24801"}],"curies":[{"name":"wp","href":"https:\/\/api.w.org\/{rel}","templated":true}]}}