{"id":24729,"date":"2025-05-20T18:42:14","date_gmt":"2025-05-20T18:42:14","guid":{"rendered":"https:\/\/electricstore.eu\/p\/uncategorized\/bike-rack-holder-storage-bicycle-repair-stand-aluminum-alloy-cycle-peer-heights-adjustable-fold-cycle-professional-repair-tools\/"},"modified":"2025-05-20T18:43:29","modified_gmt":"2025-05-20T18:43:29","slug":"bike-rack-holder-storage-bicycle-repair-stand-aluminum-alloy-cycle-peer-heights-adjustable-fold-cycle-professional-repair-tools","status":"publish","type":"product","link":"https:\/\/www.electricstore.eu\/fr\/p\/a\/bike-rack-holder-storage-bicycle-repair-stand-aluminum-alloy-cycle-peer-heights-adjustable-fold-cycle-professional-repair-tools\/","title":{"rendered":"Support de rangement pour v\u00e9lo, support de r\u00e9paration de v\u00e9lo en alliage d&#039;aluminium, hauteur r\u00e9glable, pliable, outils de r\u00e9paration professionnels"},"content":{"rendered":"<div class=\"product-specs-list-container\">\n<ul class=\"product-specs-list util-clearfix\">\n<li class=\"product-prop line-limit-length\"><span\n                                        class=\"property-title\">Origine:&nbsp;<\/span><span\n                                        class=\"property-desc line-limit-length\">Chine continentale<\/span>\n                            <\/li>\n<\/ul><\/div>\n<div class=\"detailmodule_html\">\n<div class=\"detail-desc-decorate-richtext\">\n<p>Fonctionnalit\u00e9:\n<\/p>\n<p>Robuste et durable\u00a0: ce support de r\u00e9paration pour v\u00e9los est fabriqu\u00e9 en alliage d&#039;aluminium r\u00e9sistant et peut supporter des v\u00e9los lourds jusqu&#039;\u00e0 45\u00a0kg, y compris les v\u00e9los \u00e9lectriques, les v\u00e9los \u00e0 pneus fat et les v\u00e9los de route. VTT. Id\u00e9al pour les r\u00e9parateurs de v\u00e9los \u00e0 domicile ou en atelier.\n<\/p>\n<p>Stabilit\u00e9 renforc\u00e9e du cadre\u00a0: Le support de v\u00e9lo est dot\u00e9 d\u2019un cadre robuste et de pieds fixes pour une stabilit\u00e9 maximale. Ses pinces sont \u00e9quip\u00e9es de m\u00e2choires en caoutchouc r\u00e9glables qui maintiennent fermement le v\u00e9lo en place sans rayer la peinture.\n<\/p>\n<p>R\u00e9glage de la hauteur pratique\u00a0: personnalisez le support selon vos besoins ergonomiques\u00a0; la hauteur peut \u00eatre ajust\u00e9e pour minimiser la n\u00e9cessit\u00e9 de se pencher ou de s\u2019accroupir, am\u00e9liorant ainsi vos performances lors de l\u2019entretien de votre v\u00e9lo.\n<\/p>\n<p>Plateau \u00e0 outils pratique\u00a0: Gardez vos outils organis\u00e9s et \u00e0 port\u00e9e de main gr\u00e2ce \u00e0 des plateaux suppl\u00e9mentaires, parfaits pour ranger vis, tournevis, douilles et autres. Cette fonctionnalit\u00e9 vous assure d\u2019avoir tous les outils n\u00e9cessaires pour travailler sans interruption.\n<\/p>\n<p>Conception pliable\u00a0: ce support de v\u00e9lo est pliable, ce qui facilite son montage, son d\u00e9montage et son rangement. Id\u00e9al pour les m\u00e9caniciens itin\u00e9rants et les ateliers. Le repose-jambes coulissant permet de tirer les deux jambes en un seul mouvement.\n<\/p>\n<\/p>\n<p>Sp\u00e9cification:\n<\/p>\n<p>Nom : Support de r\u00e9paration de v\u00e9los\n<\/p>\n<p>Couleur : Champagne\n<\/p>\n<p>Mat\u00e9riau du produit : alliage d&#039;aluminium\n<\/p>\n<p>Plage de levage\u00a0: 98-159\u00a0cm\n<\/p>\n<p>Capacit\u00e9 de charge maximale : environ 45 kg\n<\/p>\n<\/p>\n<p>Accessoires d&#039;emballage\u00a0:\n<\/p>\n<p>1 support de r\u00e9paration de v\u00e9lo\n<\/p>\n<p><img decoding=\"async\" src=\"https:\/\/ae01.alicdn.com\/kf\/Aeaf00512807945f3bfd5626e71854eeb9.jpg\" slate-data-type=\"image\"\/><img decoding=\"async\" src=\"https:\/\/ae01.alicdn.com\/kf\/A03c411091bd642b7973a680f3ba9fb459.jpg\" slate-data-type=\"image\"\/><img decoding=\"async\" src=\"https:\/\/ae01.alicdn.com\/kf\/Ac206a81c61864c8eae037a1ed9b54fe0K.jpg\" slate-data-type=\"image\"\/><img decoding=\"async\" src=\"https:\/\/ae01.alicdn.com\/kf\/A1900d7edc1a645e495ba5a26ba411bd7n.jpg\" slate-data-type=\"image\"\/><img decoding=\"async\" src=\"https:\/\/ae01.alicdn.com\/kf\/Adabe93e4fc2a40a0b8d20f4285eace09O.jpg\" slate-data-type=\"image\"\/><img decoding=\"async\" src=\"https:\/\/ae01.alicdn.com\/kf\/Af5b39cc10e154395a0c2ee45bc46e13cr.jpg\" slate-data-type=\"image\"\/><img decoding=\"async\" src=\"https:\/\/ae01.alicdn.com\/kf\/A04f7da18105c43269c5bc64a096af83dj.jpg\" slate-data-type=\"image\"\/><img decoding=\"async\" src=\"https:\/\/ae01.alicdn.com\/kf\/A65a8c2da09804400af05e4f0048eed413.jpg\" slate-data-type=\"image\"\/><img decoding=\"async\" src=\"https:\/\/ae01.alicdn.com\/kf\/Aa3977084e85046c686598bf6e4026b27p.jpg\" slate-data-type=\"image\"\/><img decoding=\"async\" src=\"https:\/\/ae01.alicdn.com\/kf\/A1b6da4e2270e403880d2a68ae99c90b3i.jpg\" slate-data-type=\"image\"\/><\/p>\n<\/div>\n<\/div>","protected":false},"excerpt":{"rendered":"<p>Origin:&nbsp;Mainland China Feature\uff1a Sturdy and durable: This bicycle repair rack is made of sturdy aluminum alloy and can carry heavy bicycles weighing up to 45 kg, including electric bicycles, fat<\/p>","protected":false},"featured_media":24730,"comment_status":"open","ping_status":"closed","template":"","meta":{"_acf_changed":false},"product_brand":[],"product_cat":[525],"product_tag":[],"class_list":{"0":"post-24729","1":"product","2":"type-product","3":"status-publish","4":"has-post-thumbnail","6":"product_cat-a","8":"first","9":"instock","10":"shipping-taxable","11":"purchasable","12":"product-type-simple"},"acf":[],"_links":{"self":[{"href":"https:\/\/www.electricstore.eu\/fr\/wp-json\/wp\/v2\/product\/24729","targetHints":{"allow":["GET"]}}],"collection":[{"href":"https:\/\/www.electricstore.eu\/fr\/wp-json\/wp\/v2\/product"}],"about":[{"href":"https:\/\/www.electricstore.eu\/fr\/wp-json\/wp\/v2\/types\/product"}],"replies":[{"embeddable":true,"href":"https:\/\/www.electricstore.eu\/fr\/wp-json\/wp\/v2\/comments?post=24729"}],"wp:featuredmedia":[{"embeddable":true,"href":"https:\/\/www.electricstore.eu\/fr\/wp-json\/wp\/v2\/media\/24730"}],"wp:attachment":[{"href":"https:\/\/www.electricstore.eu\/fr\/wp-json\/wp\/v2\/media?parent=24729"}],"wp:term":[{"taxonomy":"product_brand","embeddable":true,"href":"https:\/\/www.electricstore.eu\/fr\/wp-json\/wp\/v2\/product_brand?post=24729"},{"taxonomy":"product_cat","embeddable":true,"href":"https:\/\/www.electricstore.eu\/fr\/wp-json\/wp\/v2\/product_cat?post=24729"},{"taxonomy":"product_tag","embeddable":true,"href":"https:\/\/www.electricstore.eu\/fr\/wp-json\/wp\/v2\/product_tag?post=24729"}],"curies":[{"name":"wp","href":"https:\/\/api.w.org\/{rel}","templated":true}]}}