{"id":24714,"date":"2025-05-20T18:42:05","date_gmt":"2025-05-20T18:42:05","guid":{"rendered":"https:\/\/electricstore.eu\/p\/uncategorized\/homcom-bicycle-roller-with-adjustable-resistance-8-levels-77x56x475\/"},"modified":"2025-05-20T18:43:08","modified_gmt":"2025-05-20T18:43:08","slug":"homcom-bicycle-roller-with-adjustable-resistance-8-levels-77x56x475","status":"publish","type":"product","link":"https:\/\/www.electricstore.eu\/fr\/p\/a\/homcom-bicycle-roller-with-adjustable-resistance-8-levels-77x56x475\/","title":{"rendered":"Rouleau de v\u00e9lo HOMCOM avec r\u00e9sistance r\u00e9glable sur 8 niveaux 77x56x47,5"},"content":{"rendered":"<div class=\"product-specs-list-container\">\n<ul class=\"product-specs-list util-clearfix\">\n<li class=\"product-prop line-limit-length\"><span\n                                        class=\"property-title\">Nom de marque :&nbsp;<\/span><span\n                                        class=\"property-desc line-limit-length\">HOMCOM<\/span>\n                            <\/li>\n<li class=\"product-prop line-limit-length\"><span\n                                        class=\"property-title\">Origine:&nbsp;<\/span><span\n                                        class=\"property-desc line-limit-length\">Chine continentale<\/span>\n                            <\/li>\n<\/ul><\/div>\n<div class=\"detailmodule_html\">\n<div class=\"detail-desc-decorate-richtext\">\n<p><\/p>\n<div style=\"overflow:visible;height:auto\" class=\"lc-1\">\n<div class=\"f-line\">\n<div class=\"fts\">\n<div>\nVous souhaitez vous d\u00e9barrasser de vos kilos superflus n&#039;importe o\u00f9 et n&#039;importe quand\u00a0? Vous voulez vous entra\u00eener sur votre v\u00e9lo quel que soit le temps\u00a0? Le rouleau d&#039;entra\u00eenement HOMCOM est la solution id\u00e9ale. Facile \u00e0 utiliser, il prot\u00e8ge vos hanches et vos genoux pendant vos s\u00e9ances. Ses 8 niveaux de r\u00e9sistance magn\u00e9tique s&#039;adaptent \u00e0 tous vos entra\u00eenements. Et ce n&#039;est pas tout\u00a0! Ce rouleau d&#039;entra\u00eenement est \u00e9galement pliable, ce qui facilite son rangement et son transport.<\/p><\/div><\/div><\/div>\n<\/div>\n<div class=\"lc-1\">\n<div class=\"f-line\">\n<div class=\"fts\">\n<div>\n    <strong>Caract\u00e9ristiques:<\/strong><br \/>\n    <br \/>\u2022 L&#039;alternative id\u00e9ale aux sorties \u00e0 v\u00e9lo en ext\u00e9rieur, par temps de pluie ou en cas de forte circulation, pour vous aider \u00e0 am\u00e9liorer vos comp\u00e9tences cyclistes.<br \/>\n<br \/>\u2022 Sa conception pliable facilite le rangement et le transport<br \/>\n<br \/>\u2022 La r\u00e9sistance \u00e0 8 niveaux r\u00e9pond \u00e0 diff\u00e9rents besoins d&#039;entra\u00eenement, vous permettant de l&#039;adapter \u00e0 votre progression physique.<br \/>\n<br \/>\u2022 Fabriqu\u00e9 en m\u00e9tal et en PP de haute qualit\u00e9<br \/>\n<br \/>\u2022 Convient aux v\u00e9los de route ou de montagne avec des roues de 650C, 700C ou de 26 \u00e0 29 pouces.<\/p><\/div><\/div><\/div>\n<\/div>\n<div class=\"lc-1\">\n<div class=\"f-line\">\n<div class=\"fts\">\n<div>\n    <strong>Caract\u00e9ristiques:<\/strong><br \/>\n    <br \/>\u2022 Couleur : Bleu<br \/>\n<br \/>\u2022 Mat\u00e9riaux : m\u00e9tal, polypropyl\u00e8ne, nylon<br \/>\n<br \/>\u2022 Dimensions totales : 77 x 56 x 47,5 cm (L x AN x HA)<br \/>\n<br \/>Accessoires inclus\u00a0: amortisseur de roue avant, barre de d\u00e9montage rapide, interrupteur pour grande moto, cl\u00e9<br \/>\n<br \/>\u2022 R\u00e9f\u00e9rence : AA0-066<\/p>\n<p>\n   <\/div><\/div><\/div>\n<\/div>\n<div>\n <img decoding=\"async\" width=\"1000    \" height=\"35\" src=\"https:\/\/ae01.alicdn.com\/kf\/HTB1KhgjkfiSBuNkSnhJq6zDcpXaR.jpg\" slate-data-type=\"image\" \/>\n<\/div>\n<div class=\"content01\">\n<div class=\"content_img\">\n  <img decoding=\"async\" width=\"1000\" src=\"https:\/\/ae01.alicdn.com\/kf\/H581840f366d847e8a1e9800a41f8627ab.jpg\" slate-data-type=\"image\" \/>\n <\/div>\n<div class=\"content_img\">\n  <img decoding=\"async\" width=\"1000\" src=\"https:\/\/ae01.alicdn.com\/kf\/Hfe82448c70444edf895f8366e6d2f523E.jpg\" slate-data-type=\"image\" \/>\n <\/div>\n<div class=\"content_img\">\n  <img decoding=\"async\" width=\"1000\" src=\"https:\/\/ae01.alicdn.com\/kf\/H29217f1e606b46e7b19677af60c8421aO.jpg\" slate-data-type=\"image\" \/>\n <\/div>\n<div class=\"content_img\">\n  <img decoding=\"async\" width=\"1000\" src=\"https:\/\/ae01.alicdn.com\/kf\/H60d510e4d7644883b61a6c189f69a4a0O.jpg\" slate-data-type=\"image\" \/>\n <\/div>\n<div class=\"content_img\">\n  <img decoding=\"async\" width=\"1000\" src=\"https:\/\/ae01.alicdn.com\/kf\/H5cdaba8cc5104284bba1bd81df5a3b7ft.jpg\" slate-data-type=\"image\" \/>\n <\/div>\n<div class=\"content_img\">\n  <img decoding=\"async\" width=\"1000\" src=\"https:\/\/ae01.alicdn.com\/kf\/H28cb1b05e5f841958e9d2299742b6b01T.jpg\" slate-data-type=\"image\" \/>\n <\/div>\n<div class=\"content_img\">\n  <img decoding=\"async\" width=\"1000\" src=\"https:\/\/gsp.aliexpress.com\/apps\/product\/publish?spm=5261.ProductManageOnline.0.0.d2a64edfSJ3idI&amp;productId=4001283700647\" slate-data-type=\"image\" \/>\n <\/div>\n<div class=\"content_img\">\n  <img decoding=\"async\" width=\"1000\" src=\"https:\/\/gsp.aliexpress.com\/apps\/product\/publish?spm=5261.ProductManageOnline.0.0.d2a64edfSJ3idI&amp;productId=4001283700647\" slate-data-type=\"image\" \/>\n <\/div>\n<\/div>\n<div>\n <img fetchpriority=\"high\" decoding=\"async\" width=\"1000\" height=\"1881\" src=\"https:\/\/ae01.alicdn.com\/kf\/HTB1i.OtVMHqK1RjSZFkq6x.WFXaT.jpg\" slate-data-type=\"image\" \/>\n<\/div>\n<p><\/p>\n<\/div>\n<\/div>","protected":false},"excerpt":{"rendered":"<p>Brand Name:&nbsp;HOMCOM Origin:&nbsp;Mainland China &amp; Iquest; You want to get rid of your excess body fat anytime, anywhere? &amp; Iquest; You want to train on your bike regardless of the<\/p>","protected":false},"featured_media":24716,"comment_status":"open","ping_status":"closed","template":"","meta":{"_acf_changed":false},"product_brand":[],"product_cat":[525],"product_tag":[],"class_list":{"0":"post-24714","1":"product","2":"type-product","3":"status-publish","4":"has-post-thumbnail","6":"product_cat-a","8":"first","9":"instock","10":"shipping-taxable","11":"purchasable","12":"product-type-variable"},"acf":[],"_links":{"self":[{"href":"https:\/\/www.electricstore.eu\/fr\/wp-json\/wp\/v2\/product\/24714","targetHints":{"allow":["GET"]}}],"collection":[{"href":"https:\/\/www.electricstore.eu\/fr\/wp-json\/wp\/v2\/product"}],"about":[{"href":"https:\/\/www.electricstore.eu\/fr\/wp-json\/wp\/v2\/types\/product"}],"replies":[{"embeddable":true,"href":"https:\/\/www.electricstore.eu\/fr\/wp-json\/wp\/v2\/comments?post=24714"}],"wp:featuredmedia":[{"embeddable":true,"href":"https:\/\/www.electricstore.eu\/fr\/wp-json\/wp\/v2\/media\/24716"}],"wp:attachment":[{"href":"https:\/\/www.electricstore.eu\/fr\/wp-json\/wp\/v2\/media?parent=24714"}],"wp:term":[{"taxonomy":"product_brand","embeddable":true,"href":"https:\/\/www.electricstore.eu\/fr\/wp-json\/wp\/v2\/product_brand?post=24714"},{"taxonomy":"product_cat","embeddable":true,"href":"https:\/\/www.electricstore.eu\/fr\/wp-json\/wp\/v2\/product_cat?post=24714"},{"taxonomy":"product_tag","embeddable":true,"href":"https:\/\/www.electricstore.eu\/fr\/wp-json\/wp\/v2\/product_tag?post=24714"}],"curies":[{"name":"wp","href":"https:\/\/api.w.org\/{rel}","templated":true}]}}