{"id":24669,"date":"2025-05-20T18:41:34","date_gmt":"2025-05-20T18:41:34","guid":{"rendered":"https:\/\/electricstore.eu\/p\/uncategorized\/homcom-moto-electrica-para-ninos-de-18-36-meses-66x37x44-cm-rojo\/"},"modified":"2025-05-20T18:42:23","modified_gmt":"2025-05-20T18:42:23","slug":"homcom-moto-electrica-para-ninos-de-18-36-meses-66x37x44-cm-rojo","status":"publish","type":"product","link":"https:\/\/www.electricstore.eu\/fr\/p\/motorbikes\/electric-children-motorbikes\/homcom-moto-electrica-para-ninos-de-18-36-meses-66x37x44-cm-rojo\/","title":{"rendered":"HOMCOM Moto \u00c9lectrique pour Enfants de 18-36 Mois 66x37x44 cm Rouge"},"content":{"rendered":"<div class=\"product-specs-list-container\">\n<ul class=\"product-specs-list util-clearfix\">\n<li class=\"product-prop line-limit-length\"><span\n                                        class=\"property-title\">Est \u00e9lectrique :&nbsp;<\/span><span\n                                        class=\"property-desc line-limit-length\">Autre batterie<\/span>\n                            <\/li>\n<li class=\"product-prop line-limit-length\"><span\n                                        class=\"property-title\">Nom de marque :&nbsp;<\/span><span\n                                        class=\"property-desc line-limit-length\">HOMCOM<\/span>\n                            <\/li>\n<li class=\"product-prop line-limit-length\"><span\n                                        class=\"property-title\">Caract\u00e9ristiques:&nbsp;<\/span><span\n                                        class=\"property-desc line-limit-length\">moul\u00e9 sous pression<\/span>\n                            <\/li>\n<\/ul><\/div>\n<div class=\"detailmodule_html\">\n<div class=\"detail-desc-decorate-richtext\">\n<div style=\"overflow:visible;height:auto\">\n<div>\n<div>\n<div>Avec un permis pour enfant pour la moto BMW. Avec une vitesse maximale de 2,5 km\/h, cette moto est recommand\u00e9e pour les enfants de 18 \u00e0 36 mois. Son si\u00e8ge confortable et sa musique int\u00e9gr\u00e9e cr\u00e9ent une ambiance agr\u00e9able pour les tout-petits lors des promenades. Emportez cette moto jouet partout avec vous pour encourager vos enfants \u00e0 jouer dehors. Ses magnifiques phares fonctionnels lui conf\u00e8rent un charme particulier.<\/p>\n<\/div>\n<\/div>\n<\/div>\n<\/div>\n<div>\n<div>\n<div>\n<div><strong>Caract\u00e9ristiques:<\/strong><br \/>Robot BMW sous licence, apparence unique, design a\u00e9rodynamique et unique<br \/>Robot actionn\u00e9 par p\u00e9dale et orn\u00e9 de fioritures, pour enfants de 18 \u00e0 36 mois.<br \/>Robot Super Stabil avec un design \u00e0 3 roues<br \/>Phares robotis\u00e9s fonctionnels, musique int\u00e9gr\u00e9e et fonctions avanc\u00e9es, commande par p\u00e9dale, pour un rendu plus r\u00e9aliste.<br \/>Le robot d\u00e9veloppe naturellement la coordination \u0153il-main dans le jeu et le rire<br \/>Si\u00e8ge de toilette matelass\u00e9 avec assise essuy\u00e9e, largeur suppl\u00e9mentaire et amortisseur de ressort pour chaise perc\u00e9e One Direction.<br \/>Moteur robot 6 V pour une propulsion arri\u00e8re puissante et une autonomie de 45 min en lecture continue.<br \/>Selle robot super simple<\/p>\n<p><\/div>\n<\/div>\n<\/div>\n<\/div>\n<div>\n<div>\n<div>\n<div>Couleur du robot : Rouge\/Noir<br \/>Mat\u00e9riaux du robot : m\u00e9tal et polypropyl\u00e8ne<br \/>Dimensions totales du robot : 66 x 37 x 44 cm (L x AN x AL)<br \/>Dimensions du si\u00e8ge du robot : 22\u00d714 cm (L x l)<br \/>Roue de taille robot\u00a0: \u042418\u00d77,5 cm (DxAN)<br \/>Temps de s\u00e9chage (premier chargement complet) : 10-12 h<br \/>Temps de s\u00e9chage en mode conventionnel : 10 h<br \/>Temps de s\u00e9chage\u00a0: 45 min<br \/>Batteries du robot 1\u00a0: 6\u00a0V, 4\u00a0Ah<br \/>Chargeur pour robot\u00a0: 6\u00a0V, 500\u00a0mA<br \/>Moteur de robot : 390 #<br \/>Poids net apr\u00e8s s\u00e9chage : 4 kg<br \/>Capacit\u00e9 de s\u00e9chage maximale (chargement par le haut) : 20 kg<br \/>R\u00e9f\u00e9rence du robot\u00a0: 370-064RD\/370-064BK<\/div>\n<\/div>\n<\/div>\n<\/div>\n<div><img decoding=\"async\" width=\"1000    \" height=\"35\" src=\"https:\/\/ae01.alicdn.com\/kf\/HTB1KhgjkfiSBuNkSnhJq6zDcpXaR.jpg\" slate-data-type=\"image\"\/><\/div>\n<div>\n<div><img width=\"1000\" slate-data-type=\"image\"\/><\/div>\n<div><img width=\"1000\" slate-data-type=\"image\"\/><\/div>\n<div><img width=\"1000\" slate-data-type=\"image\"\/><\/div>\n<div><img width=\"1000\" slate-data-type=\"image\"\/><\/div>\n<div><img width=\"1000\" slate-data-type=\"image\"\/><\/div>\n<div><img width=\"1000\" slate-data-type=\"image\"\/><\/div>\n<div><img width=\"1000\" slate-data-type=\"image\"\/><\/div>\n<div><img width=\"1000\" slate-data-type=\"image\"\/><\/div>\n<\/div>\n<div><img fetchpriority=\"high\" decoding=\"async\" width=\"1000\" height=\"1881\" src=\"https:\/\/ae01.alicdn.com\/kf\/HTB1Pe4ZKAOWBuNjSsppq6xPgpXay.jpg\" slate-data-type=\"image\"\/><\/div>\n<\/div>\n<\/div>\n<p><\/p>","protected":false},"excerpt":{"rendered":"<p>Is Electric:&nbsp;Other Battery Brand Name:&nbsp;HOMCOM Features:&nbsp;Diecast With a license for BMW motorcycle child. With a top speed 2.5 km\/h, order child is insurance from 18 to 36 months old. The<\/p>","protected":false},"featured_media":24670,"comment_status":"open","ping_status":"closed","template":"","meta":{"_acf_changed":false},"product_brand":[],"product_cat":[313],"product_tag":[],"class_list":{"0":"post-24669","1":"product","2":"type-product","3":"status-publish","4":"has-post-thumbnail","6":"product_cat-electric-children-motorbikes","8":"first","9":"instock","10":"shipping-taxable","11":"purchasable","12":"product-type-variable"},"acf":[],"_links":{"self":[{"href":"https:\/\/www.electricstore.eu\/fr\/wp-json\/wp\/v2\/product\/24669","targetHints":{"allow":["GET"]}}],"collection":[{"href":"https:\/\/www.electricstore.eu\/fr\/wp-json\/wp\/v2\/product"}],"about":[{"href":"https:\/\/www.electricstore.eu\/fr\/wp-json\/wp\/v2\/types\/product"}],"replies":[{"embeddable":true,"href":"https:\/\/www.electricstore.eu\/fr\/wp-json\/wp\/v2\/comments?post=24669"}],"wp:featuredmedia":[{"embeddable":true,"href":"https:\/\/www.electricstore.eu\/fr\/wp-json\/wp\/v2\/media\/24670"}],"wp:attachment":[{"href":"https:\/\/www.electricstore.eu\/fr\/wp-json\/wp\/v2\/media?parent=24669"}],"wp:term":[{"taxonomy":"product_brand","embeddable":true,"href":"https:\/\/www.electricstore.eu\/fr\/wp-json\/wp\/v2\/product_brand?post=24669"},{"taxonomy":"product_cat","embeddable":true,"href":"https:\/\/www.electricstore.eu\/fr\/wp-json\/wp\/v2\/product_cat?post=24669"},{"taxonomy":"product_tag","embeddable":true,"href":"https:\/\/www.electricstore.eu\/fr\/wp-json\/wp\/v2\/product_tag?post=24669"}],"curies":[{"name":"wp","href":"https:\/\/api.w.org\/{rel}","templated":true}]}}