{"id":24647,"date":"2025-05-20T18:41:20","date_gmt":"2025-05-20T18:41:20","guid":{"rendered":"https:\/\/electricstore.eu\/p\/uncategorized\/homcom-childrens-electric-motorcycle-car-tricycle-vespa-battery-powered-electric-scooter-with-light-mp3-usb-children-3-6-years\/"},"modified":"2025-05-20T18:41:40","modified_gmt":"2025-05-20T18:41:40","slug":"homcom-childrens-electric-motorcycle-car-tricycle-vespa-battery-powered-electric-scooter-with-light-mp3-usb-children-3-6-years","status":"publish","type":"product","link":"https:\/\/www.electricstore.eu\/fr\/p\/motorbikes\/electric-children-motorbikes\/homcom-childrens-electric-motorcycle-car-tricycle-vespa-battery-powered-electric-scooter-with-light-mp3-usb-children-3-6-years\/","title":{"rendered":"Homcom Moto \u00e9lectrique pour enfants, tricycle, Vespa, scooter \u00e9lectrique \u00e0 batterie avec lumi\u00e8re, MP3, USB, enfants de 3 \u00e0 6 ans"},"content":{"rendered":"<div class=\"product-specs-list-container\">\n<ul class=\"product-specs-list util-clearfix\">\n<li class=\"product-prop line-limit-length\"><span\n                                        class=\"property-title\">Nom de marque :&nbsp;<\/span><span\n                                        class=\"property-desc line-limit-length\">HOMCOM<\/span>\n                            <\/li>\n<li class=\"product-prop line-limit-length\"><span\n                                        class=\"property-title\">Caract\u00e9ristiques:&nbsp;<\/span><span\n                                        class=\"property-desc line-limit-length\">Roulez<\/span>\n                            <\/li>\n<li class=\"product-prop line-limit-length\"><span\n                                        class=\"property-title\">Certificat:&nbsp;<\/span><span\n                                        class=\"property-desc line-limit-length\"><\/span>\n                            <\/li>\n<\/ul><\/div>\n<div class=\"detailmodule_html\">\n<div class=\"detail-desc-decorate-richtext\">\n<div class=\"detailmodule_html\">\n<div class=\"detail-desc-decorate-richtext\">\n<div>What boy or girl&#8217;t want a motorcycle like this?It is a 6v motorcycle with a beautiful vespa design.It has many features to approach real motorcycle: led headlights, led taillights, music, usb and mp3 interface, etc.The little ones can enjoy riding this motorcycle imitating adults.In addition, this toy allows you to develop the balance capacity of children while traveling hours of fun and entertainment assured!<\/p>\n<\/div>\n<div class=\"detailmodule_html\">\n<div class=\"detail-desc-decorate-richtext\">\n<div class=\"lc-1\">\n<div class=\"f-line\">\n<div class=\"fts\">\n<div><strong>Caract\u00e9ristiques:<\/strong><br \/>\u2022 suitable for children over 3 years old<br \/>\u2022 2 auxiliary wheels for easy and safe learning and rapid progression<br \/>\u2022 led lights, multifunction mp3 player (usb interface, mp3 interface)<br \/>\u2022 music buttons on the handlebar<br \/>\u2022 6v engine offering good rear-wheel drive.Long battery life, about 45 minutes of continuous use after a full charge<br \/>\u2022 it has throttle and battery display screen<br \/>\u2022 ergonomic seat for extra comfort during use<br \/>\u2022 design and manufacture with high quality materials<br \/>\u2022 includes illustrated manual assembly<br \/>\u2022 note: it is recommended to use under adult supervision and off-road<\/p>\n<p><\/div>\n<\/div>\n<\/div>\n<\/div>\n<div class=\"lc-1\">\n<div class=\"f-line\">\n<div class=\"fts\">\n<div><strong>Caract\u00e9ristiques:<\/strong><br \/>\u2022 color: white<br \/>\u2022 material: metal and pp<br \/>\u2022 overall dimensions: 102&#215;50.5&#215;75.5cm (lxwxh)<br \/>\u2022 wheel size: \u0444 23&#215;7.5cm (dxw)<br \/>\u2022 speed: 3 km\/h<br \/>\u2022 charging time: 8-12h<br \/>\u2022 continuous use time (with full load): 45min<br \/>\u2022 1 x battery: 6v, 4.5ah<br \/>\u2022 charger: 6v, 500ma<br \/>\u2022 net weight: 9 kg<br \/>\u2022 max.Load capacity: 30 kg<br \/>\u2022 reference: 370-056wt<\/p>\n<p><\/div>\n<\/div>\n<\/div>\n<\/div>\n<div><img decoding=\"async\" width=\"1000    \" height=\"35\" src=\"https:\/\/ae01.alicdn.com\/kf\/HTB1KhgjkfiSBuNkSnhJq6zDcpXaR.jpg\" slate-data-type=\"image\"><\/div>\n<div class=\"content01\">\n<div class=\"content_img\"><img decoding=\"async\" width=\"1000\" src=\"https:\/\/ae01.alicdn.com\/kf\/H457e9c1eb0974c0b8b3bf67c52b90c49b.jpg\" slate-data-type=\"image\"><\/div>\n<div class=\"content_img\"><img decoding=\"async\" width=\"1000\" src=\"https:\/\/ae01.alicdn.com\/kf\/Hadd6da9afe684c2f9e7fd056d7442f60L.jpg\" slate-data-type=\"image\"><\/div>\n<div class=\"content_img\"><img decoding=\"async\" width=\"1000\" src=\"https:\/\/ae01.alicdn.com\/kf\/Hfef0079999114ff7b8c90a1babe10782b.jpg\" slate-data-type=\"image\"><\/div>\n<div class=\"content_img\"><img decoding=\"async\" width=\"1000\" src=\"https:\/\/ae01.alicdn.com\/kf\/H8cf715138298418b9df8ad8aa24f010fX.jpg\" slate-data-type=\"image\"><\/div>\n<div class=\"content_img\"><img decoding=\"async\" width=\"1000\" src=\"https:\/\/ae01.alicdn.com\/kf\/H0c9561b7888241fc87ecc1faa2fde219D.jpg\" slate-data-type=\"image\"><\/div>\n<div class=\"content_img\"><img decoding=\"async\" width=\"1000\" src=\"https:\/\/ae01.alicdn.com\/kf\/Hdc550bae15ed490090cfc58fd425ac00w.jpg\" slate-data-type=\"image\"><\/div>\n<div class=\"content_img\"><img decoding=\"async\" width=\"1000\" src=\"https:\/\/gsp.aliexpress.com\/apps\/product\/publish?spm=5261.ProductManageOnline.0.0.15744edfeo3LUe&amp;productId=1005002294169068\" slate-data-type=\"image\"><\/div>\n<div class=\"content_img\"><img decoding=\"async\" width=\"1000\" src=\"https:\/\/gsp.aliexpress.com\/apps\/product\/publish?spm=5261.ProductManageOnline.0.0.15744edfeo3LUe&amp;productId=1005002294169068\" slate-data-type=\"image\"><\/div>\n<\/div>\n<div><img fetchpriority=\"high\" decoding=\"async\" width=\"1000\" height=\"1881\" src=\"https:\/\/ae01.alicdn.com\/kf\/HTB1i.OtVMHqK1RjSZFkq6x.WFXaT.jpg\" slate-data-type=\"image\"><\/div>\n<\/div>\n<\/div>\n<p><\/p>\n<\/div>\n<\/div>\n<\/div>\n<\/div>","protected":false},"excerpt":{"rendered":"<p>Brand Name:&nbsp;HOMCOM Features:&nbsp;Ride On Certificate:&nbsp; What boy or girl&#8217;t want a motorcycle like this?It is a 6v motorcycle with a beautiful vespa design.It has many features to approach real motorcycle:<\/p>","protected":false},"featured_media":24648,"comment_status":"open","ping_status":"closed","template":"","meta":{"_acf_changed":false},"product_brand":[],"product_cat":[313],"product_tag":[],"class_list":{"0":"post-24647","1":"product","2":"type-product","3":"status-publish","4":"has-post-thumbnail","6":"product_cat-electric-children-motorbikes","8":"first","9":"instock","10":"shipping-taxable","11":"purchasable","12":"product-type-variable"},"acf":[],"_links":{"self":[{"href":"https:\/\/www.electricstore.eu\/fr\/wp-json\/wp\/v2\/product\/24647","targetHints":{"allow":["GET"]}}],"collection":[{"href":"https:\/\/www.electricstore.eu\/fr\/wp-json\/wp\/v2\/product"}],"about":[{"href":"https:\/\/www.electricstore.eu\/fr\/wp-json\/wp\/v2\/types\/product"}],"replies":[{"embeddable":true,"href":"https:\/\/www.electricstore.eu\/fr\/wp-json\/wp\/v2\/comments?post=24647"}],"wp:featuredmedia":[{"embeddable":true,"href":"https:\/\/www.electricstore.eu\/fr\/wp-json\/wp\/v2\/media\/24648"}],"wp:attachment":[{"href":"https:\/\/www.electricstore.eu\/fr\/wp-json\/wp\/v2\/media?parent=24647"}],"wp:term":[{"taxonomy":"product_brand","embeddable":true,"href":"https:\/\/www.electricstore.eu\/fr\/wp-json\/wp\/v2\/product_brand?post=24647"},{"taxonomy":"product_cat","embeddable":true,"href":"https:\/\/www.electricstore.eu\/fr\/wp-json\/wp\/v2\/product_cat?post=24647"},{"taxonomy":"product_tag","embeddable":true,"href":"https:\/\/www.electricstore.eu\/fr\/wp-json\/wp\/v2\/product_tag?post=24647"}],"curies":[{"name":"wp","href":"https:\/\/api.w.org\/{rel}","templated":true}]}}