{"id":24338,"date":"2025-05-20T18:35:40","date_gmt":"2025-05-20T18:35:40","guid":{"rendered":"https:\/\/electricstore.eu\/p\/uncategorized\/hyper-gogo-pioneer-12-plus-with-app-electric-motorcycle-for-kids-24v-5-2ah-160w-with-12x3-tires-12km-range-smoke-speaker\/"},"modified":"2025-05-20T18:36:13","modified_gmt":"2025-05-20T18:36:13","slug":"hyper-gogo-pioneer-12-plus-with-app-electric-motorcycle-for-kids-24v-5-2ah-160w-with-12x3-tires-12km-range-smoke-speaker","status":"publish","type":"product","link":"https:\/\/www.electricstore.eu\/fr\/p\/motorbikes\/electric-children-motorbikes\/hyper-gogo-pioneer-12-plus-with-app-electric-motorcycle-for-kids-24v-5-2ah-160w-with-12x3-tires-12km-range-smoke-speaker\/","title":{"rendered":"Moto \u00e9lectrique HYPER GOGO Pioneer 12 Plus avec application pour enfants, 24 V, 5,2 Ah, 160 W, pneus 12&#039;x3&#039;, autonomie 12 km, fum\u00e9e, haut-parleur"},"content":{"rendered":"<div class=\"product-specs-list-container\">\n<ul class=\"product-specs-list util-clearfix\">\n<li class=\"product-prop line-limit-length\"><span\n                                        class=\"property-title\">Num\u00e9ro de mod\u00e8le :&nbsp;<\/span><span\n                                        class=\"property-desc line-limit-length\">Pioneer 12<\/span>\n                            <\/li>\n<li class=\"product-prop line-limit-length\"><span\n                                        class=\"property-title\">Num\u00e9ro de roue :&nbsp;<\/span><span\n                                        class=\"property-desc line-limit-length\">Deux<\/span>\n                            <\/li>\n<li class=\"product-prop line-limit-length\"><span\n                                        class=\"property-title\">\u00c2ge recommand\u00e9\u00a0:&nbsp;<\/span><span\n                                        class=\"property-desc line-limit-length\">6-12 ans, 14 ans et plus<\/span>\n                            <\/li>\n<li class=\"product-prop line-limit-length\"><span\n                                        class=\"property-title\">Caract\u00e9ristiques:&nbsp;<\/span><span\n                                        class=\"property-desc line-limit-length\">Roulez<\/span>\n                            <\/li>\n<li class=\"product-prop line-limit-length\"><span\n                                        class=\"property-title\">Mat\u00e9riau du cadre :&nbsp;<\/span><span\n                                        class=\"property-desc line-limit-length\">Acier<\/span>\n                            <\/li>\n<li class=\"product-prop line-limit-length\"><span\n                                        class=\"property-title\">Batterie:&nbsp;<\/span><span\n                                        class=\"property-desc line-limit-length\">Li-ion 21,9 V 5,2 A<\/span>\n                            <\/li>\n<li class=\"product-prop line-limit-length\"><span\n                                        class=\"property-title\">Chargeur CC :&nbsp;<\/span><span\n                                        class=\"property-desc line-limit-length\">24 V CC, 1,5 A<\/span>\n                            <\/li>\n<li class=\"product-prop line-limit-length\"><span\n                                        class=\"property-title\">Moteur:&nbsp;<\/span><span\n                                        class=\"property-desc line-limit-length\">24 V 160 W<\/span>\n                            <\/li>\n<li class=\"product-prop line-limit-length\"><span\n                                        class=\"property-title\">Couple:&nbsp;<\/span><span\n                                        class=\"property-desc line-limit-length\">11N.m<\/span>\n                            <\/li>\n<li class=\"product-prop line-limit-length\"><span\n                                        class=\"property-title\">Indice d&#039;\u00e9tanch\u00e9it\u00e9 :&nbsp;<\/span><span\n                                        class=\"property-desc line-limit-length\">IP4<\/span>\n                            <\/li>\n<li class=\"product-prop line-limit-length\"><span\n                                        class=\"property-title\">Mont\u00e9e maximale :&nbsp;<\/span><span\n                                        class=\"property-desc line-limit-length\">10\u00b0<\/span>\n                            <\/li>\n<li class=\"product-prop line-limit-length\"><span\n                                        class=\"property-title\">Vitesse maximale :&nbsp;<\/span><span\n                                        class=\"property-desc line-limit-length\">16 km\/h<\/span>\n                            <\/li>\n<li class=\"product-prop line-limit-length\"><span\n                                        class=\"property-title\">Port\u00e9e maximale :&nbsp;<\/span><span\n                                        class=\"property-desc line-limit-length\">12 km<\/span>\n                            <\/li>\n<li class=\"product-prop line-limit-length\"><span\n                                        class=\"property-title\">Mode vitesse :&nbsp;<\/span><span\n                                        class=\"property-desc line-limit-length\">3 niveaux (8 km\/h, 12 km\/h et 16 km\/h)<\/span>\n                            <\/li>\n<li class=\"product-prop line-limit-length\"><span\n                                        class=\"property-title\">Frein:&nbsp;<\/span><span\n                                        class=\"property-desc line-limit-length\">Moyeu arri\u00e8re<\/span>\n                            <\/li>\n<li class=\"product-prop line-limit-length\"><span\n                                        class=\"property-title\">Pneu:&nbsp;<\/span><span\n                                        class=\"property-desc line-limit-length\">Pneus en caoutchouc pneumatiques<\/span>\n                            <\/li>\n<li class=\"product-prop line-limit-length\"><span\n                                        class=\"property-title\">Taille des pneus :&nbsp;<\/span><span\n                                        class=\"property-desc line-limit-length\">12 x 3&quot;<\/span>\n                            <\/li>\n<li class=\"product-prop line-limit-length\"><span\n                                        class=\"property-title\">Pression des pneus:&nbsp;<\/span><span\n                                        class=\"property-desc line-limit-length\">45-50 PSI<\/span>\n                            <\/li>\n<li class=\"product-prop line-limit-length\"><span\n                                        class=\"property-title\">Afficher:&nbsp;<\/span><span\n                                        class=\"property-desc line-limit-length\">Oui<\/span>\n                            <\/li>\n<li class=\"product-prop line-limit-length\"><span\n                                        class=\"property-title\">Application\u00a0:&nbsp;<\/span><span\n                                        class=\"property-desc line-limit-length\">Oui<\/span>\n                            <\/li>\n<li class=\"product-prop line-limit-length\"><span\n                                        class=\"property-title\">Lumi\u00e8re LED :&nbsp;<\/span><span\n                                        class=\"property-desc line-limit-length\">Oui<\/span>\n                            <\/li>\n<li class=\"product-prop line-limit-length\"><span\n                                        class=\"property-title\">Fum\u00e9e:&nbsp;<\/span><span\n                                        class=\"property-desc line-limit-length\">Oui<\/span>\n                            <\/li>\n<li class=\"product-prop line-limit-length\"><span\n                                        class=\"property-title\">Enceinte Bluetooth :&nbsp;<\/span><span\n                                        class=\"property-desc line-limit-length\">Oui<\/span>\n                            <\/li>\n<\/ul><\/div>\n<div class=\"detailmodule_dynamic\"><kse:widget data-widget-type=\"relatedProduct\" id=\"1005000009406803\" title=\"\" type=\"relation\"><\/kse:widget><\/div>\n<div class=\"detailmodule_html\">\n<div class=\"detail-desc-decorate-richtext\">\n<p><\/p>\n<div style=\"background-color:rgb(240, 234, 255);margin:20px 0px 10px;margin-bottom:10px;margin-top:20px;margin-left:0px;margin-right:0px;width:100%;height:34px\">\n <span style=\"background-color:rgb(55, 139, 238);color:rgb(255, 255, 255);font-size:24px;font-family:Verdana, Arial\">Points forts<\/span><\/p>\n<\/div>\n<div class=\"detailmodule_text\">\n<div class=\"detailmodule_html\">\n<div class=\"detail-desc-decorate-richtext\">\n<div class=\"detailmodule_text-image\">\n<div class=\"detailmodule_text-image\">\n<div class=\"detailmodule_html\">\n<div class=\"detail-desc-decorate-richtext\">\n<div class=\"detailmodule_text-image\">\n<div class=\"detailmodule_html\">\n<div class=\"detail-desc-decorate-richtext\">\n<div style=\"font-family:&quot;Open Sans&quot;, Arial, Helvetica, sans-serif, Heiti;font-size:14px;color:rgb(0, 0, 0);box-sizing:content-box\" class=\"detailmodule_html\">\n<div style=\"box-sizing:content-box\" class=\"detail-desc-decorate-richtext\">\n<div style=\"width:944px;height:auto;box-sizing:content-box\">\n<div style=\"box-sizing:content-box\">\n<div class=\"detailmodule_html\">\n<div class=\"detail-desc-decorate-richtext\">\n<div style=\"font-family:&quot;Open Sans&quot;, Arial, Helvetica, sans-serif, Heiti;font-size:14px;color:rgb(0, 0, 0);box-sizing:content-box\" class=\"detailmodule_html\">\n<div style=\"box-sizing:content-box\" class=\"detail-desc-decorate-richtext\">\n<div style=\"width:944px;height:auto;box-sizing:content-box\">\n<div style=\"box-sizing:content-box\">\n<div class=\"detailmodule_html\">\n<div class=\"detail-desc-decorate-richtext\">\n<div class=\"detailmodule_text-image\">\n<div class=\"detailmodule_text-image\">\n<div class=\"detailmodule_html\">\n<div class=\"detail-desc-decorate-richtext\">\n<div style=\"width:944px;height:auto;box-sizing:content-box\">\n<div style=\"box-sizing:content-box\">\n<div class=\"detailmodule_html\">\n<div class=\"detail-desc-decorate-richtext\">\n<div style=\"font-family:&quot;Open Sans&quot;, Arial, Helvetica, sans-serif, Heiti;font-size:14px;color:rgb(0, 0, 0);box-sizing:content-box\" class=\"detailmodule_html\">\n<div style=\"box-sizing:content-box\" class=\"detail-desc-decorate-richtext\">\n<div style=\"width:944px;height:auto;box-sizing:content-box\">\n<div style=\"box-sizing:content-box\">\n<div class=\"detailmodule_html\">\n<div class=\"detail-desc-decorate-richtext\">\n<div class=\"detailmodule_text-image\">\n<div class=\"detailmodule_text\">\n<div class=\"detailmodule_html\">\n<div class=\"detail-desc-decorate-richtext\">\n<div class=\"detailmodule_text-image\">\n<div class=\"detailmodule_text\">\n<p><span style=\"color:rgb(0, 0, 0);font-size:16px;font-family:arial, helvetica, sans-serif\">1. La moto pour enfants la plus intelligente jamais con\u00e7ue ;<\/span><\/p>\n<p><span style=\"color:rgb(0, 0, 0);font-size:16px;font-family:arial, helvetica, sans-serif\">2. Con\u00e7u pour un plaisir sans fin ;<\/span><\/p>\n<p><span style=\"color:rgb(0, 0, 0);font-size:16px;font-family:arial, helvetica, sans-serif\">3. Construisez en tenant compte de la s\u00e9curit\u00e9 ;<\/span><\/p>\n<p><span style=\"color:rgb(0, 0, 0);font-size:16px;font-family:arial, helvetica, sans-serif\">4. Excellent choix pour les enfants ;<\/span><\/p>\n<p><span style=\"color:rgb(0, 0, 0);font-size:16px;font-family:arial, helvetica, sans-serif\">5. Une heure de plaisir \u00e0 cheval sans interruption.<\/span><\/p>\n<\/p><\/div><\/div><\/div><\/div><\/div><\/div><\/div><\/div><\/div><\/div><\/div><\/div><\/div><\/div><\/div><\/div><\/div><\/div><\/div><\/div><\/div><\/div><\/div><\/div><\/div><\/div><\/div><\/div><\/div><\/div><\/div><\/div><\/div><\/div><\/div><\/div><\/div><\/div><\/div><\/div><\/div>\n<\/div>\n<div style=\"background-color:rgb(240, 234, 255);margin:20px 0px 10px;margin-bottom:10px;margin-top:20px;margin-left:0px;margin-right:0px;width:100%;height:34px\">\n <span style=\"background-color:rgb(55, 139, 238);color:rgb(255, 255, 255);font-size:24px;font-family:Verdana, Arial\">D\u00e9tails du produit<\/span>\n<\/div>\n<p><img decoding=\"async\" src=\"https:\/\/ae01.alicdn.com\/kf\/Sf5928d1809a849bab6b5cfdc5c382d23I.jpg\" slate-data-type=\"image\" \/><img decoding=\"async\" src=\"https:\/\/ae01.alicdn.com\/kf\/S945dd8bcf8144b17bab29019b978c0e0a.jpg\" slate-data-type=\"image\" \/><img decoding=\"async\" src=\"https:\/\/ae01.alicdn.com\/kf\/Sf32a2893c8254862a1dfd8bc753d590bV.jpg\" slate-data-type=\"image\" \/><img decoding=\"async\" src=\"https:\/\/ae01.alicdn.com\/kf\/S0b4a8a57aaf04760bccec54ec38fb602u.jpg\" slate-data-type=\"image\" \/><img decoding=\"async\" src=\"https:\/\/ae01.alicdn.com\/kf\/S517cdf98f63041a6b2ba3d5719a6b04bj.jpg\" slate-data-type=\"image\" \/><img decoding=\"async\" src=\"https:\/\/ae01.alicdn.com\/kf\/Sc0976a4dd8f64676882f680e4d7b2542v.jpg\" slate-data-type=\"image\" \/><img decoding=\"async\" src=\"https:\/\/ae01.alicdn.com\/kf\/Sf2c01ee7738d4cd08d010fc67f663c9ch.jpg\" slate-data-type=\"image\" \/><img decoding=\"async\" src=\"https:\/\/ae01.alicdn.com\/kf\/S0ac7a380fc4d42cab61759ef3c31ff01B.jpg\" slate-data-type=\"image\" \/><img decoding=\"async\" src=\"https:\/\/ae01.alicdn.com\/kf\/S8d75929355f54ebc8f8f564518344fe0m.jpg\" slate-data-type=\"image\" \/><img decoding=\"async\" src=\"https:\/\/ae01.alicdn.com\/kf\/S47a31f986e274b5281fa8f1542e43ff53.jpg\" slate-data-type=\"image\" \/><img decoding=\"async\" src=\"https:\/\/ae01.alicdn.com\/kf\/S85ed103d2ad14af989b455f0a1678ae9w.jpg\" slate-data-type=\"image\" \/><\/p>\n<div style=\"background-color:rgb(240, 234, 255);margin:20px 0px 10px;margin-bottom:10px;margin-top:20px;margin-left:0px;margin-right:0px;width:100%;height:34px\">\n <span style=\"background-color:rgb(55, 139, 238);color:rgb(255, 255, 255);font-size:24px;font-family:Verdana, Arial\">Sp\u00e9cification <\/span>\n<\/div>\n<p><\/p>\n<table style=\"border-collapse:collapse;font-family:&quot;Microsoft YaHei&quot;;width:1567px\" width=\"327.02pt\" border=\"1\" cellpadding=\"0\" cellspacing=\"0\">\n<tbody>\n<tr>\n<td style=\"width:82.5pt;height:56.25pt\" class=\"et2\" width=\"110\" height=\"75\" rowspan=\"4\">\n<p><span class=\"font1\" style=\"font-size:16px;font-family:arial, helvetica, sans-serif\">G\u00e9n\u00e9ral<\/span><\/p>\n<\/td>\n<td style=\"width:244.5pt\" class=\"et3\" width=\"326\" rowspan=\"4\">\n<p><span style=\"font-size:16px;font-family:arial, helvetica, sans-serif\">Marque : HYPER GOGO<br \/>Type : Moto \u00e9lectrique pour enfants<br \/>Mod\u00e8le : Pioneer 12 Plus (avec application)<br \/>Couleur: Vert<\/span><\/p>\n<\/td>\n<\/tr>\n<tr><\/tr>\n<tr><\/tr>\n<tr><\/tr>\n<tr>\n<td style=\"width:82.5pt;height:204.75pt\" class=\"et2\" width=\"110\" height=\"273\" rowspan=\"15\">\n<p><span class=\"font1\" style=\"font-size:16px;font-family:arial, helvetica, sans-serif\">Caract\u00e9ristiques<\/span><\/p>\n<\/td>\n<td style=\"width:244.5pt\" class=\"et3\" width=\"326\" rowspan=\"15\">\n<p><span style=\"font-size:16px;font-family:arial, helvetica, sans-serif\">Mat\u00e9riau du cadre : Acier<br \/>Batterie : Li-ion 21,9 V 5,2 A<br \/>Chargeur CC\u00a0: 24\u00a0V CC, 1,5\u00a0A<br \/>Moteur : 24 V 160 W<br \/>Couple : 11 N.m<br \/>Indice d&#039;\u00e9tanch\u00e9it\u00e9 : IP4<br \/>Pente maximale : 10\u00b0<br \/>Charge maximale : 65 kg<br \/>Vitesse maximale : 16 km\/h<br \/>Port\u00e9e maximale : 12 km<br \/>Modes de vitesse : 3 niveaux (8 km\/h, 12 km\/h et 16 km\/h)<br \/>Frein : Moyeu arri\u00e8re<br \/>Pneus : Pneus pneumatiques en caoutchouc<br \/>Dimensions des pneus : 12 x 3 pouces<br \/>Pression des pneus : 45-50 PSI<\/span><\/p>\n<\/td>\n<\/tr>\n<tr><\/tr>\n<tr><\/tr>\n<tr><\/tr>\n<tr><\/tr>\n<tr><\/tr>\n<tr><\/tr>\n<tr><\/tr>\n<tr><\/tr>\n<tr><\/tr>\n<tr><\/tr>\n<tr><\/tr>\n<tr><\/tr>\n<tr><\/tr>\n<tr><\/tr>\n<tr>\n<td style=\"width:82.5pt;height:83.25pt\" class=\"et2\" width=\"110\" height=\"111\" rowspan=\"6\">\n<p><span class=\"font1\" style=\"font-size:16px;font-family:arial, helvetica, sans-serif\">Caract\u00e9ristiques<\/span><\/p>\n<\/td>\n<td style=\"width:244.5pt\" class=\"et3\" width=\"326\" rowspan=\"6\">\n<p><span style=\"font-size:16px;font-family:arial, helvetica, sans-serif\">Affichage : Oui<br \/>Fender : Oui<br \/>Application\u00a0: Oui<br \/>Lumi\u00e8re LED : Oui<br \/>Fum\u00e9e : Oui<br \/>Enceinte Bluetooth : Oui<\/span><\/p>\n<\/td>\n<\/tr>\n<tr><\/tr>\n<tr><\/tr>\n<tr><\/tr>\n<tr><\/tr>\n<tr><\/tr>\n<tr>\n<td style=\"width:82.5pt;height:56.25pt\" class=\"et2\" width=\"110\" height=\"75\" rowspan=\"4\">\n<p><span class=\"font1\" style=\"font-size:16px;font-family:arial, helvetica, sans-serif\">Poids et taille<\/span><\/p>\n<\/td>\n<td style=\"width:244.5pt\" class=\"et3\" width=\"326\" rowspan=\"4\">\n<p><span style=\"font-size:16px;font-family:arial, helvetica, sans-serif\">Poids du produit : 15,6 kg<br \/>Poids du colis : 18,8 kg<br \/>Dimensions du produit (L x l x H) : 1151 x 499 x 725 mm<br \/>Dimensions de l&#039;emballage (L x l x H) : 1075 x 245 x 525 mm<\/span><\/p>\n<\/td>\n<\/tr>\n<tr><\/tr>\n<tr><\/tr>\n<tr><\/tr>\n<tr>\n<td style=\"width:82.5pt;height:218.25pt\" class=\"et2\" width=\"110\" height=\"291\" rowspan=\"16\">\n<p><span class=\"font1\" style=\"font-size:16px;font-family:arial, helvetica, sans-serif\">Contenu du colis<\/span><\/p>\n<\/td>\n<td style=\"width:244.5pt\" class=\"et3\" width=\"326\" rowspan=\"16\">\n<p><span style=\"font-size:16px;font-family:arial, helvetica, sans-serif\">1 x Moto enfant semi-assembl\u00e9e<br \/>1 cl\u00e9 Allen de 4 mm<br \/>1 cl\u00e9 Allen de 6 mm<br \/>Cl\u00e9 de 2 x 16 mm<br \/>1 x chargeur<br \/>1 x Manuel d&#039;utilisation<br \/>2 x P\u00e9dales<br \/>1 x bo\u00eete de rangement<br \/>1 x Roue avant<br \/>1 x Fender<br \/>4 x Colliers de guidon<br \/>1 x b\u00e9quille<br \/>1 x Axe avec \u00e9crous pour roue avant<br \/>4 boulons pour garde-boue<br \/>4 boulons moyens pour guidon<br \/>2 boulons pour b\u00e9quille<\/span><\/p>\n<\/td>\n<\/tr>\n<tr><\/tr>\n<tr><\/tr>\n<tr><\/tr>\n<tr><\/tr>\n<tr><\/tr>\n<tr><\/tr>\n<tr><\/tr>\n<tr><\/tr>\n<tr><\/tr>\n<tr><\/tr>\n<tr><\/tr>\n<tr><\/tr>\n<tr><\/tr>\n<tr><\/tr>\n<tr><\/tr>\n<tr>\n<td style=\"width:327pt;height:29.25pt\" class=\"et3\" width=\"436\" height=\"39\" colspan=\"2\">\n<p><span class=\"font3\" style=\"font-size:16px;font-family:arial, helvetica, sans-serif\"><span class=\"font2\" style=\"font-size:16px;font-family:arial, helvetica, sans-serif\">Veuillez noter que la plage de performances maximale est atteinte avec une charge de 60 kg, en roulant \u00e0 16 km\/h sur des routes plates sans vent fort \u00e0 26 \u00b0C.<\/span><\/span><\/p>\n<\/td>\n<\/tr>\n<\/tbody>\n<\/table>\n<p><\/div>\n<\/div>","protected":false},"excerpt":{"rendered":"<p>Model Number:&nbsp;Pioneer 12 Wheel Number:&nbsp;Two Recommend Age:&nbsp;6-12Y,14+y Features:&nbsp;Ride On Frame Material:&nbsp;Steel Battery:&nbsp;Li-ion 21.9V 5.2A DC Charger:&nbsp;DC 24V 1.5A Motor:&nbsp;24V 160W Torque:&nbsp;11N.m Waterpoof Rating:&nbsp;IP4 Max Uphill:&nbsp;10\u00b0 Max Speed:&nbsp;16km\/h Max Range:&nbsp;12km Speed<\/p>","protected":false},"featured_media":24339,"comment_status":"open","ping_status":"closed","template":"","meta":{"_acf_changed":false},"product_brand":[],"product_cat":[313],"product_tag":[],"class_list":{"0":"post-24338","1":"product","2":"type-product","3":"status-publish","4":"has-post-thumbnail","6":"product_cat-electric-children-motorbikes","8":"first","9":"instock","10":"shipping-taxable","11":"purchasable","12":"product-type-variable"},"acf":[],"_links":{"self":[{"href":"https:\/\/www.electricstore.eu\/fr\/wp-json\/wp\/v2\/product\/24338","targetHints":{"allow":["GET"]}}],"collection":[{"href":"https:\/\/www.electricstore.eu\/fr\/wp-json\/wp\/v2\/product"}],"about":[{"href":"https:\/\/www.electricstore.eu\/fr\/wp-json\/wp\/v2\/types\/product"}],"replies":[{"embeddable":true,"href":"https:\/\/www.electricstore.eu\/fr\/wp-json\/wp\/v2\/comments?post=24338"}],"wp:featuredmedia":[{"embeddable":true,"href":"https:\/\/www.electricstore.eu\/fr\/wp-json\/wp\/v2\/media\/24339"}],"wp:attachment":[{"href":"https:\/\/www.electricstore.eu\/fr\/wp-json\/wp\/v2\/media?parent=24338"}],"wp:term":[{"taxonomy":"product_brand","embeddable":true,"href":"https:\/\/www.electricstore.eu\/fr\/wp-json\/wp\/v2\/product_brand?post=24338"},{"taxonomy":"product_cat","embeddable":true,"href":"https:\/\/www.electricstore.eu\/fr\/wp-json\/wp\/v2\/product_cat?post=24338"},{"taxonomy":"product_tag","embeddable":true,"href":"https:\/\/www.electricstore.eu\/fr\/wp-json\/wp\/v2\/product_tag?post=24338"}],"curies":[{"name":"wp","href":"https:\/\/api.w.org\/{rel}","templated":true}]}}