{"id":22582,"date":"2025-05-20T18:29:27","date_gmt":"2025-05-20T18:29:27","guid":{"rendered":"https:\/\/electricstore.eu\/p\/uncategorized\/electric-bike-conversion-kit-with-48v-10-4ah-battery-front-rear-wheel-motor-48v-1000w-mtx-rim-for-e-bike\/"},"modified":"2025-05-20T18:29:42","modified_gmt":"2025-05-20T18:29:42","slug":"electric-bike-conversion-kit-with-48v-10-4ah-battery-front-rear-wheel-motor-48v-1000w-mtx-rim-for-e-bike","status":"publish","type":"product","link":"https:\/\/www.electricstore.eu\/fr\/p\/p\/kits\/electric-hub-motor-kits\/electric-bike-conversion-kit-with-48v-10-4ah-battery-front-rear-wheel-motor-48v-1000w-mtx-rim-for-e-bike\/","title":{"rendered":"Kit de conversion pour v\u00e9lo \u00e9lectrique avec batterie 48 V 10,4 Ah, moteur roue avant arri\u00e8re 48 V 1\u00a0000 W, jante MTX pour v\u00e9lo \u00e9lectrique"},"content":{"rendered":"<div class=\"product-specs-list-container\">\n<ul class=\"product-specs-list util-clearfix\">\n<li class=\"product-prop line-limit-length\"><span\n                                        class=\"property-title\">Conception:&nbsp;<\/span><span\n                                        class=\"property-desc line-limit-length\">Sans balais<\/span>\n                            <\/li>\n<li class=\"product-prop line-limit-length\"><span\n                                        class=\"property-title\">tension:&nbsp;<\/span><span\n                                        class=\"property-desc line-limit-length\">48V<\/span>\n                            <\/li>\n<li class=\"product-prop line-limit-length\"><span\n                                        class=\"property-title\">Origine:&nbsp;<\/span><span\n                                        class=\"property-desc line-limit-length\">Chine continentale<\/span>\n                            <\/li>\n<li class=\"product-prop line-limit-length\"><span\n                                        class=\"property-title\">Moteur:&nbsp;<\/span><span\n                                        class=\"property-desc line-limit-length\">Moteur sans balais \u00e0 moyeu sans engrenage<\/span>\n                            <\/li>\n<li class=\"product-prop line-limit-length\"><span\n                                        class=\"property-title\">tension:&nbsp;<\/span><span\n                                        class=\"property-desc line-limit-length\">48V<\/span>\n                            <\/li>\n<li class=\"product-prop line-limit-length\"><span\n                                        class=\"property-title\">Puissance :&nbsp;<\/span><span\n                                        class=\"property-desc line-limit-length\">301 \u2013 400 W, 201 \u2013 300 W<\/span>\n                            <\/li>\n<li class=\"product-prop line-limit-length\"><span\n                                        class=\"property-title\">Type de moteur :&nbsp;<\/span><span\n                                        class=\"property-desc line-limit-length\">Moteur \u00e0 moyeu \u00e0 engrenages sans balais<\/span>\n                            <\/li>\n<li class=\"product-prop line-limit-length\"><span\n                                        class=\"property-title\">Jante:&nbsp;<\/span><span\n                                        class=\"property-desc line-limit-length\">CSC avec surface de freinage, MTX sans surface de freinage<\/span>\n                            <\/li>\n<li class=\"product-prop line-limit-length\"><span\n                                        class=\"property-title\">Batterie:&nbsp;<\/span><span\n                                        class=\"property-desc line-limit-length\">36 V 10,5 Ah 48 V 13 Ah<\/span>\n                            <\/li>\n<\/ul><\/div>\n<div class=\"detailmodule_text\">\n<p style=\"font-family:OpenSans;font-size:20px;font-weight:900;line-height:28px;white-space:pre-wrap;color:rgb(0, 0, 0);margin-bottom:12px\" class=\"detail-desc-decorate-title\">Liste de colisage<\/p>\n<\/div>\n<div class=\"detailmodule_text-image\">\n<p style=\"font-family:OpenSans;font-size:20px;font-weight:900;line-height:28px;white-space:pre-wrap;color:rgb(0, 0, 0);margin-bottom:12px\" class=\"detail-desc-decorate-title\">Si vous choisissez le kit de jantes CSC<\/p>\n<p style=\"font-family:OpenSans;font-size:14px;font-weight:300;line-height:20px;white-space:pre-wrap;color:rgb(0, 0, 0);margin-bottom:12px\" class=\"detail-desc-decorate-content\">Remarque\u00a0: le kit de conversion ne comprend pas le pneu, la roue libre, le frein \u00e0 disque. (Si vous avez besoin d&#039;une batterie, d&#039;un pneu, d&#039;une roue libre, d&#039;un frein \u00e0 disque, veuillez nous contacter pour un suppl\u00e9ment)<br \/>Si vous choisissez le kit de jantes CSC<br \/>1 * batterie et chargeur (si vous choisissez \u00ab\u00a0Pas de batterie\u00a0\u00bb, la batterie et le chargeur ne sont pas inclus)<br \/>1 * Roue motrice arri\u00e8re<br \/>1 * Contr\u00f4leur CC <br \/>1 * Sac de contr\u00f4leur<br \/>1 paire * Levier de frein \u00e0 coupure de courant<br \/>1 * \u00c9cran LCD3 ou sw900<br \/>1 * 8 Capteur d&#039;assistance de p\u00e9dale magn\u00e9tique<br \/>1 jeu * Acc\u00e9l\u00e9rateur (l&#039;\u00e9cran LCD3 utilise un acc\u00e9l\u00e9rateur \u00e0 demi-tour. L&#039;\u00e9cran SW900 utilise un acc\u00e9l\u00e9rateur \u00e0 torsion)<\/p>\n<div><img decoding=\"async\" class=\"detail-desc-decorate-image\" src=\"https:\/\/ae01.alicdn.com\/kf\/Sefb025d9e71349bb85aeebe750b447bfL.jpg\" slate-data-type=\"image\"\/><\/div>\n<\/div>\n<div class=\"detailmodule_text-image\">\n<p style=\"font-family:OpenSans;font-size:20px;font-weight:900;line-height:28px;white-space:pre-wrap;color:rgb(0, 0, 0);margin-bottom:12px\" class=\"detail-desc-decorate-title\">Si vous choisissez le kit de jantes MTX<\/p>\n<p style=\"font-family:OpenSans;font-size:14px;font-weight:300;line-height:20px;white-space:pre-wrap;color:rgb(0, 0, 0);margin-bottom:12px\" class=\"detail-desc-decorate-content\">Remarque\u00a0: le kit de conversion n&#039;inclut pas la batterie. (Si vous avez besoin d&#039;une batterie, veuillez nous contacter pour des frais suppl\u00e9mentaires)<br \/>Si vous choisissez le kit de jantes MTX<br \/>1 * batterie et chargeur (si vous choisissez \u00ab\u00a0Pas de batterie\u00a0\u00bb, la batterie et le chargeur ne sont pas inclus)<br \/>1 * Roue motrice arri\u00e8re (26\/27,5\/29 pouces)<br \/>1 * Pneu<br \/>1 * Roue libre \u00e0 7 vitesses<br \/>1 disque de frein \u00e0 disque de 160 mm<br \/>1 * Contr\u00f4leur CC <br \/>1 * Sac de contr\u00f4leur <br \/>1 paire * levier de frein \u00e0 coupure d&#039;alimentation Wuxing <br \/>1 * \u00c9cran LCD3<br \/>1 * 8 Capteur d&#039;assistance de p\u00e9dale magn\u00e9tique <br \/>1 jeu * Manette des gaz demi-tour<\/p>\n<div><img decoding=\"async\" class=\"detail-desc-decorate-image\" src=\"https:\/\/ae01.alicdn.com\/kf\/S0e957ecca6d347f6a7bfb999611fe08fI.jpg\" slate-data-type=\"image\"\/><\/div>\n<\/div>\n<div class=\"detailmodule_text\">\n<p style=\"font-family:OpenSans;font-size:20px;font-weight:900;line-height:28px;white-space:pre-wrap;color:rgb(0, 0, 0);margin-bottom:12px\" class=\"detail-desc-decorate-title\">Roue motrice<\/p>\n<p style=\"font-family:OpenSans;font-size:14px;text-align:left;color:rgb(0, 0, 0);background-color:rgb(255, 255, 255);display:block;width:100%\" align=\"left\">1. Pleine vitesse : 36 V 250\/350\/500 W environ 20 \u00e0 35 km\/heure,<br \/>48V 1000W environ 45-55km\/h, <br \/>48V 1500W environ 50-60km\/h, <br \/> (diff\u00e9rentes tailles de roues, conditions de route et de m\u00e9t\u00e9o et poids du cycliste auront une vitesse diff\u00e9rente)<br \/>2. Moteur de moyeu : moteur de moyeu \u00e0 engrenages sans balais pour 36 V <br \/>Moteur sans balais \u00e0 moyeu sans engrenage pour 48 V <br \/>3. Jante : Jante en alliage d&#039;aluminium \u00e0 double paroi<br \/>Jante CSC, largeur int\u00e9rieure 25 mm<br \/>24 26 27,5 pouces est SUN ringle MTX39, largeur int\u00e9rieure 30 mm<br \/>28 29 pouces 700C est SUN ringle MTX33, largeur int\u00e9rieure 26 mm<br \/>4. Bo\u00eetier de p\u00e9dalier de roue : arri\u00e8re 135 mm-142 mm<br \/>5. Couple : 25-35 Nm pour 36 V 250 W 350 W 500 W<br \/>30-40NM pour 500W 1000W<br \/>35-45NM pour 1500W<br \/>6. RPM : 320 pour 36 V 250 W 350 W<br \/>350 pour 36V 500W<br \/>470 pour 48V 500W 1000W<br \/>540 pour 48V 1500W<br \/>7. Ce moteur est compatible avec une roue libre filet\u00e9e, mais pas avec une cassette. Si vous recherchez un moteur compatible avec une cassette, veuillez nous contacter.<\/p>\n<\/div>\n<div class=\"detailmodule_image\"><img decoding=\"async\" class=\"detail-desc-decorate-image\" src=\"https:\/\/ae01.alicdn.com\/kf\/H7bc9f84c75704df78fd5fb271f27f1d3c.jpg\" slate-data-type=\"image\"\/><img decoding=\"async\" class=\"detail-desc-decorate-image\" src=\"https:\/\/ae01.alicdn.com\/kf\/H406141f49450451f823fc314a1c6ea900.jpg\" slate-data-type=\"image\"\/><img decoding=\"async\" style=\"margin-bottom:10px\" class=\"detail-desc-decorate-image\" src=\"https:\/\/ae01.alicdn.com\/kf\/S9dc1cb71554746f39dc1078dea02b7bff.jpg\" slate-data-type=\"image\"\/><\/div>\n<div class=\"detailmodule_text-image\">\n<p style=\"font-family:OpenSans;font-size:20px;font-weight:900;line-height:28px;white-space:pre-wrap;color:rgb(0, 0, 0);margin-bottom:12px\" class=\"detail-desc-decorate-title\">Moteur 36V CSC Jante<\/p>\n<div><img decoding=\"async\" class=\"detail-desc-decorate-image\" src=\"https:\/\/ae01.alicdn.com\/kf\/Se24a17f6db1c44efbbb506229f89fbcfy.jpg\" slate-data-type=\"image\"\/><\/div>\n<\/div>\n<div class=\"detailmodule_text-image\">\n<p style=\"font-family:OpenSans;font-size:20px;font-weight:900;line-height:28px;white-space:pre-wrap;color:rgb(0, 0, 0);margin-bottom:12px\" class=\"detail-desc-decorate-title\">Moteur 48V CSC Jante<\/p>\n<div><img decoding=\"async\" class=\"detail-desc-decorate-image\" src=\"https:\/\/ae01.alicdn.com\/kf\/Scc8374a4a44c4937967b2b8a72f3f173S.jpg\" slate-data-type=\"image\"\/><\/div>\n<\/div>\n<div class=\"detailmodule_text-image\">\n<p style=\"font-family:OpenSans;font-size:20px;font-weight:900;line-height:28px;white-space:pre-wrap;color:rgb(0, 0, 0);margin-bottom:12px\" class=\"detail-desc-decorate-title\">Jante MTX \u00e0 moteur 48 V<\/p>\n<div><img decoding=\"async\" style=\"margin-bottom:10px\" class=\"detail-desc-decorate-image\" src=\"https:\/\/ae01.alicdn.com\/kf\/Saa641b9b9a1d4b1e89b7265133006f2ad.jpg\" slate-data-type=\"image\"\/><\/div>\n<\/div>\n<div class=\"detailmodule_text-image\">\n<p style=\"font-family:OpenSans;font-size:20px;font-weight:900;line-height:28px;white-space:pre-wrap;color:rgb(0, 0, 0);margin-bottom:12px\" class=\"detail-desc-decorate-title\">Batterie<\/p>\n<p style=\"font-family:OpenSans;font-size:14px;font-weight:300;line-height:20px;white-space:pre-wrap;color:rgb(0, 0, 0);margin-bottom:12px\" class=\"detail-desc-decorate-content\">(Si vous choisissez \u00ab\u00a0Pas de batterie\u00a0\u00bb, la batterie et le chargeur ne sont pas inclus)<br \/>Batterie 36 V 10,4 Ah<br \/>Connecteur pour contr\u00f4leur : XT60<br \/>Tension nominale : 36 V<br \/>Capacit\u00e9 nominale : 10,4 Ah<br \/>Type compos\u00e9 : 10Series 4Paralles 10S4P<br \/>Cellules : Cellules puissantes 18650 3,7 V 2600 mAh 5C<br \/>BMS : 20 A en continu 400 \u00b1 10 A maximum<br \/>Puissance du moteur adapt\u00e9e : 36 V 250 W 350 W 500 W<br \/>Courant de charge : 2 A<br \/>Tension de coupure de charge : 42 V<br \/>Tension de coupure de d\u00e9charge : 30 V<br \/>Temp\u00e9rature de d\u00e9charge : -20 \u00e0 65 \u00b0C<br \/>Temp\u00e9rature de charge : 0 \u00e0 45\u00b0C<br \/>Dimensions : 70*80*205mm<br \/>Poids de la batterie : 2,9 kg<br \/>Dur\u00e9e de vie du cycle : capacit\u00e9 \u226580% apr\u00e8s 800 cycles.<\/p>\n<p>Batterie 48V 13AH<br \/>Connecteur pour contr\u00f4leur : XT60<br \/>Tension nominale : 48 V<br \/>Capacit\u00e9 nominale : 13 Ah<br \/>Type compos\u00e9 : 13S\u00e9rie 5Paralles 13S5P<br \/>Cellules : Cellules puissantes 18650 3,7 V 2600 mAh 5C<br \/>BMS : 30 A en continu 60 \u00b1 10 A maximum<br \/>Puissance du moteur adapt\u00e9e : 48 V, 500 W, 750 W, 1\u00a0000 W<br \/>Courant de charge : 2 A<br \/>Tension de coupure de charge\u00a0: 54,6\u00a0V<br \/>Tension de coupure de d\u00e9charge : 39 V<br \/>Temp\u00e9rature de d\u00e9charge : -20 \u00e0 65 \u00b0C<br \/>Temp\u00e9rature de charge : 0 \u00e0 45\u00b0C<br \/>Dimensions : 70*95*270mm<br \/>Poids de la batterie : 4,4 kg<br \/>Dur\u00e9e de vie du cycle : capacit\u00e9 \u226580% apr\u00e8s 800 cycles.<\/p>\n<div><img decoding=\"async\" class=\"detail-desc-decorate-image\" src=\"https:\/\/ae01.alicdn.com\/kf\/S156535ee2ba34c2ea5b93e12514a81e3c.jpg\" slate-data-type=\"image\"\/><\/div>\n<\/div>\n<div class=\"detailmodule_text-image\">\n<p style=\"font-family:OpenSans;font-size:20px;font-weight:900;line-height:28px;white-space:pre-wrap;color:rgb(0, 0, 0);margin-bottom:12px\" class=\"detail-desc-decorate-title\">Afficher<\/p>\n<p style=\"font-family:OpenSans;font-size:14px;font-weight:300;line-height:20px;white-space:pre-wrap;color:rgb(0, 0, 0);margin-bottom:12px\" class=\"detail-desc-decorate-content\">Caract\u00e9ristiques du produit de l&#039;\u00e9cran LCD3<br \/>Fonction d&#039;affichage :<br \/>il affiche la vitesse de conduite, le kilom\u00e9trage unique et le kilom\u00e9trage cumul\u00e9, le temps de conduite, le rapport d&#039;assistance \u00e9lectrique, la puissance et la temp\u00e9rature du moteur, la tension et l&#039;\u00e9tat de charge de la batterie, l&#039;\u00e9tat des freins et la temp\u00e9rature ambiante utilis\u00e9e ainsi que d&#039;autres param\u00e8tres de cyclisme\u00a0;<br \/>Fonction de contr\u00f4le\/r\u00e9glage :<br \/>Livr\u00e9 avec r\u00e9g\u00e9n\u00e9ration de freinage anti-charge, affichage des donn\u00e9es, alimentation intelligente, r\u00e9glage du calage, r\u00e9glage des param\u00e8tres, affichage des donn\u00e9es, suralimentation du v\u00e9hicule, vitesse de croisi\u00e8re et constante, conduite de nuit, r\u00e9glage du mot de passe, invite automatique.<\/p>\n<div><img decoding=\"async\" class=\"detail-desc-decorate-image\" src=\"https:\/\/ae01.alicdn.com\/kf\/Sc6b6f6d63c464fbca41d65939a881b1dH.jpg\" slate-data-type=\"image\"\/><\/div>\n<\/div>\n<div class=\"detailmodule_text-image\">\n<p style=\"font-family:OpenSans;font-size:20px;font-weight:900;line-height:28px;white-space:pre-wrap;color:rgb(0, 0, 0);margin-bottom:12px\" class=\"detail-desc-decorate-title\">Afficher<\/p>\n<p style=\"font-family:OpenSans;font-size:14px;font-weight:300;line-height:20px;white-space:pre-wrap;color:rgb(0, 0, 0);margin-bottom:12px\" class=\"detail-desc-decorate-content\">Caract\u00e9ristiques du produit de l&#039;\u00e9cran SW900<br \/>Fonction d&#039;affichage :<br \/>Affichage de la vitesse, affichage de la vitesse assist\u00e9e, indicateur de puissance, invite de d\u00e9faut, kilom\u00e9trage total, kilom\u00e9trage unique, phares et affichage du temps de conduite unique.<br \/>(2) Fonction de contr\u00f4le\/r\u00e9glage :<br \/>Commande de l&#039;interrupteur d&#039;alimentation, commande de l&#039;interrupteur des phares, commande de suralimentation de 6 km\/h, r\u00e9glage du diam\u00e8tre des roues, r\u00e9glage de la limite de vitesse, r\u00e9glage de la veille du compteur, r\u00e9glage de la luminosit\u00e9 du r\u00e9tro\u00e9clairage, r\u00e9glage de la tension.<\/p>\n<div><img decoding=\"async\" class=\"detail-desc-decorate-image\" src=\"https:\/\/ae01.alicdn.com\/kf\/S34ecb7a4b12f455799970fa80afdd84dc.jpg\" slate-data-type=\"image\"\/><\/div>\n<\/div>\n<div class=\"detailmodule_text\">\n<p style=\"font-family:OpenSans;font-size:20px;font-weight:900;line-height:28px;white-space:pre-wrap;color:rgb(0, 0, 0);margin-bottom:12px\" class=\"detail-desc-decorate-title\">Contr\u00f4leur<\/p>\n<p style=\"font-family:OpenSans;font-size:14px;text-align:left;color:rgb(0, 0, 0);background-color:rgb(255, 255, 255);display:block;width:100%\" align=\"left\">Contr\u00f4leur MOSFET KT 6<br \/>Convient pour : roue motrice 36 V 250 W\/350 W\/500 W, \u00e9cran LCD3<br \/>Courant nominal : 10 A, courant maximal : 20 \u00b1 1 A<br \/>Taille: 100*61*35mm<\/p>\n<p>Contr\u00f4leur MOSFET KT 12 <br \/>Convient pour : moteur-roue 48 V 1\u00a0000 W, \u00e9cran LCD 3 pouces<br \/>Courant nominal : 15 A, courant maximal : 30 \u00b1 1 A<br \/>Taille : 176*82*41mm<\/p>\n<p>Contr\u00f4leur MOSFET KT 18 <br \/>Convient pour : roue motrice 48 V 1\u00a0500 W, \u00e9cran LCD 3 pouces<br \/>Courant nominal : 22 A, courant maximal : 45 \u00b1 1 A<br \/>Taille: 240*82*41mm<\/p>\n<\/div>\n<div class=\"detailmodule_image\"><img decoding=\"async\" style=\"margin-bottom:10px\" class=\"detail-desc-decorate-image\" src=\"https:\/\/ae01.alicdn.com\/kf\/Se398c4dbd44c4ed893c6b9de85536da3k.jpg\" slate-data-type=\"image\"\/><\/div>\n<div class=\"detailmodule_text\">\n<p style=\"font-family:OpenSans;font-size:20px;font-weight:900;line-height:28px;white-space:pre-wrap;color:rgb(0, 0, 0);margin-bottom:12px\" class=\"detail-desc-decorate-title\">Contr\u00f4leur<\/p>\n<p style=\"font-family:OpenSans;font-size:14px;text-align:left;color:rgb(0, 0, 0);background-color:rgb(255, 255, 255);display:block;width:100%\" align=\"left\">Contr\u00f4leur MOSFET CSC 6<br \/>Convient pour : roue motrice 36 V 250 W\/350 W\/500 W, \u00e9cran SW900<br \/>Courant nominal : 15 A, courant maximal : 30 \u00b1 1 A<br \/>Taille : 100*64*32mm<\/p>\n<p>Contr\u00f4leur CSC 12 MOSFET <br \/>Convient pour : roue motrice 48 V 1\u00a0000 W, \u00e9cran SW900<br \/>Courant nominal : 22 A, courant maximal : 44 \u00b1 1 A<br \/>Taille : 149*83,3*42mm<\/p>\n<p>Contr\u00f4leur MOSFET CSC 15 <br \/>Convient pour : roue motrice 48 V 1\u00a0500 W, \u00e9cran SW900<br \/>Courant nominal : 35 A, courant maximal : 70 \u00b1 1 A<br \/>Taille : 118,2*82,33*41mm<\/p>\n<\/div>\n<div class=\"detailmodule_image\"><img decoding=\"async\" class=\"detail-desc-decorate-image\" src=\"https:\/\/ae01.alicdn.com\/kf\/H91b578cda72b4fe3bcd7881269329105N.jpg\" slate-data-type=\"image\"\/><\/div>\n<div class=\"detailmodule_text\">\n<p style=\"font-family:OpenSans;font-size:20px;font-weight:900;line-height:28px;white-space:pre-wrap;color:rgb(0, 0, 0);margin-bottom:12px\" class=\"detail-desc-decorate-title\">Sac pour contr\u00f4leur<\/p>\n<\/div>\n<div class=\"detailmodule_image\"><img decoding=\"async\" class=\"detail-desc-decorate-image\" src=\"https:\/\/ae01.alicdn.com\/kf\/Hfb0c0e235e9d410f815ccbb3e9f9291as.jpg\" slate-data-type=\"image\"\/><\/div>\n<div class=\"detailmodule_text\">\n<p style=\"font-family:OpenSans;font-size:20px;font-weight:900;line-height:28px;white-space:pre-wrap;color:rgb(0, 0, 0);margin-bottom:12px\" class=\"detail-desc-decorate-title\">PAS<\/p>\n<p style=\"font-family:OpenSans;font-size:14px;font-weight:300;line-height:20px;white-space:pre-wrap;color:rgb(0, 0, 0);margin-bottom:12px\" class=\"detail-desc-decorate-content\">Aimant KT BZ-4(8)<\/p>\n<\/div>\n<div class=\"detailmodule_image\"><a href=\"https:\/\/www.aliexpress.com\/store\/product\/Electric-Bicycle-Pedal-BZ-4-8-8-Magnet-or-KT-V12L-12-Magnets-E-bike-PAS\/502344_32947529138.html?spm=2114.12010612.8148356.5.19f8628fiwlFMT\" target=\"_self\" class=\"\"><img decoding=\"async\" class=\"detail-desc-decorate-image\" src=\"https:\/\/ae01.alicdn.com\/kf\/H088209dd4faa4eca81369d582b8c1418x.jpg\" slate-data-type=\"image\"\/><\/a><\/div>\n<div class=\"detailmodule_text\">\n<p style=\"font-family:OpenSans;font-size:20px;font-weight:900;line-height:28px;white-space:pre-wrap;color:rgb(0, 0, 0);margin-bottom:12px\" class=\"detail-desc-decorate-title\">\u00c9trangler<\/p>\n<p style=\"font-family:OpenSans;font-size:14px;font-weight:300;line-height:20px;white-space:pre-wrap;color:rgb(0, 0, 0);margin-bottom:12px\" class=\"detail-desc-decorate-content\">L&#039;\u00e9cran LCD3 utilise la manette des gaz \u00e0 demi-tour<br \/>L&#039;\u00e9cran SW900 utilise la commande d&#039;acc\u00e9l\u00e9rateur Twist<\/p>\n<\/div>\n<div class=\"detailmodule_image\"><img decoding=\"async\" class=\"detail-desc-decorate-image\" src=\"https:\/\/ae01.alicdn.com\/kf\/H00dccd59c973440b9a8550dc62c3c82dG.jpg\" slate-data-type=\"image\"\/><img decoding=\"async\" style=\"margin-bottom:10px\" class=\"detail-desc-decorate-image\" src=\"https:\/\/ae01.alicdn.com\/kf\/S64b160ca23a84b569cc2b7394a04ef72w.jpg\" slate-data-type=\"image\"\/><\/div>\n<div class=\"detailmodule_text-image\">\n<p style=\"font-family:OpenSans;font-size:20px;font-weight:900;line-height:28px;white-space:pre-wrap;color:rgb(0, 0, 0);margin-bottom:12px\" class=\"detail-desc-decorate-title\">Levier de frein \u00e0 coupure de courant<\/p>\n<p style=\"font-family:OpenSans;font-size:14px;font-weight:300;line-height:20px;white-space:pre-wrap;color:rgb(0, 0, 0);margin-bottom:12px\" class=\"detail-desc-decorate-content\">L&#039;\u00e9cran LCD3 utilise la manette des gaz \u00e0 demi-tour<br \/>L&#039;\u00e9cran SW900 utilise la commande d&#039;acc\u00e9l\u00e9rateur Twist<\/p>\n<div><img decoding=\"async\" class=\"detail-desc-decorate-image\" src=\"https:\/\/ae01.alicdn.com\/kf\/S45225552f492471091fd3504a6cfa078w.jpg\" slate-data-type=\"image\"\/><\/div>\n<\/div>\n<div class=\"detailmodule_image\"><img decoding=\"async\" class=\"detail-desc-decorate-image\" src=\"https:\/\/ae01.alicdn.com\/kf\/H2f40eb453ff042d19f4edd32f21b3176U.jpg\" slate-data-type=\"image\"\/><\/div>\n<div class=\"detailmodule_text\">\n<p style=\"font-family:OpenSans;font-size:20px;font-weight:900;line-height:28px;white-space:pre-wrap;color:rgb(0, 0, 0);margin-bottom:12px\" class=\"detail-desc-decorate-title\">Exp\u00e9dition et garantie<\/p>\n<p style=\"font-family:OpenSans;font-size:14px;font-weight:300;line-height:20px;white-space:pre-wrap;color:rgb(0, 0, 0);margin-bottom:12px\" class=\"detail-desc-decorate-content\">Le num\u00e9ro de suivi est \u00e9galement disponible pour la m\u00e9thode d&#039;exp\u00e9dition du vendeur.<\/p>\n<p>1. ) Le prix comprend toutes les taxes<\/p>\n<p>2.) Si vous avez des questions apr\u00e8s r\u00e9ception des articles, veuillez nous contacter. Votre satisfaction est notre priorit\u00e9 absolue et nous sommes convaincus que vous serez satisfait de nos services.<\/p>\n<\/div>\n<div class=\"detailmodule_image\"><img decoding=\"async\" class=\"detail-desc-decorate-image\" src=\"https:\/\/ae01.alicdn.com\/kf\/H8b810db2ab8b4d8eb427b8a220c721431.jpg\" slate-data-type=\"image\"\/><\/div>\n<div class=\"detailmodule_image\"><img decoding=\"async\" class=\"detail-desc-decorate-image\" src=\"https:\/\/ae01.alicdn.com\/kf\/Hf9f37f875a884c5f9a1fa1d70020da65l.jpg\" slate-data-type=\"image\"\/><\/div>\n<p><\/p>","protected":false},"excerpt":{"rendered":"<p>Design:&nbsp;Brushless Voltage:&nbsp;48V Origin:&nbsp;Mainland China Motor:&nbsp;Brushless Non-gear Hub Motor Voltage:&nbsp;48V Wattage:&nbsp;301 &#8211; 400w,201 &#8211; 300w Motor Type:&nbsp;Brushless Gear Hub Motor Rim:&nbsp;CSC with braking surface,MTX no braking surface Battery:&nbsp;36V 10.5AH 48V 13AH<\/p>","protected":false},"featured_media":22583,"comment_status":"open","ping_status":"closed","template":"","meta":{"_acf_changed":false},"product_brand":[],"product_cat":[528],"product_tag":[],"class_list":{"0":"post-22582","1":"product","2":"type-product","3":"status-publish","4":"has-post-thumbnail","6":"product_cat-electric-hub-motor-kits","8":"first","9":"instock","10":"shipping-taxable","11":"purchasable","12":"product-type-variable"},"acf":[],"_links":{"self":[{"href":"https:\/\/www.electricstore.eu\/fr\/wp-json\/wp\/v2\/product\/22582","targetHints":{"allow":["GET"]}}],"collection":[{"href":"https:\/\/www.electricstore.eu\/fr\/wp-json\/wp\/v2\/product"}],"about":[{"href":"https:\/\/www.electricstore.eu\/fr\/wp-json\/wp\/v2\/types\/product"}],"replies":[{"embeddable":true,"href":"https:\/\/www.electricstore.eu\/fr\/wp-json\/wp\/v2\/comments?post=22582"}],"wp:featuredmedia":[{"embeddable":true,"href":"https:\/\/www.electricstore.eu\/fr\/wp-json\/wp\/v2\/media\/22583"}],"wp:attachment":[{"href":"https:\/\/www.electricstore.eu\/fr\/wp-json\/wp\/v2\/media?parent=22582"}],"wp:term":[{"taxonomy":"product_brand","embeddable":true,"href":"https:\/\/www.electricstore.eu\/fr\/wp-json\/wp\/v2\/product_brand?post=22582"},{"taxonomy":"product_cat","embeddable":true,"href":"https:\/\/www.electricstore.eu\/fr\/wp-json\/wp\/v2\/product_cat?post=22582"},{"taxonomy":"product_tag","embeddable":true,"href":"https:\/\/www.electricstore.eu\/fr\/wp-json\/wp\/v2\/product_tag?post=22582"}],"curies":[{"name":"wp","href":"https:\/\/api.w.org\/{rel}","templated":true}]}}