{"id":22127,"date":"2025-05-20T18:28:46","date_gmt":"2025-05-20T18:28:46","guid":{"rendered":"https:\/\/electricstore.eu\/p\/uncategorized\/diy-electric-bicycle-conversion-kit-26in-27-5in-29inch-rear-wheel-48v-1000w-1500w-gearless-motor-hub-mtx-sunringle-rim-for-bike\/"},"modified":"2025-05-20T18:28:54","modified_gmt":"2025-05-20T18:28:54","slug":"diy-electric-bicycle-conversion-kit-26in-27-5in-29inch-rear-wheel-48v-1000w-1500w-gearless-motor-hub-mtx-sunringle-rim-for-bike","status":"publish","type":"product","link":"https:\/\/www.electricstore.eu\/fr\/p\/p\/kits\/electric-hub-motor-kits\/diy-electric-bicycle-conversion-kit-26in-27-5in-29inch-rear-wheel-48v-1000w-1500w-gearless-motor-hub-mtx-sunringle-rim-for-bike\/","title":{"rendered":"Kit de conversion pour v\u00e9lo \u00e9lectrique DIY, roue arri\u00e8re 26 pouces, 27,5 pouces, 29 pouces, moteur sans engrenage 48 V, 1\u00a0000 W, 1\u00a0500 W, moyeu MTX SUNRINGLE pour v\u00e9lo"},"content":{"rendered":"<div class=\"product-specs-list-container\">\n<ul class=\"product-specs-list util-clearfix\">\n<li class=\"product-prop line-limit-length\"><span\n                                        class=\"property-title\">Taille:&nbsp;<\/span><span\n                                        class=\"property-desc line-limit-length\">26 pouces<\/span>\n                            <\/li>\n<li class=\"product-prop line-limit-length\"><span\n                                        class=\"property-title\">Position de montage :&nbsp;<\/span><span\n                                        class=\"property-desc line-limit-length\">Propulsion arri\u00e8re<\/span>\n                            <\/li>\n<li class=\"product-prop line-limit-length\"><span\n                                        class=\"property-title\">Conception:&nbsp;<\/span><span\n                                        class=\"property-desc line-limit-length\">Sans balais<\/span>\n                            <\/li>\n<li class=\"product-prop line-limit-length\"><span\n                                        class=\"property-title\">Puissance :&nbsp;<\/span><span\n                                        class=\"property-desc line-limit-length\">&gt; 1000w<\/span>\n                            <\/li>\n<li class=\"product-prop line-limit-length\"><span\n                                        class=\"property-title\">tension:&nbsp;<\/span><span\n                                        class=\"property-desc line-limit-length\">48V<\/span>\n                            <\/li>\n<li class=\"product-prop line-limit-length\"><span\n                                        class=\"property-title\">Moteur:&nbsp;<\/span><span\n                                        class=\"property-desc line-limit-length\">Moteur sans balais \u00e0 moyeu sans engrenage<\/span>\n                            <\/li>\n<li class=\"product-prop line-limit-length\"><span\n                                        class=\"property-title\">Origine:&nbsp;<\/span><span\n                                        class=\"property-desc line-limit-length\">Chine continentale<\/span>\n                            <\/li>\n<li class=\"product-prop line-limit-length\"><span\n                                        class=\"property-title\">Puissance :&nbsp;<\/span><span\n                                        class=\"property-desc line-limit-length\">1000W 1500W<\/span>\n                            <\/li>\n<li class=\"product-prop line-limit-length\"><span\n                                        class=\"property-title\">Jante:&nbsp;<\/span><span\n                                        class=\"property-desc line-limit-length\">MTX<\/span>\n                            <\/li>\n<li class=\"product-prop line-limit-length\"><span\n                                        class=\"property-title\">Type de frein :&nbsp;<\/span><span\n                                        class=\"property-desc line-limit-length\">frein \u00e0 disque<\/span>\n                            <\/li>\n<li class=\"product-prop line-limit-length\"><span\n                                        class=\"property-title\">Taille de pneu appropri\u00e9e :&nbsp;<\/span><span\n                                        class=\"property-desc line-limit-length\">26 po 27,5 po 29 po<\/span>\n                            <\/li>\n<li class=\"product-prop line-limit-length\"><span\n                                        class=\"property-title\">Diam\u00e8tre de l&#039;arbre du moteur :&nbsp;<\/span><span\n                                        class=\"property-desc line-limit-length\">14 mm x 10 mm<\/span>\n                            <\/li>\n<li class=\"product-prop line-limit-length\"><span\n                                        class=\"property-title\">Note:&nbsp;<\/span><span\n                                        class=\"property-desc line-limit-length\">V\u00e9rifiez les dimensions estampill\u00e9es sur le pneu avant de commander<\/span>\n                            <\/li>\n<li class=\"product-prop line-limit-length\"><span\n                                        class=\"property-title\">Largeur de l&#039;article :&nbsp;<\/span><span\n                                        class=\"property-desc line-limit-length\">Arri\u00e8re 135 mm<\/span>\n                            <\/li>\n<\/ul><\/div>\n<div class=\"detailmodule_text-image\">\n<p style=\"font-family:OpenSans;font-size:20px;font-weight:900;line-height:28px;white-space:pre-wrap;color:rgb(0, 0, 0);margin-bottom:12px\" class=\"detail-desc-decorate-title\"><kse:widget data-widget-type=\"customText\" id=\"1005000011616010\" type=\"custom\"><\/kse:widget><\/p>\n<p style=\"font-family:OpenSans;font-size:20px;font-weight:900;line-height:28px;white-space:pre-wrap;color:rgb(0, 0, 0);margin-bottom:12px\" class=\"detail-desc-decorate-title\">Liste de colisage<\/p>\n<p style=\"font-family:OpenSans;font-size:14px;font-weight:300;line-height:20px;white-space:pre-wrap;color:rgb(0, 0, 0);margin-bottom:12px\" class=\"detail-desc-decorate-content\">Remarque\u00a0: le kit de conversion ne comprend pas de batterie. (Si vous avez besoin d\u2019une batterie, veuillez nous contacter pour conna\u00eetre les frais suppl\u00e9mentaires.)<br \/>1 * Roue motrice arri\u00e8re (26\/27,5\/29 pouces)<br \/>1 * Pneu<br \/>1 * Roue libre \u00e0 7 vitesses<br \/>1 disque de frein \u00e0 disque de 160 mm<br \/>1 * Contr\u00f4leur CC <br \/>1 * Sac de contr\u00f4leur <br \/>1 paire * Levier de frein \u00e0 coupure de courant <br \/>1 * \u00c9cran SW900<br \/>1 * 8 Capteur d&#039;assistance de p\u00e9dale magn\u00e9tique <br \/>1 jeu * Poign\u00e9e d&#039;acc\u00e9l\u00e9rateur rotative<\/p>\n<div><img decoding=\"async\" class=\"detail-desc-decorate-image\" src=\"https:\/\/ae01.alicdn.com\/kf\/S4ee6432d698e4af981bd76bbdd8321a88.jpg\" slate-data-type=\"image\"\/><\/div>\n<\/div>\n<div class=\"detailmodule_text-image\">\n<p style=\"font-family:OpenSans;font-size:20px;font-weight:900;line-height:28px;white-space:pre-wrap;color:rgb(0, 0, 0);margin-bottom:12px\" class=\"detail-desc-decorate-title\">Roue motrice<\/p>\n<p style=\"font-family:OpenSans;font-size:14px;font-weight:300;line-height:20px;white-space:pre-wrap;color:rgb(0, 0, 0);margin-bottom:12px\" class=\"detail-desc-decorate-content\">1. Pleine vitesse :<br \/>48V 1000W environ 45-55km\/h,<br \/>48V 1500W environ 50-60km\/h,<br \/>(diff\u00e9rentes tailles de roues, conditions de route et de m\u00e9t\u00e9o et poids du cycliste auront une vitesse diff\u00e9rente)<br \/>2. Moteur de moyeu :<br \/>Moteur sans balais \u00e0 moyeu sans engrenage<br \/>3. Jante : Jante en alliage d&#039;aluminium \u00e0 double paroi<br \/>24 26 27,5 pouces est SUN ringle MTX39, largeur int\u00e9rieure 30 mm<br \/>28 29 pouces 700C est SUN ringle MTX33, largeur int\u00e9rieure 26 mm<br \/>4. Bo\u00eetier de p\u00e9dalier de roue : arri\u00e8re 135 mm-142 mm<br \/>5. Couple :<br \/>30-40NM pour 1000W<br \/>35-45NM pour 1500W<br \/>6. RPM :<br \/>470 pour 48V 1000W<br \/>540 pour 48V 1500W<\/p>\n<div><img decoding=\"async\" class=\"detail-desc-decorate-image\" src=\"https:\/\/ae01.alicdn.com\/kf\/S6c9188c02bd04699b4360bc8b0fe44a2X.jpg\" slate-data-type=\"image\"\/><img decoding=\"async\" class=\"detail-desc-decorate-image\" src=\"https:\/\/ae01.alicdn.com\/kf\/S3e67d62b93db4cbbb26b8871584fbd40h.jpg\" slate-data-type=\"image\"\/><img decoding=\"async\" class=\"detail-desc-decorate-image\" src=\"https:\/\/ae01.alicdn.com\/kf\/S95b3b353a834444a9de0448eac93b2aak.jpg\" slate-data-type=\"image\"\/><\/div>\n<\/div>\n<div class=\"detailmodule_text-image\">\n<p style=\"font-family:OpenSans;font-size:20px;font-weight:900;line-height:28px;white-space:pre-wrap;color:rgb(0, 0, 0);margin-bottom:12px\" class=\"detail-desc-decorate-title\">Afficher<\/p>\n<p style=\"font-family:OpenSans;font-size:14px;font-weight:300;line-height:20px;white-space:pre-wrap;color:rgb(0, 0, 0);margin-bottom:12px\" class=\"detail-desc-decorate-content\">Caract\u00e9ristiques du produit de l&#039;\u00e9cran SW900<br \/>Fonction d&#039;affichage :<br \/>Affichage de la vitesse, affichage de la vitesse assist\u00e9e, indicateur de puissance, invite de d\u00e9faut, kilom\u00e9trage total, kilom\u00e9trage unique, phares et affichage du temps de conduite unique.<br \/>(2) Fonction de contr\u00f4le\/r\u00e9glage :<br \/>Commande de l&#039;interrupteur d&#039;alimentation, commande de l&#039;interrupteur des phares, commande de suralimentation de 6 km\/h, r\u00e9glage du diam\u00e8tre des roues, r\u00e9glage de la limite de vitesse, r\u00e9glage de la veille du compteur, r\u00e9glage de la luminosit\u00e9 du r\u00e9tro\u00e9clairage, r\u00e9glage de la tension.<\/p>\n<div><img decoding=\"async\" class=\"detail-desc-decorate-image\" src=\"https:\/\/ae01.alicdn.com\/kf\/S02f864cf73974f86824ee0189728239cT.jpg\" slate-data-type=\"image\"\/><\/div>\n<\/div>\n<div class=\"detailmodule_text-image\">\n<p style=\"font-family:OpenSans;font-size:20px;font-weight:900;line-height:28px;white-space:pre-wrap;color:rgb(0, 0, 0);margin-bottom:12px\" class=\"detail-desc-decorate-title\">Contr\u00f4leur<\/p>\n<p style=\"font-family:OpenSans;font-size:14px;font-weight:300;line-height:20px;white-space:pre-wrap;color:rgb(0, 0, 0);margin-bottom:12px\" class=\"detail-desc-decorate-content\">Contr\u00f4leur CSC 12 MOSFET<br \/>Convient pour : roue motrice 48 V 1\u00a0000 W, \u00e9cran SW900<br \/>Courant nominal : 22 A, courant maximal : 44 \u00b1 1 A<br \/>Taille : 149*83,3*42mm<\/p>\n<p>Contr\u00f4leur MOSFET CSC 15<br \/>Convient pour : roue motrice 48 V 1\u00a0500 W, \u00e9cran SW900<br \/>Courant nominal : 35 A, courant maximal : 70 \u00b1 1 A<br \/>Taille : 118,2*82,33*41mm<\/p>\n<div><img decoding=\"async\" class=\"detail-desc-decorate-image\" src=\"https:\/\/ae01.alicdn.com\/kf\/S602335b46ffa4cb6ba848c755bfb554cG.jpg\" slate-data-type=\"image\"\/><\/div>\n<\/div>\n<div class=\"detailmodule_text-image\">\n<p style=\"font-family:OpenSans;font-size:20px;font-weight:900;line-height:28px;white-space:pre-wrap;color:rgb(0, 0, 0);margin-bottom:12px\" class=\"detail-desc-decorate-title\">Sac pour contr\u00f4leur<\/p>\n<div><img decoding=\"async\" class=\"detail-desc-decorate-image\" src=\"https:\/\/ae01.alicdn.com\/kf\/S3501bec3055a4229a384431f5cb8b6a2y.jpg\" slate-data-type=\"image\"\/><\/div>\n<\/div>\n<div class=\"detailmodule_text-image\">\n<p style=\"font-family:OpenSans;font-size:20px;font-weight:900;line-height:28px;white-space:pre-wrap;color:rgb(0, 0, 0);margin-bottom:12px\" class=\"detail-desc-decorate-title\">PAS<\/p>\n<div><img decoding=\"async\" class=\"detail-desc-decorate-image\" src=\"https:\/\/ae01.alicdn.com\/kf\/S46b887ddb2f24fea9531c87c8a7abd9a2.jpg\" slate-data-type=\"image\"\/><\/div>\n<\/div>\n<div class=\"detailmodule_text-image\">\n<p style=\"font-family:OpenSans;font-size:20px;font-weight:900;line-height:28px;white-space:pre-wrap;color:rgb(0, 0, 0);margin-bottom:12px\" class=\"detail-desc-decorate-title\">\u00c9trangler<\/p>\n<p style=\"font-family:OpenSans;font-size:14px;font-weight:300;line-height:20px;white-space:pre-wrap;color:rgb(0, 0, 0);margin-bottom:12px\" class=\"detail-desc-decorate-content\">Tournez la manette des gaz<\/p>\n<div><img decoding=\"async\" class=\"detail-desc-decorate-image\" src=\"https:\/\/ae01.alicdn.com\/kf\/S50b818b01eb443d4b6c01c6b938443b2A.jpg\" slate-data-type=\"image\"\/><\/div>\n<\/div>\n<div class=\"detailmodule_text-image\">\n<p style=\"font-family:OpenSans;font-size:20px;font-weight:900;line-height:28px;white-space:pre-wrap;color:rgb(0, 0, 0);margin-bottom:12px\" class=\"detail-desc-decorate-title\">Levier de frein \u00e0 coupure de courant<\/p>\n<div><img decoding=\"async\" class=\"detail-desc-decorate-image\" src=\"https:\/\/ae01.alicdn.com\/kf\/Sc3652ed9614d4829926faba6bbece9efP.jpg\" slate-data-type=\"image\"\/><\/div>\n<\/div>\n<div class=\"detailmodule_text-image\">\n<p style=\"font-family:OpenSans;font-size:20px;font-weight:900;line-height:28px;white-space:pre-wrap;color:rgb(0, 0, 0);margin-bottom:12px\" class=\"detail-desc-decorate-title\">Exp\u00e9dition et garantie<\/p>\n<p style=\"font-family:OpenSans;font-size:14px;font-weight:300;line-height:20px;white-space:pre-wrap;color:rgb(0, 0, 0);margin-bottom:12px\" class=\"detail-desc-decorate-content\">Le num\u00e9ro de suivi est \u00e9galement disponible pour la m\u00e9thode d&#039;exp\u00e9dition du vendeur.<\/p>\n<p>1. ) Le prix comprend toutes les taxes<\/p>\n<p>2.) Si vous avez des questions apr\u00e8s r\u00e9ception des articles, veuillez nous contacter. Votre satisfaction est notre priorit\u00e9 absolue et nous sommes convaincus que vous serez satisfait de nos services.<\/p>\n<div><img decoding=\"async\" class=\"detail-desc-decorate-image\" src=\"https:\/\/ae01.alicdn.com\/kf\/Sa1e50680bf604c5382b65badcf675bd4U.jpg\" slate-data-type=\"image\"\/><img decoding=\"async\" class=\"detail-desc-decorate-image\" src=\"https:\/\/ae01.alicdn.com\/kf\/S49f4cd5abd0c4cd69195bc13ad624774e.jpg\" slate-data-type=\"image\"\/><\/div>\n<\/div>\n<p><\/p>","protected":false},"excerpt":{"rendered":"<p>Size:&nbsp;26inch Mounting Position:&nbsp;Rear Drive Design:&nbsp;Brushless Wattage:&nbsp;&gt; 1000w Voltage:&nbsp;48V Motor:&nbsp;Brushless Non-gear Hub Motor Origin:&nbsp;Mainland China Wattage:&nbsp;1000W 1500W Rim:&nbsp;MTX Brake Type:&nbsp;disc brake Suitable tire size:&nbsp;26 in 27.5 in 29 in Motor shaft<\/p>","protected":false},"featured_media":22128,"comment_status":"open","ping_status":"closed","template":"","meta":{"_acf_changed":false},"product_brand":[],"product_cat":[528],"product_tag":[],"class_list":{"0":"post-22127","1":"product","2":"type-product","3":"status-publish","4":"has-post-thumbnail","6":"product_cat-electric-hub-motor-kits","8":"first","9":"instock","10":"shipping-taxable","11":"purchasable","12":"product-type-variable"},"acf":[],"_links":{"self":[{"href":"https:\/\/www.electricstore.eu\/fr\/wp-json\/wp\/v2\/product\/22127","targetHints":{"allow":["GET"]}}],"collection":[{"href":"https:\/\/www.electricstore.eu\/fr\/wp-json\/wp\/v2\/product"}],"about":[{"href":"https:\/\/www.electricstore.eu\/fr\/wp-json\/wp\/v2\/types\/product"}],"replies":[{"embeddable":true,"href":"https:\/\/www.electricstore.eu\/fr\/wp-json\/wp\/v2\/comments?post=22127"}],"wp:featuredmedia":[{"embeddable":true,"href":"https:\/\/www.electricstore.eu\/fr\/wp-json\/wp\/v2\/media\/22128"}],"wp:attachment":[{"href":"https:\/\/www.electricstore.eu\/fr\/wp-json\/wp\/v2\/media?parent=22127"}],"wp:term":[{"taxonomy":"product_brand","embeddable":true,"href":"https:\/\/www.electricstore.eu\/fr\/wp-json\/wp\/v2\/product_brand?post=22127"},{"taxonomy":"product_cat","embeddable":true,"href":"https:\/\/www.electricstore.eu\/fr\/wp-json\/wp\/v2\/product_cat?post=22127"},{"taxonomy":"product_tag","embeddable":true,"href":"https:\/\/www.electricstore.eu\/fr\/wp-json\/wp\/v2\/product_tag?post=22127"}],"curies":[{"name":"wp","href":"https:\/\/api.w.org\/{rel}","templated":true}]}}