{"id":21860,"date":"2025-05-20T18:27:38","date_gmt":"2025-05-20T18:27:38","guid":{"rendered":"https:\/\/electricstore.eu\/p\/uncategorized\/150w-electric-motorcycle-for-kids-w-led-lights-12-inch-mini-electric-dirt-bike-24v-3-0ah-battery-powered-motorcycle\/"},"modified":"2025-05-20T18:27:40","modified_gmt":"2025-05-20T18:27:40","slug":"150w-electric-motorcycle-for-kids-w-led-lights-12-inch-mini-electric-dirt-bike-24v-3-0ah-battery-powered-motorcycle","status":"publish","type":"product","link":"https:\/\/www.electricstore.eu\/fr\/p\/motorbikes\/electric-children-motorbikes\/150w-electric-motorcycle-for-kids-w-led-lights-12-inch-mini-electric-dirt-bike-24v-3-0ah-battery-powered-motorcycle\/","title":{"rendered":"Moto \u00e9lectrique 150 W pour enfants avec \u00e9clairage LED, mini moto tout-terrain \u00e9lectrique 12 pouces, batterie 24 V 3 Ah"},"content":{"rendered":"<div class=\"product-specs-list-container\">\n<ul class=\"product-specs-list util-clearfix\">\n<li class=\"product-prop line-limit-length\"><span\n                                        class=\"property-title\">Produits chimiques hautement pr\u00e9occupants :&nbsp;<\/span><span\n                                        class=\"property-desc line-limit-length\">Aucun<\/span>\n                            <\/li>\n<li class=\"product-prop line-limit-length\"><span\n                                        class=\"property-title\">Origine:&nbsp;<\/span><span\n                                        class=\"property-desc line-limit-length\">Chine continentale<\/span>\n                            <\/li>\n<\/ul><\/div>\n<p><strong><span style=\"color:rgb(0, 0, 0);font-size:15pt;font-family:&quot;Times New Roman&quot;\">Description<\/span><\/strong><\/p>\n<p class=\"MsoNormal\"><span style=\"font-size:12pt;font-family:&quot;Times New Roman&quot;\">Envie d&#039;offrir \u00e0 vos enfants une enfance pleine de jeux et d&#039;aventures ? Cette moto \u00e9lectrique est faite pour vous ! Avec son design original et attrayant, elle transforme instantan\u00e9ment vos enfants en petits pilotes, r\u00e9v\u00e9lant leur c\u00f4t\u00e9 enfantin. Laissez-la \u00e9veiller leur soif d&#039;exploration et les guider vers un avenir radieux !<\/span><img decoding=\"async\" src=\"https:\/\/ae01.alicdn.com\/kf\/S1d7e378a83f0443eb8937695ec1f9d1fR.jpg\" slate-data-type=\"image\"\/><strong><span style=\"color:rgb(0, 0, 0);font-size:15pt;font-family:&quot;Times New Roman&quot;\">Application<\/span><\/strong><\/p>\n<p class=\"MsoNormal\"><span style=\"font-size:12pt;font-family:&quot;Times New Roman&quot;\">Ce produit convient aux enfants et adolescents de plus de 6 ans et pesant au maximum 65 kg. Il peut \u00e9galement rouler sur des surfaces ext\u00e9rieures telles que l&#039;asphalte, la brique et le ciment.<\/span><\/p>\n<p><\/p>\n<p class=\"MsoNormal\"><strong><span style=\"color:rgb(0, 0, 0);font-size:15pt;font-family:&quot;Times New Roman&quot;\">Sp\u00e9cification<\/span><\/strong><\/p>\n<p class=\"MsoNormal\"><span style=\"color:rgb(14, 16, 26);font-size:12pt;font-family:&quot;Times New Roman&quot;\">Couleur : Noir<\/span><\/p>\n<p class=\"MsoNormal\"><span style=\"color:rgb(14, 16, 26);font-size:12pt;font-family:&quot;Times New Roman&quot;\">Style : Moderne<\/span><\/p>\n<p class=\"MsoNormal\"><span style=\"color:rgb(14, 16, 26);font-size:12pt;font-family:&quot;Times New Roman&quot;\">Mat\u00e9riaux : fer, polypropyl\u00e8ne<\/span><\/p>\n<p class=\"MsoNormal\"><span style=\"color:rgb(14, 16, 26);font-size:12pt;font-family:&quot;Times New Roman&quot;\">Proc\u00e9d\u00e9 : Pulv\u00e9risation de plastique, impression par transfert d&#039;eau<\/span><\/p>\n<p class=\"MsoNormal\"><span style=\"color:rgb(14, 16, 26);font-size:12pt;font-family:&quot;Times New Roman&quot;\">Assemblage requis\u00a0: Oui<\/span><\/p>\n<p class=\"MsoNormal\"><span style=\"color:rgb(14, 16, 26);font-size:12pt;font-family:&quot;Times New Roman&quot;\">Frein : Frein \u00e0 disque<\/span><\/p>\n<p class=\"MsoNormal\"><span style=\"color:rgb(14, 16, 26);font-size:12pt;font-family:&quot;Times New Roman&quot;\">Source lumineuse : LED<\/span><\/p>\n<p class=\"MsoNormal\"><span style=\"color:rgb(14, 16, 26);font-size:12pt;font-family:&quot;Times New Roman&quot;\">Couleurs de la lumi\u00e8re : rouge, bleu, vert<\/span><\/p>\n<p class=\"MsoNormal\"><span style=\"color:rgb(0, 0, 0);font-size:12pt;font-family:&quot;Times New Roman&quot;\">Alimentation : secteur \u00e9lectrique<\/span><\/p>\n<p class=\"MsoNormal\"><span style=\"color:rgb(0, 0, 0);font-size:12pt;font-family:&quot;Times New Roman&quot;\">Type de prise\u00a0: Norme UE<\/span><\/p>\n<p class=\"MsoNormal\"><span style=\"color:rgb(23, 26, 29);font-size:12pt;font-family:&quot;Times New Roman&quot;\">Tension : 24 V<\/span><\/p>\n<p class=\"MsoNormal\"><span style=\"color:rgb(23, 26, 29);font-size:12pt;font-family:&quot;Times New Roman&quot;\">Puissance : 150 W<\/span><\/p>\n<p class=\"MsoNormal\"><span style=\"color:rgb(23, 26, 29);font-size:12pt;font-family:&quot;Times New Roman&quot;\">Capacit\u00e9 de la batterie : 24 V 3,0 Ah<\/span><\/p>\n<p class=\"MsoNormal\"><span style=\"color:rgb(23, 26, 29);font-size:12pt;font-family:&quot;Times New Roman&quot;\">Mod\u00e8le d&#039;adaptateur : DCSP294100<\/span><\/p>\n<p class=\"MsoNormal\"><span style=\"color:rgb(23, 26, 29);font-size:12pt;font-family:&quot;Times New Roman&quot;\">Entr\u00e9e\u00a0: 100-240\u00a0V CA 50\/60\u00a0Hz 2\u00a0A max.<\/span><\/p>\n<p class=\"MsoNormal\"><span style=\"color:rgb(23, 26, 29);font-size:12pt;font-family:&quot;Times New Roman&quot;\">Sortie\u00a0: 29,4\u00a0V CC, 1\u00a0A \u00a0\u00a0\u00a0\u00a0\u00a0\u00a0\u00a0\u00a0\u00a0\u00a0\u00a0\u00a0\u00a0\u00a0\u00a0\u00a0\u00a0\u00a0\u00a0\u00a0<\/span><\/p>\n<p class=\"MsoNormal\"><span style=\"color:rgb(23, 26, 29);font-size:12pt;font-family:&quot;Times New Roman&quot;\">Temps de charge : 3 \u00e0 5 h<\/span><\/p>\n<p class=\"MsoNormal\"><span style=\"color:rgb(23, 26, 29);font-size:12pt;font-family:&quot;Times New Roman&quot;\">Dur\u00e9e d&#039;endurance : environ 1,2 h<\/span><\/p>\n<p class=\"MsoNormal\"><span style=\"color:rgb(23, 26, 29);font-size:12pt;font-family:&quot;Times New Roman&quot;\">Capacit\u00e9 de charge maximale : 65 kg \/ 143,3 lbs<\/span><\/p>\n<p class=\"MsoNormal\"><span style=\"color:rgb(23, 26, 29);font-size:12pt;font-family:&quot;Times New Roman&quot;\">\u00c2ge recommand\u00e9\u00a0: plus de 6 ans<\/span><\/p>\n<p class=\"MsoNormal\"><span style=\"color:rgb(23, 26, 29);font-size:12pt;font-family:&quot;Times New Roman&quot;\">Vitesse : Environ 8 km\/4,97 mi\/h, 12 km\/h<\/span><\/p>\n<p class=\"MsoNormal\"><span style=\"color:rgb(23, 26, 29);font-size:12pt;font-family:&quot;Times New Roman&quot;\">Diam\u00e8tre de la roue : 30,48 cm \/ 12 pouces<\/span><\/p>\n<p class=\"MsoNormal\"><span style=\"color:rgb(23, 26, 29);font-size:12pt;font-family:&quot;Times New Roman&quot;\">Degr\u00e9 d&#039;escalade : 15\u00b0<\/span><\/p>\n<p class=\"MsoNormal\"><span style=\"font-size:12pt;font-family:&quot;Times New Roman&quot;\">Poids brut : 16 kg \/ 35,27 lbs <\/span><\/p>\n<p class=\"MsoNormal\"><span style=\"font-size:12pt;font-family:&quot;Times New Roman&quot;\">Dimensions de l&#039;emballage : 95 x 50 x 20 cm \/ 37,4 x 19,69 x 7,87 pouces<\/span><\/p>\n<p class=\"MsoNormal\"><span style=\"font-size:12pt;font-family:&quot;Times New Roman&quot;\">Dimensions du produit : 106 x 59 x 66 cm \/ 41,7 x 23,22 x 26 pouces<\/span><\/p>\n<p><\/p>\n<p class=\"MsoNormal\"><strong><span style=\"color:rgb(0, 0, 0);font-size:15pt;font-family:&quot;Times New Roman&quot;\">Emballage inclus<\/span><\/strong><\/p>\n<p class=\"MsoNormal\"><span style=\"color:rgb(0, 0, 0);font-size:12pt;font-family:&quot;Times New Roman&quot;\">1* <\/span><span style=\"font-size:12pt;font-family:&quot;Times New Roman&quot;\">Moto \u00e9lectrique pour enfants<\/span><\/p>\n<p class=\"MsoNormal\"><span style=\"color:rgb(0, 0, 0);font-size:12pt;font-family:&quot;Times New Roman&quot;\">1* Manuel multilingue<\/span><\/p>\n<p class=\"MsoNormal\"><span style=\"color:rgb(0, 0, 0);font-size:12pt;font-family:&quot;Times New Roman&quot;\">Tous les accessoires n\u00e9cessaires \u00e0 l&#039;installation<\/span><img decoding=\"async\" src=\"https:\/\/ae01.alicdn.com\/kf\/Sb637673d892643ae91c4e17a583042fae.jpg\" slate-data-type=\"image\"\/><img decoding=\"async\" src=\"https:\/\/ae01.alicdn.com\/kf\/Scda005db7def4763844f4b29804b3e7cg.jpg\" slate-data-type=\"image\"\/><img decoding=\"async\" src=\"https:\/\/ae01.alicdn.com\/kf\/S5eb41cad3d3740edb715dd1ead4eb58f5.jpg\" slate-data-type=\"image\"\/><img decoding=\"async\" src=\"https:\/\/ae01.alicdn.com\/kf\/S89f5ee141e8f4cb8bd3b87f03b698767Z.jpg\" slate-data-type=\"image\"\/><img decoding=\"async\" src=\"https:\/\/ae01.alicdn.com\/kf\/Sa24f88a9c75244899dade1d514066e4bN.jpg\" slate-data-type=\"image\"\/><img decoding=\"async\" src=\"https:\/\/ae01.alicdn.com\/kf\/S9a403cf417364f9fb32b77c0273956da2.jpg\" slate-data-type=\"image\"\/><img decoding=\"async\" src=\"https:\/\/ae01.alicdn.com\/kf\/S0ed886f5026a4ddeaad882457f992a10x.jpg\" slate-data-type=\"image\"\/><img decoding=\"async\" src=\"https:\/\/ae01.alicdn.com\/kf\/S8a67a9750231465ab1e4cd2b144053dfp.jpg\" slate-data-type=\"image\"\/><img decoding=\"async\" src=\"https:\/\/ae01.alicdn.com\/kf\/S932a4ca6ed384e3a9f2e63705540ef80s.jpg\" slate-data-type=\"image\"\/><img decoding=\"async\" src=\"https:\/\/ae01.alicdn.com\/kf\/Sf7f026a092894633be24def19e9b7134T.jpg\" slate-data-type=\"image\"\/><img decoding=\"async\" src=\"https:\/\/ae01.alicdn.com\/kf\/S64aa53d27b2a43de9b9bcb9798ede6e5O.jpg\" slate-data-type=\"image\"\/><img decoding=\"async\" src=\"https:\/\/ae01.alicdn.com\/kf\/S3333fdf5ccc44555831179272117b2f9c.jpg\" slate-data-type=\"image\"\/><img decoding=\"async\" src=\"https:\/\/ae01.alicdn.com\/kf\/S32d8cc102f8d4115ad4f49d2d295a54bj.jpg\" slate-data-type=\"image\"\/><img decoding=\"async\" src=\"https:\/\/ae01.alicdn.com\/kf\/S372688bcaaef4f329fd83fe108b46a17I.jpg\" slate-data-type=\"image\"\/><img decoding=\"async\" src=\"https:\/\/ae01.alicdn.com\/kf\/Sc7d6cb2e3228477bb9b8756cc2ee6b4a3.jpg\" slate-data-type=\"image\"\/><img decoding=\"async\" src=\"https:\/\/ae01.alicdn.com\/kf\/S97970c3c5b5c45f495feaac3c54076a6X.jpg\" slate-data-type=\"image\"\/><img decoding=\"async\" src=\"https:\/\/ae01.alicdn.com\/kf\/S77207917972246e7aa64d79d6f71e0d9V.jpg\" slate-data-type=\"image\"\/><img decoding=\"async\" src=\"https:\/\/ae01.alicdn.com\/kf\/S9312a09277154cc587baf1b00756a40bN.jpg\" slate-data-type=\"image\"\/><img decoding=\"async\" src=\"https:\/\/ae01.alicdn.com\/kf\/Sff4d08b9442d47ed8acf5a8482c23b46J.jpg\" slate-data-type=\"image\"\/><img decoding=\"async\" src=\"https:\/\/ae01.alicdn.com\/kf\/S37df5a8ec3484d0e98befc8f3b105ff21.jpg\" slate-data-type=\"image\"\/><img decoding=\"async\" src=\"https:\/\/ae01.alicdn.com\/kf\/S7b6355aa5d8444bcb7ae05b528cf9782x.jpg\" slate-data-type=\"image\"\/><\/p>\n<p><\/p>\n<p class=\"MsoNormal\"><strong><span style=\"color:rgb(0, 0, 0);font-size:15pt;font-family:&quot;Times New Roman&quot;\">Caract\u00e9ristiques principales<\/span><\/strong><\/p>\n<p class=\"MsoNormal\"><strong><span style=\"font-size:12pt;font-family:&quot;Times New Roman&quot;\">Construire pour durer : <\/span><\/strong><span style=\"font-size:12pt;font-family:&quot;Times New Roman&quot;\">Il est fabriqu\u00e9 en fer de haute qualit\u00e9 et en PP sans danger pour les enfants, gr\u00e2ce \u00e0 des proc\u00e9d\u00e9s de pulv\u00e9risation de plastique et d&#039;impression par transfert d&#039;eau, ce qui le rend <\/span><span style=\"background-color:rgb(245, 199, 205);font-size:12pt;font-family:&quot;Times New Roman&quot;\">respectueux de l&#039;environnement, r\u00e9sistant \u00e0 la corrosion, \u00e0 l&#039;humidit\u00e9, aux intemp\u00e9ries, au vieillissement et \u00e0 l&#039;usure<\/span><span style=\"font-size:12pt;font-family:&quot;Times New Roman&quot;\">, il peut donc bien r\u00e9sister \u00e0 l&#039;\u00e9preuve du temps<\/span><span style=\"font-size:14pt;font-family:&quot;Times New Roman&quot;\">.<\/span><\/p>\n<p><\/p>\n<p class=\"MsoNormal\"><strong><span style=\"font-size:12pt;font-family:&quot;Times New Roman&quot;\">Syst\u00e8me \u00e9lectrique efficace\u00a0: <\/span><\/strong><span style=\"color:rgb(23, 26, 29);font-size:12pt;font-family:&quot;Times New Roman&quot;\">Avec sa puissance \u00e9lev\u00e9e de 150 W et sa batterie rechargeable de 24 V et 3,0 Ah, vous pouvez rouler pendant environ 1,2 heure apr\u00e8s 3 \u00e0 5 heures de charge, ce qui permet \u00e0 votre enfant de s&#039;amuser sans avoir \u00e0 recharger fr\u00e9quemment.<\/span><\/p>\n<p><\/p>\n<p class=\"MsoNormal\"><strong><span style=\"color:rgb(23, 26, 29);font-size:12pt;font-family:&quot;Times New Roman&quot;\">Mode double vitesse\u00a0:<\/span><\/strong><span style=\"color:rgb(23, 26, 29);font-size:12pt;font-family:&quot;Times New Roman&quot;\">\u00a0La moto \u00e9lectrique est \u00e9quip\u00e9e d&#039;une fonction r\u00e9glable \u00e0 2 vitesses (4,97 mi\/h, 7,46 mi\/h), vous pouvez librement passer d&#039;un mode de vitesse \u00e9lev\u00e9e \u00e0 un mode de vitesse basse en fonction des conditions de la route et de vos habitudes de conduite personnelles, ce qui est particuli\u00e8rement adapt\u00e9 aux enfants ou aux utilisateurs d\u00e9butants pour profiter du plaisir de la conduite. <\/span><\/p>\n<p><\/p>\n<p class=\"MsoNormal\"><strong><span style=\"font-size:12pt;font-family:&quot;Times New Roman&quot;\">Conduite amusante :<\/span><\/strong><span style=\"font-size:12pt;font-family:&quot;Times New Roman&quot;\">\u00a0Elle arbore un design de moto attrayant et des lumi\u00e8res LED color\u00e9es (rouges, bleues et vertes) qui r\u00e9pondent aux int\u00e9r\u00eats des enfants, permettant une conduite beaucoup plus facile et amusante. <\/span><\/p>\n<p><\/p>\n<p class=\"MsoNormal\"><strong><span style=\"font-size:12pt;font-family:&quot;Times New Roman&quot;\">Confortable et s\u00fbr :<\/span><\/strong><span style=\"font-size:12pt;font-family:&quot;Times New Roman&quot;\">\u00a0Le si\u00e8ge ergonomique offre une exp\u00e9rience de conduite optimale et confortable aux enfants. De plus, le syst\u00e8me de freinage \u00e0 disque arri\u00e8re assure leur s\u00e9curit\u00e9 pendant leurs trajets, et la poign\u00e9e courte permet un freinage rapide et efficace. \u00a0\u00a0\u00a0\u00a0\u00a0\u00a0\u00a0\u00a0\u00a0\u00a0\u00a0\u00a0\u00a0\u00a0\u00a0\u00a0\u00a0\u00a0\u00a0\u00a0\u00a0\u00a0\u00a0\u00a0\u00a0\u00a0\u00a0\u00a0\u00a0\u00a0\u00a0\u00a0\u00a0\u00a0\u00a0\u00a0\u00a0<\/span><\/p>\n<p><\/p>\n<p class=\"MsoNormal\"><strong><span style=\"font-size:12pt;font-family:&quot;Times New Roman&quot;\">Capacit\u00e9 de charge \u00e9lev\u00e9e :<\/span><\/strong><span style=\"font-size:12pt;font-family:&quot;Times New Roman&quot;\">\u00a0La structure stable en fer, <\/span><span style=\"color:rgb(0, 0, 0);font-size:12pt;font-family:&quot;Times New Roman&quot;\">structure triangulaire<\/span><span style=\"font-size:12pt;font-family:&quot;Times New Roman&quot;\">, et la fixation par vis robuste conf\u00e8re au produit une capacit\u00e9 de charge de <\/span><span style=\"color:rgb(23, 26, 29);font-size:12pt;font-family:&quot;Times New Roman&quot;\">143,3 livres<\/span><span style=\"font-size:12pt;font-family:&quot;Times New Roman&quot;\">ce qui vous met plus \u00e0 l&#039;aise lorsque vous l&#039;utilisez.<\/span><\/p>\n<p><\/p>\n<p class=\"MsoNormal\"><strong><span style=\"font-size:12pt;font-family:&quot;Times New Roman&quot;\">Facile d&#039;entretien : <\/span><\/strong><span style=\"font-size:12pt;font-family:&quot;Times New Roman&quot;\">Gr\u00e2ce \u00e0 sa surface lisse et \u00e0 sa structure simple, vous pouvez facilement essuyer la salet\u00e9 avec un chiffon doux.\u00a0<\/span><\/p>\n<p><\/p>\n<p class=\"MsoNormal\"><strong><span style=\"font-size:12pt;font-family:&quot;Times New Roman&quot;\">Cadeau merveilleux : <\/span><\/strong><span style=\"font-size:12pt;font-family:&quot;Times New Roman&quot;\">Ce produit peut \u00e9veiller chez l&#039;enfant la passion de l&#039;exploration et de l&#039;aventure, l&#039;aider \u00e0 d\u00e9velopper son courage, sa curiosit\u00e9 et d&#039;excellentes aptitudes de contr\u00f4le et de conduite qui le distingueront des autres, ce qui en fait un cadeau d&#039;anniversaire ou de No\u00ebl id\u00e9al pour votre enfant.<\/span><\/p>\n<p><\/p>\n<p class=\"MsoNormal\"><strong><span style=\"font-size:12pt;font-family:&quot;Times New Roman&quot;\">Assemblage en toute simplicit\u00e9 : <\/span><\/strong><span style=\"font-size:12pt;font-family:&quot;Times New Roman&quot;\">Des accessoires de montage complets, un manuel d&#039;instructions d\u00e9taill\u00e9 et une structure simple vous permettent de r\u00e9aliser le montage en un temps record.\u00a0 \u00a0<\/span><\/p>\n<p><\/p>\n<p class=\"MsoNormal\"><strong><span style=\"font-size:12pt;font-family:&quot;Times New Roman&quot;\">Bon service client :<\/span><\/strong><span style=\"color:rgb(0, 0, 0);font-size:12pt;font-family:&quot;Times New Roman&quot;\">Nous sommes \u00e0 l&#039;\u00e9coute de tous nos clients et nous nous r\u00e9jouissons de vous accompagner dans votre achat. C&#039;est avec plaisir que nous r\u00e9pondrons \u00e0 toutes vos questions. Notre relation ne se limite pas \u00e0 la simple transaction.<\/span><\/p>\n<p><\/p>\n<p class=\"MsoNormal\"><strong><span style=\"color:rgb(0, 0, 0);font-size:15pt;font-family:&quot;Times New Roman&quot;\">D\u00e9tails<\/span><\/strong><\/p>\n<p class=\"MsoNormal\"><strong><span style=\"background-color:rgb(245, 199, 205);font-size:12pt;font-family:&quot;Times New Roman&quot;\">Antid\u00e9rapant<\/span><\/strong><strong><span style=\"font-size:12pt;font-family:&quot;Times New Roman&quot;\">\u00a0P\u00e9dale:<\/span><\/strong><span style=\"font-size:12pt;font-family:&quot;Times New Roman&quot;\">\u00a0Elle augmente la friction entre la plante du pied et la p\u00e9dale pour \u00e9viter de glisser.<\/span><\/p>\n<p><\/p>\n<p class=\"MsoNormal\"><strong><span style=\"background-color:rgb(245, 199, 205);font-size:12pt;font-family:&quot;Times New Roman&quot;\">Antid\u00e9rapant<\/span><\/strong><strong><span style=\"font-size:12pt;font-family:&quot;Times New Roman&quot;\">\u00a0Pneus:<\/span><\/strong><span style=\"font-size:12pt;font-family:&quot;Times New Roman&quot;\">\u00a0Les pneus avec <\/span><span style=\"background-color:rgb(245, 199, 205);font-size:12pt;font-family:&quot;Times New Roman&quot;\">antid\u00e9rapant<\/span><span style=\"font-size:12pt;font-family:&quot;Times New Roman&quot;\">\u00a0Les rainures sont durables et adh\u00e9rentes, et emp\u00eachent \u00e9galement le d\u00e9rapage sur les routes mouill\u00e9es. <\/span><\/p>\n<p><\/p>\n<p class=\"MsoNormal\"><strong><span style=\"font-size:12pt;font-family:&quot;Times New Roman&quot;\">Indicateur de charge\u00a0: <\/span><\/strong><span style=\"font-size:12pt;font-family:&quot;Times New Roman&quot;\">Le chargeur est dot\u00e9 d&#039;un voyant lumineux permettant de suivre facilement l&#039;\u00e9tat de la charge. Ce voyant est rouge pendant la charge et vert une fois celle-ci termin\u00e9e.<\/span><\/p>\n<p><\/p>\n<p class=\"MsoNormal\"><strong><span style=\"font-size:12pt;font-family:&quot;Times New Roman&quot;\">D\u00e9fenses pratiques :<\/span><\/strong><span style=\"font-size:12pt;font-family:&quot;Times New Roman&quot;\">\u00a0Les garde-boues avant et arri\u00e8re vous prot\u00e8gent, vous et votre v\u00e9lo, des projections de boue lorsque vous roulez sur des routes boueuses, dans une certaine mesure.<\/span><\/p>\n<p class=\"MsoNormal\"><strong><span style=\"color:rgb(0, 0, 0);font-size:15pt;font-family:&quot;Times New Roman&quot;\">Remarques<\/span><\/strong><\/p>\n<p style=\"margin-left:21pt\" class=\"MsoNormal\"><span style=\"color:rgb(0, 0, 0);font-size:12pt;font-family:&quot;Times New Roman&quot;\"><span>1.\u00a0<\/span><\/span><span style=\"color:rgb(0, 0, 0);font-size:12pt;font-family:&quot;Times New Roman&quot;\">Veuillez lire attentivement le manuel d&#039;utilisation avant toute utilisation. Portez une attention particuli\u00e8re aux consignes de s\u00e9curit\u00e9.<\/span><\/p>\n<p style=\"margin-left:21pt\" class=\"MsoNormal\"><span style=\"color:rgb(23, 26, 29);font-size:12pt;font-family:&quot;Times New Roman&quot;\"><span>2.\u00a0<\/span><\/span><span style=\"color:rgb(23, 26, 29);font-size:12pt;font-family:&quot;Times New Roman&quot;\">Veuillez v\u00e9rifier r\u00e9guli\u00e8rement l&#039;assemblage des pi\u00e8ces afin de garantir la bonne fixation du produit. En cas de signes de dommages sur les pi\u00e8ces mobiles ou le cadre, veuillez cesser imm\u00e9diatement d&#039;utiliser le produit. \u00a0\u00a0\u00a0\u00a0\u00a0\u00a0\u00a0<\/span><\/p>\n<p style=\"margin-left:21pt\" class=\"MsoNormal\"><span style=\"color:rgb(23, 26, 29);font-size:12pt;font-family:&quot;Times New Roman&quot;\"><span>3.\u00a0<\/span><\/span><span style=\"color:rgb(23, 26, 29);font-size:12pt;font-family:&quot;Times New Roman&quot;\">Veuillez charger la batterie \u00e0 l&#039;aide du chargeur pr\u00e9vu \u00e0 cet effet. Ne pas exposer la batterie \u00e0 une source de chaleur, la d\u00e9monter, l&#039;utiliser ou la charger \u00e0 des temp\u00e9ratures \u00e9lev\u00e9es. D\u00e9branchez l&#039;alimentation une fois la batterie compl\u00e8tement charg\u00e9e. <\/span><\/p>\n<p style=\"margin-left:21pt\" class=\"MsoNormal\"><span style=\"color:rgb(0, 0, 0);font-size:12pt;font-family:&quot;Times New Roman&quot;\"><span>4.\u00a0<\/span><\/span><span style=\"color:rgb(0, 0, 0);font-size:12pt;font-family:&quot;Times New Roman&quot;\">Veuillez tenir compte de la l\u00e9g\u00e8re diff\u00e9rence de couleur due \u00e0 l&#039;\u00e9clairage lors de la prise de vue et de l&#039;erreur de 1 \u00e0 3 cm due \u00e0 la mesure manuelle, et assurez-vous que cela ne vous d\u00e9range pas avant de commander.<\/span><\/p>","protected":false},"excerpt":{"rendered":"<p>Hign-concerned Chemical:&nbsp;None Origin:&nbsp;Mainland China Description Do you want to give your children a childhood full of fun and exploration? Then this electric motorcycle for kids is the ideal choice for<\/p>","protected":false},"featured_media":21862,"comment_status":"open","ping_status":"closed","template":"","meta":{"_acf_changed":false},"product_brand":[],"product_cat":[313],"product_tag":[],"class_list":{"0":"post-21860","1":"product","2":"type-product","3":"status-publish","4":"has-post-thumbnail","6":"product_cat-electric-children-motorbikes","8":"first","9":"instock","10":"shipping-taxable","11":"purchasable","12":"product-type-simple"},"acf":[],"_links":{"self":[{"href":"https:\/\/www.electricstore.eu\/fr\/wp-json\/wp\/v2\/product\/21860","targetHints":{"allow":["GET"]}}],"collection":[{"href":"https:\/\/www.electricstore.eu\/fr\/wp-json\/wp\/v2\/product"}],"about":[{"href":"https:\/\/www.electricstore.eu\/fr\/wp-json\/wp\/v2\/types\/product"}],"replies":[{"embeddable":true,"href":"https:\/\/www.electricstore.eu\/fr\/wp-json\/wp\/v2\/comments?post=21860"}],"wp:featuredmedia":[{"embeddable":true,"href":"https:\/\/www.electricstore.eu\/fr\/wp-json\/wp\/v2\/media\/21862"}],"wp:attachment":[{"href":"https:\/\/www.electricstore.eu\/fr\/wp-json\/wp\/v2\/media?parent=21860"}],"wp:term":[{"taxonomy":"product_brand","embeddable":true,"href":"https:\/\/www.electricstore.eu\/fr\/wp-json\/wp\/v2\/product_brand?post=21860"},{"taxonomy":"product_cat","embeddable":true,"href":"https:\/\/www.electricstore.eu\/fr\/wp-json\/wp\/v2\/product_cat?post=21860"},{"taxonomy":"product_tag","embeddable":true,"href":"https:\/\/www.electricstore.eu\/fr\/wp-json\/wp\/v2\/product_tag?post=21860"}],"curies":[{"name":"wp","href":"https:\/\/api.w.org\/{rel}","templated":true}]}}