{"id":21762,"date":"2025-05-20T18:26:48","date_gmt":"2025-05-20T18:26:48","guid":{"rendered":"https:\/\/electricstore.eu\/p\/uncategorized\/oukitel-bp2000-pro-portable-power-station-2048wh-to-16384wh-lifepo4-battery-3600w-ac-output-2000w-app-control\/"},"modified":"2025-05-20T18:26:54","modified_gmt":"2025-05-20T18:26:54","slug":"oukitel-bp2000-pro-portable-power-station-2048wh-to-16384wh-lifepo4-battery-3600w-ac-output-2000w-app-control","status":"publish","type":"product","link":"https:\/\/www.electricstore.eu\/fr\/p\/batteries\/portable-power-stations\/oukitel-bp2000-pro-portable-power-station-2048wh-to-16384wh-lifepo4-battery-3600w-ac-output-2000w-app-control\/","title":{"rendered":"Station d&#039;alimentation portable OUKITEL BP2000 Pro\u00a0: batterie LiFePO4 2048 Wh \u00e0 16\u00a0384 Wh, sortie CA 3\u00a0600 W, contr\u00f4le via application."},"content":{"rendered":"<div class=\"product-specs-list-container\">\n<ul class=\"product-specs-list util-clearfix\">\n<li class=\"product-prop line-limit-length\"><span\n                                        class=\"property-title\">Capacit\u00e9 nominale :&nbsp;<\/span><span\n                                        class=\"property-desc line-limit-length\">&gt; 3500 mAh<\/span>\n                            <\/li>\n<li class=\"product-prop line-limit-length\"><span\n                                        class=\"property-title\">Num\u00e9ro de mod\u00e8le :&nbsp;<\/span><span\n                                        class=\"property-desc line-limit-length\">OUKITEL BP2000Pro<\/span>\n                            <\/li>\n<li class=\"product-prop line-limit-length\"><span\n                                        class=\"property-title\">Taper:&nbsp;<\/span><span\n                                        class=\"property-desc line-limit-length\">LiFePO4<\/span>\n                            <\/li>\n<li class=\"product-prop line-limit-length\"><span\n                                        class=\"property-title\">Type d&#039;ensemble :&nbsp;<\/span><span\n                                        class=\"property-desc line-limit-length\">Ensembles de chargeurs<\/span>\n                            <\/li>\n<li class=\"product-prop line-limit-length\"><span\n                                        class=\"property-title\">Marque:&nbsp;<\/span><span\n                                        class=\"property-desc line-limit-length\">OUKITEL<\/span>\n                            <\/li>\n<li class=\"product-prop line-limit-length\"><span\n                                        class=\"property-title\">Mod\u00e8le:&nbsp;<\/span><span\n                                        class=\"property-desc line-limit-length\">BP2000 Pro<\/span>\n                            <\/li>\n<li class=\"product-prop line-limit-length\"><span\n                                        class=\"property-title\">Type de batterie :&nbsp;<\/span><span\n                                        class=\"property-desc line-limit-length\">LiFePO4(Lithium Iron Phosphate)<\/span>\n                            <\/li>\n<li class=\"product-prop line-limit-length\"><span\n                                        class=\"property-title\">Capacit\u00e9:&nbsp;<\/span><span\n                                        class=\"property-desc line-limit-length\">2048Wh (51.2V, 40Ah)<\/span>\n                            <\/li>\n<li class=\"product-prop line-limit-length\"><span\n                                        class=\"property-title\">Inverter Type:&nbsp;<\/span><span\n                                        class=\"property-desc line-limit-length\">Onde sinuso\u00efdale pure<\/span>\n                            <\/li>\n<li class=\"product-prop line-limit-length\"><span\n                                        class=\"property-title\">AC Output:&nbsp;<\/span><span\n                                        class=\"property-desc line-limit-length\">5 ports*AC 3600W<\/span>\n                            <\/li>\n<li class=\"product-prop line-limit-length\"><span\n                                        class=\"property-title\">Solar Input:&nbsp;<\/span><span\n                                        class=\"property-desc line-limit-length\">Max.1000W(MPPT), 12-120V\/15A, 1*XT60 Port<\/span>\n                            <\/li>\n<li class=\"product-prop line-limit-length\"><span\n                                        class=\"property-title\">USB-C Port:&nbsp;<\/span><span\n                                        class=\"property-desc line-limit-length\">2*PD100W<\/span>\n                            <\/li>\n<li class=\"product-prop line-limit-length\"><span\n                                        class=\"property-title\">Caract\u00e9ristiques 01 :&nbsp;<\/span><span\n                                        class=\"property-desc line-limit-length\">centrale \u00e9lectrique portable<\/span>\n                            <\/li>\n<li class=\"product-prop line-limit-length\"><span\n                                        class=\"property-title\">Caract\u00e9ristiques 02 :&nbsp;<\/span><span\n                                        class=\"property-desc line-limit-length\">centrale \u00e9lectrique<\/span>\n                            <\/li>\n<li class=\"product-prop line-limit-length\"><span\n                                        class=\"property-title\">Caract\u00e9ristiques 03 :&nbsp;<\/span><span\n                                        class=\"property-desc line-limit-length\">centrale solaire portable<\/span>\n                            <\/li>\n<li class=\"product-prop line-limit-length\"><span\n                                        class=\"property-title\">Caract\u00e9ristiques 04 :&nbsp;<\/span><span\n                                        class=\"property-desc line-limit-length\">bornes de recharge<\/span>\n                            <\/li>\n<li class=\"product-prop line-limit-length\"><span\n                                        class=\"property-title\">Caract\u00e9ristiques 05 :&nbsp;<\/span><span\n                                        class=\"property-desc line-limit-length\">g\u00e9n\u00e9rateur solaire<\/span>\n                            <\/li>\n<li class=\"product-prop line-limit-length\"><span\n                                        class=\"property-title\">Caract\u00e9ristiques 06 :&nbsp;<\/span><span\n                                        class=\"property-desc line-limit-length\">g\u00e9n\u00e9rateur \u00e9lectrique \u00e0 essence<\/span>\n                            <\/li>\n<\/ul><\/div>\n<p style=\"font-family:&quot;Microsoft YaHei&quot;;font-size:medium;font-weight:400;letter-spacing:normal;text-align:start;white-space:normal;color:rgb(0, 0, 0)\" align=\"start\"><strong><span style=\"font-size:x-large\">Points forts<\/span><\/strong><\/p>\n<p><\/p>\n<h3 style=\"font-family:&quot;Microsoft YaHei&quot;;letter-spacing:normal;text-align:start;white-space:normal;color:rgb(0, 0, 0)\" align=\"start\"><strong>3600W High AC Output<\/strong><\/h3>\n<p style=\"font-family:&quot;Microsoft YaHei&quot;;font-size:medium;font-weight:400;letter-spacing:normal;text-align:start;white-space:normal;color:rgb(0, 0, 0)\" align=\"start\">With a 3600W AC output, the BP2000 Pro can power most heavy-duty devices at home, outdoors, or at work.<\/p>\n<h3 style=\"font-family:&quot;Microsoft YaHei&quot;;letter-spacing:normal;text-align:start;white-space:normal;color:rgb(0, 0, 0)\" align=\"start\"><strong>2-16kWh Expandable Battery Capacity<\/strong><\/h3>\n<p style=\"font-family:&quot;Microsoft YaHei&quot;;font-size:medium;font-weight:400;letter-spacing:normal;text-align:start;white-space:normal;color:rgb(0, 0, 0)\" align=\"start\">Combine the BP2000 Pro with up to 7 x B2000 expansion batteries in parallel to reach 16kWh, providing power for 1-6 days during outages. Ideal for home backup, caravanning, outdoor activities, or everyday use.<\/p>\n<h3 style=\"font-family:&quot;Microsoft YaHei&quot;;letter-spacing:normal;text-align:start;white-space:normal;color:rgb(0, 0, 0)\" align=\"start\"><strong>Rapid AC Recharging And Fast Solar<\/strong><\/h3>\n<p style=\"font-family:&quot;Microsoft YaHei&quot;;font-size:medium;font-weight:400;letter-spacing:normal;text-align:start;white-space:normal;color:rgb(0, 0, 0)\" align=\"start\">The BP2000 Pro charges from 0% to 80% in 1.5 hours with a maximum 1800W AC input. Alternatively, use PV1000W + AC1500W dual recharge to reach 80% in just 1 hour, ensuring quick availability.<\/p>\n<h3 style=\"font-family:&quot;Microsoft YaHei&quot;;letter-spacing:normal;text-align:start;white-space:normal;color:rgb(0, 0, 0)\" align=\"start\"><strong>Say Goodbye To Power Outages<\/strong><\/h3>\n<p style=\"font-family:&quot;Microsoft YaHei&quot;;font-size:medium;font-weight:400;letter-spacing:normal;text-align:start;white-space:normal;color:rgb(0, 0, 0)\" align=\"start\">The BP2000 Pro integrates with a dual-power automatic transfer switch to supply continuous electricity to the home grid during power outages.<\/p>\n<h3 style=\"font-family:&quot;Microsoft YaHei&quot;;letter-spacing:normal;text-align:start;white-space:normal;color:rgb(0, 0, 0)\" align=\"start\"><strong>Seamless 2000W UPS &lt; 10ms<\/strong><\/h3>\n<p style=\"font-family:&quot;Microsoft YaHei&quot;;font-size:medium;font-weight:400;letter-spacing:normal;text-align:start;white-space:normal;color:rgb(0, 0, 0)\" align=\"start\">The BP2000 Pro restores power to your devices in less than 10 milliseconds, preventing potential disruptions and ensuring safety.<\/p>\n<h3 style=\"font-family:&quot;Microsoft YaHei&quot;;letter-spacing:normal;text-align:start;white-space:normal;color:rgb(0, 0, 0)\" align=\"start\"><strong>All-in-One App<\/strong><\/h3>\n<p style=\"font-family:&quot;Microsoft YaHei&quot;;font-size:medium;font-weight:400;letter-spacing:normal;text-align:start;white-space:normal;color:rgb(0, 0, 0)\" align=\"start\">Use the smart app to control and monitor the BP2000 Pro conveniently from your phone.<\/p>\n<h3 style=\"font-family:&quot;Microsoft YaHei&quot;;letter-spacing:normal;text-align:start;white-space:normal;color:rgb(0, 0, 0)\" align=\"start\"><strong>Safest LiFePO4 Batteries<\/strong><\/h3>\n<p style=\"font-family:&quot;Microsoft YaHei&quot;;font-size:medium;font-weight:400;letter-spacing:normal;text-align:start;white-space:normal;color:rgb(0, 0, 0)\" align=\"start\">Safety is paramount. The BP2000 Pro is equipped with LiFePO\u2084 batteries, known for their strong thermal stability, extended cycle life, and enhanced safety compared to other battery types.<\/p>\n<p><\/p>\n<h2 style=\"font-family:&quot;Microsoft YaHei&quot;;font-size:14px;letter-spacing:normal;text-align:start;white-space:normal;color:rgb(0, 0, 0);margin:10px 0px;margin-bottom:10px;margin-top:10px;margin-left:0px;margin-right:0px;padding:0px;padding-bottom:0px;padding-top:0px;padding-left:0px;padding-right:0px\" align=\"start\"><span style=\"font-size:26px\"><strong>Sp\u00e9cification<\/strong><\/span><\/h2>\n<p><\/p>\n<table style=\"border-collapse:collapse;font-family:&quot;Microsoft YaHei&quot;;width:1000px\" class=\"jbEidtTable\" border=\"1\" cellpadding=\"5\" cellspacing=\"0\">\n<tbody>\n<tr>\n<td style=\"text-align:left\" align=\"left\">\n<p><strong>G\u00e9n\u00e9ral<\/strong><\/p>\n<\/td>\n<td style=\"text-align:left\" align=\"left\">\n<p>Marque : OUKITEL\u00a0<br \/>Type: Portable Power Station<br \/>Model: BP2000 Pro<br \/>Color: Black+Silver<\/p>\n<\/td>\n<\/tr>\n<tr>\n<td style=\"text-align:left\" align=\"left\">\n<p><strong>Sp\u00e9cification<\/strong><\/p>\n<\/td>\n<td style=\"text-align:left\" align=\"left\">\n<p>Battery Type: LiFePO4(Lithium Iron Phosphate)<br \/>Capacity: 2048Wh (51.2V, 40Ah)<br \/>Management System: MPPT Controller, BMS, etc<br \/>Life Cycles: 3500+ Cycles to 80% Original Capacity<br \/>AC Output: 5 ports*AC 3600W<br \/>Inverter Type: Pure Sine Wave<br \/>USB-C Port: 2*PD100W<br \/>USB-A Port: 2x12W (5V\/2.4A) USB-A; 2xQC3.0-18W USB-A<br \/>12V DC Outlets: 1x24V\/10A (RV Outlet), 1x12V\/10A (Car Outlet), 2x12V\/3A DC5521<br \/>AC Input: Max.1800W, AC200-240V\/50Hz, 10A<br \/>Solar Input: Max.1000W(MPPT), 12-120V\/15A, 1*XT60 Port<br \/>Car Input: 12V\/8A, 24V\/10A<br \/>Max Input: 2800W, with AC+Solar Input<br \/>AC Charge(1500W): 1.5 Hours<br \/>Solar Charge(1000W): 2.5 Hours<br \/>AC + Solar Charge(2500W): 1.0 Hours<br \/>Scalability: Expand Up To 7xB2000<br \/>Operating Temperature: 32\u2109-104\u2109\/0\u2103-40\u2103<br \/>Storage Temperature: 14\u2109-104\u2109\/-10\u2103-40\u2103<br \/>Certifications: CE, FCC, PSE, UN38.3, EMC, LVD, RoHS, MSDS<\/p>\n<\/td>\n<\/tr>\n<tr>\n<td style=\"text-align:left\" align=\"left\">\n<p><strong>Poids et taille<\/strong><\/p>\n<\/td>\n<td style=\"text-align:left\" align=\"left\">\n<p>Poids du produit : 26 kg<br \/>Package Weight: 30kg<br \/>Package Size(L x W x H): 57&#215;39.2&#215;39.5cm<\/p>\n<\/td>\n<\/tr>\n<tr>\n<td style=\"text-align:left\" align=\"left\">\n<p><strong>Contenu du colis<\/strong><\/p>\n<\/td>\n<td style=\"text-align:left\" align=\"left\">\n<p>1 x Portable Power Station<br \/>1 x Power Adapter<br \/>1 c\u00e2ble MC4<br \/>1 x Car Charger Cable<br \/>1 x Manuel d&#039;utilisation<br \/>1 x Warranty Card<\/p>\n<\/td>\n<\/tr>\n<\/tbody>\n<\/table>\n<p><\/p>\n<p><img decoding=\"async\" src=\"https:\/\/ae01.alicdn.com\/kf\/S332dc530d03b444fa2000bdbe8b20970U.jpg\" slate-data-type=\"image\"\/><img decoding=\"async\" src=\"https:\/\/ae01.alicdn.com\/kf\/Se51eaf8d1f264aa2bf627bf37343d60bM.jpg\" slate-data-type=\"image\"\/><img decoding=\"async\" src=\"https:\/\/ae01.alicdn.com\/kf\/S59e2f1b89f314d8b83e03959923a9002y.jpg\" slate-data-type=\"image\"\/><img decoding=\"async\" src=\"https:\/\/ae01.alicdn.com\/kf\/S950d631d48944e7cb9a4bd10d5c45c69t.jpg\" slate-data-type=\"image\"\/><img decoding=\"async\" src=\"https:\/\/ae01.alicdn.com\/kf\/S6e134e180deb43b4a407aa4a6426845bc.jpg\" slate-data-type=\"image\"\/><img decoding=\"async\" src=\"https:\/\/ae01.alicdn.com\/kf\/S152b94f89602426d92019c09614b376fZ.jpg\" slate-data-type=\"image\"\/><img decoding=\"async\" src=\"https:\/\/ae01.alicdn.com\/kf\/S87f5a22b7f944c658a12446505152eb88.jpg\" slate-data-type=\"image\"\/><img decoding=\"async\" src=\"https:\/\/ae01.alicdn.com\/kf\/S53c4571dd31a49258dbe296f17556194w.jpg\" slate-data-type=\"image\"\/><\/p>","protected":false},"excerpt":{"rendered":"<p>Nominal Capacity:&nbsp;&gt;3500mAh Model Number:&nbsp;OUKITEL BP2000Pro Type:&nbsp;LiFePO4 Set Type:&nbsp;Charger Sets Brand:&nbsp;OUKITEL Model:&nbsp;BP2000 Pro Battery Type:&nbsp;LiFePO4(Lithium Iron Phosphate) Capacity:&nbsp;2048Wh (51.2V, 40Ah) Inverter Type:&nbsp;Pure Sine Wave AC Output:&nbsp;5 ports*AC 3600W Solar Input:&nbsp;Max.1000W(MPPT), 12-120V\/15A,<\/p>","protected":false},"featured_media":21763,"comment_status":"open","ping_status":"closed","template":"","meta":{"_acf_changed":false},"product_brand":[],"product_cat":[515],"product_tag":[],"class_list":{"0":"post-21762","1":"product","2":"type-product","3":"status-publish","4":"has-post-thumbnail","6":"product_cat-portable-power-stations","8":"first","9":"instock","10":"shipping-taxable","11":"purchasable","12":"product-type-simple"},"acf":[],"_links":{"self":[{"href":"https:\/\/www.electricstore.eu\/fr\/wp-json\/wp\/v2\/product\/21762","targetHints":{"allow":["GET"]}}],"collection":[{"href":"https:\/\/www.electricstore.eu\/fr\/wp-json\/wp\/v2\/product"}],"about":[{"href":"https:\/\/www.electricstore.eu\/fr\/wp-json\/wp\/v2\/types\/product"}],"replies":[{"embeddable":true,"href":"https:\/\/www.electricstore.eu\/fr\/wp-json\/wp\/v2\/comments?post=21762"}],"wp:featuredmedia":[{"embeddable":true,"href":"https:\/\/www.electricstore.eu\/fr\/wp-json\/wp\/v2\/media\/21763"}],"wp:attachment":[{"href":"https:\/\/www.electricstore.eu\/fr\/wp-json\/wp\/v2\/media?parent=21762"}],"wp:term":[{"taxonomy":"product_brand","embeddable":true,"href":"https:\/\/www.electricstore.eu\/fr\/wp-json\/wp\/v2\/product_brand?post=21762"},{"taxonomy":"product_cat","embeddable":true,"href":"https:\/\/www.electricstore.eu\/fr\/wp-json\/wp\/v2\/product_cat?post=21762"},{"taxonomy":"product_tag","embeddable":true,"href":"https:\/\/www.electricstore.eu\/fr\/wp-json\/wp\/v2\/product_tag?post=21762"}],"curies":[{"name":"wp","href":"https:\/\/api.w.org\/{rel}","templated":true}]}}