{"id":21727,"date":"2025-05-20T18:21:37","date_gmt":"2025-05-20T18:21:37","guid":{"rendered":"https:\/\/electricstore.eu\/p\/uncategorized\/lanpwr-24v-100ah-lifepo4-lithium-battery-pack-backup-power-2560wh-energy-4000-deep-cycles-built-in-100a-bms\/"},"modified":"2025-05-20T18:21:37","modified_gmt":"2025-05-20T18:21:37","slug":"lanpwr-24v-100ah-lifepo4-lithium-battery-pack-backup-power-2560wh-energy-4000-deep-cycles-built-in-100a-bms","status":"publish","type":"product","link":"https:\/\/www.electricstore.eu\/fr\/p\/batteries\/lifepo4-batteries\/100-200ah-lifepo4-batteries\/lanpwr-24v-100ah-lifepo4-lithium-battery-pack-backup-power-2560wh-energy-4000-deep-cycles-built-in-100a-bms\/","title":{"rendered":"Batterie de secours au lithium LANPWR 24 V 100 Ah LiFePO4, 2\u00a0560 Wh, plus de 4\u00a0000 cycles profonds, BMS 100 A int\u00e9gr\u00e9"},"content":{"rendered":"<div class=\"product-specs-list-container\">\n<ul class=\"product-specs-list util-clearfix\">\n<li class=\"product-prop line-limit-length\"><span\n                                        class=\"property-title\">Capacit\u00e9 nominale :&nbsp;<\/span><span\n                                        class=\"property-desc line-limit-length\">&gt; 3500 mAh<\/span>\n                            <\/li>\n<li class=\"product-prop line-limit-length\"><span\n                                        class=\"property-title\">Num\u00e9ro de mod\u00e8le :&nbsp;<\/span><span\n                                        class=\"property-desc line-limit-length\">LANPWRN 24V<\/span>\n                            <\/li>\n<li class=\"product-prop line-limit-length\"><span\n                                        class=\"property-title\">Taper:&nbsp;<\/span><span\n                                        class=\"property-desc line-limit-length\">LiFePO4<\/span>\n                            <\/li>\n<li class=\"product-prop line-limit-length\"><span\n                                        class=\"property-title\">Type d&#039;ensemble :&nbsp;<\/span><span\n                                        class=\"property-desc line-limit-length\">Ensembles de chargeurs<\/span>\n                            <\/li>\n<\/ul><\/div>\n<div class=\"detailmodule_html\">\n<div class=\"detail-desc-decorate-richtext\">\n<p><\/p>\n<p><span style=\"color:rgb(244, 78, 59);font-size:26px;font-family:georgia, serif\"><strong>Magasin de vente Es-hot \u2014 Produits de haute qualit\u00e9 et service apr\u00e8s-vente satisfaisant<\/strong><\/span><\/p>\n<\/p>\n<ul style=\"font-family:&quot;Microsoft YaHei&quot;;font-size:medium;font-weight:400;letter-spacing:normal;text-align:start;white-space:normal;color:rgb(0, 0, 0);margin-bottom:10px;padding-left:0px\" class=\"clearfix\" align=\"start\">\n<li style=\"font-size:14px;font-weight:bold;margin-right:10px;padding-left:18px;list-style:none;float:left\">\n<p><span style=\"font-size:22px\"><strong>Points forts du produit &gt;&gt;&gt;<\/strong><\/span>:<\/p>\n<\/li>\n<\/ul>\n<ul style=\"font-family:&quot;Microsoft YaHei&quot;;font-size:medium;font-weight:400;letter-spacing:normal;text-align:start;white-space:normal;color:rgb(0, 0, 0);margin-bottom:10px;padding-left:0px\" class=\"clearfix\" align=\"start\">\n<li style=\"font-size:14px;margin-right:10px;padding-left:18px;list-style:none;position:relative;float:left\">\n<h3><strong>Dur\u00e9e de vie de 10 ans et poids l\u00e9ger de 1\/3<\/strong><\/h3>\n<p>La batterie LiFePO4 LANPWR offre 4\u00a0000 cycles, soit plus de dix fois plus que la batterie plomb-acide (200 \u00e0 500 cycles), ce qui minimise les co\u00fbts de remplacement et r\u00e9duit le co\u00fbt total de possession. Son poids ne repr\u00e9sente qu&#039;un tiers du poids des batteries plomb-acide, ce qui en fait un choix id\u00e9al pour les camping-cars, les applications marines et hors r\u00e9seau, notamment pour les applications de montage et de mobilit\u00e9.<\/p>\n<h3><strong>Batterie au lithium de qualit\u00e9 automobile et respectueuse de l&#039;environnement<\/strong><\/h3>\n<p>Les batteries lithium fer phosphate LANPWR 24 V 100 Ah offrent une qualit\u00e9 exceptionnelle gr\u00e2ce \u00e0 leurs cellules LiFePO4 de qualit\u00e9 automobile, offrant une densit\u00e9 \u00e9nerg\u00e9tique plus \u00e9lev\u00e9e, des performances plus stables et une puissance accrue. Sans acide, elles peuvent \u00eatre mont\u00e9es en toute s\u00e9curit\u00e9 dans n&#039;importe quelle position. Les batteries LiFePO4 sont recyclables et ne produisent pas d&#039;\u00e9l\u00e9ments nocifs pour l&#039;environnement, contrairement aux batteries plomb-acide qui polluent l&#039;environnement.<\/p>\n<h3><strong>Extension de capacit\u00e9<\/strong><\/h3>\n<p>La batterie LiFePO4 LANPWR peut \u00eatre connect\u00e9e en parall\u00e8le et en s\u00e9rie pour une capacit\u00e9 et une tension sup\u00e9rieures. Connexion maximale en s\u00e9rie\u00a0: jusqu&#039;\u00e0 deux batteries identiques (jusqu&#039;\u00e0 51,2\u00a0V) connect\u00e9es en s\u00e9rie. Connexion en parall\u00e8le\u00a0: plusieurs batteries peuvent \u00eatre connect\u00e9es, avec un maximum de quatre batteries en parall\u00e8le. Possibilit\u00e9 d&#039;extension jusqu&#039;\u00e0 deux batteries en s\u00e9rie et quatre batteries en parall\u00e8le (max. 2S4P) pour une capacit\u00e9 accrue (max. 400\u00a0Ah) et une tension plus \u00e9lev\u00e9e (24\u00a0V, 48\u00a0V). Lorsque les batteries sont utilis\u00e9es en parall\u00e8le ou en s\u00e9rie, la tension et la capacit\u00e9 doivent \u00eatre identiques et utilis\u00e9es dans un d\u00e9lai proche (moins de 3\u00a0mois).<\/p>\n<h3><strong>BMS 100A int\u00e9gr\u00e9<\/strong><\/h3>\n<p>La batterie LiFePO4 LANPWR int\u00e8gre un syst\u00e8me de gestion de batterie (BMS) de 100 A pour la prot\u00e9ger contre les surcharges, les d\u00e9charges excessives, les surintensit\u00e9s et les courts-circuits, avec un excellent taux d&#039;autod\u00e9charge. Un syst\u00e8me int\u00e9gr\u00e9 de protection contre les surchauffes emp\u00eache la charge \u00e0 plus de 50 \u00b0C. Sans effet m\u00e9moire, la batterie est utilisable d\u00e8s sa charge, quel que soit son \u00e9tat. La batterie LiFePO4 LANPWR est conforme \u00e0 la norme IP65.<\/p>\n<\/li>\n<\/ul>\n<p><\/p>\n<ul style=\"font-family:&quot;Microsoft YaHei&quot;;font-size:medium;font-weight:400;letter-spacing:normal;text-align:start;white-space:normal;color:rgb(0, 0, 0);margin-bottom:10px;padding-left:0px\" class=\"clearfix\" align=\"start\">\n<li style=\"font-size:14px;font-weight:bold;margin-right:10px;padding-left:18px;list-style:none;float:left\">\n<p><span style=\"font-size:22px\"><strong>Sp\u00e9cifications &gt;&gt;&gt;:<\/strong><\/span><\/p>\n<\/li>\n<\/ul>\n<table style=\"border-collapse:collapse;font-family:&quot;Microsoft YaHei&quot;;width:900px\" class=\"jbEidtTable\" border=\"1\" cellpadding=\"5\" cellspacing=\"0\">\n<tbody>\n<tr>\n<td style=\"font-size:14px;text-align:left\" align=\"left\">\n<p><strong>G\u00e9n\u00e9ral<\/strong><\/p>\n<\/td>\n<td style=\"font-size:14px;text-align:left\" align=\"left\">\n<p>Marque : LANPWR<br \/>Type : Batterie LiFePO4<br \/>Mod\u00e8le : LFP24-100<br \/>Couleur : Noir<\/p>\n<\/td>\n<\/tr>\n<tr>\n<td style=\"font-size:14px;text-align:left\" align=\"left\">\n<p><strong>Sp\u00e9cification<\/strong><\/p>\n<\/td>\n<td style=\"font-size:14px;text-align:left\" align=\"left\">\n<p>Tension nominale : 25,6 V<br \/>Capacit\u00e9 nominale : 100 Ah (C5, 25 Celsius)<br \/>\u00c9nergie : 2560 Wh<br \/>R\u00e9sistance interne : \u2264 60 m\u03a9<br \/>Cycle de vie : \u2265 4\u00a0000 cycles \u00e0 0,2\u00a0c 100% DOD<br \/>Mois d&#039;autod\u00e9charge : &lt;3%<br \/>Efficacit\u00e9 de charge : 100% \u00e0 0,2 \u00b0C<br \/>Efficacit\u00e9 de d\u00e9charge : 96-99% \u00e0 0,5 \u00b0C<br \/>Mode de charge : 29,2 \u00b1 0,2 V<br \/>Tension de coupure de charge : charge de 0,2 C \u00e0 29,2 V<br \/>Courant de charge : 20 A<br \/>Courant continu : 100 A<br \/>Courant de pression maximal\u00a0: 300\u00a0A (&lt;\u00a03\u00a0s)<br \/>Tension de coupure de d\u00e9charge : 20 V<br \/>Temp\u00e9rature de stockage : -10 \u00e0 40 degr\u00e9s Celsius (14 \u00e0 104 degr\u00e9s Fahrenheit)<br \/>Temp\u00e9rature de charge : -5 \u00e0 45 degr\u00e9s Celsius (23 \u00e0 113 degr\u00e9s Fahrenheit)<br \/>Temp\u00e9rature de d\u00e9charge : -20 \u00e0 60 degr\u00e9s Celsius (-4 \u00e0 140 degr\u00e9s Fahrenheit)<br \/>M\u00e9thode combin\u00e9e : 2S4P<br \/>Bo\u00eetier en plastique : ABS<br \/>Terminal : M8<\/p>\n<\/td>\n<\/tr>\n<tr>\n<td style=\"font-size:14px;text-align:left\" align=\"left\">\n<p><strong>Poids et taille<\/strong><\/p>\n<\/td>\n<td style=\"font-size:14px;text-align:left\" align=\"left\">\n<p>Poids du produit : 21 kg<br \/>Poids du colis : 22,5 kg<br \/>Dimensions du produit (L x l x H) : 49 x 23 x 22 cm<br \/>Dimensions du colis (L x l x H) : 57 x 28 x 30 cm<\/p>\n<\/td>\n<\/tr>\n<tr>\n<td style=\"font-size:14px;text-align:left\" align=\"left\">\n<p><strong>Paquet de conteneurs<\/strong><\/p>\n<\/td>\n<td style=\"font-size:14px;text-align:left\" align=\"left\">\n<p>1 batterie LiFePO4<br \/>1 x Manuel d&#039;utilisation<\/p>\n<\/td>\n<\/tr>\n<\/tbody>\n<\/table>\n<ul style=\"font-family:&quot;Microsoft YaHei&quot;;font-size:medium;font-weight:400;letter-spacing:normal;text-align:start;white-space:normal;color:rgb(0, 0, 0);margin-bottom:10px;padding-left:0px\" class=\"clearfix\" align=\"start\">\n<li style=\"font-size:14px;font-weight:bold;margin-right:10px;padding-left:18px;list-style:none\">\n<p><span style=\"font-size:22px\"><strong>Images &gt;&gt;&gt;:<\/strong><\/span><\/p>\n<\/li>\n<\/ul>\n<p><img decoding=\"async\" src=\"https:\/\/ae01.alicdn.com\/kf\/S0a9293712d704d1b845d7a40c5501b03O.jpg\" slate-data-type=\"image\"\/><img decoding=\"async\" src=\"https:\/\/ae01.alicdn.com\/kf\/S080050f029494da2acfa43210f8a1af0D.jpg\" slate-data-type=\"image\"\/><img decoding=\"async\" src=\"https:\/\/ae01.alicdn.com\/kf\/Sdd99554ef16a471585f48c399cf5ca59G.jpg\" slate-data-type=\"image\"\/><img decoding=\"async\" src=\"https:\/\/ae01.alicdn.com\/kf\/S2d7400ad0445451aae7e3f61b25cc1cet.jpg\" slate-data-type=\"image\"\/><img decoding=\"async\" src=\"https:\/\/ae01.alicdn.com\/kf\/Sf02c1ec6d6e94848b1ace0d7d1a5bdd1J.jpg\" slate-data-type=\"image\"\/><\/p>\n<\/div>\n<\/div>","protected":false},"excerpt":{"rendered":"<p>Nominal Capacity:&nbsp;&gt;3500mAh Model Number:&nbsp;LANPWRN 24V Type:&nbsp;LiFePO4 Set Type:&nbsp;Charger Sets Es-hot Sale Store &#8212; High quality products and satisfaction after-sales service Product Highlights &gt;&gt;&gt;: 10 Years Lifetime &amp; 1\/3 light weight<\/p>","protected":false},"featured_media":21728,"comment_status":"open","ping_status":"closed","template":"","meta":{"_acf_changed":false},"product_brand":[],"product_cat":[237],"product_tag":[],"class_list":{"0":"post-21727","1":"product","2":"type-product","3":"status-publish","4":"has-post-thumbnail","6":"product_cat-100-200ah-lifepo4-batteries","8":"first","9":"instock","10":"shipping-taxable","11":"purchasable","12":"product-type-simple"},"acf":[],"_links":{"self":[{"href":"https:\/\/www.electricstore.eu\/fr\/wp-json\/wp\/v2\/product\/21727","targetHints":{"allow":["GET"]}}],"collection":[{"href":"https:\/\/www.electricstore.eu\/fr\/wp-json\/wp\/v2\/product"}],"about":[{"href":"https:\/\/www.electricstore.eu\/fr\/wp-json\/wp\/v2\/types\/product"}],"replies":[{"embeddable":true,"href":"https:\/\/www.electricstore.eu\/fr\/wp-json\/wp\/v2\/comments?post=21727"}],"wp:featuredmedia":[{"embeddable":true,"href":"https:\/\/www.electricstore.eu\/fr\/wp-json\/wp\/v2\/media\/21728"}],"wp:attachment":[{"href":"https:\/\/www.electricstore.eu\/fr\/wp-json\/wp\/v2\/media?parent=21727"}],"wp:term":[{"taxonomy":"product_brand","embeddable":true,"href":"https:\/\/www.electricstore.eu\/fr\/wp-json\/wp\/v2\/product_brand?post=21727"},{"taxonomy":"product_cat","embeddable":true,"href":"https:\/\/www.electricstore.eu\/fr\/wp-json\/wp\/v2\/product_cat?post=21727"},{"taxonomy":"product_tag","embeddable":true,"href":"https:\/\/www.electricstore.eu\/fr\/wp-json\/wp\/v2\/product_tag?post=21727"}],"curies":[{"name":"wp","href":"https:\/\/api.w.org\/{rel}","templated":true}]}}