{"id":21645,"date":"2025-05-20T18:20:41","date_gmt":"2025-05-20T18:20:41","guid":{"rendered":"https:\/\/electricstore.eu\/p\/uncategorized\/vtoman-jump-600x-299wh-portable-power-station-600w-output-pure-sine-wave-expandable-939wh-capacity-9-ports-pd-60w-usb-c\/"},"modified":"2025-05-20T18:20:41","modified_gmt":"2025-05-20T18:20:41","slug":"vtoman-jump-600x-299wh-portable-power-station-600w-output-pure-sine-wave-expandable-939wh-capacity-9-ports-pd-60w-usb-c","status":"publish","type":"product","link":"https:\/\/www.electricstore.eu\/fr\/p\/batteries\/portable-power-stations\/vtoman-jump-600x-299wh-portable-power-station-600w-output-pure-sine-wave-expandable-939wh-capacity-9-ports-pd-60w-usb-c\/","title":{"rendered":"Station d&#039;alimentation portable VTOMAN JUMP 600X 299 Wh, puissance de sortie 600 W, onde sinuso\u00efdale pure, capacit\u00e9 extensible 939 Wh, 9 ports, PD 60 W USB-C"},"content":{"rendered":"<div class=\"product-specs-list-container\">\n<ul class=\"product-specs-list util-clearfix\">\n<li class=\"product-prop line-limit-length\"><span\n                                        class=\"property-title\">Application:&nbsp;<\/span><span\n                                        class=\"property-desc line-limit-length\">Stockage d&#039;\u00e9nergie solaire<\/span>\n                            <\/li>\n<li class=\"product-prop line-limit-length\"><span\n                                        class=\"property-title\">Capacit\u00e9 nominale :&nbsp;<\/span><span\n                                        class=\"property-desc line-limit-length\">299 Wh<\/span>\n                            <\/li>\n<li class=\"product-prop line-limit-length\"><span\n                                        class=\"property-title\">Num\u00e9ro de mod\u00e8le :&nbsp;<\/span><span\n                                        class=\"property-desc line-limit-length\">SAUT 600X<\/span>\n                            <\/li>\n<li class=\"product-prop line-limit-length\"><span\n                                        class=\"property-title\">Taper:&nbsp;<\/span><span\n                                        class=\"property-desc line-limit-length\">LiFePO4<\/span>\n                            <\/li>\n<li class=\"product-prop line-limit-length\"><span\n                                        class=\"property-title\">Type d&#039;ensemble :&nbsp;<\/span><span\n                                        class=\"property-desc line-limit-length\">Ensembles de chargeurs<\/span>\n                            <\/li>\n<li class=\"product-prop line-limit-length\"><span\n                                        class=\"property-title\">Caract\u00e9ristiques 01 :&nbsp;<\/span><span\n                                        class=\"property-desc line-limit-length\">centrale \u00e9lectrique portable<\/span>\n                            <\/li>\n<li class=\"product-prop line-limit-length\"><span\n                                        class=\"property-title\">Caract\u00e9ristiques 02 :&nbsp;<\/span><span\n                                        class=\"property-desc line-limit-length\">centrale \u00e9lectrique<\/span>\n                            <\/li>\n<li class=\"product-prop line-limit-length\"><span\n                                        class=\"property-title\">Caract\u00e9ristiques 03 :&nbsp;<\/span><span\n                                        class=\"property-desc line-limit-length\">centrale solaire portable<\/span>\n                            <\/li>\n<li class=\"product-prop line-limit-length\"><span\n                                        class=\"property-title\">Caract\u00e9ristiques 05 :&nbsp;<\/span><span\n                                        class=\"property-desc line-limit-length\">bornes de recharge<\/span>\n                            <\/li>\n<li class=\"product-prop line-limit-length\"><span\n                                        class=\"property-title\">Caract\u00e9ristiques 06 :&nbsp;<\/span><span\n                                        class=\"property-desc line-limit-length\">g\u00e9n\u00e9rateur solaire<\/span>\n                            <\/li>\n<li class=\"product-prop line-limit-length\"><span\n                                        class=\"property-title\">Caract\u00e9ristiques 07:&nbsp;<\/span><span\n                                        class=\"property-desc line-limit-length\">g\u00e9n\u00e9rateur \u00e9lectrique \u00e0 essence<\/span>\n                            <\/li>\n<li class=\"product-prop line-limit-length\"><span\n                                        class=\"property-title\">Marque:&nbsp;<\/span><span\n                                        class=\"property-desc line-limit-length\">VTOMAN<\/span>\n                            <\/li>\n<li class=\"product-prop line-limit-length\"><span\n                                        class=\"property-title\">Mod\u00e8le:&nbsp;<\/span><span\n                                        class=\"property-desc line-limit-length\">SAUT 600X<\/span>\n                            <\/li>\n<li class=\"product-prop line-limit-length\"><span\n                                        class=\"property-title\">Capacit\u00e9:&nbsp;<\/span><span\n                                        class=\"property-desc line-limit-length\">299 Wh<\/span>\n                            <\/li>\n<li class=\"product-prop line-limit-length\"><span\n                                        class=\"property-title\">Type de batterie :&nbsp;<\/span><span\n                                        class=\"property-desc line-limit-length\">LiFePO4<\/span>\n                            <\/li>\n<li class=\"product-prop line-limit-length\"><span\n                                        class=\"property-title\">Cycle de vie :&nbsp;<\/span><span\n                                        class=\"property-desc line-limit-length\">3000 cycles \u00e0 80%<\/span>\n                            <\/li>\n<\/ul><\/div>\n<p><\/p>\n<p style=\"font-family:&quot;Microsoft YaHei&quot;;font-size:medium;font-weight:400;letter-spacing:normal;text-align:start;white-space:normal;color:rgb(0, 0, 0)\" align=\"start\"><strong><span style=\"font-size:x-large\">Points forts<\/span><\/strong><\/p>\n<p><\/p>\n<h3 style=\"font-family:&quot;Microsoft YaHei&quot;;letter-spacing:normal;text-align:start;white-space:normal;color:rgb(0, 0, 0)\" align=\"start\"><strong>Centrale \u00e9lectrique SuperSafe LIFEBMS<\/strong><\/h3>\n<p style=\"font-family:&quot;Microsoft YaHei&quot;;font-size:medium;font-weight:400;letter-spacing:normal;text-align:start;white-space:normal;color:rgb(0, 0, 0)\" align=\"start\">La centrale \u00e9lectrique portable VTOMAN Jump 600X est dot\u00e9e d&#039;un syst\u00e8me de protection Supersafe LIFEBMS d\u00e9velopp\u00e9 par VTOMAN, qui offre une protection multiple pour la batterie, notamment une protection contre les surcharges, une protection contre les d\u00e9charges excessives, une protection contre les surtensions, une protection contre les surintensit\u00e9s, une protection contre les courts-circuits, une protection contre les hautes temp\u00e9ratures, etc. De plus, gr\u00e2ce \u00e0 la batterie LiFePO4 int\u00e9gr\u00e9e, la s\u00e9curit\u00e9 de la batterie est encore am\u00e9lior\u00e9e, ce qui est beaucoup plus s\u00fbr que les batteries NCM.<\/p>\n<h3 style=\"font-family:&quot;Microsoft YaHei&quot;;letter-spacing:normal;text-align:start;white-space:normal;color:rgb(0, 0, 0)\" align=\"start\"><strong>Capacit\u00e9 extensible jusqu&#039;\u00e0 939 Wh<\/strong><\/h3>\n<p style=\"font-family:&quot;Microsoft YaHei&quot;;font-size:medium;font-weight:400;letter-spacing:normal;text-align:start;white-space:normal;color:rgb(0, 0, 0)\" align=\"start\">La station d&#039;alimentation portable VTOMAN Jump 600X offre une capacit\u00e9 de 299 Wh, extensible \u00e0 939 Wh gr\u00e2ce \u00e0 la batterie suppl\u00e9mentaire VTOMAN Jump 600X (vendue s\u00e9par\u00e9ment) pour r\u00e9pondre \u00e0 vos besoins \u00e9nerg\u00e9tiques quotidiens, comme le camping, la p\u00eache et les voyages en camping-car. De plus, la batterie LiFePO4 premium int\u00e9gr\u00e9e offre 3\u00a0000 cycles de vie complets avant de descendre \u00e0 801 TP7T de sa capacit\u00e9 initiale, ce qui en fait une station d&#039;alimentation longue dur\u00e9e, capable de r\u00e9pondre aux besoins quotidiens comme aux utilisations \u00e0 long terme.<\/p>\n<h3 style=\"font-family:&quot;Microsoft YaHei&quot;;letter-spacing:normal;text-align:start;white-space:normal;color:rgb(0, 0, 0)\" align=\"start\">Centrale \u00e9lectrique \u00e0 puissance constante de 600 W<\/h3>\n<p style=\"font-family:&quot;Microsoft YaHei&quot;;font-size:medium;font-weight:400;letter-spacing:normal;text-align:start;white-space:normal;color:rgb(0, 0, 0)\" align=\"start\">La centrale solaire VTOMAN Jump 600X est \u00e9quip\u00e9e de 2 prises CA pour une puissance nominale de 600 W (surtension de 1\u00a0200 W). Outre sa capacit\u00e9 \u00e0 alimenter des appareils de moins de 600 W, comme la plupart des centrales \u00e9lectriques portables, le g\u00e9n\u00e9rateur d&#039;\u00e9nergie portable Jump 600X fournit \u00e9galement une puissance constante de 600 W pour alimenter des appareils de plus de 600 W, sans couper la puissance. Il constitue une solution de secours pour alimenter des appareils de plus de 600 W, tels que des chauffe-eau, des radiateurs d&#039;appoint, etc.<\/p>\n<h3 style=\"font-family:&quot;Microsoft YaHei&quot;;letter-spacing:normal;text-align:start;white-space:normal;color:rgb(0, 0, 0)\" align=\"start\">Chargement jusqu&#039;\u00e0 9 appareils simultan\u00e9ment<\/h3>\n<p style=\"font-family:&quot;Microsoft YaHei&quot;;font-size:medium;font-weight:400;letter-spacing:normal;text-align:start;white-space:normal;color:rgb(0, 0, 0)\" align=\"start\">La station d&#039;alimentation portable Jump 600X de 600 W est dot\u00e9e de ports de sortie complets, dont 2 prises secteur 230 V\/600 W, 2 sorties DC5521 12 V\/10 A, 1 port allume-cigare 12 V\/10 A, 3 sorties USB-A et 1 sortie PD TYPE-C 60 W. Elle peut charger jusqu&#039;\u00e0 9 appareils simultan\u00e9ment pendant la charge (prise en charge de la charge directe), ce qui suffit \u00e0 alimenter la plupart de vos appareils \u00e9lectriques et \u00e0 \u00e9conomiser de l&#039;espace sur le mur\u00a0! Id\u00e9ale pour les activit\u00e9s de plein air comme le camping, les camping-cars, les f\u00eates en plein air, la p\u00eache, etc.<\/p>\n<h3 style=\"font-family:&quot;Microsoft YaHei&quot;;letter-spacing:normal;text-align:start;white-space:normal;color:rgb(0, 0, 0)\" align=\"start\">Sortie PD 60 W Type-C<\/h3>\n<p style=\"font-family:&quot;Microsoft YaHei&quot;;font-size:medium;font-weight:400;letter-spacing:normal;text-align:start;white-space:normal;color:rgb(0, 0, 0)\" align=\"start\">La centrale solaire VTOMAN Jump 600X est \u00e9quip\u00e9e de plusieurs ports USB, dont 3 ports USB-A et 1 port USB-C. Le port USB-C offre une charge rapide de 60 W maximum pour vos appareils \u00e9lectriques, id\u00e9ale pour les employ\u00e9s de bureau utilisant des ordinateurs portables. Les ports USB-A incluent un port de charge rapide QC 3.0 d&#039;une puissance maximale de 18 W, id\u00e9al pour alimenter des appareils \u00e9lectroniques tels que smartphones, tablettes, MacBook, ordinateurs portables, \u00e9couteurs, etc. Id\u00e9ale comme alimentation de secours pour la maison ou le bureau.<\/p>\n<h3 style=\"font-family:&quot;Microsoft YaHei&quot;;letter-spacing:normal;text-align:start;white-space:normal;color:rgb(0, 0, 0)\" align=\"start\">Sortie r\u00e9gul\u00e9e 12 V CC<\/h3>\n<p style=\"font-family:&quot;Microsoft YaHei&quot;;font-size:medium;font-weight:400;letter-spacing:normal;text-align:start;white-space:normal;color:rgb(0, 0, 0)\" align=\"start\">Le g\u00e9n\u00e9rateur portable VTOMAN Jump 600X est \u00e9quip\u00e9 de deux ports de sortie DC5521 (12 V\/10 A, puissance totale maximale de 120 W) et d&#039;un port allume-cigare (12 V\/10 A, 120 W). Ces ports sont tous r\u00e9gul\u00e9s en 12 V, pour une puissance maximale de 120 W. Les ports CC permettent d&#039;alimenter des \u00e9quipements compatibles 12 V CC, tels que les r\u00e9frig\u00e9rateurs de voiture, les appareils de ventilation spontan\u00e9e en pression positive continue (PPC), les gonfleurs de pneus portables, etc.<\/p>\n<h3 style=\"font-family:&quot;Microsoft YaHei&quot;;letter-spacing:normal;text-align:start;white-space:normal;color:rgb(0, 0, 0)\" align=\"start\">Rechargez jusqu&#039;\u00e0 80% en 2,7 heures<\/h3>\n<p style=\"font-family:&quot;Microsoft YaHei&quot;;font-size:medium;font-weight:400;letter-spacing:normal;text-align:start;white-space:normal;color:rgb(0, 0, 0)\" align=\"start\">La station d&#039;alimentation solaire portable VTOMAN Jump 600X est \u00e9quip\u00e9e d&#039;un port d&#039;entr\u00e9e DC5521 (5,5 mm x 2,1 mm) d&#039;une puissance maximale de 100 W. Elle peut \u00eatre recharg\u00e9e de trois mani\u00e8res\u00a0: 1. Rechargement par chargeur mural (inclus)\u00a0: environ 3\u00a0heures. 2. Rechargement par prise allume-cigare (incluse)\u00a0: environ 3\u00a0heures. 3. Rechargement par panneau solaire 110\u00a0W\/220\u00a0W\u00a0: environ 5 \u00e0 6\u00a0heures (panneau solaire 110\u00a0W) ou 4 \u00e0 5\u00a0heures (panneau solaire 220\u00a0W).<\/p>\n<p><\/p>\n<h2 style=\"font-family:&quot;Microsoft YaHei&quot;;font-size:14px;letter-spacing:normal;text-align:start;white-space:normal;color:rgb(0, 0, 0);margin:10px 0px;margin-bottom:10px;margin-top:10px;margin-left:0px;margin-right:0px;padding:0px;padding-bottom:0px;padding-top:0px;padding-left:0px;padding-right:0px\" align=\"start\">Sp\u00e9cification<\/h2>\n<p><\/p>\n<table style=\"border-collapse:collapse;font-family:&quot;Microsoft YaHei&quot;;width:672px\" class=\"jbEidtTable\" border=\"1\" cellpadding=\"5\" cellspacing=\"0\">\n<tbody>\n<tr>\n<td style=\"text-align:left;width:97px;height:96px\" align=\"left\">\n<p><strong>G\u00e9n\u00e9ral<\/strong><\/p>\n<\/td>\n<td style=\"text-align:left;width:550px;height:96px\" align=\"left\">\n<p>Marque : VTOMAN<br \/>Type : Centrale \u00e9lectrique<br \/>Mod\u00e8le : JUMP 600X<br \/>Couleur : Jaune Noir<\/p>\n<\/td>\n<\/tr>\n<tr>\n<td style=\"text-align:left;width:97px;height:405px\" align=\"left\">\n<p><strong>Sp\u00e9cification<\/strong><\/p>\n<\/td>\n<td style=\"text-align:left;width:550px;height:405px\" align=\"left\">\n<div>Capacit\u00e9 : 299 Wh<\/div>\n<div>Type de batterie : LiFePO4<\/div>\n<div>Dur\u00e9e de vie du cycle : 3\u00a0000 cycles selon 80%<\/div>\n<div>Ports de sortie :\u00a0<\/div>\n<div>CA (x2) Total 600 W (cr\u00eate 1200 W), 110 V ~ 60 Hz,<\/div>\n<div>Onde sinuso\u00efdale pure<\/div>\n<div>USB-A (x2) 5 V 2,4 A, 12 W max par port<\/div>\n<div>USB-A (x1) 5 V 3 A, 9 V 2 A, 12 V 1,5 A, 18 W max.<\/div>\n<div>USB-C (x1) 5 V 3 A, 9 V 3 A, 12 V 3 A, 15 V 3 A, 20 V 3 A, 60 W max.<\/div>\n<div>DC5521 (x2) 12 V 10 A, total 120 W pour tous les ports CC<\/div>\n<div>Chargeur de voiture (x1) 12 V 10 A, total 120 W pour tous les ports CC<\/div>\n<div>Ports d&#039;entr\u00e9e :\u00a0<\/div>\n<div>DC5521 (x1) DC12-30V (100W Max)<\/div>\n<div>Environnement Temp\u00e9rature de fonctionnement :\u00a0<\/div>\n<div>Temp\u00e9rature de fonctionnement : -20\u00b0C\uff5e55\u00b0C (-4\u00b0F \u00e0 131\u00b0F)<\/div>\n<div>Temp\u00e9rature de charge : 0\u00b0C\uff5e55\u00b0C (32\u00b0F \u00e0 131\u00b0F)<\/div>\n<\/td>\n<\/tr>\n<tr>\n<td style=\"text-align:left;width:97px;height:64px\" align=\"left\">\n<p><strong>Poids et taille<\/strong><\/p>\n<\/td>\n<td style=\"text-align:left;width:550px;height:64px\" align=\"left\">\n<p>Poids du produit : 6,64 kg (14,8 lb)\u00a0<br \/>Poids du colis : 9 kg<br \/>Dimensions du produit (L x l x H) : 260 x 220 x 215 mm (10,2 x 8,7 x 8,6 pouces)\u00a0<\/p>\n<\/td>\n<\/tr>\n<tr>\n<td style=\"text-align:left;width:97px;height:141px\" align=\"left\">\n<p><strong>Contenu du colis<\/strong><\/p>\n<\/td>\n<td style=\"text-align:left;width:550px;height:141px\" align=\"left\">\n<p>1 x Station d&#039;alimentation Jump 600X<br \/>1 x c\u00e2ble de chargeur de voiture<br \/>1 x chargeur secteur et c\u00e2ble de charge<br \/>1 c\u00e2ble USB-C vers USB-C<br \/>1 c\u00e2ble USB-A vers USB-C<br \/>1 x Manuel d&#039;utilisation<\/p>\n<\/td>\n<\/tr>\n<\/tbody>\n<\/table>\n<p><img decoding=\"async\" src=\"https:\/\/ae01.alicdn.com\/kf\/S18fa95f831974cb18694508197d1dd3bl.jpeg\" slate-data-type=\"image\"\/><img decoding=\"async\" src=\"https:\/\/ae01.alicdn.com\/kf\/Se088f53e67084a01839e6fd10ce930b7Q.jpeg\" slate-data-type=\"image\"\/><img decoding=\"async\" src=\"https:\/\/ae01.alicdn.com\/kf\/S5f800903a4a84621aae5430c40b5f25ey.jpeg\" slate-data-type=\"image\"\/><img decoding=\"async\" src=\"https:\/\/ae01.alicdn.com\/kf\/Sa85b96327a184e809903befb4fb83d76Z.jpeg\" slate-data-type=\"image\"\/><img decoding=\"async\" src=\"https:\/\/ae01.alicdn.com\/kf\/S2f3004ef39cc4c99902a94f3da6cc56dj.jpeg\" slate-data-type=\"image\"\/><img decoding=\"async\" src=\"https:\/\/ae01.alicdn.com\/kf\/S7a8b49fa5fed4e7498b94a0c23c3e161I.jpeg\" slate-data-type=\"image\"\/><img decoding=\"async\" src=\"https:\/\/ae01.alicdn.com\/kf\/Sa9c3fd9402884349813f0e1041292e4ec.jpeg\" slate-data-type=\"image\"\/><img decoding=\"async\" src=\"https:\/\/ae01.alicdn.com\/kf\/Se35e5609cbf143ce81187419deb333067.jpeg\" slate-data-type=\"image\"\/><img decoding=\"async\" src=\"https:\/\/ae01.alicdn.com\/kf\/S6ce4b09e7bec4e8984780af64f638e79P.jpeg\" slate-data-type=\"image\"\/><img decoding=\"async\" src=\"https:\/\/ae01.alicdn.com\/kf\/Sd09db8e669544b3f97fd47dcd569be0cc.jpeg\" slate-data-type=\"image\"\/><img decoding=\"async\" src=\"https:\/\/ae01.alicdn.com\/kf\/S8b36a83bcad94f129d58ff9b72f606d29.jpeg\" slate-data-type=\"image\"\/><img decoding=\"async\" src=\"https:\/\/ae01.alicdn.com\/kf\/S30fedaf444564c58a9c0d3475db185a7a.jpeg\" slate-data-type=\"image\"\/><img decoding=\"async\" src=\"https:\/\/ae01.alicdn.com\/kf\/Se8186241bfd24bb586ed41909bfedf93l.jpeg\" slate-data-type=\"image\"\/><img decoding=\"async\" src=\"https:\/\/ae01.alicdn.com\/kf\/Sc79a05223b314dd39fc7b450466c3d98Z.jpeg\" slate-data-type=\"image\"\/><\/p>","protected":false},"excerpt":{"rendered":"<p>Application:&nbsp;Solar Power Storage Nominal Capacity:&nbsp;299Wh Model Number:&nbsp;JUMP 600X Type:&nbsp;LiFePO4 Set Type:&nbsp;Charger Sets Features 01:&nbsp;portable power station Features 02:&nbsp;power station Features 03:&nbsp;portable solar power station Features 05:&nbsp;charging stations Features 06:&nbsp;solar generator<\/p>","protected":false},"featured_media":21646,"comment_status":"open","ping_status":"closed","template":"","meta":{"_acf_changed":false},"product_brand":[],"product_cat":[515],"product_tag":[],"class_list":{"0":"post-21645","1":"product","2":"type-product","3":"status-publish","4":"has-post-thumbnail","6":"product_cat-portable-power-stations","8":"first","9":"instock","10":"shipping-taxable","11":"purchasable","12":"product-type-simple"},"acf":[],"_links":{"self":[{"href":"https:\/\/www.electricstore.eu\/fr\/wp-json\/wp\/v2\/product\/21645","targetHints":{"allow":["GET"]}}],"collection":[{"href":"https:\/\/www.electricstore.eu\/fr\/wp-json\/wp\/v2\/product"}],"about":[{"href":"https:\/\/www.electricstore.eu\/fr\/wp-json\/wp\/v2\/types\/product"}],"replies":[{"embeddable":true,"href":"https:\/\/www.electricstore.eu\/fr\/wp-json\/wp\/v2\/comments?post=21645"}],"wp:featuredmedia":[{"embeddable":true,"href":"https:\/\/www.electricstore.eu\/fr\/wp-json\/wp\/v2\/media\/21646"}],"wp:attachment":[{"href":"https:\/\/www.electricstore.eu\/fr\/wp-json\/wp\/v2\/media?parent=21645"}],"wp:term":[{"taxonomy":"product_brand","embeddable":true,"href":"https:\/\/www.electricstore.eu\/fr\/wp-json\/wp\/v2\/product_brand?post=21645"},{"taxonomy":"product_cat","embeddable":true,"href":"https:\/\/www.electricstore.eu\/fr\/wp-json\/wp\/v2\/product_cat?post=21645"},{"taxonomy":"product_tag","embeddable":true,"href":"https:\/\/www.electricstore.eu\/fr\/wp-json\/wp\/v2\/product_tag?post=21645"}],"curies":[{"name":"wp","href":"https:\/\/api.w.org\/{rel}","templated":true}]}}