{"id":21596,"date":"2025-05-20T18:20:13","date_gmt":"2025-05-20T18:20:13","guid":{"rendered":"https:\/\/electricstore.eu\/p\/uncategorized\/eleglide-m1-plus-adult-bikes-250w-motor-electric-bikes-13ah-100km-range-app-control-electric-bicycles-cheap-electric-bike\/"},"modified":"2025-05-20T18:20:18","modified_gmt":"2025-05-20T18:20:18","slug":"eleglide-m1-plus-adult-bikes-250w-motor-electric-bikes-13ah-100km-range-app-control-electric-bicycles-cheap-electric-bike","status":"publish","type":"product","link":"https:\/\/www.electricstore.eu\/fr\/p\/bikes\/eleglide-m1-plus-adult-bikes-250w-motor-electric-bikes-13ah-100km-range-app-control-electric-bicycles-cheap-electric-bike\/","title":{"rendered":"V\u00e9los \u00e9lectriques pour adultes Eleglide M1 Plus, moteur 250 W, autonomie 13 Ah, 100 km, contr\u00f4le par application, v\u00e9lo \u00e9lectrique pas cher"},"content":{"rendered":"<div class=\"product-specs-list-container\">\n<ul class=\"product-specs-list util-clearfix\">\n<li class=\"product-prop line-limit-length\"><span\n                                        class=\"property-title\">Marque:&nbsp;<\/span><span\n                                        class=\"property-desc line-limit-length\">Eleglide<\/span>\n                            <\/li>\n<li class=\"product-prop line-limit-length\"><span\n                                        class=\"property-title\">Mod\u00e8le:&nbsp;<\/span><span\n                                        class=\"property-desc line-limit-length\">M1 Plus<\/span>\n                            <\/li>\n<li class=\"product-prop line-limit-length\"><span\n                                        class=\"property-title\">Poids net:&nbsp;<\/span><span\n                                        class=\"property-desc line-limit-length\">21,7 kg<\/span>\n                            <\/li>\n<li class=\"product-prop line-limit-length\"><span\n                                        class=\"property-title\">Charge maximale du v\u00e9lo :&nbsp;<\/span><span\n                                        class=\"property-desc line-limit-length\">1790x680x1041mm<\/span>\n                            <\/li>\n<li class=\"product-prop line-limit-length\"><span\n                                        class=\"property-title\">Taille du cadre :&nbsp;<\/span><span\n                                        class=\"property-desc line-limit-length\">27.5&quot;\/29\u201c<\/span>\n                            <\/li>\n<li class=\"product-prop line-limit-length\"><span\n                                        class=\"property-title\">Max Load of Bike::&nbsp;<\/span><span\n                                        class=\"property-desc line-limit-length\">100 kg<\/span>\n                            <\/li>\n<li class=\"product-prop line-limit-length\"><span\n                                        class=\"property-title\">Mode marche :&nbsp;<\/span><span\n                                        class=\"property-desc line-limit-length\">6 km\/h<\/span>\n                            <\/li>\n<li class=\"product-prop line-limit-length\"><span\n                                        class=\"property-title\">Niveau d&#039;\u00e9tanch\u00e9it\u00e9 :&nbsp;<\/span><span\n                                        class=\"property-desc line-limit-length\">IPX4<\/span>\n                            <\/li>\n<li class=\"product-prop line-limit-length\"><span\n                                        class=\"property-title\">Caract\u00e9ristiques 01 :&nbsp;<\/span><span\n                                        class=\"property-desc line-limit-length\">V\u00e9lo \u00e9lectrique<\/span>\n                            <\/li>\n<li class=\"product-prop line-limit-length\"><span\n                                        class=\"property-title\">Caract\u00e9ristiques 02 :&nbsp;<\/span><span\n                                        class=\"property-desc line-limit-length\">V\u00e9los \u00e9lectriques<\/span>\n                            <\/li>\n<li class=\"product-prop line-limit-length\"><span\n                                        class=\"property-title\">Caract\u00e9ristiques 03 :&nbsp;<\/span><span\n                                        class=\"property-desc line-limit-length\">Offre V\u00e9lo \u00c9lectrique<\/span>\n                            <\/li>\n<li class=\"product-prop line-limit-length\"><span\n                                        class=\"property-title\">Caract\u00e9ristiques 04 :&nbsp;<\/span><span\n                                        class=\"property-desc line-limit-length\">V\u00e9los \u00e9lectriques pour adultes<\/span>\n                            <\/li>\n<li class=\"product-prop line-limit-length\"><span\n                                        class=\"property-title\">Caract\u00e9ristiques 05 :&nbsp;<\/span><span\n                                        class=\"property-desc line-limit-length\">v\u00e9lo pliant<\/span>\n                            <\/li>\n<li class=\"product-prop line-limit-length\"><span\n                                        class=\"property-title\">Caract\u00e9ristiques 06 :&nbsp;<\/span><span\n                                        class=\"property-desc line-limit-length\">V\u00e9los \u00e9lectriques pour adultes<\/span>\n                            <\/li>\n<li class=\"product-prop line-limit-length\"><span\n                                        class=\"property-title\">Mat\u00e9riel:&nbsp;<\/span><span\n                                        class=\"property-desc line-limit-length\">Aluminium Alloy<\/span>\n                            <\/li>\n<li class=\"product-prop line-limit-length\"><span\n                                        class=\"property-title\">Caract\u00e9ristiques 08 :&nbsp;<\/span><span\n                                        class=\"property-desc line-limit-length\">V\u00e9lo \u00e9lectrique<\/span>\n                            <\/li>\n<li class=\"product-prop line-limit-length\"><span\n                                        class=\"property-title\">Caract\u00e9ristiques 09 :&nbsp;<\/span><span\n                                        class=\"property-desc line-limit-length\">V\u00e9los bon march\u00e9<\/span>\n                            <\/li>\n<\/ul><\/div>\n<p><\/p>\n<p style=\"font-family:&quot;Microsoft YaHei&quot;;font-size:medium;font-weight:400;letter-spacing:normal;text-align:start;white-space:normal;color:rgb(0, 0, 0)\" align=\"start\"><span style=\"font-size:x-large\">Points forts<\/span><\/p>\n<p><\/p>\n<p style=\"font-family:&quot;Microsoft YaHei&quot;;font-size:medium;font-weight:400;letter-spacing:normal;text-align:start;white-space:normal;color:rgb(0, 0, 0)\" align=\"start\"><strong>Powerful Motor &amp; Large Battery<br \/><\/strong>Eleglide M1 Plus comes with a 250W powerful brushless motor that delivers\u00a045Nm torque\u00a0and enables the bike to speed up to 25km\/h. With a replaceable 12.5Ah lithium-ion battery, it can run up to 100km(62mi) on assist mode, which is perfect for your long ride.<br \/><strong>27.5&quot;\/29&quot;\u00a0CST Tires<br \/><\/strong>The upgraded M1 Plus bike is equipped with 27.5in\/29in bigger CST pneumatic tires that can adapt to a variety of road surfaces\u00a0and negotiate trail obstacles with ease and stability. Moreover, the knobby tire surface drastically\u00a0reduces\u00a0the impact caused by road bumps, making your ride even more enjoyable.<br \/><strong>21 Speed Shimano Gear<br \/><\/strong>The electric bicycle is improved with professional Shimano derailleurs. The front derailleur has 3 gears, and the rear has 7 gears. With the help of derailleurs, you can enjoy a faster and easier ride.<br \/><strong>Hydraulic Suspension With Lockout<br \/><\/strong>The new Eleglide M1 Plus is upgraded with hydraulic damping design that comes with suspension lockout, leaving you a more comfortable cycling experience.<br \/><strong>3 Riding Modes &amp; 5 Speed Levels<br \/><\/strong>While riding Eleglide M1 Plus, you can choose electric mode, assist mode or manual mode. You can also switch among 5 levels of assist\/electric mode, including 12, 16, 20, 23 and 25 km\/h.<br \/><strong>SmartLCD &amp; App Control<br \/><\/strong>M1 Plus has an intelligent LCD display that\u00a0keeps\u00a0you informed with all the important\u00a0details, like\u00a0the real-time speed, trip distance and remaining battery\u00a0power.\u00a0You can switch assist levels, set screen timeout, activate walk mode and more right from the display. Furthermore, you can control your bike via on your phone via the Eleglide app. The smart app\u00a0allows you to activate more\u00a0functions, such as locking the bike, setting a password and adjusting the screen timeout, making your ride smarter and easier.<\/p>\n<p><\/p>\n<h2 style=\"font-family:&quot;Microsoft YaHei&quot;;font-size:14px;letter-spacing:normal;text-align:start;white-space:normal;color:rgb(0, 0, 0);margin:10px 0px;margin-bottom:10px;margin-top:10px;margin-left:0px;margin-right:0px;padding:0px;padding-bottom:0px;padding-top:0px;padding-left:0px;padding-right:0px\" align=\"start\">Sp\u00e9cification<\/h2>\n<p><\/p>\n<table style=\"border-collapse:collapse;font-family:&quot;Microsoft YaHei&quot;\" border=\"1\" cellpadding=\"8\">\n<tbody>\n<tr>\n<td style=\"width:102px\" width=\"102\">\n<p>G\u00e9n\u00e9ral<\/p>\n<\/td>\n<td style=\"width:454px\" width=\"454\">\n<p>Marque : Eleglide<br \/>Model: M1 Plus (27.5&quot;)<br \/>Couleur : Noir<\/p>\n<\/td>\n<\/tr>\n<tr>\n<td style=\"width:102px\" width=\"102\">\n<p>Sp\u00e9cifications de base<\/p>\n<\/td>\n<td style=\"width:454px\" width=\"454\">\n<p>Poids net : 21,7 kg<br \/>Unfolded Size: 1790x680x1041mm<br \/>Size of Frame: 27.5&quot;\/29&quot; x 18&quot;<br \/>Length of Handlebar: 680mm(26.8&quot;)<br \/>Height of Saddle (from the ground): 33.5&quot;-41.3&quot;<br \/>Recommended Rider Height: 160-195cm (around 5&#x27;\u00a03&quot;-6&#x27; 4.8&quot;)<br \/>Max Load\u00a0of Bike: 100\u00a0kg<br \/>Cut-off\u00a0Speed: 25km\/h\u00a0(Can be adjusted to 32km\/h)<br \/>Port\u00e9e maximale\u00a0: 100\u00a0km (mode d&#039;assistance)<br \/>Pedal Assist Levels: 12\/16\/20\/23\/25 km\/h<br \/>Mode marche : 6 km\/h<br \/>Niveau d&#039;\u00e9tanch\u00e9it\u00e9 : IPX4<br \/>Material: Aluminium Alloy<br \/>Braking System: Front &amp; Rear Disc Brakes + Power-off Design<\/p>\n<\/td>\n<\/tr>\n<tr>\n<td style=\"width:102px\" width=\"102\">\n<p>Moteur<\/p>\n<\/td>\n<td style=\"width:454px\" width=\"454\">\n<p>Puissance et tension nominales\u00a0: 250\u00a0W, 36\u00a0V<br \/>Max Instantaneous Power: 500W<br \/>Max RPM: 210<br \/>Couple de sortie maximal\u00a0: 45\u00a0N.M<\/p>\n<\/td>\n<\/tr>\n<tr>\n<td style=\"width:102px\" width=\"102\">\n<p>D\u00e9railleur<\/p>\n<\/td>\n<td style=\"width:454px\" width=\"454\">\n<p>Marque : Shimano<br \/>Nombre de vitesses : 3 (avant), 7 (arri\u00e8re)<\/p>\n<\/td>\n<\/tr>\n<tr>\n<td style=\"width:102px\" width=\"102\">\n<p>Batterie<\/p>\n<\/td>\n<td style=\"width:454px\" width=\"454\">\n<p>Capacity: 12.5Ah<br \/>Tension : 36 V<br \/>Charging Time: 7h<br \/>Power Capacity: 450Wh<br \/>Syst\u00e8me de protection : Oui<\/p>\n<\/td>\n<\/tr>\n<tr>\n<td style=\"width:102px\" width=\"102\">\n<p>Chargeur<\/p>\n<\/td>\n<td style=\"width:454px\" width=\"454\">\n<p>Entr\u00e9e\u00a0: 100-240\u00a0V, 2\u00a0A<br \/>Sortie : 42 V, 2 A<\/p>\n<\/td>\n<\/tr>\n<tr>\n<td style=\"width:102px\" width=\"102\">\n<p>Pneus<\/p>\n<\/td>\n<td style=\"width:454px\" width=\"454\">\n<p>Marque : CST<br \/>Size: 27.5&quot; x 2.1&quot;<br \/>Type : Pneus en caoutchouc pneumatiques<br \/>Tire Pressure: 45-65PSI<br \/>Best Tire Pressure: 50PSI (Front), 55PSI (Rear)<\/p>\n<\/td>\n<\/tr>\n<tr>\n<td style=\"width:102px\" width=\"102\">\n<p>Afficher<\/p>\n<\/td>\n<td style=\"width:454px\" width=\"454\">\n<p>Size: 1.75&quot;<br \/>Type : LCD<br \/>Information: Speed, Battery Level, Trip Distance\/Odometer, Assist Level, Push Mode, Light Mark, Error Code, Brake\/Malfunction Mark<br \/>Function: power on\/off, light on\/off, shifting assist levels, activating push mode, removing ODO data, setting screen timeout, etc.<\/p>\n<\/td>\n<\/tr>\n<tr>\n<td style=\"width:102px\" width=\"102\">\n<p>Application<\/p>\n<\/td>\n<td style=\"width:454px\" width=\"454\">\n<p>Nom : Eleglide<br \/>Syst\u00e8mes compatibles\u00a0: iOS (11.0+), Android (5.0+)<br \/>Fonctions : allumer\/\u00e9teindre la lumi\u00e8re, changer les niveaux d&#039;assistance, verrouiller\/d\u00e9verrouiller le v\u00e9lo, d\u00e9finir un mot de passe, r\u00e9gler la luminosit\u00e9 de l&#039;\u00e9cran, etc.<\/p>\n<\/td>\n<\/tr>\n<tr>\n<td style=\"width:102px\" width=\"102\">\n<p>Emballer<\/p>\n<\/td>\n<td style=\"width:454px\" width=\"454\">\n<p>Size: 1480x220x770mm<br \/>Gross Weight: 27kg<\/p>\n<\/td>\n<\/tr>\n<tr>\n<td style=\"width:102px\" width=\"102\">\n<p>Liste des packages<\/p>\n<\/td>\n<td style=\"width:454px\" width=\"454\">\n<p>1 x Eleglide Bike \u00a0\u00a0\u00a0\u00a0\u00a01 x User Manual<br \/>1 x Charger \u00a0\u00a0\u00a0\u00a0\u00a0 \u00a0 \u00a0 \u00a0\u00a0 2 x Pedal<br \/>1 x Rear Reflector \u00a0\u00a0\u00a0\u00a04 x Spoke Reflector<br \/>1 x LCD Display \u00a0\u00a0\u00a0\u00a0\u00a0\u00a02 x Key<br \/>1 x Tool Kit \u00a0\u00a0\u00a0\u00a0\u00a0\u00a0 \u00a0 \u00a0\u00a0 1 x Throttle Kit<\/p>\n<\/td>\n<\/tr>\n<tr>\n<td style=\"width:556px\" width=\"556\" colspan=\"2\">\n<p>Remarque : l&#039;autonomie maximale est atteinte dans les conditions suivantes : charge de 75 kg, temp\u00e9rature de 26 \u00b0C, vitesse constante de 15 km\/h, sur des routes plates sans vent fort.<\/p>\n<\/td>\n<\/tr>\n<\/tbody>\n<\/table>\n<p><img decoding=\"async\" src=\"https:\/\/ae01.alicdn.com\/kf\/Sac0bfdff325945939c57588c426418188.jpeg\" slate-data-type=\"image\"\/><img decoding=\"async\" src=\"https:\/\/ae01.alicdn.com\/kf\/Sc9cdbd8ee5874b28b0c1844b60e60a00T.jpeg\" slate-data-type=\"image\"\/><img decoding=\"async\" src=\"https:\/\/ae01.alicdn.com\/kf\/S071ddc459d02406a83f5f5ec2ae198ca5.jpeg\" slate-data-type=\"image\"\/><img decoding=\"async\" src=\"https:\/\/ae01.alicdn.com\/kf\/S80dcff1728f54ec187b138bfa5abde9do.jpeg\" slate-data-type=\"image\"\/><img decoding=\"async\" src=\"https:\/\/ae01.alicdn.com\/kf\/S8ca7e861e8494bd8823febb4c52d1200a.jpeg\" slate-data-type=\"image\"\/><img decoding=\"async\" src=\"https:\/\/ae01.alicdn.com\/kf\/Sf95a79c18d5b4a1fb532eb5783407ed4z.jpeg\" slate-data-type=\"image\"\/><img decoding=\"async\" src=\"https:\/\/ae01.alicdn.com\/kf\/Sca407e8bd8314675b9b371ef8edbb823H.jpeg\" slate-data-type=\"image\"\/><img decoding=\"async\" src=\"https:\/\/ae01.alicdn.com\/kf\/S90b863fb99c34b6ab9e3e4ddf97e3450v.jpeg\" slate-data-type=\"image\"\/><img decoding=\"async\" src=\"https:\/\/ae01.alicdn.com\/kf\/Se833949820214331919e9fc5b4a42a3fl.jpeg\" slate-data-type=\"image\"\/><img decoding=\"async\" src=\"https:\/\/ae01.alicdn.com\/kf\/S979251df0f4c405c9e7b03d4fae6b516v.jpeg\" slate-data-type=\"image\"\/><img decoding=\"async\" src=\"https:\/\/ae01.alicdn.com\/kf\/Sd27b1ff2cbfb44e7b8309b4bfdcab174E.jpeg\" slate-data-type=\"image\"\/><img decoding=\"async\" src=\"https:\/\/ae01.alicdn.com\/kf\/S73ef3b1ada2c43c39c525e7e71f89367A.jpeg\" slate-data-type=\"image\"\/><img decoding=\"async\" src=\"https:\/\/ae01.alicdn.com\/kf\/S5cdbcaa253284456bc6c72c76ac180bbB.jpeg\" slate-data-type=\"image\"\/><img decoding=\"async\" src=\"https:\/\/ae01.alicdn.com\/kf\/S54d93284c50042b5992ab8d218488629P.jpeg\" slate-data-type=\"image\"\/><\/p>","protected":false},"excerpt":{"rendered":"<p>Brand:&nbsp;Eleglide Model:&nbsp;M1 Plus Net Weight:&nbsp;21.7kg Max Load of Bike:&nbsp;1790x680x1041mm Size of Frame:&nbsp;27.5&quot;\/29\u201c Max Load of Bike::&nbsp;100 kg Walk Mode:&nbsp;6km\/h Waterproof Level:&nbsp;IPX4 Features 01:&nbsp;Electric Bicycle Features 02:&nbsp;Electric Bikes Features 03:&nbsp;Electric Bike<\/p>","protected":false},"featured_media":21597,"comment_status":"open","ping_status":"closed","template":"","meta":{"_acf_changed":false},"product_brand":[],"product_cat":[230],"product_tag":[],"class_list":{"0":"post-21596","1":"product","2":"type-product","3":"status-publish","4":"has-post-thumbnail","6":"product_cat-bikes","8":"first","9":"instock","10":"shipping-taxable","11":"purchasable","12":"product-type-variable"},"acf":[],"_links":{"self":[{"href":"https:\/\/www.electricstore.eu\/fr\/wp-json\/wp\/v2\/product\/21596","targetHints":{"allow":["GET"]}}],"collection":[{"href":"https:\/\/www.electricstore.eu\/fr\/wp-json\/wp\/v2\/product"}],"about":[{"href":"https:\/\/www.electricstore.eu\/fr\/wp-json\/wp\/v2\/types\/product"}],"replies":[{"embeddable":true,"href":"https:\/\/www.electricstore.eu\/fr\/wp-json\/wp\/v2\/comments?post=21596"}],"wp:featuredmedia":[{"embeddable":true,"href":"https:\/\/www.electricstore.eu\/fr\/wp-json\/wp\/v2\/media\/21597"}],"wp:attachment":[{"href":"https:\/\/www.electricstore.eu\/fr\/wp-json\/wp\/v2\/media?parent=21596"}],"wp:term":[{"taxonomy":"product_brand","embeddable":true,"href":"https:\/\/www.electricstore.eu\/fr\/wp-json\/wp\/v2\/product_brand?post=21596"},{"taxonomy":"product_cat","embeddable":true,"href":"https:\/\/www.electricstore.eu\/fr\/wp-json\/wp\/v2\/product_cat?post=21596"},{"taxonomy":"product_tag","embeddable":true,"href":"https:\/\/www.electricstore.eu\/fr\/wp-json\/wp\/v2\/product_tag?post=21596"}],"curies":[{"name":"wp","href":"https:\/\/api.w.org\/{rel}","templated":true}]}}