{"id":21547,"date":"2025-05-20T18:19:48","date_gmt":"2025-05-20T18:19:48","guid":{"rendered":"https:\/\/electricstore.eu\/p\/uncategorized\/touroll-s1-electric-fat-bike-25km-h-20x4-0-fat-tires-60nm-torque-15-6ah-100km-range-7-speed-shimano-gear-electric-bicycles\/"},"modified":"2025-05-20T18:19:57","modified_gmt":"2025-05-20T18:19:57","slug":"touroll-s1-electric-fat-bike-25km-h-20x4-0-fat-tires-60nm-torque-15-6ah-100km-range-7-speed-shimano-gear-electric-bicycles","status":"publish","type":"product","link":"https:\/\/www.electricstore.eu\/fr\/p\/bikes\/touroll-s1-electric-fat-bike-25km-h-20x4-0-fat-tires-60nm-torque-15-6ah-100km-range-7-speed-shimano-gear-electric-bicycles\/","title":{"rendered":"V\u00e9lo \u00e9lectrique Touroll S1 Fat Bike, 25 km\/h, pneus 20&#039;x4.0&#039; Fat, couple de 60 Nm, 15,6 Ah, autonomie de 100 km, transmission Shimano 7 vitesses."},"content":{"rendered":"<div class=\"product-specs-list-container\">\n<ul class=\"product-specs-list util-clearfix\">\n<li class=\"product-prop line-limit-length\"><span\n                                        class=\"property-title\">Marque:&nbsp;<\/span><span\n                                        class=\"property-desc line-limit-length\">Touroll<\/span>\n                            <\/li>\n<li class=\"product-prop line-limit-length\"><span\n                                        class=\"property-title\">Nom:&nbsp;<\/span><span\n                                        class=\"property-desc line-limit-length\">Snodal<\/span>\n                            <\/li>\n<li class=\"product-prop line-limit-length\"><span\n                                        class=\"property-title\">Mod\u00e8le:&nbsp;<\/span><span\n                                        class=\"property-desc line-limit-length\">S1<\/span>\n                            <\/li>\n<li class=\"product-prop line-limit-length\"><span\n                                        class=\"property-title\">Capacit\u00e9 de puissance :&nbsp;<\/span><span\n                                        class=\"property-desc line-limit-length\">748,8 Wh<\/span>\n                            <\/li>\n<li class=\"product-prop line-limit-length\"><span\n                                        class=\"property-title\">Taille du cadre :&nbsp;<\/span><span\n                                        class=\"property-desc line-limit-length\">20&quot;x17&quot;<\/span>\n                            <\/li>\n<li class=\"product-prop line-limit-length\"><span\n                                        class=\"property-title\">Charge maximale du v\u00e9lo :&nbsp;<\/span><span\n                                        class=\"property-desc line-limit-length\">120 kg<\/span>\n                            <\/li>\n<li class=\"product-prop line-limit-length\"><span\n                                        class=\"property-title\">Vitesse de coupure :&nbsp;<\/span><span\n                                        class=\"property-desc line-limit-length\">25 km\/h<\/span>\n                            <\/li>\n<li class=\"product-prop line-limit-length\"><span\n                                        class=\"property-title\">Port\u00e9e maximale\u00a0::&nbsp;<\/span><span\n                                        class=\"property-desc line-limit-length\">100 km (mode assist\u00e9)<\/span>\n                            <\/li>\n<li class=\"product-prop line-limit-length\"><span\n                                        class=\"property-title\">Caract\u00e9ristiques 01 :&nbsp;<\/span><span\n                                        class=\"property-desc line-limit-length\">V\u00e9lo \u00e9lectrique<\/span>\n                            <\/li>\n<li class=\"product-prop line-limit-length\"><span\n                                        class=\"property-title\">Caract\u00e9ristiques 02 :&nbsp;<\/span><span\n                                        class=\"property-desc line-limit-length\">V\u00e9los \u00e9lectriques<\/span>\n                            <\/li>\n<li class=\"product-prop line-limit-length\"><span\n                                        class=\"property-title\">Caract\u00e9ristiques 03 :&nbsp;<\/span><span\n                                        class=\"property-desc line-limit-length\">Offre V\u00e9lo \u00c9lectrique<\/span>\n                            <\/li>\n<li class=\"product-prop line-limit-length\"><span\n                                        class=\"property-title\">Caract\u00e9ristiques 04 :&nbsp;<\/span><span\n                                        class=\"property-desc line-limit-length\">V\u00e9los \u00e9lectriques pour adultes<\/span>\n                            <\/li>\n<li class=\"product-prop line-limit-length\"><span\n                                        class=\"property-title\">Caract\u00e9ristiques 06 :&nbsp;<\/span><span\n                                        class=\"property-desc line-limit-length\">V\u00e9los \u00e9lectriques pour adultes<\/span>\n                            <\/li>\n<li class=\"product-prop line-limit-length\"><span\n                                        class=\"property-title\">Caract\u00e9ristiques 08 :&nbsp;<\/span><span\n                                        class=\"property-desc line-limit-length\">V\u00e9lo \u00e9lectrique<\/span>\n                            <\/li>\n<li class=\"product-prop line-limit-length\"><span\n                                        class=\"property-title\">Caract\u00e9ristiques 09 :&nbsp;<\/span><span\n                                        class=\"property-desc line-limit-length\">V\u00e9los bon march\u00e9<\/span>\n                            <\/li>\n<li class=\"product-prop line-limit-length\"><span\n                                        class=\"property-title\">Niveau d&#039;\u00e9tanch\u00e9it\u00e9 :&nbsp;<\/span><span\n                                        class=\"property-desc line-limit-length\">IPX4<\/span>\n                            <\/li>\n<li class=\"product-prop line-limit-length\"><span\n                                        class=\"property-title\">Mat\u00e9riau du cadre :&nbsp;<\/span><span\n                                        class=\"property-desc line-limit-length\">Alliage d&#039;aluminium (AL6061)<\/span>\n                            <\/li>\n<\/ul><\/div>\n<p style=\"font-family:&quot;Noto Sans SC&quot;;font-size:medium;font-weight:400;letter-spacing:normal;text-align:start;white-space:normal;color:rgb(0, 0, 0)\" align=\"start\"><span style=\"font-size:x-large\">Points forts<\/span><\/p>\n<p><\/p>\n<p style=\"font-family:&quot;Noto Sans SC&quot;;font-size:medium;font-weight:400;letter-spacing:normal;text-align:start;white-space:normal;color:rgb(0, 0, 0)\" align=\"start\"><strong>Conduite en douceur sur tous les terrains<br \/><\/strong>Le Touroll S1 \u00e9lectrique fat bike s&#039;attaque \u00e0 tous les terrains sans effort gr\u00e2ce \u00e0 ses pneus de 4 pouces de large qui offrent une meilleure adh\u00e9rence, une maniabilit\u00e9 et une stabilit\u00e9 accrues. La surface \u00e0 crampons absorbe efficacement les irr\u00e9gularit\u00e9s du terrain pour une conduite plus fluide. Ses roues de 20 pouces franchissent les obstacles et les ralentisseurs avec aisance. Gr\u00e2ce \u00e0 une suspension fiable qui r\u00e9duit consid\u00e9rablement l&#039;impact des chocs, ce v\u00e9lo vous permet de traverser les terrains accident\u00e9s avec confort et confiance.<br \/><strong><br \/>Conduite puissante et endurante<br \/><\/strong>Le v\u00e9lo \u00e9lectrique S1 offre une puissance exaltante gr\u00e2ce \u00e0 son puissant moteur brushless d\u00e9livrant un couple de 60 Nm, vous permettant d&#039;explorer les grands espaces avec puissance, vitesse et sensations fortes. Dot\u00e9 d&#039;une batterie lithium-ion amovible de 15,6 Ah, il vous propulse sur 100 km par charge en mode assistance, simplifiant vos aventures et vos longs trajets.<strong><br \/><\/strong><br \/><strong>S\u00e9curit\u00e9 am\u00e9lior\u00e9e<br \/><\/strong>Le Touroll S1 est dot\u00e9 d&#039;un cadre robuste en alliage d&#039;aluminium 6061 pour des trajets fiables. Son syst\u00e8me de freinage avanc\u00e9, compos\u00e9 d&#039;un frein \u00e0 main et de deux freins \u00e0 disque, offre une r\u00e9activit\u00e9 optimale. Son \u00e9clairage certifi\u00e9 StVZO est con\u00e7u pour r\u00e9pondre aux normes rigoureuses du code de la route allemand. Offrant une grande efficacit\u00e9 lumineuse sans \u00e9blouissement, cet \u00e9clairage am\u00e9liore la visibilit\u00e9 sur la route et garantit la s\u00e9curit\u00e9 des autres usagers. Partez en balade l&#039;esprit tranquille\u00a0!<strong><\/p>\n<p>Faire du v\u00e9lo avec plaisir<\/strong><strong><span>\u00a0<\/span><\/strong><strong>Engrenage Shimano<br \/><\/strong>Le d\u00e9railleur Shimano \u00e0 7 vitesses vous permet de changer de vitesse \u00e0 tout moment et de profiter du plaisir de la vitesse variable. Gr\u00e2ce \u00e0 un syst\u00e8me de transmission professionnel, vous pouvez adapter les vitesses de votre v\u00e9lo aux conditions de la route pour une conduite rapide et agr\u00e9able.<\/p>\n<p><strong>Contr\u00f4le LCD intelligent<br \/><\/strong>Gr\u00e2ce \u00e0 son \u00e9cran LCD intelligent, vous pouvez facilement surveiller des donn\u00e9es importantes, comme la vitesse en temps r\u00e9el et le niveau de batterie, et basculer facilement entre les 5 niveaux d&#039;assistance au p\u00e9dalage\u00a0: 12, 15, 18, 21 et 25\u00a0km\/h. D&#039;une simple pression sur un bouton, activez le mode marche \u00e0 6\u00a0km\/h et avancez sans effort, id\u00e9al pour une balade tranquille au bord de la route. Profitez du paysage \u00e0 votre rythme avec le Touroll S1.<strong><\/p>\n<p>Am\u00e9lior\u00e9<\/strong><strong><span>\u00a0<\/span><\/strong><strong>Confort et commodit\u00e9<br \/><\/strong>Le Touroll S1 fat bike est \u00e9quip\u00e9 d&#039;une potence r\u00e9glable permettant de personnaliser la hauteur du guidon pour une position de conduite confortable. Son m\u00e9canisme de pliage facilite le transport et le rangement. De plus, le S1 est livr\u00e9 avec un porte-bagages robuste pour ranger vos affaires en toute s\u00e9curit\u00e9 et vous permettre de rouler en toute s\u00e9r\u00e9nit\u00e9.<\/p>\n<p><\/p>\n<h2 style=\"font-family:&quot;Noto Sans SC&quot;;font-size:14px;letter-spacing:normal;text-align:start;white-space:normal;color:rgb(0, 0, 0);margin:10px 0px;margin-bottom:10px;margin-top:10px;margin-left:0px;margin-right:0px;padding:0px;padding-bottom:0px;padding-top:0px;padding-left:0px;padding-right:0px\" align=\"start\">Sp\u00e9cification<\/h2>\n<p><\/p>\n<table style=\"border-collapse:collapse;font-family:&quot;Noto Sans SC&quot;\" border=\"1\" cellpadding=\"8\">\n<tbody>\n<tr>\n<td style=\"width:98px\" width=\"98\">\n<p>G\u00e9n\u00e9ral<\/p>\n<\/td>\n<td style=\"width:458px\" width=\"458\">\n<p>Marque : Touroll<br \/>Nom : Snodal<br \/>Mod\u00e8le : S1<br \/>Couleur : Noir<\/p>\n<\/td>\n<\/tr>\n<tr>\n<td style=\"width:98px\" width=\"98\">\n<p>Sp\u00e9cifications de base<\/p>\n<\/td>\n<td style=\"width:458px\" width=\"458\">\n<p>Poids net : 30 kg<br \/>Dimensions d\u00e9pli\u00e9 : 1700x600x1320mm<br \/>Taille pli\u00e9e : 1000x740x475mm<br \/>Taille du cadre : 20&quot;x17&quot;<br \/>Longueur du guidon : 600 mm (23,6&quot;)<br \/>Hauteur de la selle (\u00e0 partir du sol) : 32,5&quot;-41,7&quot;<br \/>Taille recommand\u00e9e du cavalier : 160-200 cm (environ 5&#039; 3&quot;-6&#039; 7&quot;)<br \/>Charge maximale du v\u00e9lo\u00a0: 120\u00a0kg<br \/>Vitesse limite : 25 km\/h<br \/>Port\u00e9e maximale\u00a0: 100\u00a0km (mode d&#039;assistance)<br \/>Niveaux d&#039;assistance au p\u00e9dalage\u00a0: 12\/15\/18\/21\/25 km\/h<br \/>Mode marche : 6 km\/h<br \/>Niveau d&#039;\u00e9tanch\u00e9it\u00e9 : IPX4<br \/>Mat\u00e9riau du cadre : alliage d&#039;aluminium (AL6061)<br \/>Syst\u00e8me de freinage : freins \u00e0 disque et frein \u00e9lectrique<br \/>Suspension : Amortisseur m\u00e9canique avec blocage<br \/>D\u00e9battement de suspension : 50 mm<\/p>\n<\/td>\n<\/tr>\n<tr>\n<td style=\"width:98px\" width=\"98\">\n<p>Moteur<\/p>\n<\/td>\n<td style=\"width:458px\" width=\"458\">\n<p>Type : Moteur de moyeu<br \/>Tension nominale : 48 V<br \/>Couple de sortie maximal\u00a0: 60\u00a0N.M<\/p>\n<\/td>\n<\/tr>\n<tr>\n<td style=\"width:98px\" width=\"98\">\n<p>D\u00e9railleur<\/p>\n<\/td>\n<td style=\"width:458px\" width=\"458\">\n<p>Marque : Shimano<br \/>Nombre de vitesses : 7 (arri\u00e8re)<\/p>\n<\/td>\n<\/tr>\n<tr>\n<td style=\"width:98px\" width=\"98\">\n<p>Batterie<\/p>\n<\/td>\n<td style=\"width:458px\" width=\"458\">\n<p>Capacit\u00e9 : 15,6 Ah<br \/>Tension : 48 V<br \/>Temps de charge : 6-8h<br \/>Capacit\u00e9 \u00e9lectrique : 748,8 Wh<br \/>Syst\u00e8me de protection : Oui<\/p>\n<\/td>\n<\/tr>\n<tr>\n<td style=\"width:98px\" width=\"98\">\n<p>Chargeur<\/p>\n<\/td>\n<td style=\"width:458px\" width=\"458\">\n<p>Entr\u00e9e : 100-240 V, 2,0 A<br \/>Sortie : 54,6 V, 2,0 A<\/p>\n<\/td>\n<\/tr>\n<tr>\n<td style=\"width:98px\" width=\"98\">\n<p>Pneus<\/p>\n<\/td>\n<td style=\"width:458px\" width=\"458\">\n<p>Taille : 20\u00d74&quot;<br \/>Type : Pneus en caoutchouc pneumatiques<br \/>Pression des pneus : 5 \u00e0 30 psi\u00a0<br \/>Pression de pneu optimale\u00a0: 15 \u00e0 17,5\u00a0psi<\/p>\n<\/td>\n<\/tr>\n<tr>\n<td style=\"width:98px\" width=\"98\">\n<p>Afficher<\/p>\n<\/td>\n<td style=\"width:458px\" width=\"458\">\n<p>Type : LCD<br \/>Informations : Vitesse en temps r\u00e9el, Niveau d&#039;assistance, Niveau de batterie<br \/>Fonctions : marche\/arr\u00eat, allumage\/extinction de la lumi\u00e8re, niveaux d&#039;assistance au changement de vitesse, activation du mode marche, etc.<\/p>\n<\/td>\n<\/tr>\n<tr>\n<td style=\"width:98px\" width=\"98\">\n<p>Emballer<\/p>\n<\/td>\n<td style=\"width:458px\" width=\"458\">\n<p>Taille : 1400x290x745mm<br \/>Poids brut : 38 kg<\/p>\n<\/td>\n<\/tr>\n<tr>\n<td style=\"width:98px\" width=\"98\">\n<p>Liste des packages<\/p>\n<\/td>\n<td style=\"width:458px\" width=\"458\">\n<p>1 x v\u00e9lo \u00e9lectrique 1 x manuel d&#039;utilisation<br \/>1 x Chargeur 2 x P\u00e9dale (gauche et droite)<br \/>1 x phare 2 x r\u00e9flecteurs de rayons<br \/>1 x selle 1 x r\u00e9flecteur arri\u00e8re<br \/>1 x \u00e9cran 1 x porte-bagages arri\u00e8re avec feu arri\u00e8re<br \/>2 x Cl\u00e9 2 x Garde-boue (avant et arri\u00e8re)<br \/>1 x trousse \u00e0 outils\u00a0\u00a0\u00a0\u00a0\u00a0\u00a0\u00a0\u00a0\u00a0\u00a0<\/p>\n<\/td>\n<\/tr>\n<tr>\n<td style=\"width:556px\" width=\"556\" colspan=\"2\">\n<p>Remarque : l&#039;autonomie maximale est atteinte dans les conditions suivantes : charge de 75 kg, temp\u00e9rature de 26 \u00b0C, vitesse constante de 15 km\/h, sur des routes plates sans vent fort.<\/p>\n<\/td>\n<\/tr>\n<\/tbody>\n<\/table>\n<p><img decoding=\"async\" src=\"https:\/\/ae01.alicdn.com\/kf\/Sa9b7f74d147244d080dec043041031a8K.jpeg\" slate-data-type=\"image\"\/><img decoding=\"async\" src=\"https:\/\/ae01.alicdn.com\/kf\/S126c06209c814432bdb5a40a12663539e.jpeg\" slate-data-type=\"image\"\/><img decoding=\"async\" src=\"https:\/\/ae01.alicdn.com\/kf\/S6acfd2dd40274063aebeac7817aabd1b0.jpeg\" slate-data-type=\"image\"\/><img decoding=\"async\" src=\"https:\/\/ae01.alicdn.com\/kf\/S7c310d2659444ca9b8d19e696b9ea36eZ.jpeg\" slate-data-type=\"image\"\/><img decoding=\"async\" src=\"https:\/\/ae01.alicdn.com\/kf\/S33c43cfb399d48b5b586d02d697addbaU.jpeg\" slate-data-type=\"image\"\/><img decoding=\"async\" src=\"https:\/\/ae01.alicdn.com\/kf\/Sae0d1025c0c94b54aff86305df224c8dO.jpeg\" slate-data-type=\"image\"\/><img decoding=\"async\" src=\"https:\/\/ae01.alicdn.com\/kf\/S5a6ce1d6e7144230a5f82d05005fe2c2J.jpeg\" slate-data-type=\"image\"\/><img decoding=\"async\" src=\"https:\/\/ae01.alicdn.com\/kf\/S3c41e0809fe44230af0c9960e768b69dQ.jpeg\" slate-data-type=\"image\"\/><img decoding=\"async\" src=\"https:\/\/ae01.alicdn.com\/kf\/S13ce4a7b8a9146049d88cffc639a8985T.jpeg\" slate-data-type=\"image\"\/><img decoding=\"async\" src=\"https:\/\/ae01.alicdn.com\/kf\/Sd6290a361aa9429fbeb62f4586b4df9fc.jpeg\" slate-data-type=\"image\"\/><img decoding=\"async\" src=\"https:\/\/ae01.alicdn.com\/kf\/S4f4e14cb579543099ef7c0e5889cb1d32.jpeg\" slate-data-type=\"image\"\/><img decoding=\"async\" src=\"https:\/\/ae01.alicdn.com\/kf\/Sed0ca1ac0b1148fe90975516f234d6138.jpeg\" slate-data-type=\"image\"\/><\/p>","protected":false},"excerpt":{"rendered":"<p>Brand:&nbsp;Touroll Name:&nbsp;Snodal Model:&nbsp;S1 Power Capacity:&nbsp;748.8Wh Size of Frame:&nbsp;20&quot;x17&quot; Max Load of Bike:&nbsp;120kg Cut-off Speed:&nbsp;25km\/h Max Range::&nbsp;100km (Assist Mode) Features 01:&nbsp;Electric Bicycle Features 02:&nbsp;Electric Bikes Features 03:&nbsp;Electric Bike Offer Features 04:&nbsp;Electric<\/p>","protected":false},"featured_media":21548,"comment_status":"open","ping_status":"closed","template":"","meta":{"_acf_changed":false},"product_brand":[],"product_cat":[230],"product_tag":[],"class_list":{"0":"post-21547","1":"product","2":"type-product","3":"status-publish","4":"has-post-thumbnail","6":"product_cat-bikes","8":"first","9":"instock","10":"shipping-taxable","11":"purchasable","12":"product-type-simple"},"acf":[],"_links":{"self":[{"href":"https:\/\/www.electricstore.eu\/fr\/wp-json\/wp\/v2\/product\/21547","targetHints":{"allow":["GET"]}}],"collection":[{"href":"https:\/\/www.electricstore.eu\/fr\/wp-json\/wp\/v2\/product"}],"about":[{"href":"https:\/\/www.electricstore.eu\/fr\/wp-json\/wp\/v2\/types\/product"}],"replies":[{"embeddable":true,"href":"https:\/\/www.electricstore.eu\/fr\/wp-json\/wp\/v2\/comments?post=21547"}],"wp:featuredmedia":[{"embeddable":true,"href":"https:\/\/www.electricstore.eu\/fr\/wp-json\/wp\/v2\/media\/21548"}],"wp:attachment":[{"href":"https:\/\/www.electricstore.eu\/fr\/wp-json\/wp\/v2\/media?parent=21547"}],"wp:term":[{"taxonomy":"product_brand","embeddable":true,"href":"https:\/\/www.electricstore.eu\/fr\/wp-json\/wp\/v2\/product_brand?post=21547"},{"taxonomy":"product_cat","embeddable":true,"href":"https:\/\/www.electricstore.eu\/fr\/wp-json\/wp\/v2\/product_cat?post=21547"},{"taxonomy":"product_tag","embeddable":true,"href":"https:\/\/www.electricstore.eu\/fr\/wp-json\/wp\/v2\/product_tag?post=21547"}],"curies":[{"name":"wp","href":"https:\/\/api.w.org\/{rel}","templated":true}]}}