{"id":2844,"date":"2016-03-24T12:57:35","date_gmt":"2016-03-24T12:57:35","guid":{"rendered":"https:\/\/electro.madrasthemes.com\/?page_id=2844"},"modified":"2016-03-24T12:57:35","modified_gmt":"2016-03-24T12:57:35","slug":"store-directory","status":"publish","type":"page","link":"https:\/\/www.electricstore.eu\/fr\/store-directory\/","title":{"rendered":"Store Directory"},"content":{"rendered":"<div class=\"electro-store-directory clearfix\">\n\t\t\t<hr class=\"no-margin\">\n\t\t\t<div class=\"widget woocommerce widget_product_categories\"><h2 class=\"widgettitle\">Cat\u00e9gories de produits<\/h2><ul class=\"product-categories\"><li class=\"cat-item cat-item-525 cat-parent\"><a href=\"https:\/\/www.electricstore.eu\/fr\/c\/a\/\">Accessoires<\/a><ul class='children'>\n<li class=\"cat-item cat-item-526\"><a href=\"https:\/\/www.electricstore.eu\/fr\/c\/a\/helmets\/\">Casques<\/a><\/li>\n<\/ul>\n<\/li>\n<li class=\"cat-item cat-item-233 cat-parent\"><a href=\"https:\/\/www.electricstore.eu\/fr\/c\/batteries\/\">Batteries et charge<\/a><ul class='children'>\n<li class=\"cat-item cat-item-514\"><a href=\"https:\/\/www.electricstore.eu\/fr\/c\/batteries\/battery-cells\/\">Battery Cells<\/a><\/li>\n<li class=\"cat-item cat-item-516\"><a href=\"https:\/\/www.electricstore.eu\/fr\/c\/batteries\/battery-chargers\/\">Battery Chargers<\/a><\/li>\n<li class=\"cat-item cat-item-531\"><a href=\"https:\/\/www.electricstore.eu\/fr\/c\/batteries\/foldable-solar-panels\/\">Panneaux solaires pliables<\/a><\/li>\n<li class=\"cat-item cat-item-527\"><a href=\"https:\/\/www.electricstore.eu\/fr\/c\/batteries\/jump-starter-compressor-power-banks\/\">Batteries externes de d\u00e9marrage\/compresseur<\/a><\/li>\n<li class=\"cat-item cat-item-234 cat-parent\"><a href=\"https:\/\/www.electricstore.eu\/fr\/c\/batteries\/lifepo4-batteries\/\">Batteries LiFePO4<\/a>\t<ul class='children'>\n<li class=\"cat-item cat-item-236\"><a href=\"https:\/\/www.electricstore.eu\/fr\/c\/batteries\/lifepo4-batteries\/100ah\/\">-Batteries LiFePO4 100Ah<\/a><\/li>\n<li class=\"cat-item cat-item-237\"><a href=\"https:\/\/www.electricstore.eu\/fr\/c\/batteries\/lifepo4-batteries\/100-200ah-lifepo4-batteries\/\">Batteries LiFePO4 100-200Ah<\/a><\/li>\n<li class=\"cat-item cat-item-238\"><a href=\"https:\/\/www.electricstore.eu\/fr\/c\/batteries\/lifepo4-batteries\/200ah-lifepo4-batteries\/\">Batteries LiFePO4 200+Ah<\/a><\/li>\n<li class=\"cat-item cat-item-235\"><a href=\"https:\/\/www.electricstore.eu\/fr\/c\/batteries\/lifepo4-batteries\/lifepo4-battery-cells\/\">cellules de batterie LiFePO4<\/a><\/li>\n\t<\/ul>\n<\/li>\n<li class=\"cat-item cat-item-515\"><a href=\"https:\/\/www.electricstore.eu\/fr\/c\/batteries\/portable-power-stations\/\">Centrales \u00e9lectriques portables<\/a><\/li>\n<\/ul>\n<\/li>\n<li class=\"cat-item cat-item-230 cat-parent\"><a href=\"https:\/\/www.electricstore.eu\/fr\/c\/bikes\/\">V\u00e9los \u00e9lectriques<\/a><ul class='children'>\n<li class=\"cat-item cat-item-312\"><a href=\"https:\/\/www.electricstore.eu\/fr\/c\/bikes\/electric-children-bikes\/\">V\u00e9los \u00e9lectriques pour enfants<\/a><\/li>\n<li class=\"cat-item cat-item-298\"><a href=\"https:\/\/www.electricstore.eu\/fr\/c\/bikes\/electric-city-bikes\/\">V\u00e9los de ville \u00e9lectriques<\/a><\/li>\n<li class=\"cat-item cat-item-300\"><a href=\"https:\/\/www.electricstore.eu\/fr\/c\/bikes\/electric-fat-bikes\/\">\u00c9lectrique fat bikes<\/a><\/li>\n<li class=\"cat-item cat-item-296\"><a href=\"https:\/\/www.electricstore.eu\/fr\/c\/bikes\/folding-bikes\/\">V\u00e9los pliants \u00e9lectriques<\/a><\/li>\n<li class=\"cat-item cat-item-299\"><a href=\"https:\/\/www.electricstore.eu\/fr\/c\/bikes\/electric-mountain-bikes\/\">VTT \u00e9lectriques<\/a><\/li>\n<li class=\"cat-item cat-item-470\"><a href=\"https:\/\/www.electricstore.eu\/fr\/c\/bikes\/electric-pedal-motorcycle\/\">Moto \u00e0 p\u00e9dales \u00e9lectrique<\/a><\/li>\n<\/ul>\n<\/li>\n<li class=\"cat-item cat-item-301\"><a href=\"https:\/\/www.electricstore.eu\/fr\/c\/electric-mobility-scooters\/\">Scooters de mobilit\u00e9 \u00e9lectrique<\/a><\/li>\n<li class=\"cat-item cat-item-232 cat-parent\"><a href=\"https:\/\/www.electricstore.eu\/fr\/c\/motorbikes\/\">Motos \u00e9lectriques<\/a><ul class='children'>\n<li class=\"cat-item cat-item-313\"><a href=\"https:\/\/www.electricstore.eu\/fr\/c\/motorbikes\/electric-children-motorbikes\/\">Motos \u00e9lectriques pour enfants<\/a><\/li>\n<li class=\"cat-item cat-item-231\"><a href=\"https:\/\/www.electricstore.eu\/fr\/c\/motorbikes\/electric-dirt-bikes\/\">Motos tout-terrain \u00e9lectriques<\/a><\/li>\n<li class=\"cat-item cat-item-311\"><a href=\"https:\/\/www.electricstore.eu\/fr\/c\/motorbikes\/electric-minibikes\/\">Mini-v\u00e9los \u00e9lectriques<\/a><\/li>\n<\/ul>\n<\/li>\n<li class=\"cat-item cat-item-239 cat-parent\"><a href=\"https:\/\/www.electricstore.eu\/fr\/c\/p\/\">Pi\u00e8ces \u00e9lectriques<\/a><ul class='children'>\n<li class=\"cat-item cat-item-532\"><a href=\"https:\/\/www.electricstore.eu\/fr\/c\/p\/displays\/\">E-bike Screens and Displays<\/a><\/li>\n<li class=\"cat-item cat-item-529 cat-parent\"><a href=\"https:\/\/www.electricstore.eu\/fr\/c\/p\/ebike-batteries\/\">Batteries de v\u00e9lo \u00e9lectrique<\/a>\t<ul class='children'>\n<li class=\"cat-item cat-item-533\"><a href=\"https:\/\/www.electricstore.eu\/fr\/c\/p\/ebike-batteries\/downtube-e-bike-batteries\/\">Batteries de v\u00e9lo \u00e9lectrique pour tube diagonal<\/a><\/li>\n<li class=\"cat-item cat-item-534\"><a href=\"https:\/\/www.electricstore.eu\/fr\/c\/p\/ebike-batteries\/rear-rack-e-bike-batteries\/\">Batteries pour porte-bagages arri\u00e8re de v\u00e9lo \u00e9lectrique<\/a><\/li>\n\t<\/ul>\n<\/li>\n<li class=\"cat-item cat-item-242 cat-parent\"><a href=\"https:\/\/www.electricstore.eu\/fr\/c\/p\/kits\/\">Kits de conversion \u00e9lectrique<\/a>\t<ul class='children'>\n<li class=\"cat-item cat-item-539\"><a href=\"https:\/\/www.electricstore.eu\/fr\/c\/p\/kits\/1000w-electric-bike-conversion-kit\/\">1000W Electric Bike Conversion Kit<\/a><\/li>\n<li class=\"cat-item cat-item-535\"><a href=\"https:\/\/www.electricstore.eu\/fr\/c\/p\/kits\/250w-electric-bike-conversion-kit\/\">250W Electric Bike Conversion Kit<\/a><\/li>\n<li class=\"cat-item cat-item-536\"><a href=\"https:\/\/www.electricstore.eu\/fr\/c\/p\/kits\/350w-electric-bike-conversion-kit\/\">350W Electric Bike Conversion Kit<\/a><\/li>\n<li class=\"cat-item cat-item-537\"><a href=\"https:\/\/www.electricstore.eu\/fr\/c\/p\/kits\/500w-electric-bike-conversion-kit\/\">500W Electric Bike Conversion Kit<\/a><\/li>\n<li class=\"cat-item cat-item-538\"><a href=\"https:\/\/www.electricstore.eu\/fr\/c\/p\/kits\/750w-electric-bike-conversion-kit\/\">750W Electric Bike Conversion Kit<\/a><\/li>\n<li class=\"cat-item cat-item-528\"><a href=\"https:\/\/www.electricstore.eu\/fr\/c\/p\/kits\/electric-hub-motor-kits\/\">Kits de moteurs de moyeu \u00e9lectriques<\/a><\/li>\n<li class=\"cat-item cat-item-530\"><a href=\"https:\/\/www.electricstore.eu\/fr\/c\/p\/kits\/electric-mid-drive-motor-kits\/\">Kits de moteurs \u00e9lectriques \u00e0 entra\u00eenement interm\u00e9diaire<\/a><\/li>\n\t<\/ul>\n<\/li>\n<li class=\"cat-item cat-item-241\"><a href=\"https:\/\/www.electricstore.eu\/fr\/c\/p\/motors\/\">moteurs \u00e9lectriques<\/a><\/li>\n<li class=\"cat-item cat-item-524\"><a href=\"https:\/\/www.electricstore.eu\/fr\/c\/p\/wheels\/\">Roues<\/a><\/li>\n<\/ul>\n<\/li>\n<li class=\"cat-item cat-item-518 cat-parent\"><a href=\"https:\/\/www.electricstore.eu\/fr\/c\/rc\/\">Jouets \u00e9lectriques t\u00e9l\u00e9command\u00e9s<\/a><ul class='children'>\n<li class=\"cat-item cat-item-520\"><a href=\"https:\/\/www.electricstore.eu\/fr\/c\/rc\/rc-boats\/\">RC Boats<\/a><\/li>\n<li class=\"cat-item cat-item-519\"><a href=\"https:\/\/www.electricstore.eu\/fr\/c\/rc\/rc-cars\/\">Voitures RC<\/a><\/li>\n<li class=\"cat-item cat-item-521\"><a href=\"https:\/\/www.electricstore.eu\/fr\/c\/rc\/rc-flying\/\">RC Flying<\/a><\/li>\n<\/ul>\n<\/li>\n<li class=\"cat-item cat-item-297 cat-parent\"><a href=\"https:\/\/www.electricstore.eu\/fr\/c\/scooters\/\">Scooters \u00e9lectriques<\/a><ul class='children'>\n<li class=\"cat-item cat-item-302\"><a href=\"https:\/\/www.electricstore.eu\/fr\/c\/scooters\/electric-children-scooters\/\">Trottinettes \u00e9lectriques pour enfants<\/a><\/li>\n<li class=\"cat-item cat-item-469\"><a href=\"https:\/\/www.electricstore.eu\/fr\/c\/scooters\/electric-city-scooters\/\">Scooters \u00e9lectriques urbains<\/a><\/li>\n<li class=\"cat-item cat-item-468\"><a href=\"https:\/\/www.electricstore.eu\/fr\/c\/scooters\/electric-off-road-scooter\/\">Scooter \u00e9lectrique tout-terrain<\/a><\/li>\n<li class=\"cat-item cat-item-471\"><a href=\"https:\/\/www.electricstore.eu\/fr\/c\/scooters\/electric-scooters-with-seat\/\">Trottinettes \u00e9lectriques avec si\u00e8ge<\/a><\/li>\n<\/ul>\n<\/li>\n<li class=\"cat-item cat-item-15 cat-parent\"><a href=\"https:\/\/www.electricstore.eu\/fr\/c\/o\/\">Autres produits<\/a><ul class='children'>\n<li class=\"cat-item cat-item-523\"><a href=\"https:\/\/www.electricstore.eu\/fr\/c\/o\/bike-trailers-and-wagons\/\">Remorques et wagons \u00e0 v\u00e9lo<\/a><\/li>\n<li class=\"cat-item cat-item-517\"><a href=\"https:\/\/www.electricstore.eu\/fr\/c\/o\/electric-lifting-hoists\/\">Palans \u00e9lectriques<\/a><\/li>\n<li class=\"cat-item cat-item-522\"><a href=\"https:\/\/www.electricstore.eu\/fr\/c\/o\/electric-winches\/\">treuils \u00e9lectriques<\/a><\/li>\n<\/ul>\n<\/li>\n<\/ul><\/div>\t\t<\/div>","protected":false},"excerpt":{"rendered":"Cat\u00e9gories de produitsAccessories Helmets Batteries &amp; Charging Battery Cells Battery Chargers Foldable Solar Panels Jump Starter\/Compressor Power Banks LiFePO4 Batteries -100Ah LiFePO4 batteries 100-200Ah LiFePO4 batteries 200+Ah LiFePO4 batteries LiFePO4","protected":false},"author":1,"featured_media":0,"parent":0,"menu_order":0,"comment_status":"closed","ping_status":"closed","template":"","meta":{"_acf_changed":false,"footnotes":""},"class_list":["post-2844","page","type-page","status-publish","hentry"],"acf":[],"_links":{"self":[{"href":"https:\/\/www.electricstore.eu\/fr\/wp-json\/wp\/v2\/pages\/2844","targetHints":{"allow":["GET"]}}],"collection":[{"href":"https:\/\/www.electricstore.eu\/fr\/wp-json\/wp\/v2\/pages"}],"about":[{"href":"https:\/\/www.electricstore.eu\/fr\/wp-json\/wp\/v2\/types\/page"}],"author":[{"embeddable":true,"href":"https:\/\/www.electricstore.eu\/fr\/wp-json\/wp\/v2\/users\/1"}],"replies":[{"embeddable":true,"href":"https:\/\/www.electricstore.eu\/fr\/wp-json\/wp\/v2\/comments?post=2844"}],"version-history":[{"count":0,"href":"https:\/\/www.electricstore.eu\/fr\/wp-json\/wp\/v2\/pages\/2844\/revisions"}],"wp:attachment":[{"href":"https:\/\/www.electricstore.eu\/fr\/wp-json\/wp\/v2\/media?parent=2844"}],"curies":[{"name":"wp","href":"https:\/\/api.w.org\/{rel}","templated":true}]}}