{"id":2183,"date":"2016-02-28T08:28:22","date_gmt":"2016-02-28T08:28:22","guid":{"rendered":"https:\/\/electro.madrasthemes.com\/?page_id=2183"},"modified":"2016-02-28T08:28:22","modified_gmt":"2016-02-28T08:28:22","slug":"terms-and-conditions","status":"publish","type":"page","link":"https:\/\/www.electricstore.eu\/fr\/terms-and-conditions\/","title":{"rendered":"Terms and Conditions"},"content":{"rendered":"<section class=\"section inner-bottom-xs\">\n<h2>Propri\u00e9t\u00e9 intellectuelle<\/h2>\n<ol>\n<li>Lorem ipsum dolor sit amet, consectetur adipiscing elit. Etiam quis diam erat. Duis velit lectus, posuere a blandit sit amet, tempor at lorem. Donec ultricies, lorem sed ultrices interdum.<\/li>\n<li>Lion metus luctus sem, vel vulputate diam ipsum sed lorem. Donec tempor arcu nisl, et molestie massa scelerisque ut. Nunc au rutrum Leo. Mauris metus mauris, tristique quis sapien eu, rutrum vulputate enim.<\/li>\n<li>Mauris tempus erat laoreet turpis lobortis, eu tincidunt erat fermentum.<\/li>\n<li>Aliquam non tincidunt urna. Entier tincidunt nec nisl vitae ullamcorper. Proin sed ultrices erat. Praesent divers ultrices massa au faucibus.<\/li>\n<li>Dignissim \u00e9n\u00e9en, orci sed faucibus pharetra, dui mi dignissim tortor, sit amet condimentum mi ligula sit amet augue.<\/li>\n<li>Pellentesque vitae eros eget enim mollis placerat.<\/li>\n<\/ol>\n<\/section>\n<section class=\"section inner-bottom-xs\">\n<h2>Terminaison<\/h2>\n<ol>\n<li>Lorem ipsum dolor sit amet, consectetur adipiscing elit. Etiam quis diam erat. Duis velit lectus, posuere a blandit sit amet, tempor at lorem. Donec ultricies, lorem sed ultrices interdum.<\/li>\n<li>Lion metus luctus sem, vel vulputate diam ipsum sed lorem. Donec tempor arcu nisl, et molestie massa scelerisque ut. Nunc au rutrum Leo. Mauris metus mauris, tristique quis sapien eu, rutrum vulputate enim.<\/li>\n<li>Mauris tempus erat laoreet turpis lobortis, eu tincidunt erat fermentum.<\/li>\n<li>Aliquam non tincidunt urna. Entier tincidunt nec nisl vitae ullamcorper. Proin sed ultrices erat. Praesent divers ultrices massa au faucibus.<\/li>\n<li>Dignissim \u00e9n\u00e9en, orci sed faucibus pharetra, dui mi dignissim tortor, sit amet condimentum mi ligula sit amet augue.<\/li>\n<li>Pellentesque vitae eros eget enim mollis placerat.<\/li>\n<\/ol>\n<\/section>\n<section class=\"section inner-bottom-xs\">\n<h2>Modifications apport\u00e9es au pr\u00e9sent accord<\/h2>\n<p>Nous nous r\u00e9servons le droit, \u00e0 notre enti\u00e8re discr\u00e9tion, de modifier ou de remplacer les pr\u00e9sentes Conditions g\u00e9n\u00e9rales en publiant les conditions mises \u00e0 jour sur le Site. Votre utilisation continue du Site apr\u00e8s toute modification vaut acceptation des nouvelles Conditions g\u00e9n\u00e9rales.<\/p>\n<\/section>\n<section class=\"section intellectual-property\">\n<h2>Contactez-nous<\/h2>\n<p>Si vous avez des questions concernant cet accord, veuillez nous contacter en remplissant ce formulaire. <a href=\"#\"><strong>formulaire de contact<\/strong><\/a><\/p>\n<\/section>","protected":false},"excerpt":{"rendered":"<p>Intellectual Propertly Lorem ipsum dolor sit amet, consectetur adipiscing elit. Etiam quis diam erat. Duis velit lectus, posuere a blandit sit amet, tempor at lorem. Donec ultricies, lorem sed ultrices<\/p>","protected":false},"author":1,"featured_media":0,"parent":0,"menu_order":0,"comment_status":"closed","ping_status":"closed","template":"","meta":{"_acf_changed":false,"footnotes":""},"class_list":["post-2183","page","type-page","status-publish","hentry"],"acf":[],"_links":{"self":[{"href":"https:\/\/www.electricstore.eu\/fr\/wp-json\/wp\/v2\/pages\/2183","targetHints":{"allow":["GET"]}}],"collection":[{"href":"https:\/\/www.electricstore.eu\/fr\/wp-json\/wp\/v2\/pages"}],"about":[{"href":"https:\/\/www.electricstore.eu\/fr\/wp-json\/wp\/v2\/types\/page"}],"author":[{"embeddable":true,"href":"https:\/\/www.electricstore.eu\/fr\/wp-json\/wp\/v2\/users\/1"}],"replies":[{"embeddable":true,"href":"https:\/\/www.electricstore.eu\/fr\/wp-json\/wp\/v2\/comments?post=2183"}],"version-history":[{"count":0,"href":"https:\/\/www.electricstore.eu\/fr\/wp-json\/wp\/v2\/pages\/2183\/revisions"}],"wp:attachment":[{"href":"https:\/\/www.electricstore.eu\/fr\/wp-json\/wp\/v2\/media?parent=2183"}],"curies":[{"name":"wp","href":"https:\/\/api.w.org\/{rel}","templated":true}]}}