{"id":9155,"date":"2025-05-20T17:45:24","date_gmt":"2025-05-20T17:45:24","guid":{"rendered":"https:\/\/electricstore.eu\/p\/uncategorized\/fossibot-f2400-2400w-portable-power-station-2048wh-640000mah-lifepo4-solar-generator-for-home-outdoor-camping-emergency-backup\/"},"modified":"2025-05-20T17:45:59","modified_gmt":"2025-05-20T17:45:59","slug":"fossibot-f2400-2400w-portable-power-station-2048wh-640000mah-lifepo4-solar-generator-for-home-outdoor-camping-emergency-backup","status":"publish","type":"product","link":"https:\/\/www.electricstore.eu\/fi\/p\/batteries\/portable-power-stations\/fossibot-f2400-2400w-portable-power-station-2048wh-640000mah-lifepo4-solar-generator-for-home-outdoor-camping-emergency-backup\/","title":{"rendered":"Fossibot F2400 2400W kannettava voimalaitos 2048Wh 640000mAh LiFePO4 aurinkogeneraattori kotiin, ulkoiluun, leirint\u00e4alueille, h\u00e4t\u00e4varmuuskopiointi"},"content":{"rendered":"<div class=\"product-specs-list-container\">\n<ul class=\"product-specs-list util-clearfix\">\n<li class=\"product-prop line-limit-length\"><span\n                                        class=\"property-title\">N\u00e4ytt\u00f6:&nbsp;<\/span><span\n                                        class=\"property-desc line-limit-length\">Kyll\u00e4<\/span>\n                            <\/li>\n<li class=\"product-prop line-limit-length\"><span\n                                        class=\"property-title\">Nimelliskapasiteetti:&nbsp;<\/span><span\n                                        class=\"property-desc line-limit-length\">&gt;3500 mAh<\/span>\n                            <\/li>\n<li class=\"product-prop line-limit-length\"><span\n                                        class=\"property-title\">Mallinumero:&nbsp;<\/span><span\n                                        class=\"property-desc line-limit-length\">F2400<\/span>\n                            <\/li>\n<li class=\"product-prop line-limit-length\"><span\n                                        class=\"property-title\">Tyyppi:&nbsp;<\/span><span\n                                        class=\"property-desc line-limit-length\">LiFePO4<\/span>\n                            <\/li>\n<li class=\"product-prop line-limit-length\"><span\n                                        class=\"property-title\">Setin tyyppi:&nbsp;<\/span><span\n                                        class=\"property-desc line-limit-length\">Laturisarjat<\/span>\n                            <\/li>\n<li class=\"product-prop line-limit-length\"><span\n                                        class=\"property-title\">Akun tyyppi:&nbsp;<\/span><span\n                                        class=\"property-desc line-limit-length\">LiFePO4-akku<\/span>\n                            <\/li>\n<li class=\"product-prop line-limit-length\"><span\n                                        class=\"property-title\">Kapasiteetti:&nbsp;<\/span><span\n                                        class=\"property-desc line-limit-length\">2048 Wh \/ 640 000 mA<\/span>\n                            <\/li>\n<\/ul><\/div>\n<div class=\"detailmodule_dynamic\"><kse:widget data-widget-type=\"customText\" id=\"1005000009406803\" type=\"relation\"><\/kse:widget><\/div>\n<div class=\"detailmodule_html\">\n<div class=\"detail-desc-decorate-richtext\">\n<p><\/p>\n<div style=\"background-color:rgb(240, 234, 255);margin:20px 0px 10px;margin-bottom:10px;margin-top:20px;margin-left:0px;margin-right:0px;width:100%;height:34px\"><span style=\"background-color:rgb(55, 139, 238);color:rgb(255, 255, 255);font-size:24px;font-family:Verdana, Arial\">Kohokohdat<\/span><\/div>\n<div class=\"detailmodule_text\">\n<div><\/div>\n<div class=\"detailmodule_html\">\n<div class=\"detail-desc-decorate-richtext\">\n<div class=\"detailmodule_text-image\">\n<div class=\"detailmodule_text-image\">\n<div class=\"detailmodule_text-image\">\n<div class=\"detailmodule_text-image\">\n<p style=\"font-family:OpenSans;font-size:14px;font-weight:300;line-height:20px;white-space:pre-wrap;color:rgb(0, 0, 0);margin-bottom:12px\" class=\"detail-desc-decorate-content\"><span style=\"font-size:16px;font-family:arial, helvetica, sans-serif\">1. 2400 W:n teho, 2048 Wh:n LiFePO4-akku;<br \/>2. Kaksisuuntainen invertteritekniikka;<br \/>3. \u00c4lyk\u00e4s tulotehon s\u00e4\u00e4t\u00f6nuppi;<br \/>4. UPS-keskeytym\u00e4t\u00f6n virtal\u00e4hde;<br \/>5. 3 Latausmenetelm\u00e4t.<\/span><\/p>\n<p style=\"font-family:OpenSans;font-size:14px;font-weight:300;line-height:20px;white-space:pre-wrap;color:rgb(0, 0, 0);margin-bottom:12px\" class=\"detail-desc-decorate-content\"><img decoding=\"async\" src=\"https:\/\/ae01.alicdn.com\/kf\/Sa7bc645450ec447cbd4c3d093e52cd77F.jpg\" slate-data-type=\"image\"\/><\/p>\n<\/div>\n<\/div>\n<\/div>\n<\/div>\n<\/div>\n<\/div>\n<\/div>\n<div style=\"background-color:rgb(240, 234, 255);margin:20px 0px 10px;margin-bottom:10px;margin-top:20px;margin-left:0px;margin-right:0px;width:100%;height:34px\"><span style=\"background-color:rgb(55, 139, 238);color:rgb(255, 255, 255);font-size:24px;font-family:Verdana, Arial\">Tuotetiedot<\/span><\/div>\n<p><img decoding=\"async\" src=\"https:\/\/ae01.alicdn.com\/kf\/S49a3d1e78db54e2193103f623325fd7d6.jpg\" slate-data-type=\"image\"\/><img decoding=\"async\" src=\"https:\/\/ae01.alicdn.com\/kf\/S52fc99c574494db8abebecdf291a4c12M.jpg\" slate-data-type=\"image\"\/><img decoding=\"async\" src=\"https:\/\/ae01.alicdn.com\/kf\/Sebd0a52181a14f5eab79fd972b0d7d581.jpg\" slate-data-type=\"image\"\/><img decoding=\"async\" src=\"https:\/\/ae01.alicdn.com\/kf\/S9d2c8c344d864710a69ced662bdbc6c0g.jpg\" slate-data-type=\"image\"\/><img decoding=\"async\" src=\"https:\/\/ae01.alicdn.com\/kf\/S4a1037cc4254497cae0f792a94abad8bU.jpg\" slate-data-type=\"image\"\/><img decoding=\"async\" src=\"https:\/\/ae01.alicdn.com\/kf\/Sea582a1d06904d80800a9d0172bff5deg.jpg\" slate-data-type=\"image\"\/><img decoding=\"async\" src=\"https:\/\/ae01.alicdn.com\/kf\/Saae940f3d50d45579ac3321b6d60e663y.jpg\" slate-data-type=\"image\"\/><img decoding=\"async\" src=\"https:\/\/ae01.alicdn.com\/kf\/S4bf3707ae93e42a19e131107e19ca682V.jpg\" slate-data-type=\"image\"\/><img decoding=\"async\" src=\"https:\/\/ae01.alicdn.com\/kf\/Se57c9c213c334e10929171217dabd9f0V.jpg\" slate-data-type=\"image\"\/><img decoding=\"async\" src=\"https:\/\/ae01.alicdn.com\/kf\/S375a24fd4ff54ba6a86d27471f5e0c3eh.jpg\" slate-data-type=\"image\"\/><img decoding=\"async\" src=\"https:\/\/ae01.alicdn.com\/kf\/Sf2b75eb849f2457399475eaf6c934106w.jpg\" slate-data-type=\"image\"\/><img decoding=\"async\" src=\"https:\/\/ae01.alicdn.com\/kf\/S5a71bb3137c34167b7eee009c7e49decG.jpg\" slate-data-type=\"image\"\/><img decoding=\"async\" src=\"https:\/\/ae01.alicdn.com\/kf\/Sf7846e66a87341568519e5f3100a04901.jpg\" slate-data-type=\"image\"\/><img decoding=\"async\" src=\"https:\/\/ae01.alicdn.com\/kf\/S1073dfbb9e4440aaac8a269f12dc7d9aX.jpg\" slate-data-type=\"image\"\/><img decoding=\"async\" src=\"https:\/\/ae01.alicdn.com\/kf\/S3e34869da3cd4f3b8008562ef3de522du.jpg\" slate-data-type=\"image\"\/><img decoding=\"async\" src=\"https:\/\/ae01.alicdn.com\/kf\/S74499d3c4ecc4877a82bfc28b878e3ccm.jpg\" slate-data-type=\"image\"\/><img decoding=\"async\" src=\"https:\/\/ae01.alicdn.com\/kf\/Sc297ff0cb1bb4525af24f9bfb04e70e1A.jpg\" slate-data-type=\"image\"\/><img decoding=\"async\" src=\"https:\/\/ae01.alicdn.com\/kf\/S9c98d13e52d1484db865e0931630bc9cR.jpg\" slate-data-type=\"image\"\/><img decoding=\"async\" src=\"https:\/\/ae01.alicdn.com\/kf\/Sd561f130ff0c4754b69f6118809a25e5G.jpg\" slate-data-type=\"image\"\/><img decoding=\"async\" src=\"https:\/\/ae01.alicdn.com\/kf\/S2fff044925264934a1a320958ff497fcH.jpg\" slate-data-type=\"image\"\/><img decoding=\"async\" src=\"https:\/\/ae01.alicdn.com\/kf\/Sed98b9c61e7e48ee9abaade695152e13Q.jpg\" slate-data-type=\"image\"\/><img decoding=\"async\" src=\"https:\/\/ae01.alicdn.com\/kf\/S832b70249da44a3cb1eff9a0e73a5b16P.jpg\" slate-data-type=\"image\"\/><img decoding=\"async\" src=\"https:\/\/ae01.alicdn.com\/kf\/S737dfb0efcb942c882e3173b7e8e10de3.jpg\" slate-data-type=\"image\"\/><img decoding=\"async\" src=\"https:\/\/ae01.alicdn.com\/kf\/S6d0c34d5709645bda9c44fa917d1fc84y.jpg\" slate-data-type=\"image\"\/><\/p>\n<div style=\"background-color:rgb(240, 234, 255);margin:20px 0px 10px;margin-bottom:10px;margin-top:20px;margin-left:0px;margin-right:0px;width:100%;height:34px\"><span style=\"background-color:rgb(55, 139, 238);color:rgb(255, 255, 255);font-size:24px;font-family:Verdana, Arial\">Tekniset tiedot <\/span><\/div>\n<div><\/div>\n<table style=\"border-collapse:collapse;font-family:&quot;Microsoft YaHei&quot;;width:651px\" class=\"jbEidtTable\" border=\"1\" cellpadding=\"5\" cellspacing=\"0\">\n<tbody>\n<tr>\n<td style=\"text-align:left;width:219.938px;height:89px\" align=\"left\">\n<p><span style=\"font-size:16px;font-family:arial, helvetica, sans-serif\"><strong>Yleist\u00e4<\/strong><\/span><\/p>\n<\/td>\n<td style=\"text-align:left;width:408.062px;height:89px\" align=\"left\">\n<p><span style=\"font-size:16px;font-family:arial, helvetica, sans-serif\">Merkki: FOSSiBOT<br \/>Tyyppi: Kannettava voimalaitos<br \/>Malli: F2400<br \/>V\u00e4ri: Musta<\/span><\/p>\n<\/td>\n<\/tr>\n<tr>\n<td style=\"text-align:left;width:219.938px;height:649px\" align=\"left\">\n<p><span style=\"font-size:16px;font-family:arial, helvetica, sans-serif\"><strong>Tekniset tiedot<\/strong><\/span><\/p>\n<\/td>\n<td style=\"text-align:left;width:408.062px;height:649px\" align=\"left\">\n<p><span style=\"font-size:16px;font-family:arial, helvetica, sans-serif\">Akun tyyppi: LiFePO4-akku<br \/>Kapasiteetti: 2048 Wh \/ 640 000 mA<br \/>K\u00e4ytt\u00f6l\u00e4mp\u00f6tila: 0\u201340 celsiusastetta \/ 32\u2013104 Fahrenheit-astetta<br \/>S\u00e4ilytysl\u00e4mp\u00f6tila: -10-40 celsius \/ -4-104 Fahrenheit<br \/>Kosteus: 5%-95%<br \/>J\u00e4\u00e4hdytysstrategia: Tuuletin x 7<br \/>LED-valaistus: Teho 1 W, L\u00e4mmin s\u00e4vy<\/p>\n<p>AC-l\u00e4ht\u00f6: Nimellisteho 2400 W, puhdas siniaalto, 6-porttil\u00e4ht\u00f6, ylij\u00e4nnitesuoja 4600 W<br \/>Nimellistaajuus: 50Hz\/60Hz<br \/>L\u00e4ht\u00f6j\u00e4nnite: EU 220\u2013240 V AC<br \/>Invertterin hy\u00f6tysuhde: \u03b7=90%<br \/>USB-A-l\u00e4ht\u00f6: QC3.0 x 2 (5V3A\/9V2A\/12V1.5A)<br \/>C-tyypin l\u00e4ht\u00f6teho: PD 20W x 3 100W x 1 (5V3A 9V3A 12V3A 15V3A 20V5A)<\/p>\n<p>DC-l\u00e4ht\u00f6<br \/>XT60: 12 V \/ 25 A x 1<br \/>DC5521: 12V3A pistorasia x 2<br \/>Tupakansytytin: 12V10A-pistorasia x 1<\/p>\n<p>Sy\u00f6tt\u00f6<br \/>AC Super Charge: 1100 W, EU (AC 220\u2013240 V \/ 50 Hz, 10 A), USA\/JP (AC 100\u2013120 V 50 Hz \/ 60 Hz, 10 A)<br \/>Solar Charging: 12V-48V\/15A\u00a0 MAX500W<br \/>Auton lataus: 12V\/8A, 24V\/10A<\/span><\/p>\n<\/td>\n<\/tr>\n<tr>\n<td style=\"text-align:left;width:219.938px;height:89px\" align=\"left\">\n<p><span style=\"font-size:16px;font-family:arial, helvetica, sans-serif\"><strong>Paino ja koko<\/strong><\/span><\/p>\n<\/td>\n<td style=\"text-align:left;width:408.062px;height:89px\" align=\"left\">\n<p><span style=\"font-size:16px;font-family:arial, helvetica, sans-serif\">Tuotteen paino: 22 kg<br \/>Pakkauksen paino: 24 kg<br \/>Tuotteen koko (P x L x K): 38,6 cm x 28,4 cm x 32,1 cm<br \/>Pakkauksen koko (P x L x K): 48,4 cm x 36,8 cm x 44,1 cm<\/span><\/p>\n<\/td>\n<\/tr>\n<tr>\n<td style=\"text-align:left;width:219.938px;height:111px\" align=\"left\">\n<p><span style=\"font-size:16px;font-family:arial, helvetica, sans-serif\"><strong>Pakkauksen sis\u00e4lt\u00f6<\/strong><\/span><\/p>\n<\/td>\n<td style=\"text-align:left;width:408.062px;height:111px\" align=\"left\">\n<p><span style=\"font-size:16px;font-family:arial, helvetica, sans-serif\">1 x F2400-voimalaitos<br \/>1 x virtajohto<br \/>1 x Ajoneuvon latauskaapeli<br \/>1 x Aurinkolatauskaapeli<br \/>1 k\u00e4ytt\u00f6ohje<\/span><\/p>\n<\/td>\n<\/tr>\n<\/tbody>\n<\/table>\n<p><\/p>\n<div><\/div>\n<\/div>\n<\/div>\n<p><\/p>","protected":false},"excerpt":{"rendered":"<p>Display screen:&nbsp;Yes Nominal Capacity:&nbsp;&gt;3500mAh Model Number:&nbsp;F2400 Type:&nbsp;LiFePO4 Set Type:&nbsp;Charger Sets Battery Type:&nbsp;LiFePO4 battery Capacity:&nbsp;2048Wh\/640000mA Highlights 1. 2400W Output, 2048Wh LiFePO4 Battery;2. Bidirectional Inverter Technology;3. Intelligent Input Power Adjustment Knob;4. UPS<\/p>","protected":false},"featured_media":9157,"comment_status":"open","ping_status":"closed","template":"","meta":{"_acf_changed":false},"product_brand":[],"product_cat":[515],"product_tag":[],"class_list":{"0":"post-9155","1":"product","2":"type-product","3":"status-publish","4":"has-post-thumbnail","6":"product_cat-portable-power-stations","8":"first","9":"instock","10":"shipping-taxable","11":"purchasable","12":"product-type-variable"},"acf":[],"_links":{"self":[{"href":"https:\/\/www.electricstore.eu\/fi\/wp-json\/wp\/v2\/product\/9155","targetHints":{"allow":["GET"]}}],"collection":[{"href":"https:\/\/www.electricstore.eu\/fi\/wp-json\/wp\/v2\/product"}],"about":[{"href":"https:\/\/www.electricstore.eu\/fi\/wp-json\/wp\/v2\/types\/product"}],"replies":[{"embeddable":true,"href":"https:\/\/www.electricstore.eu\/fi\/wp-json\/wp\/v2\/comments?post=9155"}],"wp:featuredmedia":[{"embeddable":true,"href":"https:\/\/www.electricstore.eu\/fi\/wp-json\/wp\/v2\/media\/9157"}],"wp:attachment":[{"href":"https:\/\/www.electricstore.eu\/fi\/wp-json\/wp\/v2\/media?parent=9155"}],"wp:term":[{"taxonomy":"product_brand","embeddable":true,"href":"https:\/\/www.electricstore.eu\/fi\/wp-json\/wp\/v2\/product_brand?post=9155"},{"taxonomy":"product_cat","embeddable":true,"href":"https:\/\/www.electricstore.eu\/fi\/wp-json\/wp\/v2\/product_cat?post=9155"},{"taxonomy":"product_tag","embeddable":true,"href":"https:\/\/www.electricstore.eu\/fi\/wp-json\/wp\/v2\/product_tag?post=9155"}],"curies":[{"name":"wp","href":"https:\/\/api.w.org\/{rel}","templated":true}]}}