{"id":9100,"date":"2025-05-20T17:44:52","date_gmt":"2025-05-20T17:44:52","guid":{"rendered":"https:\/\/electricstore.eu\/p\/uncategorized\/cloudenergy-cl24-100-24v-100ah-lifepo4-battery-pack-2560wh-energy-6000-cycles-built-in-100a-bms-support-in-series-parallel\/"},"modified":"2025-05-20T17:45:05","modified_gmt":"2025-05-20T17:45:05","slug":"cloudenergy-cl24-100-24v-100ah-lifepo4-battery-pack-2560wh-energy-6000-cycles-built-in-100a-bms-support-in-series-parallel","status":"publish","type":"product","link":"https:\/\/www.electricstore.eu\/fi\/p\/batteries\/lifepo4-batteries\/100-200ah-lifepo4-batteries\/cloudenergy-cl24-100-24v-100ah-lifepo4-battery-pack-2560wh-energy-6000-cycles-built-in-100a-bms-support-in-series-parallel\/","title":{"rendered":"Cloudenergy CL24-100 24 V 100 Ah LiFePO4 -akkupaketti, 2560 Wh energiaa, yli 6000 sykli\u00e4, sis\u00e4\u00e4nrakennettu 100 A:n BMS, tuki sarja- ja rinnakkaiskytkenn\u00e4lle"},"content":{"rendered":"<div class=\"product-specs-list-container\">\n<ul class=\"product-specs-list util-clearfix\">\n<li class=\"product-prop line-limit-length\"><span\n                                        class=\"property-title\">N\u00e4ytt\u00f6:&nbsp;<\/span><span\n                                        class=\"property-desc line-limit-length\">Kyll\u00e4<\/span>\n                            <\/li>\n<li class=\"product-prop line-limit-length\"><span\n                                        class=\"property-title\">Nimelliskapasiteetti:&nbsp;<\/span><span\n                                        class=\"property-desc line-limit-length\">&gt;3500 mAh<\/span>\n                            <\/li>\n<li class=\"product-prop line-limit-length\"><span\n                                        class=\"property-title\">Mallinumero:&nbsp;<\/span><span\n                                        class=\"property-desc line-limit-length\">CL24-100<\/span>\n                            <\/li>\n<li class=\"product-prop line-limit-length\"><span\n                                        class=\"property-title\">Tyyppi:&nbsp;<\/span><span\n                                        class=\"property-desc line-limit-length\">LiFePO4<\/span>\n                            <\/li>\n<li class=\"product-prop line-limit-length\"><span\n                                        class=\"property-title\">Setin tyyppi:&nbsp;<\/span><span\n                                        class=\"property-desc line-limit-length\">Laturisarjat<\/span>\n                            <\/li>\n<\/ul><\/div>\n<div class=\"detailmodule_dynamic\"><kse:widget data-widget-type=\"customText\" id=\"1005000009406803\" type=\"relation\"><\/kse:widget><\/div>\n<div class=\"detailmodule_html\">\n<div class=\"detail-desc-decorate-richtext\">\n<p><\/p>\n<div style=\"background-color:rgb(240, 234, 255);margin:20px 0px 10px;margin-bottom:10px;margin-top:20px;margin-left:0px;margin-right:0px;width:100%;height:34px\"><span style=\"background-color:rgb(55, 139, 238);color:rgb(255, 255, 255);font-size:24px;font-family:Verdana, Arial\">Kohokohdat<\/span><\/div>\n<div class=\"detailmodule_text\">\n<p><strong><span style=\"font-size:16px;font-family:arial, helvetica, sans-serif\">Luotettava autoteollisuuden litium-akku<\/span><\/strong><\/p>\n<p style=\"font-family:&quot;Microsoft YaHei&quot;;font-size:medium;font-weight:400;letter-spacing:normal;text-align:start;white-space:normal;color:rgb(0, 0, 0)\" align=\"start\"><span style=\"font-size:16px;font-family:arial, helvetica, sans-serif\">Cloudenegy LiFePO4 battery has exceptional quality since they are manufactured by automotive-grade LiFePO4 Cells with higher energy density, more stable performance &amp; greater power. Highest-level safety based on UL Testing Certificate for the cell inside the battery and built-in 100A BMS to protect it from overcharge, over-discharge, over current, and short circuit with excellent self-discharge rate. 100% safe, non-toxic, renewable energy.<\/span><\/p>\n<p><\/p>\n<p style=\"font-family:&quot;Microsoft YaHei&quot;;letter-spacing:normal;text-align:start;white-space:normal;color:rgb(0, 0, 0)\" align=\"start\"><strong><span style=\"font-size:16px;font-family:arial, helvetica, sans-serif\">Strong 100A BMS and Grade-A Cells<\/span><\/strong><\/p>\n<p style=\"font-family:&quot;Microsoft YaHei&quot;;font-size:medium;font-weight:400;letter-spacing:normal;text-align:start;white-space:normal;color:rgb(0, 0, 0)\" align=\"start\"><span style=\"font-size:16px;font-family:arial, helvetica, sans-serif\">Cloudenegy 24V 100Ah LiFePO4 battery built-in 100A BMS, which supports 100A max. continuous charge\/discharge current, 2560W max. load power and 2560Wh max. energy. Equipped with exceptional quality 100A BMS can also limit the continuous charge\/discharge current, the 100Ah lithium battery 24V with A-Grade cells makes the battery quality reliable.<\/span><\/p>\n<p><\/p>\n<p style=\"font-family:&quot;Microsoft YaHei&quot;;letter-spacing:normal;text-align:start;white-space:normal;color:rgb(0, 0, 0)\" align=\"start\"><strong><span style=\"font-size:16px;font-family:arial, helvetica, sans-serif\">Connecting Up to 2 Series 4 Parallel<\/span><\/strong><\/p>\n<p style=\"font-family:&quot;Microsoft YaHei&quot;;font-size:medium;font-weight:400;letter-spacing:normal;text-align:start;white-space:normal;color:rgb(0, 0, 0)\" align=\"start\"><span style=\"font-size:16px;font-family:arial, helvetica, sans-serif\">Cloudenegy LiFePO4 Battery can be connected in parallels and series for larger capacity (Max 1200Ah ) and higher voltage (24V, 36V, 48V), which makes it perfect for off-grid solar systems and outdoors applications such as home backup power, RV, camping, sailboat, etc. You don&#x27;t have to worry about not being able to charge the battery on cloudy days as the long endurance of the battery will bring you reliable power or a longer and more enjoyable trip.<\/span><\/p>\n<p><\/p>\n<p style=\"font-family:&quot;Microsoft YaHei&quot;;letter-spacing:normal;text-align:start;white-space:normal;color:rgb(0, 0, 0)\" align=\"start\"><strong><span style=\"font-size:16px;font-family:arial, helvetica, sans-serif\">10 Years Lifespan and Sturdy Case<\/span><\/strong><\/p>\n<p style=\"font-family:&quot;Microsoft YaHei&quot;;font-size:medium;font-weight:400;letter-spacing:normal;text-align:start;white-space:normal;color:rgb(0, 0, 0)\" align=\"start\"><span style=\"font-size:16px;font-family:arial, helvetica, sans-serif\">Cloudenergy LiFePO4 battery adopts a lightweight design, with a lifespan of up to 10 years, and can be recycled more than 6,000 times, and the 24V 100Ah high-capacity power supply is suitable for solar energy, RV, and other application scenarios.\u00a0<\/span><\/p>\n<\/div>\n<p style=\"background-color:rgb(240, 234, 255);margin:20px 0px 10px;margin-bottom:10px;margin-top:20px;margin-left:0px;margin-right:0px;width:100%;height:34px\"><span style=\"background-color:rgb(55, 139, 238);color:rgb(255, 255, 255);font-size:24px;font-family:arial, helvetica, sans-serif\">Tuotetiedot<\/span><\/p>\n<p><img decoding=\"async\" src=\"https:\/\/ae01.alicdn.com\/kf\/S7a5922d81ea545f6970eeef8cb574f82K.jpg\" slate-data-type=\"image\"\/><img decoding=\"async\" src=\"https:\/\/ae01.alicdn.com\/kf\/Sda79a82428574ebb83dda82c0f7b83ccU.jpg\" slate-data-type=\"image\"\/><img decoding=\"async\" src=\"https:\/\/ae01.alicdn.com\/kf\/S426b3ec6ce154ed4b6994abc86c4afbfX.jpg\" slate-data-type=\"image\"\/><img decoding=\"async\" src=\"https:\/\/ae01.alicdn.com\/kf\/S92cf560b224c43d6926a7e5f965682c6c.jpg\" slate-data-type=\"image\"\/><img decoding=\"async\" src=\"https:\/\/ae01.alicdn.com\/kf\/S86677e43e81c4747b8f6dea627948328Z.jpg\" slate-data-type=\"image\"\/><\/p>\n<div style=\"background-color:rgb(240, 234, 255);margin:20px 0px 10px;margin-bottom:10px;margin-top:20px;margin-left:0px;margin-right:0px;width:100%;height:34px\"><span style=\"background-color:rgb(55, 139, 238);color:rgb(255, 255, 255);font-size:24px;font-family:Verdana, Arial\">Tekniset tiedot<\/span><\/div>\n<div>\u00a0<\/div>\n<table style=\"border-collapse:collapse;font-family:&quot;Microsoft YaHei&quot;;width:1000px\" class=\"jbEidtTable\" border=\"1\" cellpadding=\"5\" cellspacing=\"0\">\n<tbody>\n<tr>\n<td style=\"text-align:left\" align=\"left\">\n<p><strong>Yleist\u00e4<\/strong><\/p>\n<\/td>\n<td style=\"text-align:left\" align=\"left\">\n<p><span style=\"font-size:16px;font-family:arial, helvetica, sans-serif\">Merkki: Cloudenergy<br \/>Tyyppi: LiFePO4-akku<br \/>Model:\u00a0CL24-100<\/span><\/p>\n<\/td>\n<\/tr>\n<tr>\n<td style=\"text-align:left\" align=\"left\">\n<p><strong>Tekniset tiedot<\/strong><\/p>\n<\/td>\n<td style=\"text-align:left\" align=\"left\">\n<p><span style=\"font-size:16px;font-family:arial, helvetica, sans-serif\">Nominal Voltage:\u00a025.6V<br \/>Nominal Capacity:\u00a0100Ah<br \/>Charge Voltage:\u00a029.2-29.4V<br \/>Energia: 2560Wh<br \/>Jatkuva latausvirta: 100A<br \/>Jatkuvan purkausvirran maksimi: 100A<br \/>Recommend Charge Current:\u00a020A<br \/>Cycle Life: 6000+Cycles<br \/>Max Load \/ Inverter Power:\u00a02560W<br \/>Latausl\u00e4mp\u00f6tila: 0\u201350 celsiusastetta (32\u2013122 celsiusastetta)<br \/>Purkausl\u00e4mp\u00f6tila: -20 - 60 celsiusastetta (-4 - 140 celsiusastetta)<br \/>S\u00e4ilytysl\u00e4mp\u00f6tila: -10\u201350 celsiusastetta (14\u2013122 celsiusastetta)<br \/>Vedenpit\u00e4v\u00e4: IP63<br \/>Liitin: M8<\/span><\/p>\n<\/td>\n<\/tr>\n<tr>\n<td style=\"text-align:left\" align=\"left\">\n<p><strong>Paino ja koko<\/strong><\/p>\n<\/td>\n<td style=\"text-align:left\" align=\"left\">\n<p><span style=\"font-size:16px;font-family:arial, helvetica, sans-serif\">Tuotteen paino: 19,5 kg<br \/>Pakkauksen paino: 21 kg<br \/>Package Size(L x W x H):\u00a056.2*24.7*24.5cm<\/span><\/p>\n<\/td>\n<\/tr>\n<tr>\n<td style=\"text-align:left\" align=\"left\">\n<p><strong>Pakkauksen sis\u00e4lt\u00f6<\/strong><\/p>\n<\/td>\n<td style=\"text-align:left\" align=\"left\">\n<p>1 x LiFePO4-akku<br \/>1 k\u00e4ytt\u00f6ohje<\/p>\n<\/td>\n<\/tr>\n<\/tbody>\n<\/table>\n<\/div>\n<\/div>\n<p><\/p>","protected":false},"excerpt":{"rendered":"<p>Display screen:&nbsp;Yes Nominal Capacity:&nbsp;&gt;3500mAh Model Number:&nbsp;CL24-100 Type:&nbsp;LiFePO4 Set Type:&nbsp;Charger Sets Highlights Reliable Automotive Grade Lithium Battery Cloudenegy LiFePO4 battery has exceptional quality since they are manufactured by automotive-grade LiFePO4 Cells<\/p>","protected":false},"featured_media":9101,"comment_status":"open","ping_status":"closed","template":"","meta":{"_acf_changed":false},"product_brand":[],"product_cat":[237],"product_tag":[],"class_list":{"0":"post-9100","1":"product","2":"type-product","3":"status-publish","4":"has-post-thumbnail","6":"product_cat-100-200ah-lifepo4-batteries","8":"first","9":"instock","10":"shipping-taxable","11":"purchasable","12":"product-type-simple"},"acf":[],"_links":{"self":[{"href":"https:\/\/www.electricstore.eu\/fi\/wp-json\/wp\/v2\/product\/9100","targetHints":{"allow":["GET"]}}],"collection":[{"href":"https:\/\/www.electricstore.eu\/fi\/wp-json\/wp\/v2\/product"}],"about":[{"href":"https:\/\/www.electricstore.eu\/fi\/wp-json\/wp\/v2\/types\/product"}],"replies":[{"embeddable":true,"href":"https:\/\/www.electricstore.eu\/fi\/wp-json\/wp\/v2\/comments?post=9100"}],"wp:featuredmedia":[{"embeddable":true,"href":"https:\/\/www.electricstore.eu\/fi\/wp-json\/wp\/v2\/media\/9101"}],"wp:attachment":[{"href":"https:\/\/www.electricstore.eu\/fi\/wp-json\/wp\/v2\/media?parent=9100"}],"wp:term":[{"taxonomy":"product_brand","embeddable":true,"href":"https:\/\/www.electricstore.eu\/fi\/wp-json\/wp\/v2\/product_brand?post=9100"},{"taxonomy":"product_cat","embeddable":true,"href":"https:\/\/www.electricstore.eu\/fi\/wp-json\/wp\/v2\/product_cat?post=9100"},{"taxonomy":"product_tag","embeddable":true,"href":"https:\/\/www.electricstore.eu\/fi\/wp-json\/wp\/v2\/product_tag?post=9100"}],"curies":[{"name":"wp","href":"https:\/\/api.w.org\/{rel}","templated":true}]}}