{"id":9080,"date":"2025-05-20T17:44:41","date_gmt":"2025-05-20T17:44:41","guid":{"rendered":"https:\/\/electricstore.eu\/p\/uncategorized\/flashfish-p56-portable-power-station-288-6wh-78000mah-battery-pack-solar-generator-330w-ac-output-600w-peak-output\/"},"modified":"2025-05-20T17:44:50","modified_gmt":"2025-05-20T17:44:50","slug":"flashfish-p56-portable-power-station-288-6wh-78000mah-battery-pack-solar-generator-330w-ac-output-600w-peak-output","status":"publish","type":"product","link":"https:\/\/www.electricstore.eu\/fi\/p\/batteries\/portable-power-stations\/flashfish-p56-portable-power-station-288-6wh-78000mah-battery-pack-solar-generator-330w-ac-output-600w-peak-output\/","title":{"rendered":"Flashfish P56 kannettava voimalaitos, 288,6 Wh\/78 000 mAh akkupakkaus, aurinkogeneraattori, 330 W:n vaihtovirtal\u00e4ht\u00f6, 600 W:n huippul\u00e4ht\u00f6"},"content":{"rendered":"<div class=\"product-specs-list-container\">\n<ul class=\"product-specs-list util-clearfix\">\n<li class=\"product-prop line-limit-length\"><span\n                                        class=\"property-title\">N\u00e4ytt\u00f6:&nbsp;<\/span><span\n                                        class=\"property-desc line-limit-length\">Kyll\u00e4<\/span>\n                            <\/li>\n<li class=\"product-prop line-limit-length\"><span\n                                        class=\"property-title\">Nimelliskapasiteetti:&nbsp;<\/span><span\n                                        class=\"property-desc line-limit-length\">&gt;3500 mAh<\/span>\n                            <\/li>\n<li class=\"product-prop line-limit-length\"><span\n                                        class=\"property-title\">Mallinumero:&nbsp;<\/span><span\n                                        class=\"property-desc line-limit-length\">P56<\/span>\n                            <\/li>\n<li class=\"product-prop line-limit-length\"><span\n                                        class=\"property-title\">Tyyppi:&nbsp;<\/span><span\n                                        class=\"property-desc line-limit-length\">LiFePO4<\/span>\n                            <\/li>\n<li class=\"product-prop line-limit-length\"><span\n                                        class=\"property-title\">Setin tyyppi:&nbsp;<\/span><span\n                                        class=\"property-desc line-limit-length\">Laturisarjat<\/span>\n                            <\/li>\n<\/ul><\/div>\n<div class=\"detailmodule_dynamic\"><kse:widget data-widget-type=\"customText\" id=\"1005000009406803\" type=\"relation\"><\/kse:widget><\/div>\n<div class=\"detailmodule_html\">\n<div class=\"detail-desc-decorate-richtext\">\n<p><\/p>\n<div style=\"background-color:rgb(240, 234, 255);margin:20px 0px 10px;margin-bottom:10px;margin-top:20px;margin-left:0px;margin-right:0px;width:100%;height:34px\"><span style=\"background-color:rgb(55, 139, 238);color:rgb(255, 255, 255);font-size:24px;font-family:Verdana, Arial\">Kohokohdat<\/span><\/div>\n<div class=\"detailmodule_text\">\n<div class=\"detailmodule_html\">\n<div class=\"detail-desc-decorate-richtext\">\n<div class=\"detailmodule_text-image\">\n<div class=\"detailmodule_text-image\">\n<div class=\"detailmodule_text-image\">\n<div class=\"detailmodule_text-image\">\n<p><span style=\"color:rgb(0, 0, 0);font-size:16px;font-family:arial, helvetica, sans-serif\">1, 9 l\u00e4ht\u00f6\u00e4;<br \/>\n<\/span><\/p>\n<p><span style=\"color:rgb(0, 0, 0);font-size:16px;font-family:arial, helvetica, sans-serif\">2, kapasiteetti 288,6 Wh \/ 78 000 mAh;<br \/>\n<\/span><\/p>\n<p><span style=\"color:rgb(0, 0, 0);font-size:16px;font-family:arial, helvetica, sans-serif\">3, 3 lataustilaa;<br \/>\n<\/span><\/p>\n<p><span style=\"color:rgb(0, 0, 0);font-size:16px;font-family:arial, helvetica, sans-serif\">4, kannettava, helppok\u00e4ytt\u00f6inen;<\/span><\/p>\n<\/div>\n<\/div>\n<\/div>\n<\/div>\n<\/div>\n<\/div>\n<\/div>\n<div style=\"background-color:rgb(240, 234, 255);margin:20px 0px 10px;margin-bottom:10px;margin-top:20px;margin-left:0px;margin-right:0px;width:100%;height:34px\"><span style=\"background-color:rgb(55, 139, 238);color:rgb(255, 255, 255);font-size:24px;font-family:Verdana, Arial\">Tuotetiedot<\/span><\/div>\n<p><img decoding=\"async\" src=\"https:\/\/ae01.alicdn.com\/kf\/S6cc30994538f4a4e811ab7b5eaf2e03dD.jpg\" slate-data-type=\"image\"\/><img decoding=\"async\" src=\"https:\/\/ae01.alicdn.com\/kf\/S1ce4a7ed21ab4c3c801b784385d4ae512.jpg\" slate-data-type=\"image\"\/><img decoding=\"async\" src=\"https:\/\/ae01.alicdn.com\/kf\/S851164de38af4f65b648eee0102600674.jpg\" slate-data-type=\"image\"\/><img decoding=\"async\" src=\"https:\/\/ae01.alicdn.com\/kf\/S2ccc30073f2e4badbc43b5e905a042f0u.jpg\" slate-data-type=\"image\"\/><img decoding=\"async\" src=\"https:\/\/ae01.alicdn.com\/kf\/S8811ae490e354a658e3ff9b006708cddW.jpg\" slate-data-type=\"image\"\/><img decoding=\"async\" src=\"https:\/\/ae01.alicdn.com\/kf\/S8fc9aab1d07a4af4bdd4903f13cda1e5R.jpg\" slate-data-type=\"image\"\/><img decoding=\"async\" src=\"https:\/\/ae01.alicdn.com\/kf\/Sf53192ea46ea4370b3a65404ff1a94c2u.jpg\" slate-data-type=\"image\"\/><img decoding=\"async\" src=\"https:\/\/ae01.alicdn.com\/kf\/Sb0bf44f2675846e8a1699cc006c7d77eZ.jpg\" slate-data-type=\"image\"\/><img decoding=\"async\" src=\"https:\/\/ae01.alicdn.com\/kf\/Sb3e91782a9524a6ca74b0612cb49255ct.jpg\" slate-data-type=\"image\"\/><img decoding=\"async\" src=\"https:\/\/ae01.alicdn.com\/kf\/Scb3fb54fd3024993925ee6a9ec171614C.jpg\" slate-data-type=\"image\"\/><\/p>\n<div style=\"background-color:rgb(240, 234, 255);margin:20px 0px 10px;margin-bottom:10px;margin-top:20px;margin-left:0px;margin-right:0px;width:100%;height:34px\"><span style=\"background-color:rgb(55, 139, 238);color:rgb(255, 255, 255);font-size:24px;font-family:Verdana, Arial\">Tekniset tiedot <\/span><\/div>\n<\/div>\n<\/div>\n<p><span style=\"color:rgb(0, 0, 0);font-size:16px;font-family:arial, helvetica, sans-serif\">Akun materiaali: Litiumioniakku<br \/>Akun kapasiteetti: 288,6 Wh (78 000 mAh)<br \/>Vakiol\u00e4ht\u00f6j\u00e4nnite: 230V\/50Hz<br \/>Tulo: 15V\/4A (sovitin), 12V auton tupakansytytin<br \/>Aurinkoenergian tulo: 18\u201322 V (suositus: 18 V, \u2265100 W aurinkopaneeli)<br \/>USB-l\u00e4hd\u00f6t:<br \/>1 x USB 5V\/2A -l\u00e4ht\u00f6<br \/>1 x USB QC 3.0 -l\u00e4ht\u00f6: 5V\/2.4A, 9V\/2A, 12V\/1.5A<br \/>2 x C-tyypin QC3.0 l\u00e4ht\u00f6liit\u00e4nt\u00e4\u00e4: 5V\/2.4A, 9V\/2A, 12V\/1.5A<br \/>DC-l\u00e4ht\u00f6: 4 x DC-l\u00e4ht\u00f6 (portti 5521): 9\u201312,6 V \/ 10 A (enint\u00e4\u00e4n 12 A)<br \/>AC-l\u00e4ht\u00f6teho: Jatkuva l\u00e4ht\u00f6teho: 330 W; Huipputeho: 600 W<br \/>Latausaika: noin 7-8 tuntia (adapteri)<br \/>K\u00e4ytt\u00f6l\u00e4mp\u00f6tila: -10\u201340 celsiusastetta \/ 14\u2013104 celsiusastetta<br \/>Sykliel\u00e4m\u00e4: &gt; 1000 kertaa<\/span><\/p>","protected":false},"excerpt":{"rendered":"<p>Display screen:&nbsp;Yes Nominal Capacity:&nbsp;&gt;3500mAh Model Number:&nbsp;P56 Type:&nbsp;LiFePO4 Set Type:&nbsp;Charger Sets Highlights 1, 9 Outputs; 2, 288.6Wh\/78000mAh Capacity; 3, 3 Recharging Modes; 4, Portable, Easy to Use; Product Details Specification Battery<\/p>","protected":false},"featured_media":9081,"comment_status":"open","ping_status":"closed","template":"","meta":{"_acf_changed":false},"product_brand":[],"product_cat":[515],"product_tag":[],"class_list":{"0":"post-9080","1":"product","2":"type-product","3":"status-publish","4":"has-post-thumbnail","6":"product_cat-portable-power-stations","8":"first","9":"instock","10":"shipping-taxable","11":"purchasable","12":"product-type-simple"},"acf":[],"_links":{"self":[{"href":"https:\/\/www.electricstore.eu\/fi\/wp-json\/wp\/v2\/product\/9080","targetHints":{"allow":["GET"]}}],"collection":[{"href":"https:\/\/www.electricstore.eu\/fi\/wp-json\/wp\/v2\/product"}],"about":[{"href":"https:\/\/www.electricstore.eu\/fi\/wp-json\/wp\/v2\/types\/product"}],"replies":[{"embeddable":true,"href":"https:\/\/www.electricstore.eu\/fi\/wp-json\/wp\/v2\/comments?post=9080"}],"wp:featuredmedia":[{"embeddable":true,"href":"https:\/\/www.electricstore.eu\/fi\/wp-json\/wp\/v2\/media\/9081"}],"wp:attachment":[{"href":"https:\/\/www.electricstore.eu\/fi\/wp-json\/wp\/v2\/media?parent=9080"}],"wp:term":[{"taxonomy":"product_brand","embeddable":true,"href":"https:\/\/www.electricstore.eu\/fi\/wp-json\/wp\/v2\/product_brand?post=9080"},{"taxonomy":"product_cat","embeddable":true,"href":"https:\/\/www.electricstore.eu\/fi\/wp-json\/wp\/v2\/product_cat?post=9080"},{"taxonomy":"product_tag","embeddable":true,"href":"https:\/\/www.electricstore.eu\/fi\/wp-json\/wp\/v2\/product_tag?post=9080"}],"curies":[{"name":"wp","href":"https:\/\/api.w.org\/{rel}","templated":true}]}}