{"id":8843,"date":"2025-05-19T21:19:15","date_gmt":"2025-05-19T21:19:15","guid":{"rendered":"https:\/\/electricstore.eu\/product\/uncategorized\/engwe-engine-x-250w-100km-48v-13ah-25km-h-ebike\/"},"modified":"2025-05-21T05:41:22","modified_gmt":"2025-05-21T05:41:22","slug":"engwe-engine-x-250w-100km-48v-13ah-25km-h-ebike","status":"publish","type":"product","link":"https:\/\/www.electricstore.eu\/fi\/p\/bikes\/folding-bikes\/engwe-engine-x-250w-100km-48v-13ah-25km-h-ebike\/","title":{"rendered":"ENGWE ENGINE X 250W 48V 13Ah &lt;25km\/h 100Km 20&quot; taittuva s\u00e4hk\u00f6py\u00f6r\u00e4"},"content":{"rendered":"<div class=\"product-specs-list-container\">\n<ul class=\"product-specs-list util-clearfix\">\n<li class=\"product-prop line-limit-length\"><span\n                                        class=\"property-title\">Mallinumero:&nbsp;<\/span><span\n                                        class=\"property-desc line-limit-length\">ENGWE ENGINE X<\/span>\n                            <\/li>\n<li class=\"product-prop line-limit-length\"><span\n                                        class=\"property-title\">Nimellinen matkustajakapasiteetti:&nbsp;<\/span><span\n                                        class=\"property-desc line-limit-length\">Kaksi istuinta<\/span>\n                            <\/li>\n<li class=\"product-prop line-limit-length\"><span\n                                        class=\"property-title\">Tyyli:&nbsp;<\/span><span\n                                        class=\"property-desc line-limit-length\">Vakiotyyppi<\/span>\n                            <\/li>\n<li class=\"product-prop line-limit-length\"><span\n                                        class=\"property-title\">Suurin nopeus:&nbsp;<\/span><span\n                                        class=\"property-desc line-limit-length\">&lt;25 km\/h<\/span>\n                            <\/li>\n<li class=\"product-prop line-limit-length\"><span\n                                        class=\"property-title\">Tehoalue:&nbsp;<\/span><span\n                                        class=\"property-desc line-limit-length\">&gt; 60 kilometri\u00e4<\/span>\n                            <\/li>\n<li class=\"product-prop line-limit-length\"><span\n                                        class=\"property-title\">Teho:&nbsp;<\/span><span\n                                        class=\"property-desc line-limit-length\">200\u2013250 W<\/span>\n                            <\/li>\n<li class=\"product-prop line-limit-length\"><span\n                                        class=\"property-title\">Virtal\u00e4hde:&nbsp;<\/span><span\n                                        class=\"property-desc line-limit-length\">litiumparisto<\/span>\n                            <\/li>\n<li class=\"product-prop line-limit-length\"><span\n                                        class=\"property-title\">J\u00e4nnite:&nbsp;<\/span><span\n                                        class=\"property-desc line-limit-length\">48V<\/span>\n                            <\/li>\n<li class=\"product-prop line-limit-length\"><span\n                                        class=\"property-title\">Alkuper\u00e4:&nbsp;<\/span><span\n                                        class=\"property-desc line-limit-length\">Manner-Kiina<\/span>\n                            <\/li>\n<li class=\"product-prop line-limit-length\"><span\n                                        class=\"property-title\">Taitettu:&nbsp;<\/span><span\n                                        class=\"property-desc line-limit-length\">Kyll\u00e4<\/span>\n                            <\/li>\n<li class=\"product-prop line-limit-length\"><span\n                                        class=\"property-title\">Moottori:&nbsp;<\/span><span\n                                        class=\"property-desc line-limit-length\">Harjaton<\/span>\n                            <\/li>\n<li class=\"product-prop line-limit-length\"><span\n                                        class=\"property-title\">Renkaan koko:&nbsp;<\/span><span\n                                        class=\"property-desc line-limit-length\">20 tuumaa<\/span>\n                            <\/li>\n<li class=\"product-prop line-limit-length\"><span\n                                        class=\"property-title\">Rungon materiaali:&nbsp;<\/span><span\n                                        class=\"property-desc line-limit-length\">Alumiiniseos<\/span>\n                            <\/li>\n<li class=\"product-prop line-limit-length\"><span\n                                        class=\"property-title\">speed class:&nbsp;<\/span><span\n                                        class=\"property-desc line-limit-length\">7 speed<\/span>\n                            <\/li>\n<li class=\"product-prop line-limit-length\"><span\n                                        class=\"property-title\">torque:&nbsp;<\/span><span\n                                        class=\"property-desc line-limit-length\">50-60 Nm<\/span>\n                            <\/li>\n<li class=\"product-prop line-limit-length\"><span\n                                        class=\"property-title\">Jarruj\u00e4rjestelm\u00e4:&nbsp;<\/span><span\n                                        class=\"property-desc line-limit-length\">levyjarru<\/span>\n                            <\/li>\n<li class=\"product-prop line-limit-length\"><span\n                                        class=\"property-title\">Akun kapasiteetti:&nbsp;<\/span><span\n                                        class=\"property-desc line-limit-length\">13 Ah<\/span>\n                            <\/li>\n<li class=\"product-prop line-limit-length\"><span\n                                        class=\"property-title\">display:&nbsp;<\/span><span\n                                        class=\"property-desc line-limit-length\">LCD display<\/span>\n                            <\/li>\n<li class=\"product-prop line-limit-length\"><span\n                                        class=\"property-title\">Engine position:&nbsp;<\/span><span\n                                        class=\"property-desc line-limit-length\">Rear hub motor<\/span>\n                            <\/li>\n<li class=\"product-prop line-limit-length\"><span\n                                        class=\"property-title\">style:&nbsp;<\/span><span\n                                        class=\"property-desc line-limit-length\">Electric Mauntain Bicycle<\/span>\n                            <\/li>\n<li class=\"product-prop line-limit-length\"><span\n                                        class=\"property-title\">Throttle:&nbsp;<\/span><span\n                                        class=\"property-desc line-limit-length\">Twist the throttle<\/span>\n                            <\/li>\n<\/ul><\/div>\n<h1 style=\"text-align:center\" align=\"center\"><strong>ENGWE ENGINE X  Electric Bike Adult 250W Folding Electric Bicycle 100Km Range 48V13Ah 25Km\/H Ebike Dirt Bike 20&quot;*4.0&quot; Fatbike<\/strong><\/h1>\n<p><\/p>\n<div style=\"font-family:&quot;Open Sans&quot;, Roboto, Arial, Helvetica, sans-serif, SimSun;font-size:14px;font-weight:400;letter-spacing:normal;text-align:start;white-space:normal;color:rgb(0, 0, 0);background-color:rgb(255, 255, 255);margin:0px;margin-bottom:0px;margin-top:0px;margin-left:0px;margin-right:0px;padding:0px;padding-bottom:0px;padding-top:0px;padding-left:0px;padding-right:0px;box-sizing:content-box\" align=\"start\">\n<div style=\"margin:0px;margin-bottom:0px;margin-top:0px;margin-left:0px;margin-right:0px;padding:0px;padding-bottom:0px;padding-top:0px;padding-left:0px;padding-right:0px;box-sizing:content-box\">\n<p style=\"font-family:&quot;Microsoft YaHei&quot;;font-size:medium;font-weight:400;line-height:inherit;color:rgb(0, 0, 0);margin:0px;margin-bottom:0px;margin-top:0px;margin-left:0px;margin-right:0px;padding:0px;padding-bottom:0px;padding-top:0px;padding-left:0px;padding-right:0px;box-sizing:border-box\"><strong><span style=\"font-size:24px\"><span style=\"font-family:&quot;times new roman&quot;, times, serif\">&gt;&gt;Kohokohdat<\/span><\/span><\/strong><\/p>\n<div style=\"margin:0px;margin-bottom:0px;margin-top:0px;margin-left:0px;margin-right:0px;padding:0px;padding-bottom:0px;padding-top:0px;padding-left:0px;padding-right:0px;box-sizing:content-box\"><\/div>\n<\/div>\n<\/div>\n<ul style=\"font-family:&quot;Microsoft YaHei&quot;;font-size:medium;font-weight:400;letter-spacing:normal;text-align:start;white-space:normal;color:rgb(0, 0, 0);background-color:rgb(255, 255, 255);margin:0px 0px 10px;margin-bottom:10px;margin-top:0px;margin-left:0px;margin-right:0px;padding:0px;padding-bottom:0px;padding-top:0px;padding-left:0px;padding-right:0px;list-style:disc;box-sizing:border-box\" class=\"clearfix\" align=\"start\">\n<li style=\"font-size:14px;margin:0px 10px 0px 0px;margin-bottom:0px;margin-top:0px;margin-left:0px;margin-right:10px;padding:0px 0px 0px 18px;padding-bottom:0px;padding-top:0px;padding-left:18px;padding-right:0px;list-style:none;position:relative;box-sizing:border-box\">\n<p style=\"line-height:inherit;margin:0px;margin-bottom:0px;margin-top:0px;margin-left:0px;margin-right:0px;padding:0px;padding-bottom:0px;padding-top:0px;padding-left:0px;padding-right:0px;box-sizing:border-box\"><span style=\"background-color:rgb(255, 255, 255);color:rgb(112, 113, 115);font-size:18px;font-family:&quot;times new roman&quot;, times, serif\">&#8211; 250W Powerful Motor<br \/>&#8211; 20&#215;4.0 All Terrain Fat Tires<br \/>&#8211; 3 Step Alloy Foldable Frame<br \/>&#8211; 48V 13Ah Lithium Removalble Battery(Upper fit to 16Ah)<br \/>&#8211; Front and rear\u00a0Mechanical disc breaks<br \/>&#8211;\u00a0 LCD Display<br \/>&#8211;\u00a07 Speed System<br \/>-Electric mode: 50-60 KM, Pas mode: 90-100 KM<\/span><\/p>\n<\/li>\n<\/ul>\n<p style=\"font-family:&quot;Microsoft YaHei&quot;;font-size:medium;font-weight:400;letter-spacing:normal;line-height:inherit;text-align:start;white-space:normal;color:rgb(0, 0, 0);background-color:rgb(255, 255, 255);margin:0px;margin-bottom:0px;margin-top:0px;margin-left:0px;margin-right:0px;padding:0px;padding-bottom:0px;padding-top:0px;padding-left:0px;padding-right:0px;box-sizing:border-box\" align=\"start\"><strong><span style=\"font-size:24px\"><span style=\"font-family:&quot;times new roman&quot;, times, serif\">&gt;&gt;Tekniset tiedot<\/span><\/span><\/strong><\/p>\n<div style=\"font-family:&quot;TT Norms Pro&quot;, &quot;Open Sans&quot;, Roboto, Arial, Helvetica, sans-serif, SimSun;font-size:14px;font-weight:400;letter-spacing:normal;text-align:start;white-space:normal;color:rgb(34, 34, 34);margin:0px;margin-bottom:0px;margin-top:0px;margin-left:0px;margin-right:0px;padding:0px;padding-bottom:0px;padding-top:0px;padding-left:0px;padding-right:0px;box-sizing:content-box\" align=\"start\"><\/div>\n<p><\/p>\n<table style=\"border-collapse:collapse;font-family:&quot;microsoft yahei&quot;;font-size:14px;text-align:start;color:rgb(34, 34, 34);background-color:rgb(255, 255, 255);width:912px\" class=\"jbEidtTable\" border=\"1\" cellpadding=\"5\" cellspacing=\"0\" align=\"start\">\n<tbody>\n<tr>\n<td style=\"font-size:14px;text-align:center;border:1px solid;padding:0px\" align=\"center\">\n<p style=\"line-height:inherit;margin:0px;margin-bottom:0px;margin-top:0px;margin-left:0px;margin-right:0px;padding:0px;padding-bottom:0px;padding-top:0px;padding-left:0px;padding-right:0px;box-sizing:border-box\"><span style=\"font-size:18px;font-family:&quot;times new roman&quot;, times, serif\">Yleist\u00e4<\/span><\/p>\n<\/td>\n<td style=\"font-size:14px;text-align:center;border:1px solid;padding:0px\" align=\"center\">\n<p style=\"line-height:inherit;margin:0px;margin-bottom:0px;margin-top:0px;margin-left:0px;margin-right:0px;padding:0px;padding-bottom:0px;padding-top:0px;padding-left:0px;padding-right:0px;box-sizing:border-box;text-align:left\" align=\"left\"><span style=\"font-size:18px;font-family:&quot;times new roman&quot;, times, serif\">Merkki: ENGWE<br \/>Type:\u00a0Electric Bike<br \/>Model: ENGWE X<br \/>V\u00e4ri: Musta<\/span><\/p>\n<\/td>\n<\/tr>\n<tr>\n<td style=\"font-size:14px;text-align:center;border:1px solid;padding:0px\" align=\"center\">\n<p style=\"line-height:inherit;margin:0px;margin-bottom:0px;margin-top:0px;margin-left:0px;margin-right:0px;padding:0px;padding-bottom:0px;padding-top:0px;padding-left:0px;padding-right:0px;box-sizing:border-box\"><span style=\"font-size:18px;font-family:&quot;times new roman&quot;, times, serif\">Tekniset tiedot<\/span><\/p>\n<\/td>\n<td style=\"font-size:14px;text-align:center;border:1px solid;padding:0px\" align=\"center\">\n<p style=\"line-height:inherit;margin:0px;margin-bottom:0px;margin-top:0px;margin-left:0px;margin-right:0px;padding:0px;padding-bottom:0px;padding-top:0px;padding-left:0px;padding-right:0px;box-sizing:border-box;text-align:left\" align=\"left\"><span style=\"font-size:18px;font-family:&quot;times new roman&quot;, times, serif\">Frame: \u00a020&quot;*17.5&quot;\u00a0Aluminum Alloy Manual Smooth Welding\u00a0<br \/>Suspension: Alloy Lock-Out Suspension<br \/>Throttle Type: Twist Throttle TZ500-7 48V twist speed control<br \/>E-DRIVE: 250W<br \/>Battery: 48V 13AH<br \/>Charger: 54.6V 3A DC<br \/>Charging Time: 4 to 5 hours<br \/>Display: 4 Inches M5 LCD Dashboard, Waterproof<br \/>Freewheel: SHIMANO 7-speed<br \/>Brake:\u00a0 Mechanical Disc Brake, 160mm rotors<br \/>Tyre: CST 20&quot;*4.0&quot;60TPI<br \/>Chain-wheel: Alloy\u00a0<br \/>Pedal: Aluminum Alloy<br \/>Foldable Saddle: sport Seat post<br \/>Maximum load: 330lbs<br \/>Rider&#x27;s height: 5.1-6.5ft\u00a0<\/span><\/p>\n<\/td>\n<\/tr>\n<tr>\n<td style=\"font-size:14px;text-align:center;border:1px solid;padding:0px\" align=\"center\">\n<p style=\"line-height:inherit;margin:0px;margin-bottom:0px;margin-top:0px;margin-left:0px;margin-right:0px;padding:0px;padding-bottom:0px;padding-top:0px;padding-left:0px;padding-right:0px;box-sizing:border-box\"><span style=\"font-size:18px;font-family:&quot;times new roman&quot;, times, serif\">Paino ja koko<\/span><\/p>\n<\/td>\n<td style=\"font-size:14px;text-align:center;border:1px solid;padding:0px\" align=\"center\">\n<p style=\"line-height:inherit;margin:0px;margin-bottom:0px;margin-top:0px;margin-left:0px;margin-right:0px;padding:0px;padding-bottom:0px;padding-top:0px;padding-left:0px;padding-right:0px;box-sizing:border-box;text-align:left\" align=\"left\"><span style=\"font-size:18px;font-family:&quot;times new roman&quot;, times, serif\">Product Weight: 30.1KG<br \/>Package Weight: 34KG<br \/>Product Size(L x W x H): 169x120x57cm<br \/>Package Size(L x W x H):\u00a0143x64x30cm<\/span><\/p>\n<\/td>\n<\/tr>\n<tr>\n<td style=\"font-size:14px;text-align:center;border:1px solid;padding:0px\" align=\"center\">\n<p style=\"line-height:inherit;margin:0px;margin-bottom:0px;margin-top:0px;margin-left:0px;margin-right:0px;padding:0px;padding-bottom:0px;padding-top:0px;padding-left:0px;padding-right:0px;box-sizing:border-box\"><span style=\"font-size:18px;font-family:&quot;times new roman&quot;, times, serif\">Pakkauksen sis\u00e4lt\u00f6<\/span><\/p>\n<\/td>\n<td style=\"font-size:14px;text-align:center;border:1px solid;padding:0px\" align=\"center\">\n<p style=\"line-height:inherit;margin:0px;margin-bottom:0px;margin-top:0px;margin-left:0px;margin-right:0px;padding:0px;padding-bottom:0px;padding-top:0px;padding-left:0px;padding-right:0px;box-sizing:border-box;text-align:left\" align=\"left\"><span style=\"font-size:18px;font-family:&quot;times new roman&quot;, times, serif\">1 x Ebike<br \/>1 x 13 Ah Battery<br \/>1 x Battery Charger<br \/>1 x Assembly Tools<br \/>1 x Pedals<br \/>1 x Handle Bars Shipped Installed On Bike<br \/>1 x English User Manual<br \/>1 x English Display Manual<br \/>1 x ty\u00f6kalusarja<\/span><\/p>\n<\/td>\n<\/tr>\n<\/tbody>\n<\/table>\n<div style=\"font-family:&quot;TT Norms Pro&quot;, &quot;Open Sans&quot;, Roboto, Arial, Helvetica, sans-serif, SimSun;font-size:14px;font-weight:400;letter-spacing:normal;text-align:start;white-space:normal;color:rgb(34, 34, 34);margin:0px;margin-bottom:0px;margin-top:0px;margin-left:0px;margin-right:0px;padding:0px;padding-bottom:0px;padding-top:0px;padding-left:0px;padding-right:0px;box-sizing:content-box\" align=\"start\"><\/div>\n<p style=\"font-family:&quot;Microsoft YaHei&quot;;font-size:medium;font-weight:400;letter-spacing:normal;line-height:inherit;text-align:start;white-space:normal;color:rgb(0, 0, 0);background-color:rgb(255, 255, 255);margin:0px;margin-bottom:0px;margin-top:0px;margin-left:0px;margin-right:0px;padding:0px;padding-bottom:0px;padding-top:0px;padding-left:0px;padding-right:0px;box-sizing:border-box\" align=\"start\"><strong><span style=\"font-size:24px\"><span style=\"font-family:&quot;times new roman&quot;, times, serif\">&gt;&gt;Tuotekuvat ja -kuvaukset<\/span><\/span><\/strong><\/p>\n<p style=\"font-family:&quot;Microsoft YaHei&quot;;font-size:medium;font-weight:400;letter-spacing:normal;line-height:inherit;text-align:start;white-space:normal;color:rgb(0, 0, 0);background-color:rgb(255, 255, 255);margin:0px;margin-bottom:0px;margin-top:0px;margin-left:0px;margin-right:0px;padding:0px;padding-bottom:0px;padding-top:0px;padding-left:0px;padding-right:0px;box-sizing:border-box\" align=\"start\"><strong><span style=\"font-size:24px\"><span style=\"font-family:&quot;times new roman&quot;, times, serif\"><\/span><\/span><\/strong><img decoding=\"async\" src=\"https:\/\/ae01.alicdn.com\/kf\/S71818ad23b1f46c08adc7405e03c2165n.jpg\" slate-data-type=\"image\"\/><strong><span style=\"font-size:24px\"><span style=\"font-family:&quot;times new roman&quot;, times, serif\"><\/span><\/span><\/strong><img decoding=\"async\" src=\"https:\/\/ae01.alicdn.com\/kf\/S38cc5bd75e6c4aa9918057d61d453c05B.jpg\" slate-data-type=\"image\"\/><strong><span style=\"font-size:24px\"><span style=\"font-family:&quot;times new roman&quot;, times, serif\"><\/span><\/span><\/strong><img decoding=\"async\" src=\"https:\/\/ae01.alicdn.com\/kf\/Sc0339154a3b948e2ab30624f7e174da9t.jpg\" slate-data-type=\"image\"\/><strong><span style=\"font-size:24px\"><span style=\"font-family:&quot;times new roman&quot;, times, serif\"><\/span><\/span><\/strong><img decoding=\"async\" src=\"https:\/\/ae01.alicdn.com\/kf\/Sda139bf8588c4cc1a52ceb2c2364217aQ.jpg\" slate-data-type=\"image\"\/><strong><span style=\"font-size:24px\"><span style=\"font-family:&quot;times new roman&quot;, times, serif\"><\/span><\/span><\/strong><img decoding=\"async\" src=\"https:\/\/ae01.alicdn.com\/kf\/S20e85fd764784a84ae1c52c76d330582f.jpg\" slate-data-type=\"image\"\/><strong><span style=\"font-size:24px\"><span style=\"font-family:&quot;times new roman&quot;, times, serif\"><\/span><\/span><\/strong><img decoding=\"async\" src=\"https:\/\/ae01.alicdn.com\/kf\/S887612c324684d65bd0cefb796e5cfc9t.jpg\" slate-data-type=\"image\"\/><strong><span style=\"font-size:24px\"><span style=\"font-family:&quot;times new roman&quot;, times, serif\"><\/span><\/span><\/strong><img decoding=\"async\" src=\"https:\/\/ae01.alicdn.com\/kf\/S3f65656608da41af8baf5d26c6d14a48u.jpg\" slate-data-type=\"image\"\/><strong><span style=\"font-size:24px\"><span style=\"font-family:&quot;times new roman&quot;, times, serif\"><\/span><\/span><\/strong><img decoding=\"async\" src=\"https:\/\/ae01.alicdn.com\/kf\/S56da68f4b3d84020916ce83264465e349.jpg\" slate-data-type=\"image\"\/><strong><span style=\"font-size:24px\"><span style=\"font-family:&quot;times new roman&quot;, times, serif\"><\/span><\/span><\/strong><\/p>","protected":false},"excerpt":{"rendered":"<p>Model Number:&nbsp;ENGWE ENGINE X Rated Passenger Capacity:&nbsp;Two Seat Style:&nbsp;Standard Type Max Speed:&nbsp;&lt;25km\/h Range per Power:&nbsp;&gt; 60 km Wattage:&nbsp;200 &#8211; 250w Power Supply:&nbsp;lithium battery Voltage:&nbsp;48V Origin:&nbsp;Mainland China Folded:&nbsp;Yes Motor:&nbsp;Brushless Wheel Size:&nbsp;20\u201c<\/p>","protected":false},"featured_media":8844,"comment_status":"open","ping_status":"closed","template":"","meta":{"_acf_changed":false},"product_brand":[],"product_cat":[298,300,296],"product_tag":[],"class_list":{"0":"post-8843","1":"product","2":"type-product","3":"status-publish","4":"has-post-thumbnail","6":"product_cat-electric-city-bikes","7":"product_cat-electric-fat-bikes","8":"product_cat-folding-bikes","10":"first","11":"instock","12":"shipping-taxable","13":"purchasable","14":"product-type-variable"},"acf":[],"_links":{"self":[{"href":"https:\/\/www.electricstore.eu\/fi\/wp-json\/wp\/v2\/product\/8843","targetHints":{"allow":["GET"]}}],"collection":[{"href":"https:\/\/www.electricstore.eu\/fi\/wp-json\/wp\/v2\/product"}],"about":[{"href":"https:\/\/www.electricstore.eu\/fi\/wp-json\/wp\/v2\/types\/product"}],"replies":[{"embeddable":true,"href":"https:\/\/www.electricstore.eu\/fi\/wp-json\/wp\/v2\/comments?post=8843"}],"wp:featuredmedia":[{"embeddable":true,"href":"https:\/\/www.electricstore.eu\/fi\/wp-json\/wp\/v2\/media\/8844"}],"wp:attachment":[{"href":"https:\/\/www.electricstore.eu\/fi\/wp-json\/wp\/v2\/media?parent=8843"}],"wp:term":[{"taxonomy":"product_brand","embeddable":true,"href":"https:\/\/www.electricstore.eu\/fi\/wp-json\/wp\/v2\/product_brand?post=8843"},{"taxonomy":"product_cat","embeddable":true,"href":"https:\/\/www.electricstore.eu\/fi\/wp-json\/wp\/v2\/product_cat?post=8843"},{"taxonomy":"product_tag","embeddable":true,"href":"https:\/\/www.electricstore.eu\/fi\/wp-json\/wp\/v2\/product_tag?post=8843"}],"curies":[{"name":"wp","href":"https:\/\/api.w.org\/{rel}","templated":true}]}}