{"id":8752,"date":"2025-05-19T21:18:27","date_gmt":"2025-05-19T21:18:27","guid":{"rendered":"https:\/\/electricstore.eu\/product\/uncategorized\/ridstar-mn26-1500w-48v-20ah-city-e-bike\/"},"modified":"2025-05-20T13:06:04","modified_gmt":"2025-05-20T13:06:04","slug":"ridstar-mn26-1500w-48v-20ah-city-e-bike","status":"publish","type":"product","link":"https:\/\/www.electricstore.eu\/fi\/p\/bikes\/folding-bikes\/ridstar-mn26-1500w-48v-20ah-city-e-bike\/","title":{"rendered":"Ridstar MN26 1500W 48V 20Ah 30-50km\/h &gt;60km 26\u2033 kaupunkis\u00e4hk\u00f6py\u00f6r\u00e4"},"content":{"rendered":"<div class=\"product-specs-list-container\">\n<ul class=\"product-specs-list util-clearfix\">\n<li class=\"product-prop line-limit-length\"><span\n                                        class=\"property-title\">Mallinumero:&nbsp;<\/span><span\n                                        class=\"property-desc line-limit-length\">Ridstar MN26<\/span>\n                            <\/li>\n<li class=\"product-prop line-limit-length\"><span\n                                        class=\"property-title\">Nimellinen matkustajakapasiteetti:&nbsp;<\/span><span\n                                        class=\"property-desc line-limit-length\">Yksi istuin<\/span>\n                            <\/li>\n<li class=\"product-prop line-limit-length\"><span\n                                        class=\"property-title\">Tyyli:&nbsp;<\/span><span\n                                        class=\"property-desc line-limit-length\">Monitoiminen tyyppi<\/span>\n                            <\/li>\n<li class=\"product-prop line-limit-length\"><span\n                                        class=\"property-title\">Suurin nopeus:&nbsp;<\/span><span\n                                        class=\"property-desc line-limit-length\">30\u201350 km\/h<\/span>\n                            <\/li>\n<li class=\"product-prop line-limit-length\"><span\n                                        class=\"property-title\">Tehoalue:&nbsp;<\/span><span\n                                        class=\"property-desc line-limit-length\">&gt; 60 kilometri\u00e4<\/span>\n                            <\/li>\n<li class=\"product-prop line-limit-length\"><span\n                                        class=\"property-title\">Rungon materiaali:&nbsp;<\/span><span\n                                        class=\"property-desc line-limit-length\">Alumiiniseos<\/span>\n                            <\/li>\n<li class=\"product-prop line-limit-length\"><span\n                                        class=\"property-title\">Moottori:&nbsp;<\/span><span\n                                        class=\"property-desc line-limit-length\">Harjaton<\/span>\n                            <\/li>\n<li class=\"product-prop line-limit-length\"><span\n                                        class=\"property-title\">Renkaan koko:&nbsp;<\/span><span\n                                        class=\"property-desc line-limit-length\">26 tuumaa<\/span>\n                            <\/li>\n<li class=\"product-prop line-limit-length\"><span\n                                        class=\"property-title\">Teho:&nbsp;<\/span><span\n                                        class=\"property-desc line-limit-length\">&gt; 500w<\/span>\n                            <\/li>\n<li class=\"product-prop line-limit-length\"><span\n                                        class=\"property-title\">Taitettava:&nbsp;<\/span><span\n                                        class=\"property-desc line-limit-length\">Ei<\/span>\n                            <\/li>\n<li class=\"product-prop line-limit-length\"><span\n                                        class=\"property-title\">Virtal\u00e4hde:&nbsp;<\/span><span\n                                        class=\"property-desc line-limit-length\">litiumparisto<\/span>\n                            <\/li>\n<li class=\"product-prop line-limit-length\"><span\n                                        class=\"property-title\">J\u00e4nnite:&nbsp;<\/span><span\n                                        class=\"property-desc line-limit-length\">48V<\/span>\n                            <\/li>\n<li class=\"product-prop line-limit-length\"><span\n                                        class=\"property-title\">Tuotemerkki:&nbsp;<\/span><span\n                                        class=\"property-desc line-limit-length\">RIDSTAR<\/span>\n                            <\/li>\n<li class=\"product-prop line-limit-length\"><span\n                                        class=\"property-title\">Alkuper\u00e4:&nbsp;<\/span><span\n                                        class=\"property-desc line-limit-length\">Manner-Kiina<\/span>\n                            <\/li>\n<\/ul><\/div>\n<p><span style=\"color:rgb(244, 78, 59)\"><u>Rakas yst\u00e4v\u00e4,<\/u><\/span><\/p>\n<h3 style=\"font-family:&quot;TT Norms Pro&quot;, &quot;Open Sans&quot;, Roboto, Arial, Helvetica, sans-serif, SimSun;letter-spacing:normal;text-align:start;white-space:normal;color:rgb(34, 34, 34);box-sizing:border-box\" align=\"start\"><span style=\"color:rgb(244, 78, 59)\"><u>Meill\u00e4 on ammattitaitoinen korjaustiimi ja huoltopalvelu Puolassa.<\/u><\/span><\/h3>\n<h3 style=\"font-family:&quot;TT Norms Pro&quot;, &quot;Open Sans&quot;, Roboto, Arial, Helvetica, sans-serif, SimSun;letter-spacing:normal;text-align:start;white-space:normal;color:rgb(34, 34, 34);box-sizing:border-box\" align=\"start\"><span style=\"color:rgb(244, 78, 59)\"><u>Ostettu s\u00e4hk\u00f6py\u00f6r\u00e4 l\u00e4hetet\u00e4\u00e4n Puolasta, josta voimme laatia laskun. Jos sinulla on kysytt\u00e4v\u00e4\u00e4, ota meihin yhteytt\u00e4.<\/u><\/span><br \/><\/h3>\n<h1 style=\"text-align:center\" align=\"center\"><img decoding=\"async\" style=\"font-family:&quot;TT Norms Pro&quot;, &quot;Open Sans&quot;, Roboto, Arial, Helvetica, sans-serif, SimSun;font-size:14px;font-weight:400;letter-spacing:normal;text-align:start;white-space:normal;color:rgb(34, 34, 34);background-color:rgb(255, 255, 255);border:0px;margin:0px;margin-bottom:0px;margin-top:0px;margin-left:0px;margin-right:0px;padding:0px;padding-bottom:0px;padding-top:0px;padding-left:0px;padding-right:0px;max-width:100%;box-sizing:border-box\" src=\"https:\/\/ae01.alicdn.com\/kf\/Sabc4b957e68f484bb419330a80ba273fd.jpg?width=970&amp;height=600&amp;hash=1570\" slate-data-type=\"image\"\/><img decoding=\"async\" style=\"font-family:&quot;TT Norms Pro&quot;, &quot;Open Sans&quot;, Roboto, Arial, Helvetica, sans-serif, SimSun;font-size:14px;font-weight:400;letter-spacing:normal;text-align:start;white-space:normal;color:rgb(34, 34, 34);background-color:rgb(255, 255, 255);border:0px;margin:0px;margin-bottom:0px;margin-top:0px;margin-left:0px;margin-right:0px;padding:0px;padding-bottom:0px;padding-top:0px;padding-left:0px;padding-right:0px;max-width:100%;box-sizing:border-box\" src=\"https:\/\/ae01.alicdn.com\/kf\/S08b61e06de554e9f834209365c2d4c66h.jpg?width=970&amp;height=600&amp;hash=1570\" slate-data-type=\"image\"\/><img decoding=\"async\" style=\"font-family:&quot;TT Norms Pro&quot;, &quot;Open Sans&quot;, Roboto, Arial, Helvetica, sans-serif, SimSun;font-size:14px;font-weight:400;letter-spacing:normal;text-align:start;white-space:normal;color:rgb(34, 34, 34);background-color:rgb(255, 255, 255);border:0px;margin:0px;margin-bottom:0px;margin-top:0px;margin-left:0px;margin-right:0px;padding:0px;padding-bottom:0px;padding-top:0px;padding-left:0px;padding-right:0px;max-width:100%;box-sizing:border-box\" src=\"https:\/\/ae01.alicdn.com\/kf\/S326af317571841e6a7189ed168629391S.jpg?width=1464&amp;height=625&amp;hash=2089\" slate-data-type=\"image\"\/><img decoding=\"async\" style=\"font-family:&quot;TT Norms Pro&quot;, &quot;Open Sans&quot;, Roboto, Arial, Helvetica, sans-serif, SimSun;font-size:14px;font-weight:400;letter-spacing:normal;text-align:start;white-space:normal;color:rgb(34, 34, 34);background-color:rgb(255, 255, 255);border:0px;margin:0px;margin-bottom:0px;margin-top:0px;margin-left:0px;margin-right:0px;padding:0px;padding-bottom:0px;padding-top:0px;padding-left:0px;padding-right:0px;max-width:100%;box-sizing:border-box\" src=\"https:\/\/ae01.alicdn.com\/kf\/S885e9ece5da24dcbaf3972993b3ecf202.jpg?width=1200&amp;height=1500&amp;hash=2700\" slate-data-type=\"image\"\/><img decoding=\"async\" style=\"font-family:&quot;TT Norms Pro&quot;, &quot;Open Sans&quot;, Roboto, Arial, Helvetica, sans-serif, SimSun;font-size:14px;font-weight:400;letter-spacing:normal;text-align:start;white-space:normal;color:rgb(34, 34, 34);background-color:rgb(255, 255, 255);border:0px;margin:0px;margin-bottom:0px;margin-top:0px;margin-left:0px;margin-right:0px;padding:0px;padding-bottom:0px;padding-top:0px;padding-left:0px;padding-right:0px;max-width:100%;box-sizing:border-box\" src=\"https:\/\/ae01.alicdn.com\/kf\/S1bb8775b55504223930a33d8dc28ae4cC.jpg?width=1200&amp;height=1500&amp;hash=2700\" slate-data-type=\"image\"\/><img decoding=\"async\" style=\"font-family:&quot;TT Norms Pro&quot;, &quot;Open Sans&quot;, Roboto, Arial, Helvetica, sans-serif, SimSun;font-size:14px;font-weight:400;letter-spacing:normal;text-align:start;white-space:normal;color:rgb(34, 34, 34);background-color:rgb(255, 255, 255);border:0px;margin:0px;margin-bottom:0px;margin-top:0px;margin-left:0px;margin-right:0px;padding:0px;padding-bottom:0px;padding-top:0px;padding-left:0px;padding-right:0px;max-width:100%;box-sizing:border-box\" src=\"https:\/\/ae01.alicdn.com\/kf\/S053e45449f95436aa2e1b03c491ef0152.jpg?width=1200&amp;height=1500&amp;hash=2700\" slate-data-type=\"image\"\/><img decoding=\"async\" style=\"font-family:&quot;TT Norms Pro&quot;, &quot;Open Sans&quot;, Roboto, Arial, Helvetica, sans-serif, SimSun;font-size:14px;font-weight:400;letter-spacing:normal;text-align:start;white-space:normal;color:rgb(34, 34, 34);background-color:rgb(255, 255, 255);border:0px;margin:0px;margin-bottom:0px;margin-top:0px;margin-left:0px;margin-right:0px;padding:0px;padding-bottom:0px;padding-top:0px;padding-left:0px;padding-right:0px;max-width:100%;box-sizing:border-box\" src=\"https:\/\/ae01.alicdn.com\/kf\/Sbcf3614dee414efbbf26dd3b9ba185d7h.jpg?width=1200&amp;height=1500&amp;hash=2700\" slate-data-type=\"image\"\/><img decoding=\"async\" style=\"font-family:&quot;TT Norms Pro&quot;, &quot;Open Sans&quot;, Roboto, Arial, Helvetica, sans-serif, SimSun;font-size:14px;font-weight:400;letter-spacing:normal;text-align:start;white-space:normal;color:rgb(34, 34, 34);background-color:rgb(255, 255, 255);border:0px;margin:0px;margin-bottom:0px;margin-top:0px;margin-left:0px;margin-right:0px;padding:0px;padding-bottom:0px;padding-top:0px;padding-left:0px;padding-right:0px;max-width:100%;box-sizing:border-box\" src=\"https:\/\/ae01.alicdn.com\/kf\/Sa351ffbb03a2423ebb1b9032d4b86dafk.jpg?width=1200&amp;height=1500&amp;hash=2700\" slate-data-type=\"image\"\/><img decoding=\"async\" style=\"font-family:&quot;TT Norms Pro&quot;, &quot;Open Sans&quot;, Roboto, Arial, Helvetica, sans-serif, SimSun;font-size:14px;font-weight:400;letter-spacing:normal;text-align:start;white-space:normal;color:rgb(34, 34, 34);background-color:rgb(255, 255, 255);border:0px;margin:0px;margin-bottom:0px;margin-top:0px;margin-left:0px;margin-right:0px;padding:0px;padding-bottom:0px;padding-top:0px;padding-left:0px;padding-right:0px;max-width:100%;box-sizing:border-box\" src=\"https:\/\/ae01.alicdn.com\/kf\/Sd8c17b2954214c5b886c927d33b0795eH.jpg?width=1200&amp;height=1500&amp;hash=2700\" slate-data-type=\"image\"\/><img decoding=\"async\" style=\"font-family:&quot;TT Norms Pro&quot;, &quot;Open Sans&quot;, Roboto, Arial, Helvetica, sans-serif, SimSun;font-size:14px;font-weight:400;letter-spacing:normal;text-align:start;white-space:normal;color:rgb(34, 34, 34);background-color:rgb(255, 255, 255);border:0px;margin:0px;margin-bottom:0px;margin-top:0px;margin-left:0px;margin-right:0px;padding:0px;padding-bottom:0px;padding-top:0px;padding-left:0px;padding-right:0px;max-width:100%;box-sizing:border-box\" src=\"https:\/\/ae01.alicdn.com\/kf\/Sbab264b35c8a4fe085c483ba223981c7H.jpg?width=1200&amp;height=1500&amp;hash=2700\" slate-data-type=\"image\"\/><br \/><\/h1>\n<p><\/p>","protected":false},"excerpt":{"rendered":"<p>Model Number:&nbsp;Ridstar MN26 Rated Passenger Capacity:&nbsp;One Seat Style:&nbsp;Multifunctional Type Max Speed:&nbsp;30-50km\/h Range per Power:&nbsp;&gt; 60 km Frame Material:&nbsp;Aluminum alloy Motor:&nbsp;Brushless Wheel Size:&nbsp;26\u201c Wattage:&nbsp;&gt; 500w Foldable:&nbsp;No Power Supply:&nbsp;lithium battery Voltage:&nbsp;48V Brand<\/p>","protected":false},"featured_media":8754,"comment_status":"open","ping_status":"closed","template":"","meta":{"_acf_changed":false},"product_brand":[],"product_cat":[298,300,296],"product_tag":[],"class_list":{"0":"post-8752","1":"product","2":"type-product","3":"status-publish","4":"has-post-thumbnail","6":"product_cat-electric-city-bikes","7":"product_cat-electric-fat-bikes","8":"product_cat-folding-bikes","10":"first","11":"instock","12":"shipping-taxable","13":"purchasable","14":"product-type-simple"},"acf":[],"_links":{"self":[{"href":"https:\/\/www.electricstore.eu\/fi\/wp-json\/wp\/v2\/product\/8752","targetHints":{"allow":["GET"]}}],"collection":[{"href":"https:\/\/www.electricstore.eu\/fi\/wp-json\/wp\/v2\/product"}],"about":[{"href":"https:\/\/www.electricstore.eu\/fi\/wp-json\/wp\/v2\/types\/product"}],"replies":[{"embeddable":true,"href":"https:\/\/www.electricstore.eu\/fi\/wp-json\/wp\/v2\/comments?post=8752"}],"wp:featuredmedia":[{"embeddable":true,"href":"https:\/\/www.electricstore.eu\/fi\/wp-json\/wp\/v2\/media\/8754"}],"wp:attachment":[{"href":"https:\/\/www.electricstore.eu\/fi\/wp-json\/wp\/v2\/media?parent=8752"}],"wp:term":[{"taxonomy":"product_brand","embeddable":true,"href":"https:\/\/www.electricstore.eu\/fi\/wp-json\/wp\/v2\/product_brand?post=8752"},{"taxonomy":"product_cat","embeddable":true,"href":"https:\/\/www.electricstore.eu\/fi\/wp-json\/wp\/v2\/product_cat?post=8752"},{"taxonomy":"product_tag","embeddable":true,"href":"https:\/\/www.electricstore.eu\/fi\/wp-json\/wp\/v2\/product_tag?post=8752"}],"curies":[{"name":"wp","href":"https:\/\/api.w.org\/{rel}","templated":true}]}}